{"id":12128,"date":"2026-01-23T01:19:42","date_gmt":"2026-01-23T01:19:42","guid":{"rendered":"https:\/\/rawchemicalmart.com\/?post_type=product&#038;p=12128"},"modified":"2026-01-23T06:50:58","modified_gmt":"2026-01-23T06:50:58","slug":"alcool-polivinilico-pva-05-99-totalmente-hidrolisado","status":"publish","type":"product","link":"https:\/\/rawchemicalmart.com\/pt\/produto\/alcool-polivinilico-pva-05-99-totalmente-hidrolisado\/","title":{"rendered":"\u00c1lcool polivin\u00edlico (PVA) 05-99 \/ 098-05"},"content":{"rendered":"<h2>Especifica\u00e7\u00f5es:<\/h2>\n<div class=\"table-scroll-wrapper\">\n<table id=\"tablepress-98\" class=\"tablepress tablepress-id-98\">\n<thead>\n<tr class=\"row-1\">\n\t<th class=\"column-1\">Item<\/th><th class=\"column-2\">Especifica\u00e7\u00e3o<\/th>\n<\/tr>\n<\/thead>\n<tbody class=\"row-striping row-hover\">\n<tr class=\"row-2\">\n\t<td class=\"column-1\">Grau de alcoolise (mol%)<\/td><td class=\"column-2\">98.2 - 100<\/td>\n<\/tr>\n<tr class=\"row-3\">\n\t<td class=\"column-1\">Viscosidade (mPa\u00b7s)<\/td><td class=\"column-2\">5.0 - 6.5<\/td>\n<\/tr>\n<tr class=\"row-4\">\n\t<td class=\"column-1\">  Teor de vol\u00e1teis (wt%, m\u00e1x.)<\/td><td class=\"column-2\">5<\/td>\n<\/tr>\n<tr class=\"row-5\">\n\t<td class=\"column-1\">  Pureza (wt%, m\u00edn.)<\/td><td class=\"column-2\">93.5<\/td>\n<\/tr>\n<tr class=\"row-6\">\n\t<td class=\"column-1\">Valor de pH<\/td><td class=\"column-2\">5 ~ 7<\/td>\n<\/tr>\n<tr class=\"row-7\">\n\t<td class=\"column-1\">  Teor de cinzas (wt%, m\u00e1x.)<\/td><td class=\"column-2\">0.7<\/td>\n<\/tr>\n<\/tbody>\n<\/table>\n<\/div>\n<div><b data-path-to-node=\"21,0\" data-index-in-node=\"0\">Observa\u00e7\u00e3o<\/b>A viscosidade \u00e9 medida em uma solu\u00e7\u00e3o aquosa de 4%. A pureza \u00e9 um valor calculado.<\/div>\n<div><\/div>\n<div>\n<h2>Principais caracter\u00edsticas:<\/h2>\n<div>\n<p data-path-to-node=\"5\">O PVA 05-99 distingue-se pela sua estrutura totalmente hidrolisada, oferecendo vantagens de desempenho espec\u00edficas:<\/p>\n<ul data-path-to-node=\"6\">\n<li>\n<p data-path-to-node=\"6,0,0\"><b data-path-to-node=\"6,0,0\" data-index-in-node=\"0\">Solubilidade e resist\u00eancia \u00e0 \u00e1gua<\/b>Apresenta forte hidrofilicidade, mas requer \u00e1gua quente (normalmente <b data-path-to-node=\"6,0,0\" data-index-in-node=\"99\">acima de 90\u00b0C<\/b>) para dissolu\u00e7\u00e3o completa. Uma vez seco, o filme apresenta resist\u00eancia \u00e0 \u00e1gua significativamente maior em compara\u00e7\u00e3o com os graus parcialmente hidrolisados. \u00c9 insol\u00favel em quase todos os solventes org\u00e2nicos.<\/p>\n<\/li>\n<li>\n<p data-path-to-node=\"6,1,0\"><b data-path-to-node=\"6,1,0\" data-index-in-node=\"0\">Propriedades de barreira a gases<\/b>A pel\u00edcula formada por PVA 05-99 proporciona uma barreira excepcional contra gases como hidrog\u00eanio (H2), nitrog\u00eanio (N2) e oxig\u00eanio (O2), embora permane\u00e7a perme\u00e1vel ao vapor de \u00e1gua.<\/p>\n<\/li>\n<li>\n<p data-path-to-node=\"6,2,0\"><b data-path-to-node=\"6,2,0\" data-index-in-node=\"0\">Adesividade<\/b>Apresenta excelente capacidade de ades\u00e3o a materiais hidrof\u00edlicos, particularmente superf\u00edcies porosas como celulose, papel e t\u00eaxteis.<\/p>\n<\/li>\n<li>\n<p data-path-to-node=\"6,3,0\"><b data-path-to-node=\"6,3,0\" data-index-in-node=\"0\">Estabilidade t\u00e9rmica<\/b>O produto permanece est\u00e1vel quando aquecido at\u00e9 <b data-path-to-node=\"6,3,0\" data-index-in-node=\"64\">130\u00b0C<\/b>. Come\u00e7a a derreter por volta de 230\u00b0C, com a decomposi\u00e7\u00e3o ocorrendo a temperaturas acima de 200\u00b0C.<\/p>\n<\/li>\n<li>\n<p data-path-to-node=\"6,4,0\"><b data-path-to-node=\"6,4,0\" data-index-in-node=\"0\">Resist\u00eancia qu\u00edmica<\/b>Oferece forte resist\u00eancia a \u00e1cidos fracos, \u00e1lcalis fracos e \u00f3leos\/graxas, tornando-o adequado para ambientes industriais agressivos.<\/p>\n<\/li>\n<li>\n<p data-path-to-node=\"6,5,0\"><b data-path-to-node=\"6,5,0\" data-index-in-node=\"0\">Reatividade<\/b>Possui excelente reatividade de reticula\u00e7\u00e3o. Pode reagir com \u00e1cido b\u00f3rico para reticula\u00e7\u00e3o ou sofrer acetaliza\u00e7\u00e3o com formalde\u00eddo\/acetalde\u00eddo para melhorar ainda mais a resist\u00eancia \u00e0 \u00e1gua.<\/p>\n<\/li>\n<\/ul>\n<\/div>\n<\/div>\n<h2>Aplica\u00e7\u00f5es:<\/h2>\n<div>\n<p data-path-to-node=\"19\">Devido \u00e0 sua natureza totalmente hidrolisada, o PVA 05-99 oferece vantagens distintas em setores industriais espec\u00edficos:<\/p>\n<ul data-path-to-node=\"20\">\n<li>\n<p data-path-to-node=\"20,0,0\"><b data-path-to-node=\"20,0,0\" data-index-in-node=\"0\">Ind\u00fastria de Papel<\/b>Utilizado para colagem e revestimento de pigmentos na superf\u00edcie do papel. Melhora a resist\u00eancia da superf\u00edcie, a imprimibilidade e a resist\u00eancia a \u00f3leos do papel.<\/p>\n<\/li>\n<li>\n<p data-path-to-node=\"20,1,0\"><b data-path-to-node=\"20,1,0\" data-index-in-node=\"0\">Ind\u00fastria de adesivos<\/b>Atua como um estabilizador cr\u00edtico e auxiliar de polimeriza\u00e7\u00e3o na produ\u00e7\u00e3o de <b data-path-to-node=\"20,1,0\" data-index-in-node=\"93\">Acetato de polivinila (PVAc)<\/b> emuls\u00f5es.<\/p>\n<\/li>\n<li>\n<p data-path-to-node=\"20,2,0\"><b data-path-to-node=\"20,2,0\" data-index-in-node=\"0\">Fabrica\u00e7\u00e3o de abrasivos<\/b>Serve como um aglutinante de alta resist\u00eancia para lixas e materiais de moagem, proporcionando durabilidade e resist\u00eancia ao calor.<\/p>\n<\/li>\n<li>\n<p data-path-to-node=\"20,3,0\"><b data-path-to-node=\"20,3,0\" data-index-in-node=\"0\">Ind\u00fastria t\u00eaxtil<\/b>Utilizado na engomagem de fios fiados, proporcionando um revestimento protetor resistente, por\u00e9m f\u00e1cil de remover.<\/p>\n<\/li>\n<li>\n<p data-path-to-node=\"20,4,0\"><b data-path-to-node=\"20,4,0\" data-index-in-node=\"0\">Esponjas de PVA<\/b>Mat\u00e9ria-prima essencial para a fabrica\u00e7\u00e3o de esponjas de PVA altamente absorventes.<\/p>\n<\/li>\n<\/ul>\n<h2>Embalagem:<\/h2>\n<ul>\n<li>\n<p data-path-to-node=\"23,0,0\"><b data-path-to-node=\"23,0,0\" data-index-in-node=\"0\">Embalagem<\/b>: 25 kg por saco (saco de papel kraft com revestimento pl\u00e1stico).<\/p>\n<\/li>\n<li>\n<p data-path-to-node=\"23,1,0\"><b data-path-to-node=\"23,1,0\" data-index-in-node=\"0\">Armazenar<\/b>Conservar em local fresco e seco. Devido \u00e0 sua natureza hidrof\u00edlica, manter a embalagem bem fechada para evitar a absor\u00e7\u00e3o de umidade.<\/p>\n<\/li>\n<\/ul>\n<h2><strong><b>Produto<\/b><\/strong>\u00a0<strong><b>Armazenar:<\/b><\/strong><\/h2>\n<p>Conservar em local seco e bem ventilado para evitar a absor\u00e7\u00e3o de umidade.<\/p>\n<\/div>\n<h2>PERGUNTAS FREQUENTES:<\/h2>\n<p data-path-to-node=\"26\"><b data-path-to-node=\"26\" data-index-in-node=\"0\">P: Como dissolvo o PVA 05-99 (totalmente hidrolisado)?<\/b> A: Ao contr\u00e1rio dos graus parcialmente hidrolisados que podem se dissolver em \u00e1gua morna, <b data-path-to-node=\"26\" data-index-in-node=\"122\">PVA 05-99 requer \u00e1gua quente.<\/b> Para completa dissolu\u00e7\u00e3o, recomenda-se aquecer a \u00e1gua at\u00e9... <b data-path-to-node=\"26\" data-index-in-node=\"216\">90\u00b0C \u2013 95\u00b0C<\/b> mexendo continuamente. Mantenha essa temperatura at\u00e9 que a solu\u00e7\u00e3o esteja completamente l\u00edmpida e livre de part\u00edculas.<\/p>\n<p>&nbsp;<\/p>\n<p data-path-to-node=\"27\"><b data-path-to-node=\"27\" data-index-in-node=\"0\">P: Qual a diferen\u00e7a entre PVA 05-99 e PVA 17-88?<\/b> A: A principal diferen\u00e7a \u00e9 a <b data-path-to-node=\"27\" data-index-in-node=\"89\">grau de hidr\u00f3lise<\/b>.<\/p>\n<ul data-path-to-node=\"28\">\n<li>\n<p data-path-to-node=\"28,0,0\"><b data-path-to-node=\"28,0,0\" data-index-in-node=\"0\">PVA 05-99<\/b> \u00c9 totalmente hidrolisado (98-100%), oferecendo melhor resist\u00eancia \u00e0 \u00e1gua e maior resist\u00eancia \u00e0 tra\u00e7\u00e3o, mas requer temperaturas mais elevadas para se dissolver.<\/p>\n<\/li>\n<li>\n<p data-path-to-node=\"28,1,0\"><b data-path-to-node=\"28,1,0\" data-index-in-node=\"0\">PVA 17-88<\/b> \u00c9 parcialmente hidrolisado (86-90%), tornando-o mais sol\u00favel em \u00e1gua (mais f\u00e1cil de dissolver) e apresentando melhor atividade superficial, por\u00e9m menor resist\u00eancia \u00e0 \u00e1gua ap\u00f3s a secagem.<\/p>\n<\/li>\n<\/ul>\n<p>&nbsp;<\/p>\n<p data-path-to-node=\"29\"><b data-path-to-node=\"29\" data-index-in-node=\"0\">P: O PVA 05-99 pode ser usado para filmes resistentes \u00e0 \u00e1gua?<\/b> A: Sim. Por ser totalmente hidrolisado, os filmes feitos de PVA 05-99 apresentam uma resist\u00eancia \u00e0 \u00e1gua muito maior em compara\u00e7\u00e3o com os tipos parcialmente hidrolisados, depois de secos.<\/p>\n<p data-path-to-node=\"29\"><b data-path-to-node=\"32\" data-index-in-node=\"0\">Procurando por PVA totalmente hidrolisado? <a href=\"https:\/\/rawchemicalmart.com\/pt\/contate-nos\/\">Solicite um or\u00e7amento<\/a>.<\/b> Fornecemos \u00e1lcool polivin\u00edlico 05-99 de alta qualidade, com estabilidade e pre\u00e7os competitivos.<\/p>","protected":false},"excerpt":{"rendered":"<p class=\"tmnf_excerpt\">Polyvinyl Alcohol 05-99 (also known as PVA 098-05 or 0599) is a fully hydrolyzed, low-viscosity grade water-soluble polymer. Unlike partially hydrolyzed grades (such as 17-88), PVA 05-99 is characterized by a high degree of hydrolysis (98.2 &#8211; 100.0 mol%).\nThis unique chemical structure grants it superior water resistance after drying, high tensile strength, and excellent resistance to organic solvents and oils. It is widely used in applications requiring strong film formation and durability against moisture.\n<\/p>","protected":false},"featured_media":12150,"template":"","meta":{"_acf_changed":false},"product_brand":[],"product_cat":[58],"product_tag":[],"class_list":{"0":"post-12128","1":"product","2":"type-product","3":"status-publish","4":"has-post-thumbnail","6":"product_cat-polyvinyl-alcohol-pva","8":"first","9":"instock","10":"shipping-taxable","11":"product-type-simple"},"acf":[],"yoast_head":"<!-- This site is optimized with the Yoast SEO plugin v27.4 - https:\/\/yoast.com\/product\/yoast-seo-wordpress\/ -->\n<title>Polyvinyl Alcohol (PVA) 05-99 \/ 098-05 | Fully Hydrolyzed Polymer - RawChemicalMart<\/title>\n<meta name=\"description\" content=\"Buy high-quality Polyvinyl Alcohol 05-99 (PVA 0599\/098-05). A fully hydrolyzed grade (98-100%) featuring low viscosity and superior water resistance. Ideal for paper sizing, textile finishing, and abrasives. View TDS.\" \/>\n<meta name=\"robots\" content=\"index, follow, max-snippet:-1, max-image-preview:large, max-video-preview:-1\" \/>\n<link rel=\"canonical\" href=\"https:\/\/rawchemicalmart.com\/pt\/produto\/alcool-polivinilico-pva-05-99-totalmente-hidrolisado\/\" \/>\n<meta property=\"og:locale\" content=\"pt_BR\" \/>\n<meta property=\"og:type\" content=\"article\" \/>\n<meta property=\"og:title\" content=\"Polyvinyl Alcohol (PVA) 05-99 \/ 098-05 | Fully Hydrolyzed Polymer - RawChemicalMart\" \/>\n<meta property=\"og:description\" content=\"Buy high-quality Polyvinyl Alcohol 05-99 (PVA 0599\/098-05). A fully hydrolyzed grade (98-100%) featuring low viscosity and superior water resistance. Ideal for paper sizing, textile finishing, and abrasives. View TDS.\" \/>\n<meta property=\"og:url\" content=\"https:\/\/rawchemicalmart.com\/pt\/produto\/alcool-polivinilico-pva-05-99-totalmente-hidrolisado\/\" \/>\n<meta property=\"og:site_name\" content=\"rawchemicalmart.com\" \/>\n<meta property=\"article:modified_time\" content=\"2026-01-23T06:50:58+00:00\" \/>\n<meta property=\"og:image\" content=\"https:\/\/rawchemicalmart.com\/wp-content\/uploads\/2026\/01\/Polyvinyl_alcohol_PVA_0599.jpg\" \/>\n\t<meta property=\"og:image:width\" content=\"1000\" \/>\n\t<meta property=\"og:image:height\" content=\"1000\" \/>\n\t<meta property=\"og:image:type\" content=\"image\/jpeg\" \/>\n<meta name=\"twitter:card\" content=\"summary_large_image\" \/>\n<meta name=\"twitter:label1\" content=\"Est. tempo de leitura\" \/>\n\t<meta name=\"twitter:data1\" content=\"3 minutos\" \/>\n<script type=\"application\/ld+json\" class=\"yoast-schema-graph\">{\"@context\":\"https:\\\/\\\/schema.org\",\"@graph\":[{\"@type\":\"WebPage\",\"@id\":\"https:\\\/\\\/rawchemicalmart.com\\\/ar\\\/product\\\/polyvinyl-alcohol-pva-05-99-fully-hydrolyzed\\\/\",\"url\":\"https:\\\/\\\/rawchemicalmart.com\\\/ar\\\/product\\\/polyvinyl-alcohol-pva-05-99-fully-hydrolyzed\\\/\",\"name\":\"Polyvinyl Alcohol (PVA) 05-99 \\\/ 098-05 | Fully Hydrolyzed Polymer - RawChemicalMart\",\"isPartOf\":{\"@id\":\"https:\\\/\\\/rawchemicalmart.com\\\/#website\"},\"primaryImageOfPage\":{\"@id\":\"https:\\\/\\\/rawchemicalmart.com\\\/ar\\\/product\\\/polyvinyl-alcohol-pva-05-99-fully-hydrolyzed\\\/#primaryimage\"},\"image\":{\"@id\":\"https:\\\/\\\/rawchemicalmart.com\\\/ar\\\/product\\\/polyvinyl-alcohol-pva-05-99-fully-hydrolyzed\\\/#primaryimage\"},\"thumbnailUrl\":\"https:\\\/\\\/rawchemicalmart.com\\\/wp-content\\\/uploads\\\/2026\\\/01\\\/Polyvinyl_alcohol_PVA_0599.jpg\",\"datePublished\":\"2026-01-23T01:19:42+00:00\",\"dateModified\":\"2026-01-23T06:50:58+00:00\",\"description\":\"Buy high-quality Polyvinyl Alcohol 05-99 (PVA 0599\\\/098-05). A fully hydrolyzed grade (98-100%) featuring low viscosity and superior water resistance. Ideal for paper sizing, textile finishing, and abrasives. View TDS.\",\"breadcrumb\":{\"@id\":\"https:\\\/\\\/rawchemicalmart.com\\\/ar\\\/product\\\/polyvinyl-alcohol-pva-05-99-fully-hydrolyzed\\\/#breadcrumb\"},\"inLanguage\":\"pt-BR\",\"potentialAction\":[{\"@type\":\"ReadAction\",\"target\":[\"https:\\\/\\\/rawchemicalmart.com\\\/ar\\\/product\\\/polyvinyl-alcohol-pva-05-99-fully-hydrolyzed\\\/\"]}]},{\"@type\":\"ImageObject\",\"inLanguage\":\"pt-BR\",\"@id\":\"https:\\\/\\\/rawchemicalmart.com\\\/ar\\\/product\\\/polyvinyl-alcohol-pva-05-99-fully-hydrolyzed\\\/#primaryimage\",\"url\":\"https:\\\/\\\/rawchemicalmart.com\\\/wp-content\\\/uploads\\\/2026\\\/01\\\/Polyvinyl_alcohol_PVA_0599.jpg\",\"contentUrl\":\"https:\\\/\\\/rawchemicalmart.com\\\/wp-content\\\/uploads\\\/2026\\\/01\\\/Polyvinyl_alcohol_PVA_0599.jpg\",\"width\":1000,\"height\":1000,\"caption\":\"polyvinyl alcohol PVA 0599\"},{\"@type\":\"BreadcrumbList\",\"@id\":\"https:\\\/\\\/rawchemicalmart.com\\\/ar\\\/product\\\/polyvinyl-alcohol-pva-05-99-fully-hydrolyzed\\\/#breadcrumb\",\"itemListElement\":[{\"@type\":\"ListItem\",\"position\":1,\"name\":\"Home\",\"item\":\"https:\\\/\\\/rawchemicalmart.com\\\/\"},{\"@type\":\"ListItem\",\"position\":2,\"name\":\"Products\",\"item\":\"https:\\\/\\\/rawchemicalmart.com\\\/shop\\\/\"},{\"@type\":\"ListItem\",\"position\":3,\"name\":\"Polyvinyl Alcohol (PVA) 05-99 \\\/ 098-05\"}]},{\"@type\":\"WebSite\",\"@id\":\"https:\\\/\\\/rawchemicalmart.com\\\/#website\",\"url\":\"https:\\\/\\\/rawchemicalmart.com\\\/\",\"name\":\"rawchemicalmart.com\",\"description\":\"Leading Raw Chemicals Supplier\",\"potentialAction\":[{\"@type\":\"SearchAction\",\"target\":{\"@type\":\"EntryPoint\",\"urlTemplate\":\"https:\\\/\\\/rawchemicalmart.com\\\/?s={search_term_string}\"},\"query-input\":{\"@type\":\"PropertyValueSpecification\",\"valueRequired\":true,\"valueName\":\"search_term_string\"}}],\"inLanguage\":\"pt-BR\"}]}<\/script>\n<!-- \/ Yoast SEO plugin. -->","yoast_head_json":{"title":"\u00c1lcool polivin\u00edlico (PVA) 05-99 \/ 098-05 | Pol\u00edmero totalmente hidrolisado - RawChemicalMart","description":"Adquira \u00e1lcool polivin\u00edlico 05-99 (PVA 0599\/098-05) de alta qualidade. Um grau totalmente hidrolisado (98-100%) com baixa viscosidade e excelente resist\u00eancia \u00e0 \u00e1gua. Ideal para colagem de papel, acabamento t\u00eaxtil e abrasivos. Consulte a ficha t\u00e9cnica.","robots":{"index":"index","follow":"follow","max-snippet":"max-snippet:-1","max-image-preview":"max-image-preview:large","max-video-preview":"max-video-preview:-1"},"canonical":"https:\/\/rawchemicalmart.com\/pt\/produto\/alcool-polivinilico-pva-05-99-totalmente-hidrolisado\/","og_locale":"pt_BR","og_type":"article","og_title":"Polyvinyl Alcohol (PVA) 05-99 \/ 098-05 | Fully Hydrolyzed Polymer - RawChemicalMart","og_description":"Buy high-quality Polyvinyl Alcohol 05-99 (PVA 0599\/098-05). A fully hydrolyzed grade (98-100%) featuring low viscosity and superior water resistance. Ideal for paper sizing, textile finishing, and abrasives. View TDS.","og_url":"https:\/\/rawchemicalmart.com\/pt\/produto\/alcool-polivinilico-pva-05-99-totalmente-hidrolisado\/","og_site_name":"rawchemicalmart.com","article_modified_time":"2026-01-23T06:50:58+00:00","og_image":[{"width":1000,"height":1000,"url":"https:\/\/rawchemicalmart.com\/wp-content\/uploads\/2026\/01\/Polyvinyl_alcohol_PVA_0599.jpg","type":"image\/jpeg"}],"twitter_card":"summary_large_image","twitter_misc":{"Est. tempo de leitura":"3 minutos"},"schema":{"@context":"https:\/\/schema.org","@graph":[{"@type":"WebPage","@id":"https:\/\/rawchemicalmart.com\/ar\/product\/polyvinyl-alcohol-pva-05-99-fully-hydrolyzed\/","url":"https:\/\/rawchemicalmart.com\/ar\/product\/polyvinyl-alcohol-pva-05-99-fully-hydrolyzed\/","name":"\u00c1lcool polivin\u00edlico (PVA) 05-99 \/ 098-05 | Pol\u00edmero totalmente hidrolisado - RawChemicalMart","isPartOf":{"@id":"https:\/\/rawchemicalmart.com\/#website"},"primaryImageOfPage":{"@id":"https:\/\/rawchemicalmart.com\/ar\/product\/polyvinyl-alcohol-pva-05-99-fully-hydrolyzed\/#primaryimage"},"image":{"@id":"https:\/\/rawchemicalmart.com\/ar\/product\/polyvinyl-alcohol-pva-05-99-fully-hydrolyzed\/#primaryimage"},"thumbnailUrl":"https:\/\/rawchemicalmart.com\/wp-content\/uploads\/2026\/01\/Polyvinyl_alcohol_PVA_0599.jpg","datePublished":"2026-01-23T01:19:42+00:00","dateModified":"2026-01-23T06:50:58+00:00","description":"Adquira \u00e1lcool polivin\u00edlico 05-99 (PVA 0599\/098-05) de alta qualidade. Um grau totalmente hidrolisado (98-100%) com baixa viscosidade e excelente resist\u00eancia \u00e0 \u00e1gua. Ideal para colagem de papel, acabamento t\u00eaxtil e abrasivos. Consulte a ficha t\u00e9cnica.","breadcrumb":{"@id":"https:\/\/rawchemicalmart.com\/ar\/product\/polyvinyl-alcohol-pva-05-99-fully-hydrolyzed\/#breadcrumb"},"inLanguage":"pt-BR","potentialAction":[{"@type":"ReadAction","target":["https:\/\/rawchemicalmart.com\/ar\/product\/polyvinyl-alcohol-pva-05-99-fully-hydrolyzed\/"]}]},{"@type":"ImageObject","inLanguage":"pt-BR","@id":"https:\/\/rawchemicalmart.com\/ar\/product\/polyvinyl-alcohol-pva-05-99-fully-hydrolyzed\/#primaryimage","url":"https:\/\/rawchemicalmart.com\/wp-content\/uploads\/2026\/01\/Polyvinyl_alcohol_PVA_0599.jpg","contentUrl":"https:\/\/rawchemicalmart.com\/wp-content\/uploads\/2026\/01\/Polyvinyl_alcohol_PVA_0599.jpg","width":1000,"height":1000,"caption":"polyvinyl alcohol PVA 0599"},{"@type":"BreadcrumbList","@id":"https:\/\/rawchemicalmart.com\/ar\/product\/polyvinyl-alcohol-pva-05-99-fully-hydrolyzed\/#breadcrumb","itemListElement":[{"@type":"ListItem","position":1,"name":"Home","item":"https:\/\/rawchemicalmart.com\/"},{"@type":"ListItem","position":2,"name":"Products","item":"https:\/\/rawchemicalmart.com\/shop\/"},{"@type":"ListItem","position":3,"name":"Polyvinyl Alcohol (PVA) 05-99 \/ 098-05"}]},{"@type":"WebSite","@id":"https:\/\/rawchemicalmart.com\/#website","url":"https:\/\/rawchemicalmart.com\/","name":"rawchemicalmart.com","description":"Fornecedor l\u00edder de mat\u00e9rias-primas qu\u00edmicas","potentialAction":[{"@type":"SearchAction","target":{"@type":"EntryPoint","urlTemplate":"https:\/\/rawchemicalmart.com\/?s={search_term_string}"},"query-input":{"@type":"PropertyValueSpecification","valueRequired":true,"valueName":"search_term_string"}}],"inLanguage":"pt-BR"}]}},"_links":{"self":[{"href":"https:\/\/rawchemicalmart.com\/pt\/wp-json\/wp\/v2\/product\/12128","targetHints":{"allow":["GET"]}}],"collection":[{"href":"https:\/\/rawchemicalmart.com\/pt\/wp-json\/wp\/v2\/product"}],"about":[{"href":"https:\/\/rawchemicalmart.com\/pt\/wp-json\/wp\/v2\/types\/product"}],"wp:featuredmedia":[{"embeddable":true,"href":"https:\/\/rawchemicalmart.com\/pt\/wp-json\/wp\/v2\/media\/12150"}],"wp:attachment":[{"href":"https:\/\/rawchemicalmart.com\/pt\/wp-json\/wp\/v2\/media?parent=12128"}],"wp:term":[{"taxonomy":"product_brand","embeddable":true,"href":"https:\/\/rawchemicalmart.com\/pt\/wp-json\/wp\/v2\/product_brand?post=12128"},{"taxonomy":"product_cat","embeddable":true,"href":"https:\/\/rawchemicalmart.com\/pt\/wp-json\/wp\/v2\/product_cat?post=12128"},{"taxonomy":"product_tag","embeddable":true,"href":"https:\/\/rawchemicalmart.com\/pt\/wp-json\/wp\/v2\/product_tag?post=12128"}],"curies":[{"name":"wp","href":"https:\/\/api.w.org\/{rel}","templated":true}]}}