{"id":12076,"date":"2025-06-12T01:54:01","date_gmt":"2025-06-12T01:54:01","guid":{"rendered":"https:\/\/rawchemicalmart.com\/?post_type=product&#038;p=12076"},"modified":"2026-01-23T08:56:47","modified_gmt":"2026-01-23T08:56:47","slug":"hydroxypropyl-methyl-cellulose-hpmc","status":"publish","type":"product","link":"https:\/\/rawchemicalmart.com\/pt\/produto\/hydroxypropyl-methyl-cellulose-hpmc\/","title":{"rendered":"Hidroxipropilmetilcelulose HPMC"},"content":{"rendered":"<h2>Especifica\u00e7\u00f5es:<\/h2>\n<div class=\"table-scroll-wrapper\">\n<table id=\"tablepress-93\" class=\"tablepress tablepress-id-93\">\n<thead>\n<tr class=\"row-1\">\n\t<th class=\"column-1\">Appearance:<\/th><th class=\"column-2\">white freely flowing powder<\/th>\n<\/tr>\n<\/thead>\n<tbody class=\"row-striping row-hover\">\n<tr class=\"row-2\">\n\t<td class=\"column-1\">Bulk density:<\/td><td class=\"column-2\">17~35(0.5~0.6) (lb\/ft 3) (g\/cm 3 )<\/td>\n<\/tr>\n<tr class=\"row-3\">\n\t<td class=\"column-1\">Methyl content:<\/td><td class=\"column-2\">19.0-30.0 (%)<\/td>\n<\/tr>\n<tr class=\"row-4\">\n\t<td class=\"column-1\">Hydroxypropyloxy Content:<\/td><td class=\"column-2\">4.0-12.0 (%)<\/td>\n<\/tr>\n<tr class=\"row-5\">\n\t<td class=\"column-1\">Moisture:<\/td><td class=\"column-2\">\u22645.0<\/td>\n<\/tr>\n<tr class=\"row-6\">\n\t<td class=\"column-1\">PH Value:<\/td><td class=\"column-2\">5.0-8.0<\/td>\n<\/tr>\n<tr class=\"row-7\">\n\t<td class=\"column-1\">Ash Content:<\/td><td class=\"column-2\">\u22640,5<\/td>\n<\/tr>\n<tr class=\"row-8\">\n\t<td class=\"column-1\">Residue on Ignition:<\/td><td class=\"column-2\">\u22645.0 \uff08%\uff09<\/td>\n<\/tr>\n<tr class=\"row-9\">\n\t<td class=\"column-1\">Gelling temperature:<\/td><td class=\"column-2\">65-75 (\u2103)<\/td>\n<\/tr>\n<tr class=\"row-10\">\n\t<td class=\"column-1\">Viscosity\uff0820\u2103, 2% solution, mPa.s, NDJ-1,4 rotors 6 RPM) :<\/td><td class=\"column-2\">3000~200000<\/td>\n<\/tr>\n<\/tbody>\n<\/table>\n<!-- #tablepress-93 from cache --><\/div>\n<h2>Aplica\u00e7\u00f5es:<\/h2>\n<div>\n<p>Hydroxypropyl methylcellulose (HPMC) can be used in industries such as building materials, coatings, synthetic resins, ceramics, textiles, agriculture\u00a0and tobacco.\u00a0And daily use field, like detergent, hand-washing liquid, soap, etc.<\/p>\n<ul>\n<li>Used for thermal insulation mortar, ceramic tile adhesive, jointing agent, stucco gypsum, plaster, etc;<\/li>\n<li>As thickening agent, dispersing agent and stabilizer for paint, ink;<\/li>\n<li>As release agent, softener, lubricants for plastic forming mold;<\/li>\n<li>Secondary products of cement and gypsum;<\/li>\n<li>\u00a0Raw materials of shampoo and detergent.<\/li>\n<\/ul>\n<h2>Embalagem:<\/h2>\n<p>In\u00a025kg\u00a0plastic pearl woven\u00a0bag, inner\u00a0with a thickened plastic bag\u00a0.<\/p>\n<h2><strong><b>Produto<\/b><\/strong>\u00a0<strong><b>Armazenar:<\/b><\/strong><\/h2>\n<p>Keep\u00a0it\u00a0in cool, dry and clean conditions in its original packing, and avoiding direct sunshine. Opened sacks should be used promptly to avoid the moisture absorption. Please tie the bag tightly if it will not be used for a long time.<\/p>\n<h2><strong><b>Seguran\u00e7a<\/b><\/strong>\u00a0<strong><b>Precautions:<\/b><\/strong><\/h2>\n<p>In\u00a0case\u00a0of\u00a0eye\u00a0contact,\u00a0flush\u00a0it\u00a0immediately.\u00a0In\u00a0case\u00a0of\u00a0skin\u00a0contact,\u00a0clean\u00a0it\u00a0after\u00a0the\u00a0use.<\/p>\n<\/div>","protected":false},"excerpt":{"rendered":"<p class=\"tmnf_excerpt\">Hydroxypropyl methyl cellulose (HPMC) is a non-ionic cellulose ether made from natural polymer material &#8211; refined cotton, after a series of chemical processing. Hydroxypropyl methylcellulose (HPMC) is an odorless, tasteless, nontoxic, self-coloring powder. It is soluble in cold water to form a transparent and viscous solution, and has the properties of thickening, adhesion, dispersion, emulsification, film formation, suspension, adsorption, gelation, surface activity, moisturizing and protective colloid.\n<\/p>","protected":false},"featured_media":11025,"template":"","meta":{"_acf_changed":false},"product_brand":[],"product_cat":[68],"product_tag":[],"class_list":{"0":"post-12076","1":"product","2":"type-product","3":"status-publish","4":"has-post-thumbnail","6":"product_cat-construction","8":"first","9":"instock","10":"shipping-taxable","11":"product-type-simple"},"acf":[],"yoast_head":"<!-- This site is optimized with the Yoast SEO plugin v27.4 - https:\/\/yoast.com\/product\/yoast-seo-wordpress\/ -->\n<title>Hydroxypropyl methyl cellulose HPMC - rawchemicalmart.com<\/title>\n<meta name=\"robots\" content=\"index, follow, max-snippet:-1, max-image-preview:large, max-video-preview:-1\" \/>\n<link rel=\"canonical\" href=\"https:\/\/rawchemicalmart.com\/pt\/produto\/hydroxypropyl-methyl-cellulose-hpmc\/\" \/>\n<meta property=\"og:locale\" content=\"pt_BR\" \/>\n<meta property=\"og:type\" content=\"article\" \/>\n<meta property=\"og:title\" content=\"Hydroxypropyl methyl cellulose HPMC - rawchemicalmart.com\" \/>\n<meta property=\"og:description\" content=\"Hydroxypropyl methyl cellulose (HPMC) is a non-ionic cellulose ether made from natural polymer material - refined cotton, after a series of chemical processing. Hydroxypropyl methylcellulose (HPMC) is an odorless, tasteless, nontoxic, self-coloring powder. It is soluble in cold water to form a transparent and viscous solution, and has the properties of thickening, adhesion, dispersion, emulsification, film formation, suspension, adsorption, gelation, surface activity, moisturizing and protective colloid.\" \/>\n<meta property=\"og:url\" content=\"https:\/\/rawchemicalmart.com\/pt\/produto\/hydroxypropyl-methyl-cellulose-hpmc\/\" \/>\n<meta property=\"og:site_name\" content=\"rawchemicalmart.com\" \/>\n<meta property=\"article:modified_time\" content=\"2026-01-23T08:56:47+00:00\" \/>\n<meta property=\"og:image\" content=\"https:\/\/rawchemicalmart.com\/wp-content\/uploads\/2025\/05\/HPMC-2025-01-13_3.png\" \/>\n\t<meta property=\"og:image:width\" content=\"800\" \/>\n\t<meta property=\"og:image:height\" content=\"800\" \/>\n\t<meta property=\"og:image:type\" content=\"image\/png\" \/>\n<meta name=\"twitter:card\" content=\"summary_large_image\" \/>\n<meta name=\"twitter:label1\" content=\"Est. tempo de leitura\" \/>\n\t<meta name=\"twitter:data1\" content=\"1 minuto\" \/>\n<script type=\"application\/ld+json\" class=\"yoast-schema-graph\">{\"@context\":\"https:\\\/\\\/schema.org\",\"@graph\":[{\"@type\":\"WebPage\",\"@id\":\"https:\\\/\\\/rawchemicalmart.com\\\/product\\\/hydroxypropyl-methyl-cellulose-hpmc\\\/\",\"url\":\"https:\\\/\\\/rawchemicalmart.com\\\/product\\\/hydroxypropyl-methyl-cellulose-hpmc\\\/\",\"name\":\"Hydroxypropyl methyl cellulose HPMC - rawchemicalmart.com\",\"isPartOf\":{\"@id\":\"https:\\\/\\\/rawchemicalmart.com\\\/#website\"},\"primaryImageOfPage\":{\"@id\":\"https:\\\/\\\/rawchemicalmart.com\\\/product\\\/hydroxypropyl-methyl-cellulose-hpmc\\\/#primaryimage\"},\"image\":{\"@id\":\"https:\\\/\\\/rawchemicalmart.com\\\/product\\\/hydroxypropyl-methyl-cellulose-hpmc\\\/#primaryimage\"},\"thumbnailUrl\":\"https:\\\/\\\/rawchemicalmart.com\\\/wp-content\\\/uploads\\\/2025\\\/05\\\/HPMC-2025-01-13_3.png\",\"datePublished\":\"2025-06-12T01:54:01+00:00\",\"dateModified\":\"2026-01-23T08:56:47+00:00\",\"breadcrumb\":{\"@id\":\"https:\\\/\\\/rawchemicalmart.com\\\/product\\\/hydroxypropyl-methyl-cellulose-hpmc\\\/#breadcrumb\"},\"inLanguage\":\"pt-BR\",\"potentialAction\":[{\"@type\":\"ReadAction\",\"target\":[\"https:\\\/\\\/rawchemicalmart.com\\\/product\\\/hydroxypropyl-methyl-cellulose-hpmc\\\/\"]}]},{\"@type\":\"ImageObject\",\"inLanguage\":\"pt-BR\",\"@id\":\"https:\\\/\\\/rawchemicalmart.com\\\/product\\\/hydroxypropyl-methyl-cellulose-hpmc\\\/#primaryimage\",\"url\":\"https:\\\/\\\/rawchemicalmart.com\\\/wp-content\\\/uploads\\\/2025\\\/05\\\/HPMC-2025-01-13_3.png\",\"contentUrl\":\"https:\\\/\\\/rawchemicalmart.com\\\/wp-content\\\/uploads\\\/2025\\\/05\\\/HPMC-2025-01-13_3.png\",\"width\":800,\"height\":800},{\"@type\":\"BreadcrumbList\",\"@id\":\"https:\\\/\\\/rawchemicalmart.com\\\/product\\\/hydroxypropyl-methyl-cellulose-hpmc\\\/#breadcrumb\",\"itemListElement\":[{\"@type\":\"ListItem\",\"position\":1,\"name\":\"Home\",\"item\":\"https:\\\/\\\/rawchemicalmart.com\\\/\"},{\"@type\":\"ListItem\",\"position\":2,\"name\":\"Products\",\"item\":\"https:\\\/\\\/rawchemicalmart.com\\\/shop\\\/\"},{\"@type\":\"ListItem\",\"position\":3,\"name\":\"Hydroxypropyl methyl cellulose HPMC\"}]},{\"@type\":\"WebSite\",\"@id\":\"https:\\\/\\\/rawchemicalmart.com\\\/#website\",\"url\":\"https:\\\/\\\/rawchemicalmart.com\\\/\",\"name\":\"rawchemicalmart.com\",\"description\":\"Leading Raw Chemicals Supplier\",\"potentialAction\":[{\"@type\":\"SearchAction\",\"target\":{\"@type\":\"EntryPoint\",\"urlTemplate\":\"https:\\\/\\\/rawchemicalmart.com\\\/?s={search_term_string}\"},\"query-input\":{\"@type\":\"PropertyValueSpecification\",\"valueRequired\":true,\"valueName\":\"search_term_string\"}}],\"inLanguage\":\"pt-BR\"}]}<\/script>\n<!-- \/ Yoast SEO plugin. -->","yoast_head_json":{"title":"Hydroxypropyl methyl cellulose HPMC - rawchemicalmart.com","robots":{"index":"index","follow":"follow","max-snippet":"max-snippet:-1","max-image-preview":"max-image-preview:large","max-video-preview":"max-video-preview:-1"},"canonical":"https:\/\/rawchemicalmart.com\/pt\/produto\/hydroxypropyl-methyl-cellulose-hpmc\/","og_locale":"pt_BR","og_type":"article","og_title":"Hydroxypropyl methyl cellulose HPMC - rawchemicalmart.com","og_description":"Hydroxypropyl methyl cellulose (HPMC) is a non-ionic cellulose ether made from natural polymer material - refined cotton, after a series of chemical processing. Hydroxypropyl methylcellulose (HPMC) is an odorless, tasteless, nontoxic, self-coloring powder. It is soluble in cold water to form a transparent and viscous solution, and has the properties of thickening, adhesion, dispersion, emulsification, film formation, suspension, adsorption, gelation, surface activity, moisturizing and protective colloid.","og_url":"https:\/\/rawchemicalmart.com\/pt\/produto\/hydroxypropyl-methyl-cellulose-hpmc\/","og_site_name":"rawchemicalmart.com","article_modified_time":"2026-01-23T08:56:47+00:00","og_image":[{"width":800,"height":800,"url":"https:\/\/rawchemicalmart.com\/wp-content\/uploads\/2025\/05\/HPMC-2025-01-13_3.png","type":"image\/png"}],"twitter_card":"summary_large_image","twitter_misc":{"Est. tempo de leitura":"1 minuto"},"schema":{"@context":"https:\/\/schema.org","@graph":[{"@type":"WebPage","@id":"https:\/\/rawchemicalmart.com\/product\/hydroxypropyl-methyl-cellulose-hpmc\/","url":"https:\/\/rawchemicalmart.com\/product\/hydroxypropyl-methyl-cellulose-hpmc\/","name":"Hydroxypropyl methyl cellulose HPMC - rawchemicalmart.com","isPartOf":{"@id":"https:\/\/rawchemicalmart.com\/#website"},"primaryImageOfPage":{"@id":"https:\/\/rawchemicalmart.com\/product\/hydroxypropyl-methyl-cellulose-hpmc\/#primaryimage"},"image":{"@id":"https:\/\/rawchemicalmart.com\/product\/hydroxypropyl-methyl-cellulose-hpmc\/#primaryimage"},"thumbnailUrl":"https:\/\/rawchemicalmart.com\/wp-content\/uploads\/2025\/05\/HPMC-2025-01-13_3.png","datePublished":"2025-06-12T01:54:01+00:00","dateModified":"2026-01-23T08:56:47+00:00","breadcrumb":{"@id":"https:\/\/rawchemicalmart.com\/product\/hydroxypropyl-methyl-cellulose-hpmc\/#breadcrumb"},"inLanguage":"pt-BR","potentialAction":[{"@type":"ReadAction","target":["https:\/\/rawchemicalmart.com\/product\/hydroxypropyl-methyl-cellulose-hpmc\/"]}]},{"@type":"ImageObject","inLanguage":"pt-BR","@id":"https:\/\/rawchemicalmart.com\/product\/hydroxypropyl-methyl-cellulose-hpmc\/#primaryimage","url":"https:\/\/rawchemicalmart.com\/wp-content\/uploads\/2025\/05\/HPMC-2025-01-13_3.png","contentUrl":"https:\/\/rawchemicalmart.com\/wp-content\/uploads\/2025\/05\/HPMC-2025-01-13_3.png","width":800,"height":800},{"@type":"BreadcrumbList","@id":"https:\/\/rawchemicalmart.com\/product\/hydroxypropyl-methyl-cellulose-hpmc\/#breadcrumb","itemListElement":[{"@type":"ListItem","position":1,"name":"Home","item":"https:\/\/rawchemicalmart.com\/"},{"@type":"ListItem","position":2,"name":"Products","item":"https:\/\/rawchemicalmart.com\/shop\/"},{"@type":"ListItem","position":3,"name":"Hydroxypropyl methyl cellulose HPMC"}]},{"@type":"WebSite","@id":"https:\/\/rawchemicalmart.com\/#website","url":"https:\/\/rawchemicalmart.com\/","name":"rawchemicalmart.com","description":"Fornecedor l\u00edder de mat\u00e9rias-primas qu\u00edmicas","potentialAction":[{"@type":"SearchAction","target":{"@type":"EntryPoint","urlTemplate":"https:\/\/rawchemicalmart.com\/?s={search_term_string}"},"query-input":{"@type":"PropertyValueSpecification","valueRequired":true,"valueName":"search_term_string"}}],"inLanguage":"pt-BR"}]}},"_links":{"self":[{"href":"https:\/\/rawchemicalmart.com\/pt\/wp-json\/wp\/v2\/product\/12076","targetHints":{"allow":["GET"]}}],"collection":[{"href":"https:\/\/rawchemicalmart.com\/pt\/wp-json\/wp\/v2\/product"}],"about":[{"href":"https:\/\/rawchemicalmart.com\/pt\/wp-json\/wp\/v2\/types\/product"}],"wp:featuredmedia":[{"embeddable":true,"href":"https:\/\/rawchemicalmart.com\/pt\/wp-json\/wp\/v2\/media\/11025"}],"wp:attachment":[{"href":"https:\/\/rawchemicalmart.com\/pt\/wp-json\/wp\/v2\/media?parent=12076"}],"wp:term":[{"taxonomy":"product_brand","embeddable":true,"href":"https:\/\/rawchemicalmart.com\/pt\/wp-json\/wp\/v2\/product_brand?post=12076"},{"taxonomy":"product_cat","embeddable":true,"href":"https:\/\/rawchemicalmart.com\/pt\/wp-json\/wp\/v2\/product_cat?post=12076"},{"taxonomy":"product_tag","embeddable":true,"href":"https:\/\/rawchemicalmart.com\/pt\/wp-json\/wp\/v2\/product_tag?post=12076"}],"curies":[{"name":"wp","href":"https:\/\/api.w.org\/{rel}","templated":true}]}}