{"id":11970,"date":"2025-06-06T01:38:07","date_gmt":"2025-06-06T01:38:07","guid":{"rendered":"https:\/\/rawchemicalmart.com\/?post_type=product&#038;p=11970"},"modified":"2026-01-23T08:17:56","modified_gmt":"2026-01-23T08:17:56","slug":"alcool-polivinilico-de-tilamona","status":"publish","type":"product","link":"https:\/\/rawchemicalmart.com\/pt\/produto\/alcool-polivinilico-de-tilamona\/","title":{"rendered":"\u00c1lcool Polivin\u00edlico Tilamon"},"content":{"rendered":"<h2>Especifica\u00e7\u00f5es:<\/h2>\n<div class=\"table-scroll-wrapper\">\n<table id=\"tablepress-91\" class=\"tablepress tablepress-id-91\">\n<thead>\n<tr class=\"row-1\">\n\t<th class=\"column-1\">Nota<\/th><th class=\"column-2\">Viscosidade<br \/>\n(mpa.s)<\/th><th class=\"column-3\">Grau de Alcool\u00f3lise <br \/>\n%(mol)<\/th><th class=\"column-4\">Vol\u00e1til<br \/>\n(%)<\/th><th class=\"column-5\">Pureza<br \/>\n(%)<\/th><th class=\"column-6\">Cinzas<br \/>\n(%)<\/th>\n<\/tr>\n<\/thead>\n<tbody class=\"row-striping row-hover\">\n<tr class=\"row-2\">\n\t<td class=\"column-1\">PVA-2688<\/td><td class=\"column-2\">65-75<\/td><td class=\"column-3\">86.0-90.0<\/td><td class=\"column-4\">\u22647<\/td><td class=\"column-5\">\u226594<\/td><td class=\"column-6\">\u22640,5<\/td>\n<\/tr>\n<tr class=\"row-3\">\n\t<td class=\"column-1\">PVA-2699<\/td><td class=\"column-2\">60-75<\/td><td class=\"column-3\">98.0-100<\/td><td class=\"column-4\">\u22645<\/td><td class=\"column-5\">\u226594<\/td><td class=\"column-6\">\u22640,7<\/td>\n<\/tr>\n<tr class=\"row-4\">\n\t<td class=\"column-1\">PVA-2499<\/td><td class=\"column-2\">48-60<\/td><td class=\"column-3\">98.0-100<\/td><td class=\"column-4\">\u22645<\/td><td class=\"column-5\">\u226594<\/td><td class=\"column-6\">\u22640,7<\/td>\n<\/tr>\n<tr class=\"row-5\">\n\t<td class=\"column-1\">PVA-2488<\/td><td class=\"column-2\">40-55<\/td><td class=\"column-3\">86.0-90.0<\/td><td class=\"column-4\">\u22645<\/td><td class=\"column-5\">\u226594<\/td><td class=\"column-6\">\u22640,7<\/td>\n<\/tr>\n<tr class=\"row-6\">\n\t<td class=\"column-1\">PVA-2099<\/td><td class=\"column-2\">32-40<\/td><td class=\"column-3\">98.0-100<\/td><td class=\"column-4\">\u22645<\/td><td class=\"column-5\">\u226594<\/td><td class=\"column-6\">\u22640,7<\/td>\n<\/tr>\n<tr class=\"row-7\">\n\t<td class=\"column-1\">PVA-2088<\/td><td class=\"column-2\">28-40<\/td><td class=\"column-3\">86.0-90.0<\/td><td class=\"column-4\">\u22645<\/td><td class=\"column-5\">\u226594<\/td><td class=\"column-6\">\u22640,7<\/td>\n<\/tr>\n<tr class=\"row-8\">\n\t<td class=\"column-1\">PVA-1799<\/td><td class=\"column-2\">28-40<\/td><td class=\"column-3\">98.0-100<\/td><td class=\"column-4\">\u22645<\/td><td class=\"column-5\">\u226594<\/td><td class=\"column-6\">\u22640,7<\/td>\n<\/tr>\n<tr class=\"row-9\">\n\t<td class=\"column-1\">PVA-1788<\/td><td class=\"column-2\">20-26<\/td><td class=\"column-3\">86.0-90.0<\/td><td class=\"column-4\">\u22645<\/td><td class=\"column-5\">\u226594<\/td><td class=\"column-6\">\u22640,7<\/td>\n<\/tr>\n<tr class=\"row-10\">\n\t<td class=\"column-1\">PVA-0599<\/td><td class=\"column-2\">5-6<\/td><td class=\"column-3\">98.0-100<\/td><td class=\"column-4\">\u22645<\/td><td class=\"column-5\">\u226594<\/td><td class=\"column-6\">\u22640,7<\/td>\n<\/tr>\n<tr class=\"row-11\">\n\t<td class=\"column-1\">PVA-0588<\/td><td class=\"column-2\">5-6<\/td><td class=\"column-3\">86.0-90.0<\/td><td class=\"column-4\">\u22645<\/td><td class=\"column-5\">\u226594<\/td><td class=\"column-6\">\u22640,7<\/td>\n<\/tr>\n<\/tbody>\n<\/table>\n<!-- #tablepress-91 from cache --><\/div>\n<h2>Caracter\u00edsticas:<\/h2>\n<ul>\n<li><strong>Solubilidade em \u00e1gua<\/strong>\u00a0\u2013 Dissolve-se em \u00e1gua quente (ou \u00e1gua fria para graus de hidr\u00f3lise baixos).<\/li>\n<li><strong>Excelente capacidade de forma\u00e7\u00e3o de filme<\/strong>\u00a0\u2013 Produz filmes fortes, flex\u00edveis e transparentes.<\/li>\n<li><strong>Alta ades\u00e3o<\/strong>\u00a0\u2013 Adere bem a materiais porosos como papel, madeira e tecidos.<\/li>\n<li><strong>Compatibilidade<\/strong>\u00a0\u2013 Combina bem com amido, gomas e outros pol\u00edmeros para melhor desempenho.<\/li>\n<li><strong>Aplica\u00e7\u00f5es Vers\u00e1teis<\/strong>\u00a0\u2013 Usado em adesivos, t\u00eaxteis, embalagens, medicina, constru\u00e7\u00e3o e impress\u00e3o 3D.<\/li>\n<\/ul>\n<h2>Armazenar:<\/h2>\n<p>O \u00e1lcool polivin\u00edlico (PVA) deve ser armazenado em ambiente fresco, seco e bem ventilado, com temperaturas preferencialmente abaixo de 30 \u00b0C (86 \u00b0F) e umidade relativa mantida abaixo de 65% para evitar absor\u00e7\u00e3o de umidade e aglutina\u00e7\u00e3o. O material deve ser mantido em sua embalagem original, hermeticamente fechada, ou transferido para recipientes herm\u00e9ticos e \u00e0 prova de umidade para proteg\u00ea-lo da umidade atmosf\u00e9rica.<\/p>\n<h2>Pacote:<\/h2>\n<p>Saco composto de papel e pl\u00e1stico de 25 kg.<\/p>\n<p>&nbsp;<\/p>\n<p>&nbsp;<\/p>","protected":false},"excerpt":{"rendered":"<p class=\"tmnf_excerpt\">Polyvinyl Alcohol (PVA) is a water-soluble synthetic polymer derived from the hydrolysis or alcoholysis of polyvinyl acetate (PVAc). Its structure consists of a carbon backbone with hydroxyl (\u2013OH) groups, providing excellent film-forming, adhesive, and hydrophilic properties.\u00a0 Key characteristics include solubility in hot water, strong adhesion, and flexibility. It is widely used in adhesives, textiles (sizing agent), packaging films, construction materials, etc. PVA\u2019s versatility and eco-friendliness make it essential in industrial and consumer applications.\nTilamon\u2122 PVA\u00a0is committed to becoming the most sought-after PVA grade in the market by optimizing production processes and enhancing efficiency\u2014all while ensuring consistent quality and competitive pricing. Through continuous improvement and innovation, Tilamon strives to deliver\u00a0high&#8211;cost-performance\u00a0PVA products that meet diverse industry needs.\n<\/p>","protected":false},"featured_media":11034,"template":"","meta":{"_acf_changed":false},"product_brand":[],"product_cat":[58],"product_tag":[],"class_list":{"0":"post-11970","1":"product","2":"type-product","3":"status-publish","4":"has-post-thumbnail","6":"product_cat-polyvinyl-alcohol-pva","8":"first","9":"instock","10":"shipping-taxable","11":"product-type-simple"},"acf":[],"yoast_head":"<!-- This site is optimized with the Yoast SEO plugin v27.4 - https:\/\/yoast.com\/product\/yoast-seo-wordpress\/ -->\n<title>Tilamon Polyvinyl Alcohol - rawchemicalmart.com<\/title>\n<meta name=\"robots\" content=\"index, follow, max-snippet:-1, max-image-preview:large, max-video-preview:-1\" \/>\n<link rel=\"canonical\" href=\"https:\/\/rawchemicalmart.com\/pt\/produto\/alcool-polivinilico-de-tilamona\/\" \/>\n<meta property=\"og:locale\" content=\"pt_BR\" \/>\n<meta property=\"og:type\" content=\"article\" \/>\n<meta property=\"og:title\" content=\"Tilamon Polyvinyl Alcohol - rawchemicalmart.com\" \/>\n<meta property=\"og:description\" content=\"Polyvinyl Alcohol (PVA) is a water-soluble synthetic polymer derived from the hydrolysis or alcoholysis of polyvinyl acetate (PVAc). Its structure consists of a carbon backbone with hydroxyl (\u2013OH) groups, providing excellent film-forming, adhesive, and hydrophilic properties.\u00a0 Key characteristics include solubility in hot water, strong adhesion, and flexibility. It is widely used in adhesives, textiles (sizing agent), packaging films, construction materials, etc. PVA\u2019s versatility and eco-friendliness make it essential in industrial and consumer applications. Tilamon\u2122 PVA\u00a0is committed to becoming the most sought-after PVA grade in the market by optimizing production processes and enhancing efficiency\u2014all while ensuring consistent quality and competitive pricing. Through continuous improvement and innovation, Tilamon strives to deliver\u00a0high-cost-performance\u00a0PVA products that meet diverse industry needs.\" \/>\n<meta property=\"og:url\" content=\"https:\/\/rawchemicalmart.com\/pt\/produto\/alcool-polivinilico-de-tilamona\/\" \/>\n<meta property=\"og:site_name\" content=\"rawchemicalmart.com\" \/>\n<meta property=\"article:modified_time\" content=\"2026-01-23T08:17:56+00:00\" \/>\n<meta property=\"og:image\" content=\"https:\/\/rawchemicalmart.com\/wp-content\/uploads\/2025\/05\/CMC-2025-01-14_3.png\" \/>\n\t<meta property=\"og:image:width\" content=\"800\" \/>\n\t<meta property=\"og:image:height\" content=\"800\" \/>\n\t<meta property=\"og:image:type\" content=\"image\/png\" \/>\n<meta name=\"twitter:card\" content=\"summary_large_image\" \/>\n<meta name=\"twitter:label1\" content=\"Est. tempo de leitura\" \/>\n\t<meta name=\"twitter:data1\" content=\"1 minuto\" \/>\n<script type=\"application\/ld+json\" class=\"yoast-schema-graph\">{\"@context\":\"https:\\\/\\\/schema.org\",\"@graph\":[{\"@type\":\"WebPage\",\"@id\":\"https:\\\/\\\/rawchemicalmart.com\\\/product\\\/tilamon-polyvinyl-alcohol\\\/\",\"url\":\"https:\\\/\\\/rawchemicalmart.com\\\/product\\\/tilamon-polyvinyl-alcohol\\\/\",\"name\":\"Tilamon Polyvinyl Alcohol - rawchemicalmart.com\",\"isPartOf\":{\"@id\":\"https:\\\/\\\/rawchemicalmart.com\\\/#website\"},\"primaryImageOfPage\":{\"@id\":\"https:\\\/\\\/rawchemicalmart.com\\\/product\\\/tilamon-polyvinyl-alcohol\\\/#primaryimage\"},\"image\":{\"@id\":\"https:\\\/\\\/rawchemicalmart.com\\\/product\\\/tilamon-polyvinyl-alcohol\\\/#primaryimage\"},\"thumbnailUrl\":\"https:\\\/\\\/rawchemicalmart.com\\\/wp-content\\\/uploads\\\/2025\\\/05\\\/CMC-2025-01-14_3.png\",\"datePublished\":\"2025-06-06T01:38:07+00:00\",\"dateModified\":\"2026-01-23T08:17:56+00:00\",\"breadcrumb\":{\"@id\":\"https:\\\/\\\/rawchemicalmart.com\\\/product\\\/tilamon-polyvinyl-alcohol\\\/#breadcrumb\"},\"inLanguage\":\"pt-BR\",\"potentialAction\":[{\"@type\":\"ReadAction\",\"target\":[\"https:\\\/\\\/rawchemicalmart.com\\\/product\\\/tilamon-polyvinyl-alcohol\\\/\"]}]},{\"@type\":\"ImageObject\",\"inLanguage\":\"pt-BR\",\"@id\":\"https:\\\/\\\/rawchemicalmart.com\\\/product\\\/tilamon-polyvinyl-alcohol\\\/#primaryimage\",\"url\":\"https:\\\/\\\/rawchemicalmart.com\\\/wp-content\\\/uploads\\\/2025\\\/05\\\/CMC-2025-01-14_3.png\",\"contentUrl\":\"https:\\\/\\\/rawchemicalmart.com\\\/wp-content\\\/uploads\\\/2025\\\/05\\\/CMC-2025-01-14_3.png\",\"width\":800,\"height\":800},{\"@type\":\"BreadcrumbList\",\"@id\":\"https:\\\/\\\/rawchemicalmart.com\\\/product\\\/tilamon-polyvinyl-alcohol\\\/#breadcrumb\",\"itemListElement\":[{\"@type\":\"ListItem\",\"position\":1,\"name\":\"Home\",\"item\":\"https:\\\/\\\/rawchemicalmart.com\\\/\"},{\"@type\":\"ListItem\",\"position\":2,\"name\":\"Products\",\"item\":\"https:\\\/\\\/rawchemicalmart.com\\\/shop\\\/\"},{\"@type\":\"ListItem\",\"position\":3,\"name\":\"Tilamon Polyvinyl Alcohol\"}]},{\"@type\":\"WebSite\",\"@id\":\"https:\\\/\\\/rawchemicalmart.com\\\/#website\",\"url\":\"https:\\\/\\\/rawchemicalmart.com\\\/\",\"name\":\"rawchemicalmart.com\",\"description\":\"Leading Raw Chemicals Supplier\",\"potentialAction\":[{\"@type\":\"SearchAction\",\"target\":{\"@type\":\"EntryPoint\",\"urlTemplate\":\"https:\\\/\\\/rawchemicalmart.com\\\/?s={search_term_string}\"},\"query-input\":{\"@type\":\"PropertyValueSpecification\",\"valueRequired\":true,\"valueName\":\"search_term_string\"}}],\"inLanguage\":\"pt-BR\"}]}<\/script>\n<!-- \/ Yoast SEO plugin. -->","yoast_head_json":{"title":"\u00c1lcool polivin\u00edlico de tilamona - rawchemicalmart.com","robots":{"index":"index","follow":"follow","max-snippet":"max-snippet:-1","max-image-preview":"max-image-preview:large","max-video-preview":"max-video-preview:-1"},"canonical":"https:\/\/rawchemicalmart.com\/pt\/produto\/alcool-polivinilico-de-tilamona\/","og_locale":"pt_BR","og_type":"article","og_title":"Tilamon Polyvinyl Alcohol - rawchemicalmart.com","og_description":"Polyvinyl Alcohol (PVA) is a water-soluble synthetic polymer derived from the hydrolysis or alcoholysis of polyvinyl acetate (PVAc). Its structure consists of a carbon backbone with hydroxyl (\u2013OH) groups, providing excellent film-forming, adhesive, and hydrophilic properties.\u00a0 Key characteristics include solubility in hot water, strong adhesion, and flexibility. It is widely used in adhesives, textiles (sizing agent), packaging films, construction materials, etc. PVA\u2019s versatility and eco-friendliness make it essential in industrial and consumer applications. Tilamon\u2122 PVA\u00a0is committed to becoming the most sought-after PVA grade in the market by optimizing production processes and enhancing efficiency\u2014all while ensuring consistent quality and competitive pricing. Through continuous improvement and innovation, Tilamon strives to deliver\u00a0high-cost-performance\u00a0PVA products that meet diverse industry needs.","og_url":"https:\/\/rawchemicalmart.com\/pt\/produto\/alcool-polivinilico-de-tilamona\/","og_site_name":"rawchemicalmart.com","article_modified_time":"2026-01-23T08:17:56+00:00","og_image":[{"width":800,"height":800,"url":"https:\/\/rawchemicalmart.com\/wp-content\/uploads\/2025\/05\/CMC-2025-01-14_3.png","type":"image\/png"}],"twitter_card":"summary_large_image","twitter_misc":{"Est. tempo de leitura":"1 minuto"},"schema":{"@context":"https:\/\/schema.org","@graph":[{"@type":"WebPage","@id":"https:\/\/rawchemicalmart.com\/product\/tilamon-polyvinyl-alcohol\/","url":"https:\/\/rawchemicalmart.com\/product\/tilamon-polyvinyl-alcohol\/","name":"\u00c1lcool polivin\u00edlico de tilamona - rawchemicalmart.com","isPartOf":{"@id":"https:\/\/rawchemicalmart.com\/#website"},"primaryImageOfPage":{"@id":"https:\/\/rawchemicalmart.com\/product\/tilamon-polyvinyl-alcohol\/#primaryimage"},"image":{"@id":"https:\/\/rawchemicalmart.com\/product\/tilamon-polyvinyl-alcohol\/#primaryimage"},"thumbnailUrl":"https:\/\/rawchemicalmart.com\/wp-content\/uploads\/2025\/05\/CMC-2025-01-14_3.png","datePublished":"2025-06-06T01:38:07+00:00","dateModified":"2026-01-23T08:17:56+00:00","breadcrumb":{"@id":"https:\/\/rawchemicalmart.com\/product\/tilamon-polyvinyl-alcohol\/#breadcrumb"},"inLanguage":"pt-BR","potentialAction":[{"@type":"ReadAction","target":["https:\/\/rawchemicalmart.com\/product\/tilamon-polyvinyl-alcohol\/"]}]},{"@type":"ImageObject","inLanguage":"pt-BR","@id":"https:\/\/rawchemicalmart.com\/product\/tilamon-polyvinyl-alcohol\/#primaryimage","url":"https:\/\/rawchemicalmart.com\/wp-content\/uploads\/2025\/05\/CMC-2025-01-14_3.png","contentUrl":"https:\/\/rawchemicalmart.com\/wp-content\/uploads\/2025\/05\/CMC-2025-01-14_3.png","width":800,"height":800},{"@type":"BreadcrumbList","@id":"https:\/\/rawchemicalmart.com\/product\/tilamon-polyvinyl-alcohol\/#breadcrumb","itemListElement":[{"@type":"ListItem","position":1,"name":"Home","item":"https:\/\/rawchemicalmart.com\/"},{"@type":"ListItem","position":2,"name":"Products","item":"https:\/\/rawchemicalmart.com\/shop\/"},{"@type":"ListItem","position":3,"name":"Tilamon Polyvinyl Alcohol"}]},{"@type":"WebSite","@id":"https:\/\/rawchemicalmart.com\/#website","url":"https:\/\/rawchemicalmart.com\/","name":"rawchemicalmart.com","description":"Fornecedor l\u00edder de mat\u00e9rias-primas qu\u00edmicas","potentialAction":[{"@type":"SearchAction","target":{"@type":"EntryPoint","urlTemplate":"https:\/\/rawchemicalmart.com\/?s={search_term_string}"},"query-input":{"@type":"PropertyValueSpecification","valueRequired":true,"valueName":"search_term_string"}}],"inLanguage":"pt-BR"}]}},"_links":{"self":[{"href":"https:\/\/rawchemicalmart.com\/pt\/wp-json\/wp\/v2\/product\/11970","targetHints":{"allow":["GET"]}}],"collection":[{"href":"https:\/\/rawchemicalmart.com\/pt\/wp-json\/wp\/v2\/product"}],"about":[{"href":"https:\/\/rawchemicalmart.com\/pt\/wp-json\/wp\/v2\/types\/product"}],"wp:featuredmedia":[{"embeddable":true,"href":"https:\/\/rawchemicalmart.com\/pt\/wp-json\/wp\/v2\/media\/11034"}],"wp:attachment":[{"href":"https:\/\/rawchemicalmart.com\/pt\/wp-json\/wp\/v2\/media?parent=11970"}],"wp:term":[{"taxonomy":"product_brand","embeddable":true,"href":"https:\/\/rawchemicalmart.com\/pt\/wp-json\/wp\/v2\/product_brand?post=11970"},{"taxonomy":"product_cat","embeddable":true,"href":"https:\/\/rawchemicalmart.com\/pt\/wp-json\/wp\/v2\/product_cat?post=11970"},{"taxonomy":"product_tag","embeddable":true,"href":"https:\/\/rawchemicalmart.com\/pt\/wp-json\/wp\/v2\/product_tag?post=11970"}],"curies":[{"name":"wp","href":"https:\/\/api.w.org\/{rel}","templated":true}]}}