{"id":11943,"date":"2025-06-05T02:20:33","date_gmt":"2025-06-05T02:20:33","guid":{"rendered":"https:\/\/rawchemicalmart.com\/?post_type=product&#038;p=11943"},"modified":"2026-01-23T07:59:17","modified_gmt":"2026-01-23T07:59:17","slug":"lomon-billions-titanium-dioxide-series","status":"publish","type":"product","link":"https:\/\/rawchemicalmart.com\/pt\/produto\/lomon-billions-titanium-dioxide-series\/","title":{"rendered":"S\u00e9rie de di\u00f3xido de tit\u00e2nio Lomon Billions"},"content":{"rendered":"<h2>Diade de Di\u00f3xido de Tit\u00e2nio:<\/h2>\n<div class=\"table-scroll-wrapper\">\n<table id=\"tablepress-88\" class=\"tablepress tablepress-id-88\">\n<thead>\n<tr class=\"row-1\">\n\t<th class=\"column-1\">Nota<\/th><th class=\"column-2\">Introdu\u00e7\u00e3o<\/th><th class=\"column-3\">Aplica\u00e7\u00f5es<\/th>\n<\/tr>\n<\/thead>\n<tbody class=\"row-striping row-hover\">\n<tr class=\"row-2\">\n\t<td class=\"column-1\">LR-108<\/td><td class=\"column-2\">O pigmento BILLIONS\u2122 LR-108 \u00e9 um pigmento de di\u00f3xido de tit\u00e2nio rutilo tratado com alumina, produzido pelo processo de sulfato. \u00c9 especialmente desenvolvido para aplica\u00e7\u00f5es de masterbatches e compostos.<br \/>\n<br \/>\nO pigmento BILLIONS\u2122 LR-108 se dispersa facilmente em poliolefinas, com efeito m\u00ednimo no \u00edndice de fluidez, de modo que mesmo masterbatch com alta concentra\u00e7\u00e3o de TiO2 pode produzir filme com alta opacidade e brancura.<br \/>\n<br \/>\nO pigmento BILLIONS\u2122 LR-108 \u00e9 recomendado para aplica\u00e7\u00f5es em pl\u00e1sticos que exigem alta estabilidade t\u00e9rmica. Ele foi desenvolvido com uma superf\u00edcie hidrof\u00f3bica que atua como uma barreira para ajudar a impedir que o pigmento absorva umidade do ar.<\/td><td class=\"column-3\">Masterbatches e compostos<br \/>\nFilmes de poliolefina e PVC<br \/>\nPl\u00e1sticos com alta estabilidade t\u00e9rmica<\/td>\n<\/tr>\n<tr class=\"row-3\">\n\t<td class=\"column-1\">BLR-698<\/td><td class=\"column-2\">O pigmento BILLIONS\u2122 BLR-698 \u00e9 um pigmento de di\u00f3xido de tit\u00e2nio rutilo produzido pelo processo de sulfato. \u00c9 recomendado para uma variedade de aplica\u00e7\u00f5es de revestimentos. O pigmento BILLIONS\u2122 BLR-698 possui excelente desempenho de dispers\u00e3o e proporciona excelente opacidade e brilho para formula\u00e7\u00f5es \u00e0 base de \u00e1gua e solvente. Seu tratamento de superf\u00edcie otimizado com zirc\u00f4nia e alumina o torna altamente adequado para revestimentos arquitet\u00f4nicos e industriais externos.<\/td><td class=\"column-3\">  Revestimentos arquitet\u00f4nicos externos<br \/>\n  Revestimentos industriais<br \/>\n  Revestimentos arquitet\u00f4nicos de interiores<br \/>\n  Tintas de impress\u00e3o<\/td>\n<\/tr>\n<tr class=\"row-4\">\n\t<td class=\"column-1\">BLR-886<\/td><td class=\"column-2\">O pigmento BILLIONS\u2122 BLR-886 \u00e9 um pigmento de di\u00f3xido de tit\u00e2nio rutilo para pl\u00e1sticos, produzido pelo processo de cloreto. Ele foi desenvolvido para proporcionar uma cor branca brilhante com excelente processabilidade.<\/td><td class=\"column-3\"> Masterbatches de poliolefina<br \/>\n Revestimentos de extrus\u00e3o de alta temperatura e filmes fundidos<br \/>\n Pl\u00e1sticos de engenharia<br \/>\n Cal\u00e7ados<\/td>\n<\/tr>\n<tr class=\"row-5\">\n\t<td class=\"column-1\">BLR-895<\/td><td class=\"column-2\">O pigmento BILLIONS\u2122 BLR-895 \u00e9 um pigmento de di\u00f3xido de tit\u00e2nio fabricado pelo processo de cloreto. \u00c9 recomendado para uma variedade de aplica\u00e7\u00f5es de revestimentos.<br \/>\n<br \/>\nO pigmento BILLIONS\u2122 BLR-895 possui excelente desempenho de dispers\u00e3o, com r\u00e1pida e f\u00e1cil dispers\u00e3o. Tamb\u00e9m possui excelente opacidade e brilho, proporcionando uma brancura brilhante com um tom azul limpo. Com seu revestimento de superf\u00edcie inorg\u00e2nico cuidadosamente selecionado, o pigmento BILLIONS\u2122 BLR-895 oferece um alto n\u00edvel de resist\u00eancia \u00e0s intemp\u00e9ries, tornando-o flex\u00edvel para aplica\u00e7\u00f5es internas e externas.<\/td><td class=\"column-3\">  Revestimentos arquitet\u00f4nicos de interiores<br \/>\n  Revestimentos arquitet\u00f4nicos externos<br \/>\n  Revestimentos industriais<\/td>\n<\/tr>\n<tr class=\"row-6\">\n\t<td class=\"column-1\">LR-972<\/td><td class=\"column-2\">O pigmento BILLIONS\u2122 LR-972 \u00e9 um pigmento de di\u00f3xido de tit\u00e2nio rutilo revestido com s\u00edlica e alumina, produzido pelo processo de sulfato. Possui excelente resist\u00eancia \u00e0s intemp\u00e9ries e dispersibilidade. \u00c9 recomendado para aplica\u00e7\u00f5es que exigem alta durabilidade, opacidade e bom brilho.<\/td><td class=\"column-3\">  Revestimentos industriais<br \/>\n  Revestimentos arquitet\u00f4nicos externos e internos<br \/>\n  Tubos de PVC e perfis de janelas<\/td>\n<\/tr>\n<tr class=\"row-7\">\n\t<td class=\"column-1\">R-996<\/td><td class=\"column-2\">O pigmento BILLIONS\u2122 R-996 \u00e9 um pigmento de di\u00f3xido de tit\u00e2nio rutilo tratado com zirc\u00f4nia e alumina, produzido pelo processo de sulfato. \u00c9 um pigmento altamente dur\u00e1vel e vers\u00e1til, adequado para uma ampla gama de aplica\u00e7\u00f5es.<br \/>\n<br \/>\nO controle cuidadoso do tamanho das part\u00edculas de di\u00f3xido de tit\u00e2nio durante o processo de fabrica\u00e7\u00e3o do pigmento BILLIONS\u2122 R-996 resulta em bom brilho e luminosidade, alta opacidade e f\u00e1cil dispersibilidade.<\/td><td class=\"column-3\">  Revestimentos industriais<br \/>\n  Revestimentos em p\u00f3<br \/>\n  Exterior e interior<br \/>\n  Revestimentos arquitet\u00f4nicos<\/td>\n<\/tr>\n<\/tbody>\n<\/table>\n<!-- #tablepress-88 from cache --><\/div>\n<h2>Especifica\u00e7\u00f5es:<\/h2>\n\n<table id=\"tablepress-89\" class=\"tablepress tablepress-id-89\">\n<thead>\n<tr class=\"row-1\">\n\t<th class=\"column-1\">Par\u00e2metro<\/th><th class=\"column-2\">LR-108<\/th><th class=\"column-3\">BLR-698<\/th><th class=\"column-4\">BLR-886<\/th><th class=\"column-5\">BLR-895<\/th><th class=\"column-6\">LR-972<\/th><th class=\"column-7\">R-996<\/th>\n<\/tr>\n<\/thead>\n<tbody class=\"row-striping row-hover\">\n<tr class=\"row-2\">\n\t<td class=\"column-1\">Teor de TiO2<\/td><td class=\"column-2\">98%<\/td><td class=\"column-3\">94%<\/td><td class=\"column-4\">97%<\/td><td class=\"column-5\">94%<\/td><td class=\"column-6\">93%<\/td><td class=\"column-7\">95%<\/td>\n<\/tr>\n<tr class=\"row-3\">\n\t<td class=\"column-1\">Revestimento inorg\u00e2nico<\/td><td class=\"column-2\">Alumina<\/td><td class=\"column-3\">Alumina, Zirc\u00f4nia<\/td><td class=\"column-4\">Alumina<\/td><td class=\"column-5\">Alumina, Zirc\u00f4nia<\/td><td class=\"column-6\">Alumina, S\u00edlica<\/td><td class=\"column-7\">Alumina, Zirc\u00f4nia<\/td>\n<\/tr>\n<tr class=\"row-4\">\n\t<td class=\"column-1\">Tratamento org\u00e2nico<\/td><td class=\"column-2\">Presente<\/td><td class=\"column-3\">Presente<\/td><td class=\"column-4\">Presente<\/td><td class=\"column-5\">Presente<\/td><td class=\"column-6\">Presente<\/td><td class=\"column-7\">Presente<\/td>\n<\/tr>\n<tr class=\"row-5\">\n\t<td class=\"column-1\">Umidade quando embalado*<\/td><td class=\"column-2\">0,4% m\u00e1x.<\/td><td class=\"column-3\">0,5% m\u00e1x.<\/td><td class=\"column-4\">0,4% m\u00e1x.<\/td><td class=\"column-5\">0,5% m\u00e1x.<\/td><td class=\"column-6\">0,5% m\u00e1x.<\/td><td class=\"column-7\">0,5% m\u00e1x.<\/td>\n<\/tr>\n<tr class=\"row-6\">\n\t<td class=\"column-1\">Densidade aparente (compactada)<\/td><td class=\"column-2\">1,1g\/cm3<\/td><td class=\"column-3\">1,2g\/cm3<\/td><td class=\"column-4\">1,2g\/cm3<\/td><td class=\"column-5\">1,3g\/cm3<\/td><td class=\"column-6\">1,2g\/cm\u00b3<\/td><td class=\"column-7\">1,2g\/cm3<\/td>\n<\/tr>\n<tr class=\"row-7\">\n\t<td class=\"column-1\">Absor\u00e7\u00e3o de \u00f3leo<\/td><td class=\"column-2\">15g\/100g<\/td><td class=\"column-3\">17g\/100g<\/td><td class=\"column-4\">12g\/100g<\/td><td class=\"column-5\">16g\/100g<\/td><td class=\"column-6\">19g\/100g<\/td><td class=\"column-7\">18g\/100g<\/td>\n<\/tr>\n<tr class=\"row-8\">\n\t<td class=\"column-1\">Gravidade espec\u00edfica<\/td><td class=\"column-2\">4,1g\/cm3<\/td><td class=\"column-3\">4,1g\/cm3<\/td><td class=\"column-4\">4,1g\/cm3<\/td><td class=\"column-5\">4,1g\/cm3<\/td><td class=\"column-6\">4,1g\/cm\u00b3<\/td><td class=\"column-7\">4,1g\/cm3<\/td>\n<\/tr>\n<tr class=\"row-9\">\n\t<td class=\"column-1\">PH<\/td><td class=\"column-2\">\u2014\u2014<\/td><td class=\"column-3\">7.8<\/td><td class=\"column-4\">\u2014\u2014<\/td><td class=\"column-5\">7.4<\/td><td class=\"column-6\">7<\/td><td class=\"column-7\">7<\/td>\n<\/tr>\n<tr class=\"row-10\">\n\t<td class=\"column-1\">Classifica\u00e7\u00e3o ISO 591<\/td><td class=\"column-2\">R1<\/td><td class=\"column-3\">R2<\/td><td class=\"column-4\">R2<\/td><td class=\"column-5\">R2<\/td><td class=\"column-6\">R2<\/td><td class=\"column-7\">R2<\/td>\n<\/tr>\n<tr class=\"row-11\">\n\t<td class=\"column-1\">\u00cdndice de cores<\/td><td class=\"column-2\">Pigmento Branco 6<\/td><td class=\"column-3\">Pigmento Branco 6<\/td><td class=\"column-4\">Pigmento Branco 6<\/td><td class=\"column-5\">Pigmento Branco 6<\/td><td class=\"column-6\">Pigmento Branco 6<\/td><td class=\"column-7\">Pigmento Branco 6<\/td>\n<\/tr>\n<\/tbody>\n<\/table>\n<!-- #tablepress-89 from cache -->\n<h2>Seguran\u00e7a:<\/h2>\n<p class=\"normaltxt\">Boas pr\u00e1ticas de higiene industrial devem ser adotadas e a gera\u00e7\u00e3o de poeira deve ser evitada. Consulte a Ficha de Dados de Seguran\u00e7a para obter mais informa\u00e7\u00f5es sobre como este produto deve ser manuseado.<\/p>\n<h2>Armazenar:<\/h2>\n<p class=\"normaltxt\">Este produto n\u00e3o deve ser armazenado ao ar livre nem exposto a temperaturas extremas ou \u00e0 umidade. Para garantir o desempenho ideal, recomenda-se que o produto seja usado por ordem de chegada a partir do recebimento da remessa.<\/p>\n<h2>Embalagem:<\/h2>\n<p class=\"normaltxt\">Os pigmentos de di\u00f3xido de tit\u00e2nio do LB Group est\u00e3o dispon\u00edveis em sacos de 25 kg e em uma variedade de cont\u00eaineres intermedi\u00e1rios flex\u00edveis para gran\u00e9is.<\/p>","protected":false},"excerpt":{"rendered":"<p class=\"tmnf_excerpt\">Lomon Billions\u00a0is China&#8217;s leading titanium dioxide (TiO\u2082) manufacturer, with production bases across multiple locations in the country. It has long maintained the top market share in the domestic industry. Lomon Billions offers a wide range of titanium dioxide grades tailored for various applications, including coatings, plastics, inks, and more.\nAs a\u00a0leading titanium dioxide supplier,\u00a0Tilamon\u00a0provides all Lomon Billions&#8217; TiO\u2082 grades, with the\u00a0key product grades\u00a0listed below:\n<\/p>","protected":false},"featured_media":11114,"template":"","meta":{"_acf_changed":false},"product_brand":[],"product_cat":[61],"product_tag":[54],"class_list":{"0":"post-11943","1":"product","2":"type-product","3":"status-publish","4":"has-post-thumbnail","6":"product_cat-titanium-dioxide","7":"product_tag-hot-sell","9":"first","10":"instock","11":"shipping-taxable","12":"product-type-simple"},"acf":[],"yoast_head":"<!-- This site is optimized with the Yoast SEO plugin v27.4 - https:\/\/yoast.com\/product\/yoast-seo-wordpress\/ -->\n<title>Lomon Billions Titanium Dioxide Series - rawchemicalmart.com<\/title>\n<meta name=\"robots\" content=\"index, follow, max-snippet:-1, max-image-preview:large, max-video-preview:-1\" \/>\n<link rel=\"canonical\" href=\"https:\/\/rawchemicalmart.com\/pt\/produto\/lomon-billions-titanium-dioxide-series\/\" \/>\n<meta property=\"og:locale\" content=\"pt_BR\" \/>\n<meta property=\"og:type\" content=\"article\" \/>\n<meta property=\"og:title\" content=\"Lomon Billions Titanium Dioxide Series - rawchemicalmart.com\" \/>\n<meta property=\"og:description\" content=\"Lomon Billions\u00a0is China&#039;s leading titanium dioxide (TiO\u2082) manufacturer, with production bases across multiple locations in the country. It has long maintained the top market share in the domestic industry. Lomon Billions offers a wide range of titanium dioxide grades tailored for various applications, including coatings, plastics, inks, and more. As a\u00a0leading titanium dioxide supplier,\u00a0Tilamon\u00a0provides all Lomon Billions&#039; TiO\u2082 grades, with the\u00a0key product grades\u00a0listed below:\" \/>\n<meta property=\"og:url\" content=\"https:\/\/rawchemicalmart.com\/pt\/produto\/lomon-billions-titanium-dioxide-series\/\" \/>\n<meta property=\"og:site_name\" content=\"rawchemicalmart.com\" \/>\n<meta property=\"article:modified_time\" content=\"2026-01-23T07:59:17+00:00\" \/>\n<meta property=\"og:image\" content=\"https:\/\/rawchemicalmart.com\/wp-content\/uploads\/2025\/05\/tilamon-titanium-dioxide_6.png\" \/>\n\t<meta property=\"og:image:width\" content=\"800\" \/>\n\t<meta property=\"og:image:height\" content=\"800\" \/>\n\t<meta property=\"og:image:type\" content=\"image\/png\" \/>\n<meta name=\"twitter:card\" content=\"summary_large_image\" \/>\n<script type=\"application\/ld+json\" class=\"yoast-schema-graph\">{\"@context\":\"https:\\\/\\\/schema.org\",\"@graph\":[{\"@type\":\"WebPage\",\"@id\":\"https:\\\/\\\/rawchemicalmart.com\\\/product\\\/lomon-billions-titanium-dioxide-series\\\/\",\"url\":\"https:\\\/\\\/rawchemicalmart.com\\\/product\\\/lomon-billions-titanium-dioxide-series\\\/\",\"name\":\"Lomon Billions Titanium Dioxide Series - rawchemicalmart.com\",\"isPartOf\":{\"@id\":\"https:\\\/\\\/rawchemicalmart.com\\\/#website\"},\"primaryImageOfPage\":{\"@id\":\"https:\\\/\\\/rawchemicalmart.com\\\/product\\\/lomon-billions-titanium-dioxide-series\\\/#primaryimage\"},\"image\":{\"@id\":\"https:\\\/\\\/rawchemicalmart.com\\\/product\\\/lomon-billions-titanium-dioxide-series\\\/#primaryimage\"},\"thumbnailUrl\":\"https:\\\/\\\/rawchemicalmart.com\\\/wp-content\\\/uploads\\\/2025\\\/05\\\/tilamon-titanium-dioxide_6.png\",\"datePublished\":\"2025-06-05T02:20:33+00:00\",\"dateModified\":\"2026-01-23T07:59:17+00:00\",\"breadcrumb\":{\"@id\":\"https:\\\/\\\/rawchemicalmart.com\\\/product\\\/lomon-billions-titanium-dioxide-series\\\/#breadcrumb\"},\"inLanguage\":\"pt-BR\",\"potentialAction\":[{\"@type\":\"ReadAction\",\"target\":[\"https:\\\/\\\/rawchemicalmart.com\\\/product\\\/lomon-billions-titanium-dioxide-series\\\/\"]}]},{\"@type\":\"ImageObject\",\"inLanguage\":\"pt-BR\",\"@id\":\"https:\\\/\\\/rawchemicalmart.com\\\/product\\\/lomon-billions-titanium-dioxide-series\\\/#primaryimage\",\"url\":\"https:\\\/\\\/rawchemicalmart.com\\\/wp-content\\\/uploads\\\/2025\\\/05\\\/tilamon-titanium-dioxide_6.png\",\"contentUrl\":\"https:\\\/\\\/rawchemicalmart.com\\\/wp-content\\\/uploads\\\/2025\\\/05\\\/tilamon-titanium-dioxide_6.png\",\"width\":800,\"height\":800},{\"@type\":\"BreadcrumbList\",\"@id\":\"https:\\\/\\\/rawchemicalmart.com\\\/product\\\/lomon-billions-titanium-dioxide-series\\\/#breadcrumb\",\"itemListElement\":[{\"@type\":\"ListItem\",\"position\":1,\"name\":\"Home\",\"item\":\"https:\\\/\\\/rawchemicalmart.com\\\/\"},{\"@type\":\"ListItem\",\"position\":2,\"name\":\"Products\",\"item\":\"https:\\\/\\\/rawchemicalmart.com\\\/shop\\\/\"},{\"@type\":\"ListItem\",\"position\":3,\"name\":\"Lomon Billions Titanium Dioxide Series\"}]},{\"@type\":\"WebSite\",\"@id\":\"https:\\\/\\\/rawchemicalmart.com\\\/#website\",\"url\":\"https:\\\/\\\/rawchemicalmart.com\\\/\",\"name\":\"rawchemicalmart.com\",\"description\":\"Leading Raw Chemicals Supplier\",\"potentialAction\":[{\"@type\":\"SearchAction\",\"target\":{\"@type\":\"EntryPoint\",\"urlTemplate\":\"https:\\\/\\\/rawchemicalmart.com\\\/?s={search_term_string}\"},\"query-input\":{\"@type\":\"PropertyValueSpecification\",\"valueRequired\":true,\"valueName\":\"search_term_string\"}}],\"inLanguage\":\"pt-BR\"}]}<\/script>\n<!-- \/ Yoast SEO plugin. -->","yoast_head_json":{"title":"Lomon Billions Titanium Dioxide Series - rawchemicalmart.com","robots":{"index":"index","follow":"follow","max-snippet":"max-snippet:-1","max-image-preview":"max-image-preview:large","max-video-preview":"max-video-preview:-1"},"canonical":"https:\/\/rawchemicalmart.com\/pt\/produto\/lomon-billions-titanium-dioxide-series\/","og_locale":"pt_BR","og_type":"article","og_title":"Lomon Billions Titanium Dioxide Series - rawchemicalmart.com","og_description":"Lomon Billions\u00a0is China's leading titanium dioxide (TiO\u2082) manufacturer, with production bases across multiple locations in the country. It has long maintained the top market share in the domestic industry. Lomon Billions offers a wide range of titanium dioxide grades tailored for various applications, including coatings, plastics, inks, and more. As a\u00a0leading titanium dioxide supplier,\u00a0Tilamon\u00a0provides all Lomon Billions' TiO\u2082 grades, with the\u00a0key product grades\u00a0listed below:","og_url":"https:\/\/rawchemicalmart.com\/pt\/produto\/lomon-billions-titanium-dioxide-series\/","og_site_name":"rawchemicalmart.com","article_modified_time":"2026-01-23T07:59:17+00:00","og_image":[{"width":800,"height":800,"url":"https:\/\/rawchemicalmart.com\/wp-content\/uploads\/2025\/05\/tilamon-titanium-dioxide_6.png","type":"image\/png"}],"twitter_card":"summary_large_image","schema":{"@context":"https:\/\/schema.org","@graph":[{"@type":"WebPage","@id":"https:\/\/rawchemicalmart.com\/product\/lomon-billions-titanium-dioxide-series\/","url":"https:\/\/rawchemicalmart.com\/product\/lomon-billions-titanium-dioxide-series\/","name":"Lomon Billions Titanium Dioxide Series - rawchemicalmart.com","isPartOf":{"@id":"https:\/\/rawchemicalmart.com\/#website"},"primaryImageOfPage":{"@id":"https:\/\/rawchemicalmart.com\/product\/lomon-billions-titanium-dioxide-series\/#primaryimage"},"image":{"@id":"https:\/\/rawchemicalmart.com\/product\/lomon-billions-titanium-dioxide-series\/#primaryimage"},"thumbnailUrl":"https:\/\/rawchemicalmart.com\/wp-content\/uploads\/2025\/05\/tilamon-titanium-dioxide_6.png","datePublished":"2025-06-05T02:20:33+00:00","dateModified":"2026-01-23T07:59:17+00:00","breadcrumb":{"@id":"https:\/\/rawchemicalmart.com\/product\/lomon-billions-titanium-dioxide-series\/#breadcrumb"},"inLanguage":"pt-BR","potentialAction":[{"@type":"ReadAction","target":["https:\/\/rawchemicalmart.com\/product\/lomon-billions-titanium-dioxide-series\/"]}]},{"@type":"ImageObject","inLanguage":"pt-BR","@id":"https:\/\/rawchemicalmart.com\/product\/lomon-billions-titanium-dioxide-series\/#primaryimage","url":"https:\/\/rawchemicalmart.com\/wp-content\/uploads\/2025\/05\/tilamon-titanium-dioxide_6.png","contentUrl":"https:\/\/rawchemicalmart.com\/wp-content\/uploads\/2025\/05\/tilamon-titanium-dioxide_6.png","width":800,"height":800},{"@type":"BreadcrumbList","@id":"https:\/\/rawchemicalmart.com\/product\/lomon-billions-titanium-dioxide-series\/#breadcrumb","itemListElement":[{"@type":"ListItem","position":1,"name":"Home","item":"https:\/\/rawchemicalmart.com\/"},{"@type":"ListItem","position":2,"name":"Products","item":"https:\/\/rawchemicalmart.com\/shop\/"},{"@type":"ListItem","position":3,"name":"Lomon Billions Titanium Dioxide Series"}]},{"@type":"WebSite","@id":"https:\/\/rawchemicalmart.com\/#website","url":"https:\/\/rawchemicalmart.com\/","name":"rawchemicalmart.com","description":"Fornecedor l\u00edder de mat\u00e9rias-primas qu\u00edmicas","potentialAction":[{"@type":"SearchAction","target":{"@type":"EntryPoint","urlTemplate":"https:\/\/rawchemicalmart.com\/?s={search_term_string}"},"query-input":{"@type":"PropertyValueSpecification","valueRequired":true,"valueName":"search_term_string"}}],"inLanguage":"pt-BR"}]}},"_links":{"self":[{"href":"https:\/\/rawchemicalmart.com\/pt\/wp-json\/wp\/v2\/product\/11943","targetHints":{"allow":["GET"]}}],"collection":[{"href":"https:\/\/rawchemicalmart.com\/pt\/wp-json\/wp\/v2\/product"}],"about":[{"href":"https:\/\/rawchemicalmart.com\/pt\/wp-json\/wp\/v2\/types\/product"}],"wp:featuredmedia":[{"embeddable":true,"href":"https:\/\/rawchemicalmart.com\/pt\/wp-json\/wp\/v2\/media\/11114"}],"wp:attachment":[{"href":"https:\/\/rawchemicalmart.com\/pt\/wp-json\/wp\/v2\/media?parent=11943"}],"wp:term":[{"taxonomy":"product_brand","embeddable":true,"href":"https:\/\/rawchemicalmart.com\/pt\/wp-json\/wp\/v2\/product_brand?post=11943"},{"taxonomy":"product_cat","embeddable":true,"href":"https:\/\/rawchemicalmart.com\/pt\/wp-json\/wp\/v2\/product_cat?post=11943"},{"taxonomy":"product_tag","embeddable":true,"href":"https:\/\/rawchemicalmart.com\/pt\/wp-json\/wp\/v2\/product_tag?post=11943"}],"curies":[{"name":"wp","href":"https:\/\/api.w.org\/{rel}","templated":true}]}}