{"id":11757,"date":"2025-06-01T03:00:04","date_gmt":"2025-06-01T03:00:04","guid":{"rendered":"https:\/\/rawchemicalmart.com\/?post_type=product&#038;p=11757"},"modified":"2026-01-23T07:59:24","modified_gmt":"2026-01-23T07:59:24","slug":"tilamon-titanium-dioxide-series","status":"publish","type":"product","link":"https:\/\/rawchemicalmart.com\/pt\/produto\/tilamon-titanium-dioxide-series\/","title":{"rendered":"S\u00e9rie de di\u00f3xido de tit\u00e2nio Tilamon"},"content":{"rendered":"<h2>Especifica\u00e7\u00f5es:<\/h2>\n<div class=\"table-scroll-wrapper\">\n<table id=\"tablepress-87\" class=\"tablepress tablepress-id-87 tbody-has-connected-cells\">\n<thead>\n<tr class=\"row-1\">\n\t<th colspan=\"2\" class=\"column-1\">Item<\/th><th class=\"column-3\">Unidade<\/th><th class=\"column-4\">R-516<\/th><th class=\"column-5\">R-517<\/th><th class=\"column-6\">R-518<\/th><th class=\"column-7\">R-519<\/th><th class=\"column-8\">ZA-100<\/th>\n<\/tr>\n<\/thead>\n<tbody class=\"row-striping row-hover\">\n<tr class=\"row-2\">\n\t<td colspan=\"2\" class=\"column-1\">Teor de TiO2<\/td><td class=\"column-3\">%<\/td><td class=\"column-4\">\u226594<\/td><td class=\"column-5\">\u226598<\/td><td class=\"column-6\">\u226594<\/td><td class=\"column-7\">\u226596<\/td><td class=\"column-8\">\u226598<\/td>\n<\/tr>\n<tr class=\"row-3\">\n\t<td colspan=\"2\" class=\"column-1\">Conte\u00fado de rutilo<\/td><td class=\"column-3\">%<\/td><td class=\"column-4\">\u2014\u2014<\/td><td class=\"column-5\">\u226597<\/td><td class=\"column-6\">\u2014\u2014<\/td><td class=\"column-7\">\u2014\u2014<\/td><td class=\"column-8\">\u226598<\/td>\n<\/tr>\n<tr class=\"row-4\">\n\t<td colspan=\"2\" class=\"column-1\">Tratamento inorg\u00e2nico<\/td><td class=\"column-3\"><\/td><td class=\"column-4\">ZrO2 + Al2O3<\/td><td class=\"column-5\">\u2014\u2014<\/td><td class=\"column-6\">ZrO2 + Al2O3<\/td><td class=\"column-7\">ZrO2 + Al2O3<\/td><td class=\"column-8\">0.2-0.9<\/td>\n<\/tr>\n<tr class=\"row-5\">\n\t<td rowspan=\"2\" class=\"column-1\">Cor<\/td><td class=\"column-2\">CIE L*<\/td><td rowspan=\"2\" class=\"column-3\">%<\/td><td class=\"column-4\">\u226595<\/td><td class=\"column-5\">\u226594,5<\/td><td class=\"column-6\">\u226595<\/td><td class=\"column-7\">\u226595<\/td><td class=\"column-8\">\u2265100<\/td>\n<\/tr>\n<tr class=\"row-6\">\n\t<td class=\"column-2\">\u25b3b<\/td><td class=\"column-4\">\u22642,9<\/td><td class=\"column-5\">\u22642,9<\/td><td class=\"column-6\">\u22642,9<\/td><td class=\"column-7\">\u22640,3<\/td><td class=\"column-8\">\u2014\u2014<\/td>\n<\/tr>\n<tr class=\"row-7\">\n\t<td colspan=\"2\" class=\"column-1\">For\u00e7a de tingimento<\/td><td class=\"column-3\">Reyonlds<\/td><td class=\"column-4\">\u22651900<\/td><td class=\"column-5\">\u22651750<\/td><td class=\"column-6\">\u22651900<\/td><td class=\"column-7\">\u22651950<\/td><td class=\"column-8\">\u2014\u2014<\/td>\n<\/tr>\n<tr class=\"row-8\">\n\t<td colspan=\"2\" class=\"column-1\">Brancura<\/td><td class=\"column-3\"><\/td><td class=\"column-4\">\u2014\u2014<\/td><td class=\"column-5\">Semelhante<\/td><td class=\"column-6\">\u2014\u2014<\/td><td class=\"column-7\">\u2014\u2014<\/td><td class=\"column-8\">\u2014\u2014<\/td>\n<\/tr>\n<tr class=\"row-9\">\n\t<td colspan=\"2\" class=\"column-1\">Absor\u00e7\u00e3o de \u00f3leo<\/td><td class=\"column-3\">g\/100g<\/td><td class=\"column-4\">\u226416<\/td><td class=\"column-5\">\u226420<\/td><td class=\"column-6\">\u226419<\/td><td class=\"column-7\">\u226416<\/td><td class=\"column-8\">\u226423<\/td>\n<\/tr>\n<tr class=\"row-10\">\n\t<td colspan=\"2\" class=\"column-1\">Tamanho m\u00e9dio de part\u00edcula<\/td><td class=\"column-3\">\u03bcm<\/td><td class=\"column-4\">0.42<\/td><td class=\"column-5\">\u2014\u2014<\/td><td class=\"column-6\">0.42<\/td><td class=\"column-7\">0.42<\/td><td class=\"column-8\">\u2014\u2014<\/td>\n<\/tr>\n<tr class=\"row-11\">\n\t<td colspan=\"2\" class=\"column-1\">Umidade (105\u2103)<\/td><td class=\"column-3\">%<\/td><td class=\"column-4\">\u22640,5<\/td><td class=\"column-5\">\u22640,5<\/td><td class=\"column-6\">\u22640,5<\/td><td class=\"column-7\">\u22640,3<\/td><td class=\"column-8\">\u22640,5<\/td>\n<\/tr>\n<tr class=\"row-12\">\n\t<td colspan=\"2\" class=\"column-1\">Sol\u00favel em \u00e1gua<\/td><td class=\"column-3\">%<\/td><td class=\"column-4\">\u2014\u2014<\/td><td class=\"column-5\">\u22640,6<\/td><td class=\"column-6\">\u2014\u2014<\/td><td class=\"column-7\">\u2014\u2014<\/td><td class=\"column-8\">\u2014\u2014<\/td>\n<\/tr>\n<tr class=\"row-13\">\n\t<td colspan=\"2\" class=\"column-1\">PH<\/td><td class=\"column-3\"><\/td><td class=\"column-4\">\u2014\u2014<\/td><td class=\"column-5\">6.0-8.0<\/td><td class=\"column-6\">\u2014\u2014<\/td><td class=\"column-7\">\u2014\u2014<\/td><td class=\"column-8\">6.5-8.0<\/td>\n<\/tr>\n<tr class=\"row-14\">\n\t<td colspan=\"2\" class=\"column-1\">Durabilidade<\/td><td class=\"column-3\"><\/td><td class=\"column-4\">Bom<\/td><td class=\"column-5\"><\/td><td class=\"column-6\">Bom<\/td><td class=\"column-7\">Bom<\/td><td class=\"column-8\">\u2014\u2014<\/td>\n<\/tr>\n<tr class=\"row-15\">\n\t<td colspan=\"2\" class=\"column-1\">Res\u00edduo (45\u03bcm)<\/td><td class=\"column-3\">%<\/td><td class=\"column-4\">\u2014\u2014<\/td><td class=\"column-5\">\u22640,10<\/td><td class=\"column-6\">\u2014\u2014<\/td><td class=\"column-7\">\u2014\u2014<\/td><td class=\"column-8\">\u22640,03<\/td>\n<\/tr>\n<tr class=\"row-16\">\n\t<td colspan=\"2\" class=\"column-1\">Processo de produ\u00e7\u00e3o<\/td><td class=\"column-3\"><\/td><td class=\"column-4\">Processo de sulfato<\/td><td class=\"column-5\">Processo de sulfato<\/td><td class=\"column-6\">Processo de sulfato<\/td><td class=\"column-7\">Processo de sulfato<\/td><td class=\"column-8\"><\/td>\n<\/tr>\n<tr class=\"row-17\">\n\t<td colspan=\"3\" class=\"column-1\">Principais caracter\u00edsticas<\/td><td class=\"column-4\">Com alto poder de cobertura, boa dispersibilidade e baixa absor\u00e7\u00e3o de \u00f3leo, \u00e9 usado principalmente em diversas aplica\u00e7\u00f5es de tinta.<\/td><td class=\"column-5\">Subtom azul, excelente resist\u00eancia \u00e0s intemp\u00e9ries, excelente dispersibilidade e baixa absor\u00e7\u00e3o de \u00f3leo.<br \/>\n<\/td><td class=\"column-6\">Apresenta propriedades hidrof\u00edlicas e lipof\u00edlicas, multifuncionalidade, alta resist\u00eancia \u00e0s intemp\u00e9ries e caracter\u00edsticas e desempenho de n\u00edvel universal.<br \/>\n<\/td><td class=\"column-7\">Alta opacidade, alta brancura, excelente dispersibilidade, baixo teor de umidade e propriedades que proporcionam desempenho anti-rachaduras e fluidez de fus\u00e3o.<br \/>\n<\/td><td class=\"column-8\">Alto brilho, excelente dispersibilidade, baixa absor\u00e7\u00e3o de \u00f3leo e alta resist\u00eancia \u00e0s intemp\u00e9ries: essas s\u00e3o suas principais propriedades e vantagens de desempenho.<br \/>\n<\/td>\n<\/tr>\n<tr class=\"row-18\">\n\t<td colspan=\"3\" class=\"column-1\">Aplica\u00e7\u00f5es<\/td><td class=\"column-4\">Tinta, pl\u00e1sticos, revestimentos, fabrica\u00e7\u00e3o de papel e outros campos.<br \/>\n<\/td><td class=\"column-5\">Revestimentos internos e externos, revestimentos em p\u00f3, masterbatches, pl\u00e1sticos e outras ind\u00fastrias.<br \/>\n<\/td><td class=\"column-6\">Adequado para aplica\u00e7\u00f5es em revestimentos, tintas, pl\u00e1sticos, fabrica\u00e7\u00e3o de papel e outros campos.<br \/>\n<\/td><td class=\"column-7\">Adequado para aplica\u00e7\u00f5es em poliolefinas, PVC, ABS, PS, masterbatches, perfis, chapas, tubos, masterbatches de poliolefina, pl\u00e1sticos industriais e outros campos.<br \/>\n<\/td><td class=\"column-8\">Adequado para aplica\u00e7\u00f5es em revestimentos de paredes internas, tintas decorativas de interiores, primers, borracha, fabrica\u00e7\u00e3o de papel, couro e outros campos.<br \/>\n<\/td>\n<\/tr>\n<\/tbody>\n<\/table>\n<!-- #tablepress-87 from cache --><\/div>\n<h2>Armazenar:<\/h2>\n<p class=\"ds-markdown-paragraph\">Para manter a qualidade e o desempenho do produto, observe os seguintes requisitos de armazenamento:<\/p>\n<ul>\n<li>\n<p class=\"ds-markdown-paragraph\"><strong>Somente armazenamento interno<\/strong>\u00a0\u2013 Armazene em local seco e bem ventilado. N\u00e3o exponha a condi\u00e7\u00f5es externas.<\/p>\n<\/li>\n<li>\n<p class=\"ds-markdown-paragraph\"><strong>Evite umidade e extremos<\/strong>\u00a0\u2013 Proteger da umidade, varia\u00e7\u00f5es de temperatura e luz solar direta.<\/p>\n<\/li>\n<li>\n<p class=\"ds-markdown-paragraph\"><strong>FIFO (Primeiro a Entrar, Primeiro a Sair)<\/strong>\u00a0\u2013 Gire o estoque para garantir que o invent\u00e1rio mais antigo seja usado primeiro.<\/p>\n<\/li>\n<\/ul>\n<p class=\"ds-markdown-paragraph\">O armazenamento adequado ajuda a preservar a integridade do produto e garante o desempenho ideal.<\/p>\n<h2>Seguran\u00e7a:<\/h2>\n<p>Boas pr\u00e1ticas de higiene industrial devem ser adotadas para evitar a produ\u00e7\u00e3o de poeira. Consulte a ficha de dados de seguran\u00e7a.<\/p>\n<h2>Embalagem:<\/h2>\n<p>Os pigmentos de di\u00f3xido de tit\u00e2nio est\u00e3o dispon\u00edveis em sacos de 25 kg.<\/p>\n<p>&nbsp;<\/p>\n<p>&nbsp;<\/p>","protected":false},"excerpt":{"rendered":"<p class=\"tmnf_excerpt\">A S\u00e9rie de Di\u00f3xido de Tit\u00e2nio da Tilamon inclui uma gama de pigmentos de TiO\u2082 anatase e rutilo de alto desempenho, produzidos pelo processo de sulfato. Desenvolvidos com controle preciso do tamanho de part\u00edculas e tecnologias de tratamento de superf\u00edcie, esses pigmentos proporcionam excelente brancura, alto poder de tingimento, baixa absor\u00e7\u00e3o de \u00f3leo e excelente dispersibilidade. Adequados para um amplo espectro de aplica\u00e7\u00f5es, incluindo revestimentos, pl\u00e1sticos, borracha, papel, tinta, couro e fibras, cada grau \u00e9 personalizado para atender \u00e0s demandas espec\u00edficas da ind\u00fastria. Seja para uso geral ou formula\u00e7\u00f5es especializadas, os pigmentos de TiO\u2082 da Tilamon garantem qualidade consistente e desempenho confi\u00e1vel.\n<\/p>","protected":false},"featured_media":11109,"template":"","meta":{"_acf_changed":false},"product_brand":[],"product_cat":[61],"product_tag":[54],"class_list":{"0":"post-11757","1":"product","2":"type-product","3":"status-publish","4":"has-post-thumbnail","6":"product_cat-titanium-dioxide","7":"product_tag-hot-sell","9":"first","10":"instock","11":"shipping-taxable","12":"product-type-simple"},"acf":[],"yoast_head":"<!-- This site is optimized with the Yoast SEO plugin v27.4 - https:\/\/yoast.com\/product\/yoast-seo-wordpress\/ -->\n<title>Tilamon Titanium Dioxide Series - rawchemicalmart.com<\/title>\n<meta name=\"robots\" content=\"index, follow, max-snippet:-1, max-image-preview:large, max-video-preview:-1\" \/>\n<link rel=\"canonical\" href=\"https:\/\/rawchemicalmart.com\/pt\/produto\/tilamon-titanium-dioxide-series\/\" \/>\n<meta property=\"og:locale\" content=\"pt_BR\" \/>\n<meta property=\"og:type\" content=\"article\" \/>\n<meta property=\"og:title\" content=\"Tilamon Titanium Dioxide Series - rawchemicalmart.com\" \/>\n<meta property=\"og:description\" content=\"The Tilamon Titanium Dioxide Series includes a range of high-performance anatase and rutile TiO\u2082 pigments produced by the sulfate process. Engineered with precise particle size control and surface treatment technologies, these pigments deliver excellent whiteness, high tinting strength, low oil absorption, and outstanding dispersibility. Suitable for a broad spectrum of applications, including coatings, plastics, rubber, paper, ink, leather, and fibers, each grade is tailored to meet specific industry demands. Whether for general-purpose use or specialized formulations, Tilamon TiO\u2082 pigments ensure consistent quality and reliable performance.\" \/>\n<meta property=\"og:url\" content=\"https:\/\/rawchemicalmart.com\/pt\/produto\/tilamon-titanium-dioxide-series\/\" \/>\n<meta property=\"og:site_name\" content=\"rawchemicalmart.com\" \/>\n<meta property=\"article:modified_time\" content=\"2026-01-23T07:59:24+00:00\" \/>\n<meta property=\"og:image\" content=\"https:\/\/rawchemicalmart.com\/wp-content\/uploads\/2025\/05\/tilamon-titanium-dioxide_1.png\" \/>\n\t<meta property=\"og:image:width\" content=\"800\" \/>\n\t<meta property=\"og:image:height\" content=\"800\" \/>\n\t<meta property=\"og:image:type\" content=\"image\/png\" \/>\n<meta name=\"twitter:card\" content=\"summary_large_image\" \/>\n<script type=\"application\/ld+json\" class=\"yoast-schema-graph\">{\"@context\":\"https:\\\/\\\/schema.org\",\"@graph\":[{\"@type\":\"WebPage\",\"@id\":\"https:\\\/\\\/rawchemicalmart.com\\\/product\\\/tilamon-titanium-dioxide-series\\\/\",\"url\":\"https:\\\/\\\/rawchemicalmart.com\\\/product\\\/tilamon-titanium-dioxide-series\\\/\",\"name\":\"Tilamon Titanium Dioxide Series - rawchemicalmart.com\",\"isPartOf\":{\"@id\":\"https:\\\/\\\/rawchemicalmart.com\\\/#website\"},\"primaryImageOfPage\":{\"@id\":\"https:\\\/\\\/rawchemicalmart.com\\\/product\\\/tilamon-titanium-dioxide-series\\\/#primaryimage\"},\"image\":{\"@id\":\"https:\\\/\\\/rawchemicalmart.com\\\/product\\\/tilamon-titanium-dioxide-series\\\/#primaryimage\"},\"thumbnailUrl\":\"https:\\\/\\\/rawchemicalmart.com\\\/wp-content\\\/uploads\\\/2025\\\/05\\\/tilamon-titanium-dioxide_1.png\",\"datePublished\":\"2025-06-01T03:00:04+00:00\",\"dateModified\":\"2026-01-23T07:59:24+00:00\",\"breadcrumb\":{\"@id\":\"https:\\\/\\\/rawchemicalmart.com\\\/product\\\/tilamon-titanium-dioxide-series\\\/#breadcrumb\"},\"inLanguage\":\"pt-BR\",\"potentialAction\":[{\"@type\":\"ReadAction\",\"target\":[\"https:\\\/\\\/rawchemicalmart.com\\\/product\\\/tilamon-titanium-dioxide-series\\\/\"]}]},{\"@type\":\"ImageObject\",\"inLanguage\":\"pt-BR\",\"@id\":\"https:\\\/\\\/rawchemicalmart.com\\\/product\\\/tilamon-titanium-dioxide-series\\\/#primaryimage\",\"url\":\"https:\\\/\\\/rawchemicalmart.com\\\/wp-content\\\/uploads\\\/2025\\\/05\\\/tilamon-titanium-dioxide_1.png\",\"contentUrl\":\"https:\\\/\\\/rawchemicalmart.com\\\/wp-content\\\/uploads\\\/2025\\\/05\\\/tilamon-titanium-dioxide_1.png\",\"width\":800,\"height\":800},{\"@type\":\"BreadcrumbList\",\"@id\":\"https:\\\/\\\/rawchemicalmart.com\\\/product\\\/tilamon-titanium-dioxide-series\\\/#breadcrumb\",\"itemListElement\":[{\"@type\":\"ListItem\",\"position\":1,\"name\":\"Home\",\"item\":\"https:\\\/\\\/rawchemicalmart.com\\\/\"},{\"@type\":\"ListItem\",\"position\":2,\"name\":\"Products\",\"item\":\"https:\\\/\\\/rawchemicalmart.com\\\/shop\\\/\"},{\"@type\":\"ListItem\",\"position\":3,\"name\":\"Tilamon Titanium Dioxide Series\"}]},{\"@type\":\"WebSite\",\"@id\":\"https:\\\/\\\/rawchemicalmart.com\\\/#website\",\"url\":\"https:\\\/\\\/rawchemicalmart.com\\\/\",\"name\":\"rawchemicalmart.com\",\"description\":\"Leading Raw Chemicals Supplier\",\"potentialAction\":[{\"@type\":\"SearchAction\",\"target\":{\"@type\":\"EntryPoint\",\"urlTemplate\":\"https:\\\/\\\/rawchemicalmart.com\\\/?s={search_term_string}\"},\"query-input\":{\"@type\":\"PropertyValueSpecification\",\"valueRequired\":true,\"valueName\":\"search_term_string\"}}],\"inLanguage\":\"pt-BR\"}]}<\/script>\n<!-- \/ Yoast SEO plugin. -->","yoast_head_json":{"title":"Tilamon Titanium Dioxide Series - rawchemicalmart.com","robots":{"index":"index","follow":"follow","max-snippet":"max-snippet:-1","max-image-preview":"max-image-preview:large","max-video-preview":"max-video-preview:-1"},"canonical":"https:\/\/rawchemicalmart.com\/pt\/produto\/tilamon-titanium-dioxide-series\/","og_locale":"pt_BR","og_type":"article","og_title":"Tilamon Titanium Dioxide Series - rawchemicalmart.com","og_description":"The Tilamon Titanium Dioxide Series includes a range of high-performance anatase and rutile TiO\u2082 pigments produced by the sulfate process. Engineered with precise particle size control and surface treatment technologies, these pigments deliver excellent whiteness, high tinting strength, low oil absorption, and outstanding dispersibility. Suitable for a broad spectrum of applications, including coatings, plastics, rubber, paper, ink, leather, and fibers, each grade is tailored to meet specific industry demands. Whether for general-purpose use or specialized formulations, Tilamon TiO\u2082 pigments ensure consistent quality and reliable performance.","og_url":"https:\/\/rawchemicalmart.com\/pt\/produto\/tilamon-titanium-dioxide-series\/","og_site_name":"rawchemicalmart.com","article_modified_time":"2026-01-23T07:59:24+00:00","og_image":[{"width":800,"height":800,"url":"https:\/\/rawchemicalmart.com\/wp-content\/uploads\/2025\/05\/tilamon-titanium-dioxide_1.png","type":"image\/png"}],"twitter_card":"summary_large_image","schema":{"@context":"https:\/\/schema.org","@graph":[{"@type":"WebPage","@id":"https:\/\/rawchemicalmart.com\/product\/tilamon-titanium-dioxide-series\/","url":"https:\/\/rawchemicalmart.com\/product\/tilamon-titanium-dioxide-series\/","name":"Tilamon Titanium Dioxide Series - rawchemicalmart.com","isPartOf":{"@id":"https:\/\/rawchemicalmart.com\/#website"},"primaryImageOfPage":{"@id":"https:\/\/rawchemicalmart.com\/product\/tilamon-titanium-dioxide-series\/#primaryimage"},"image":{"@id":"https:\/\/rawchemicalmart.com\/product\/tilamon-titanium-dioxide-series\/#primaryimage"},"thumbnailUrl":"https:\/\/rawchemicalmart.com\/wp-content\/uploads\/2025\/05\/tilamon-titanium-dioxide_1.png","datePublished":"2025-06-01T03:00:04+00:00","dateModified":"2026-01-23T07:59:24+00:00","breadcrumb":{"@id":"https:\/\/rawchemicalmart.com\/product\/tilamon-titanium-dioxide-series\/#breadcrumb"},"inLanguage":"pt-BR","potentialAction":[{"@type":"ReadAction","target":["https:\/\/rawchemicalmart.com\/product\/tilamon-titanium-dioxide-series\/"]}]},{"@type":"ImageObject","inLanguage":"pt-BR","@id":"https:\/\/rawchemicalmart.com\/product\/tilamon-titanium-dioxide-series\/#primaryimage","url":"https:\/\/rawchemicalmart.com\/wp-content\/uploads\/2025\/05\/tilamon-titanium-dioxide_1.png","contentUrl":"https:\/\/rawchemicalmart.com\/wp-content\/uploads\/2025\/05\/tilamon-titanium-dioxide_1.png","width":800,"height":800},{"@type":"BreadcrumbList","@id":"https:\/\/rawchemicalmart.com\/product\/tilamon-titanium-dioxide-series\/#breadcrumb","itemListElement":[{"@type":"ListItem","position":1,"name":"Home","item":"https:\/\/rawchemicalmart.com\/"},{"@type":"ListItem","position":2,"name":"Products","item":"https:\/\/rawchemicalmart.com\/shop\/"},{"@type":"ListItem","position":3,"name":"Tilamon Titanium Dioxide Series"}]},{"@type":"WebSite","@id":"https:\/\/rawchemicalmart.com\/#website","url":"https:\/\/rawchemicalmart.com\/","name":"rawchemicalmart.com","description":"Fornecedor l\u00edder de mat\u00e9rias-primas qu\u00edmicas","potentialAction":[{"@type":"SearchAction","target":{"@type":"EntryPoint","urlTemplate":"https:\/\/rawchemicalmart.com\/?s={search_term_string}"},"query-input":{"@type":"PropertyValueSpecification","valueRequired":true,"valueName":"search_term_string"}}],"inLanguage":"pt-BR"}]}},"_links":{"self":[{"href":"https:\/\/rawchemicalmart.com\/pt\/wp-json\/wp\/v2\/product\/11757","targetHints":{"allow":["GET"]}}],"collection":[{"href":"https:\/\/rawchemicalmart.com\/pt\/wp-json\/wp\/v2\/product"}],"about":[{"href":"https:\/\/rawchemicalmart.com\/pt\/wp-json\/wp\/v2\/types\/product"}],"wp:featuredmedia":[{"embeddable":true,"href":"https:\/\/rawchemicalmart.com\/pt\/wp-json\/wp\/v2\/media\/11109"}],"wp:attachment":[{"href":"https:\/\/rawchemicalmart.com\/pt\/wp-json\/wp\/v2\/media?parent=11757"}],"wp:term":[{"taxonomy":"product_brand","embeddable":true,"href":"https:\/\/rawchemicalmart.com\/pt\/wp-json\/wp\/v2\/product_brand?post=11757"},{"taxonomy":"product_cat","embeddable":true,"href":"https:\/\/rawchemicalmart.com\/pt\/wp-json\/wp\/v2\/product_cat?post=11757"},{"taxonomy":"product_tag","embeddable":true,"href":"https:\/\/rawchemicalmart.com\/pt\/wp-json\/wp\/v2\/product_tag?post=11757"}],"curies":[{"name":"wp","href":"https:\/\/api.w.org\/{rel}","templated":true}]}}