{"id":11626,"date":"2025-05-24T01:00:28","date_gmt":"2025-05-24T01:00:28","guid":{"rendered":"https:\/\/rawchemicalmart.com\/?post_type=product&#038;p=11626"},"modified":"2025-06-07T01:24:42","modified_gmt":"2025-06-07T01:24:42","slug":"goma-xantana","status":"publish","type":"product","link":"https:\/\/rawchemicalmart.com\/pt\/produto\/goma-xantana\/","title":{"rendered":"goma xantana"},"content":{"rendered":"<h2 class=\"md-end-block md-heading md-focus\"><span class=\"md-plain md-expand\">Especifica\u00e7\u00e3o:<\/span><\/h2>\n<div class=\"table-scroll-wrapper\">\n<table id=\"tablepress-34\" class=\"tablepress tablepress-id-34\">\n<thead>\n<tr class=\"row-1\">\n\t<th class=\"column-1\">Par\u00e2metro<\/th><th class=\"column-2\">Especifica\u00e7\u00e3o<\/th>\n<\/tr>\n<\/thead>\n<tbody class=\"row-striping row-hover\">\n<tr class=\"row-2\">\n\t<td class=\"column-1\">Apar\u00eancia<\/td><td class=\"column-2\">P\u00f3 branco ou amarelo claro<\/td>\n<\/tr>\n<tr class=\"row-3\">\n\t<td class=\"column-1\">Tamanho de part\u00edcula (malha)<\/td><td class=\"column-2\">100% atrav\u00e9s de 60 mesh<br \/>\nN\u00e3o menos que 95% atrav\u00e9s de 80 mesh<\/td>\n<\/tr>\n<tr class=\"row-4\">\n\t<td class=\"column-1\">Viscosidade (cp, 1% KCL)<\/td><td class=\"column-2\">1200-1700<\/td>\n<\/tr>\n<tr class=\"row-5\">\n\t<td class=\"column-1\">Raz\u00e3o de cisalhamento<\/td><td class=\"column-2\">\u22656,5<\/td>\n<\/tr>\n<tr class=\"row-6\">\n\t<td class=\"column-1\">V1\/V2<\/td><td class=\"column-2\">1,02 a 1,45<\/td>\n<\/tr>\n<tr class=\"row-7\">\n\t<td class=\"column-1\">pH (solu\u00e7\u00e3o 1%)<\/td><td class=\"column-2\">6.0-8.0<\/td>\n<\/tr>\n<tr class=\"row-8\">\n\t<td class=\"column-1\">Perda na Secagem (%)<\/td><td class=\"column-2\">\u226415<\/td>\n<\/tr>\n<tr class=\"row-9\">\n\t<td class=\"column-1\">Cinzas (%)<\/td><td class=\"column-2\">\u226416<\/td>\n<\/tr>\n<tr class=\"row-10\">\n\t<td class=\"column-1\">Pb (ppm)<\/td><td class=\"column-2\">\u22642<\/td>\n<\/tr>\n<tr class=\"row-11\">\n\t<td class=\"column-1\">Nitrog\u00eanio Total (%)<\/td><td class=\"column-2\">\u22641,5<\/td>\n<\/tr>\n<tr class=\"row-12\">\n\t<td class=\"column-1\">\u00c1cido pir\u00favico (%)<\/td><td class=\"column-2\">\u22651,5<\/td>\n<\/tr>\n<tr class=\"row-13\">\n\t<td class=\"column-1\">Contagem total de placas (UFC\/g)<\/td><td class=\"column-2\">\u22642000<\/td>\n<\/tr>\n<tr class=\"row-14\">\n\t<td class=\"column-1\">Bolores\/Leveduras (UFC\/g)<\/td><td class=\"column-2\">\u2264100<\/td>\n<\/tr>\n<tr class=\"row-15\">\n\t<td class=\"column-1\">Coliformes (NMP\/g)<\/td><td class=\"column-2\">\u22640,3<\/td>\n<\/tr>\n<tr class=\"row-16\">\n\t<td class=\"column-1\">Salmonela<\/td><td class=\"column-2\">Ausente<\/td>\n<\/tr>\n<\/tbody>\n<\/table>\n<!-- #tablepress-34 from cache --><\/div>\n<h2 class=\"md-end-block md-heading\"><span class=\"md-plain\">Caracter\u00edsticas:<\/span><\/h2>\n<ul class=\"ul-list\" data-mark=\"-\">\n<li class=\"md-list-item\">\n<p class=\"md-end-block md-p\"><span class=\"md-plain\">Espessamento e estabiliza\u00e7\u00e3o superiores: oferece excelentes propriedades de espessamento, ideais para uma variedade de formula\u00e7\u00f5es.<\/span><\/p>\n<\/li>\n<li class=\"md-list-item\">\n<p class=\"md-end-block md-p\"><span class=\"md-plain\">Resist\u00eancia ao cisalhamento: mant\u00e9m a viscosidade sob cisalhamento, garantindo desempenho consistente em ambientes de alto cisalhamento.<\/span><\/p>\n<\/li>\n<li class=\"md-list-item\">\n<p class=\"md-end-block md-p\"><span class=\"md-plain\">Pseudoplasticidade: Exibe comportamento reol\u00f3gico \u00fanico, melhorando a textura e a estabilidade dos produtos.<\/span><\/p>\n<\/li>\n<li class=\"md-list-item\">\n<p class=\"md-end-block md-p\"><span class=\"md-plain\">Vers\u00e1til: amplamente utilizado em diversos setores, como alimentos, produtos farmac\u00eauticos, perfura\u00e7\u00e3o de petr\u00f3leo e produtos qu\u00edmicos finos.<\/span><\/p>\n<\/li>\n<\/ul>\n<h2 class=\"md-end-block md-heading\"><span class=\"md-plain\">Aplica\u00e7\u00f5es:<\/span><\/h2>\n<ul class=\"ul-list\" data-mark=\"-\">\n<li class=\"md-list-item\">\n<p class=\"md-end-block md-p\"><span class=\"md-plain\">Comida: Molhos para salada, maionese, bebidas, sopas e temperos.<\/span><\/p>\n<\/li>\n<li class=\"md-list-item\">\n<p class=\"md-end-block md-p\"><span class=\"md-plain\">Produtos farmac\u00eauticos: Usado como aglutinante e agente espessante em formula\u00e7\u00f5es.<\/span><\/p>\n<\/li>\n<li class=\"md-list-item\">\n<p class=\"md-end-block md-p\"><span class=\"md-plain\">Produtos qu\u00edmicos finos: em diversas aplica\u00e7\u00f5es especiais que exigem controle de viscosidade e efeitos estabilizadores.<\/span><\/p>\n<\/li>\n<li class=\"md-list-item\">\n<p class=\"md-end-block md-p\"><span class=\"md-plain\">Perfura\u00e7\u00e3o de petr\u00f3leo: usado em fluidos de perfura\u00e7\u00e3o para melhorar a viscosidade e o controle de perdas de fluido.<\/span><\/p>\n<\/li>\n<\/ul>\n<h2 class=\"md-end-block md-heading\"><span class=\"md-plain\">Embalagem:<\/span><\/h2>\n<ul class=\"ul-list\" data-mark=\"-\">\n<li class=\"md-list-item\">\n<p class=\"md-end-block md-p\"><span class=\"md-plain\">Op\u00e7\u00f5es de embalagem:<\/span><\/p>\n<ul class=\"ul-list\" data-mark=\"-\">\n<li class=\"md-list-item\">\n<p class=\"md-end-block md-p\"><span class=\"md-plain\">Saco de papel kraft de 25 kg<\/span><\/p>\n<\/li>\n<li class=\"md-list-item\">\n<p class=\"md-end-block md-p\"><span class=\"md-plain\">Tambor de papel<\/span><\/p>\n<\/li>\n<li class=\"md-list-item\">\n<p class=\"md-end-block md-p\"><span class=\"md-plain\">Caixa (todas com sacos pl\u00e1sticos internos)<\/span><\/p>\n<\/li>\n<\/ul>\n<\/li>\n<\/ul>\n<h2 class=\"md-end-block md-heading\"><span class=\"md-plain\">Armazenar:<\/span><\/h2>\n<ul class=\"ul-list\" data-mark=\"-\">\n<li class=\"md-list-item\">\n<p class=\"md-end-block md-p\"><span class=\"md-plain\">Condi\u00e7\u00f5es: Armazene em local ventilado, limpo, seco e fresco. N\u00e3o armazene com subst\u00e2ncias t\u00f3xicas, nocivas ou corrosivas.<\/span><\/p>\n<\/li>\n<li class=\"md-list-item md-focus-container\">\n<p class=\"md-end-block md-p md-focus\"><span class=\"md-plain\">Validade: 24 meses a partir da data de fabrica\u00e7\u00e3o, quando armazenado nas condi\u00e7\u00f5es recomendadas e com a embalagem original intacta.<\/span><\/p>\n<\/li>\n<\/ul>","protected":false},"excerpt":{"rendered":"<p class=\"tmnf_excerpt\">A goma xantana \u00e9 um polissacar\u00eddeo biol\u00f3gico hidrof\u00edlico derivado do amido de milho por meio de fermenta\u00e7\u00e3o com Xanthomonas campestris, seguida de processos de extra\u00e7\u00e3o, secagem e moagem. Conhecida por suas propriedades superiores de espessamento e estabiliza\u00e7\u00e3o, resist\u00eancia ao cisalhamento e comportamento reol\u00f3gico pseudopl\u00e1stico \u00fanico, a goma xantana \u00e9 amplamente utilizada em diversas ind\u00fastrias, como a aliment\u00edcia, farmac\u00eautica, qu\u00edmica fina e de perfura\u00e7\u00e3o de petr\u00f3leo.\n<\/p>","protected":false},"featured_media":11137,"template":"","meta":{"_acf_changed":false},"product_brand":[],"product_cat":[51],"product_tag":[54],"class_list":{"0":"post-11626","1":"product","2":"type-product","3":"status-publish","4":"has-post-thumbnail","6":"product_cat-oilfields","7":"product_tag-hot-sell","9":"first","10":"instock","11":"shipping-taxable","12":"product-type-simple"},"acf":[],"yoast_head":"<!-- This site is optimized with the Yoast SEO plugin v27.4 - https:\/\/yoast.com\/product\/yoast-seo-wordpress\/ -->\n<title>xanthan gum - rawchemicalmart.com<\/title>\n<meta name=\"robots\" content=\"index, follow, max-snippet:-1, max-image-preview:large, max-video-preview:-1\" \/>\n<link rel=\"canonical\" href=\"https:\/\/rawchemicalmart.com\/pt\/produto\/goma-xantana\/\" \/>\n<meta property=\"og:locale\" content=\"pt_BR\" \/>\n<meta property=\"og:type\" content=\"article\" \/>\n<meta property=\"og:title\" content=\"xanthan gum - rawchemicalmart.com\" \/>\n<meta property=\"og:description\" content=\"anthan gum is a hydrophilic biological polysaccharide derived from corn starch through fermentation with Xanthomonas campestris, followed by extraction, drying, and grinding processes. Known for its superior thickening and stabilizing properties, shear resistance, and unique pseudo-plastic rheological behavior, xanthan gum is widely used in various industries such as food, pharmaceuticals, fine chemicals, and oil drilling.\" \/>\n<meta property=\"og:url\" content=\"https:\/\/rawchemicalmart.com\/pt\/produto\/goma-xantana\/\" \/>\n<meta property=\"og:site_name\" content=\"rawchemicalmart.com\" \/>\n<meta property=\"article:modified_time\" content=\"2025-06-07T01:24:42+00:00\" \/>\n<meta property=\"og:image\" content=\"https:\/\/rawchemicalmart.com\/wp-content\/uploads\/2025\/05\/xanthan-gum-2025-01-14_1.png\" \/>\n\t<meta property=\"og:image:width\" content=\"800\" \/>\n\t<meta property=\"og:image:height\" content=\"800\" \/>\n\t<meta property=\"og:image:type\" content=\"image\/png\" \/>\n<meta name=\"twitter:card\" content=\"summary_large_image\" \/>\n<meta name=\"twitter:label1\" content=\"Est. tempo de leitura\" \/>\n\t<meta name=\"twitter:data1\" content=\"1 minuto\" \/>\n<script type=\"application\/ld+json\" class=\"yoast-schema-graph\">{\"@context\":\"https:\\\/\\\/schema.org\",\"@graph\":[{\"@type\":\"WebPage\",\"@id\":\"https:\\\/\\\/rawchemicalmart.com\\\/pt\\\/produto\\\/xanthan-gum\\\/\",\"url\":\"https:\\\/\\\/rawchemicalmart.com\\\/pt\\\/produto\\\/xanthan-gum\\\/\",\"name\":\"xanthan gum - rawchemicalmart.com\",\"isPartOf\":{\"@id\":\"https:\\\/\\\/rawchemicalmart.com\\\/#website\"},\"primaryImageOfPage\":{\"@id\":\"https:\\\/\\\/rawchemicalmart.com\\\/pt\\\/produto\\\/xanthan-gum\\\/#primaryimage\"},\"image\":{\"@id\":\"https:\\\/\\\/rawchemicalmart.com\\\/pt\\\/produto\\\/xanthan-gum\\\/#primaryimage\"},\"thumbnailUrl\":\"https:\\\/\\\/rawchemicalmart.com\\\/wp-content\\\/uploads\\\/2025\\\/05\\\/xanthan-gum-2025-01-14_1.png\",\"datePublished\":\"2025-05-24T01:00:28+00:00\",\"dateModified\":\"2025-06-07T01:24:42+00:00\",\"breadcrumb\":{\"@id\":\"https:\\\/\\\/rawchemicalmart.com\\\/pt\\\/produto\\\/xanthan-gum\\\/#breadcrumb\"},\"inLanguage\":\"pt-BR\",\"potentialAction\":[{\"@type\":\"ReadAction\",\"target\":[\"https:\\\/\\\/rawchemicalmart.com\\\/pt\\\/produto\\\/xanthan-gum\\\/\"]}]},{\"@type\":\"ImageObject\",\"inLanguage\":\"pt-BR\",\"@id\":\"https:\\\/\\\/rawchemicalmart.com\\\/pt\\\/produto\\\/xanthan-gum\\\/#primaryimage\",\"url\":\"https:\\\/\\\/rawchemicalmart.com\\\/wp-content\\\/uploads\\\/2025\\\/05\\\/xanthan-gum-2025-01-14_1.png\",\"contentUrl\":\"https:\\\/\\\/rawchemicalmart.com\\\/wp-content\\\/uploads\\\/2025\\\/05\\\/xanthan-gum-2025-01-14_1.png\",\"width\":800,\"height\":800},{\"@type\":\"BreadcrumbList\",\"@id\":\"https:\\\/\\\/rawchemicalmart.com\\\/pt\\\/produto\\\/xanthan-gum\\\/#breadcrumb\",\"itemListElement\":[{\"@type\":\"ListItem\",\"position\":1,\"name\":\"Home\",\"item\":\"https:\\\/\\\/rawchemicalmart.com\\\/\"},{\"@type\":\"ListItem\",\"position\":2,\"name\":\"Products\",\"item\":\"https:\\\/\\\/rawchemicalmart.com\\\/shop\\\/\"},{\"@type\":\"ListItem\",\"position\":3,\"name\":\"xanthan gum\"}]},{\"@type\":\"WebSite\",\"@id\":\"https:\\\/\\\/rawchemicalmart.com\\\/#website\",\"url\":\"https:\\\/\\\/rawchemicalmart.com\\\/\",\"name\":\"rawchemicalmart.com\",\"description\":\"Leading Raw Chemicals Supplier\",\"potentialAction\":[{\"@type\":\"SearchAction\",\"target\":{\"@type\":\"EntryPoint\",\"urlTemplate\":\"https:\\\/\\\/rawchemicalmart.com\\\/?s={search_term_string}\"},\"query-input\":{\"@type\":\"PropertyValueSpecification\",\"valueRequired\":true,\"valueName\":\"search_term_string\"}}],\"inLanguage\":\"pt-BR\"}]}<\/script>\n<!-- \/ Yoast SEO plugin. -->","yoast_head_json":{"title":"goma xantana - rawchemicalmart.com","robots":{"index":"index","follow":"follow","max-snippet":"max-snippet:-1","max-image-preview":"max-image-preview:large","max-video-preview":"max-video-preview:-1"},"canonical":"https:\/\/rawchemicalmart.com\/pt\/produto\/goma-xantana\/","og_locale":"pt_BR","og_type":"article","og_title":"xanthan gum - rawchemicalmart.com","og_description":"anthan gum is a hydrophilic biological polysaccharide derived from corn starch through fermentation with Xanthomonas campestris, followed by extraction, drying, and grinding processes. Known for its superior thickening and stabilizing properties, shear resistance, and unique pseudo-plastic rheological behavior, xanthan gum is widely used in various industries such as food, pharmaceuticals, fine chemicals, and oil drilling.","og_url":"https:\/\/rawchemicalmart.com\/pt\/produto\/goma-xantana\/","og_site_name":"rawchemicalmart.com","article_modified_time":"2025-06-07T01:24:42+00:00","og_image":[{"width":800,"height":800,"url":"https:\/\/rawchemicalmart.com\/wp-content\/uploads\/2025\/05\/xanthan-gum-2025-01-14_1.png","type":"image\/png"}],"twitter_card":"summary_large_image","twitter_misc":{"Est. tempo de leitura":"1 minuto"},"schema":{"@context":"https:\/\/schema.org","@graph":[{"@type":"WebPage","@id":"https:\/\/rawchemicalmart.com\/pt\/produto\/xanthan-gum\/","url":"https:\/\/rawchemicalmart.com\/pt\/produto\/xanthan-gum\/","name":"goma xantana - rawchemicalmart.com","isPartOf":{"@id":"https:\/\/rawchemicalmart.com\/#website"},"primaryImageOfPage":{"@id":"https:\/\/rawchemicalmart.com\/pt\/produto\/xanthan-gum\/#primaryimage"},"image":{"@id":"https:\/\/rawchemicalmart.com\/pt\/produto\/xanthan-gum\/#primaryimage"},"thumbnailUrl":"https:\/\/rawchemicalmart.com\/wp-content\/uploads\/2025\/05\/xanthan-gum-2025-01-14_1.png","datePublished":"2025-05-24T01:00:28+00:00","dateModified":"2025-06-07T01:24:42+00:00","breadcrumb":{"@id":"https:\/\/rawchemicalmart.com\/pt\/produto\/xanthan-gum\/#breadcrumb"},"inLanguage":"pt-BR","potentialAction":[{"@type":"ReadAction","target":["https:\/\/rawchemicalmart.com\/pt\/produto\/xanthan-gum\/"]}]},{"@type":"ImageObject","inLanguage":"pt-BR","@id":"https:\/\/rawchemicalmart.com\/pt\/produto\/xanthan-gum\/#primaryimage","url":"https:\/\/rawchemicalmart.com\/wp-content\/uploads\/2025\/05\/xanthan-gum-2025-01-14_1.png","contentUrl":"https:\/\/rawchemicalmart.com\/wp-content\/uploads\/2025\/05\/xanthan-gum-2025-01-14_1.png","width":800,"height":800},{"@type":"BreadcrumbList","@id":"https:\/\/rawchemicalmart.com\/pt\/produto\/xanthan-gum\/#breadcrumb","itemListElement":[{"@type":"ListItem","position":1,"name":"Home","item":"https:\/\/rawchemicalmart.com\/"},{"@type":"ListItem","position":2,"name":"Products","item":"https:\/\/rawchemicalmart.com\/shop\/"},{"@type":"ListItem","position":3,"name":"xanthan gum"}]},{"@type":"WebSite","@id":"https:\/\/rawchemicalmart.com\/#website","url":"https:\/\/rawchemicalmart.com\/","name":"rawchemicalmart.com","description":"Fornecedor l\u00edder de mat\u00e9rias-primas qu\u00edmicas","potentialAction":[{"@type":"SearchAction","target":{"@type":"EntryPoint","urlTemplate":"https:\/\/rawchemicalmart.com\/?s={search_term_string}"},"query-input":{"@type":"PropertyValueSpecification","valueRequired":true,"valueName":"search_term_string"}}],"inLanguage":"pt-BR"}]}},"_links":{"self":[{"href":"https:\/\/rawchemicalmart.com\/pt\/wp-json\/wp\/v2\/product\/11626","targetHints":{"allow":["GET"]}}],"collection":[{"href":"https:\/\/rawchemicalmart.com\/pt\/wp-json\/wp\/v2\/product"}],"about":[{"href":"https:\/\/rawchemicalmart.com\/pt\/wp-json\/wp\/v2\/types\/product"}],"wp:featuredmedia":[{"embeddable":true,"href":"https:\/\/rawchemicalmart.com\/pt\/wp-json\/wp\/v2\/media\/11137"}],"wp:attachment":[{"href":"https:\/\/rawchemicalmart.com\/pt\/wp-json\/wp\/v2\/media?parent=11626"}],"wp:term":[{"taxonomy":"product_brand","embeddable":true,"href":"https:\/\/rawchemicalmart.com\/pt\/wp-json\/wp\/v2\/product_brand?post=11626"},{"taxonomy":"product_cat","embeddable":true,"href":"https:\/\/rawchemicalmart.com\/pt\/wp-json\/wp\/v2\/product_cat?post=11626"},{"taxonomy":"product_tag","embeddable":true,"href":"https:\/\/rawchemicalmart.com\/pt\/wp-json\/wp\/v2\/product_tag?post=11626"}],"curies":[{"name":"wp","href":"https:\/\/api.w.org\/{rel}","templated":true}]}}