{"id":11624,"date":"2025-05-24T00:58:18","date_gmt":"2025-05-24T00:58:18","guid":{"rendered":"https:\/\/rawchemicalmart.com\/?post_type=product&#038;p=11624"},"modified":"2025-06-07T01:18:08","modified_gmt":"2025-06-07T01:18:08","slug":"acido-tricloroisocianurico","status":"publish","type":"product","link":"https:\/\/rawchemicalmart.com\/pt\/produto\/acido-tricloroisocianurico\/","title":{"rendered":"\u00c1cido tricloroisocian\u00farico"},"content":{"rendered":"<h2 class=\"md-end-block md-heading md-focus\"><span class=\"md-plain md-expand\">Especifica\u00e7\u00f5es:<\/span><\/h2>\n<div class=\"table-scroll-wrapper\">\n<table id=\"tablepress-57\" class=\"tablepress tablepress-id-57\">\n<thead>\n<tr class=\"row-1\">\n\t<th class=\"column-1\">Propriedade<\/th><th class=\"column-2\">Especifica\u00e7\u00e3o<\/th>\n<\/tr>\n<\/thead>\n<tbody class=\"row-striping row-hover\">\n<tr class=\"row-2\">\n\t<td class=\"column-1\">F\u00f3rmula Qu\u00edmica<\/td><td class=\"column-2\">C\u2083Cl\u2083N\u2083O\u2083<\/td>\n<\/tr>\n<tr class=\"row-3\">\n\t<td class=\"column-1\">Peso molecular<\/td><td class=\"column-2\">232,41 g\/mol<\/td>\n<\/tr>\n<tr class=\"row-4\">\n\t<td class=\"column-1\">Cloro dispon\u00edvel<\/td><td class=\"column-2\">\u2265 90%<\/td>\n<\/tr>\n<tr class=\"row-5\">\n\t<td class=\"column-1\">Apar\u00eancia<\/td><td class=\"column-2\">P\u00f3\/gr\u00e2nulos cristalinos brancos<\/td>\n<\/tr>\n<tr class=\"row-6\">\n\t<td class=\"column-1\">Solubilidade (em \u00e1gua)<\/td><td class=\"column-2\">12 g\/L (a 25\u00b0C)<\/td>\n<\/tr>\n<tr class=\"row-7\">\n\t<td class=\"column-1\">pH (solu\u00e7\u00e3o 1%)<\/td><td class=\"column-2\">2,7\u20133,3<\/td>\n<\/tr>\n<tr class=\"row-8\">\n\t<td class=\"column-1\">Teor de umidade<\/td><td class=\"column-2\">\u2264 0,5%<\/td>\n<\/tr>\n<tr class=\"row-9\">\n\t<td class=\"column-1\">Ponto de fus\u00e3o<\/td><td class=\"column-2\">225\u2013230\u00b0C (decomp\u00f5e-se)<\/td>\n<\/tr>\n<tr class=\"row-10\">\n\t<td class=\"column-1\">Densidade aparente<\/td><td class=\"column-2\">0,7\u20130,9 g\/cm\u00b3<\/td>\n<\/tr>\n<\/tbody>\n<\/table>\n<!-- #tablepress-57 from cache --><\/div>\n<h2 class=\"md-end-block md-heading\"><span class=\"md-plain\">Caracter\u00edsticas:<\/span><\/h2>\n<ul class=\"ul-list\" data-mark=\"-\">\n<li class=\"md-list-item\">\n<p class=\"md-end-block md-p\"><span class=\"md-pair-s\"><strong><span class=\"md-plain\">Alto teor de cloro<\/span><\/strong><\/span><span class=\"md-plain\">: O TCCA cont\u00e9m at\u00e9 90% de cloro dispon\u00edvel, o que o torna um desinfetante potente.<\/span><\/p>\n<\/li>\n<li class=\"md-list-item\">\n<p class=\"md-end-block md-p\"><span class=\"md-pair-s\"><strong><span class=\"md-plain\">Estabilidade<\/span><\/strong><\/span><span class=\"md-plain\">:Permanece est\u00e1vel em condi\u00e7\u00f5es secas e libera cloro gradualmente quando dissolvido em \u00e1gua.<\/span><\/p>\n<\/li>\n<li class=\"md-list-item\">\n<p class=\"md-end-block md-p\"><span class=\"md-pair-s\"><strong><span class=\"md-plain\">Efici\u00eancia<\/span><\/strong><\/span><span class=\"md-plain\">: Eficaz em baixas concentra\u00e7\u00f5es, o que o torna econ\u00f4mico.<\/span><\/p>\n<\/li>\n<li class=\"md-list-item\">\n<p class=\"md-end-block md-p\"><span class=\"md-pair-s\"><strong><span class=\"md-plain\">Versatilidade<\/span><\/strong><\/span><span class=\"md-plain\">: Adequado para uma ampla gama de aplica\u00e7\u00f5es, incluindo tratamento de \u00e1gua, saneamento e processos industriais.<\/span><\/p>\n<\/li>\n<li class=\"md-list-item\">\n<p class=\"md-end-block md-p\"><span class=\"md-pair-s\"><strong><span class=\"md-plain\">Seguran\u00e7a<\/span><\/strong><\/span><span class=\"md-plain\">: F\u00e1cil de manusear e armazenar quando as devidas precau\u00e7\u00f5es s\u00e3o seguidas.<\/span><\/p>\n<\/li>\n<\/ul>\n<h2 class=\"md-end-block md-heading\"><span class=\"md-plain\">Aplica\u00e7\u00f5es:<\/span><\/h2>\n<p class=\"md-end-block md-p\"><span class=\"md-plain\">O TCCA \u00e9 amplamente utilizado nas seguintes ind\u00fastrias e aplica\u00e7\u00f5es:<\/span><\/p>\n<ul class=\"ul-list\" data-mark=\"-\">\n<li class=\"md-list-item\">\n<p class=\"md-end-block md-p\"><span class=\"md-pair-s\"><strong><span class=\"md-plain\">Tratamento de \u00c1gua<\/span><\/strong><\/span><span class=\"md-plain\">: Desinfec\u00e7\u00e3o de \u00e1gua pot\u00e1vel, piscinas e \u00e1guas residuais.<\/span><\/p>\n<\/li>\n<li class=\"md-list-item\">\n<p class=\"md-end-block md-p\"><span class=\"md-pair-s\"><strong><span class=\"md-plain\">Saneamento<\/span><\/strong><\/span><span class=\"md-plain\">: Esteriliza\u00e7\u00e3o de superf\u00edcies, equipamentos e ambientes em hospitais, processamento de alimentos e agricultura.<\/span><\/p>\n<\/li>\n<li class=\"md-list-item\">\n<p class=\"md-end-block md-p\"><span class=\"md-pair-s\"><strong><span class=\"md-plain\">Uso industrial<\/span><\/strong><\/span><span class=\"md-plain\">: Agente branqueador nas ind\u00fastrias t\u00eaxteis, de papel e celulose.<\/span><\/p>\n<\/li>\n<li class=\"md-list-item\">\n<p class=\"md-end-block md-p\"><span class=\"md-pair-s\"><strong><span class=\"md-plain\">Aquicultura<\/span><\/strong><\/span><span class=\"md-plain\">: Preven\u00e7\u00e3o e controle de infec\u00e7\u00f5es bacterianas e f\u00fangicas na piscicultura.<\/span><\/p>\n<\/li>\n<li class=\"md-list-item\">\n<p class=\"md-end-block md-p\"><span class=\"md-pair-s\"><strong><span class=\"md-plain\">Limpeza Dom\u00e9stica<\/span><\/strong><\/span><span class=\"md-plain\">: Usado em desinfetantes dom\u00e9sticos e produtos de limpeza.<\/span><\/p>\n<\/li>\n<\/ul>\n<h2 class=\"md-end-block md-heading\"><span class=\"md-plain\">Embalagem:<\/span><\/h2>\n<p class=\"md-end-block md-p\"><span class=\"md-plain\">O TCCA normalmente \u00e9 embalado nas seguintes formas para garantir seguran\u00e7a e conveni\u00eancia:<\/span><\/p>\n<ul class=\"ul-list\" data-mark=\"-\">\n<li class=\"md-list-item\">\n<p class=\"md-end-block md-p\"><span class=\"md-pair-s\"><strong><span class=\"md-plain\">Sacos pl\u00e1sticos de tecido de 25 kg<\/span><\/strong><\/span><span class=\"md-plain\"> com revestimentos internos de polietileno.<\/span><\/p>\n<\/li>\n<li class=\"md-list-item\">\n<p class=\"md-end-block md-p\"><span class=\"md-pair-s\"><strong><span class=\"md-plain\">Tambores de 50 kg<\/span><\/strong><\/span><span class=\"md-plain\"> para uso industrial.<\/span><\/p>\n<\/li>\n<\/ul>\n<h2 class=\"md-end-block md-heading\"><span class=\"md-plain\">Armazenar:<\/span><\/h2>\n<ul class=\"ul-list\" data-mark=\"-\">\n<li class=\"md-list-item\">\n<p class=\"md-end-block md-p\"><span class=\"md-plain\">Armazene em local fresco, seco e bem ventilado, longe da luz solar direta, calor e umidade.<\/span><\/p>\n<\/li>\n<li class=\"md-list-item\">\n<p class=\"md-end-block md-p\"><span class=\"md-plain\">Mantenha longe de materiais inflam\u00e1veis, \u00e1cidos e agentes redutores para evitar rea\u00e7\u00f5es perigosas.<\/span><\/p>\n<\/li>\n<li class=\"md-list-item\">\n<p class=\"md-end-block md-p\"><span class=\"md-plain\">Certifique-se de que os recipientes estejam bem fechados para evitar absor\u00e7\u00e3o de umidade e perda de cloro.<\/span><\/p>\n<\/li>\n<li class=\"md-list-item\">\n<p class=\"md-end-block md-p\"><span class=\"md-plain\">Siga as regulamenta\u00e7\u00f5es locais para armazenamento de produtos qu\u00edmicos perigosos.<\/span><\/p>\n<\/li>\n<\/ul>\n<h2 class=\"md-end-block md-heading\"><span class=\"md-plain\">Seguran\u00e7a e manuseio:<\/span><\/h2>\n<ul class=\"ul-list\" data-mark=\"-\">\n<li class=\"md-list-item\">\n<p class=\"md-end-block md-p\"><span class=\"md-pair-s\"><strong><span class=\"md-plain\">Prote\u00e7\u00e3o Pessoal<\/span><\/strong><\/span><span class=\"md-plain\">: Use luvas, \u00f3culos de prote\u00e7\u00e3o e m\u00e1scara ao manusear TCCA para evitar irrita\u00e7\u00e3o da pele, dos olhos ou das vias respirat\u00f3rias.<\/span><\/p>\n<\/li>\n<li class=\"md-list-item\">\n<p class=\"md-end-block md-p\"><span class=\"md-pair-s\"><strong><span class=\"md-plain\">Ventila\u00e7\u00e3o<\/span><\/strong><\/span><span class=\"md-plain\">: Use em \u00e1reas bem ventiladas para evitar a inala\u00e7\u00e3o de g\u00e1s cloro.<\/span><\/p>\n<\/li>\n<li class=\"md-list-item\">\n<p class=\"md-end-block md-p\"><span class=\"md-pair-s\"><strong><span class=\"md-plain\">Gest\u00e3o de derramamentos<\/span><\/strong><\/span><span class=\"md-plain\">Em caso de derramamento, recolha o material e descarte-o de acordo com as normas locais. Evite o contato com \u00e1gua para evitar a libera\u00e7\u00e3o de cloro.<\/span><\/p>\n<\/li>\n<li class=\"md-list-item\">\n<p class=\"md-end-block md-p\"><span class=\"md-pair-s\"><strong><span class=\"md-plain\">Primeiro socorro<\/span><\/strong><\/span><span class=\"md-plain\">: Em caso de contato, enx\u00e1gue abundantemente com \u00e1gua e procure atendimento m\u00e9dico se necess\u00e1rio.<\/span><\/p>\n<\/li>\n<\/ul>\n<h2 class=\"md-end-block md-heading\"><span class=\"md-plain\">Impacto Ambiental:<\/span><\/h2>\n<ul class=\"ul-list\" data-mark=\"-\">\n<li class=\"md-list-item\">\n<p class=\"md-end-block md-p\"><span class=\"md-plain\">O TCCA \u00e9 um desinfetante eficaz, mas deve ser usado com responsabilidade para minimizar o impacto ambiental.<\/span><\/p>\n<\/li>\n<li class=\"md-list-item\">\n<p class=\"md-end-block md-p\"><span class=\"md-plain\">Evite o descarte direto em corpos d&#039;\u00e1gua naturais sem tratamento adequado.<\/span><\/p>\n<\/li>\n<li class=\"md-list-item md-focus-container\">\n<p class=\"md-end-block md-p md-focus\"><span class=\"md-plain\">Siga as regulamenta\u00e7\u00f5es ambientais locais para descarte.<\/span><\/p>\n<\/li>\n<\/ul>","protected":false},"excerpt":{"rendered":"<p class=\"tmnf_excerpt\">O \u00c1cido Tricloroisocian\u00farico (TCCA) \u00e9 um p\u00f3 cristalino branco ou um s\u00f3lido granular com forte odor de cloro. \u00c9 um poderoso agente clorante e desinfetante amplamente utilizado no tratamento de \u00e1gua, saneamento e aplica\u00e7\u00f5es industriais. O TCCA \u00e9 altamente eficaz devido ao seu alto teor de cloro e estabilidade em diversas condi\u00e7\u00f5es.\n<\/p>","protected":false},"featured_media":11146,"template":"","meta":{"_acf_changed":false},"product_brand":[],"product_cat":[50],"product_tag":[],"class_list":{"0":"post-11624","1":"product","2":"type-product","3":"status-publish","4":"has-post-thumbnail","6":"product_cat-water-treatment","8":"first","9":"instock","10":"shipping-taxable","11":"product-type-simple"},"acf":[],"yoast_head":"<!-- This site is optimized with the Yoast SEO plugin v27.4 - https:\/\/yoast.com\/product\/yoast-seo-wordpress\/ -->\n<title>Trichloroisocyanuric acid - rawchemicalmart.com<\/title>\n<meta name=\"robots\" content=\"index, follow, max-snippet:-1, max-image-preview:large, max-video-preview:-1\" \/>\n<link rel=\"canonical\" href=\"https:\/\/rawchemicalmart.com\/pt\/produto\/acido-tricloroisocianurico\/\" \/>\n<meta property=\"og:locale\" content=\"pt_BR\" \/>\n<meta property=\"og:type\" content=\"article\" \/>\n<meta property=\"og:title\" content=\"Trichloroisocyanuric acid - rawchemicalmart.com\" \/>\n<meta property=\"og:description\" content=\"Trichloroisocyanuric Acid (TCCA) is a white crystalline powder or granular solid with a strong chlorine odor. It is a powerful chlorinating agent and disinfectant widely used in water treatment, sanitation, and industrial applications. TCCA is highly effective due to its high chlorine content and stability in various conditions.\" \/>\n<meta property=\"og:url\" content=\"https:\/\/rawchemicalmart.com\/pt\/produto\/acido-tricloroisocianurico\/\" \/>\n<meta property=\"og:site_name\" content=\"rawchemicalmart.com\" \/>\n<meta property=\"article:modified_time\" content=\"2025-06-07T01:18:08+00:00\" \/>\n<meta property=\"og:image\" content=\"https:\/\/rawchemicalmart.com\/wp-content\/uploads\/2025\/05\/Trichloroisocyanuric-acid_1.png\" \/>\n\t<meta property=\"og:image:width\" content=\"800\" \/>\n\t<meta property=\"og:image:height\" content=\"800\" \/>\n\t<meta property=\"og:image:type\" content=\"image\/png\" \/>\n<meta name=\"twitter:card\" content=\"summary_large_image\" \/>\n<meta name=\"twitter:label1\" content=\"Est. tempo de leitura\" \/>\n\t<meta name=\"twitter:data1\" content=\"2 minutos\" \/>\n<script type=\"application\/ld+json\" class=\"yoast-schema-graph\">{\"@context\":\"https:\\\/\\\/schema.org\",\"@graph\":[{\"@type\":\"WebPage\",\"@id\":\"https:\\\/\\\/rawchemicalmart.com\\\/product\\\/trichloroisocyanuric-acid\\\/\",\"url\":\"https:\\\/\\\/rawchemicalmart.com\\\/product\\\/trichloroisocyanuric-acid\\\/\",\"name\":\"Trichloroisocyanuric acid - rawchemicalmart.com\",\"isPartOf\":{\"@id\":\"https:\\\/\\\/rawchemicalmart.com\\\/#website\"},\"primaryImageOfPage\":{\"@id\":\"https:\\\/\\\/rawchemicalmart.com\\\/product\\\/trichloroisocyanuric-acid\\\/#primaryimage\"},\"image\":{\"@id\":\"https:\\\/\\\/rawchemicalmart.com\\\/product\\\/trichloroisocyanuric-acid\\\/#primaryimage\"},\"thumbnailUrl\":\"https:\\\/\\\/rawchemicalmart.com\\\/wp-content\\\/uploads\\\/2025\\\/05\\\/Trichloroisocyanuric-acid_1.png\",\"datePublished\":\"2025-05-24T00:58:18+00:00\",\"dateModified\":\"2025-06-07T01:18:08+00:00\",\"breadcrumb\":{\"@id\":\"https:\\\/\\\/rawchemicalmart.com\\\/product\\\/trichloroisocyanuric-acid\\\/#breadcrumb\"},\"inLanguage\":\"pt-BR\",\"potentialAction\":[{\"@type\":\"ReadAction\",\"target\":[\"https:\\\/\\\/rawchemicalmart.com\\\/product\\\/trichloroisocyanuric-acid\\\/\"]}]},{\"@type\":\"ImageObject\",\"inLanguage\":\"pt-BR\",\"@id\":\"https:\\\/\\\/rawchemicalmart.com\\\/product\\\/trichloroisocyanuric-acid\\\/#primaryimage\",\"url\":\"https:\\\/\\\/rawchemicalmart.com\\\/wp-content\\\/uploads\\\/2025\\\/05\\\/Trichloroisocyanuric-acid_1.png\",\"contentUrl\":\"https:\\\/\\\/rawchemicalmart.com\\\/wp-content\\\/uploads\\\/2025\\\/05\\\/Trichloroisocyanuric-acid_1.png\",\"width\":800,\"height\":800},{\"@type\":\"BreadcrumbList\",\"@id\":\"https:\\\/\\\/rawchemicalmart.com\\\/product\\\/trichloroisocyanuric-acid\\\/#breadcrumb\",\"itemListElement\":[{\"@type\":\"ListItem\",\"position\":1,\"name\":\"Home\",\"item\":\"https:\\\/\\\/rawchemicalmart.com\\\/\"},{\"@type\":\"ListItem\",\"position\":2,\"name\":\"Products\",\"item\":\"https:\\\/\\\/rawchemicalmart.com\\\/shop\\\/\"},{\"@type\":\"ListItem\",\"position\":3,\"name\":\"Trichloroisocyanuric acid\"}]},{\"@type\":\"WebSite\",\"@id\":\"https:\\\/\\\/rawchemicalmart.com\\\/#website\",\"url\":\"https:\\\/\\\/rawchemicalmart.com\\\/\",\"name\":\"rawchemicalmart.com\",\"description\":\"Leading Raw Chemicals Supplier\",\"potentialAction\":[{\"@type\":\"SearchAction\",\"target\":{\"@type\":\"EntryPoint\",\"urlTemplate\":\"https:\\\/\\\/rawchemicalmart.com\\\/?s={search_term_string}\"},\"query-input\":{\"@type\":\"PropertyValueSpecification\",\"valueRequired\":true,\"valueName\":\"search_term_string\"}}],\"inLanguage\":\"pt-BR\"}]}<\/script>\n<!-- \/ Yoast SEO plugin. -->","yoast_head_json":{"title":"\u00c1cido tricloroisocian\u00farico - rawchemicalmart.com","robots":{"index":"index","follow":"follow","max-snippet":"max-snippet:-1","max-image-preview":"max-image-preview:large","max-video-preview":"max-video-preview:-1"},"canonical":"https:\/\/rawchemicalmart.com\/pt\/produto\/acido-tricloroisocianurico\/","og_locale":"pt_BR","og_type":"article","og_title":"Trichloroisocyanuric acid - rawchemicalmart.com","og_description":"Trichloroisocyanuric Acid (TCCA) is a white crystalline powder or granular solid with a strong chlorine odor. It is a powerful chlorinating agent and disinfectant widely used in water treatment, sanitation, and industrial applications. TCCA is highly effective due to its high chlorine content and stability in various conditions.","og_url":"https:\/\/rawchemicalmart.com\/pt\/produto\/acido-tricloroisocianurico\/","og_site_name":"rawchemicalmart.com","article_modified_time":"2025-06-07T01:18:08+00:00","og_image":[{"width":800,"height":800,"url":"https:\/\/rawchemicalmart.com\/wp-content\/uploads\/2025\/05\/Trichloroisocyanuric-acid_1.png","type":"image\/png"}],"twitter_card":"summary_large_image","twitter_misc":{"Est. tempo de leitura":"2 minutos"},"schema":{"@context":"https:\/\/schema.org","@graph":[{"@type":"WebPage","@id":"https:\/\/rawchemicalmart.com\/product\/trichloroisocyanuric-acid\/","url":"https:\/\/rawchemicalmart.com\/product\/trichloroisocyanuric-acid\/","name":"\u00c1cido tricloroisocian\u00farico - rawchemicalmart.com","isPartOf":{"@id":"https:\/\/rawchemicalmart.com\/#website"},"primaryImageOfPage":{"@id":"https:\/\/rawchemicalmart.com\/product\/trichloroisocyanuric-acid\/#primaryimage"},"image":{"@id":"https:\/\/rawchemicalmart.com\/product\/trichloroisocyanuric-acid\/#primaryimage"},"thumbnailUrl":"https:\/\/rawchemicalmart.com\/wp-content\/uploads\/2025\/05\/Trichloroisocyanuric-acid_1.png","datePublished":"2025-05-24T00:58:18+00:00","dateModified":"2025-06-07T01:18:08+00:00","breadcrumb":{"@id":"https:\/\/rawchemicalmart.com\/product\/trichloroisocyanuric-acid\/#breadcrumb"},"inLanguage":"pt-BR","potentialAction":[{"@type":"ReadAction","target":["https:\/\/rawchemicalmart.com\/product\/trichloroisocyanuric-acid\/"]}]},{"@type":"ImageObject","inLanguage":"pt-BR","@id":"https:\/\/rawchemicalmart.com\/product\/trichloroisocyanuric-acid\/#primaryimage","url":"https:\/\/rawchemicalmart.com\/wp-content\/uploads\/2025\/05\/Trichloroisocyanuric-acid_1.png","contentUrl":"https:\/\/rawchemicalmart.com\/wp-content\/uploads\/2025\/05\/Trichloroisocyanuric-acid_1.png","width":800,"height":800},{"@type":"BreadcrumbList","@id":"https:\/\/rawchemicalmart.com\/product\/trichloroisocyanuric-acid\/#breadcrumb","itemListElement":[{"@type":"ListItem","position":1,"name":"Home","item":"https:\/\/rawchemicalmart.com\/"},{"@type":"ListItem","position":2,"name":"Products","item":"https:\/\/rawchemicalmart.com\/shop\/"},{"@type":"ListItem","position":3,"name":"Trichloroisocyanuric acid"}]},{"@type":"WebSite","@id":"https:\/\/rawchemicalmart.com\/#website","url":"https:\/\/rawchemicalmart.com\/","name":"rawchemicalmart.com","description":"Fornecedor l\u00edder de mat\u00e9rias-primas qu\u00edmicas","potentialAction":[{"@type":"SearchAction","target":{"@type":"EntryPoint","urlTemplate":"https:\/\/rawchemicalmart.com\/?s={search_term_string}"},"query-input":{"@type":"PropertyValueSpecification","valueRequired":true,"valueName":"search_term_string"}}],"inLanguage":"pt-BR"}]}},"_links":{"self":[{"href":"https:\/\/rawchemicalmart.com\/pt\/wp-json\/wp\/v2\/product\/11624","targetHints":{"allow":["GET"]}}],"collection":[{"href":"https:\/\/rawchemicalmart.com\/pt\/wp-json\/wp\/v2\/product"}],"about":[{"href":"https:\/\/rawchemicalmart.com\/pt\/wp-json\/wp\/v2\/types\/product"}],"wp:featuredmedia":[{"embeddable":true,"href":"https:\/\/rawchemicalmart.com\/pt\/wp-json\/wp\/v2\/media\/11146"}],"wp:attachment":[{"href":"https:\/\/rawchemicalmart.com\/pt\/wp-json\/wp\/v2\/media?parent=11624"}],"wp:term":[{"taxonomy":"product_brand","embeddable":true,"href":"https:\/\/rawchemicalmart.com\/pt\/wp-json\/wp\/v2\/product_brand?post=11624"},{"taxonomy":"product_cat","embeddable":true,"href":"https:\/\/rawchemicalmart.com\/pt\/wp-json\/wp\/v2\/product_cat?post=11624"},{"taxonomy":"product_tag","embeddable":true,"href":"https:\/\/rawchemicalmart.com\/pt\/wp-json\/wp\/v2\/product_tag?post=11624"}],"curies":[{"name":"wp","href":"https:\/\/api.w.org\/{rel}","templated":true}]}}