{"id":11618,"date":"2025-05-24T00:48:29","date_gmt":"2025-05-24T00:48:29","guid":{"rendered":"https:\/\/rawchemicalmart.com\/?post_type=product&#038;p=11618"},"modified":"2026-01-23T08:55:10","modified_gmt":"2026-01-23T08:55:10","slug":"propilenoglicol","status":"publish","type":"product","link":"https:\/\/rawchemicalmart.com\/pt\/produto\/propilenoglicol\/","title":{"rendered":"Propilenoglicol"},"content":{"rendered":"<h2 class=\"md-end-block md-heading md-focus\"><span class=\"md-plain md-expand\">Especifica\u00e7\u00e3o:<\/span><\/h2>\n<div class=\"table-scroll-wrapper\">\n<table id=\"tablepress-30\" class=\"tablepress tablepress-id-30\">\n<thead>\n<tr class=\"row-1\">\n\t<th class=\"column-1\">Propriedade<\/th><th class=\"column-2\">Especifica\u00e7\u00e3o<\/th>\n<\/tr>\n<\/thead>\n<tbody class=\"row-striping row-hover\">\n<tr class=\"row-2\">\n\t<td class=\"column-1\">F\u00f3rmula Qu\u00edmica<\/td><td class=\"column-2\">C\u2083H\u2088O\u2082<\/td>\n<\/tr>\n<tr class=\"row-3\">\n\t<td class=\"column-1\">Peso molecular<\/td><td class=\"column-2\">76,10 g\/mol<\/td>\n<\/tr>\n<tr class=\"row-4\">\n\t<td class=\"column-1\">Apar\u00eancia<\/td><td class=\"column-2\">L\u00edquido incolor e viscoso<\/td>\n<\/tr>\n<tr class=\"row-5\">\n\t<td class=\"column-1\">Ponto de ebuli\u00e7\u00e3o<\/td><td class=\"column-2\">188\u00b0C<\/td>\n<\/tr>\n<tr class=\"row-6\">\n\t<td class=\"column-1\">Ponto de fus\u00e3o<\/td><td class=\"column-2\">-59\u00b0C<\/td>\n<\/tr>\n<tr class=\"row-7\">\n\t<td class=\"column-1\">Densidade<\/td><td class=\"column-2\">1,036 g\/cm\u00b3 (a 20\u00b0C)<\/td>\n<\/tr>\n<tr class=\"row-8\">\n\t<td class=\"column-1\">Solubilidade<\/td><td class=\"column-2\">Misc\u00edvel com \u00e1gua, acetona e clorof\u00f3rmio<\/td>\n<\/tr>\n<tr class=\"row-9\">\n\t<td class=\"column-1\">Pureza<\/td><td class=\"column-2\">\u226599,5%<\/td>\n<\/tr>\n<tr class=\"row-10\">\n\t<td class=\"column-1\">Viscosidade<\/td><td class=\"column-2\">56 cP (a 20\u00b0C)<\/td>\n<\/tr>\n<tr class=\"row-11\">\n\t<td class=\"column-1\">\u00cdndice de refra\u00e7\u00e3o<\/td><td class=\"column-2\">1.432\u20131.434<\/td>\n<\/tr>\n<tr class=\"row-12\">\n\t<td class=\"column-1\">N\u00famero CAS<\/td><td class=\"column-2\">57-55-6<\/td>\n<\/tr>\n<\/tbody>\n<\/table>\n<!-- #tablepress-30 from cache --><\/div>\n<h2 class=\"md-end-block md-heading\"><span class=\"md-plain\">Aplica\u00e7\u00f5es:<\/span><\/h2>\n<p class=\"md-end-block md-p\"><span class=\"md-plain\">O propilenoglicol \u00e9 amplamente utilizado em v\u00e1rios setores, incluindo:<\/span><\/p>\n<ul class=\"ul-list\" data-mark=\"-\">\n<li class=\"md-list-item\">\n<p class=\"md-end-block md-p\"><span class=\"md-plain\">Ind\u00fastria aliment\u00edcia:<\/span><\/p>\n<ul class=\"ul-list\" data-mark=\"-\">\n<li class=\"md-list-item\">\n<p class=\"md-end-block md-p\"><span class=\"md-plain\">Usado como aditivo alimentar (E1520) para reten\u00e7\u00e3o de umidade, melhoria de textura e como solvente para sabores e corantes.<\/span><\/p>\n<\/li>\n<li class=\"md-list-item\">\n<p class=\"md-end-block md-p\"><span class=\"md-plain\">Encontrado em produtos assados, latic\u00ednios e bebidas.<\/span><\/p>\n<\/li>\n<\/ul>\n<\/li>\n<li class=\"md-list-item\">\n<p class=\"md-end-block md-p\"><span class=\"md-plain\">Produtos farmac\u00eauticos:<\/span><\/p>\n<ul class=\"ul-list\" data-mark=\"-\">\n<li class=\"md-list-item\">\n<p class=\"md-end-block md-p\"><span class=\"md-plain\">Atua como solvente, excipiente e estabilizador em medicamentos orais, t\u00f3picos e injet\u00e1veis.<\/span><\/p>\n<\/li>\n<li class=\"md-list-item\">\n<p class=\"md-end-block md-p\"><span class=\"md-plain\">Usado em xaropes, pomadas e lo\u00e7\u00f5es para tosse.<\/span><\/p>\n<\/li>\n<\/ul>\n<\/li>\n<li class=\"md-list-item\">\n<p class=\"md-end-block md-p\"><span class=\"md-plain\">Cosm\u00e9ticos e cuidados pessoais:<\/span><\/p>\n<ul class=\"ul-list\" data-mark=\"-\">\n<li class=\"md-list-item\">\n<p class=\"md-end-block md-p\"><span class=\"md-plain\">Funciona como umectante, emoliente e solvente em produtos para cuidados com a pele, cabelos e higiene.<\/span><\/p>\n<\/li>\n<li class=\"md-list-item\">\n<p class=\"md-end-block md-p\"><span class=\"md-plain\">Encontrado em hidratantes, desodorantes e pasta de dente.<\/span><\/p>\n<\/li>\n<\/ul>\n<\/li>\n<li class=\"md-list-item\">\n<p class=\"md-end-block md-p\"><span class=\"md-plain\">Aplica\u00e7\u00f5es industriais:<\/span><\/p>\n<ul class=\"ul-list\" data-mark=\"-\">\n<li class=\"md-list-item\">\n<p class=\"md-end-block md-p\"><span class=\"md-plain\">Usado como anticongelante e refrigerante em sistemas HVAC e aplica\u00e7\u00f5es automotivas.<\/span><\/p>\n<\/li>\n<li class=\"md-list-item\">\n<p class=\"md-end-block md-p\"><span class=\"md-plain\">Atua como solvente em tintas, revestimentos e tintas de impress\u00e3o.<\/span><\/p>\n<\/li>\n<\/ul>\n<\/li>\n<li class=\"md-list-item\">\n<p class=\"md-end-block md-p\"><span class=\"md-plain\">E-l\u00edquidos:<\/span><\/p>\n<ul class=\"ul-list\" data-mark=\"-\">\n<li class=\"md-list-item\">\n<p class=\"md-end-block md-p\"><span class=\"md-plain\">Um componente essencial em l\u00edquidos de cigarros eletr\u00f4nicos como transportador de nicotina e sabores.<\/span><\/p>\n<\/li>\n<\/ul>\n<\/li>\n<li class=\"md-list-item\">\n<p class=\"md-end-block md-p\"><span class=\"md-plain\">Ra\u00e7\u00e3o Animal:<\/span><\/p>\n<ul class=\"ul-list\" data-mark=\"-\">\n<li class=\"md-list-item\">\n<p class=\"md-end-block md-p\"><span class=\"md-plain\">Usado como conservante e estabilizador de umidade em ra\u00e7\u00e3o animal.<\/span><\/p>\n<\/li>\n<\/ul>\n<\/li>\n<\/ul>\n<h2 class=\"md-end-block md-heading\"><span class=\"md-plain\">Caracter\u00edsticas:<\/span><\/h2>\n<p class=\"md-end-block md-p\"><span class=\"md-plain\">O propilenoglicol oferece v\u00e1rios recursos importantes, incluindo:<\/span><\/p>\n<ul class=\"ul-list\" data-mark=\"-\">\n<li class=\"md-list-item\">\n<p class=\"md-end-block md-p\"><span class=\"md-plain\">Baixa toxicidade: seguro para uso em alimentos, produtos farmac\u00eauticos e cosm\u00e9ticos.<\/span><\/p>\n<\/li>\n<li class=\"md-list-item\">\n<p class=\"md-end-block md-p\"><span class=\"md-plain\">Alta solubilidade: misc\u00edvel com \u00e1gua e muitos solventes org\u00e2nicos.<\/span><\/p>\n<\/li>\n<li class=\"md-list-item\">\n<p class=\"md-end-block md-p\"><span class=\"md-plain\">Propriedades umectantes: ret\u00e9m a umidade e evita o ressecamento.<\/span><\/p>\n<\/li>\n<li class=\"md-list-item\">\n<p class=\"md-end-block md-p\"><span class=\"md-plain\">Estabilidade: Quimicamente est\u00e1vel em condi\u00e7\u00f5es normais.<\/span><\/p>\n<\/li>\n<li class=\"md-list-item\">\n<p class=\"md-end-block md-p\"><span class=\"md-plain\">Versatilidade: adequado para uma ampla gama de aplica\u00e7\u00f5es em v\u00e1rios setores.<\/span><\/p>\n<\/li>\n<li class=\"md-list-item\">\n<p class=\"md-end-block md-p\"><span class=\"md-plain\">Ecol\u00f3gico: biodegrad\u00e1vel e ecol\u00f3gico.<\/span><\/p>\n<\/li>\n<\/ul>\n<h2 class=\"md-end-block md-heading\"><span class=\"md-plain\">Embalagem:<\/span><\/h2>\n<p class=\"md-end-block md-p\"><span class=\"md-plain\">O propilenoglicol est\u00e1 dispon\u00edvel nas seguintes op\u00e7\u00f5es de embalagem:<\/span><\/p>\n<ul class=\"ul-list\" data-mark=\"-\">\n<li class=\"md-list-item\">\n<p class=\"md-end-block md-p\"><span class=\"md-plain\">Tambores de 25 kg e 50 kg (pl\u00e1stico ou metal).<\/span><\/p>\n<\/li>\n<li class=\"md-list-item\">\n<p class=\"md-end-block md-p\"><span class=\"md-plain\">Cont\u00eaineres IBC de 200 kg e 1000 kg.<\/span><\/p>\n<\/li>\n<li class=\"md-list-item\">\n<p class=\"md-end-block md-p\"><span class=\"md-plain\">Caminh\u00f5es-tanque graneleiros para uso industrial em larga escala.<\/span><\/p>\n<\/li>\n<li class=\"md-list-item\">\n<p class=\"md-end-block md-p\"><span class=\"md-plain\">Op\u00e7\u00f5es de embalagem personalizadas est\u00e3o dispon\u00edveis mediante solicita\u00e7\u00e3o.<\/span><\/p>\n<\/li>\n<\/ul>\n<h2 class=\"md-end-block md-heading\"><span class=\"md-plain\">Armazenar:<\/span><\/h2>\n<p class=\"md-end-block md-p\"><span class=\"md-plain\">Para garantir a qualidade e a estabilidade do Propilenoglicol, siga estas diretrizes de armazenamento:<\/span><\/p>\n<ul class=\"ul-list\" data-mark=\"-\">\n<li class=\"md-list-item\">\n<p class=\"md-end-block md-p\"><span class=\"md-plain\">Armazene em local fresco, seco e bem ventilado.<\/span><\/p>\n<\/li>\n<li class=\"md-list-item\">\n<p class=\"md-end-block md-p\"><span class=\"md-plain\">Mantenha longe da luz solar direta, calor e fontes de igni\u00e7\u00e3o.<\/span><\/p>\n<\/li>\n<li class=\"md-list-item\">\n<p class=\"md-end-block md-p\"><span class=\"md-plain\">Certifique-se de que os recipientes estejam bem fechados para evitar absor\u00e7\u00e3o de umidade.<\/span><\/p>\n<\/li>\n<li class=\"md-list-item\">\n<p class=\"md-end-block md-p\"><span class=\"md-plain\">Evite contato com agentes oxidantes fortes.<\/span><\/p>\n<\/li>\n<li class=\"md-list-item md-focus-container\">\n<p class=\"md-end-block md-p md-focus\"><span class=\"md-plain\">Prazo de validade: At\u00e9 2 anos quando armazenado nas condi\u00e7\u00f5es recomendadas.<\/span><\/p>\n<\/li>\n<\/ul>","protected":false},"excerpt":{"rendered":"<p class=\"tmnf_excerpt\">O propilenoglicol (PG), com a f\u00f3rmula qu\u00edmica C\u2083H\u2088O\u2082, \u00e9 um l\u00edquido incolor, inodoro e viscoso pertencente \u00e0 fam\u00edlia dos glic\u00f3is. \u00c9 um produto qu\u00edmico vers\u00e1til, amplamente utilizado como umectante, solvente e conservante em diversas ind\u00fastrias, incluindo aliment\u00edcia, farmac\u00eautica, cosm\u00e9tica e aplica\u00e7\u00f5es industriais. O propilenoglicol \u00e9 conhecido por sua baixa toxicidade, excelente solubilidade e estabilidade, tornando-o uma escolha preferencial em muitas formula\u00e7\u00f5es.\n<\/p>","protected":false},"featured_media":11089,"template":"","meta":{"_acf_changed":false},"product_brand":[],"product_cat":[69],"product_tag":[],"class_list":{"0":"post-11618","1":"product","2":"type-product","3":"status-publish","4":"has-post-thumbnail","6":"product_cat-fine-chemicals","8":"first","9":"instock","10":"shipping-taxable","11":"product-type-simple"},"acf":[],"yoast_head":"<!-- This site is optimized with the Yoast SEO plugin v27.4 - https:\/\/yoast.com\/product\/yoast-seo-wordpress\/ -->\n<title>Propylene Glycol - rawchemicalmart.com<\/title>\n<meta name=\"robots\" content=\"index, follow, max-snippet:-1, max-image-preview:large, max-video-preview:-1\" \/>\n<link rel=\"canonical\" href=\"https:\/\/rawchemicalmart.com\/pt\/produto\/propilenoglicol\/\" \/>\n<meta property=\"og:locale\" content=\"pt_BR\" \/>\n<meta property=\"og:type\" content=\"article\" \/>\n<meta property=\"og:title\" content=\"Propylene Glycol - rawchemicalmart.com\" \/>\n<meta property=\"og:description\" content=\"Propylene Glycol (PG), with the chemical formula C\u2083H\u2088O\u2082, is a colorless, odorless, and viscous liquid belonging to the glycol family. It is a versatile chemical widely used as a humectant, solvent, and preservative in various industries, including food, pharmaceuticals, cosmetics, and industrial applications. Propylene Glycol is known for its low toxicity, excellent solubility, and stability, making it a preferred choice in many formulations.\" \/>\n<meta property=\"og:url\" content=\"https:\/\/rawchemicalmart.com\/pt\/produto\/propilenoglicol\/\" \/>\n<meta property=\"og:site_name\" content=\"rawchemicalmart.com\" \/>\n<meta property=\"article:modified_time\" content=\"2026-01-23T08:55:10+00:00\" \/>\n<meta property=\"og:image\" content=\"https:\/\/rawchemicalmart.com\/wp-content\/uploads\/2025\/05\/propylene-glycol-2025-01-13_1.png\" \/>\n\t<meta property=\"og:image:width\" content=\"800\" \/>\n\t<meta property=\"og:image:height\" content=\"800\" \/>\n\t<meta property=\"og:image:type\" content=\"image\/png\" \/>\n<meta name=\"twitter:card\" content=\"summary_large_image\" \/>\n<meta name=\"twitter:label1\" content=\"Est. tempo de leitura\" \/>\n\t<meta name=\"twitter:data1\" content=\"2 minutos\" \/>\n<script type=\"application\/ld+json\" class=\"yoast-schema-graph\">{\"@context\":\"https:\\\/\\\/schema.org\",\"@graph\":[{\"@type\":\"WebPage\",\"@id\":\"https:\\\/\\\/rawchemicalmart.com\\\/product\\\/propylene-glycol\\\/\",\"url\":\"https:\\\/\\\/rawchemicalmart.com\\\/product\\\/propylene-glycol\\\/\",\"name\":\"Propylene Glycol - rawchemicalmart.com\",\"isPartOf\":{\"@id\":\"https:\\\/\\\/rawchemicalmart.com\\\/#website\"},\"primaryImageOfPage\":{\"@id\":\"https:\\\/\\\/rawchemicalmart.com\\\/product\\\/propylene-glycol\\\/#primaryimage\"},\"image\":{\"@id\":\"https:\\\/\\\/rawchemicalmart.com\\\/product\\\/propylene-glycol\\\/#primaryimage\"},\"thumbnailUrl\":\"https:\\\/\\\/rawchemicalmart.com\\\/wp-content\\\/uploads\\\/2025\\\/05\\\/propylene-glycol-2025-01-13_1.png\",\"datePublished\":\"2025-05-24T00:48:29+00:00\",\"dateModified\":\"2026-01-23T08:55:10+00:00\",\"breadcrumb\":{\"@id\":\"https:\\\/\\\/rawchemicalmart.com\\\/product\\\/propylene-glycol\\\/#breadcrumb\"},\"inLanguage\":\"pt-BR\",\"potentialAction\":[{\"@type\":\"ReadAction\",\"target\":[\"https:\\\/\\\/rawchemicalmart.com\\\/product\\\/propylene-glycol\\\/\"]}]},{\"@type\":\"ImageObject\",\"inLanguage\":\"pt-BR\",\"@id\":\"https:\\\/\\\/rawchemicalmart.com\\\/product\\\/propylene-glycol\\\/#primaryimage\",\"url\":\"https:\\\/\\\/rawchemicalmart.com\\\/wp-content\\\/uploads\\\/2025\\\/05\\\/propylene-glycol-2025-01-13_1.png\",\"contentUrl\":\"https:\\\/\\\/rawchemicalmart.com\\\/wp-content\\\/uploads\\\/2025\\\/05\\\/propylene-glycol-2025-01-13_1.png\",\"width\":800,\"height\":800},{\"@type\":\"BreadcrumbList\",\"@id\":\"https:\\\/\\\/rawchemicalmart.com\\\/product\\\/propylene-glycol\\\/#breadcrumb\",\"itemListElement\":[{\"@type\":\"ListItem\",\"position\":1,\"name\":\"Home\",\"item\":\"https:\\\/\\\/rawchemicalmart.com\\\/\"},{\"@type\":\"ListItem\",\"position\":2,\"name\":\"Products\",\"item\":\"https:\\\/\\\/rawchemicalmart.com\\\/shop\\\/\"},{\"@type\":\"ListItem\",\"position\":3,\"name\":\"Propylene Glycol\"}]},{\"@type\":\"WebSite\",\"@id\":\"https:\\\/\\\/rawchemicalmart.com\\\/#website\",\"url\":\"https:\\\/\\\/rawchemicalmart.com\\\/\",\"name\":\"rawchemicalmart.com\",\"description\":\"Leading Raw Chemicals Supplier\",\"potentialAction\":[{\"@type\":\"SearchAction\",\"target\":{\"@type\":\"EntryPoint\",\"urlTemplate\":\"https:\\\/\\\/rawchemicalmart.com\\\/?s={search_term_string}\"},\"query-input\":{\"@type\":\"PropertyValueSpecification\",\"valueRequired\":true,\"valueName\":\"search_term_string\"}}],\"inLanguage\":\"pt-BR\"}]}<\/script>\n<!-- \/ Yoast SEO plugin. -->","yoast_head_json":{"title":"Propilenoglicol - rawchemicalmart.com","robots":{"index":"index","follow":"follow","max-snippet":"max-snippet:-1","max-image-preview":"max-image-preview:large","max-video-preview":"max-video-preview:-1"},"canonical":"https:\/\/rawchemicalmart.com\/pt\/produto\/propilenoglicol\/","og_locale":"pt_BR","og_type":"article","og_title":"Propylene Glycol - rawchemicalmart.com","og_description":"Propylene Glycol (PG), with the chemical formula C\u2083H\u2088O\u2082, is a colorless, odorless, and viscous liquid belonging to the glycol family. It is a versatile chemical widely used as a humectant, solvent, and preservative in various industries, including food, pharmaceuticals, cosmetics, and industrial applications. Propylene Glycol is known for its low toxicity, excellent solubility, and stability, making it a preferred choice in many formulations.","og_url":"https:\/\/rawchemicalmart.com\/pt\/produto\/propilenoglicol\/","og_site_name":"rawchemicalmart.com","article_modified_time":"2026-01-23T08:55:10+00:00","og_image":[{"width":800,"height":800,"url":"https:\/\/rawchemicalmart.com\/wp-content\/uploads\/2025\/05\/propylene-glycol-2025-01-13_1.png","type":"image\/png"}],"twitter_card":"summary_large_image","twitter_misc":{"Est. tempo de leitura":"2 minutos"},"schema":{"@context":"https:\/\/schema.org","@graph":[{"@type":"WebPage","@id":"https:\/\/rawchemicalmart.com\/product\/propylene-glycol\/","url":"https:\/\/rawchemicalmart.com\/product\/propylene-glycol\/","name":"Propilenoglicol - rawchemicalmart.com","isPartOf":{"@id":"https:\/\/rawchemicalmart.com\/#website"},"primaryImageOfPage":{"@id":"https:\/\/rawchemicalmart.com\/product\/propylene-glycol\/#primaryimage"},"image":{"@id":"https:\/\/rawchemicalmart.com\/product\/propylene-glycol\/#primaryimage"},"thumbnailUrl":"https:\/\/rawchemicalmart.com\/wp-content\/uploads\/2025\/05\/propylene-glycol-2025-01-13_1.png","datePublished":"2025-05-24T00:48:29+00:00","dateModified":"2026-01-23T08:55:10+00:00","breadcrumb":{"@id":"https:\/\/rawchemicalmart.com\/product\/propylene-glycol\/#breadcrumb"},"inLanguage":"pt-BR","potentialAction":[{"@type":"ReadAction","target":["https:\/\/rawchemicalmart.com\/product\/propylene-glycol\/"]}]},{"@type":"ImageObject","inLanguage":"pt-BR","@id":"https:\/\/rawchemicalmart.com\/product\/propylene-glycol\/#primaryimage","url":"https:\/\/rawchemicalmart.com\/wp-content\/uploads\/2025\/05\/propylene-glycol-2025-01-13_1.png","contentUrl":"https:\/\/rawchemicalmart.com\/wp-content\/uploads\/2025\/05\/propylene-glycol-2025-01-13_1.png","width":800,"height":800},{"@type":"BreadcrumbList","@id":"https:\/\/rawchemicalmart.com\/product\/propylene-glycol\/#breadcrumb","itemListElement":[{"@type":"ListItem","position":1,"name":"Home","item":"https:\/\/rawchemicalmart.com\/"},{"@type":"ListItem","position":2,"name":"Products","item":"https:\/\/rawchemicalmart.com\/shop\/"},{"@type":"ListItem","position":3,"name":"Propylene Glycol"}]},{"@type":"WebSite","@id":"https:\/\/rawchemicalmart.com\/#website","url":"https:\/\/rawchemicalmart.com\/","name":"rawchemicalmart.com","description":"Fornecedor l\u00edder de mat\u00e9rias-primas qu\u00edmicas","potentialAction":[{"@type":"SearchAction","target":{"@type":"EntryPoint","urlTemplate":"https:\/\/rawchemicalmart.com\/?s={search_term_string}"},"query-input":{"@type":"PropertyValueSpecification","valueRequired":true,"valueName":"search_term_string"}}],"inLanguage":"pt-BR"}]}},"_links":{"self":[{"href":"https:\/\/rawchemicalmart.com\/pt\/wp-json\/wp\/v2\/product\/11618","targetHints":{"allow":["GET"]}}],"collection":[{"href":"https:\/\/rawchemicalmart.com\/pt\/wp-json\/wp\/v2\/product"}],"about":[{"href":"https:\/\/rawchemicalmart.com\/pt\/wp-json\/wp\/v2\/types\/product"}],"wp:featuredmedia":[{"embeddable":true,"href":"https:\/\/rawchemicalmart.com\/pt\/wp-json\/wp\/v2\/media\/11089"}],"wp:attachment":[{"href":"https:\/\/rawchemicalmart.com\/pt\/wp-json\/wp\/v2\/media?parent=11618"}],"wp:term":[{"taxonomy":"product_brand","embeddable":true,"href":"https:\/\/rawchemicalmart.com\/pt\/wp-json\/wp\/v2\/product_brand?post=11618"},{"taxonomy":"product_cat","embeddable":true,"href":"https:\/\/rawchemicalmart.com\/pt\/wp-json\/wp\/v2\/product_cat?post=11618"},{"taxonomy":"product_tag","embeddable":true,"href":"https:\/\/rawchemicalmart.com\/pt\/wp-json\/wp\/v2\/product_tag?post=11618"}],"curies":[{"name":"wp","href":"https:\/\/api.w.org\/{rel}","templated":true}]}}