{"id":11615,"date":"2025-05-24T00:37:40","date_gmt":"2025-05-24T00:37:40","guid":{"rendered":"https:\/\/rawchemicalmart.com\/?post_type=product&#038;p=11615"},"modified":"2026-01-23T08:54:22","modified_gmt":"2026-01-23T08:54:22","slug":"cianurato-de-melamina","status":"publish","type":"product","link":"https:\/\/rawchemicalmart.com\/pt\/produto\/cianurato-de-melamina\/","title":{"rendered":"Cianurato de melamina"},"content":{"rendered":"<h2 class=\"md-end-block md-heading md-focus\"><span class=\"md-plain md-expand\">Especifica\u00e7\u00f5es:<\/span><\/h2>\n<div class=\"table-scroll-wrapper\">\n<table id=\"tablepress-58\" class=\"tablepress tablepress-id-58 tbody-has-connected-cells\">\n<thead>\n<tr class=\"row-1\">\n\t<th colspan=\"2\" class=\"column-1\">Unid<\/th><th class=\"column-3\">P\u00f3<\/th><th class=\"column-4\">Granular<\/th>\n<\/tr>\n<\/thead>\n<tbody class=\"row-striping row-hover\">\n<tr class=\"row-2\">\n\t<td colspan=\"2\" class=\"column-1\">Apar\u00eancia<\/td><td class=\"column-3\">P\u00f3 cristalino branco, inodoro, de textura suave.<\/td><td class=\"column-4\">Gr\u00e2nulos brancos de 8 a 18 mesh, isentos de impurezas.<\/td>\n<\/tr>\n<tr class=\"row-3\">\n\t<td colspan=\"2\" class=\"column-1\">Cianurato de melamina %<\/td><td class=\"column-3\">\u226599,5<\/td><td class=\"column-4\">\u226599,5<\/td>\n<\/tr>\n<tr class=\"row-4\">\n\t<td colspan=\"2\" class=\"column-1\">Melamina residual %<\/td><td class=\"column-3\">\u22640,2<\/td><td class=\"column-4\">\u22640,2<\/td>\n<\/tr>\n<tr class=\"row-5\">\n\t<td colspan=\"2\" class=\"column-1\">\u00c1cido cian\u00farico residual %<\/td><td class=\"column-3\">\u22640,2<\/td><td class=\"column-4\">\u22640,2<\/td>\n<\/tr>\n<tr class=\"row-6\">\n\t<td colspan=\"2\" class=\"column-1\">Tamanho de part\u00edcula (\u03bcm)<\/td><td class=\"column-3\">\u22642,0<\/td><td class=\"column-4\">\u22642,0<\/td>\n<\/tr>\n<tr class=\"row-7\">\n\t<td colspan=\"2\" class=\"column-1\">Brancura (F147)<\/td><td class=\"column-3\">\u226595<\/td><td class=\"column-4\">\u226595<\/td>\n<\/tr>\n<tr class=\"row-8\">\n\t<td colspan=\"2\" class=\"column-1\">Valor de pH (10g\/L H\u2082O)<\/td><td class=\"column-3\">5.0-7.0<\/td><td class=\"column-4\">5.0-7.0<\/td>\n<\/tr>\n<tr class=\"row-9\">\n\t<td colspan=\"2\" class=\"column-1\">Solubilidade em \u00e1gua a 20\u00b0C<\/td><td class=\"column-3\">\u22640,002<\/td><td class=\"column-4\">\u22640,002<\/td>\n<\/tr>\n<tr class=\"row-10\">\n\t<td colspan=\"2\" class=\"column-1\">Temperatura de sublima\u00e7\u00e3o \u2103<\/td><td class=\"column-3\">440<\/td><td class=\"column-4\">440<\/td>\n<\/tr>\n<tr class=\"row-11\">\n\t<td colspan=\"2\" class=\"column-1\">Tamanho da part\u00edcula (D50)<\/td><td class=\"column-3\"><5.0<\/td><td class=\"column-4\"><5.0<\/td>\n<\/tr>\n<tr class=\"row-12\">\n\t<td colspan=\"2\" class=\"column-1\">Densidade aparente kg\/m\u00b3<\/td><td class=\"column-3\">250-350<\/td><td class=\"column-4\">\u2264700<\/td>\n<\/tr>\n<tr class=\"row-13\">\n\t<td colspan=\"2\" class=\"column-1\">Teor de umidade (105 \u00b0C, 24 h), %<\/td><td class=\"column-3\">\u22640,2<\/td><td class=\"column-4\">\u22640,2<\/td>\n<\/tr>\n<tr class=\"row-14\">\n\t<td rowspan=\"2\" class=\"column-1\">Perda de peso com aquecimento %<\/td><td class=\"column-2\">300\u2103 5 horas:<\/td><td class=\"column-3\">0<\/td><td class=\"column-4\">0<\/td>\n<\/tr>\n<tr class=\"row-15\">\n\t<td class=\"column-2\">350\u2103 5 horas:<\/td><td class=\"column-3\">\u22643,5<\/td><td class=\"column-4\">\u22643,5<\/td>\n<\/tr>\n<\/tbody>\n<\/table>\n<!-- #tablepress-58 from cache --><\/div>\n<h2 class=\"md-end-block md-heading\"><span class=\"md-plain\">Caracter\u00edsticas<\/span><\/h2>\n<ul class=\"ul-list\" data-mark=\"-\">\n<li class=\"md-list-item\">\n<p class=\"md-end-block md-p\"><span class=\"md-pair-s\"><strong><span class=\"md-plain\">Retardante de chamas livre de halog\u00eanio<\/span><\/strong><\/span><span class=\"md-plain\">Oferece excelente resist\u00eancia \u00e0 chama sem liberar halog\u00eanios t\u00f3xicos.<\/span><\/p>\n<\/li>\n<li class=\"md-list-item\">\n<p class=\"md-end-block md-p\"><span class=\"md-pair-s\"><strong><span class=\"md-plain\">Alta estabilidade t\u00e9rmica<\/span><\/strong><\/span><span class=\"md-plain\">Decomp\u00f5e-se a temperaturas acima de 300\u00b0C, tornando-o adequado para processamento em altas temperaturas.<\/span><\/p>\n<\/li>\n<li class=\"md-list-item\">\n<p class=\"md-end-block md-p\"><span class=\"md-pair-s\"><strong><span class=\"md-plain\">Baixa emiss\u00e3o de fuma\u00e7a<\/span><\/strong><\/span><span class=\"md-plain\">Produz fuma\u00e7a m\u00ednima durante a combust\u00e3o, aumentando a seguran\u00e7a em situa\u00e7\u00f5es de inc\u00eandio.<\/span><\/p>\n<\/li>\n<li class=\"md-list-item\">\n<p class=\"md-end-block md-p\"><span class=\"md-pair-s\"><strong><span class=\"md-plain\">Excelente isolamento el\u00e9trico<\/span><\/strong><\/span><span class=\"md-plain\">Ideal para aplica\u00e7\u00f5es em componentes el\u00e9tricos e eletr\u00f4nicos.<\/span><\/p>\n<\/li>\n<li class=\"md-list-item\">\n<p class=\"md-end-block md-p\"><span class=\"md-pair-s\"><strong><span class=\"md-plain\">Ecologicamente correto<\/span><\/strong><\/span><span class=\"md-plain\">N\u00e3o t\u00f3xico e em conformidade com as diretivas RoHS, REACH e outras regulamenta\u00e7\u00f5es ambientais.<\/span><\/p>\n<\/li>\n<li class=\"md-list-item\">\n<p class=\"md-end-block md-p\"><span class=\"md-pair-s\"><strong><span class=\"md-plain\">Boa dispersibilidade<\/span><\/strong><\/span><span class=\"md-plain\">Garante uma distribui\u00e7\u00e3o uniforme nas matrizes polim\u00e9ricas.<\/span><\/p>\n<\/li>\n<\/ul>\n<h2 class=\"md-end-block md-heading\"><span class=\"md-plain\">Aplica\u00e7\u00f5es<\/span><\/h2>\n<p class=\"md-end-block md-p\"><span class=\"md-plain\">O cianurato de melamina \u00e9 amplamente utilizado como retardante de chamas nas seguintes ind\u00fastrias:<\/span><\/p>\n<ul class=\"ul-list\" data-mark=\"-\">\n<li class=\"md-list-item\">\n<p class=\"md-end-block md-p\"><span class=\"md-pair-s\"><strong><span class=\"md-plain\">Pl\u00e1sticos de engenharia<\/span><\/strong><\/span><span class=\"md-plain\">Nylon (PA6, PA66), poli\u00e9steres (PBT, PET) e poliuretanos (PU).<\/span><\/p>\n<\/li>\n<li class=\"md-list-item\">\n<p class=\"md-end-block md-p\"><span class=\"md-pair-s\"><strong><span class=\"md-plain\">Fios e cabos<\/span><\/strong><\/span><span class=\"md-plain\">Materiais de isolamento e revestimento para cabos el\u00e9tricos.<\/span><\/p>\n<\/li>\n<li class=\"md-list-item\">\n<p class=\"md-end-block md-p\"><span class=\"md-pair-s\"><strong><span class=\"md-plain\">Eletr\u00f4nica<\/span><\/strong><\/span><span class=\"md-plain\">Conectores, interruptores e inv\u00f3lucros para dispositivos eletr\u00f4nicos.<\/span><\/p>\n<\/li>\n<li class=\"md-list-item\">\n<p class=\"md-end-block md-p\"><span class=\"md-pair-s\"><strong><span class=\"md-plain\">Automotivo<\/span><\/strong><\/span><span class=\"md-plain\">Componentes que requerem resist\u00eancia \u00e0 chama e estabilidade t\u00e9rmica.<\/span><\/p>\n<\/li>\n<li class=\"md-list-item\">\n<p class=\"md-end-block md-p\"><span class=\"md-pair-s\"><strong><span class=\"md-plain\">T\u00eaxteis<\/span><\/strong><\/span><span class=\"md-plain\">Revestimentos retardantes de chamas para tecidos.<\/span><\/p>\n<\/li>\n<li class=\"md-list-item\">\n<p class=\"md-end-block md-p\"><span class=\"md-pair-s\"><strong><span class=\"md-plain\">Revestimentos e adesivos<\/span><\/strong><\/span><span class=\"md-plain\">Formula\u00e7\u00f5es resistentes ao fogo.<\/span><\/p>\n<\/li>\n<\/ul>\n<h2 class=\"md-end-block md-heading\"><span class=\"md-plain\">Pacote<\/span><\/h2>\n<ul class=\"ul-list\" data-mark=\"-\">\n<li class=\"md-list-item\">\n<p class=\"md-end-block md-p\"><span class=\"md-pair-s\"><strong><span class=\"md-plain\">Embalagem padr\u00e3o<\/span><\/strong><\/span><span class=\"md-plain\">: 25 kg por saco (saco composto de papel e pl\u00e1stico ou saco tecido com revestimento interno de pl\u00e1stico).<\/span><\/p>\n<\/li>\n<li class=\"md-list-item\">\n<p class=\"md-end-block md-p\"><span class=\"md-pair-s\"><strong><span class=\"md-plain\">Embalagem personalizada<\/span><\/strong><\/span><span class=\"md-plain\">Dispon\u00edvel mediante solicita\u00e7\u00e3o.<\/span><\/p>\n<\/li>\n<\/ul>\n<h2 class=\"md-end-block md-heading\"><span class=\"md-plain\">Armazenar<\/span><\/h2>\n<ul class=\"ul-list\" data-mark=\"-\">\n<li class=\"md-list-item\">\n<p class=\"md-end-block md-p\"><span class=\"md-plain\">Armazene em local fresco, seco e bem ventilado.<\/span><\/p>\n<\/li>\n<li class=\"md-list-item\">\n<p class=\"md-end-block md-p\"><span class=\"md-plain\">Mantenha longe da umidade, do calor e da luz solar direta.<\/span><\/p>\n<\/li>\n<li class=\"md-list-item\">\n<p class=\"md-end-block md-p\"><span class=\"md-plain\">Certifique-se de que a embalagem esteja bem fechada para evitar contamina\u00e7\u00e3o.<\/span><\/p>\n<\/li>\n<li class=\"md-list-item\">\n<p class=\"md-end-block md-p\"><span class=\"md-plain\">Prazo de validade: 24 meses em condi\u00e7\u00f5es adequadas de armazenamento.<\/span><\/p>\n<\/li>\n<\/ul>\n<h2 class=\"md-end-block md-heading\"><span class=\"md-plain\">Seguran\u00e7a e Manuseio<\/span><\/h2>\n<ul class=\"ul-list\" data-mark=\"-\">\n<li class=\"md-list-item\">\n<p class=\"md-end-block md-p\"><span class=\"md-plain\">Utilize equipamentos de prote\u00e7\u00e3o individual (EPI) adequados, como luvas, \u00f3culos de prote\u00e7\u00e3o e m\u00e1scaras, durante o manuseio.<\/span><\/p>\n<\/li>\n<li class=\"md-list-item\">\n<p class=\"md-end-block md-p\"><span class=\"md-plain\">Evite a inala\u00e7\u00e3o da poeira e o contato com os olhos ou a pele.<\/span><\/p>\n<\/li>\n<li class=\"md-list-item\">\n<p class=\"md-end-block md-p\"><span class=\"md-plain\">Em caso de contato, enx\u00e1gue abundantemente com \u00e1gua e procure atendimento m\u00e9dico, se necess\u00e1rio.<\/span><\/p>\n<\/li>\n<li class=\"md-list-item\">\n<p class=\"md-end-block md-p\"><span class=\"md-plain\">Siga as normas locais para descarte e gerenciamento de res\u00edduos.<\/span><\/p>\n<\/li>\n<\/ul>\n<h2 class=\"md-end-block md-heading\"><span class=\"md-plain\">Conformidade Ambiental e Regulat\u00f3ria<\/span><\/h2>\n<ul class=\"ul-list\" data-mark=\"-\">\n<li class=\"md-list-item\">\n<p class=\"md-end-block md-p\"><span class=\"md-plain\">Em conformidade com as normas RoHS, REACH e outras normas ambientais internacionais.<\/span><\/p>\n<\/li>\n<li class=\"md-list-item md-focus-container\">\n<p class=\"md-end-block md-p md-focus\"><span class=\"md-plain\">Livre de halog\u00eanios e n\u00e3o t\u00f3xico, garantindo o m\u00ednimo impacto ambiental.<\/span><\/p>\n<\/li>\n<\/ul>","protected":false},"excerpt":{"rendered":"<p class=\"tmnf_excerpt\">O cianurato de melamina (MCA) \u00e9 um retardante de chama livre de halog\u00eanio, amplamente utilizado em diversos pol\u00edmeros e pl\u00e1sticos de engenharia. \u00c9 um composto sin\u00e9rgico de melamina e \u00e1cido cian\u00farico, que oferece excelentes propriedades de retard\u00e2ncia \u00e0 chama, estabilidade t\u00e9rmica e isolamento el\u00e9trico. O MCA \u00e9 ecologicamente correto, n\u00e3o t\u00f3xico e apresenta baixa emiss\u00e3o de fuma\u00e7a durante a combust\u00e3o, tornando-o uma escolha preferencial para aplica\u00e7\u00f5es que exigem altos padr\u00f5es de seguran\u00e7a.\n<\/p>","protected":false},"featured_media":11157,"template":"","meta":{"_acf_changed":false},"product_brand":[],"product_cat":[69],"product_tag":[],"class_list":{"0":"post-11615","1":"product","2":"type-product","3":"status-publish","4":"has-post-thumbnail","6":"product_cat-fine-chemicals","8":"first","9":"instock","10":"shipping-taxable","11":"product-type-simple"},"acf":[],"yoast_head":"<!-- This site is optimized with the Yoast SEO plugin v27.4 - https:\/\/yoast.com\/product\/yoast-seo-wordpress\/ -->\n<title>Melamine cyanurate - rawchemicalmart.com<\/title>\n<meta name=\"robots\" content=\"index, follow, max-snippet:-1, max-image-preview:large, max-video-preview:-1\" \/>\n<link rel=\"canonical\" href=\"https:\/\/rawchemicalmart.com\/pt\/produto\/cianurato-de-melamina\/\" \/>\n<meta property=\"og:locale\" content=\"pt_BR\" \/>\n<meta property=\"og:type\" content=\"article\" \/>\n<meta property=\"og:title\" content=\"Melamine cyanurate - rawchemicalmart.com\" \/>\n<meta property=\"og:description\" content=\"Melamine Cyanurate (MCA) is a halogen-free flame retardant widely used in various polymers and engineering plastics. It is a synergistic compound of melamine and cyanuric acid, offering excellent flame retardancy, thermal stability, and electrical insulation properties. MCA is environmentally friendly, non-toxic, and exhibits low smoke emission during combustion, making it a preferred choice for applications requiring high safety standards.\" \/>\n<meta property=\"og:url\" content=\"https:\/\/rawchemicalmart.com\/pt\/produto\/cianurato-de-melamina\/\" \/>\n<meta property=\"og:site_name\" content=\"rawchemicalmart.com\" \/>\n<meta property=\"article:modified_time\" content=\"2026-01-23T08:54:22+00:00\" \/>\n<meta property=\"og:image\" content=\"https:\/\/rawchemicalmart.com\/wp-content\/uploads\/2025\/05\/Melamine-cyanurate_1.png\" \/>\n\t<meta property=\"og:image:width\" content=\"800\" \/>\n\t<meta property=\"og:image:height\" content=\"800\" \/>\n\t<meta property=\"og:image:type\" content=\"image\/png\" \/>\n<meta name=\"twitter:card\" content=\"summary_large_image\" \/>\n<meta name=\"twitter:label1\" content=\"Est. tempo de leitura\" \/>\n\t<meta name=\"twitter:data1\" content=\"2 minutos\" \/>\n<script type=\"application\/ld+json\" class=\"yoast-schema-graph\">{\"@context\":\"https:\\\/\\\/schema.org\",\"@graph\":[{\"@type\":\"WebPage\",\"@id\":\"https:\\\/\\\/rawchemicalmart.com\\\/it\\\/prodotto\\\/melamine-cyanurate\\\/\",\"url\":\"https:\\\/\\\/rawchemicalmart.com\\\/it\\\/prodotto\\\/melamine-cyanurate\\\/\",\"name\":\"Melamine cyanurate - rawchemicalmart.com\",\"isPartOf\":{\"@id\":\"https:\\\/\\\/rawchemicalmart.com\\\/#website\"},\"primaryImageOfPage\":{\"@id\":\"https:\\\/\\\/rawchemicalmart.com\\\/it\\\/prodotto\\\/melamine-cyanurate\\\/#primaryimage\"},\"image\":{\"@id\":\"https:\\\/\\\/rawchemicalmart.com\\\/it\\\/prodotto\\\/melamine-cyanurate\\\/#primaryimage\"},\"thumbnailUrl\":\"https:\\\/\\\/rawchemicalmart.com\\\/wp-content\\\/uploads\\\/2025\\\/05\\\/Melamine-cyanurate_1.png\",\"datePublished\":\"2025-05-24T00:37:40+00:00\",\"dateModified\":\"2026-01-23T08:54:22+00:00\",\"breadcrumb\":{\"@id\":\"https:\\\/\\\/rawchemicalmart.com\\\/it\\\/prodotto\\\/melamine-cyanurate\\\/#breadcrumb\"},\"inLanguage\":\"pt-BR\",\"potentialAction\":[{\"@type\":\"ReadAction\",\"target\":[\"https:\\\/\\\/rawchemicalmart.com\\\/it\\\/prodotto\\\/melamine-cyanurate\\\/\"]}]},{\"@type\":\"ImageObject\",\"inLanguage\":\"pt-BR\",\"@id\":\"https:\\\/\\\/rawchemicalmart.com\\\/it\\\/prodotto\\\/melamine-cyanurate\\\/#primaryimage\",\"url\":\"https:\\\/\\\/rawchemicalmart.com\\\/wp-content\\\/uploads\\\/2025\\\/05\\\/Melamine-cyanurate_1.png\",\"contentUrl\":\"https:\\\/\\\/rawchemicalmart.com\\\/wp-content\\\/uploads\\\/2025\\\/05\\\/Melamine-cyanurate_1.png\",\"width\":800,\"height\":800},{\"@type\":\"BreadcrumbList\",\"@id\":\"https:\\\/\\\/rawchemicalmart.com\\\/it\\\/prodotto\\\/melamine-cyanurate\\\/#breadcrumb\",\"itemListElement\":[{\"@type\":\"ListItem\",\"position\":1,\"name\":\"Home\",\"item\":\"https:\\\/\\\/rawchemicalmart.com\\\/\"},{\"@type\":\"ListItem\",\"position\":2,\"name\":\"Products\",\"item\":\"https:\\\/\\\/rawchemicalmart.com\\\/shop\\\/\"},{\"@type\":\"ListItem\",\"position\":3,\"name\":\"Melamine cyanurate\"}]},{\"@type\":\"WebSite\",\"@id\":\"https:\\\/\\\/rawchemicalmart.com\\\/#website\",\"url\":\"https:\\\/\\\/rawchemicalmart.com\\\/\",\"name\":\"rawchemicalmart.com\",\"description\":\"Leading Raw Chemicals Supplier\",\"potentialAction\":[{\"@type\":\"SearchAction\",\"target\":{\"@type\":\"EntryPoint\",\"urlTemplate\":\"https:\\\/\\\/rawchemicalmart.com\\\/?s={search_term_string}\"},\"query-input\":{\"@type\":\"PropertyValueSpecification\",\"valueRequired\":true,\"valueName\":\"search_term_string\"}}],\"inLanguage\":\"pt-BR\"}]}<\/script>\n<!-- \/ Yoast SEO plugin. -->","yoast_head_json":{"title":"Cianurato de melamina - rawchemicalmart.com","robots":{"index":"index","follow":"follow","max-snippet":"max-snippet:-1","max-image-preview":"max-image-preview:large","max-video-preview":"max-video-preview:-1"},"canonical":"https:\/\/rawchemicalmart.com\/pt\/produto\/cianurato-de-melamina\/","og_locale":"pt_BR","og_type":"article","og_title":"Melamine cyanurate - rawchemicalmart.com","og_description":"Melamine Cyanurate (MCA) is a halogen-free flame retardant widely used in various polymers and engineering plastics. It is a synergistic compound of melamine and cyanuric acid, offering excellent flame retardancy, thermal stability, and electrical insulation properties. MCA is environmentally friendly, non-toxic, and exhibits low smoke emission during combustion, making it a preferred choice for applications requiring high safety standards.","og_url":"https:\/\/rawchemicalmart.com\/pt\/produto\/cianurato-de-melamina\/","og_site_name":"rawchemicalmart.com","article_modified_time":"2026-01-23T08:54:22+00:00","og_image":[{"width":800,"height":800,"url":"https:\/\/rawchemicalmart.com\/wp-content\/uploads\/2025\/05\/Melamine-cyanurate_1.png","type":"image\/png"}],"twitter_card":"summary_large_image","twitter_misc":{"Est. tempo de leitura":"2 minutos"},"schema":{"@context":"https:\/\/schema.org","@graph":[{"@type":"WebPage","@id":"https:\/\/rawchemicalmart.com\/it\/prodotto\/melamine-cyanurate\/","url":"https:\/\/rawchemicalmart.com\/it\/prodotto\/melamine-cyanurate\/","name":"Cianurato de melamina - rawchemicalmart.com","isPartOf":{"@id":"https:\/\/rawchemicalmart.com\/#website"},"primaryImageOfPage":{"@id":"https:\/\/rawchemicalmart.com\/it\/prodotto\/melamine-cyanurate\/#primaryimage"},"image":{"@id":"https:\/\/rawchemicalmart.com\/it\/prodotto\/melamine-cyanurate\/#primaryimage"},"thumbnailUrl":"https:\/\/rawchemicalmart.com\/wp-content\/uploads\/2025\/05\/Melamine-cyanurate_1.png","datePublished":"2025-05-24T00:37:40+00:00","dateModified":"2026-01-23T08:54:22+00:00","breadcrumb":{"@id":"https:\/\/rawchemicalmart.com\/it\/prodotto\/melamine-cyanurate\/#breadcrumb"},"inLanguage":"pt-BR","potentialAction":[{"@type":"ReadAction","target":["https:\/\/rawchemicalmart.com\/it\/prodotto\/melamine-cyanurate\/"]}]},{"@type":"ImageObject","inLanguage":"pt-BR","@id":"https:\/\/rawchemicalmart.com\/it\/prodotto\/melamine-cyanurate\/#primaryimage","url":"https:\/\/rawchemicalmart.com\/wp-content\/uploads\/2025\/05\/Melamine-cyanurate_1.png","contentUrl":"https:\/\/rawchemicalmart.com\/wp-content\/uploads\/2025\/05\/Melamine-cyanurate_1.png","width":800,"height":800},{"@type":"BreadcrumbList","@id":"https:\/\/rawchemicalmart.com\/it\/prodotto\/melamine-cyanurate\/#breadcrumb","itemListElement":[{"@type":"ListItem","position":1,"name":"Home","item":"https:\/\/rawchemicalmart.com\/"},{"@type":"ListItem","position":2,"name":"Products","item":"https:\/\/rawchemicalmart.com\/shop\/"},{"@type":"ListItem","position":3,"name":"Melamine cyanurate"}]},{"@type":"WebSite","@id":"https:\/\/rawchemicalmart.com\/#website","url":"https:\/\/rawchemicalmart.com\/","name":"rawchemicalmart.com","description":"Fornecedor l\u00edder de mat\u00e9rias-primas qu\u00edmicas","potentialAction":[{"@type":"SearchAction","target":{"@type":"EntryPoint","urlTemplate":"https:\/\/rawchemicalmart.com\/?s={search_term_string}"},"query-input":{"@type":"PropertyValueSpecification","valueRequired":true,"valueName":"search_term_string"}}],"inLanguage":"pt-BR"}]}},"_links":{"self":[{"href":"https:\/\/rawchemicalmart.com\/pt\/wp-json\/wp\/v2\/product\/11615","targetHints":{"allow":["GET"]}}],"collection":[{"href":"https:\/\/rawchemicalmart.com\/pt\/wp-json\/wp\/v2\/product"}],"about":[{"href":"https:\/\/rawchemicalmart.com\/pt\/wp-json\/wp\/v2\/types\/product"}],"wp:featuredmedia":[{"embeddable":true,"href":"https:\/\/rawchemicalmart.com\/pt\/wp-json\/wp\/v2\/media\/11157"}],"wp:attachment":[{"href":"https:\/\/rawchemicalmart.com\/pt\/wp-json\/wp\/v2\/media?parent=11615"}],"wp:term":[{"taxonomy":"product_brand","embeddable":true,"href":"https:\/\/rawchemicalmart.com\/pt\/wp-json\/wp\/v2\/product_brand?post=11615"},{"taxonomy":"product_cat","embeddable":true,"href":"https:\/\/rawchemicalmart.com\/pt\/wp-json\/wp\/v2\/product_cat?post=11615"},{"taxonomy":"product_tag","embeddable":true,"href":"https:\/\/rawchemicalmart.com\/pt\/wp-json\/wp\/v2\/product_tag?post=11615"}],"curies":[{"name":"wp","href":"https:\/\/api.w.org\/{rel}","templated":true}]}}