{"id":11607,"date":"2025-05-24T00:17:05","date_gmt":"2025-05-24T00:17:05","guid":{"rendered":"https:\/\/rawchemicalmart.com\/?post_type=product&#038;p=11607"},"modified":"2025-06-07T01:13:33","modified_gmt":"2025-06-07T01:13:33","slug":"acido-cianurico","status":"publish","type":"product","link":"https:\/\/rawchemicalmart.com\/pt\/produto\/acido-cianurico\/","title":{"rendered":"\u00c1cido cian\u00farico"},"content":{"rendered":"<h2 class=\"md-end-block md-heading md-focus\"><span class=\"md-plain md-expand\">Especifica\u00e7\u00f5es:<\/span><\/h2>\n<div class=\"table-scroll-wrapper\">\n<table id=\"tablepress-55\" class=\"tablepress tablepress-id-55\">\n<thead>\n<tr class=\"row-1\">\n\t<th class=\"column-1\">Especifica\u00e7\u00e3o<\/th><th class=\"column-2\">Forma de p\u00f3<\/th><th class=\"column-3\">Forma granular<\/th>\n<\/tr>\n<\/thead>\n<tbody class=\"row-striping row-hover\">\n<tr class=\"row-2\">\n\t<td class=\"column-1\">Conte\u00fado (Base Seca)<\/td><td class=\"column-2\">\u226598,5%<\/td><td class=\"column-3\">\u226598,0%<\/td>\n<\/tr>\n<tr class=\"row-3\">\n\t<td class=\"column-1\">Umidade<\/td><td class=\"column-2\">\u22640,5%<\/td><td class=\"column-3\">\u22645,0%<\/td>\n<\/tr>\n<tr class=\"row-4\">\n\t<td class=\"column-1\">pH (solu\u00e7\u00e3o aquosa 1%)<\/td><td class=\"column-2\">\u22653,8<\/td><td class=\"column-3\">\u22653,8<\/td>\n<\/tr>\n<tr class=\"row-5\">\n\t<td class=\"column-1\">Res\u00edduo na Igni\u00e7\u00e3o<\/td><td class=\"column-2\">\u22640,1%<\/td><td class=\"column-3\">\u22640,1%<\/td>\n<\/tr>\n<tr class=\"row-6\">\n\t<td class=\"column-1\">Amida de \u00e1cido cian\u00farico<\/td><td class=\"column-2\">\u22640,5%<\/td><td class=\"column-3\">--<\/td>\n<\/tr>\n<tr class=\"row-7\">\n\t<td class=\"column-1\">Ferro<\/td><td class=\"column-2\">\u226435 ppm<\/td><td class=\"column-3\">--<\/td>\n<\/tr>\n<tr class=\"row-8\">\n\t<td class=\"column-1\">Sulfatos<\/td><td class=\"column-2\">\u22640,5%<\/td><td class=\"column-3\">--<\/td>\n<\/tr>\n<tr class=\"row-9\">\n\t<td class=\"column-1\">Tamanho de part\u00edcula<\/td><td class=\"column-2\">95% passa por 80 mesh<\/td><td class=\"column-3\">95% passa por malha 10-30<\/td>\n<\/tr>\n<\/tbody>\n<\/table>\n<!-- #tablepress-55 from cache --><\/div>\n<h2 class=\"md-end-block md-heading\"><span class=\"md-plain\">Propriedades e caracter\u00edsticas:<\/span><\/h2>\n<ul class=\"ul-list\" data-mark=\"-\">\n<li class=\"md-list-item\">\n<p class=\"md-end-block md-p\"><span class=\"md-pair-s\"><strong><span class=\"md-plain\">Agente estabilizante<\/span><\/strong><\/span><span class=\"md-plain\">:O \u00e1cido cian\u00farico \u00e9 usado principalmente para estabilizar o cloro na \u00e1gua da piscina, reduzindo a taxa de perda de cloro devido \u00e0 degrada\u00e7\u00e3o UV.<\/span><\/p>\n<\/li>\n<li class=\"md-list-item\">\n<p class=\"md-end-block md-p\"><span class=\"md-pair-s\"><strong><span class=\"md-plain\">Uso industrial<\/span><\/strong><\/span><span class=\"md-plain\">:\u00c9 usado na produ\u00e7\u00e3o de herbicidas e \u00e9 um intermedi\u00e1rio importante na s\u00edntese de v\u00e1rios produtos qu\u00edmicos.<\/span><\/p>\n<\/li>\n<li class=\"md-list-item\">\n<p class=\"md-end-block md-p\"><span class=\"md-pair-s\"><strong><span class=\"md-plain\">Reatividade qu\u00edmica<\/span><\/strong><\/span><span class=\"md-plain\">: O \u00e1cido cian\u00farico reage com \u00e1lcalis e pode formar sais como o cianurato de s\u00f3dio. Tamb\u00e9m pode participar de rea\u00e7\u00f5es com aminas para formar v\u00e1rios derivados.<\/span><\/p>\n<\/li>\n<li class=\"md-list-item\">\n<p class=\"md-end-block md-p\"><span class=\"md-pair-s\"><strong><span class=\"md-plain\">Estabilidade Ambiental<\/span><\/strong><\/span><span class=\"md-plain\">: \u00c9 altamente est\u00e1vel em condi\u00e7\u00f5es normais e n\u00e3o se decomp\u00f5e facilmente, o que o torna um produto qu\u00edmico eficaz para aplica\u00e7\u00f5es de longo prazo.<\/span><\/p>\n<\/li>\n<\/ul>\n<h2 class=\"md-end-block md-heading\"><span class=\"md-plain\">Aplica\u00e7\u00f5es\uff1a<\/span><\/h2>\n<ul class=\"ul-list\" data-mark=\"-\">\n<li class=\"md-list-item\">\n<p class=\"md-end-block md-p\"><span class=\"md-pair-s\"><strong><span class=\"md-plain\">Tratamento de \u00c1gua<\/span><\/strong><\/span><span class=\"md-plain\">:O \u00e1cido cian\u00farico \u00e9 comumente usado na manuten\u00e7\u00e3o de piscinas para ajudar a estabilizar o cloro, aumentando sua efici\u00eancia e reduzindo a frequ\u00eancia de adi\u00e7\u00e3o de cloro.<\/span><\/p>\n<\/li>\n<li class=\"md-list-item\">\n<p class=\"md-end-block md-p\"><span class=\"md-pair-s\"><strong><span class=\"md-plain\">Agricultura<\/span><\/strong><\/span><span class=\"md-plain\">: Usado em formula\u00e7\u00f5es de herbicidas para controlar o crescimento de ervas daninhas.<\/span><\/p>\n<\/li>\n<li class=\"md-list-item\">\n<p class=\"md-end-block md-p\"><span class=\"md-pair-s\"><strong><span class=\"md-plain\">Usos industriais<\/span><\/strong><\/span><span class=\"md-plain\">: Na produ\u00e7\u00e3o de resinas, pl\u00e1sticos e revestimentos. Pode estar envolvido na s\u00edntese de produtos qu\u00edmicos espec\u00edficos onde a estabilidade e a resist\u00eancia \u00e0 degrada\u00e7\u00e3o UV s\u00e3o cruciais.<\/span><\/p>\n<\/li>\n<li class=\"md-list-item\">\n<p class=\"md-end-block md-p\"><span class=\"md-pair-s\"><strong><span class=\"md-plain\">Ind\u00fastria t\u00eaxtil<\/span><\/strong><\/span><span class=\"md-plain\">: Utilizado em processos de tingimento e acabamento de tecidos.<\/span><\/p>\n<\/li>\n<\/ul>\n<h2 class=\"md-end-block md-heading\"><span class=\"md-plain\">Informa\u00e7\u00f5es de seguran\u00e7a:<\/span><\/h2>\n<ul class=\"ul-list\" data-mark=\"-\">\n<li class=\"md-list-item\">\n<p class=\"md-end-block md-p\"><span class=\"md-plain\">Classifica\u00e7\u00e3o de perigo<\/span><span class=\"md-plain\">:<\/span><\/p>\n<ul class=\"ul-list\" data-mark=\"-\">\n<li class=\"md-list-item\">\n<p class=\"md-end-block md-p\"><span class=\"md-plain\">N\u00e3o t\u00f3xico em pequenas quantidades.<\/span><\/p>\n<\/li>\n<li class=\"md-list-item\">\n<p class=\"md-end-block md-p\"><span class=\"md-plain\">O manuseio deve evitar a inala\u00e7\u00e3o direta de poeira e o contato prolongado com a pele.<\/span><\/p>\n<\/li>\n<\/ul>\n<\/li>\n<li class=\"md-list-item\">\n<p class=\"md-end-block md-p\"><span class=\"md-plain\">Declara\u00e7\u00f5es de precau\u00e7\u00e3o<\/span><span class=\"md-plain\">:<\/span><\/p>\n<ul class=\"ul-list\" data-mark=\"-\">\n<li class=\"md-list-item\">\n<p class=\"md-end-block md-p\"><span class=\"md-plain\">Use roupas de prote\u00e7\u00e3o adequadas, luvas e prote\u00e7\u00e3o para os olhos ao manusear.<\/span><\/p>\n<\/li>\n<li class=\"md-list-item\">\n<p class=\"md-end-block md-p\"><span class=\"md-plain\">Evite inalar poeira ou vapores.<\/span><\/p>\n<\/li>\n<li class=\"md-list-item\">\n<p class=\"md-end-block md-p\"><span class=\"md-plain\">Armazene em local fresco e seco, longe de materiais incompat\u00edveis, como bases fortes.<\/span><\/p>\n<\/li>\n<\/ul>\n<\/li>\n<li class=\"md-list-item\">\n<p class=\"md-end-block md-p\"><span class=\"md-plain\">Medidas de primeiros socorros<\/span><span class=\"md-plain\">:<\/span><\/p>\n<ul class=\"ul-list\" data-mark=\"-\">\n<li class=\"md-list-item\">\n<p class=\"md-end-block md-p\"><span class=\"md-pair-s\"><strong><span class=\"md-plain\">Contato com a pele<\/span><\/strong><\/span><span class=\"md-plain\">:Lavar com bastante \u00e1gua e sab\u00e3o.<\/span><\/p>\n<\/li>\n<li class=\"md-list-item\">\n<p class=\"md-end-block md-p\"><span class=\"md-pair-s\"><strong><span class=\"md-plain\">Contato visual<\/span><\/strong><\/span><span class=\"md-plain\">: Enx\u00e1gue com bastante \u00e1gua durante v\u00e1rios minutos. Procure atendimento m\u00e9dico se a irrita\u00e7\u00e3o persistir.<\/span><\/p>\n<\/li>\n<li class=\"md-list-item\">\n<p class=\"md-end-block md-p\"><span class=\"md-pair-s\"><strong><span class=\"md-plain\">Ingest\u00e3o<\/span><\/strong><\/span><span class=\"md-plain\">: Enx\u00e1gue a boca com \u00e1gua. N\u00e3o induza o v\u00f4mito, exceto sob orienta\u00e7\u00e3o m\u00e9dica.<\/span><\/p>\n<\/li>\n<li class=\"md-list-item\">\n<p class=\"md-end-block md-p\"><span class=\"md-pair-s\"><strong><span class=\"md-plain\">Inala\u00e7\u00e3o<\/span><\/strong><\/span><span class=\"md-plain\">: Leve a pessoa para o ar fresco. Procure atendimento m\u00e9dico se os sintomas persistirem.<\/span><\/p>\n<\/li>\n<\/ul>\n<\/li>\n<\/ul>\n<h2 class=\"md-end-block md-heading\"><span class=\"md-plain\">Embalagem e armazenamento:<\/span><\/h2>\n<ul class=\"ul-list\" data-mark=\"-\">\n<li class=\"md-list-item\">\n<p class=\"md-end-block md-p\"><span class=\"md-pair-s\"><strong><span class=\"md-plain\">Embalagem<\/span><\/strong><\/span><span class=\"md-plain\">: Normalmente embalado em sacos ou tambores de 25 kg. Op\u00e7\u00f5es de embalagem personalizadas dispon\u00edveis mediante solicita\u00e7\u00e3o.<\/span><\/p>\n<\/li>\n<li class=\"md-list-item\">\n<p class=\"md-end-block md-p\"><span class=\"md-pair-s\"><strong><span class=\"md-plain\">Condi\u00e7\u00f5es de armazenamento<\/span><\/strong><\/span><span class=\"md-plain\">: Armazene em local seco e bem ventilado, longe do calor e da luz solar direta. Certifique-se de que os recipientes estejam bem fechados ap\u00f3s o uso.<\/span><\/p>\n<\/li>\n<li class=\"md-list-item md-focus-container\">\n<p class=\"md-end-block md-p md-focus\"><span class=\"md-pair-s\"><strong><span class=\"md-plain\">Prazo de validade<\/span><\/strong><\/span><span class=\"md-plain\">: 2 anos, se armazenado corretamente.<\/span><\/p>\n<\/li>\n<\/ul>","protected":false},"excerpt":{"rendered":"<p class=\"tmnf_excerpt\">Cyanuric Acid is a triazine derivative widely used in the chemical, textile, and water treatment industries. It is known for its stability and ability to form complexes with various compounds. Cyanuric acid is also used as a stabilizer for chlorine in swimming pools and has applications in the manufacturing of herbicides and resins.\nChemical Formula: C\u2083H\u2083N\u2083O\u2083\nMolecular Weight: 129.09 g\/mol\nCAS Number: 108-80-5\n<\/p>","protected":false},"featured_media":11153,"template":"","meta":{"_acf_changed":false},"product_brand":[],"product_cat":[50],"product_tag":[54],"class_list":{"0":"post-11607","1":"product","2":"type-product","3":"status-publish","4":"has-post-thumbnail","6":"product_cat-water-treatment","7":"product_tag-hot-sell","9":"first","10":"instock","11":"shipping-taxable","12":"product-type-simple"},"acf":[],"yoast_head":"<!-- This site is optimized with the Yoast SEO plugin v27.4 - https:\/\/yoast.com\/product\/yoast-seo-wordpress\/ -->\n<title>Cyanuric Acid - rawchemicalmart.com<\/title>\n<meta name=\"robots\" content=\"index, follow, max-snippet:-1, max-image-preview:large, max-video-preview:-1\" \/>\n<link rel=\"canonical\" href=\"https:\/\/rawchemicalmart.com\/pt\/produto\/acido-cianurico\/\" \/>\n<meta property=\"og:locale\" content=\"pt_BR\" \/>\n<meta property=\"og:type\" content=\"article\" \/>\n<meta property=\"og:title\" content=\"Cyanuric Acid - rawchemicalmart.com\" \/>\n<meta property=\"og:description\" content=\"Cyanuric Acid is a triazine derivative widely used in the chemical, textile, and water treatment industries. It is known for its stability and ability to form complexes with various compounds. Cyanuric acid is also used as a stabilizer for chlorine in swimming pools and has applications in the manufacturing of herbicides and resins. Chemical Formula: C\u2083H\u2083N\u2083O\u2083 Molecular Weight: 129.09 g\/mol CAS Number: 108-80-5\" \/>\n<meta property=\"og:url\" content=\"https:\/\/rawchemicalmart.com\/pt\/produto\/acido-cianurico\/\" \/>\n<meta property=\"og:site_name\" content=\"rawchemicalmart.com\" \/>\n<meta property=\"article:modified_time\" content=\"2025-06-07T01:13:33+00:00\" \/>\n<meta property=\"og:image\" content=\"https:\/\/rawchemicalmart.com\/wp-content\/uploads\/2025\/05\/cyanuric-acide_1.png\" \/>\n\t<meta property=\"og:image:width\" content=\"800\" \/>\n\t<meta property=\"og:image:height\" content=\"800\" \/>\n\t<meta property=\"og:image:type\" content=\"image\/png\" \/>\n<meta name=\"twitter:card\" content=\"summary_large_image\" \/>\n<meta name=\"twitter:label1\" content=\"Est. tempo de leitura\" \/>\n\t<meta name=\"twitter:data1\" content=\"2 minutos\" \/>\n<script type=\"application\/ld+json\" class=\"yoast-schema-graph\">{\"@context\":\"https:\\\/\\\/schema.org\",\"@graph\":[{\"@type\":\"WebPage\",\"@id\":\"https:\\\/\\\/rawchemicalmart.com\\\/product\\\/cyanuric-acid\\\/\",\"url\":\"https:\\\/\\\/rawchemicalmart.com\\\/product\\\/cyanuric-acid\\\/\",\"name\":\"Cyanuric Acid - rawchemicalmart.com\",\"isPartOf\":{\"@id\":\"https:\\\/\\\/rawchemicalmart.com\\\/#website\"},\"primaryImageOfPage\":{\"@id\":\"https:\\\/\\\/rawchemicalmart.com\\\/product\\\/cyanuric-acid\\\/#primaryimage\"},\"image\":{\"@id\":\"https:\\\/\\\/rawchemicalmart.com\\\/product\\\/cyanuric-acid\\\/#primaryimage\"},\"thumbnailUrl\":\"https:\\\/\\\/rawchemicalmart.com\\\/wp-content\\\/uploads\\\/2025\\\/05\\\/cyanuric-acide_1.png\",\"datePublished\":\"2025-05-24T00:17:05+00:00\",\"dateModified\":\"2025-06-07T01:13:33+00:00\",\"breadcrumb\":{\"@id\":\"https:\\\/\\\/rawchemicalmart.com\\\/product\\\/cyanuric-acid\\\/#breadcrumb\"},\"inLanguage\":\"pt-BR\",\"potentialAction\":[{\"@type\":\"ReadAction\",\"target\":[\"https:\\\/\\\/rawchemicalmart.com\\\/product\\\/cyanuric-acid\\\/\"]}]},{\"@type\":\"ImageObject\",\"inLanguage\":\"pt-BR\",\"@id\":\"https:\\\/\\\/rawchemicalmart.com\\\/product\\\/cyanuric-acid\\\/#primaryimage\",\"url\":\"https:\\\/\\\/rawchemicalmart.com\\\/wp-content\\\/uploads\\\/2025\\\/05\\\/cyanuric-acide_1.png\",\"contentUrl\":\"https:\\\/\\\/rawchemicalmart.com\\\/wp-content\\\/uploads\\\/2025\\\/05\\\/cyanuric-acide_1.png\",\"width\":800,\"height\":800},{\"@type\":\"BreadcrumbList\",\"@id\":\"https:\\\/\\\/rawchemicalmart.com\\\/product\\\/cyanuric-acid\\\/#breadcrumb\",\"itemListElement\":[{\"@type\":\"ListItem\",\"position\":1,\"name\":\"Home\",\"item\":\"https:\\\/\\\/rawchemicalmart.com\\\/\"},{\"@type\":\"ListItem\",\"position\":2,\"name\":\"Products\",\"item\":\"https:\\\/\\\/rawchemicalmart.com\\\/shop\\\/\"},{\"@type\":\"ListItem\",\"position\":3,\"name\":\"Cyanuric Acid\"}]},{\"@type\":\"WebSite\",\"@id\":\"https:\\\/\\\/rawchemicalmart.com\\\/#website\",\"url\":\"https:\\\/\\\/rawchemicalmart.com\\\/\",\"name\":\"rawchemicalmart.com\",\"description\":\"Leading Raw Chemicals Supplier\",\"potentialAction\":[{\"@type\":\"SearchAction\",\"target\":{\"@type\":\"EntryPoint\",\"urlTemplate\":\"https:\\\/\\\/rawchemicalmart.com\\\/?s={search_term_string}\"},\"query-input\":{\"@type\":\"PropertyValueSpecification\",\"valueRequired\":true,\"valueName\":\"search_term_string\"}}],\"inLanguage\":\"pt-BR\"}]}<\/script>\n<!-- \/ Yoast SEO plugin. -->","yoast_head_json":{"title":"\u00c1cido cian\u00farico - rawchemicalmart.com","robots":{"index":"index","follow":"follow","max-snippet":"max-snippet:-1","max-image-preview":"max-image-preview:large","max-video-preview":"max-video-preview:-1"},"canonical":"https:\/\/rawchemicalmart.com\/pt\/produto\/acido-cianurico\/","og_locale":"pt_BR","og_type":"article","og_title":"Cyanuric Acid - rawchemicalmart.com","og_description":"Cyanuric Acid is a triazine derivative widely used in the chemical, textile, and water treatment industries. It is known for its stability and ability to form complexes with various compounds. Cyanuric acid is also used as a stabilizer for chlorine in swimming pools and has applications in the manufacturing of herbicides and resins. Chemical Formula: C\u2083H\u2083N\u2083O\u2083 Molecular Weight: 129.09 g\/mol CAS Number: 108-80-5","og_url":"https:\/\/rawchemicalmart.com\/pt\/produto\/acido-cianurico\/","og_site_name":"rawchemicalmart.com","article_modified_time":"2025-06-07T01:13:33+00:00","og_image":[{"width":800,"height":800,"url":"https:\/\/rawchemicalmart.com\/wp-content\/uploads\/2025\/05\/cyanuric-acide_1.png","type":"image\/png"}],"twitter_card":"summary_large_image","twitter_misc":{"Est. tempo de leitura":"2 minutos"},"schema":{"@context":"https:\/\/schema.org","@graph":[{"@type":"WebPage","@id":"https:\/\/rawchemicalmart.com\/product\/cyanuric-acid\/","url":"https:\/\/rawchemicalmart.com\/product\/cyanuric-acid\/","name":"\u00c1cido cian\u00farico - rawchemicalmart.com","isPartOf":{"@id":"https:\/\/rawchemicalmart.com\/#website"},"primaryImageOfPage":{"@id":"https:\/\/rawchemicalmart.com\/product\/cyanuric-acid\/#primaryimage"},"image":{"@id":"https:\/\/rawchemicalmart.com\/product\/cyanuric-acid\/#primaryimage"},"thumbnailUrl":"https:\/\/rawchemicalmart.com\/wp-content\/uploads\/2025\/05\/cyanuric-acide_1.png","datePublished":"2025-05-24T00:17:05+00:00","dateModified":"2025-06-07T01:13:33+00:00","breadcrumb":{"@id":"https:\/\/rawchemicalmart.com\/product\/cyanuric-acid\/#breadcrumb"},"inLanguage":"pt-BR","potentialAction":[{"@type":"ReadAction","target":["https:\/\/rawchemicalmart.com\/product\/cyanuric-acid\/"]}]},{"@type":"ImageObject","inLanguage":"pt-BR","@id":"https:\/\/rawchemicalmart.com\/product\/cyanuric-acid\/#primaryimage","url":"https:\/\/rawchemicalmart.com\/wp-content\/uploads\/2025\/05\/cyanuric-acide_1.png","contentUrl":"https:\/\/rawchemicalmart.com\/wp-content\/uploads\/2025\/05\/cyanuric-acide_1.png","width":800,"height":800},{"@type":"BreadcrumbList","@id":"https:\/\/rawchemicalmart.com\/product\/cyanuric-acid\/#breadcrumb","itemListElement":[{"@type":"ListItem","position":1,"name":"Home","item":"https:\/\/rawchemicalmart.com\/"},{"@type":"ListItem","position":2,"name":"Products","item":"https:\/\/rawchemicalmart.com\/shop\/"},{"@type":"ListItem","position":3,"name":"Cyanuric Acid"}]},{"@type":"WebSite","@id":"https:\/\/rawchemicalmart.com\/#website","url":"https:\/\/rawchemicalmart.com\/","name":"rawchemicalmart.com","description":"Fornecedor l\u00edder de mat\u00e9rias-primas qu\u00edmicas","potentialAction":[{"@type":"SearchAction","target":{"@type":"EntryPoint","urlTemplate":"https:\/\/rawchemicalmart.com\/?s={search_term_string}"},"query-input":{"@type":"PropertyValueSpecification","valueRequired":true,"valueName":"search_term_string"}}],"inLanguage":"pt-BR"}]}},"_links":{"self":[{"href":"https:\/\/rawchemicalmart.com\/pt\/wp-json\/wp\/v2\/product\/11607","targetHints":{"allow":["GET"]}}],"collection":[{"href":"https:\/\/rawchemicalmart.com\/pt\/wp-json\/wp\/v2\/product"}],"about":[{"href":"https:\/\/rawchemicalmart.com\/pt\/wp-json\/wp\/v2\/types\/product"}],"wp:featuredmedia":[{"embeddable":true,"href":"https:\/\/rawchemicalmart.com\/pt\/wp-json\/wp\/v2\/media\/11153"}],"wp:attachment":[{"href":"https:\/\/rawchemicalmart.com\/pt\/wp-json\/wp\/v2\/media?parent=11607"}],"wp:term":[{"taxonomy":"product_brand","embeddable":true,"href":"https:\/\/rawchemicalmart.com\/pt\/wp-json\/wp\/v2\/product_brand?post=11607"},{"taxonomy":"product_cat","embeddable":true,"href":"https:\/\/rawchemicalmart.com\/pt\/wp-json\/wp\/v2\/product_cat?post=11607"},{"taxonomy":"product_tag","embeddable":true,"href":"https:\/\/rawchemicalmart.com\/pt\/wp-json\/wp\/v2\/product_tag?post=11607"}],"curies":[{"name":"wp","href":"https:\/\/api.w.org\/{rel}","templated":true}]}}