{"id":11605,"date":"2025-05-24T00:12:09","date_gmt":"2025-05-24T00:12:09","guid":{"rendered":"https:\/\/rawchemicalmart.com\/?post_type=product&#038;p=11605"},"modified":"2025-06-07T01:24:18","modified_gmt":"2025-06-07T01:24:18","slug":"acido-citrico","status":"publish","type":"product","link":"https:\/\/rawchemicalmart.com\/pt\/produto\/acido-citrico\/","title":{"rendered":"\u00c1cido c\u00edtrico"},"content":{"rendered":"<h2 class=\"md-end-block md-heading md-focus\"><span class=\"md-plain md-expand\">Especifica\u00e7\u00e3o:<\/span><\/h2>\n<div class=\"table-scroll-wrapper\">\n<table id=\"tablepress-35\" class=\"tablepress tablepress-id-35\">\n<thead>\n<tr class=\"row-1\">\n\t<th class=\"column-1\">Par\u00e2metro<\/th><th class=\"column-2\">Especifica\u00e7\u00e3o<\/th><th class=\"column-3\">M\u00e9todo de teste<\/th>\n<\/tr>\n<\/thead>\n<tbody class=\"row-striping row-hover\">\n<tr class=\"row-2\">\n\t<td class=\"column-1\">Apar\u00eancia<\/td><td class=\"column-2\">Gr\u00e2nulos\/p\u00f3 cristalinos incolores ou brancos<\/td><td class=\"column-3\">Inspe\u00e7\u00e3o Visual<\/td>\n<\/tr>\n<tr class=\"row-3\">\n\t<td class=\"column-1\">Pureza<\/td><td class=\"column-2\">\u226599,5%<\/td><td class=\"column-3\">GB\/T 15562-2007<\/td>\n<\/tr>\n<tr class=\"row-4\">\n\t<td class=\"column-1\">Perda na Secagem (%)<\/td><td class=\"column-2\">\u22641,0%<\/td><td class=\"column-3\">GB\/T 6009-2011<\/td>\n<\/tr>\n<tr class=\"row-5\">\n\t<td class=\"column-1\">Cinzas Sulfatadas (%)<\/td><td class=\"column-2\">\u22640,05%<\/td><td class=\"column-3\">GB\/T 15564-2015<\/td>\n<\/tr>\n<tr class=\"row-6\">\n\t<td class=\"column-1\">Metais pesados (como Pb)<\/td><td class=\"column-2\">\u226410 ppm<\/td><td class=\"column-3\">GB\/T 5009.12-2003<\/td>\n<\/tr>\n<tr class=\"row-7\">\n\t<td class=\"column-1\">Ferro (Fe)<\/td><td class=\"column-2\">\u22645 ppm<\/td><td class=\"column-3\">GB\/T 5009.60-2003<\/td>\n<\/tr>\n<tr class=\"row-8\">\n\t<td class=\"column-1\">Ars\u00eanio (As)<\/td><td class=\"column-2\">\u22641 ppm<\/td><td class=\"column-3\">GB\/T 5009.11-2003<\/td>\n<\/tr>\n<tr class=\"row-9\">\n\t<td class=\"column-1\">Acidez (como \u00e1cido c\u00edtrico)<\/td><td class=\"column-2\">\u226599,5%<\/td><td class=\"column-3\">GB\/T 6009-20<\/td>\n<\/tr>\n<\/tbody>\n<\/table>\n<!-- #tablepress-35 from cache --><\/div>\n<h2 class=\"md-end-block md-heading\"><span class=\"md-plain\">Caracter\u00edsticas:<\/span><\/h2>\n<ul class=\"ul-list\" data-mark=\"-\">\n<li class=\"md-list-item\">\n<p class=\"md-end-block md-p\"><span class=\"md-plain\">Alta pureza: \u00e1cido c\u00edtrico com pureza de 99,5% ou superior garante qualidade superior para uso em alimentos e outras aplica\u00e7\u00f5es sens\u00edveis.<\/span><\/p>\n<\/li>\n<li class=\"md-list-item\">\n<p class=\"md-end-block md-p\"><span class=\"md-plain\">N\u00e3o t\u00f3xico: seguro para consumo, com um longo hist\u00f3rico de uso como aditivo em alimentos e bebidas.<\/span><\/p>\n<\/li>\n<li class=\"md-list-item\">\n<p class=\"md-end-block md-p\"><span class=\"md-plain\">Vers\u00e1til: funciona como acidulante, conservante, antioxidante e intensificador de sabor em v\u00e1rios setores.<\/span><\/p>\n<\/li>\n<li class=\"md-list-item\">\n<p class=\"md-end-block md-p\"><span class=\"md-plain\">Facilmente sol\u00favel: sol\u00favel em \u00e1gua, o que o torna f\u00e1cil de incorporar em diferentes formula\u00e7\u00f5es.<\/span><\/p>\n<\/li>\n<\/ul>\n<h2 class=\"md-end-block md-heading\"><span class=\"md-plain\">Aplica\u00e7\u00f5es:<\/span><\/h2>\n<ul class=\"ul-list\" data-mark=\"-\">\n<li class=\"md-list-item\">\n<p class=\"md-end-block md-p\"><span class=\"md-plain\">Alimentos e bebidas:<\/span><\/p>\n<ul class=\"ul-list\" data-mark=\"-\">\n<li class=\"md-list-item\">\n<p class=\"md-end-block md-p\"><span class=\"md-plain\">Usado como acidulante, intensificador de sabor e conservante em bebidas, geleias, doces e molhos.<\/span><\/p>\n<\/li>\n<li class=\"md-list-item\">\n<p class=\"md-end-block md-p\"><span class=\"md-plain\">Controla o pH e melhora a textura de v\u00e1rios produtos aliment\u00edcios.<\/span><\/p>\n<\/li>\n<\/ul>\n<\/li>\n<li class=\"md-list-item\">\n<p class=\"md-end-block md-p\"><span class=\"md-plain\">Produtos farmac\u00eauticos:<\/span><\/p>\n<ul class=\"ul-list\" data-mark=\"-\">\n<li class=\"md-list-item\">\n<p class=\"md-end-block md-p\"><span class=\"md-plain\">Atua como antioxidante e estabilizante em formula\u00e7\u00f5es farmac\u00eauticas.<\/span><\/p>\n<\/li>\n<li class=\"md-list-item\">\n<p class=\"md-end-block md-p\"><span class=\"md-plain\">Usado em comprimidos efervescentes para criar um efeito efervescente.<\/span><\/p>\n<\/li>\n<\/ul>\n<\/li>\n<li class=\"md-list-item\">\n<p class=\"md-end-block md-p\"><span class=\"md-plain\">Cosm\u00e9ticos:<\/span><\/p>\n<ul class=\"ul-list\" data-mark=\"-\">\n<li class=\"md-list-item\">\n<p class=\"md-end-block md-p\"><span class=\"md-plain\">Comumente usado como ajustador de pH e agente quelante em produtos de cuidados pessoais, como lo\u00e7\u00f5es, xampus e cremes.<\/span><\/p>\n<\/li>\n<\/ul>\n<\/li>\n<li class=\"md-list-item\">\n<p class=\"md-end-block md-p\"><span class=\"md-plain\">Produtos de limpeza:<\/span><\/p>\n<ul class=\"ul-list\" data-mark=\"-\">\n<li class=\"md-list-item\">\n<p class=\"md-end-block md-p\"><span class=\"md-plain\">Atua como detergente e desincrustante em produtos de limpeza e lavagem.<\/span><\/p>\n<\/li>\n<\/ul>\n<\/li>\n<li class=\"md-list-item\">\n<p class=\"md-end-block md-p\"><span class=\"md-plain\">Ind\u00fastria qu\u00edmica:<\/span><\/p>\n<ul class=\"ul-list\" data-mark=\"-\">\n<li class=\"md-list-item\">\n<p class=\"md-end-block md-p\"><span class=\"md-plain\">Utilizado como plastificante, antioxidante e inibidor de corros\u00e3o.<\/span><\/p>\n<\/li>\n<\/ul>\n<\/li>\n<\/ul>\n<h2 class=\"md-end-block md-heading\"><span class=\"md-plain\">Embalagem:<\/span><\/h2>\n<ul class=\"ul-list\" data-mark=\"-\">\n<li class=\"md-list-item\">\n<p class=\"md-end-block md-p\"><span class=\"md-plain\">Op\u00e7\u00f5es de embalagem:<\/span><\/p>\n<ul class=\"ul-list\" data-mark=\"-\">\n<li class=\"md-list-item\">\n<p class=\"md-end-block md-p\"><span class=\"md-plain\">Sacos de papel kraft de 25 kg<\/span><\/p>\n<\/li>\n<li class=\"md-list-item\">\n<p class=\"md-end-block md-p\"><span class=\"md-plain\">Sacos a granel de 500 kg ou 1000 kg<\/span><\/p>\n<\/li>\n<li class=\"md-list-item\">\n<p class=\"md-end-block md-p\"><span class=\"md-plain\">Sacos de polietileno de 25 kg dentro de caixas de papel\u00e3o<\/span><\/p>\n<\/li>\n<\/ul>\n<\/li>\n<\/ul>\n<h2 class=\"md-end-block md-heading\"><span class=\"md-plain\">Armazenar:<\/span><\/h2>\n<ul class=\"ul-list\" data-mark=\"-\">\n<li class=\"md-list-item\">\n<p class=\"md-end-block md-p\"><span class=\"md-plain\">Condi\u00e7\u00f5es:<\/span><\/p>\n<ul class=\"ul-list\" data-mark=\"-\">\n<li class=\"md-list-item\">\n<p class=\"md-end-block md-p\"><span class=\"md-plain\">Armazene em ambiente seco, ventilado e limpo.<\/span><\/p>\n<\/li>\n<li class=\"md-list-item\">\n<p class=\"md-end-block md-p\"><span class=\"md-plain\">Mantenha longe da luz solar direta, umidade e poluentes.<\/span><\/p>\n<\/li>\n<li class=\"md-list-item\">\n<p class=\"md-end-block md-p\"><span class=\"md-plain\">\u00c9 aconselh\u00e1vel evitar o armazenamento ao ar livre.<\/span><\/p>\n<\/li>\n<\/ul>\n<\/li>\n<li class=\"md-list-item\">\n<p class=\"md-end-block md-p\"><span class=\"md-plain\">Prazo de validade:<\/span><\/p>\n<ul class=\"ul-list\" data-mark=\"-\">\n<li class=\"md-list-item\">\n<p class=\"md-end-block md-p\"><span class=\"md-plain\">24 meses a partir da data de produ\u00e7\u00e3o, quando armazenado nas condi\u00e7\u00f5es e embalagens recomendadas.<\/span><\/p>\n<\/li>\n<\/ul>\n<\/li>\n<\/ul>","protected":false},"excerpt":{"rendered":"<p class=\"tmnf_excerpt\">Citric acid (C\u2086H\u2088O\u2087) is a colorless or white crystalline granular or powdered substance with a strong sour taste and no odor. It is widely used as an acidulant, flavor enhancer, preservative, and antioxidant in various industries such as food, beverage, cosmetics, chemicals, and cleaning. Citric acid is naturally found in citrus fruits and is commonly used in the food and beverage industry to impart a tart, refreshing taste to products.\nMolecular Formula: C\u2086H\u2088O\u2087\nCAS Number: 77-92-9\nStandard: GB1886.235-2016\n<\/p>","protected":false},"featured_media":11028,"template":"","meta":{"_acf_changed":false},"product_brand":[],"product_cat":[51],"product_tag":[],"class_list":{"0":"post-11605","1":"product","2":"type-product","3":"status-publish","4":"has-post-thumbnail","6":"product_cat-oilfields","8":"first","9":"instock","10":"shipping-taxable","11":"product-type-simple"},"acf":[],"yoast_head":"<!-- This site is optimized with the Yoast SEO plugin v27.4 - https:\/\/yoast.com\/product\/yoast-seo-wordpress\/ -->\n<title>Citric Acid - rawchemicalmart.com<\/title>\n<meta name=\"robots\" content=\"index, follow, max-snippet:-1, max-image-preview:large, max-video-preview:-1\" \/>\n<link rel=\"canonical\" href=\"https:\/\/rawchemicalmart.com\/pt\/produto\/acido-citrico\/\" \/>\n<meta property=\"og:locale\" content=\"pt_BR\" \/>\n<meta property=\"og:type\" content=\"article\" \/>\n<meta property=\"og:title\" content=\"Citric Acid - rawchemicalmart.com\" \/>\n<meta property=\"og:description\" content=\"Citric acid (C\u2086H\u2088O\u2087) is a colorless or white crystalline granular or powdered substance with a strong sour taste and no odor. It is widely used as an acidulant, flavor enhancer, preservative, and antioxidant in various industries such as food, beverage, cosmetics, chemicals, and cleaning. Citric acid is naturally found in citrus fruits and is commonly used in the food and beverage industry to impart a tart, refreshing taste to products. Molecular Formula: C\u2086H\u2088O\u2087 CAS Number: 77-92-9 Standard: GB1886.235-2016\" \/>\n<meta property=\"og:url\" content=\"https:\/\/rawchemicalmart.com\/pt\/produto\/acido-citrico\/\" \/>\n<meta property=\"og:site_name\" content=\"rawchemicalmart.com\" \/>\n<meta property=\"article:modified_time\" content=\"2025-06-07T01:24:18+00:00\" \/>\n<meta property=\"og:image\" content=\"https:\/\/rawchemicalmart.com\/wp-content\/uploads\/2025\/05\/citric-acid-2025-01-14_1.png\" \/>\n\t<meta property=\"og:image:width\" content=\"800\" \/>\n\t<meta property=\"og:image:height\" content=\"800\" \/>\n\t<meta property=\"og:image:type\" content=\"image\/png\" \/>\n<meta name=\"twitter:card\" content=\"summary_large_image\" \/>\n<meta name=\"twitter:label1\" content=\"Est. tempo de leitura\" \/>\n\t<meta name=\"twitter:data1\" content=\"1 minuto\" \/>\n<script type=\"application\/ld+json\" class=\"yoast-schema-graph\">{\"@context\":\"https:\\\/\\\/schema.org\",\"@graph\":[{\"@type\":\"WebPage\",\"@id\":\"https:\\\/\\\/rawchemicalmart.com\\\/product\\\/citric-acid\\\/\",\"url\":\"https:\\\/\\\/rawchemicalmart.com\\\/product\\\/citric-acid\\\/\",\"name\":\"Citric Acid - rawchemicalmart.com\",\"isPartOf\":{\"@id\":\"https:\\\/\\\/rawchemicalmart.com\\\/#website\"},\"primaryImageOfPage\":{\"@id\":\"https:\\\/\\\/rawchemicalmart.com\\\/product\\\/citric-acid\\\/#primaryimage\"},\"image\":{\"@id\":\"https:\\\/\\\/rawchemicalmart.com\\\/product\\\/citric-acid\\\/#primaryimage\"},\"thumbnailUrl\":\"https:\\\/\\\/rawchemicalmart.com\\\/wp-content\\\/uploads\\\/2025\\\/05\\\/citric-acid-2025-01-14_1.png\",\"datePublished\":\"2025-05-24T00:12:09+00:00\",\"dateModified\":\"2025-06-07T01:24:18+00:00\",\"breadcrumb\":{\"@id\":\"https:\\\/\\\/rawchemicalmart.com\\\/product\\\/citric-acid\\\/#breadcrumb\"},\"inLanguage\":\"pt-BR\",\"potentialAction\":[{\"@type\":\"ReadAction\",\"target\":[\"https:\\\/\\\/rawchemicalmart.com\\\/product\\\/citric-acid\\\/\"]}]},{\"@type\":\"ImageObject\",\"inLanguage\":\"pt-BR\",\"@id\":\"https:\\\/\\\/rawchemicalmart.com\\\/product\\\/citric-acid\\\/#primaryimage\",\"url\":\"https:\\\/\\\/rawchemicalmart.com\\\/wp-content\\\/uploads\\\/2025\\\/05\\\/citric-acid-2025-01-14_1.png\",\"contentUrl\":\"https:\\\/\\\/rawchemicalmart.com\\\/wp-content\\\/uploads\\\/2025\\\/05\\\/citric-acid-2025-01-14_1.png\",\"width\":800,\"height\":800},{\"@type\":\"BreadcrumbList\",\"@id\":\"https:\\\/\\\/rawchemicalmart.com\\\/product\\\/citric-acid\\\/#breadcrumb\",\"itemListElement\":[{\"@type\":\"ListItem\",\"position\":1,\"name\":\"Home\",\"item\":\"https:\\\/\\\/rawchemicalmart.com\\\/\"},{\"@type\":\"ListItem\",\"position\":2,\"name\":\"Products\",\"item\":\"https:\\\/\\\/rawchemicalmart.com\\\/shop\\\/\"},{\"@type\":\"ListItem\",\"position\":3,\"name\":\"Citric Acid\"}]},{\"@type\":\"WebSite\",\"@id\":\"https:\\\/\\\/rawchemicalmart.com\\\/#website\",\"url\":\"https:\\\/\\\/rawchemicalmart.com\\\/\",\"name\":\"rawchemicalmart.com\",\"description\":\"Leading Raw Chemicals Supplier\",\"potentialAction\":[{\"@type\":\"SearchAction\",\"target\":{\"@type\":\"EntryPoint\",\"urlTemplate\":\"https:\\\/\\\/rawchemicalmart.com\\\/?s={search_term_string}\"},\"query-input\":{\"@type\":\"PropertyValueSpecification\",\"valueRequired\":true,\"valueName\":\"search_term_string\"}}],\"inLanguage\":\"pt-BR\"}]}<\/script>\n<!-- \/ Yoast SEO plugin. -->","yoast_head_json":{"title":"\u00c1cido c\u00edtrico - rawchemicalmart.com","robots":{"index":"index","follow":"follow","max-snippet":"max-snippet:-1","max-image-preview":"max-image-preview:large","max-video-preview":"max-video-preview:-1"},"canonical":"https:\/\/rawchemicalmart.com\/pt\/produto\/acido-citrico\/","og_locale":"pt_BR","og_type":"article","og_title":"Citric Acid - rawchemicalmart.com","og_description":"Citric acid (C\u2086H\u2088O\u2087) is a colorless or white crystalline granular or powdered substance with a strong sour taste and no odor. It is widely used as an acidulant, flavor enhancer, preservative, and antioxidant in various industries such as food, beverage, cosmetics, chemicals, and cleaning. Citric acid is naturally found in citrus fruits and is commonly used in the food and beverage industry to impart a tart, refreshing taste to products. Molecular Formula: C\u2086H\u2088O\u2087 CAS Number: 77-92-9 Standard: GB1886.235-2016","og_url":"https:\/\/rawchemicalmart.com\/pt\/produto\/acido-citrico\/","og_site_name":"rawchemicalmart.com","article_modified_time":"2025-06-07T01:24:18+00:00","og_image":[{"width":800,"height":800,"url":"https:\/\/rawchemicalmart.com\/wp-content\/uploads\/2025\/05\/citric-acid-2025-01-14_1.png","type":"image\/png"}],"twitter_card":"summary_large_image","twitter_misc":{"Est. tempo de leitura":"1 minuto"},"schema":{"@context":"https:\/\/schema.org","@graph":[{"@type":"WebPage","@id":"https:\/\/rawchemicalmart.com\/product\/citric-acid\/","url":"https:\/\/rawchemicalmart.com\/product\/citric-acid\/","name":"\u00c1cido c\u00edtrico - rawchemicalmart.com","isPartOf":{"@id":"https:\/\/rawchemicalmart.com\/#website"},"primaryImageOfPage":{"@id":"https:\/\/rawchemicalmart.com\/product\/citric-acid\/#primaryimage"},"image":{"@id":"https:\/\/rawchemicalmart.com\/product\/citric-acid\/#primaryimage"},"thumbnailUrl":"https:\/\/rawchemicalmart.com\/wp-content\/uploads\/2025\/05\/citric-acid-2025-01-14_1.png","datePublished":"2025-05-24T00:12:09+00:00","dateModified":"2025-06-07T01:24:18+00:00","breadcrumb":{"@id":"https:\/\/rawchemicalmart.com\/product\/citric-acid\/#breadcrumb"},"inLanguage":"pt-BR","potentialAction":[{"@type":"ReadAction","target":["https:\/\/rawchemicalmart.com\/product\/citric-acid\/"]}]},{"@type":"ImageObject","inLanguage":"pt-BR","@id":"https:\/\/rawchemicalmart.com\/product\/citric-acid\/#primaryimage","url":"https:\/\/rawchemicalmart.com\/wp-content\/uploads\/2025\/05\/citric-acid-2025-01-14_1.png","contentUrl":"https:\/\/rawchemicalmart.com\/wp-content\/uploads\/2025\/05\/citric-acid-2025-01-14_1.png","width":800,"height":800},{"@type":"BreadcrumbList","@id":"https:\/\/rawchemicalmart.com\/product\/citric-acid\/#breadcrumb","itemListElement":[{"@type":"ListItem","position":1,"name":"Home","item":"https:\/\/rawchemicalmart.com\/"},{"@type":"ListItem","position":2,"name":"Products","item":"https:\/\/rawchemicalmart.com\/shop\/"},{"@type":"ListItem","position":3,"name":"Citric Acid"}]},{"@type":"WebSite","@id":"https:\/\/rawchemicalmart.com\/#website","url":"https:\/\/rawchemicalmart.com\/","name":"rawchemicalmart.com","description":"Fornecedor l\u00edder de mat\u00e9rias-primas qu\u00edmicas","potentialAction":[{"@type":"SearchAction","target":{"@type":"EntryPoint","urlTemplate":"https:\/\/rawchemicalmart.com\/?s={search_term_string}"},"query-input":{"@type":"PropertyValueSpecification","valueRequired":true,"valueName":"search_term_string"}}],"inLanguage":"pt-BR"}]}},"_links":{"self":[{"href":"https:\/\/rawchemicalmart.com\/pt\/wp-json\/wp\/v2\/product\/11605","targetHints":{"allow":["GET"]}}],"collection":[{"href":"https:\/\/rawchemicalmart.com\/pt\/wp-json\/wp\/v2\/product"}],"about":[{"href":"https:\/\/rawchemicalmart.com\/pt\/wp-json\/wp\/v2\/types\/product"}],"wp:featuredmedia":[{"embeddable":true,"href":"https:\/\/rawchemicalmart.com\/pt\/wp-json\/wp\/v2\/media\/11028"}],"wp:attachment":[{"href":"https:\/\/rawchemicalmart.com\/pt\/wp-json\/wp\/v2\/media?parent=11605"}],"wp:term":[{"taxonomy":"product_brand","embeddable":true,"href":"https:\/\/rawchemicalmart.com\/pt\/wp-json\/wp\/v2\/product_brand?post=11605"},{"taxonomy":"product_cat","embeddable":true,"href":"https:\/\/rawchemicalmart.com\/pt\/wp-json\/wp\/v2\/product_cat?post=11605"},{"taxonomy":"product_tag","embeddable":true,"href":"https:\/\/rawchemicalmart.com\/pt\/wp-json\/wp\/v2\/product_tag?post=11605"}],"curies":[{"name":"wp","href":"https:\/\/api.w.org\/{rel}","templated":true}]}}