{"id":11597,"date":"2025-05-23T23:59:49","date_gmt":"2025-05-23T23:59:49","guid":{"rendered":"https:\/\/rawchemicalmart.com\/?post_type=product&#038;p=11597"},"modified":"2026-01-23T08:54:48","modified_gmt":"2026-01-23T08:54:48","slug":"acido-adipico","status":"publish","type":"product","link":"https:\/\/rawchemicalmart.com\/pt\/produto\/acido-adipico\/","title":{"rendered":"\u00c1cido ad\u00edpico"},"content":{"rendered":"<h2>Especifica\u00e7\u00e3o:<\/h2>\n<div class=\"table-scroll-wrapper\">\n<table id=\"tablepress-29\" class=\"tablepress tablepress-id-29\">\n<thead>\n<tr class=\"row-1\">\n\t<th class=\"column-1\">Propriedade<\/th><th class=\"column-2\">Especifica\u00e7\u00e3o<\/th>\n<\/tr>\n<\/thead>\n<tbody class=\"row-striping row-hover\">\n<tr class=\"row-2\">\n\t<td class=\"column-1\">F\u00f3rmula Qu\u00edmica<\/td><td class=\"column-2\">C\u2086H\u2081\u2080O\u2084<\/td>\n<\/tr>\n<tr class=\"row-3\">\n\t<td class=\"column-1\">Peso molecular<\/td><td class=\"column-2\">146,14 g\/mol<\/td>\n<\/tr>\n<tr class=\"row-4\">\n\t<td class=\"column-1\">Apar\u00eancia<\/td><td class=\"column-2\">P\u00f3 cristalino branco<\/td>\n<\/tr>\n<tr class=\"row-5\">\n\t<td class=\"column-1\">Ponto de fus\u00e3o<\/td><td class=\"column-2\">152\u2013154\u00b0C<\/td>\n<\/tr>\n<tr class=\"row-6\">\n\t<td class=\"column-1\">Ponto de ebuli\u00e7\u00e3o<\/td><td class=\"column-2\">337\u00b0C<\/td>\n<\/tr>\n<tr class=\"row-7\">\n\t<td class=\"column-1\">Solubilidade<\/td><td class=\"column-2\">Sol\u00favel em \u00e1gua, etanol e acetona<\/td>\n<\/tr>\n<tr class=\"row-8\">\n\t<td class=\"column-1\">Pureza<\/td><td class=\"column-2\">\u226599,5%<\/td>\n<\/tr>\n<tr class=\"row-9\">\n\t<td class=\"column-1\">Densidade<\/td><td class=\"column-2\">1,36 g\/cm\u00b3<\/td>\n<\/tr>\n<tr class=\"row-10\">\n\t<td class=\"column-1\">pH (solu\u00e7\u00e3o 1%)<\/td><td class=\"column-2\">3,0\u20134,0<\/td>\n<\/tr>\n<tr class=\"row-11\">\n\t<td class=\"column-1\">N\u00famero CAS<\/td><td class=\"column-2\">124-04-9<\/td>\n<\/tr>\n<\/tbody>\n<\/table>\n<!-- #tablepress-29 from cache --><\/div>\n<h2 class=\"md-end-block md-heading\"><span class=\"md-plain\">Aplica\u00e7\u00f5es:<\/span><\/h2>\n<p class=\"md-end-block md-p\"><span class=\"md-plain\">O \u00e1cido ad\u00edpico \u00e9 amplamente utilizado em v\u00e1rios setores, incluindo:<\/span><\/p>\n<ul class=\"ul-list\" data-mark=\"-\">\n<li class=\"md-list-item\">\n<p class=\"md-end-block md-p\"><span class=\"md-plain\">Ind\u00fastria de pol\u00edmeros:<\/span><\/p>\n<ul class=\"ul-list\" data-mark=\"-\">\n<li class=\"md-list-item\">\n<p class=\"md-end-block md-p\"><span class=\"md-plain\">Mat\u00e9ria-prima prim\u00e1ria para a produ\u00e7\u00e3o de nylon 6,6.<\/span><\/p>\n<\/li>\n<li class=\"md-list-item\">\n<p class=\"md-end-block md-p\"><span class=\"md-plain\">Utilizado na fabrica\u00e7\u00e3o de resinas de poliuretano.<\/span><\/p>\n<\/li>\n<\/ul>\n<\/li>\n<li class=\"md-list-item\">\n<p class=\"md-end-block md-p\"><span class=\"md-plain\">Ind\u00fastria aliment\u00edcia:<\/span><\/p>\n<ul class=\"ul-list\" data-mark=\"-\">\n<li class=\"md-list-item\">\n<p class=\"md-end-block md-p\"><span class=\"md-plain\">Atua como aditivo alimentar (E355) para regula\u00e7\u00e3o da acidez e realce do sabor.<\/span><\/p>\n<\/li>\n<li class=\"md-list-item\">\n<p class=\"md-end-block md-p\"><span class=\"md-plain\">Usado em sobremesas de gelatina, bebidas e fermentos em p\u00f3.<\/span><\/p>\n<\/li>\n<\/ul>\n<\/li>\n<li class=\"md-list-item\">\n<p class=\"md-end-block md-p\"><span class=\"md-plain\">Produtos farmac\u00eauticos:<\/span><\/p>\n<ul class=\"ul-list\" data-mark=\"-\">\n<li class=\"md-list-item\">\n<p class=\"md-end-block md-p\"><span class=\"md-plain\">Utilizado como excipiente em formula\u00e7\u00f5es de libera\u00e7\u00e3o controlada.<\/span><\/p>\n<\/li>\n<li class=\"md-list-item\">\n<p class=\"md-end-block md-p\"><span class=\"md-plain\">Utilizado na produ\u00e7\u00e3o de antiss\u00e9pticos e desinfetantes.<\/span><\/p>\n<\/li>\n<\/ul>\n<\/li>\n<li class=\"md-list-item\">\n<p class=\"md-end-block md-p\"><span class=\"md-plain\">Plastificantes:<\/span><\/p>\n<ul class=\"ul-list\" data-mark=\"-\">\n<li class=\"md-list-item\">\n<p class=\"md-end-block md-p\"><span class=\"md-plain\">Componente chave na produ\u00e7\u00e3o de plastificantes para PVC e outros pol\u00edmeros.<\/span><\/p>\n<\/li>\n<\/ul>\n<\/li>\n<li class=\"md-list-item\">\n<p class=\"md-end-block md-p\"><span class=\"md-plain\">Lubrificantes:<\/span><\/p>\n<ul class=\"ul-list\" data-mark=\"-\">\n<li class=\"md-list-item\">\n<p class=\"md-end-block md-p\"><span class=\"md-plain\">Utilizado na s\u00edntese de lubrificantes \u00e0 base de \u00e9steres.<\/span><\/p>\n<\/li>\n<\/ul>\n<\/li>\n<li class=\"md-list-item\">\n<p class=\"md-end-block md-p\"><span class=\"md-plain\">Cosm\u00e9ticos:<\/span><\/p>\n<ul class=\"ul-list\" data-mark=\"-\">\n<li class=\"md-list-item\">\n<p class=\"md-end-block md-p\"><span class=\"md-plain\">Incorporado em produtos de cuidados pessoais como um ajustador de pH.<\/span><\/p>\n<\/li>\n<\/ul>\n<\/li>\n<\/ul>\n<h2 class=\"md-end-block md-heading\"><span class=\"md-plain\">Caracter\u00edsticas:<\/span><\/h2>\n<p class=\"md-end-block md-p\"><span class=\"md-plain\">O \u00e1cido ad\u00edpico oferece v\u00e1rios recursos importantes, incluindo:<\/span><\/p>\n<ul class=\"ul-list\" data-mark=\"-\">\n<li class=\"md-list-item\">\n<p class=\"md-end-block md-p\"><span class=\"md-plain\">Alta pureza: garante desempenho consistente em aplica\u00e7\u00f5es industriais.<\/span><\/p>\n<\/li>\n<li class=\"md-list-item\">\n<p class=\"md-end-block md-p\"><span class=\"md-plain\">Versatilidade: Adequado para uso em pol\u00edmeros, alimentos, produtos farmac\u00eauticos e cosm\u00e9ticos.<\/span><\/p>\n<\/li>\n<li class=\"md-list-item\">\n<p class=\"md-end-block md-p\"><span class=\"md-plain\">Estabilidade: Permanece est\u00e1vel em condi\u00e7\u00f5es normais de armazenamento e processamento.<\/span><\/p>\n<\/li>\n<li class=\"md-list-item\">\n<p class=\"md-end-block md-p\"><span class=\"md-plain\">Ecol\u00f3gico: Utilizado na produ\u00e7\u00e3o de pl\u00e1sticos biodegrad\u00e1veis.<\/span><\/p>\n<\/li>\n<li class=\"md-list-item\">\n<p class=\"md-end-block md-p\"><span class=\"md-plain\">Custo-benef\u00edcio: Mat\u00e9ria-prima econ\u00f4mica para uso industrial em larga escala.<\/span><\/p>\n<\/li>\n<\/ul>\n<h2 class=\"md-end-block md-heading\"><span class=\"md-plain\">Embalagem:<\/span><\/h2>\n<p class=\"md-end-block md-p\"><span class=\"md-plain\">O \u00e1cido ad\u00edpico est\u00e1 dispon\u00edvel nas seguintes op\u00e7\u00f5es de embalagem:<\/span><\/p>\n<ul class=\"ul-list\" data-mark=\"-\">\n<li class=\"md-list-item\">\n<p class=\"md-end-block md-p\"><span class=\"md-plain\">Sacos de 25 kg (polietileno multicamadas ou polipropileno).<\/span><\/p>\n<\/li>\n<li class=\"md-list-item\">\n<p class=\"md-end-block md-p\"><span class=\"md-plain\">Cont\u00eaineres a granel de 500 kg.<\/span><\/p>\n<\/li>\n<li class=\"md-list-item\">\n<p class=\"md-end-block md-p\"><span class=\"md-plain\">Op\u00e7\u00f5es de embalagem personalizadas est\u00e3o dispon\u00edveis mediante solicita\u00e7\u00e3o.<\/span><\/p>\n<\/li>\n<\/ul>\n<h2 class=\"md-end-block md-heading\"><span class=\"md-plain\">Armazenar:<\/span><\/h2>\n<p class=\"md-end-block md-p\"><span class=\"md-plain\">Para garantir a qualidade e a estabilidade do \u00c1cido Ad\u00edpico, siga estas diretrizes de armazenamento:<\/span><\/p>\n<ul class=\"ul-list\" data-mark=\"-\">\n<li class=\"md-list-item\">\n<p class=\"md-end-block md-p\"><span class=\"md-plain\">Armazene em local fresco, seco e bem ventilado.<\/span><\/p>\n<\/li>\n<li class=\"md-list-item\">\n<p class=\"md-end-block md-p\"><span class=\"md-plain\">Mantenha longe da luz solar direta, calor e umidade.<\/span><\/p>\n<\/li>\n<li class=\"md-list-item\">\n<p class=\"md-end-block md-p\"><span class=\"md-plain\">Certifique-se de que o recipiente esteja bem fechado para evitar contamina\u00e7\u00e3o.<\/span><\/p>\n<\/li>\n<li class=\"md-list-item\">\n<p class=\"md-end-block md-p\"><span class=\"md-plain\">Evite contato com agentes oxidantes fortes e bases.<\/span><\/p>\n<\/li>\n<li class=\"md-list-item md-focus-container\">\n<p class=\"md-end-block md-p md-focus\"><span class=\"md-plain\">Prazo de validade: At\u00e9 2 anos quando armazenado nas condi\u00e7\u00f5es recomendadas.<\/span><\/p>\n<\/li>\n<\/ul>","protected":false},"excerpt":{"rendered":"<p class=\"tmnf_excerpt\">O \u00e1cido ad\u00edpico, com a f\u00f3rmula qu\u00edmica C\u2086H\u2081\u2080O\u2084, \u00e9 um s\u00f3lido cristalino branco e um dos \u00e1cidos dicarbox\u00edlicos alif\u00e1ticos mais importantes. \u00c9 usado principalmente na produ\u00e7\u00e3o de nylon 6,6 e poliuretano. O \u00e1cido ad\u00edpico tamb\u00e9m \u00e9 utilizado em diversas aplica\u00e7\u00f5es industriais, incluindo aditivos alimentares, produtos farmac\u00eauticos e plastificantes. \u00c9 conhecido por sua estabilidade, versatilidade e efic\u00e1cia como precursor em s\u00edntese qu\u00edmica.\n<\/p>","protected":false},"featured_media":11001,"template":"","meta":{"_acf_changed":false},"product_brand":[],"product_cat":[69],"product_tag":[],"class_list":{"0":"post-11597","1":"product","2":"type-product","3":"status-publish","4":"has-post-thumbnail","6":"product_cat-fine-chemicals","8":"first","9":"instock","10":"shipping-taxable","11":"product-type-simple"},"acf":[],"yoast_head":"<!-- This site is optimized with the Yoast SEO plugin v27.4 - https:\/\/yoast.com\/product\/yoast-seo-wordpress\/ -->\n<title>Adipic acid - rawchemicalmart.com<\/title>\n<meta name=\"robots\" content=\"index, follow, max-snippet:-1, max-image-preview:large, max-video-preview:-1\" \/>\n<link rel=\"canonical\" href=\"https:\/\/rawchemicalmart.com\/pt\/produto\/acido-adipico\/\" \/>\n<meta property=\"og:locale\" content=\"pt_BR\" \/>\n<meta property=\"og:type\" content=\"article\" \/>\n<meta property=\"og:title\" content=\"Adipic acid - rawchemicalmart.com\" \/>\n<meta property=\"og:description\" content=\"Adipic Acid, with the chemical formula C\u2086H\u2081\u2080O\u2084, is a white crystalline solid and one of the most important aliphatic dicarboxylic acids. It is primarily used in the production of nylon 6,6 and polyurethane. Adipic Acid is also utilized in various industrial applications, including food additives, pharmaceuticals, and plasticizers. It is known for its stability, versatility, and effectiveness as a precursor in chemical synthesis.\" \/>\n<meta property=\"og:url\" content=\"https:\/\/rawchemicalmart.com\/pt\/produto\/acido-adipico\/\" \/>\n<meta property=\"og:site_name\" content=\"rawchemicalmart.com\" \/>\n<meta property=\"article:modified_time\" content=\"2026-01-23T08:54:48+00:00\" \/>\n<meta property=\"og:image\" content=\"https:\/\/rawchemicalmart.com\/wp-content\/uploads\/2025\/05\/adipic-acid-2025-01-13_1.png\" \/>\n\t<meta property=\"og:image:width\" content=\"800\" \/>\n\t<meta property=\"og:image:height\" content=\"800\" \/>\n\t<meta property=\"og:image:type\" content=\"image\/png\" \/>\n<meta name=\"twitter:card\" content=\"summary_large_image\" \/>\n<meta name=\"twitter:label1\" content=\"Est. tempo de leitura\" \/>\n\t<meta name=\"twitter:data1\" content=\"2 minutos\" \/>\n<script type=\"application\/ld+json\" class=\"yoast-schema-graph\">{\"@context\":\"https:\\\/\\\/schema.org\",\"@graph\":[{\"@type\":\"WebPage\",\"@id\":\"https:\\\/\\\/rawchemicalmart.com\\\/pt\\\/produto\\\/adipic-acid\\\/\",\"url\":\"https:\\\/\\\/rawchemicalmart.com\\\/pt\\\/produto\\\/adipic-acid\\\/\",\"name\":\"Adipic acid - rawchemicalmart.com\",\"isPartOf\":{\"@id\":\"https:\\\/\\\/rawchemicalmart.com\\\/#website\"},\"primaryImageOfPage\":{\"@id\":\"https:\\\/\\\/rawchemicalmart.com\\\/pt\\\/produto\\\/adipic-acid\\\/#primaryimage\"},\"image\":{\"@id\":\"https:\\\/\\\/rawchemicalmart.com\\\/pt\\\/produto\\\/adipic-acid\\\/#primaryimage\"},\"thumbnailUrl\":\"https:\\\/\\\/rawchemicalmart.com\\\/wp-content\\\/uploads\\\/2025\\\/05\\\/adipic-acid-2025-01-13_1.png\",\"datePublished\":\"2025-05-23T23:59:49+00:00\",\"dateModified\":\"2026-01-23T08:54:48+00:00\",\"breadcrumb\":{\"@id\":\"https:\\\/\\\/rawchemicalmart.com\\\/pt\\\/produto\\\/adipic-acid\\\/#breadcrumb\"},\"inLanguage\":\"pt-BR\",\"potentialAction\":[{\"@type\":\"ReadAction\",\"target\":[\"https:\\\/\\\/rawchemicalmart.com\\\/pt\\\/produto\\\/adipic-acid\\\/\"]}]},{\"@type\":\"ImageObject\",\"inLanguage\":\"pt-BR\",\"@id\":\"https:\\\/\\\/rawchemicalmart.com\\\/pt\\\/produto\\\/adipic-acid\\\/#primaryimage\",\"url\":\"https:\\\/\\\/rawchemicalmart.com\\\/wp-content\\\/uploads\\\/2025\\\/05\\\/adipic-acid-2025-01-13_1.png\",\"contentUrl\":\"https:\\\/\\\/rawchemicalmart.com\\\/wp-content\\\/uploads\\\/2025\\\/05\\\/adipic-acid-2025-01-13_1.png\",\"width\":800,\"height\":800},{\"@type\":\"BreadcrumbList\",\"@id\":\"https:\\\/\\\/rawchemicalmart.com\\\/pt\\\/produto\\\/adipic-acid\\\/#breadcrumb\",\"itemListElement\":[{\"@type\":\"ListItem\",\"position\":1,\"name\":\"Home\",\"item\":\"https:\\\/\\\/rawchemicalmart.com\\\/\"},{\"@type\":\"ListItem\",\"position\":2,\"name\":\"Products\",\"item\":\"https:\\\/\\\/rawchemicalmart.com\\\/shop\\\/\"},{\"@type\":\"ListItem\",\"position\":3,\"name\":\"Adipic acid\"}]},{\"@type\":\"WebSite\",\"@id\":\"https:\\\/\\\/rawchemicalmart.com\\\/#website\",\"url\":\"https:\\\/\\\/rawchemicalmart.com\\\/\",\"name\":\"rawchemicalmart.com\",\"description\":\"Leading Raw Chemicals Supplier\",\"potentialAction\":[{\"@type\":\"SearchAction\",\"target\":{\"@type\":\"EntryPoint\",\"urlTemplate\":\"https:\\\/\\\/rawchemicalmart.com\\\/?s={search_term_string}\"},\"query-input\":{\"@type\":\"PropertyValueSpecification\",\"valueRequired\":true,\"valueName\":\"search_term_string\"}}],\"inLanguage\":\"pt-BR\"}]}<\/script>\n<!-- \/ Yoast SEO plugin. -->","yoast_head_json":{"title":"\u00c1cido ad\u00edpico - rawchemicalmart.com","robots":{"index":"index","follow":"follow","max-snippet":"max-snippet:-1","max-image-preview":"max-image-preview:large","max-video-preview":"max-video-preview:-1"},"canonical":"https:\/\/rawchemicalmart.com\/pt\/produto\/acido-adipico\/","og_locale":"pt_BR","og_type":"article","og_title":"Adipic acid - rawchemicalmart.com","og_description":"Adipic Acid, with the chemical formula C\u2086H\u2081\u2080O\u2084, is a white crystalline solid and one of the most important aliphatic dicarboxylic acids. It is primarily used in the production of nylon 6,6 and polyurethane. Adipic Acid is also utilized in various industrial applications, including food additives, pharmaceuticals, and plasticizers. It is known for its stability, versatility, and effectiveness as a precursor in chemical synthesis.","og_url":"https:\/\/rawchemicalmart.com\/pt\/produto\/acido-adipico\/","og_site_name":"rawchemicalmart.com","article_modified_time":"2026-01-23T08:54:48+00:00","og_image":[{"width":800,"height":800,"url":"https:\/\/rawchemicalmart.com\/wp-content\/uploads\/2025\/05\/adipic-acid-2025-01-13_1.png","type":"image\/png"}],"twitter_card":"summary_large_image","twitter_misc":{"Est. tempo de leitura":"2 minutos"},"schema":{"@context":"https:\/\/schema.org","@graph":[{"@type":"WebPage","@id":"https:\/\/rawchemicalmart.com\/pt\/produto\/adipic-acid\/","url":"https:\/\/rawchemicalmart.com\/pt\/produto\/adipic-acid\/","name":"\u00c1cido ad\u00edpico - rawchemicalmart.com","isPartOf":{"@id":"https:\/\/rawchemicalmart.com\/#website"},"primaryImageOfPage":{"@id":"https:\/\/rawchemicalmart.com\/pt\/produto\/adipic-acid\/#primaryimage"},"image":{"@id":"https:\/\/rawchemicalmart.com\/pt\/produto\/adipic-acid\/#primaryimage"},"thumbnailUrl":"https:\/\/rawchemicalmart.com\/wp-content\/uploads\/2025\/05\/adipic-acid-2025-01-13_1.png","datePublished":"2025-05-23T23:59:49+00:00","dateModified":"2026-01-23T08:54:48+00:00","breadcrumb":{"@id":"https:\/\/rawchemicalmart.com\/pt\/produto\/adipic-acid\/#breadcrumb"},"inLanguage":"pt-BR","potentialAction":[{"@type":"ReadAction","target":["https:\/\/rawchemicalmart.com\/pt\/produto\/adipic-acid\/"]}]},{"@type":"ImageObject","inLanguage":"pt-BR","@id":"https:\/\/rawchemicalmart.com\/pt\/produto\/adipic-acid\/#primaryimage","url":"https:\/\/rawchemicalmart.com\/wp-content\/uploads\/2025\/05\/adipic-acid-2025-01-13_1.png","contentUrl":"https:\/\/rawchemicalmart.com\/wp-content\/uploads\/2025\/05\/adipic-acid-2025-01-13_1.png","width":800,"height":800},{"@type":"BreadcrumbList","@id":"https:\/\/rawchemicalmart.com\/pt\/produto\/adipic-acid\/#breadcrumb","itemListElement":[{"@type":"ListItem","position":1,"name":"Home","item":"https:\/\/rawchemicalmart.com\/"},{"@type":"ListItem","position":2,"name":"Products","item":"https:\/\/rawchemicalmart.com\/shop\/"},{"@type":"ListItem","position":3,"name":"Adipic acid"}]},{"@type":"WebSite","@id":"https:\/\/rawchemicalmart.com\/#website","url":"https:\/\/rawchemicalmart.com\/","name":"rawchemicalmart.com","description":"Fornecedor l\u00edder de mat\u00e9rias-primas qu\u00edmicas","potentialAction":[{"@type":"SearchAction","target":{"@type":"EntryPoint","urlTemplate":"https:\/\/rawchemicalmart.com\/?s={search_term_string}"},"query-input":{"@type":"PropertyValueSpecification","valueRequired":true,"valueName":"search_term_string"}}],"inLanguage":"pt-BR"}]}},"_links":{"self":[{"href":"https:\/\/rawchemicalmart.com\/pt\/wp-json\/wp\/v2\/product\/11597","targetHints":{"allow":["GET"]}}],"collection":[{"href":"https:\/\/rawchemicalmart.com\/pt\/wp-json\/wp\/v2\/product"}],"about":[{"href":"https:\/\/rawchemicalmart.com\/pt\/wp-json\/wp\/v2\/types\/product"}],"wp:featuredmedia":[{"embeddable":true,"href":"https:\/\/rawchemicalmart.com\/pt\/wp-json\/wp\/v2\/media\/11001"}],"wp:attachment":[{"href":"https:\/\/rawchemicalmart.com\/pt\/wp-json\/wp\/v2\/media?parent=11597"}],"wp:term":[{"taxonomy":"product_brand","embeddable":true,"href":"https:\/\/rawchemicalmart.com\/pt\/wp-json\/wp\/v2\/product_brand?post=11597"},{"taxonomy":"product_cat","embeddable":true,"href":"https:\/\/rawchemicalmart.com\/pt\/wp-json\/wp\/v2\/product_cat?post=11597"},{"taxonomy":"product_tag","embeddable":true,"href":"https:\/\/rawchemicalmart.com\/pt\/wp-json\/wp\/v2\/product_tag?post=11597"}],"curies":[{"name":"wp","href":"https:\/\/api.w.org\/{rel}","templated":true}]}}