{"id":11757,"date":"2025-06-01T03:00:04","date_gmt":"2025-06-01T03:00:04","guid":{"rendered":"https:\/\/rawchemicalmart.com\/?post_type=product&#038;p=11757"},"modified":"2026-01-23T07:59:24","modified_gmt":"2026-01-23T07:59:24","slug":"tilamon-titanium-dioxide-series","status":"publish","type":"product","link":"https:\/\/rawchemicalmart.com\/it\/prodotto\/tilamon-titanium-dioxide-series\/","title":{"rendered":"Serie di biossido di titanio Tilamon"},"content":{"rendered":"<h2>Specifiche:<\/h2>\n<div class=\"table-scroll-wrapper\">\n<table id=\"tablepress-87\" class=\"tablepress tablepress-id-87 tbody-has-connected-cells\">\n<thead>\n<tr class=\"row-1\">\n\t<th colspan=\"2\" class=\"column-1\">Articolo<\/th><th class=\"column-3\">Unit\u00e0<\/th><th class=\"column-4\">R-516<\/th><th class=\"column-5\">R-517<\/th><th class=\"column-6\">R-518<\/th><th class=\"column-7\">R-519<\/th><th class=\"column-8\">ZA-100<\/th>\n<\/tr>\n<\/thead>\n<tbody class=\"row-striping row-hover\">\n<tr class=\"row-2\">\n\t<td colspan=\"2\" class=\"column-1\">Contenuto di TiO2<\/td><td class=\"column-3\">%<\/td><td class=\"column-4\">\u226594<\/td><td class=\"column-5\">\u226598<\/td><td class=\"column-6\">\u226594<\/td><td class=\"column-7\">\u226596<\/td><td class=\"column-8\">\u226598<\/td>\n<\/tr>\n<tr class=\"row-3\">\n\t<td colspan=\"2\" class=\"column-1\">Contenuto di rutilo<\/td><td class=\"column-3\">%<\/td><td class=\"column-4\">\u2014\u2014<\/td><td class=\"column-5\">\u226597<\/td><td class=\"column-6\">\u2014\u2014<\/td><td class=\"column-7\">\u2014\u2014<\/td><td class=\"column-8\">\u226598<\/td>\n<\/tr>\n<tr class=\"row-4\">\n\t<td colspan=\"2\" class=\"column-1\">Trattamento inorganico<\/td><td class=\"column-3\"><\/td><td class=\"column-4\">ZrO2 + Al2O3<\/td><td class=\"column-5\">\u2014\u2014<\/td><td class=\"column-6\">ZrO2 + Al2O3<\/td><td class=\"column-7\">ZrO2 + Al2O3<\/td><td class=\"column-8\">0.2-0.9<\/td>\n<\/tr>\n<tr class=\"row-5\">\n\t<td rowspan=\"2\" class=\"column-1\">Colore<\/td><td class=\"column-2\">CIE L*<\/td><td rowspan=\"2\" class=\"column-3\">%<\/td><td class=\"column-4\">\u226595<\/td><td class=\"column-5\">\u226594,5<\/td><td class=\"column-6\">\u226595<\/td><td class=\"column-7\">\u226595<\/td><td class=\"column-8\">\u2265100<\/td>\n<\/tr>\n<tr class=\"row-6\">\n\t<td class=\"column-2\">\u25b3b<\/td><td class=\"column-4\">\u22642,9<\/td><td class=\"column-5\">\u22642,9<\/td><td class=\"column-6\">\u22642,9<\/td><td class=\"column-7\">\u22640,3<\/td><td class=\"column-8\">\u2014\u2014<\/td>\n<\/tr>\n<tr class=\"row-7\">\n\t<td colspan=\"2\" class=\"column-1\">Forza colorante<\/td><td class=\"column-3\">Reyonlds<\/td><td class=\"column-4\">\u22651900<\/td><td class=\"column-5\">\u22651750<\/td><td class=\"column-6\">\u22651900<\/td><td class=\"column-7\">\u22651950<\/td><td class=\"column-8\">\u2014\u2014<\/td>\n<\/tr>\n<tr class=\"row-8\">\n\t<td colspan=\"2\" class=\"column-1\">Bianchezza<\/td><td class=\"column-3\"><\/td><td class=\"column-4\">\u2014\u2014<\/td><td class=\"column-5\">Simile<\/td><td class=\"column-6\">\u2014\u2014<\/td><td class=\"column-7\">\u2014\u2014<\/td><td class=\"column-8\">\u2014\u2014<\/td>\n<\/tr>\n<tr class=\"row-9\">\n\t<td colspan=\"2\" class=\"column-1\">Assorbimento dell&#039;olio<\/td><td class=\"column-3\">g\/100 g<\/td><td class=\"column-4\">\u226416<\/td><td class=\"column-5\">\u226420<\/td><td class=\"column-6\">\u226419<\/td><td class=\"column-7\">\u226416<\/td><td class=\"column-8\">\u226423<\/td>\n<\/tr>\n<tr class=\"row-10\">\n\t<td colspan=\"2\" class=\"column-1\">Dimensione media delle particelle<\/td><td class=\"column-3\">micron<\/td><td class=\"column-4\">0.42<\/td><td class=\"column-5\">\u2014\u2014<\/td><td class=\"column-6\">0.42<\/td><td class=\"column-7\">0.42<\/td><td class=\"column-8\">\u2014\u2014<\/td>\n<\/tr>\n<tr class=\"row-11\">\n\t<td colspan=\"2\" class=\"column-1\">Umidit\u00e0 (105\u2103)<\/td><td class=\"column-3\">%<\/td><td class=\"column-4\">\u22640,5<\/td><td class=\"column-5\">\u22640,5<\/td><td class=\"column-6\">\u22640,5<\/td><td class=\"column-7\">\u22640,3<\/td><td class=\"column-8\">\u22640,5<\/td>\n<\/tr>\n<tr class=\"row-12\">\n\t<td colspan=\"2\" class=\"column-1\">Solubile in acqua<\/td><td class=\"column-3\">%<\/td><td class=\"column-4\">\u2014\u2014<\/td><td class=\"column-5\">\u22640,6<\/td><td class=\"column-6\">\u2014\u2014<\/td><td class=\"column-7\">\u2014\u2014<\/td><td class=\"column-8\">\u2014\u2014<\/td>\n<\/tr>\n<tr class=\"row-13\">\n\t<td colspan=\"2\" class=\"column-1\">PH<\/td><td class=\"column-3\"><\/td><td class=\"column-4\">\u2014\u2014<\/td><td class=\"column-5\">6.0-8.0<\/td><td class=\"column-6\">\u2014\u2014<\/td><td class=\"column-7\">\u2014\u2014<\/td><td class=\"column-8\">6.5-8.0<\/td>\n<\/tr>\n<tr class=\"row-14\">\n\t<td colspan=\"2\" class=\"column-1\">Durata<\/td><td class=\"column-3\"><\/td><td class=\"column-4\">Bene<\/td><td class=\"column-5\"><\/td><td class=\"column-6\">Bene<\/td><td class=\"column-7\">Bene<\/td><td class=\"column-8\">\u2014\u2014<\/td>\n<\/tr>\n<tr class=\"row-15\">\n\t<td colspan=\"2\" class=\"column-1\">Residuo (45\u03bcm)<\/td><td class=\"column-3\">%<\/td><td class=\"column-4\">\u2014\u2014<\/td><td class=\"column-5\">\u22640,10<\/td><td class=\"column-6\">\u2014\u2014<\/td><td class=\"column-7\">\u2014\u2014<\/td><td class=\"column-8\">\u22640,03<\/td>\n<\/tr>\n<tr class=\"row-16\">\n\t<td colspan=\"2\" class=\"column-1\">Processo di produzione<\/td><td class=\"column-3\"><\/td><td class=\"column-4\">Processo al solfato<\/td><td class=\"column-5\">Processo al solfato<\/td><td class=\"column-6\">Processo al solfato<\/td><td class=\"column-7\">Processo al solfato<\/td><td class=\"column-8\"><\/td>\n<\/tr>\n<tr class=\"row-17\">\n\t<td colspan=\"3\" class=\"column-1\">Caratteristiche principali<\/td><td class=\"column-4\">Grazie all&#039;elevato potere coprente, alla buona disperdibilit\u00e0 e al basso assorbimento di olio, viene utilizzato principalmente in varie applicazioni di inchiostro.<\/td><td class=\"column-5\">Sottotono blu, eccellente resistenza agli agenti atmosferici, straordinaria disperdibilit\u00e0 e basso assorbimento di olio.<br \/>\n<\/td><td class=\"column-6\">Presenta propriet\u00e0 idrofile e lipofile, multifunzionalit\u00e0, elevata resistenza agli agenti atmosferici e caratteristiche e prestazioni di livello universale.<br \/>\n<\/td><td class=\"column-7\">Elevata opacit\u00e0, elevato punto di bianco, eccellente disperdibilit\u00e0, basso contenuto di umidit\u00e0 e propriet\u00e0 che garantiscono prestazioni anti-crepa e fluidit\u00e0 della fusione.<br \/>\n<\/td><td class=\"column-8\">Elevata brillantezza, eccellente disperdibilit\u00e0, basso assorbimento di olio ed elevata resistenza agli agenti atmosferici: queste sono le sue principali propriet\u00e0 e i suoi vantaggi in termini di prestazioni.<br \/>\n<\/td>\n<\/tr>\n<tr class=\"row-18\">\n\t<td colspan=\"3\" class=\"column-1\">Applicazioni<\/td><td class=\"column-4\">Inchiostro, plastica, rivestimenti, fabbricazione della carta e altri settori.<br \/>\n<\/td><td class=\"column-5\">Rivestimenti per interni ed esterni, vernici in polvere, masterbatch, materie plastiche e altri settori.<br \/>\n<\/td><td class=\"column-6\">Adatto per applicazioni nei settori rivestimenti, inchiostri, materie plastiche, fabbricazione della carta e altri settori.<br \/>\n<\/td><td class=\"column-7\">Adatto per applicazioni in poliolefine, PVC, ABS, PS, masterbatch, profili, lastre, tubi, masterbatch in poliolefine, materie plastiche industriali e altri settori.<br \/>\n<\/td><td class=\"column-8\">Adatto per applicazioni in rivestimenti murali interni, pitture decorative per interni, primer, gomma, fabbricazione della carta, pelletteria e altri settori.<br \/>\n<\/td>\n<\/tr>\n<\/tbody>\n<\/table>\n<!-- #tablepress-87 from cache --><\/div>\n<h2>Magazzinaggio:<\/h2>\n<p class=\"ds-markdown-paragraph\">Per mantenere la qualit\u00e0 e le prestazioni del prodotto, osservare i seguenti requisiti di conservazione:<\/p>\n<ul>\n<li>\n<p class=\"ds-markdown-paragraph\"><strong>Solo deposito interno<\/strong>\u00a0\u2013 Conservare in un luogo asciutto e ben ventilato. Non esporre agli agenti atmosferici.<\/p>\n<\/li>\n<li>\n<p class=\"ds-markdown-paragraph\"><strong>Evitare l&#039;umidit\u00e0 e gli estremi<\/strong>\u00a0\u2013 Proteggere dall\u2019umidit\u00e0, dagli sbalzi di temperatura e dalla luce solare diretta.<\/p>\n<\/li>\n<li>\n<p class=\"ds-markdown-paragraph\"><strong>FIFO (primo entrato, primo uscito)<\/strong>\u00a0\u2013 Ruotare le scorte per garantire che le scorte pi\u00f9 vecchie vengano utilizzate per prime.<\/p>\n<\/li>\n<\/ul>\n<p class=\"ds-markdown-paragraph\">Una corretta conservazione aiuta a preservare l&#039;integrit\u00e0 del prodotto e garantisce prestazioni ottimali.<\/p>\n<h2>Sicurezza:<\/h2>\n<p>\u00c8 necessario adottare buone pratiche di igiene industriale per evitare la produzione di polvere. Consultare la scheda di sicurezza.<\/p>\n<h2>Confezione:<\/h2>\n<p>I pigmenti di biossido di titanio sono disponibili in sacchi da 25 Kg.<\/p>\n<p>&nbsp;<\/p>\n<p>&nbsp;<\/p>","protected":false},"excerpt":{"rendered":"<p class=\"tmnf_excerpt\">La serie di biossido di titanio Tilamon comprende una gamma di pigmenti TiO\u2082 ad alte prestazioni, anatasio e rutilo, prodotti mediante processo al solfato. Progettati con un controllo preciso delle dimensioni delle particelle e tecnologie di trattamento superficiale, questi pigmenti offrono un eccellente punto di bianco, un elevato potere colorante, un basso assorbimento di oli e un&#039;eccezionale disperdibilit\u00e0. Adatti a un ampio spettro di applicazioni, tra cui rivestimenti, materie plastiche, gomma, carta, inchiostro, pelle e fibre, ogni grado \u00e8 studiato appositamente per soddisfare le specifiche esigenze del settore. Che si tratti di un uso generico o di formulazioni specifiche, i pigmenti TiO\u2082 Tilamon garantiscono una qualit\u00e0 costante e prestazioni affidabili.\n<\/p>","protected":false},"featured_media":11109,"template":"","meta":{"_acf_changed":false},"product_brand":[],"product_cat":[61],"product_tag":[54],"class_list":{"0":"post-11757","1":"product","2":"type-product","3":"status-publish","4":"has-post-thumbnail","6":"product_cat-titanium-dioxide","7":"product_tag-hot-sell","9":"first","10":"instock","11":"shipping-taxable","12":"product-type-simple"},"acf":[],"yoast_head":"<!-- This site is optimized with the Yoast SEO plugin v27.4 - https:\/\/yoast.com\/product\/yoast-seo-wordpress\/ -->\n<title>Tilamon Titanium Dioxide Series - rawchemicalmart.com<\/title>\n<meta name=\"robots\" content=\"index, follow, max-snippet:-1, max-image-preview:large, max-video-preview:-1\" \/>\n<link rel=\"canonical\" href=\"https:\/\/rawchemicalmart.com\/it\/prodotto\/tilamon-titanium-dioxide-series\/\" \/>\n<meta property=\"og:locale\" content=\"it_IT\" \/>\n<meta property=\"og:type\" content=\"article\" \/>\n<meta property=\"og:title\" content=\"Tilamon Titanium Dioxide Series - rawchemicalmart.com\" \/>\n<meta property=\"og:description\" content=\"The Tilamon Titanium Dioxide Series includes a range of high-performance anatase and rutile TiO\u2082 pigments produced by the sulfate process. Engineered with precise particle size control and surface treatment technologies, these pigments deliver excellent whiteness, high tinting strength, low oil absorption, and outstanding dispersibility. Suitable for a broad spectrum of applications, including coatings, plastics, rubber, paper, ink, leather, and fibers, each grade is tailored to meet specific industry demands. Whether for general-purpose use or specialized formulations, Tilamon TiO\u2082 pigments ensure consistent quality and reliable performance.\" \/>\n<meta property=\"og:url\" content=\"https:\/\/rawchemicalmart.com\/it\/prodotto\/tilamon-titanium-dioxide-series\/\" \/>\n<meta property=\"og:site_name\" content=\"rawchemicalmart.com\" \/>\n<meta property=\"article:modified_time\" content=\"2026-01-23T07:59:24+00:00\" \/>\n<meta property=\"og:image\" content=\"https:\/\/rawchemicalmart.com\/wp-content\/uploads\/2025\/05\/tilamon-titanium-dioxide_1.png\" \/>\n\t<meta property=\"og:image:width\" content=\"800\" \/>\n\t<meta property=\"og:image:height\" content=\"800\" \/>\n\t<meta property=\"og:image:type\" content=\"image\/png\" \/>\n<meta name=\"twitter:card\" content=\"summary_large_image\" \/>\n<script type=\"application\/ld+json\" class=\"yoast-schema-graph\">{\"@context\":\"https:\\\/\\\/schema.org\",\"@graph\":[{\"@type\":\"WebPage\",\"@id\":\"https:\\\/\\\/rawchemicalmart.com\\\/product\\\/tilamon-titanium-dioxide-series\\\/\",\"url\":\"https:\\\/\\\/rawchemicalmart.com\\\/product\\\/tilamon-titanium-dioxide-series\\\/\",\"name\":\"Tilamon Titanium Dioxide Series - rawchemicalmart.com\",\"isPartOf\":{\"@id\":\"https:\\\/\\\/rawchemicalmart.com\\\/#website\"},\"primaryImageOfPage\":{\"@id\":\"https:\\\/\\\/rawchemicalmart.com\\\/product\\\/tilamon-titanium-dioxide-series\\\/#primaryimage\"},\"image\":{\"@id\":\"https:\\\/\\\/rawchemicalmart.com\\\/product\\\/tilamon-titanium-dioxide-series\\\/#primaryimage\"},\"thumbnailUrl\":\"https:\\\/\\\/rawchemicalmart.com\\\/wp-content\\\/uploads\\\/2025\\\/05\\\/tilamon-titanium-dioxide_1.png\",\"datePublished\":\"2025-06-01T03:00:04+00:00\",\"dateModified\":\"2026-01-23T07:59:24+00:00\",\"breadcrumb\":{\"@id\":\"https:\\\/\\\/rawchemicalmart.com\\\/product\\\/tilamon-titanium-dioxide-series\\\/#breadcrumb\"},\"inLanguage\":\"it-IT\",\"potentialAction\":[{\"@type\":\"ReadAction\",\"target\":[\"https:\\\/\\\/rawchemicalmart.com\\\/product\\\/tilamon-titanium-dioxide-series\\\/\"]}]},{\"@type\":\"ImageObject\",\"inLanguage\":\"it-IT\",\"@id\":\"https:\\\/\\\/rawchemicalmart.com\\\/product\\\/tilamon-titanium-dioxide-series\\\/#primaryimage\",\"url\":\"https:\\\/\\\/rawchemicalmart.com\\\/wp-content\\\/uploads\\\/2025\\\/05\\\/tilamon-titanium-dioxide_1.png\",\"contentUrl\":\"https:\\\/\\\/rawchemicalmart.com\\\/wp-content\\\/uploads\\\/2025\\\/05\\\/tilamon-titanium-dioxide_1.png\",\"width\":800,\"height\":800},{\"@type\":\"BreadcrumbList\",\"@id\":\"https:\\\/\\\/rawchemicalmart.com\\\/product\\\/tilamon-titanium-dioxide-series\\\/#breadcrumb\",\"itemListElement\":[{\"@type\":\"ListItem\",\"position\":1,\"name\":\"Home\",\"item\":\"https:\\\/\\\/rawchemicalmart.com\\\/\"},{\"@type\":\"ListItem\",\"position\":2,\"name\":\"Products\",\"item\":\"https:\\\/\\\/rawchemicalmart.com\\\/shop\\\/\"},{\"@type\":\"ListItem\",\"position\":3,\"name\":\"Tilamon Titanium Dioxide Series\"}]},{\"@type\":\"WebSite\",\"@id\":\"https:\\\/\\\/rawchemicalmart.com\\\/#website\",\"url\":\"https:\\\/\\\/rawchemicalmart.com\\\/\",\"name\":\"rawchemicalmart.com\",\"description\":\"Leading Raw Chemicals Supplier\",\"potentialAction\":[{\"@type\":\"SearchAction\",\"target\":{\"@type\":\"EntryPoint\",\"urlTemplate\":\"https:\\\/\\\/rawchemicalmart.com\\\/?s={search_term_string}\"},\"query-input\":{\"@type\":\"PropertyValueSpecification\",\"valueRequired\":true,\"valueName\":\"search_term_string\"}}],\"inLanguage\":\"it-IT\"}]}<\/script>\n<!-- \/ Yoast SEO plugin. -->","yoast_head_json":{"title":"Tilamon Titanium Dioxide Series - rawchemicalmart.com","robots":{"index":"index","follow":"follow","max-snippet":"max-snippet:-1","max-image-preview":"max-image-preview:large","max-video-preview":"max-video-preview:-1"},"canonical":"https:\/\/rawchemicalmart.com\/it\/prodotto\/tilamon-titanium-dioxide-series\/","og_locale":"it_IT","og_type":"article","og_title":"Tilamon Titanium Dioxide Series - rawchemicalmart.com","og_description":"The Tilamon Titanium Dioxide Series includes a range of high-performance anatase and rutile TiO\u2082 pigments produced by the sulfate process. Engineered with precise particle size control and surface treatment technologies, these pigments deliver excellent whiteness, high tinting strength, low oil absorption, and outstanding dispersibility. Suitable for a broad spectrum of applications, including coatings, plastics, rubber, paper, ink, leather, and fibers, each grade is tailored to meet specific industry demands. Whether for general-purpose use or specialized formulations, Tilamon TiO\u2082 pigments ensure consistent quality and reliable performance.","og_url":"https:\/\/rawchemicalmart.com\/it\/prodotto\/tilamon-titanium-dioxide-series\/","og_site_name":"rawchemicalmart.com","article_modified_time":"2026-01-23T07:59:24+00:00","og_image":[{"width":800,"height":800,"url":"https:\/\/rawchemicalmart.com\/wp-content\/uploads\/2025\/05\/tilamon-titanium-dioxide_1.png","type":"image\/png"}],"twitter_card":"summary_large_image","schema":{"@context":"https:\/\/schema.org","@graph":[{"@type":"WebPage","@id":"https:\/\/rawchemicalmart.com\/product\/tilamon-titanium-dioxide-series\/","url":"https:\/\/rawchemicalmart.com\/product\/tilamon-titanium-dioxide-series\/","name":"Tilamon Titanium Dioxide Series - rawchemicalmart.com","isPartOf":{"@id":"https:\/\/rawchemicalmart.com\/#website"},"primaryImageOfPage":{"@id":"https:\/\/rawchemicalmart.com\/product\/tilamon-titanium-dioxide-series\/#primaryimage"},"image":{"@id":"https:\/\/rawchemicalmart.com\/product\/tilamon-titanium-dioxide-series\/#primaryimage"},"thumbnailUrl":"https:\/\/rawchemicalmart.com\/wp-content\/uploads\/2025\/05\/tilamon-titanium-dioxide_1.png","datePublished":"2025-06-01T03:00:04+00:00","dateModified":"2026-01-23T07:59:24+00:00","breadcrumb":{"@id":"https:\/\/rawchemicalmart.com\/product\/tilamon-titanium-dioxide-series\/#breadcrumb"},"inLanguage":"it-IT","potentialAction":[{"@type":"ReadAction","target":["https:\/\/rawchemicalmart.com\/product\/tilamon-titanium-dioxide-series\/"]}]},{"@type":"ImageObject","inLanguage":"it-IT","@id":"https:\/\/rawchemicalmart.com\/product\/tilamon-titanium-dioxide-series\/#primaryimage","url":"https:\/\/rawchemicalmart.com\/wp-content\/uploads\/2025\/05\/tilamon-titanium-dioxide_1.png","contentUrl":"https:\/\/rawchemicalmart.com\/wp-content\/uploads\/2025\/05\/tilamon-titanium-dioxide_1.png","width":800,"height":800},{"@type":"BreadcrumbList","@id":"https:\/\/rawchemicalmart.com\/product\/tilamon-titanium-dioxide-series\/#breadcrumb","itemListElement":[{"@type":"ListItem","position":1,"name":"Home","item":"https:\/\/rawchemicalmart.com\/"},{"@type":"ListItem","position":2,"name":"Products","item":"https:\/\/rawchemicalmart.com\/shop\/"},{"@type":"ListItem","position":3,"name":"Tilamon Titanium Dioxide Series"}]},{"@type":"WebSite","@id":"https:\/\/rawchemicalmart.com\/#website","url":"https:\/\/rawchemicalmart.com\/","name":"rawchemicalmart.com","description":"Fornitore leader di materie prime chimiche","potentialAction":[{"@type":"SearchAction","target":{"@type":"EntryPoint","urlTemplate":"https:\/\/rawchemicalmart.com\/?s={search_term_string}"},"query-input":{"@type":"PropertyValueSpecification","valueRequired":true,"valueName":"search_term_string"}}],"inLanguage":"it-IT"}]}},"_links":{"self":[{"href":"https:\/\/rawchemicalmart.com\/it\/wp-json\/wp\/v2\/product\/11757","targetHints":{"allow":["GET"]}}],"collection":[{"href":"https:\/\/rawchemicalmart.com\/it\/wp-json\/wp\/v2\/product"}],"about":[{"href":"https:\/\/rawchemicalmart.com\/it\/wp-json\/wp\/v2\/types\/product"}],"wp:featuredmedia":[{"embeddable":true,"href":"https:\/\/rawchemicalmart.com\/it\/wp-json\/wp\/v2\/media\/11109"}],"wp:attachment":[{"href":"https:\/\/rawchemicalmart.com\/it\/wp-json\/wp\/v2\/media?parent=11757"}],"wp:term":[{"taxonomy":"product_brand","embeddable":true,"href":"https:\/\/rawchemicalmart.com\/it\/wp-json\/wp\/v2\/product_brand?post=11757"},{"taxonomy":"product_cat","embeddable":true,"href":"https:\/\/rawchemicalmart.com\/it\/wp-json\/wp\/v2\/product_cat?post=11757"},{"taxonomy":"product_tag","embeddable":true,"href":"https:\/\/rawchemicalmart.com\/it\/wp-json\/wp\/v2\/product_tag?post=11757"}],"curies":[{"name":"wp","href":"https:\/\/api.w.org\/{rel}","templated":true}]}}