{"id":11609,"date":"2025-05-24T00:19:52","date_gmt":"2025-05-24T00:19:52","guid":{"rendered":"https:\/\/rawchemicalmart.com\/?post_type=product&#038;p=11609"},"modified":"2025-06-07T01:16:53","modified_gmt":"2025-06-07T01:16:53","slug":"edta-2na","status":"publish","type":"product","link":"https:\/\/rawchemicalmart.com\/it\/prodotto\/edta-2na\/","title":{"rendered":"EDTA-2Na"},"content":{"rendered":"<h2 class=\"md-end-block md-heading md-focus\"><span class=\"md-plain md-expand\">Specifiche:<\/span><\/h2>\n<div class=\"table-scroll-wrapper\">\n<table id=\"tablepress-26\" class=\"tablepress tablepress-id-26\">\n<thead>\n<tr class=\"row-1\">\n\t<th class=\"column-1\">Parametro<\/th><th class=\"column-2\">Specificazione<\/th>\n<\/tr>\n<\/thead>\n<tbody class=\"row-striping row-hover\">\n<tr class=\"row-2\">\n\t<td class=\"column-1\">Purezza<\/td><td class=\"column-2\">\u2265 98%<\/td>\n<\/tr>\n<tr class=\"row-3\">\n\t<td class=\"column-1\">Aspetto<\/td><td class=\"column-2\">Polvere cristallina bianca<\/td>\n<\/tr>\n<tr class=\"row-4\">\n\t<td class=\"column-1\">pH (soluzione 1%)<\/td><td class=\"column-2\">4-6 (debolmente acido)<\/td>\n<\/tr>\n<tr class=\"row-5\">\n\t<td class=\"column-1\">Solubilit\u00e0<\/td><td class=\"column-2\">Altamente solubile in acqua<\/td>\n<\/tr>\n<tr class=\"row-6\">\n\t<td class=\"column-1\">Contenuto di ioni metallici<\/td><td class=\"column-2\">\u2264 0,01%<\/td>\n<\/tr>\n<tr class=\"row-7\">\n\t<td class=\"column-1\">Contenuto di umidit\u00e0<\/td><td class=\"column-2\">\u2264 0,5%<\/td>\n<\/tr>\n<tr class=\"row-8\">\n\t<td class=\"column-1\">Metalli pesanti (come Pb)<\/td><td class=\"column-2\">\u2264 10 ppm<\/td>\n<\/tr>\n<\/tbody>\n<\/table>\n<!-- #tablepress-26 from cache --><\/div>\n<h2 class=\"md-end-block md-heading\"><span class=\"md-plain\">Caratteristiche:<\/span><\/h2>\n<ul class=\"ul-list\" data-mark=\"-\">\n<li class=\"md-list-item\">\n<p class=\"md-end-block md-p\"><span class=\"md-plain\">Ottima solubilit\u00e0 in acqua.<\/span><\/p>\n<\/li>\n<li class=\"md-list-item\">\n<p class=\"md-end-block md-p\"><span class=\"md-plain\">pH neutro adatto a un&#039;ampia gamma di applicazioni.<\/span><\/p>\n<\/li>\n<li class=\"md-list-item\">\n<p class=\"md-end-block md-p\"><span class=\"md-plain\">Forte capacit\u00e0 chelante per gli ioni metallici bivalenti.<\/span><\/p>\n<\/li>\n<li class=\"md-list-item\">\n<p class=\"md-end-block md-p\"><span class=\"md-plain\">Migliora la stabilit\u00e0 e le prestazioni del prodotto.<\/span><\/p>\n<\/li>\n<\/ul>\n<h2 class=\"md-end-block md-heading\"><span class=\"md-pair-s\"><strong><span class=\"md-plain\">Applicazioni:<\/span><\/strong><\/span><\/h2>\n<ul class=\"ul-list\" data-mark=\"-\">\n<li class=\"md-list-item\">\n<p class=\"md-end-block md-p\"><span class=\"md-pair-s\"><strong><span class=\"md-plain\">Industria alimentare<\/span><\/strong><\/span><span class=\"md-plain\">: Previene l&#039;ossidazione e preserva la qualit\u00e0 degli alimenti.<\/span><\/p>\n<\/li>\n<li class=\"md-list-item\">\n<p class=\"md-end-block md-p\"><span class=\"md-pair-s\"><strong><span class=\"md-plain\">Cosmetici<\/span><\/strong><\/span><span class=\"md-plain\">: Stabilizza le formulazioni e migliora l&#039;efficacia dei conservanti.<\/span><\/p>\n<\/li>\n<li class=\"md-list-item\">\n<p class=\"md-end-block md-p\"><span class=\"md-pair-s\"><strong><span class=\"md-plain\">Trattamento dell&#039;acqua<\/span><\/strong><\/span><span class=\"md-plain\">: Addolcisce l&#039;acqua chelando Ca\u00b2\u207a e Mg\u00b2\u207a.<\/span><\/p>\n<\/li>\n<li class=\"md-list-item\">\n<p class=\"md-end-block md-p\"><span class=\"md-pair-s\"><strong><span class=\"md-plain\">Industria tessile<\/span><\/strong><\/span><span class=\"md-plain\">: Migliora l&#039;efficienza della tintura.<\/span><\/p>\n<\/li>\n<li class=\"md-list-item\">\n<p class=\"md-end-block md-p\"><span class=\"md-pair-s\"><strong><span class=\"md-plain\">Agricoltura<\/span><\/strong><\/span><span class=\"md-plain\">: Migliora l&#039;assorbimento dei micronutrienti nelle piante.<\/span><\/p>\n<\/li>\n<\/ul>\n<h2 class=\"md-end-block md-heading\"><span class=\"md-pair-s\"><strong><span class=\"md-plain\">Pacchetto:<\/span><\/strong><\/span><\/h2>\n<ul class=\"ul-list\" data-mark=\"-\">\n<li class=\"md-list-item\">\n<p class=\"md-end-block md-p\"><span class=\"md-plain\">25 kg\/sacco, o in base alle esigenze del cliente.<\/span><\/p>\n<\/li>\n<\/ul>\n<h2 class=\"md-end-block md-heading\"><span class=\"md-pair-s\"><strong><span class=\"md-plain\">Magazzinaggio:<\/span><\/strong><\/span><\/h2>\n<ul class=\"ul-list\" data-mark=\"-\">\n<li class=\"md-list-item\">\n<p class=\"md-end-block md-p\"><span class=\"md-plain\">Conservare in un luogo fresco e asciutto, lontano dall&#039;umidit\u00e0 e dalla luce solare diretta.<\/span><\/p>\n<\/li>\n<li class=\"md-list-item md-focus-container\">\n<p class=\"md-end-block md-p md-focus\"><span class=\"md-plain\">Mantenere il contenitore ben chiuso.<\/span><\/p>\n<\/li>\n<\/ul>","protected":false},"excerpt":{"rendered":"<p class=\"tmnf_excerpt\">L&#039;EDTA-2Na (etilendiaminotetraacetato disodico) \u00e8 il sale disodico dell&#039;EDTA, che offre una migliore solubilit\u00e0 in acqua e un pH neutro. \u00c8 ampiamente utilizzato nei settori che richiedono un&#039;efficace chelazione degli ioni metallici.\n<\/p>","protected":false},"featured_media":11041,"template":"","meta":{"_acf_changed":false},"product_brand":[],"product_cat":[50],"product_tag":[],"class_list":{"0":"post-11609","1":"product","2":"type-product","3":"status-publish","4":"has-post-thumbnail","6":"product_cat-water-treatment","8":"first","9":"instock","10":"shipping-taxable","11":"product-type-simple"},"acf":[],"yoast_head":"<!-- This site is optimized with the Yoast SEO plugin v27.4 - https:\/\/yoast.com\/product\/yoast-seo-wordpress\/ -->\n<title>EDTA-2Na - rawchemicalmart.com<\/title>\n<meta name=\"robots\" content=\"index, follow, max-snippet:-1, max-image-preview:large, max-video-preview:-1\" \/>\n<link rel=\"canonical\" href=\"https:\/\/rawchemicalmart.com\/it\/prodotto\/edta-2na\/\" \/>\n<meta property=\"og:locale\" content=\"it_IT\" \/>\n<meta property=\"og:type\" content=\"article\" \/>\n<meta property=\"og:title\" content=\"EDTA-2Na - rawchemicalmart.com\" \/>\n<meta property=\"og:description\" content=\"EDTA-2Na (Disodium ethylenediaminetetraacetate) is the disodium salt of EDTA, offering better water solubility and a neutral pH. It is widely used in industries requiring effective metal ion chelation.\" \/>\n<meta property=\"og:url\" content=\"https:\/\/rawchemicalmart.com\/it\/prodotto\/edta-2na\/\" \/>\n<meta property=\"og:site_name\" content=\"rawchemicalmart.com\" \/>\n<meta property=\"article:modified_time\" content=\"2025-06-07T01:16:53+00:00\" \/>\n<meta property=\"og:image\" content=\"https:\/\/rawchemicalmart.com\/wp-content\/uploads\/2025\/05\/EDTA-2Na-4.jpg\" \/>\n\t<meta property=\"og:image:width\" content=\"800\" \/>\n\t<meta property=\"og:image:height\" content=\"800\" \/>\n\t<meta property=\"og:image:type\" content=\"image\/jpeg\" \/>\n<meta name=\"twitter:card\" content=\"summary_large_image\" \/>\n<script type=\"application\/ld+json\" class=\"yoast-schema-graph\">{\"@context\":\"https:\\\/\\\/schema.org\",\"@graph\":[{\"@type\":\"WebPage\",\"@id\":\"https:\\\/\\\/rawchemicalmart.com\\\/product\\\/edta-2na\\\/\",\"url\":\"https:\\\/\\\/rawchemicalmart.com\\\/product\\\/edta-2na\\\/\",\"name\":\"EDTA-2Na - rawchemicalmart.com\",\"isPartOf\":{\"@id\":\"https:\\\/\\\/rawchemicalmart.com\\\/#website\"},\"primaryImageOfPage\":{\"@id\":\"https:\\\/\\\/rawchemicalmart.com\\\/product\\\/edta-2na\\\/#primaryimage\"},\"image\":{\"@id\":\"https:\\\/\\\/rawchemicalmart.com\\\/product\\\/edta-2na\\\/#primaryimage\"},\"thumbnailUrl\":\"https:\\\/\\\/rawchemicalmart.com\\\/wp-content\\\/uploads\\\/2025\\\/05\\\/EDTA-2Na-4.jpg\",\"datePublished\":\"2025-05-24T00:19:52+00:00\",\"dateModified\":\"2025-06-07T01:16:53+00:00\",\"breadcrumb\":{\"@id\":\"https:\\\/\\\/rawchemicalmart.com\\\/product\\\/edta-2na\\\/#breadcrumb\"},\"inLanguage\":\"it-IT\",\"potentialAction\":[{\"@type\":\"ReadAction\",\"target\":[\"https:\\\/\\\/rawchemicalmart.com\\\/product\\\/edta-2na\\\/\"]}]},{\"@type\":\"ImageObject\",\"inLanguage\":\"it-IT\",\"@id\":\"https:\\\/\\\/rawchemicalmart.com\\\/product\\\/edta-2na\\\/#primaryimage\",\"url\":\"https:\\\/\\\/rawchemicalmart.com\\\/wp-content\\\/uploads\\\/2025\\\/05\\\/EDTA-2Na-4.jpg\",\"contentUrl\":\"https:\\\/\\\/rawchemicalmart.com\\\/wp-content\\\/uploads\\\/2025\\\/05\\\/EDTA-2Na-4.jpg\",\"width\":800,\"height\":800},{\"@type\":\"BreadcrumbList\",\"@id\":\"https:\\\/\\\/rawchemicalmart.com\\\/product\\\/edta-2na\\\/#breadcrumb\",\"itemListElement\":[{\"@type\":\"ListItem\",\"position\":1,\"name\":\"Home\",\"item\":\"https:\\\/\\\/rawchemicalmart.com\\\/\"},{\"@type\":\"ListItem\",\"position\":2,\"name\":\"Products\",\"item\":\"https:\\\/\\\/rawchemicalmart.com\\\/shop\\\/\"},{\"@type\":\"ListItem\",\"position\":3,\"name\":\"EDTA-2Na\"}]},{\"@type\":\"WebSite\",\"@id\":\"https:\\\/\\\/rawchemicalmart.com\\\/#website\",\"url\":\"https:\\\/\\\/rawchemicalmart.com\\\/\",\"name\":\"rawchemicalmart.com\",\"description\":\"Leading Raw Chemicals Supplier\",\"potentialAction\":[{\"@type\":\"SearchAction\",\"target\":{\"@type\":\"EntryPoint\",\"urlTemplate\":\"https:\\\/\\\/rawchemicalmart.com\\\/?s={search_term_string}\"},\"query-input\":{\"@type\":\"PropertyValueSpecification\",\"valueRequired\":true,\"valueName\":\"search_term_string\"}}],\"inLanguage\":\"it-IT\"}]}<\/script>\n<!-- \/ Yoast SEO plugin. -->","yoast_head_json":{"title":"EDTA-2Na - rawchemicalmart.com","robots":{"index":"index","follow":"follow","max-snippet":"max-snippet:-1","max-image-preview":"max-image-preview:large","max-video-preview":"max-video-preview:-1"},"canonical":"https:\/\/rawchemicalmart.com\/it\/prodotto\/edta-2na\/","og_locale":"it_IT","og_type":"article","og_title":"EDTA-2Na - rawchemicalmart.com","og_description":"EDTA-2Na (Disodium ethylenediaminetetraacetate) is the disodium salt of EDTA, offering better water solubility and a neutral pH. It is widely used in industries requiring effective metal ion chelation.","og_url":"https:\/\/rawchemicalmart.com\/it\/prodotto\/edta-2na\/","og_site_name":"rawchemicalmart.com","article_modified_time":"2025-06-07T01:16:53+00:00","og_image":[{"width":800,"height":800,"url":"https:\/\/rawchemicalmart.com\/wp-content\/uploads\/2025\/05\/EDTA-2Na-4.jpg","type":"image\/jpeg"}],"twitter_card":"summary_large_image","schema":{"@context":"https:\/\/schema.org","@graph":[{"@type":"WebPage","@id":"https:\/\/rawchemicalmart.com\/product\/edta-2na\/","url":"https:\/\/rawchemicalmart.com\/product\/edta-2na\/","name":"EDTA-2Na - rawchemicalmart.com","isPartOf":{"@id":"https:\/\/rawchemicalmart.com\/#website"},"primaryImageOfPage":{"@id":"https:\/\/rawchemicalmart.com\/product\/edta-2na\/#primaryimage"},"image":{"@id":"https:\/\/rawchemicalmart.com\/product\/edta-2na\/#primaryimage"},"thumbnailUrl":"https:\/\/rawchemicalmart.com\/wp-content\/uploads\/2025\/05\/EDTA-2Na-4.jpg","datePublished":"2025-05-24T00:19:52+00:00","dateModified":"2025-06-07T01:16:53+00:00","breadcrumb":{"@id":"https:\/\/rawchemicalmart.com\/product\/edta-2na\/#breadcrumb"},"inLanguage":"it-IT","potentialAction":[{"@type":"ReadAction","target":["https:\/\/rawchemicalmart.com\/product\/edta-2na\/"]}]},{"@type":"ImageObject","inLanguage":"it-IT","@id":"https:\/\/rawchemicalmart.com\/product\/edta-2na\/#primaryimage","url":"https:\/\/rawchemicalmart.com\/wp-content\/uploads\/2025\/05\/EDTA-2Na-4.jpg","contentUrl":"https:\/\/rawchemicalmart.com\/wp-content\/uploads\/2025\/05\/EDTA-2Na-4.jpg","width":800,"height":800},{"@type":"BreadcrumbList","@id":"https:\/\/rawchemicalmart.com\/product\/edta-2na\/#breadcrumb","itemListElement":[{"@type":"ListItem","position":1,"name":"Home","item":"https:\/\/rawchemicalmart.com\/"},{"@type":"ListItem","position":2,"name":"Products","item":"https:\/\/rawchemicalmart.com\/shop\/"},{"@type":"ListItem","position":3,"name":"EDTA-2Na"}]},{"@type":"WebSite","@id":"https:\/\/rawchemicalmart.com\/#website","url":"https:\/\/rawchemicalmart.com\/","name":"rawchemicalmart.com","description":"Fornitore leader di materie prime chimiche","potentialAction":[{"@type":"SearchAction","target":{"@type":"EntryPoint","urlTemplate":"https:\/\/rawchemicalmart.com\/?s={search_term_string}"},"query-input":{"@type":"PropertyValueSpecification","valueRequired":true,"valueName":"search_term_string"}}],"inLanguage":"it-IT"}]}},"_links":{"self":[{"href":"https:\/\/rawchemicalmart.com\/it\/wp-json\/wp\/v2\/product\/11609","targetHints":{"allow":["GET"]}}],"collection":[{"href":"https:\/\/rawchemicalmart.com\/it\/wp-json\/wp\/v2\/product"}],"about":[{"href":"https:\/\/rawchemicalmart.com\/it\/wp-json\/wp\/v2\/types\/product"}],"wp:featuredmedia":[{"embeddable":true,"href":"https:\/\/rawchemicalmart.com\/it\/wp-json\/wp\/v2\/media\/11041"}],"wp:attachment":[{"href":"https:\/\/rawchemicalmart.com\/it\/wp-json\/wp\/v2\/media?parent=11609"}],"wp:term":[{"taxonomy":"product_brand","embeddable":true,"href":"https:\/\/rawchemicalmart.com\/it\/wp-json\/wp\/v2\/product_brand?post=11609"},{"taxonomy":"product_cat","embeddable":true,"href":"https:\/\/rawchemicalmart.com\/it\/wp-json\/wp\/v2\/product_cat?post=11609"},{"taxonomy":"product_tag","embeddable":true,"href":"https:\/\/rawchemicalmart.com\/it\/wp-json\/wp\/v2\/product_tag?post=11609"}],"curies":[{"name":"wp","href":"https:\/\/api.w.org\/{rel}","templated":true}]}}