{"id":12141,"date":"2026-01-23T02:36:29","date_gmt":"2026-01-23T02:36:29","guid":{"rendered":"https:\/\/rawchemicalmart.com\/?post_type=product&#038;p=12141"},"modified":"2026-01-23T06:48:30","modified_gmt":"2026-01-23T06:48:30","slug":"alcool-polyvinylique-pva-20-88-viscosite-moyenne","status":"publish","type":"product","link":"https:\/\/rawchemicalmart.com\/fr\/produit\/alcool-polyvinylique-pva-20-88-viscosite-moyenne\/","title":{"rendered":"Alcool polyvinylique (PVA) 20-88 \/ 2088"},"content":{"rendered":"<h2>Caract\u00e9ristiques:<\/h2>\n<div class=\"table-scroll-wrapper\">\n<table id=\"tablepress-101\" class=\"tablepress tablepress-id-101\">\n<thead>\n<tr class=\"row-1\">\n\t<th class=\"column-1\">Article<\/th><th class=\"column-2\">Sp\u00e9cification<\/th>\n<\/tr>\n<\/thead>\n<tbody class=\"row-striping row-hover\">\n<tr class=\"row-2\">\n\t<td class=\"column-1\">Degr\u00e9 d&#039;alcoolyse (mol%)<\/td><td class=\"column-2\">86.00 - 90.00<\/td>\n<\/tr>\n<tr class=\"row-3\">\n\t<td class=\"column-1\">Viscosit\u00e9 (mPa\u00b7s)<\/td><td class=\"column-2\">28.0 - 43.0<\/td>\n<\/tr>\n<tr class=\"row-4\">\n\t<td class=\"column-1\">  Teneur en compos\u00e9s volatils (wt%, max)<\/td><td class=\"column-2\">5<\/td>\n<\/tr>\n<tr class=\"row-5\">\n\t<td class=\"column-1\">  Puret\u00e9 (wt%, min)<\/td><td class=\"column-2\">93.5<\/td>\n<\/tr>\n<tr class=\"row-6\">\n\t<td class=\"column-1\">valeur du pH<\/td><td class=\"column-2\">5 ~ 7<\/td>\n<\/tr>\n<tr class=\"row-7\">\n\t<td class=\"column-1\">  Teneur en cendres (wt%, max)<\/td><td class=\"column-2\">0.5<\/td>\n<\/tr>\n<\/tbody>\n<\/table>\n<!-- #tablepress-101 from cache --><\/div>\n<div><b data-path-to-node=\"16,0\" data-index-in-node=\"0\">Note<\/b>La viscosit\u00e9 est mesur\u00e9e sur une solution aqueuse de 4% \u00e0 20\u00b0C.<\/div>\n<div><\/div>\n<div>\n<h2>Caract\u00e9ristiques principales :<\/h2>\n<div>\n<ul>\n<li>\n<p data-path-to-node=\"19,0,0\"><b data-path-to-node=\"19,0,0\" data-index-in-node=\"0\">Solubilit\u00e9<\/b>Facilement soluble dans l&#039;eau. Bien qu&#039;il puisse se dissoudre lentement \u00e0 temp\u00e9rature ambiante, il est recommand\u00e9 de le dissoudre dans <b data-path-to-node=\"19,0,0\" data-index-in-node=\"120\">eau chaude \u00e0 plus de 85\u00b0C<\/b> pour plus d&#039;efficacit\u00e9.<\/p>\n<ul data-path-to-node=\"19,0,1\">\n<li>\n<p data-path-to-node=\"19,0,1,0,0\"><i data-path-to-node=\"19,0,1,0,0\" data-index-in-node=\"0\">Conseil de traitement<\/i>De la mousse peut se former pendant la dissolution ; l&#039;ajout d&#039;un agent antimousse est recommand\u00e9.<\/p>\n<\/li>\n<\/ul>\n<\/li>\n<li>\n<p data-path-to-node=\"19,1,0\"><b data-path-to-node=\"19,1,0\" data-index-in-node=\"0\">Point de fusion<\/b>: En tant que qualit\u00e9 partiellement hydrolys\u00e9e, il commence \u00e0 fondre autour de <b data-path-to-node=\"19,1,0\" data-index-in-node=\"73\">180-190\u00b0C<\/b> et se d\u00e9compose au-dessus de 200 \u00b0C.<\/p>\n<\/li>\n<li>\n<p data-path-to-node=\"19,2,0\"><b data-path-to-node=\"19,2,0\" data-index-in-node=\"0\">Adh\u00e9sivit\u00e9<\/b>Pr\u00e9sente une excellente adh\u00e9rence non seulement aux mat\u00e9riaux hydrophiles (cellulose, papier) mais aussi aux fibres hydrophobes.<\/p>\n<\/li>\n<li>\n<p data-path-to-node=\"19,3,0\"><b data-path-to-node=\"19,3,0\" data-index-in-node=\"0\">Propri\u00e9t\u00e9s cin\u00e9matographiques<\/b>Forme des films souples et r\u00e9sistants pr\u00e9sentant d&#039;excellentes propri\u00e9t\u00e9s de barri\u00e8re contre les gaz.<\/p>\n<\/li>\n<li>\n<p data-path-to-node=\"19,4,0\"><b data-path-to-node=\"19,4,0\" data-index-in-node=\"0\">Compatibilit\u00e9<\/b>Compatible avec l&#039;amidon, les gommes et autres \u00e9mulsions.<\/p>\n<\/li>\n<\/ul>\n<\/div>\n<\/div>\n<h2>Applications :<\/h2>\n<div>\n<ul>\n<li>\n<p data-path-to-node=\"22,0,0\"><b data-path-to-node=\"22,0,0\" data-index-in-node=\"0\">Abrasifs et moules rev\u00eatus<\/b>: Utilis\u00e9 sp\u00e9cifiquement pour <b data-path-to-node=\"22,0,0\" data-index-in-node=\"48\">raidissement du tissu de base<\/b> et le renforcement dans l&#039;industrie des abrasifs (par exemple, le support du papier de verre).<\/p>\n<\/li>\n<li>\n<p data-path-to-node=\"22,1,0\"><b data-path-to-node=\"22,1,0\" data-index-in-node=\"0\">Adh\u00e9sifs<\/b>: Id\u00e9al pour la formulation <b data-path-to-node=\"22,1,0\" data-index-in-node=\"33\">adh\u00e9sifs r\u00e9humidifiables<\/b> (colles r\u00e9humidifiantes) utilis\u00e9es dans les timbres-poste, les enveloppes et les rubans adh\u00e9sifs en papier.<\/p>\n<\/li>\n<li>\n<p data-path-to-node=\"22,2,0\"><b data-path-to-node=\"22,2,0\" data-index-in-node=\"0\">Industrie textile<\/b>Utilis\u00e9 dans le traitement des fibres courtes et des filaments longs pour am\u00e9liorer l&#039;efficacit\u00e9 du tissage.<\/p>\n<\/li>\n<li>\n<p data-path-to-node=\"22,3,0\"><b data-path-to-node=\"22,3,0\" data-index-in-node=\"0\">D\u00e9veloppement de films<\/b>Utilis\u00e9 comme mati\u00e8re premi\u00e8re pour la fabrication de films hydrosolubles.<\/p>\n<\/li>\n<li>\n<p data-path-to-node=\"22,4,0\"><b data-path-to-node=\"22,4,0\" data-index-in-node=\"0\">Stabilisateur<\/b>: Agit comme un collo\u00efde protecteur dans la polym\u00e9risation des \u00e9mulsions d&#039;ac\u00e9tate de vinyle (PVAc).<\/p>\n<\/li>\n<\/ul>\n<h2>Emballage:<\/h2>\n<ul>\n<li data-path-to-node=\"26,0,0\"><b data-path-to-node=\"26,0,0\" data-index-in-node=\"0\">Conditionnement<\/b>: 25 kg par sac.<\/li>\n<li data-path-to-node=\"26,1,0\"><b data-path-to-node=\"26,1,0\" data-index-in-node=\"0\">Stockage<\/b>\u00c0 conserver dans un endroit frais, sec et bien ventil\u00e9 pour \u00e9viter l&#039;agglom\u00e9ration et l&#039;absorption d&#039;humidit\u00e9.<\/li>\n<\/ul>\n<h2><strong><b>Produit<\/b><\/strong>\u00a0<strong><b>Stockage:<\/b><\/strong><\/h2>\n<p>Conserver dans un endroit sec et bien ventil\u00e9 pour \u00e9viter l&#039;absorption d&#039;humidit\u00e9.<\/p>\n<\/div>\n<h2>FAQ :<\/h2>\n<p data-path-to-node=\"28\"><b data-path-to-node=\"28\" data-index-in-node=\"0\">Q : Quand dois-je choisir la colle PVA 20-88 plut\u00f4t que la PVA 17-88 ?<\/b><\/p>\n<p data-path-to-node=\"28\">A : Vous devriez choisir <b data-path-to-node=\"28\" data-index-in-node=\"71\">PVA 20-88<\/b> lorsque vous avez besoin d&#039;une viscosit\u00e9 l\u00e9g\u00e8rement plus \u00e9lev\u00e9e (<b data-path-to-node=\"28\" data-index-in-node=\"122\">28-43 mPa.s<\/b>Il offre une adh\u00e9rence sup\u00e9rieure \u00e0 celle du 17-88 (19-32 mPa\u00b7s). Il est id\u00e9al pour les applications o\u00f9 le 17-88 est trop fluide, comme le raidissement des tissus ou les collages verticaux.<\/p>\n<p data-path-to-node=\"29\"><b data-path-to-node=\"29\" data-index-in-node=\"0\">Q : Le PVA 20-88 mousse-t-il lors de sa dissolution ?<\/b><\/p>\n<p data-path-to-node=\"29\">R : Oui, comme de nombreuses qualit\u00e9s partiellement hydrolys\u00e9es, il peut g\u00e9n\u00e9rer de la mousse pendant le processus de dissolution. Nous recommandons d&#039;ajouter une petite quantit\u00e9 de <b data-path-to-node=\"29\" data-index-in-node=\"180\">agent antimousse<\/b> (antimousse) pendant le processus de chauffage pour garantir une solution claire et sans bulles.<\/p>\n<p data-path-to-node=\"30\"><b data-path-to-node=\"30\" data-index-in-node=\"0\">Q : Quelle est la temp\u00e9rature de fusion du PVA 20-88 ?<\/b><\/p>\n<p data-path-to-node=\"30\">A : Contrairement aux grades enti\u00e8rement hydrolys\u00e9s qui fondent \u00e0 des temp\u00e9ratures plus \u00e9lev\u00e9es (environ 230 \u00b0C), le PVA 20-88 commence \u00e0 fondre \u00e0 une temp\u00e9rature plus basse. <b data-path-to-node=\"30\" data-index-in-node=\"172\">180-190\u00b0C<\/b>. Ce point de fusion plus bas peut \u00eatre avantageux dans certaines applications de transformation des thermoplastiques.<\/p>\n<p data-path-to-node=\"30\"><b data-path-to-node=\"33\" data-index-in-node=\"0\">Besoin de PVA de viscosit\u00e9 moyenne \u00e0 \u00e9lev\u00e9e ? <a href=\"https:\/\/rawchemicalmart.com\/fr\/contactez-nous\/\">Obtenir un devis<\/a>.<\/b> Nous fournissons de l&#039;alcool polyvinylique 20-88 de qualit\u00e9 sup\u00e9rieure pour des applications industrielles sp\u00e9cialis\u00e9es.<\/p>","protected":false},"excerpt":{"rendered":"<p class=\"tmnf_excerpt\">Polyvinyl Alcohol 20-88 (also known as PVA 2088 or 088-35) is a partially hydrolyzed grade polymer characterized by a unique medium-high viscosity range.\nWith a viscosity of 28.0 &#8211; 43.0 mPa.s, PVA 20-88 offers stronger initial tack and film thickness compared to standard 17-88 grades, while maintaining better flow properties than high-viscosity 24-88 grades. This balance makes it the preferred choice for industrial applications requiring precise rheological control, such as stiffening agents for abrasives and re-wettable adhesives.\n<\/p>","protected":false},"featured_media":12152,"template":"","meta":{"_acf_changed":false},"product_brand":[],"product_cat":[58],"product_tag":[],"class_list":{"0":"post-12141","1":"product","2":"type-product","3":"status-publish","4":"has-post-thumbnail","6":"product_cat-polyvinyl-alcohol-pva","8":"first","9":"instock","10":"shipping-taxable","11":"product-type-simple"},"acf":[],"yoast_head":"<!-- This site is optimized with the Yoast SEO plugin v27.4 - https:\/\/yoast.com\/product\/yoast-seo-wordpress\/ -->\n<title>Polyvinyl Alcohol (PVA) 20-88 \/ 2088 | Medium-High Viscosity - RawChemicalMart<\/title>\n<meta name=\"description\" content=\"Buy Polyvinyl Alcohol 20-88 (PVA 2088\/088-35). A partially hydrolyzed grade with medium-high viscosity (28-43 mPa.s). Ideal for textile sizing, abrasive backings, and re-wettable adhesives. View TDS.\" \/>\n<meta name=\"robots\" content=\"index, follow, max-snippet:-1, max-image-preview:large, max-video-preview:-1\" \/>\n<link rel=\"canonical\" href=\"https:\/\/rawchemicalmart.com\/fr\/produit\/alcool-polyvinylique-pva-20-88-viscosite-moyenne\/\" \/>\n<meta property=\"og:locale\" content=\"fr_FR\" \/>\n<meta property=\"og:type\" content=\"article\" \/>\n<meta property=\"og:title\" content=\"Polyvinyl Alcohol (PVA) 20-88 \/ 2088 | Medium-High Viscosity - RawChemicalMart\" \/>\n<meta property=\"og:description\" content=\"Buy Polyvinyl Alcohol 20-88 (PVA 2088\/088-35). A partially hydrolyzed grade with medium-high viscosity (28-43 mPa.s). Ideal for textile sizing, abrasive backings, and re-wettable adhesives. View TDS.\" \/>\n<meta property=\"og:url\" content=\"https:\/\/rawchemicalmart.com\/fr\/produit\/alcool-polyvinylique-pva-20-88-viscosite-moyenne\/\" \/>\n<meta property=\"og:site_name\" content=\"rawchemicalmart.com\" \/>\n<meta property=\"article:modified_time\" content=\"2026-01-23T06:48:30+00:00\" \/>\n<meta property=\"og:image\" content=\"https:\/\/rawchemicalmart.com\/wp-content\/uploads\/2026\/01\/Polyvinyl_alcohol_PVA_2088.jpg\" \/>\n\t<meta property=\"og:image:width\" content=\"1000\" \/>\n\t<meta property=\"og:image:height\" content=\"1000\" \/>\n\t<meta property=\"og:image:type\" content=\"image\/jpeg\" \/>\n<meta name=\"twitter:card\" content=\"summary_large_image\" \/>\n<meta name=\"twitter:label1\" content=\"Dur\u00e9e de lecture estim\u00e9e\" \/>\n\t<meta name=\"twitter:data1\" content=\"2 minutes\" \/>\n<script type=\"application\/ld+json\" class=\"yoast-schema-graph\">{\"@context\":\"https:\\\/\\\/schema.org\",\"@graph\":[{\"@type\":\"WebPage\",\"@id\":\"https:\\\/\\\/rawchemicalmart.com\\\/product\\\/polyvinyl-alcohol-pva-20-88-medium-viscosity\\\/\",\"url\":\"https:\\\/\\\/rawchemicalmart.com\\\/product\\\/polyvinyl-alcohol-pva-20-88-medium-viscosity\\\/\",\"name\":\"Polyvinyl Alcohol (PVA) 20-88 \\\/ 2088 | Medium-High Viscosity - RawChemicalMart\",\"isPartOf\":{\"@id\":\"https:\\\/\\\/rawchemicalmart.com\\\/#website\"},\"primaryImageOfPage\":{\"@id\":\"https:\\\/\\\/rawchemicalmart.com\\\/product\\\/polyvinyl-alcohol-pva-20-88-medium-viscosity\\\/#primaryimage\"},\"image\":{\"@id\":\"https:\\\/\\\/rawchemicalmart.com\\\/product\\\/polyvinyl-alcohol-pva-20-88-medium-viscosity\\\/#primaryimage\"},\"thumbnailUrl\":\"https:\\\/\\\/rawchemicalmart.com\\\/wp-content\\\/uploads\\\/2026\\\/01\\\/Polyvinyl_alcohol_PVA_2088.jpg\",\"datePublished\":\"2026-01-23T02:36:29+00:00\",\"dateModified\":\"2026-01-23T06:48:30+00:00\",\"description\":\"Buy Polyvinyl Alcohol 20-88 (PVA 2088\\\/088-35). A partially hydrolyzed grade with medium-high viscosity (28-43 mPa.s). Ideal for textile sizing, abrasive backings, and re-wettable adhesives. View TDS.\",\"breadcrumb\":{\"@id\":\"https:\\\/\\\/rawchemicalmart.com\\\/product\\\/polyvinyl-alcohol-pva-20-88-medium-viscosity\\\/#breadcrumb\"},\"inLanguage\":\"fr-FR\",\"potentialAction\":[{\"@type\":\"ReadAction\",\"target\":[\"https:\\\/\\\/rawchemicalmart.com\\\/product\\\/polyvinyl-alcohol-pva-20-88-medium-viscosity\\\/\"]}]},{\"@type\":\"ImageObject\",\"inLanguage\":\"fr-FR\",\"@id\":\"https:\\\/\\\/rawchemicalmart.com\\\/product\\\/polyvinyl-alcohol-pva-20-88-medium-viscosity\\\/#primaryimage\",\"url\":\"https:\\\/\\\/rawchemicalmart.com\\\/wp-content\\\/uploads\\\/2026\\\/01\\\/Polyvinyl_alcohol_PVA_2088.jpg\",\"contentUrl\":\"https:\\\/\\\/rawchemicalmart.com\\\/wp-content\\\/uploads\\\/2026\\\/01\\\/Polyvinyl_alcohol_PVA_2088.jpg\",\"width\":1000,\"height\":1000,\"caption\":\"polyvinyl alcohol PVA 2088\"},{\"@type\":\"BreadcrumbList\",\"@id\":\"https:\\\/\\\/rawchemicalmart.com\\\/product\\\/polyvinyl-alcohol-pva-20-88-medium-viscosity\\\/#breadcrumb\",\"itemListElement\":[{\"@type\":\"ListItem\",\"position\":1,\"name\":\"Home\",\"item\":\"https:\\\/\\\/rawchemicalmart.com\\\/\"},{\"@type\":\"ListItem\",\"position\":2,\"name\":\"Products\",\"item\":\"https:\\\/\\\/rawchemicalmart.com\\\/shop\\\/\"},{\"@type\":\"ListItem\",\"position\":3,\"name\":\"Polyvinyl Alcohol (PVA) 20-88 \\\/ 2088\"}]},{\"@type\":\"WebSite\",\"@id\":\"https:\\\/\\\/rawchemicalmart.com\\\/#website\",\"url\":\"https:\\\/\\\/rawchemicalmart.com\\\/\",\"name\":\"rawchemicalmart.com\",\"description\":\"Leading Raw Chemicals Supplier\",\"potentialAction\":[{\"@type\":\"SearchAction\",\"target\":{\"@type\":\"EntryPoint\",\"urlTemplate\":\"https:\\\/\\\/rawchemicalmart.com\\\/?s={search_term_string}\"},\"query-input\":{\"@type\":\"PropertyValueSpecification\",\"valueRequired\":true,\"valueName\":\"search_term_string\"}}],\"inLanguage\":\"fr-FR\"}]}<\/script>\n<!-- \/ Yoast SEO plugin. -->","yoast_head_json":{"title":"Alcool polyvinylique (PVA) 20-88 \/ 2088 | Viscosit\u00e9 moyenne \u00e0 \u00e9lev\u00e9e - RawChemicalMart","description":"Achetez de l&#039;alcool polyvinylique 20-88 (PVA 2088\/088-35). Grade partiellement hydrolys\u00e9 \u00e0 viscosit\u00e9 moyenne \u00e0 \u00e9lev\u00e9e (28-43 mPa\u00b7s). Id\u00e9al pour l&#039;appr\u00eatage textile, les supports abrasifs et les adh\u00e9sifs r\u00e9humidifiables. Consultez la fiche technique.","robots":{"index":"index","follow":"follow","max-snippet":"max-snippet:-1","max-image-preview":"max-image-preview:large","max-video-preview":"max-video-preview:-1"},"canonical":"https:\/\/rawchemicalmart.com\/fr\/produit\/alcool-polyvinylique-pva-20-88-viscosite-moyenne\/","og_locale":"fr_FR","og_type":"article","og_title":"Polyvinyl Alcohol (PVA) 20-88 \/ 2088 | Medium-High Viscosity - RawChemicalMart","og_description":"Buy Polyvinyl Alcohol 20-88 (PVA 2088\/088-35). A partially hydrolyzed grade with medium-high viscosity (28-43 mPa.s). Ideal for textile sizing, abrasive backings, and re-wettable adhesives. View TDS.","og_url":"https:\/\/rawchemicalmart.com\/fr\/produit\/alcool-polyvinylique-pva-20-88-viscosite-moyenne\/","og_site_name":"rawchemicalmart.com","article_modified_time":"2026-01-23T06:48:30+00:00","og_image":[{"width":1000,"height":1000,"url":"https:\/\/rawchemicalmart.com\/wp-content\/uploads\/2026\/01\/Polyvinyl_alcohol_PVA_2088.jpg","type":"image\/jpeg"}],"twitter_card":"summary_large_image","twitter_misc":{"Dur\u00e9e de lecture estim\u00e9e":"2 minutes"},"schema":{"@context":"https:\/\/schema.org","@graph":[{"@type":"WebPage","@id":"https:\/\/rawchemicalmart.com\/product\/polyvinyl-alcohol-pva-20-88-medium-viscosity\/","url":"https:\/\/rawchemicalmart.com\/product\/polyvinyl-alcohol-pva-20-88-medium-viscosity\/","name":"Alcool polyvinylique (PVA) 20-88 \/ 2088 | Viscosit\u00e9 moyenne \u00e0 \u00e9lev\u00e9e - RawChemicalMart","isPartOf":{"@id":"https:\/\/rawchemicalmart.com\/#website"},"primaryImageOfPage":{"@id":"https:\/\/rawchemicalmart.com\/product\/polyvinyl-alcohol-pva-20-88-medium-viscosity\/#primaryimage"},"image":{"@id":"https:\/\/rawchemicalmart.com\/product\/polyvinyl-alcohol-pva-20-88-medium-viscosity\/#primaryimage"},"thumbnailUrl":"https:\/\/rawchemicalmart.com\/wp-content\/uploads\/2026\/01\/Polyvinyl_alcohol_PVA_2088.jpg","datePublished":"2026-01-23T02:36:29+00:00","dateModified":"2026-01-23T06:48:30+00:00","description":"Achetez de l&#039;alcool polyvinylique 20-88 (PVA 2088\/088-35). Grade partiellement hydrolys\u00e9 \u00e0 viscosit\u00e9 moyenne \u00e0 \u00e9lev\u00e9e (28-43 mPa\u00b7s). Id\u00e9al pour l&#039;appr\u00eatage textile, les supports abrasifs et les adh\u00e9sifs r\u00e9humidifiables. Consultez la fiche technique.","breadcrumb":{"@id":"https:\/\/rawchemicalmart.com\/product\/polyvinyl-alcohol-pva-20-88-medium-viscosity\/#breadcrumb"},"inLanguage":"fr-FR","potentialAction":[{"@type":"ReadAction","target":["https:\/\/rawchemicalmart.com\/product\/polyvinyl-alcohol-pva-20-88-medium-viscosity\/"]}]},{"@type":"ImageObject","inLanguage":"fr-FR","@id":"https:\/\/rawchemicalmart.com\/product\/polyvinyl-alcohol-pva-20-88-medium-viscosity\/#primaryimage","url":"https:\/\/rawchemicalmart.com\/wp-content\/uploads\/2026\/01\/Polyvinyl_alcohol_PVA_2088.jpg","contentUrl":"https:\/\/rawchemicalmart.com\/wp-content\/uploads\/2026\/01\/Polyvinyl_alcohol_PVA_2088.jpg","width":1000,"height":1000,"caption":"polyvinyl alcohol PVA 2088"},{"@type":"BreadcrumbList","@id":"https:\/\/rawchemicalmart.com\/product\/polyvinyl-alcohol-pva-20-88-medium-viscosity\/#breadcrumb","itemListElement":[{"@type":"ListItem","position":1,"name":"Home","item":"https:\/\/rawchemicalmart.com\/"},{"@type":"ListItem","position":2,"name":"Products","item":"https:\/\/rawchemicalmart.com\/shop\/"},{"@type":"ListItem","position":3,"name":"Polyvinyl Alcohol (PVA) 20-88 \/ 2088"}]},{"@type":"WebSite","@id":"https:\/\/rawchemicalmart.com\/#website","url":"https:\/\/rawchemicalmart.com\/","name":"rawchemicalmart.com","description":"Fournisseur leader de produits chimiques bruts","potentialAction":[{"@type":"SearchAction","target":{"@type":"EntryPoint","urlTemplate":"https:\/\/rawchemicalmart.com\/?s={search_term_string}"},"query-input":{"@type":"PropertyValueSpecification","valueRequired":true,"valueName":"search_term_string"}}],"inLanguage":"fr-FR"}]}},"_links":{"self":[{"href":"https:\/\/rawchemicalmart.com\/fr\/wp-json\/wp\/v2\/product\/12141","targetHints":{"allow":["GET"]}}],"collection":[{"href":"https:\/\/rawchemicalmart.com\/fr\/wp-json\/wp\/v2\/product"}],"about":[{"href":"https:\/\/rawchemicalmart.com\/fr\/wp-json\/wp\/v2\/types\/product"}],"wp:featuredmedia":[{"embeddable":true,"href":"https:\/\/rawchemicalmart.com\/fr\/wp-json\/wp\/v2\/media\/12152"}],"wp:attachment":[{"href":"https:\/\/rawchemicalmart.com\/fr\/wp-json\/wp\/v2\/media?parent=12141"}],"wp:term":[{"taxonomy":"product_brand","embeddable":true,"href":"https:\/\/rawchemicalmart.com\/fr\/wp-json\/wp\/v2\/product_brand?post=12141"},{"taxonomy":"product_cat","embeddable":true,"href":"https:\/\/rawchemicalmart.com\/fr\/wp-json\/wp\/v2\/product_cat?post=12141"},{"taxonomy":"product_tag","embeddable":true,"href":"https:\/\/rawchemicalmart.com\/fr\/wp-json\/wp\/v2\/product_tag?post=12141"}],"curies":[{"name":"wp","href":"https:\/\/api.w.org\/{rel}","templated":true}]}}