{"id":12104,"date":"2026-01-21T13:04:19","date_gmt":"2026-01-21T13:04:19","guid":{"rendered":"https:\/\/rawchemicalmart.com\/?post_type=product&#038;p=12104"},"modified":"2026-01-23T06:43:52","modified_gmt":"2026-01-23T06:43:52","slug":"alcool-polyvinylique-pva-1788","status":"publish","type":"product","link":"https:\/\/rawchemicalmart.com\/fr\/produit\/alcool-polyvinylique-pva-1788\/","title":{"rendered":"Alcool polyvinylique (PVA) 17-88 \/ PVA 088-20"},"content":{"rendered":"<h2>Caract\u00e9ristiques:<\/h2>\n<div class=\"table-scroll-wrapper\">\n<table id=\"tablepress-95\" class=\"tablepress tablepress-id-95\">\n<thead>\n<tr class=\"row-1\">\n\t<th class=\"column-1\">Article<\/th><th class=\"column-2\">Sp\u00e9cification<\/th><th class=\"column-3\">M\u00e9thode d&#039;essai \/ Note<\/th>\n<\/tr>\n<\/thead>\n<tbody class=\"row-striping row-hover\">\n<tr class=\"row-2\">\n\t<td class=\"column-1\">Nom du produit<\/td><td class=\"column-2\">Alcool polyvinylique (PVA) 17-88 \/ 1788<\/td><td class=\"column-3\"><\/td>\n<\/tr>\n<tr class=\"row-3\">\n\t<td class=\"column-1\">Apparence<\/td><td class=\"column-2\">Poudre\/particules blanches<\/td><td class=\"column-3\"><\/td>\n<\/tr>\n<tr class=\"row-4\">\n\t<td class=\"column-1\">Degr\u00e9 d&#039;alcoolisation<\/td><td class=\"column-2\">86,00 - 90,00 mol%<\/td><td class=\"column-3\">(Partiellement hydrolys\u00e9)<\/td>\n<\/tr>\n<tr class=\"row-5\">\n\t<td class=\"column-1\">Viscosit\u00e9<\/td><td class=\"column-2\">19,5 - 32,0 mPa.s<\/td><td class=\"column-3\">(Solution aqueuse de 4% \u00e0 20\u00b0C)<\/td>\n<\/tr>\n<tr class=\"row-6\">\n\t<td class=\"column-1\">Contenu volatil<\/td><td class=\"column-2\">\u2264 5,0 wt%<\/td><td class=\"column-3\"><\/td>\n<\/tr>\n<tr class=\"row-7\">\n\t<td class=\"column-1\">Puret\u00e9<\/td><td class=\"column-2\">\u2265 93,5 wt%<\/td><td class=\"column-3\">(Valeur calcul\u00e9e)<\/td>\n<\/tr>\n<tr class=\"row-8\">\n\t<td class=\"column-1\">valeur du pH<\/td><td class=\"column-2\">5 ~ 7<\/td><td class=\"column-3\"><\/td>\n<\/tr>\n<tr class=\"row-9\">\n\t<td class=\"column-1\">Teneur en cendres<\/td><td class=\"column-2\">\u2264 0,5 poids%<\/td><td class=\"column-3\"><\/td>\n<\/tr>\n<\/tbody>\n<\/table>\n<!-- #tablepress-95 from cache --><\/div>\n<div><b data-path-to-node=\"21,0\" data-index-in-node=\"0\">Note<\/b>La viscosit\u00e9 est mesur\u00e9e sur une solution aqueuse 4%. La puret\u00e9 est une valeur calcul\u00e9e.<\/div>\n<h2>Applications :<\/h2>\n<div>\n<p data-path-to-node=\"25\">Notre PVA 1788 est con\u00e7u pour diverses applications industrielles\u00a0:<\/p>\n<ul data-path-to-node=\"26\">\n<li>\n<p data-path-to-node=\"26,0,0\"><b data-path-to-node=\"26,0,0\" data-index-in-node=\"0\">Industrie des adh\u00e9sifs<\/b>Il sert de liant principal pour les adh\u00e9sifs destin\u00e9s au papier, au bois et aux textiles. Son fort pouvoir adh\u00e9sif le rend id\u00e9al pour les colles de bureau et les adh\u00e9sifs d&#039;emballage.<\/p>\n<\/li>\n<li>\n<p data-path-to-node=\"26,1,0\"><b data-path-to-node=\"26,1,0\" data-index-in-node=\"0\">Mat\u00e9riaux de construction<\/b>Utilis\u00e9 comme additif dans les mortiers secs, les enduits et les colles \u00e0 carrelage, il am\u00e9liore la r\u00e9tention d&#039;eau, la flexibilit\u00e9 et l&#039;adh\u00e9rence du mat\u00e9riau cimentaire.<\/p>\n<\/li>\n<li>\n<p data-path-to-node=\"26,2,0\"><b data-path-to-node=\"26,2,0\" data-index-in-node=\"0\">Traitement du papier<\/b>Am\u00e9liore la r\u00e9sistance de surface, l&#039;imprimabilit\u00e9 et la r\u00e9sistance \u00e0 l&#039;huile des produits en papier.<\/p>\n<\/li>\n<li>\n<p data-path-to-node=\"26,3,0\"><b data-path-to-node=\"26,3,0\" data-index-in-node=\"0\">D\u00e9veloppement de films<\/b>Gr\u00e2ce \u00e0 ses excellentes propri\u00e9t\u00e9s filmog\u00e8nes, il est utilis\u00e9 pour fabriquer des films hydrosolubles et des rev\u00eatements protecteurs.<\/p>\n<\/li>\n<li>\n<p data-path-to-node=\"26,4,0\"><b data-path-to-node=\"26,4,0\" data-index-in-node=\"0\">Industrie des stabilisateurs<\/b>: Agit comme \u00e9mulsifiant efficace et collo\u00efde protecteur dans la polym\u00e9risation des \u00e9mulsions d&#039;ac\u00e9tate de vinyle (PVAc).<\/p>\n<\/li>\n<li>\n<p data-path-to-node=\"26,5,0\"><b data-path-to-node=\"26,5,0\" data-index-in-node=\"0\">Moulage plastique<\/b>Utilis\u00e9 comme agent de d\u00e9moulage et modificateur de surface dans la production de plastique.<\/p>\n<\/li>\n<\/ul>\n<h2>Emballage:<\/h2>\n<p>25 kg par sac.<\/p>\n<h2><strong><b>Produit<\/b><\/strong>\u00a0<strong><b>Stockage:<\/b><\/strong><\/h2>\n<p>\u00c0 conserver dans un endroit frais, sec et bien ventil\u00e9. \u00c0 prot\u00e9ger de l&#039;humidit\u00e9 et de la lumi\u00e8re directe du soleil afin de pr\u00e9server la qualit\u00e9 du produit.<\/p>\n<\/div>\n<h2>FAQ :<\/h2>\n<p data-path-to-node=\"33\"><b data-path-to-node=\"33\" data-index-in-node=\"0\">Q : Quelle est la diff\u00e9rence entre le PVA 1788 et le PVA 2488 ?<\/b><\/p>\n<p data-path-to-node=\"33\">A : La principale diff\u00e9rence r\u00e9side dans le <b data-path-to-node=\"33\" data-index-in-node=\"92\">viscosit\u00e9<\/b> et <b data-path-to-node=\"33\" data-index-in-node=\"106\">degr\u00e9 de polym\u00e9risation<\/b>. Le PVA 1788 pr\u00e9sente g\u00e9n\u00e9ralement une viscosit\u00e9 plus faible (19,5 \u00e0 32,0 mPa\u00b7s) que le PVA 2488, ce qui le rend plus adapt\u00e9 aux applications n\u00e9cessitant une dissolution plus rapide et une solution moins visqueuse. Ces deux grades sont partiellement hydrolys\u00e9s.<\/p>\n<p data-path-to-node=\"34\"><b data-path-to-node=\"34\" data-index-in-node=\"0\">Q : Le PVA 1788 est-il soluble dans l&#039;eau froide ?<\/b><\/p>\n<p data-path-to-node=\"34\">A : Le PVA 1788 est un grade partiellement hydrolys\u00e9 (86-90%), qui offre g\u00e9n\u00e9ralement une meilleure solubilit\u00e9 dans l&#039;eau que les grades totalement hydrolys\u00e9s. Il peut se dissoudre dans l&#039;eau chaude, mais pour une dissolution compl\u00e8te et des performances optimales, un chauffage \u00e0 des temp\u00e9ratures sp\u00e9cifiques (g\u00e9n\u00e9ralement autour de 80-90 \u00b0C) est recommand\u00e9 en fonction du proc\u00e9d\u00e9 d&#039;application.<\/p>\n<p data-path-to-node=\"35\"><b data-path-to-node=\"35\" data-index-in-node=\"0\">Q : Le PVA 1788 peut-il \u00eatre utilis\u00e9 dans les adh\u00e9sifs pour emballages alimentaires ?<\/b><\/p>\n<p data-path-to-node=\"35\">R : Oui, en raison de sa nature non toxique et de ses excellentes propri\u00e9t\u00e9s adh\u00e9sives, le PVA 1788 est souvent utilis\u00e9 dans les adh\u00e9sifs pour les emballages en papier qui peuvent entrer indirectement en contact avec des produits alimentaires.<\/p>","protected":false},"excerpt":{"rendered":"<p class=\"tmnf_excerpt\">Polyvinyl Alcohol 1788 (also known as PVA 088-20) is a partially alcoholized, medium-viscosity grade water-soluble polymer. It is renowned for its excellent film-forming capabilities, strong adhesion, and superior emulsifying properties.\nAs a versatile raw material, our PVA 1788 is widely used across the construction, textile, and adhesive industries. It is soluble in water while remaining resistant to oils, grease, and most organic solvents, making it an essential additive for enhancing the performance of mortar, putty, and industrial adhesives.\n<\/p>","protected":false},"featured_media":12113,"template":"","meta":{"_acf_changed":false},"product_brand":[],"product_cat":[58],"product_tag":[],"class_list":{"0":"post-12104","1":"product","2":"type-product","3":"status-publish","4":"has-post-thumbnail","6":"product_cat-polyvinyl-alcohol-pva","8":"first","9":"instock","10":"shipping-taxable","11":"product-type-simple"},"acf":[],"yoast_head":"<!-- This site is optimized with the Yoast SEO plugin v27.4 - https:\/\/yoast.com\/product\/yoast-seo-wordpress\/ -->\n<title>Polyvinyl Alcohol (PVA) 17-88 | Manufacturer &amp; Supplier - RawChemicalMart<\/title>\n<meta name=\"description\" content=\"Buy high-quality Polyvinyl Alcohol 1788 (PVA 088-20) from RawChemicalMart. Partially hydrolyzed grade with 86-90 mol% alcoholysis. Ideal for adhesives, paper processing, and building materials. View TDS &amp; Specifications.\" \/>\n<meta name=\"robots\" content=\"index, follow, max-snippet:-1, max-image-preview:large, max-video-preview:-1\" \/>\n<link rel=\"canonical\" href=\"https:\/\/rawchemicalmart.com\/fr\/produit\/alcool-polyvinylique-pva-1788\/\" \/>\n<meta property=\"og:locale\" content=\"fr_FR\" \/>\n<meta property=\"og:type\" content=\"article\" \/>\n<meta property=\"og:title\" content=\"Polyvinyl Alcohol (PVA) 17-88 | Manufacturer &amp; Supplier - RawChemicalMart\" \/>\n<meta property=\"og:description\" content=\"Buy high-quality Polyvinyl Alcohol 1788 (PVA 088-20) from RawChemicalMart. Partially hydrolyzed grade with 86-90 mol% alcoholysis. Ideal for adhesives, paper processing, and building materials. View TDS &amp; Specifications.\" \/>\n<meta property=\"og:url\" content=\"https:\/\/rawchemicalmart.com\/fr\/produit\/alcool-polyvinylique-pva-1788\/\" \/>\n<meta property=\"og:site_name\" content=\"rawchemicalmart.com\" \/>\n<meta property=\"article:modified_time\" content=\"2026-01-23T06:43:52+00:00\" \/>\n<meta property=\"og:image\" content=\"https:\/\/rawchemicalmart.com\/wp-content\/uploads\/2026\/01\/polyvinyl_alcohol_1788_.jpg\" \/>\n\t<meta property=\"og:image:width\" content=\"800\" \/>\n\t<meta property=\"og:image:height\" content=\"800\" \/>\n\t<meta property=\"og:image:type\" content=\"image\/jpeg\" \/>\n<meta name=\"twitter:card\" content=\"summary_large_image\" \/>\n<meta name=\"twitter:label1\" content=\"Dur\u00e9e de lecture estim\u00e9e\" \/>\n\t<meta name=\"twitter:data1\" content=\"2 minutes\" \/>\n<script type=\"application\/ld+json\" class=\"yoast-schema-graph\">{\"@context\":\"https:\\\/\\\/schema.org\",\"@graph\":[{\"@type\":\"WebPage\",\"@id\":\"https:\\\/\\\/rawchemicalmart.com\\\/product\\\/polyvinyl-alcohol-pva-1788\\\/\",\"url\":\"https:\\\/\\\/rawchemicalmart.com\\\/product\\\/polyvinyl-alcohol-pva-1788\\\/\",\"name\":\"Polyvinyl Alcohol (PVA) 17-88 | Manufacturer & Supplier - RawChemicalMart\",\"isPartOf\":{\"@id\":\"https:\\\/\\\/rawchemicalmart.com\\\/#website\"},\"primaryImageOfPage\":{\"@id\":\"https:\\\/\\\/rawchemicalmart.com\\\/product\\\/polyvinyl-alcohol-pva-1788\\\/#primaryimage\"},\"image\":{\"@id\":\"https:\\\/\\\/rawchemicalmart.com\\\/product\\\/polyvinyl-alcohol-pva-1788\\\/#primaryimage\"},\"thumbnailUrl\":\"https:\\\/\\\/rawchemicalmart.com\\\/wp-content\\\/uploads\\\/2026\\\/01\\\/polyvinyl_alcohol_1788_.jpg\",\"datePublished\":\"2026-01-21T13:04:19+00:00\",\"dateModified\":\"2026-01-23T06:43:52+00:00\",\"description\":\"Buy high-quality Polyvinyl Alcohol 1788 (PVA 088-20) from RawChemicalMart. Partially hydrolyzed grade with 86-90 mol% alcoholysis. Ideal for adhesives, paper processing, and building materials. View TDS & Specifications.\",\"breadcrumb\":{\"@id\":\"https:\\\/\\\/rawchemicalmart.com\\\/product\\\/polyvinyl-alcohol-pva-1788\\\/#breadcrumb\"},\"inLanguage\":\"fr-FR\",\"potentialAction\":[{\"@type\":\"ReadAction\",\"target\":[\"https:\\\/\\\/rawchemicalmart.com\\\/product\\\/polyvinyl-alcohol-pva-1788\\\/\"]}]},{\"@type\":\"ImageObject\",\"inLanguage\":\"fr-FR\",\"@id\":\"https:\\\/\\\/rawchemicalmart.com\\\/product\\\/polyvinyl-alcohol-pva-1788\\\/#primaryimage\",\"url\":\"https:\\\/\\\/rawchemicalmart.com\\\/wp-content\\\/uploads\\\/2026\\\/01\\\/polyvinyl_alcohol_1788_.jpg\",\"contentUrl\":\"https:\\\/\\\/rawchemicalmart.com\\\/wp-content\\\/uploads\\\/2026\\\/01\\\/polyvinyl_alcohol_1788_.jpg\",\"width\":800,\"height\":800},{\"@type\":\"BreadcrumbList\",\"@id\":\"https:\\\/\\\/rawchemicalmart.com\\\/product\\\/polyvinyl-alcohol-pva-1788\\\/#breadcrumb\",\"itemListElement\":[{\"@type\":\"ListItem\",\"position\":1,\"name\":\"Home\",\"item\":\"https:\\\/\\\/rawchemicalmart.com\\\/\"},{\"@type\":\"ListItem\",\"position\":2,\"name\":\"Products\",\"item\":\"https:\\\/\\\/rawchemicalmart.com\\\/shop\\\/\"},{\"@type\":\"ListItem\",\"position\":3,\"name\":\"Polyvinyl Alcohol (PVA) 17-88 \\\/ PVA 088-20\"}]},{\"@type\":\"WebSite\",\"@id\":\"https:\\\/\\\/rawchemicalmart.com\\\/#website\",\"url\":\"https:\\\/\\\/rawchemicalmart.com\\\/\",\"name\":\"rawchemicalmart.com\",\"description\":\"Leading Raw Chemicals Supplier\",\"potentialAction\":[{\"@type\":\"SearchAction\",\"target\":{\"@type\":\"EntryPoint\",\"urlTemplate\":\"https:\\\/\\\/rawchemicalmart.com\\\/?s={search_term_string}\"},\"query-input\":{\"@type\":\"PropertyValueSpecification\",\"valueRequired\":true,\"valueName\":\"search_term_string\"}}],\"inLanguage\":\"fr-FR\"}]}<\/script>\n<!-- \/ Yoast SEO plugin. -->","yoast_head_json":{"title":"Alcool polyvinylique (PVA) 17-88 | Fabricant et fournisseur - RawChemicalMart","description":"Achetez de l&#039;alcool polyvinylique 1788 (PVA 088-20) de haute qualit\u00e9 chez RawChemicalMart. Grade partiellement hydrolys\u00e9 avec un degr\u00e9 d&#039;alcoolyse de 86 \u00e0 90 mol\/L. Id\u00e9al pour les adh\u00e9sifs, le traitement du papier et les mat\u00e9riaux de construction. Consultez la fiche technique et les sp\u00e9cifications.","robots":{"index":"index","follow":"follow","max-snippet":"max-snippet:-1","max-image-preview":"max-image-preview:large","max-video-preview":"max-video-preview:-1"},"canonical":"https:\/\/rawchemicalmart.com\/fr\/produit\/alcool-polyvinylique-pva-1788\/","og_locale":"fr_FR","og_type":"article","og_title":"Polyvinyl Alcohol (PVA) 17-88 | Manufacturer & Supplier - RawChemicalMart","og_description":"Buy high-quality Polyvinyl Alcohol 1788 (PVA 088-20) from RawChemicalMart. Partially hydrolyzed grade with 86-90 mol% alcoholysis. Ideal for adhesives, paper processing, and building materials. View TDS & Specifications.","og_url":"https:\/\/rawchemicalmart.com\/fr\/produit\/alcool-polyvinylique-pva-1788\/","og_site_name":"rawchemicalmart.com","article_modified_time":"2026-01-23T06:43:52+00:00","og_image":[{"width":800,"height":800,"url":"https:\/\/rawchemicalmart.com\/wp-content\/uploads\/2026\/01\/polyvinyl_alcohol_1788_.jpg","type":"image\/jpeg"}],"twitter_card":"summary_large_image","twitter_misc":{"Dur\u00e9e de lecture estim\u00e9e":"2 minutes"},"schema":{"@context":"https:\/\/schema.org","@graph":[{"@type":"WebPage","@id":"https:\/\/rawchemicalmart.com\/product\/polyvinyl-alcohol-pva-1788\/","url":"https:\/\/rawchemicalmart.com\/product\/polyvinyl-alcohol-pva-1788\/","name":"Alcool polyvinylique (PVA) 17-88 | Fabricant et fournisseur - RawChemicalMart","isPartOf":{"@id":"https:\/\/rawchemicalmart.com\/#website"},"primaryImageOfPage":{"@id":"https:\/\/rawchemicalmart.com\/product\/polyvinyl-alcohol-pva-1788\/#primaryimage"},"image":{"@id":"https:\/\/rawchemicalmart.com\/product\/polyvinyl-alcohol-pva-1788\/#primaryimage"},"thumbnailUrl":"https:\/\/rawchemicalmart.com\/wp-content\/uploads\/2026\/01\/polyvinyl_alcohol_1788_.jpg","datePublished":"2026-01-21T13:04:19+00:00","dateModified":"2026-01-23T06:43:52+00:00","description":"Achetez de l&#039;alcool polyvinylique 1788 (PVA 088-20) de haute qualit\u00e9 chez RawChemicalMart. Grade partiellement hydrolys\u00e9 avec un degr\u00e9 d&#039;alcoolyse de 86 \u00e0 90 mol\/L. Id\u00e9al pour les adh\u00e9sifs, le traitement du papier et les mat\u00e9riaux de construction. Consultez la fiche technique et les sp\u00e9cifications.","breadcrumb":{"@id":"https:\/\/rawchemicalmart.com\/product\/polyvinyl-alcohol-pva-1788\/#breadcrumb"},"inLanguage":"fr-FR","potentialAction":[{"@type":"ReadAction","target":["https:\/\/rawchemicalmart.com\/product\/polyvinyl-alcohol-pva-1788\/"]}]},{"@type":"ImageObject","inLanguage":"fr-FR","@id":"https:\/\/rawchemicalmart.com\/product\/polyvinyl-alcohol-pva-1788\/#primaryimage","url":"https:\/\/rawchemicalmart.com\/wp-content\/uploads\/2026\/01\/polyvinyl_alcohol_1788_.jpg","contentUrl":"https:\/\/rawchemicalmart.com\/wp-content\/uploads\/2026\/01\/polyvinyl_alcohol_1788_.jpg","width":800,"height":800},{"@type":"BreadcrumbList","@id":"https:\/\/rawchemicalmart.com\/product\/polyvinyl-alcohol-pva-1788\/#breadcrumb","itemListElement":[{"@type":"ListItem","position":1,"name":"Home","item":"https:\/\/rawchemicalmart.com\/"},{"@type":"ListItem","position":2,"name":"Products","item":"https:\/\/rawchemicalmart.com\/shop\/"},{"@type":"ListItem","position":3,"name":"Polyvinyl Alcohol (PVA) 17-88 \/ PVA 088-20"}]},{"@type":"WebSite","@id":"https:\/\/rawchemicalmart.com\/#website","url":"https:\/\/rawchemicalmart.com\/","name":"rawchemicalmart.com","description":"Fournisseur leader de produits chimiques bruts","potentialAction":[{"@type":"SearchAction","target":{"@type":"EntryPoint","urlTemplate":"https:\/\/rawchemicalmart.com\/?s={search_term_string}"},"query-input":{"@type":"PropertyValueSpecification","valueRequired":true,"valueName":"search_term_string"}}],"inLanguage":"fr-FR"}]}},"_links":{"self":[{"href":"https:\/\/rawchemicalmart.com\/fr\/wp-json\/wp\/v2\/product\/12104","targetHints":{"allow":["GET"]}}],"collection":[{"href":"https:\/\/rawchemicalmart.com\/fr\/wp-json\/wp\/v2\/product"}],"about":[{"href":"https:\/\/rawchemicalmart.com\/fr\/wp-json\/wp\/v2\/types\/product"}],"wp:featuredmedia":[{"embeddable":true,"href":"https:\/\/rawchemicalmart.com\/fr\/wp-json\/wp\/v2\/media\/12113"}],"wp:attachment":[{"href":"https:\/\/rawchemicalmart.com\/fr\/wp-json\/wp\/v2\/media?parent=12104"}],"wp:term":[{"taxonomy":"product_brand","embeddable":true,"href":"https:\/\/rawchemicalmart.com\/fr\/wp-json\/wp\/v2\/product_brand?post=12104"},{"taxonomy":"product_cat","embeddable":true,"href":"https:\/\/rawchemicalmart.com\/fr\/wp-json\/wp\/v2\/product_cat?post=12104"},{"taxonomy":"product_tag","embeddable":true,"href":"https:\/\/rawchemicalmart.com\/fr\/wp-json\/wp\/v2\/product_tag?post=12104"}],"curies":[{"name":"wp","href":"https:\/\/api.w.org\/{rel}","templated":true}]}}