{"id":12076,"date":"2025-06-12T01:54:01","date_gmt":"2025-06-12T01:54:01","guid":{"rendered":"https:\/\/rawchemicalmart.com\/?post_type=product&#038;p=12076"},"modified":"2026-01-23T08:56:47","modified_gmt":"2026-01-23T08:56:47","slug":"hydroxypropylmethylcellulose-hpmc","status":"publish","type":"product","link":"https:\/\/rawchemicalmart.com\/fr\/produit\/hydroxypropylmethylcellulose-hpmc\/","title":{"rendered":"Hydroxypropylm\u00e9thylcellulose HPMC"},"content":{"rendered":"<h2>Caract\u00e9ristiques:<\/h2>\n<div class=\"table-scroll-wrapper\">\n<table id=\"tablepress-93\" class=\"tablepress tablepress-id-93\">\n<thead>\n<tr class=\"row-1\">\n\t<th class=\"column-1\">Apparence:<\/th><th class=\"column-2\">poudre blanche fluide<\/th>\n<\/tr>\n<\/thead>\n<tbody class=\"row-striping row-hover\">\n<tr class=\"row-2\">\n\t<td class=\"column-1\">Masse volumique apparente :<\/td><td class=\"column-2\">17~35 (0,5~0,6) (lb\/ft 3) (g\/cm 3 )<\/td>\n<\/tr>\n<tr class=\"row-3\">\n\t<td class=\"column-1\">Teneur en m\u00e9thyle :<\/td><td class=\"column-2\">19.0-30.0 (%)<\/td>\n<\/tr>\n<tr class=\"row-4\">\n\t<td class=\"column-1\">Teneur en hydroxypropyloxy :<\/td><td class=\"column-2\">4.0-12.0 (%)<\/td>\n<\/tr>\n<tr class=\"row-5\">\n\t<td class=\"column-1\">Humidit\u00e9:<\/td><td class=\"column-2\">\u22645.0<\/td>\n<\/tr>\n<tr class=\"row-6\">\n\t<td class=\"column-1\">Valeur du pH\u00a0:<\/td><td class=\"column-2\">5.0-8.0<\/td>\n<\/tr>\n<tr class=\"row-7\">\n\t<td class=\"column-1\">Teneur en cendres :<\/td><td class=\"column-2\">\u22640,5<\/td>\n<\/tr>\n<tr class=\"row-8\">\n\t<td class=\"column-1\">R\u00e9sidus apr\u00e8s allumage\u00a0:<\/td><td class=\"column-2\">\u22645,0 (%)<\/td>\n<\/tr>\n<tr class=\"row-9\">\n\t<td class=\"column-1\">Temp\u00e9rature de g\u00e9lification :<\/td><td class=\"column-2\">65-75 (\u2103)<\/td>\n<\/tr>\n<tr class=\"row-10\">\n\t<td class=\"column-1\">Viscosit\u00e9 (20\u2103, solution 2%, mPa.s, rotors NDJ-1,4 6 tr\/min) :<\/td><td class=\"column-2\">3000~200000<\/td>\n<\/tr>\n<\/tbody>\n<\/table>\n<!-- #tablepress-93 from cache --><\/div>\n<h2>Applications :<\/h2>\n<div>\n<p>L&#039;hydroxypropylm\u00e9thylcellulose (HPMC) trouve des applications dans des secteurs tels que les mat\u00e9riaux de construction, les rev\u00eatements, les r\u00e9sines synth\u00e9tiques, la c\u00e9ramique, le textile, l&#039;agriculture et le tabac, ainsi que dans des produits de consommation courante comme les d\u00e9tergents, les savons liquides pour les mains et les savons classiques.<\/p>\n<ul>\n<li>Utilis\u00e9 pour le mortier d&#039;isolation thermique, l&#039;adh\u00e9sif pour carreaux de c\u00e9ramique, l&#039;agent de jointoiement, le stuc, le pl\u00e2tre, etc. ;<\/li>\n<li>En tant qu&#039;agent \u00e9paississant, agent dispersant et stabilisant pour peinture et encre ;<\/li>\n<li>Agent de d\u00e9moulage, assouplissant, lubrifiant pour moules de formage plastique ;<\/li>\n<li>Produits secondaires du ciment et du gypse ;<\/li>\n<li>\u00a0Mati\u00e8res premi\u00e8res pour shampoing et d\u00e9tergent.<\/li>\n<\/ul>\n<h2>Emballage:<\/h2>\n<p>Dans un sac tiss\u00e9 en plastique perl\u00e9 de 25 kg, int\u00e9rieur avec un sac en plastique \u00e9paissi.<\/p>\n<h2><strong><b>Produit<\/b><\/strong>\u00a0<strong><b>Stockage:<\/b><\/strong><\/h2>\n<p>Conserver dans un endroit frais, sec et propre, dans son emballage d&#039;origine et \u00e0 l&#039;abri de la lumi\u00e8re directe du soleil. Une fois ouvert, utiliser le produit rapidement pour \u00e9viter l&#039;absorption d&#039;humidit\u00e9. Bien refermer le sac si l&#039;on ne l&#039;utilise pas pendant une p\u00e9riode prolong\u00e9e.<\/p>\n<h2><strong><b>S\u00e9curit\u00e9<\/b><\/strong>\u00a0<strong><b>Pr\u00e9cautions:<\/b><\/strong><\/h2>\n<p>En cas de contact avec les yeux, rincer imm\u00e9diatement. En cas de contact avec la peau, nettoyer apr\u00e8s usage.<\/p>\n<\/div>","protected":false},"excerpt":{"rendered":"<p class=\"tmnf_excerpt\">L&#039;hydroxypropylm\u00e9thylcellulose (HPMC) est un \u00e9ther de cellulose non ionique issu du coton raffin\u00e9, un polym\u00e8re naturel, apr\u00e8s une s\u00e9rie de traitements chimiques. L&#039;HPMC se pr\u00e9sente sous forme de poudre inodore, insipide, non toxique et auto-colorante. Soluble dans l&#039;eau froide, elle forme une solution transparente et visqueuse et poss\u00e8de des propri\u00e9t\u00e9s \u00e9paississantes, adh\u00e9sives, dispersantes, \u00e9mulsifiantes, filmog\u00e8nes, suspensives, adsorbantes, g\u00e9lifiantes, tensioactives, hydratantes et protectrices.\n<\/p>","protected":false},"featured_media":11025,"template":"","meta":{"_acf_changed":false},"product_brand":[],"product_cat":[68],"product_tag":[],"class_list":{"0":"post-12076","1":"product","2":"type-product","3":"status-publish","4":"has-post-thumbnail","6":"product_cat-construction","8":"first","9":"instock","10":"shipping-taxable","11":"product-type-simple"},"acf":[],"yoast_head":"<!-- This site is optimized with the Yoast SEO plugin v27.4 - https:\/\/yoast.com\/product\/yoast-seo-wordpress\/ -->\n<title>Hydroxypropyl methyl cellulose HPMC - rawchemicalmart.com<\/title>\n<meta name=\"robots\" content=\"index, follow, max-snippet:-1, max-image-preview:large, max-video-preview:-1\" \/>\n<link rel=\"canonical\" href=\"https:\/\/rawchemicalmart.com\/fr\/produit\/hydroxypropylmethylcellulose-hpmc\/\" \/>\n<meta property=\"og:locale\" content=\"fr_FR\" \/>\n<meta property=\"og:type\" content=\"article\" \/>\n<meta property=\"og:title\" content=\"Hydroxypropyl methyl cellulose HPMC - rawchemicalmart.com\" \/>\n<meta property=\"og:description\" content=\"Hydroxypropyl methyl cellulose (HPMC) is a non-ionic cellulose ether made from natural polymer material - refined cotton, after a series of chemical processing. Hydroxypropyl methylcellulose (HPMC) is an odorless, tasteless, nontoxic, self-coloring powder. It is soluble in cold water to form a transparent and viscous solution, and has the properties of thickening, adhesion, dispersion, emulsification, film formation, suspension, adsorption, gelation, surface activity, moisturizing and protective colloid.\" \/>\n<meta property=\"og:url\" content=\"https:\/\/rawchemicalmart.com\/fr\/produit\/hydroxypropylmethylcellulose-hpmc\/\" \/>\n<meta property=\"og:site_name\" content=\"rawchemicalmart.com\" \/>\n<meta property=\"article:modified_time\" content=\"2026-01-23T08:56:47+00:00\" \/>\n<meta property=\"og:image\" content=\"https:\/\/rawchemicalmart.com\/wp-content\/uploads\/2025\/05\/HPMC-2025-01-13_3.png\" \/>\n\t<meta property=\"og:image:width\" content=\"800\" \/>\n\t<meta property=\"og:image:height\" content=\"800\" \/>\n\t<meta property=\"og:image:type\" content=\"image\/png\" \/>\n<meta name=\"twitter:card\" content=\"summary_large_image\" \/>\n<meta name=\"twitter:label1\" content=\"Dur\u00e9e de lecture estim\u00e9e\" \/>\n\t<meta name=\"twitter:data1\" content=\"1 minute\" \/>\n<script type=\"application\/ld+json\" class=\"yoast-schema-graph\">{\"@context\":\"https:\\\/\\\/schema.org\",\"@graph\":[{\"@type\":\"WebPage\",\"@id\":\"https:\\\/\\\/rawchemicalmart.com\\\/product\\\/hydroxypropyl-methyl-cellulose-hpmc\\\/\",\"url\":\"https:\\\/\\\/rawchemicalmart.com\\\/product\\\/hydroxypropyl-methyl-cellulose-hpmc\\\/\",\"name\":\"Hydroxypropyl methyl cellulose HPMC - rawchemicalmart.com\",\"isPartOf\":{\"@id\":\"https:\\\/\\\/rawchemicalmart.com\\\/#website\"},\"primaryImageOfPage\":{\"@id\":\"https:\\\/\\\/rawchemicalmart.com\\\/product\\\/hydroxypropyl-methyl-cellulose-hpmc\\\/#primaryimage\"},\"image\":{\"@id\":\"https:\\\/\\\/rawchemicalmart.com\\\/product\\\/hydroxypropyl-methyl-cellulose-hpmc\\\/#primaryimage\"},\"thumbnailUrl\":\"https:\\\/\\\/rawchemicalmart.com\\\/wp-content\\\/uploads\\\/2025\\\/05\\\/HPMC-2025-01-13_3.png\",\"datePublished\":\"2025-06-12T01:54:01+00:00\",\"dateModified\":\"2026-01-23T08:56:47+00:00\",\"breadcrumb\":{\"@id\":\"https:\\\/\\\/rawchemicalmart.com\\\/product\\\/hydroxypropyl-methyl-cellulose-hpmc\\\/#breadcrumb\"},\"inLanguage\":\"fr-FR\",\"potentialAction\":[{\"@type\":\"ReadAction\",\"target\":[\"https:\\\/\\\/rawchemicalmart.com\\\/product\\\/hydroxypropyl-methyl-cellulose-hpmc\\\/\"]}]},{\"@type\":\"ImageObject\",\"inLanguage\":\"fr-FR\",\"@id\":\"https:\\\/\\\/rawchemicalmart.com\\\/product\\\/hydroxypropyl-methyl-cellulose-hpmc\\\/#primaryimage\",\"url\":\"https:\\\/\\\/rawchemicalmart.com\\\/wp-content\\\/uploads\\\/2025\\\/05\\\/HPMC-2025-01-13_3.png\",\"contentUrl\":\"https:\\\/\\\/rawchemicalmart.com\\\/wp-content\\\/uploads\\\/2025\\\/05\\\/HPMC-2025-01-13_3.png\",\"width\":800,\"height\":800},{\"@type\":\"BreadcrumbList\",\"@id\":\"https:\\\/\\\/rawchemicalmart.com\\\/product\\\/hydroxypropyl-methyl-cellulose-hpmc\\\/#breadcrumb\",\"itemListElement\":[{\"@type\":\"ListItem\",\"position\":1,\"name\":\"Home\",\"item\":\"https:\\\/\\\/rawchemicalmart.com\\\/\"},{\"@type\":\"ListItem\",\"position\":2,\"name\":\"Products\",\"item\":\"https:\\\/\\\/rawchemicalmart.com\\\/shop\\\/\"},{\"@type\":\"ListItem\",\"position\":3,\"name\":\"Hydroxypropyl methyl cellulose HPMC\"}]},{\"@type\":\"WebSite\",\"@id\":\"https:\\\/\\\/rawchemicalmart.com\\\/#website\",\"url\":\"https:\\\/\\\/rawchemicalmart.com\\\/\",\"name\":\"rawchemicalmart.com\",\"description\":\"Leading Raw Chemicals Supplier\",\"potentialAction\":[{\"@type\":\"SearchAction\",\"target\":{\"@type\":\"EntryPoint\",\"urlTemplate\":\"https:\\\/\\\/rawchemicalmart.com\\\/?s={search_term_string}\"},\"query-input\":{\"@type\":\"PropertyValueSpecification\",\"valueRequired\":true,\"valueName\":\"search_term_string\"}}],\"inLanguage\":\"fr-FR\"}]}<\/script>\n<!-- \/ Yoast SEO plugin. -->","yoast_head_json":{"title":"Hydroxypropylm\u00e9thylcellulose (HPMC) - rawchemicalmart.com","robots":{"index":"index","follow":"follow","max-snippet":"max-snippet:-1","max-image-preview":"max-image-preview:large","max-video-preview":"max-video-preview:-1"},"canonical":"https:\/\/rawchemicalmart.com\/fr\/produit\/hydroxypropylmethylcellulose-hpmc\/","og_locale":"fr_FR","og_type":"article","og_title":"Hydroxypropyl methyl cellulose HPMC - rawchemicalmart.com","og_description":"Hydroxypropyl methyl cellulose (HPMC) is a non-ionic cellulose ether made from natural polymer material - refined cotton, after a series of chemical processing. Hydroxypropyl methylcellulose (HPMC) is an odorless, tasteless, nontoxic, self-coloring powder. It is soluble in cold water to form a transparent and viscous solution, and has the properties of thickening, adhesion, dispersion, emulsification, film formation, suspension, adsorption, gelation, surface activity, moisturizing and protective colloid.","og_url":"https:\/\/rawchemicalmart.com\/fr\/produit\/hydroxypropylmethylcellulose-hpmc\/","og_site_name":"rawchemicalmart.com","article_modified_time":"2026-01-23T08:56:47+00:00","og_image":[{"width":800,"height":800,"url":"https:\/\/rawchemicalmart.com\/wp-content\/uploads\/2025\/05\/HPMC-2025-01-13_3.png","type":"image\/png"}],"twitter_card":"summary_large_image","twitter_misc":{"Dur\u00e9e de lecture estim\u00e9e":"1 minute"},"schema":{"@context":"https:\/\/schema.org","@graph":[{"@type":"WebPage","@id":"https:\/\/rawchemicalmart.com\/product\/hydroxypropyl-methyl-cellulose-hpmc\/","url":"https:\/\/rawchemicalmart.com\/product\/hydroxypropyl-methyl-cellulose-hpmc\/","name":"Hydroxypropylm\u00e9thylcellulose (HPMC) - rawchemicalmart.com","isPartOf":{"@id":"https:\/\/rawchemicalmart.com\/#website"},"primaryImageOfPage":{"@id":"https:\/\/rawchemicalmart.com\/product\/hydroxypropyl-methyl-cellulose-hpmc\/#primaryimage"},"image":{"@id":"https:\/\/rawchemicalmart.com\/product\/hydroxypropyl-methyl-cellulose-hpmc\/#primaryimage"},"thumbnailUrl":"https:\/\/rawchemicalmart.com\/wp-content\/uploads\/2025\/05\/HPMC-2025-01-13_3.png","datePublished":"2025-06-12T01:54:01+00:00","dateModified":"2026-01-23T08:56:47+00:00","breadcrumb":{"@id":"https:\/\/rawchemicalmart.com\/product\/hydroxypropyl-methyl-cellulose-hpmc\/#breadcrumb"},"inLanguage":"fr-FR","potentialAction":[{"@type":"ReadAction","target":["https:\/\/rawchemicalmart.com\/product\/hydroxypropyl-methyl-cellulose-hpmc\/"]}]},{"@type":"ImageObject","inLanguage":"fr-FR","@id":"https:\/\/rawchemicalmart.com\/product\/hydroxypropyl-methyl-cellulose-hpmc\/#primaryimage","url":"https:\/\/rawchemicalmart.com\/wp-content\/uploads\/2025\/05\/HPMC-2025-01-13_3.png","contentUrl":"https:\/\/rawchemicalmart.com\/wp-content\/uploads\/2025\/05\/HPMC-2025-01-13_3.png","width":800,"height":800},{"@type":"BreadcrumbList","@id":"https:\/\/rawchemicalmart.com\/product\/hydroxypropyl-methyl-cellulose-hpmc\/#breadcrumb","itemListElement":[{"@type":"ListItem","position":1,"name":"Home","item":"https:\/\/rawchemicalmart.com\/"},{"@type":"ListItem","position":2,"name":"Products","item":"https:\/\/rawchemicalmart.com\/shop\/"},{"@type":"ListItem","position":3,"name":"Hydroxypropyl methyl cellulose HPMC"}]},{"@type":"WebSite","@id":"https:\/\/rawchemicalmart.com\/#website","url":"https:\/\/rawchemicalmart.com\/","name":"rawchemicalmart.com","description":"Fournisseur leader de produits chimiques bruts","potentialAction":[{"@type":"SearchAction","target":{"@type":"EntryPoint","urlTemplate":"https:\/\/rawchemicalmart.com\/?s={search_term_string}"},"query-input":{"@type":"PropertyValueSpecification","valueRequired":true,"valueName":"search_term_string"}}],"inLanguage":"fr-FR"}]}},"_links":{"self":[{"href":"https:\/\/rawchemicalmart.com\/fr\/wp-json\/wp\/v2\/product\/12076","targetHints":{"allow":["GET"]}}],"collection":[{"href":"https:\/\/rawchemicalmart.com\/fr\/wp-json\/wp\/v2\/product"}],"about":[{"href":"https:\/\/rawchemicalmart.com\/fr\/wp-json\/wp\/v2\/types\/product"}],"wp:featuredmedia":[{"embeddable":true,"href":"https:\/\/rawchemicalmart.com\/fr\/wp-json\/wp\/v2\/media\/11025"}],"wp:attachment":[{"href":"https:\/\/rawchemicalmart.com\/fr\/wp-json\/wp\/v2\/media?parent=12076"}],"wp:term":[{"taxonomy":"product_brand","embeddable":true,"href":"https:\/\/rawchemicalmart.com\/fr\/wp-json\/wp\/v2\/product_brand?post=12076"},{"taxonomy":"product_cat","embeddable":true,"href":"https:\/\/rawchemicalmart.com\/fr\/wp-json\/wp\/v2\/product_cat?post=12076"},{"taxonomy":"product_tag","embeddable":true,"href":"https:\/\/rawchemicalmart.com\/fr\/wp-json\/wp\/v2\/product_tag?post=12076"}],"curies":[{"name":"wp","href":"https:\/\/api.w.org\/{rel}","templated":true}]}}