{"id":11970,"date":"2025-06-06T01:38:07","date_gmt":"2025-06-06T01:38:07","guid":{"rendered":"https:\/\/rawchemicalmart.com\/?post_type=product&#038;p=11970"},"modified":"2026-01-23T08:17:56","modified_gmt":"2026-01-23T08:17:56","slug":"alcool-polyvinylique-de-tilamon","status":"publish","type":"product","link":"https:\/\/rawchemicalmart.com\/fr\/produit\/alcool-polyvinylique-de-tilamon\/","title":{"rendered":"Alcool polyvinylique de tilamon"},"content":{"rendered":"<h2>Caract\u00e9ristiques:<\/h2>\n<div class=\"table-scroll-wrapper\">\n<table id=\"tablepress-91\" class=\"tablepress tablepress-id-91\">\n<thead>\n<tr class=\"row-1\">\n\t<th class=\"column-1\">Grade<\/th><th class=\"column-2\">Viscosit\u00e9<br \/>\n(mpa.s)<\/th><th class=\"column-3\">Dipl\u00f4me d&#039;alcoolyse <br \/>\n%(mol)<\/th><th class=\"column-4\">Volatil<br \/>\n(%)<\/th><th class=\"column-5\">Puret\u00e9<br \/>\n(%)<\/th><th class=\"column-6\">Cendre<br \/>\n(%)<\/th>\n<\/tr>\n<\/thead>\n<tbody class=\"row-striping row-hover\">\n<tr class=\"row-2\">\n\t<td class=\"column-1\">PVA-2688<\/td><td class=\"column-2\">65-75<\/td><td class=\"column-3\">86.0-90.0<\/td><td class=\"column-4\">\u22647<\/td><td class=\"column-5\">\u226594<\/td><td class=\"column-6\">\u22640,5<\/td>\n<\/tr>\n<tr class=\"row-3\">\n\t<td class=\"column-1\">PVA-2699<\/td><td class=\"column-2\">60-75<\/td><td class=\"column-3\">98.0-100<\/td><td class=\"column-4\">\u22645<\/td><td class=\"column-5\">\u226594<\/td><td class=\"column-6\">\u22640,7<\/td>\n<\/tr>\n<tr class=\"row-4\">\n\t<td class=\"column-1\">PVA-2499<\/td><td class=\"column-2\">48-60<\/td><td class=\"column-3\">98.0-100<\/td><td class=\"column-4\">\u22645<\/td><td class=\"column-5\">\u226594<\/td><td class=\"column-6\">\u22640,7<\/td>\n<\/tr>\n<tr class=\"row-5\">\n\t<td class=\"column-1\">PVA-2488<\/td><td class=\"column-2\">40-55<\/td><td class=\"column-3\">86.0-90.0<\/td><td class=\"column-4\">\u22645<\/td><td class=\"column-5\">\u226594<\/td><td class=\"column-6\">\u22640,7<\/td>\n<\/tr>\n<tr class=\"row-6\">\n\t<td class=\"column-1\">PVA-2099<\/td><td class=\"column-2\">32-40<\/td><td class=\"column-3\">98.0-100<\/td><td class=\"column-4\">\u22645<\/td><td class=\"column-5\">\u226594<\/td><td class=\"column-6\">\u22640,7<\/td>\n<\/tr>\n<tr class=\"row-7\">\n\t<td class=\"column-1\">PVA-2088<\/td><td class=\"column-2\">28-40<\/td><td class=\"column-3\">86.0-90.0<\/td><td class=\"column-4\">\u22645<\/td><td class=\"column-5\">\u226594<\/td><td class=\"column-6\">\u22640,7<\/td>\n<\/tr>\n<tr class=\"row-8\">\n\t<td class=\"column-1\">PVA-1799<\/td><td class=\"column-2\">28-40<\/td><td class=\"column-3\">98.0-100<\/td><td class=\"column-4\">\u22645<\/td><td class=\"column-5\">\u226594<\/td><td class=\"column-6\">\u22640,7<\/td>\n<\/tr>\n<tr class=\"row-9\">\n\t<td class=\"column-1\">PVA-1788<\/td><td class=\"column-2\">20-26<\/td><td class=\"column-3\">86.0-90.0<\/td><td class=\"column-4\">\u22645<\/td><td class=\"column-5\">\u226594<\/td><td class=\"column-6\">\u22640,7<\/td>\n<\/tr>\n<tr class=\"row-10\">\n\t<td class=\"column-1\">PVA-0599<\/td><td class=\"column-2\">5-6<\/td><td class=\"column-3\">98.0-100<\/td><td class=\"column-4\">\u22645<\/td><td class=\"column-5\">\u226594<\/td><td class=\"column-6\">\u22640,7<\/td>\n<\/tr>\n<tr class=\"row-11\">\n\t<td class=\"column-1\">PVA-0588<\/td><td class=\"column-2\">5-6<\/td><td class=\"column-3\">86.0-90.0<\/td><td class=\"column-4\">\u22645<\/td><td class=\"column-5\">\u226594<\/td><td class=\"column-6\">\u22640,7<\/td>\n<\/tr>\n<\/tbody>\n<\/table>\n<!-- #tablepress-91 from cache --><\/div>\n<h2>Caract\u00e9ristiques:<\/h2>\n<ul>\n<li><strong>Solubilit\u00e9 dans l&#039;eau<\/strong>\u00a0\u2013 Se dissout dans l\u2019eau chaude (ou l\u2019eau froide pour les grades \u00e0 faible degr\u00e9 d\u2019hydrolyse).<\/li>\n<li><strong>Excellente capacit\u00e9 filmog\u00e8ne<\/strong>\u00a0\u2013 Produit des films r\u00e9sistants, flexibles et transparents.<\/li>\n<li><strong>Haute adh\u00e9rence<\/strong>\u00a0\u2013 Adh\u00e8re bien aux mat\u00e9riaux poreux comme le papier, le bois et les textiles.<\/li>\n<li><strong>Compatibilit\u00e9<\/strong>\u00a0\u2013 Se m\u00e9lange bien avec l\u2019amidon, les gommes et autres polym\u00e8res pour des performances am\u00e9lior\u00e9es.<\/li>\n<li><strong>Applications polyvalentes<\/strong>\u00a0\u2013 Utilis\u00e9 dans les adh\u00e9sifs, les textiles, l\u2019emballage, le m\u00e9dical, la construction et l\u2019impression 3D.<\/li>\n<\/ul>\n<h2>Stockage:<\/h2>\n<p>L&#039;alcool polyvinylique (PVA) doit \u00eatre stock\u00e9 dans un endroit frais, sec et bien ventil\u00e9, \u00e0 une temp\u00e9rature de pr\u00e9f\u00e9rence inf\u00e9rieure \u00e0 30 \u00b0C (86 \u00b0F) et \u00e0 une humidit\u00e9 relative maintenue sous la norme 65% afin d&#039;\u00e9viter l&#039;absorption d&#039;humidit\u00e9 et l&#039;agglom\u00e9ration. Le produit doit \u00eatre conserv\u00e9 dans son emballage d&#039;origine herm\u00e9tiquement ferm\u00e9 ou transf\u00e9r\u00e9 dans des contenants herm\u00e9tiques et \u00e9tanches \u00e0 l&#039;humidit\u00e9 pour le prot\u00e9ger de l&#039;humidit\u00e9 atmosph\u00e9rique.<\/p>\n<h2>Emballer:<\/h2>\n<p>Sac composite papier et plastique de 25 kg.<\/p>\n<p>&nbsp;<\/p>\n<p>&nbsp;<\/p>","protected":false},"excerpt":{"rendered":"<p class=\"tmnf_excerpt\">Polyvinyl Alcohol (PVA) is a water-soluble synthetic polymer derived from the hydrolysis or alcoholysis of polyvinyl acetate (PVAc). Its structure consists of a carbon backbone with hydroxyl (\u2013OH) groups, providing excellent film-forming, adhesive, and hydrophilic properties.\u00a0 Key characteristics include solubility in hot water, strong adhesion, and flexibility. It is widely used in adhesives, textiles (sizing agent), packaging films, construction materials, etc. PVA\u2019s versatility and eco-friendliness make it essential in industrial and consumer applications.\nTilamon\u2122 PVA\u00a0is committed to becoming the most sought-after PVA grade in the market by optimizing production processes and enhancing efficiency\u2014all while ensuring consistent quality and competitive pricing. Through continuous improvement and innovation, Tilamon strives to deliver\u00a0high&#8211;cost-performance\u00a0PVA products that meet diverse industry needs.\n<\/p>","protected":false},"featured_media":11034,"template":"","meta":{"_acf_changed":false},"product_brand":[],"product_cat":[58],"product_tag":[],"class_list":{"0":"post-11970","1":"product","2":"type-product","3":"status-publish","4":"has-post-thumbnail","6":"product_cat-polyvinyl-alcohol-pva","8":"first","9":"instock","10":"shipping-taxable","11":"product-type-simple"},"acf":[],"yoast_head":"<!-- This site is optimized with the Yoast SEO plugin v27.4 - https:\/\/yoast.com\/product\/yoast-seo-wordpress\/ -->\n<title>Tilamon Polyvinyl Alcohol - rawchemicalmart.com<\/title>\n<meta name=\"robots\" content=\"index, follow, max-snippet:-1, max-image-preview:large, max-video-preview:-1\" \/>\n<link rel=\"canonical\" href=\"https:\/\/rawchemicalmart.com\/fr\/produit\/alcool-polyvinylique-de-tilamon\/\" \/>\n<meta property=\"og:locale\" content=\"fr_FR\" \/>\n<meta property=\"og:type\" content=\"article\" \/>\n<meta property=\"og:title\" content=\"Tilamon Polyvinyl Alcohol - rawchemicalmart.com\" \/>\n<meta property=\"og:description\" content=\"Polyvinyl Alcohol (PVA) is a water-soluble synthetic polymer derived from the hydrolysis or alcoholysis of polyvinyl acetate (PVAc). Its structure consists of a carbon backbone with hydroxyl (\u2013OH) groups, providing excellent film-forming, adhesive, and hydrophilic properties.\u00a0 Key characteristics include solubility in hot water, strong adhesion, and flexibility. It is widely used in adhesives, textiles (sizing agent), packaging films, construction materials, etc. PVA\u2019s versatility and eco-friendliness make it essential in industrial and consumer applications. Tilamon\u2122 PVA\u00a0is committed to becoming the most sought-after PVA grade in the market by optimizing production processes and enhancing efficiency\u2014all while ensuring consistent quality and competitive pricing. Through continuous improvement and innovation, Tilamon strives to deliver\u00a0high-cost-performance\u00a0PVA products that meet diverse industry needs.\" \/>\n<meta property=\"og:url\" content=\"https:\/\/rawchemicalmart.com\/fr\/produit\/alcool-polyvinylique-de-tilamon\/\" \/>\n<meta property=\"og:site_name\" content=\"rawchemicalmart.com\" \/>\n<meta property=\"article:modified_time\" content=\"2026-01-23T08:17:56+00:00\" \/>\n<meta property=\"og:image\" content=\"https:\/\/rawchemicalmart.com\/wp-content\/uploads\/2025\/05\/CMC-2025-01-14_3.png\" \/>\n\t<meta property=\"og:image:width\" content=\"800\" \/>\n\t<meta property=\"og:image:height\" content=\"800\" \/>\n\t<meta property=\"og:image:type\" content=\"image\/png\" \/>\n<meta name=\"twitter:card\" content=\"summary_large_image\" \/>\n<meta name=\"twitter:label1\" content=\"Dur\u00e9e de lecture estim\u00e9e\" \/>\n\t<meta name=\"twitter:data1\" content=\"1 minute\" \/>\n<script type=\"application\/ld+json\" class=\"yoast-schema-graph\">{\"@context\":\"https:\\\/\\\/schema.org\",\"@graph\":[{\"@type\":\"WebPage\",\"@id\":\"https:\\\/\\\/rawchemicalmart.com\\\/product\\\/tilamon-polyvinyl-alcohol\\\/\",\"url\":\"https:\\\/\\\/rawchemicalmart.com\\\/product\\\/tilamon-polyvinyl-alcohol\\\/\",\"name\":\"Tilamon Polyvinyl Alcohol - rawchemicalmart.com\",\"isPartOf\":{\"@id\":\"https:\\\/\\\/rawchemicalmart.com\\\/#website\"},\"primaryImageOfPage\":{\"@id\":\"https:\\\/\\\/rawchemicalmart.com\\\/product\\\/tilamon-polyvinyl-alcohol\\\/#primaryimage\"},\"image\":{\"@id\":\"https:\\\/\\\/rawchemicalmart.com\\\/product\\\/tilamon-polyvinyl-alcohol\\\/#primaryimage\"},\"thumbnailUrl\":\"https:\\\/\\\/rawchemicalmart.com\\\/wp-content\\\/uploads\\\/2025\\\/05\\\/CMC-2025-01-14_3.png\",\"datePublished\":\"2025-06-06T01:38:07+00:00\",\"dateModified\":\"2026-01-23T08:17:56+00:00\",\"breadcrumb\":{\"@id\":\"https:\\\/\\\/rawchemicalmart.com\\\/product\\\/tilamon-polyvinyl-alcohol\\\/#breadcrumb\"},\"inLanguage\":\"fr-FR\",\"potentialAction\":[{\"@type\":\"ReadAction\",\"target\":[\"https:\\\/\\\/rawchemicalmart.com\\\/product\\\/tilamon-polyvinyl-alcohol\\\/\"]}]},{\"@type\":\"ImageObject\",\"inLanguage\":\"fr-FR\",\"@id\":\"https:\\\/\\\/rawchemicalmart.com\\\/product\\\/tilamon-polyvinyl-alcohol\\\/#primaryimage\",\"url\":\"https:\\\/\\\/rawchemicalmart.com\\\/wp-content\\\/uploads\\\/2025\\\/05\\\/CMC-2025-01-14_3.png\",\"contentUrl\":\"https:\\\/\\\/rawchemicalmart.com\\\/wp-content\\\/uploads\\\/2025\\\/05\\\/CMC-2025-01-14_3.png\",\"width\":800,\"height\":800},{\"@type\":\"BreadcrumbList\",\"@id\":\"https:\\\/\\\/rawchemicalmart.com\\\/product\\\/tilamon-polyvinyl-alcohol\\\/#breadcrumb\",\"itemListElement\":[{\"@type\":\"ListItem\",\"position\":1,\"name\":\"Home\",\"item\":\"https:\\\/\\\/rawchemicalmart.com\\\/\"},{\"@type\":\"ListItem\",\"position\":2,\"name\":\"Products\",\"item\":\"https:\\\/\\\/rawchemicalmart.com\\\/shop\\\/\"},{\"@type\":\"ListItem\",\"position\":3,\"name\":\"Tilamon Polyvinyl Alcohol\"}]},{\"@type\":\"WebSite\",\"@id\":\"https:\\\/\\\/rawchemicalmart.com\\\/#website\",\"url\":\"https:\\\/\\\/rawchemicalmart.com\\\/\",\"name\":\"rawchemicalmart.com\",\"description\":\"Leading Raw Chemicals Supplier\",\"potentialAction\":[{\"@type\":\"SearchAction\",\"target\":{\"@type\":\"EntryPoint\",\"urlTemplate\":\"https:\\\/\\\/rawchemicalmart.com\\\/?s={search_term_string}\"},\"query-input\":{\"@type\":\"PropertyValueSpecification\",\"valueRequired\":true,\"valueName\":\"search_term_string\"}}],\"inLanguage\":\"fr-FR\"}]}<\/script>\n<!-- \/ Yoast SEO plugin. -->","yoast_head_json":{"title":"Alcool polyvinylique Tilamon - rawchemicalmart.com","robots":{"index":"index","follow":"follow","max-snippet":"max-snippet:-1","max-image-preview":"max-image-preview:large","max-video-preview":"max-video-preview:-1"},"canonical":"https:\/\/rawchemicalmart.com\/fr\/produit\/alcool-polyvinylique-de-tilamon\/","og_locale":"fr_FR","og_type":"article","og_title":"Tilamon Polyvinyl Alcohol - rawchemicalmart.com","og_description":"Polyvinyl Alcohol (PVA) is a water-soluble synthetic polymer derived from the hydrolysis or alcoholysis of polyvinyl acetate (PVAc). Its structure consists of a carbon backbone with hydroxyl (\u2013OH) groups, providing excellent film-forming, adhesive, and hydrophilic properties.\u00a0 Key characteristics include solubility in hot water, strong adhesion, and flexibility. It is widely used in adhesives, textiles (sizing agent), packaging films, construction materials, etc. PVA\u2019s versatility and eco-friendliness make it essential in industrial and consumer applications. Tilamon\u2122 PVA\u00a0is committed to becoming the most sought-after PVA grade in the market by optimizing production processes and enhancing efficiency\u2014all while ensuring consistent quality and competitive pricing. Through continuous improvement and innovation, Tilamon strives to deliver\u00a0high-cost-performance\u00a0PVA products that meet diverse industry needs.","og_url":"https:\/\/rawchemicalmart.com\/fr\/produit\/alcool-polyvinylique-de-tilamon\/","og_site_name":"rawchemicalmart.com","article_modified_time":"2026-01-23T08:17:56+00:00","og_image":[{"width":800,"height":800,"url":"https:\/\/rawchemicalmart.com\/wp-content\/uploads\/2025\/05\/CMC-2025-01-14_3.png","type":"image\/png"}],"twitter_card":"summary_large_image","twitter_misc":{"Dur\u00e9e de lecture estim\u00e9e":"1 minute"},"schema":{"@context":"https:\/\/schema.org","@graph":[{"@type":"WebPage","@id":"https:\/\/rawchemicalmart.com\/product\/tilamon-polyvinyl-alcohol\/","url":"https:\/\/rawchemicalmart.com\/product\/tilamon-polyvinyl-alcohol\/","name":"Alcool polyvinylique Tilamon - rawchemicalmart.com","isPartOf":{"@id":"https:\/\/rawchemicalmart.com\/#website"},"primaryImageOfPage":{"@id":"https:\/\/rawchemicalmart.com\/product\/tilamon-polyvinyl-alcohol\/#primaryimage"},"image":{"@id":"https:\/\/rawchemicalmart.com\/product\/tilamon-polyvinyl-alcohol\/#primaryimage"},"thumbnailUrl":"https:\/\/rawchemicalmart.com\/wp-content\/uploads\/2025\/05\/CMC-2025-01-14_3.png","datePublished":"2025-06-06T01:38:07+00:00","dateModified":"2026-01-23T08:17:56+00:00","breadcrumb":{"@id":"https:\/\/rawchemicalmart.com\/product\/tilamon-polyvinyl-alcohol\/#breadcrumb"},"inLanguage":"fr-FR","potentialAction":[{"@type":"ReadAction","target":["https:\/\/rawchemicalmart.com\/product\/tilamon-polyvinyl-alcohol\/"]}]},{"@type":"ImageObject","inLanguage":"fr-FR","@id":"https:\/\/rawchemicalmart.com\/product\/tilamon-polyvinyl-alcohol\/#primaryimage","url":"https:\/\/rawchemicalmart.com\/wp-content\/uploads\/2025\/05\/CMC-2025-01-14_3.png","contentUrl":"https:\/\/rawchemicalmart.com\/wp-content\/uploads\/2025\/05\/CMC-2025-01-14_3.png","width":800,"height":800},{"@type":"BreadcrumbList","@id":"https:\/\/rawchemicalmart.com\/product\/tilamon-polyvinyl-alcohol\/#breadcrumb","itemListElement":[{"@type":"ListItem","position":1,"name":"Home","item":"https:\/\/rawchemicalmart.com\/"},{"@type":"ListItem","position":2,"name":"Products","item":"https:\/\/rawchemicalmart.com\/shop\/"},{"@type":"ListItem","position":3,"name":"Tilamon Polyvinyl Alcohol"}]},{"@type":"WebSite","@id":"https:\/\/rawchemicalmart.com\/#website","url":"https:\/\/rawchemicalmart.com\/","name":"rawchemicalmart.com","description":"Fournisseur leader de produits chimiques bruts","potentialAction":[{"@type":"SearchAction","target":{"@type":"EntryPoint","urlTemplate":"https:\/\/rawchemicalmart.com\/?s={search_term_string}"},"query-input":{"@type":"PropertyValueSpecification","valueRequired":true,"valueName":"search_term_string"}}],"inLanguage":"fr-FR"}]}},"_links":{"self":[{"href":"https:\/\/rawchemicalmart.com\/fr\/wp-json\/wp\/v2\/product\/11970","targetHints":{"allow":["GET"]}}],"collection":[{"href":"https:\/\/rawchemicalmart.com\/fr\/wp-json\/wp\/v2\/product"}],"about":[{"href":"https:\/\/rawchemicalmart.com\/fr\/wp-json\/wp\/v2\/types\/product"}],"wp:featuredmedia":[{"embeddable":true,"href":"https:\/\/rawchemicalmart.com\/fr\/wp-json\/wp\/v2\/media\/11034"}],"wp:attachment":[{"href":"https:\/\/rawchemicalmart.com\/fr\/wp-json\/wp\/v2\/media?parent=11970"}],"wp:term":[{"taxonomy":"product_brand","embeddable":true,"href":"https:\/\/rawchemicalmart.com\/fr\/wp-json\/wp\/v2\/product_brand?post=11970"},{"taxonomy":"product_cat","embeddable":true,"href":"https:\/\/rawchemicalmart.com\/fr\/wp-json\/wp\/v2\/product_cat?post=11970"},{"taxonomy":"product_tag","embeddable":true,"href":"https:\/\/rawchemicalmart.com\/fr\/wp-json\/wp\/v2\/product_tag?post=11970"}],"curies":[{"name":"wp","href":"https:\/\/api.w.org\/{rel}","templated":true}]}}