{"id":11943,"date":"2025-06-05T02:20:33","date_gmt":"2025-06-05T02:20:33","guid":{"rendered":"https:\/\/rawchemicalmart.com\/?post_type=product&#038;p=11943"},"modified":"2026-01-23T07:59:17","modified_gmt":"2026-01-23T07:59:17","slug":"serie-de-dioxyde-de-titane-lomon-milliards","status":"publish","type":"product","link":"https:\/\/rawchemicalmart.com\/fr\/produit\/serie-de-dioxyde-de-titane-lomon-milliards\/","title":{"rendered":"S\u00e9rie Lomon Billions sur le dioxyde de titane"},"content":{"rendered":"<h2>Drague de dioxyde de titane :<\/h2>\n<div class=\"table-scroll-wrapper\">\n<table id=\"tablepress-88\" class=\"tablepress tablepress-id-88\">\n<thead>\n<tr class=\"row-1\">\n\t<th class=\"column-1\">Grade<\/th><th class=\"column-2\">Introduction<\/th><th class=\"column-3\">Applications<\/th>\n<\/tr>\n<\/thead>\n<tbody class=\"row-striping row-hover\">\n<tr class=\"row-2\">\n\t<td class=\"column-1\">LR-108<\/td><td class=\"column-2\">Le pigment BILLIONS\u2122 LR-108 est un pigment \u00e0 base de dioxyde de titane rutile trait\u00e9 \u00e0 l&#039;alumine, obtenu par proc\u00e9d\u00e9 au sulfate. Il est sp\u00e9cialement con\u00e7u pour les applications de m\u00e9langes-ma\u00eetres et de compoundage.<br \/>\n<br \/>\nLe pigment BILLIONS\u2122 LR-108 se disperse facilement dans les polyol\u00e9fines, avec un effet minimal sur l&#039;indice de fluidit\u00e9 \u00e0 chaud, de sorte que m\u00eame un m\u00e9lange ma\u00eetre avec une concentration \u00e9lev\u00e9e en TiO2 peut produire un film avec une opacit\u00e9 et une blancheur \u00e9lev\u00e9es.<br \/>\n<br \/>\nLe pigment BILLIONS\u2122 LR-108 est recommand\u00e9 pour les applications plastiques n\u00e9cessitant une stabilit\u00e9 thermique \u00e9lev\u00e9e. Sa surface hydrophobe agit comme une barri\u00e8re emp\u00eachant le pigment d&#039;absorber l&#039;humidit\u00e9 de l&#039;air.<\/td><td class=\"column-3\">M\u00e9langes ma\u00eetres et compos\u00e9s<br \/>\nFilms en polyol\u00e9fine et PVC<br \/>\nPlastiques \u00e0 haute stabilit\u00e9 thermique<\/td>\n<\/tr>\n<tr class=\"row-3\">\n\t<td class=\"column-1\">BLR-698<\/td><td class=\"column-2\">Le pigment BILLIONS\u2122 BLR-698 est un pigment \u00e0 base de dioxyde de titane rutile produit par proc\u00e9d\u00e9 au sulfate. Il est recommand\u00e9 pour de nombreuses applications de rev\u00eatements. Il offre d&#039;excellentes performances de dispersion et une excellente opacit\u00e9 et brillance aux formulations aqueuses et solvant\u00e9es. Son traitement de surface optimis\u00e9 \u00e0 base de zircone et d&#039;alumine le rend particuli\u00e8rement adapt\u00e9 aux rev\u00eatements ext\u00e9rieurs architecturaux et industriels.<\/td><td class=\"column-3\">  Rev\u00eatements architecturaux ext\u00e9rieurs<br \/>\n  Rev\u00eatements industriels<br \/>\n  Rev\u00eatements architecturaux int\u00e9rieurs<br \/>\n  Encres d&#039;impression<\/td>\n<\/tr>\n<tr class=\"row-4\">\n\t<td class=\"column-1\">BLR-886<\/td><td class=\"column-2\">Le pigment BILLIONS\u2122 BLR-886 est un pigment au dioxyde de titane rutile pour plastiques, produit par proc\u00e9d\u00e9 au chlorure. Il est con\u00e7u pour offrir une couleur blanche \u00e9clatante et une excellente aptitude \u00e0 la transformation.<\/td><td class=\"column-3\"> M\u00e9langes ma\u00eetres de polyol\u00e9fine<br \/>\n Rev\u00eatements d&#039;extrusion \u00e0 haute temp\u00e9rature et films coul\u00e9s<br \/>\n Plastiques techniques<br \/>\n Chaussure<\/td>\n<\/tr>\n<tr class=\"row-5\">\n\t<td class=\"column-1\">BLR-895<\/td><td class=\"column-2\">Le pigment BILLIONS\u2122 BLR-895 est un pigment au dioxyde de titane fabriqu\u00e9 par proc\u00e9d\u00e9 au chlorure. Il est recommand\u00e9 pour de nombreuses applications de rev\u00eatements.<br \/>\n<br \/>\nLe pigment BILLIONS\u2122 BLR-895 offre une excellente dispersion, rapide et facile. Il offre \u00e9galement une excellente opacit\u00e9 et une brillance exceptionnelles, ainsi qu&#039;une blancheur \u00e9clatante et une teinte bleue pure. Gr\u00e2ce \u00e0 son rev\u00eatement de surface inorganique soigneusement s\u00e9lectionn\u00e9, le pigment BILLIONS\u2122 BLR-895 offre une grande r\u00e9sistance aux intemp\u00e9ries, ce qui le rend polyvalent pour les applications int\u00e9rieures et ext\u00e9rieures.<\/td><td class=\"column-3\">  Rev\u00eatements architecturaux int\u00e9rieurs<br \/>\n  Rev\u00eatements architecturaux ext\u00e9rieurs<br \/>\n  Rev\u00eatements industriels<\/td>\n<\/tr>\n<tr class=\"row-6\">\n\t<td class=\"column-1\">LR-972<\/td><td class=\"column-2\">Le pigment BILLIONS\u2122 LR-972 est un pigment de dioxyde de titane rutile enrob\u00e9 de silice et d&#039;alumine, produit par proc\u00e9d\u00e9 au sulfate. Il pr\u00e9sente une excellente r\u00e9sistance aux intemp\u00e9ries et une excellente dispersibilit\u00e9. Il est recommand\u00e9 pour les applications exigeant une durabilit\u00e9, une opacit\u00e9 et une brillance \u00e9lev\u00e9es.<\/td><td class=\"column-3\">  Rev\u00eatements industriels<br \/>\n  Rev\u00eatements architecturaux ext\u00e9rieurs et int\u00e9rieurs<br \/>\n  Tubes et profil\u00e9s de fen\u00eatre en PVC<\/td>\n<\/tr>\n<tr class=\"row-7\">\n\t<td class=\"column-1\">R-996<\/td><td class=\"column-2\">Le pigment BILLIONS\u2122 R-996 est un pigment \u00e0 base de dioxyde de titane rutile trait\u00e9 \u00e0 la zircone et \u00e0 l&#039;alumine, produit par proc\u00e9d\u00e9 au sulfate. C&#039;est un pigment tr\u00e8s r\u00e9sistant et polyvalent, adapt\u00e9 \u00e0 un large \u00e9ventail d&#039;applications.<br \/>\n<br \/>\nUn contr\u00f4le minutieux de la taille des particules de dioxyde de titane pendant le processus de fabrication du pigment BILLIONS\u2122 R-996 permet d&#039;obtenir une bonne brillance et une bonne luminosit\u00e9, une opacit\u00e9 \u00e9lev\u00e9e et une dispersibilit\u00e9 facile.<\/td><td class=\"column-3\">  Rev\u00eatements industriels<br \/>\n  Rev\u00eatements en poudre<br \/>\n  Ext\u00e9rieur et int\u00e9rieur<br \/>\n  Rev\u00eatements architecturaux<\/td>\n<\/tr>\n<\/tbody>\n<\/table>\n<!-- #tablepress-88 from cache --><\/div>\n<h2>Caract\u00e9ristiques:<\/h2>\n\n<table id=\"tablepress-89\" class=\"tablepress tablepress-id-89\">\n<thead>\n<tr class=\"row-1\">\n\t<th class=\"column-1\">Param\u00e8tre<\/th><th class=\"column-2\">LR-108<\/th><th class=\"column-3\">BLR-698<\/th><th class=\"column-4\">BLR-886<\/th><th class=\"column-5\">BLR-895<\/th><th class=\"column-6\">LR-972<\/th><th class=\"column-7\">R-996<\/th>\n<\/tr>\n<\/thead>\n<tbody class=\"row-striping row-hover\">\n<tr class=\"row-2\">\n\t<td class=\"column-1\">Teneur en TiO2<\/td><td class=\"column-2\">98%<\/td><td class=\"column-3\">94%<\/td><td class=\"column-4\">97%<\/td><td class=\"column-5\">94%<\/td><td class=\"column-6\">93%<\/td><td class=\"column-7\">95%<\/td>\n<\/tr>\n<tr class=\"row-3\">\n\t<td class=\"column-1\">Rev\u00eatement inorganique<\/td><td class=\"column-2\">Alumine<\/td><td class=\"column-3\">Alumine, Zircone<\/td><td class=\"column-4\">Alumine<\/td><td class=\"column-5\">Alumine, Zircone<\/td><td class=\"column-6\">Alumine, silice<\/td><td class=\"column-7\">Alumine, Zircone<\/td>\n<\/tr>\n<tr class=\"row-4\">\n\t<td class=\"column-1\">Traitement biologique<\/td><td class=\"column-2\">Pr\u00e9sent<\/td><td class=\"column-3\">Pr\u00e9sent<\/td><td class=\"column-4\">Pr\u00e9sent<\/td><td class=\"column-5\">Pr\u00e9sent<\/td><td class=\"column-6\">Pr\u00e9sent<\/td><td class=\"column-7\">Pr\u00e9sent<\/td>\n<\/tr>\n<tr class=\"row-5\">\n\t<td class=\"column-1\">Humidit\u00e9 \u00e0 l&#039;emballage*<\/td><td class=\"column-2\">0,4% max<\/td><td class=\"column-3\">0,5% max<\/td><td class=\"column-4\">0,4% max<\/td><td class=\"column-5\">0,5% max<\/td><td class=\"column-6\">0,5% max<\/td><td class=\"column-7\">0,5% max<\/td>\n<\/tr>\n<tr class=\"row-6\">\n\t<td class=\"column-1\">Masse volumique apparente (tass\u00e9e)<\/td><td class=\"column-2\">1,1 g\/cm3<\/td><td class=\"column-3\">1,2 g\/cm3<\/td><td class=\"column-4\">1,2 g\/cm3<\/td><td class=\"column-5\">1,3 g\/cm3<\/td><td class=\"column-6\">1,2 g\/cm\u00b3<\/td><td class=\"column-7\">1,2 g\/cm3<\/td>\n<\/tr>\n<tr class=\"row-7\">\n\t<td class=\"column-1\">Absorption d&#039;huile<\/td><td class=\"column-2\">15g\/100g<\/td><td class=\"column-3\">17g\/100g<\/td><td class=\"column-4\">12g\/100g<\/td><td class=\"column-5\">16g\/100g<\/td><td class=\"column-6\">19g\/100g<\/td><td class=\"column-7\">18g\/100g<\/td>\n<\/tr>\n<tr class=\"row-8\">\n\t<td class=\"column-1\">Densit\u00e9 sp\u00e9cifique<\/td><td class=\"column-2\">4,1 g\/cm3<\/td><td class=\"column-3\">4,1 g\/cm3<\/td><td class=\"column-4\">4,1 g\/cm3<\/td><td class=\"column-5\">4,1 g\/cm3<\/td><td class=\"column-6\">4,1 g\/cm\u00b3<\/td><td class=\"column-7\">4,1 g\/cm3<\/td>\n<\/tr>\n<tr class=\"row-9\">\n\t<td class=\"column-1\">PH<\/td><td class=\"column-2\">\u2014\u2014<\/td><td class=\"column-3\">7.8<\/td><td class=\"column-4\">\u2014\u2014<\/td><td class=\"column-5\">7.4<\/td><td class=\"column-6\">7<\/td><td class=\"column-7\">7<\/td>\n<\/tr>\n<tr class=\"row-10\">\n\t<td class=\"column-1\">Classification ISO 591<\/td><td class=\"column-2\">R1<\/td><td class=\"column-3\">R2<\/td><td class=\"column-4\">R2<\/td><td class=\"column-5\">R2<\/td><td class=\"column-6\">R2<\/td><td class=\"column-7\">R2<\/td>\n<\/tr>\n<tr class=\"row-11\">\n\t<td class=\"column-1\">Indice de couleur<\/td><td class=\"column-2\">Pigment Blanc 6<\/td><td class=\"column-3\">Pigment Blanc 6<\/td><td class=\"column-4\">Pigment Blanc 6<\/td><td class=\"column-5\">Pigment Blanc 6<\/td><td class=\"column-6\">Pigment Blanc 6<\/td><td class=\"column-7\">Pigment Blanc 6<\/td>\n<\/tr>\n<\/tbody>\n<\/table>\n<!-- #tablepress-89 from cache -->\n<h2>S\u00e9curit\u00e9:<\/h2>\n<p class=\"normaltxt\">Il convient d&#039;appliquer de bonnes pratiques d&#039;hygi\u00e8ne industrielle et d&#039;\u00e9viter la production de poussi\u00e8res. Veuillez consulter la fiche de donn\u00e9es de s\u00e9curit\u00e9 pour plus d&#039;informations sur la manipulation de ce produit.<\/p>\n<h2>Stockage:<\/h2>\n<p class=\"normaltxt\">Ce produit ne doit pas \u00eatre stock\u00e9 \u00e0 l&#039;ext\u00e9rieur, ni expos\u00e9 \u00e0 des temp\u00e9ratures extr\u00eames ou \u00e0 l&#039;humidit\u00e9. Pour garantir des performances optimales, il est recommand\u00e9 d&#039;utiliser le produit selon le principe du premier entr\u00e9, premier sorti d\u00e8s sa r\u00e9ception.<\/p>\n<h2>Conditionnement:<\/h2>\n<p class=\"normaltxt\">Les pigments de dioxyde de titane du groupe LB sont disponibles en sacs de 25 kg et dans une gamme de conteneurs flexibles en vrac interm\u00e9diaires.<\/p>","protected":false},"excerpt":{"rendered":"<p class=\"tmnf_excerpt\">Lomon Billions\u00a0is China&#8217;s leading titanium dioxide (TiO\u2082) manufacturer, with production bases across multiple locations in the country. It has long maintained the top market share in the domestic industry. Lomon Billions offers a wide range of titanium dioxide grades tailored for various applications, including coatings, plastics, inks, and more.\nAs a\u00a0leading titanium dioxide supplier,\u00a0Tilamon\u00a0provides all Lomon Billions&#8217; TiO\u2082 grades, with the\u00a0key product grades\u00a0listed below:\n<\/p>","protected":false},"featured_media":11114,"template":"","meta":{"_acf_changed":false},"product_brand":[],"product_cat":[61],"product_tag":[54],"class_list":{"0":"post-11943","1":"product","2":"type-product","3":"status-publish","4":"has-post-thumbnail","6":"product_cat-titanium-dioxide","7":"product_tag-hot-sell","9":"first","10":"instock","11":"shipping-taxable","12":"product-type-simple"},"acf":[],"yoast_head":"<!-- This site is optimized with the Yoast SEO plugin v27.4 - https:\/\/yoast.com\/product\/yoast-seo-wordpress\/ -->\n<title>Lomon Billions Titanium Dioxide Series - rawchemicalmart.com<\/title>\n<meta name=\"robots\" content=\"index, follow, max-snippet:-1, max-image-preview:large, max-video-preview:-1\" \/>\n<link rel=\"canonical\" href=\"https:\/\/rawchemicalmart.com\/fr\/produit\/serie-de-dioxyde-de-titane-lomon-milliards\/\" \/>\n<meta property=\"og:locale\" content=\"fr_FR\" \/>\n<meta property=\"og:type\" content=\"article\" \/>\n<meta property=\"og:title\" content=\"Lomon Billions Titanium Dioxide Series - rawchemicalmart.com\" \/>\n<meta property=\"og:description\" content=\"Lomon Billions\u00a0is China&#039;s leading titanium dioxide (TiO\u2082) manufacturer, with production bases across multiple locations in the country. It has long maintained the top market share in the domestic industry. Lomon Billions offers a wide range of titanium dioxide grades tailored for various applications, including coatings, plastics, inks, and more. As a\u00a0leading titanium dioxide supplier,\u00a0Tilamon\u00a0provides all Lomon Billions&#039; TiO\u2082 grades, with the\u00a0key product grades\u00a0listed below:\" \/>\n<meta property=\"og:url\" content=\"https:\/\/rawchemicalmart.com\/fr\/produit\/serie-de-dioxyde-de-titane-lomon-milliards\/\" \/>\n<meta property=\"og:site_name\" content=\"rawchemicalmart.com\" \/>\n<meta property=\"article:modified_time\" content=\"2026-01-23T07:59:17+00:00\" \/>\n<meta property=\"og:image\" content=\"https:\/\/rawchemicalmart.com\/wp-content\/uploads\/2025\/05\/tilamon-titanium-dioxide_6.png\" \/>\n\t<meta property=\"og:image:width\" content=\"800\" \/>\n\t<meta property=\"og:image:height\" content=\"800\" \/>\n\t<meta property=\"og:image:type\" content=\"image\/png\" \/>\n<meta name=\"twitter:card\" content=\"summary_large_image\" \/>\n<script type=\"application\/ld+json\" class=\"yoast-schema-graph\">{\"@context\":\"https:\\\/\\\/schema.org\",\"@graph\":[{\"@type\":\"WebPage\",\"@id\":\"https:\\\/\\\/rawchemicalmart.com\\\/product\\\/lomon-billions-titanium-dioxide-series\\\/\",\"url\":\"https:\\\/\\\/rawchemicalmart.com\\\/product\\\/lomon-billions-titanium-dioxide-series\\\/\",\"name\":\"Lomon Billions Titanium Dioxide Series - rawchemicalmart.com\",\"isPartOf\":{\"@id\":\"https:\\\/\\\/rawchemicalmart.com\\\/#website\"},\"primaryImageOfPage\":{\"@id\":\"https:\\\/\\\/rawchemicalmart.com\\\/product\\\/lomon-billions-titanium-dioxide-series\\\/#primaryimage\"},\"image\":{\"@id\":\"https:\\\/\\\/rawchemicalmart.com\\\/product\\\/lomon-billions-titanium-dioxide-series\\\/#primaryimage\"},\"thumbnailUrl\":\"https:\\\/\\\/rawchemicalmart.com\\\/wp-content\\\/uploads\\\/2025\\\/05\\\/tilamon-titanium-dioxide_6.png\",\"datePublished\":\"2025-06-05T02:20:33+00:00\",\"dateModified\":\"2026-01-23T07:59:17+00:00\",\"breadcrumb\":{\"@id\":\"https:\\\/\\\/rawchemicalmart.com\\\/product\\\/lomon-billions-titanium-dioxide-series\\\/#breadcrumb\"},\"inLanguage\":\"fr-FR\",\"potentialAction\":[{\"@type\":\"ReadAction\",\"target\":[\"https:\\\/\\\/rawchemicalmart.com\\\/product\\\/lomon-billions-titanium-dioxide-series\\\/\"]}]},{\"@type\":\"ImageObject\",\"inLanguage\":\"fr-FR\",\"@id\":\"https:\\\/\\\/rawchemicalmart.com\\\/product\\\/lomon-billions-titanium-dioxide-series\\\/#primaryimage\",\"url\":\"https:\\\/\\\/rawchemicalmart.com\\\/wp-content\\\/uploads\\\/2025\\\/05\\\/tilamon-titanium-dioxide_6.png\",\"contentUrl\":\"https:\\\/\\\/rawchemicalmart.com\\\/wp-content\\\/uploads\\\/2025\\\/05\\\/tilamon-titanium-dioxide_6.png\",\"width\":800,\"height\":800},{\"@type\":\"BreadcrumbList\",\"@id\":\"https:\\\/\\\/rawchemicalmart.com\\\/product\\\/lomon-billions-titanium-dioxide-series\\\/#breadcrumb\",\"itemListElement\":[{\"@type\":\"ListItem\",\"position\":1,\"name\":\"Home\",\"item\":\"https:\\\/\\\/rawchemicalmart.com\\\/\"},{\"@type\":\"ListItem\",\"position\":2,\"name\":\"Products\",\"item\":\"https:\\\/\\\/rawchemicalmart.com\\\/shop\\\/\"},{\"@type\":\"ListItem\",\"position\":3,\"name\":\"Lomon Billions Titanium Dioxide Series\"}]},{\"@type\":\"WebSite\",\"@id\":\"https:\\\/\\\/rawchemicalmart.com\\\/#website\",\"url\":\"https:\\\/\\\/rawchemicalmart.com\\\/\",\"name\":\"rawchemicalmart.com\",\"description\":\"Leading Raw Chemicals Supplier\",\"potentialAction\":[{\"@type\":\"SearchAction\",\"target\":{\"@type\":\"EntryPoint\",\"urlTemplate\":\"https:\\\/\\\/rawchemicalmart.com\\\/?s={search_term_string}\"},\"query-input\":{\"@type\":\"PropertyValueSpecification\",\"valueRequired\":true,\"valueName\":\"search_term_string\"}}],\"inLanguage\":\"fr-FR\"}]}<\/script>\n<!-- \/ Yoast SEO plugin. -->","yoast_head_json":{"title":"Gamme de dioxyde de titane Lomon Billions - rawchemicalmart.com","robots":{"index":"index","follow":"follow","max-snippet":"max-snippet:-1","max-image-preview":"max-image-preview:large","max-video-preview":"max-video-preview:-1"},"canonical":"https:\/\/rawchemicalmart.com\/fr\/produit\/serie-de-dioxyde-de-titane-lomon-milliards\/","og_locale":"fr_FR","og_type":"article","og_title":"Lomon Billions Titanium Dioxide Series - rawchemicalmart.com","og_description":"Lomon Billions\u00a0is China's leading titanium dioxide (TiO\u2082) manufacturer, with production bases across multiple locations in the country. It has long maintained the top market share in the domestic industry. Lomon Billions offers a wide range of titanium dioxide grades tailored for various applications, including coatings, plastics, inks, and more. As a\u00a0leading titanium dioxide supplier,\u00a0Tilamon\u00a0provides all Lomon Billions' TiO\u2082 grades, with the\u00a0key product grades\u00a0listed below:","og_url":"https:\/\/rawchemicalmart.com\/fr\/produit\/serie-de-dioxyde-de-titane-lomon-milliards\/","og_site_name":"rawchemicalmart.com","article_modified_time":"2026-01-23T07:59:17+00:00","og_image":[{"width":800,"height":800,"url":"https:\/\/rawchemicalmart.com\/wp-content\/uploads\/2025\/05\/tilamon-titanium-dioxide_6.png","type":"image\/png"}],"twitter_card":"summary_large_image","schema":{"@context":"https:\/\/schema.org","@graph":[{"@type":"WebPage","@id":"https:\/\/rawchemicalmart.com\/product\/lomon-billions-titanium-dioxide-series\/","url":"https:\/\/rawchemicalmart.com\/product\/lomon-billions-titanium-dioxide-series\/","name":"Gamme de dioxyde de titane Lomon Billions - rawchemicalmart.com","isPartOf":{"@id":"https:\/\/rawchemicalmart.com\/#website"},"primaryImageOfPage":{"@id":"https:\/\/rawchemicalmart.com\/product\/lomon-billions-titanium-dioxide-series\/#primaryimage"},"image":{"@id":"https:\/\/rawchemicalmart.com\/product\/lomon-billions-titanium-dioxide-series\/#primaryimage"},"thumbnailUrl":"https:\/\/rawchemicalmart.com\/wp-content\/uploads\/2025\/05\/tilamon-titanium-dioxide_6.png","datePublished":"2025-06-05T02:20:33+00:00","dateModified":"2026-01-23T07:59:17+00:00","breadcrumb":{"@id":"https:\/\/rawchemicalmart.com\/product\/lomon-billions-titanium-dioxide-series\/#breadcrumb"},"inLanguage":"fr-FR","potentialAction":[{"@type":"ReadAction","target":["https:\/\/rawchemicalmart.com\/product\/lomon-billions-titanium-dioxide-series\/"]}]},{"@type":"ImageObject","inLanguage":"fr-FR","@id":"https:\/\/rawchemicalmart.com\/product\/lomon-billions-titanium-dioxide-series\/#primaryimage","url":"https:\/\/rawchemicalmart.com\/wp-content\/uploads\/2025\/05\/tilamon-titanium-dioxide_6.png","contentUrl":"https:\/\/rawchemicalmart.com\/wp-content\/uploads\/2025\/05\/tilamon-titanium-dioxide_6.png","width":800,"height":800},{"@type":"BreadcrumbList","@id":"https:\/\/rawchemicalmart.com\/product\/lomon-billions-titanium-dioxide-series\/#breadcrumb","itemListElement":[{"@type":"ListItem","position":1,"name":"Home","item":"https:\/\/rawchemicalmart.com\/"},{"@type":"ListItem","position":2,"name":"Products","item":"https:\/\/rawchemicalmart.com\/shop\/"},{"@type":"ListItem","position":3,"name":"Lomon Billions Titanium Dioxide Series"}]},{"@type":"WebSite","@id":"https:\/\/rawchemicalmart.com\/#website","url":"https:\/\/rawchemicalmart.com\/","name":"rawchemicalmart.com","description":"Fournisseur leader de produits chimiques bruts","potentialAction":[{"@type":"SearchAction","target":{"@type":"EntryPoint","urlTemplate":"https:\/\/rawchemicalmart.com\/?s={search_term_string}"},"query-input":{"@type":"PropertyValueSpecification","valueRequired":true,"valueName":"search_term_string"}}],"inLanguage":"fr-FR"}]}},"_links":{"self":[{"href":"https:\/\/rawchemicalmart.com\/fr\/wp-json\/wp\/v2\/product\/11943","targetHints":{"allow":["GET"]}}],"collection":[{"href":"https:\/\/rawchemicalmart.com\/fr\/wp-json\/wp\/v2\/product"}],"about":[{"href":"https:\/\/rawchemicalmart.com\/fr\/wp-json\/wp\/v2\/types\/product"}],"wp:featuredmedia":[{"embeddable":true,"href":"https:\/\/rawchemicalmart.com\/fr\/wp-json\/wp\/v2\/media\/11114"}],"wp:attachment":[{"href":"https:\/\/rawchemicalmart.com\/fr\/wp-json\/wp\/v2\/media?parent=11943"}],"wp:term":[{"taxonomy":"product_brand","embeddable":true,"href":"https:\/\/rawchemicalmart.com\/fr\/wp-json\/wp\/v2\/product_brand?post=11943"},{"taxonomy":"product_cat","embeddable":true,"href":"https:\/\/rawchemicalmart.com\/fr\/wp-json\/wp\/v2\/product_cat?post=11943"},{"taxonomy":"product_tag","embeddable":true,"href":"https:\/\/rawchemicalmart.com\/fr\/wp-json\/wp\/v2\/product_tag?post=11943"}],"curies":[{"name":"wp","href":"https:\/\/api.w.org\/{rel}","templated":true}]}}