{"id":11757,"date":"2025-06-01T03:00:04","date_gmt":"2025-06-01T03:00:04","guid":{"rendered":"https:\/\/rawchemicalmart.com\/?post_type=product&#038;p=11757"},"modified":"2026-01-23T07:59:24","modified_gmt":"2026-01-23T07:59:24","slug":"tilamon-titanium-dioxide-series","status":"publish","type":"product","link":"https:\/\/rawchemicalmart.com\/fr\/produit\/tilamon-titanium-dioxide-series\/","title":{"rendered":"S\u00e9rie de dioxyde de titane Tilamon"},"content":{"rendered":"<h2>Caract\u00e9ristiques:<\/h2>\n<div class=\"table-scroll-wrapper\">\n<table id=\"tablepress-87\" class=\"tablepress tablepress-id-87 tbody-has-connected-cells\">\n<thead>\n<tr class=\"row-1\">\n\t<th colspan=\"2\" class=\"column-1\">Article<\/th><th class=\"column-3\">Unit\u00e9<\/th><th class=\"column-4\">R-516<\/th><th class=\"column-5\">R-517<\/th><th class=\"column-6\">R-518<\/th><th class=\"column-7\">R-519<\/th><th class=\"column-8\">ZA-100<\/th>\n<\/tr>\n<\/thead>\n<tbody class=\"row-striping row-hover\">\n<tr class=\"row-2\">\n\t<td colspan=\"2\" class=\"column-1\">Teneur en TiO2<\/td><td class=\"column-3\">%<\/td><td class=\"column-4\">\u226594<\/td><td class=\"column-5\">\u226598<\/td><td class=\"column-6\">\u226594<\/td><td class=\"column-7\">\u226596<\/td><td class=\"column-8\">\u226598<\/td>\n<\/tr>\n<tr class=\"row-3\">\n\t<td colspan=\"2\" class=\"column-1\">Teneur en rutile<\/td><td class=\"column-3\">%<\/td><td class=\"column-4\">\u2014\u2014<\/td><td class=\"column-5\">\u226597<\/td><td class=\"column-6\">\u2014\u2014<\/td><td class=\"column-7\">\u2014\u2014<\/td><td class=\"column-8\">\u226598<\/td>\n<\/tr>\n<tr class=\"row-4\">\n\t<td colspan=\"2\" class=\"column-1\">Traitement inorganique<\/td><td class=\"column-3\"><\/td><td class=\"column-4\">ZrO2 + Al2O3<\/td><td class=\"column-5\">\u2014\u2014<\/td><td class=\"column-6\">ZrO2 + Al2O3<\/td><td class=\"column-7\">ZrO2 + Al2O3<\/td><td class=\"column-8\">0.2-0.9<\/td>\n<\/tr>\n<tr class=\"row-5\">\n\t<td rowspan=\"2\" class=\"column-1\">Couleur<\/td><td class=\"column-2\">CIE L*<\/td><td rowspan=\"2\" class=\"column-3\">%<\/td><td class=\"column-4\">\u226595<\/td><td class=\"column-5\">\u2265 94,5<\/td><td class=\"column-6\">\u226595<\/td><td class=\"column-7\">\u226595<\/td><td class=\"column-8\">\u2265100<\/td>\n<\/tr>\n<tr class=\"row-6\">\n\t<td class=\"column-2\">\u25b3b<\/td><td class=\"column-4\">\u22642,9<\/td><td class=\"column-5\">\u22642,9<\/td><td class=\"column-6\">\u22642,9<\/td><td class=\"column-7\">\u22640,3<\/td><td class=\"column-8\">\u2014\u2014<\/td>\n<\/tr>\n<tr class=\"row-7\">\n\t<td colspan=\"2\" class=\"column-1\">Force de teinture<\/td><td class=\"column-3\">Reyonlds<\/td><td class=\"column-4\">\u22651900<\/td><td class=\"column-5\">\u22651750<\/td><td class=\"column-6\">\u22651900<\/td><td class=\"column-7\">\u22651950<\/td><td class=\"column-8\">\u2014\u2014<\/td>\n<\/tr>\n<tr class=\"row-8\">\n\t<td colspan=\"2\" class=\"column-1\">Blancheur<\/td><td class=\"column-3\"><\/td><td class=\"column-4\">\u2014\u2014<\/td><td class=\"column-5\">Similaire<\/td><td class=\"column-6\">\u2014\u2014<\/td><td class=\"column-7\">\u2014\u2014<\/td><td class=\"column-8\">\u2014\u2014<\/td>\n<\/tr>\n<tr class=\"row-9\">\n\t<td colspan=\"2\" class=\"column-1\">Absorption d&#039;huile<\/td><td class=\"column-3\">g\/100g<\/td><td class=\"column-4\">\u226416<\/td><td class=\"column-5\">\u226420<\/td><td class=\"column-6\">\u226419<\/td><td class=\"column-7\">\u226416<\/td><td class=\"column-8\">\u226423<\/td>\n<\/tr>\n<tr class=\"row-10\">\n\t<td colspan=\"2\" class=\"column-1\">Taille moyenne des particules<\/td><td class=\"column-3\">\u03bcm<\/td><td class=\"column-4\">0.42<\/td><td class=\"column-5\">\u2014\u2014<\/td><td class=\"column-6\">0.42<\/td><td class=\"column-7\">0.42<\/td><td class=\"column-8\">\u2014\u2014<\/td>\n<\/tr>\n<tr class=\"row-11\">\n\t<td colspan=\"2\" class=\"column-1\">Humidit\u00e9 (105\u2103)<\/td><td class=\"column-3\">%<\/td><td class=\"column-4\">\u22640,5<\/td><td class=\"column-5\">\u22640,5<\/td><td class=\"column-6\">\u22640,5<\/td><td class=\"column-7\">\u22640,3<\/td><td class=\"column-8\">\u22640,5<\/td>\n<\/tr>\n<tr class=\"row-12\">\n\t<td colspan=\"2\" class=\"column-1\">Soluble dans l&#039;eau<\/td><td class=\"column-3\">%<\/td><td class=\"column-4\">\u2014\u2014<\/td><td class=\"column-5\">\u22640,6<\/td><td class=\"column-6\">\u2014\u2014<\/td><td class=\"column-7\">\u2014\u2014<\/td><td class=\"column-8\">\u2014\u2014<\/td>\n<\/tr>\n<tr class=\"row-13\">\n\t<td colspan=\"2\" class=\"column-1\">PH<\/td><td class=\"column-3\"><\/td><td class=\"column-4\">\u2014\u2014<\/td><td class=\"column-5\">6.0-8.0<\/td><td class=\"column-6\">\u2014\u2014<\/td><td class=\"column-7\">\u2014\u2014<\/td><td class=\"column-8\">6.5-8.0<\/td>\n<\/tr>\n<tr class=\"row-14\">\n\t<td colspan=\"2\" class=\"column-1\">Durabilit\u00e9<\/td><td class=\"column-3\"><\/td><td class=\"column-4\">Bien<\/td><td class=\"column-5\"><\/td><td class=\"column-6\">Bien<\/td><td class=\"column-7\">Bien<\/td><td class=\"column-8\">\u2014\u2014<\/td>\n<\/tr>\n<tr class=\"row-15\">\n\t<td colspan=\"2\" class=\"column-1\">R\u00e9sidu (45 \u03bcm)<\/td><td class=\"column-3\">%<\/td><td class=\"column-4\">\u2014\u2014<\/td><td class=\"column-5\">\u22640,10<\/td><td class=\"column-6\">\u2014\u2014<\/td><td class=\"column-7\">\u2014\u2014<\/td><td class=\"column-8\">\u22640,03<\/td>\n<\/tr>\n<tr class=\"row-16\">\n\t<td colspan=\"2\" class=\"column-1\">Processus de production<\/td><td class=\"column-3\"><\/td><td class=\"column-4\">Proc\u00e9d\u00e9 au sulfate<\/td><td class=\"column-5\">Proc\u00e9d\u00e9 au sulfate<\/td><td class=\"column-6\">Proc\u00e9d\u00e9 au sulfate<\/td><td class=\"column-7\">Proc\u00e9d\u00e9 au sulfate<\/td><td class=\"column-8\"><\/td>\n<\/tr>\n<tr class=\"row-17\">\n\t<td colspan=\"3\" class=\"column-1\">Caract\u00e9ristiques principales<\/td><td class=\"column-4\">Avec un pouvoir couvrant \u00e9lev\u00e9, une bonne dispersibilit\u00e9 et une faible absorption d&#039;huile, il est principalement utilis\u00e9 dans diverses applications d&#039;encre.<\/td><td class=\"column-5\">Nuance bleue, excellente r\u00e9sistance aux intemp\u00e9ries, dispersibilit\u00e9 exceptionnelle et faible absorption d&#039;huile.<br \/>\n<\/td><td class=\"column-6\">Il pr\u00e9sente des propri\u00e9t\u00e9s hydrophiles et lipophiles, une multifonctionnalit\u00e9, une r\u00e9sistance \u00e9lev\u00e9e aux intemp\u00e9ries et des caract\u00e9ristiques et performances de qualit\u00e9 universelle.<br \/>\n<\/td><td class=\"column-7\">Opacit\u00e9 \u00e9lev\u00e9e, blancheur \u00e9lev\u00e9e, excellente dispersibilit\u00e9, faible teneur en humidit\u00e9 et propri\u00e9t\u00e9s offrant des performances anti-fissuration et une fluidit\u00e9 \u00e0 chaud.<br \/>\n<\/td><td class=\"column-8\">Brillance \u00e9lev\u00e9e, excellente dispersibilit\u00e9, faible absorption d&#039;huile et haute r\u00e9sistance aux intemp\u00e9ries : telles sont ses principales propri\u00e9t\u00e9s et avantages en termes de performances.<br \/>\n<\/td>\n<\/tr>\n<tr class=\"row-18\">\n\t<td colspan=\"3\" class=\"column-1\">Applications<\/td><td class=\"column-4\">Encre, plastiques, rev\u00eatements, fabrication de papier et autres domaines.<br \/>\n<\/td><td class=\"column-5\">Rev\u00eatements int\u00e9rieurs et ext\u00e9rieurs, rev\u00eatements en poudre, m\u00e9langes ma\u00eetres, plastiques et autres industries.<br \/>\n<\/td><td class=\"column-6\">Convient aux applications dans les rev\u00eatements, les encres, les plastiques, la fabrication du papier et d&#039;autres domaines.<br \/>\n<\/td><td class=\"column-7\">Convient aux applications dans les polyol\u00e9fines, le PVC, l&#039;ABS, le PS, les m\u00e9langes ma\u00eetres, les profil\u00e9s, les feuilles, les tuyaux, les m\u00e9langes ma\u00eetres de polyol\u00e9fines, les plastiques industriels et d&#039;autres domaines.<br \/>\n<\/td><td class=\"column-8\">Convient aux applications dans les rev\u00eatements muraux int\u00e9rieurs, les peintures d\u00e9coratives int\u00e9rieures, les appr\u00eats, le caoutchouc, la fabrication du papier, le cuir et d&#039;autres domaines.<br \/>\n<\/td>\n<\/tr>\n<\/tbody>\n<\/table>\n<!-- #tablepress-87 from cache --><\/div>\n<h2>Stockage:<\/h2>\n<p class=\"ds-markdown-paragraph\">Pour maintenir la qualit\u00e9 et les performances du produit, respectez les exigences de stockage suivantes\u00a0:<\/p>\n<ul>\n<li>\n<p class=\"ds-markdown-paragraph\"><strong>Stockage int\u00e9rieur uniquement<\/strong>\u00a0\u2013 Conserver dans un endroit sec et bien ventil\u00e9. Ne pas exposer aux intemp\u00e9ries.<\/p>\n<\/li>\n<li>\n<p class=\"ds-markdown-paragraph\"><strong>\u00c9vitez l&#039;humidit\u00e9 et les extr\u00eames<\/strong>\u00a0\u2013 Prot\u00e9ger de l\u2019humidit\u00e9, des variations de temp\u00e9rature et de la lumi\u00e8re directe du soleil.<\/p>\n<\/li>\n<li>\n<p class=\"ds-markdown-paragraph\"><strong>FIFO (premier entr\u00e9, premier sorti)<\/strong>\u00a0\u2013 Faites tourner les stocks pour vous assurer que les stocks les plus anciens sont utilis\u00e9s en premier.<\/p>\n<\/li>\n<\/ul>\n<p class=\"ds-markdown-paragraph\">Un stockage appropri\u00e9 permet de pr\u00e9server l\u2019int\u00e9grit\u00e9 du produit et de garantir des performances optimales.<\/p>\n<h2>S\u00e9curit\u00e9:<\/h2>\n<p>De bonnes pratiques d&#039;hygi\u00e8ne industrielle doivent \u00eatre adopt\u00e9es pour \u00e9viter la production de poussi\u00e8re. Consultez la fiche de donn\u00e9es de s\u00e9curit\u00e9.<\/p>\n<h2>Conditionnement:<\/h2>\n<p>Les pigments de dioxyde de titane sont disponibles en sac de 25 kg.<\/p>\n<p>&nbsp;<\/p>\n<p>&nbsp;<\/p>","protected":false},"excerpt":{"rendered":"<p class=\"tmnf_excerpt\">La gamme Tilamon au dioxyde de titane comprend une gamme de pigments TiO\u2082 anatase et rutile hautes performances, produits par proc\u00e9d\u00e9 au sulfate. Con\u00e7us gr\u00e2ce \u00e0 un contr\u00f4le pr\u00e9cis de la granulom\u00e9trie et \u00e0 des technologies de traitement de surface, ces pigments offrent une excellente blancheur, un pouvoir colorant \u00e9lev\u00e9, une faible absorption d&#039;huile et une dispersibilit\u00e9 exceptionnelle. Adapt\u00e9s \u00e0 un large spectre d&#039;applications, notamment les rev\u00eatements, les plastiques, le caoutchouc, le papier, l&#039;encre, le cuir et les fibres, chaque grade est con\u00e7u pour r\u00e9pondre aux exigences sp\u00e9cifiques de l&#039;industrie. Qu&#039;ils soient destin\u00e9s \u00e0 un usage g\u00e9n\u00e9ral ou \u00e0 des formulations sp\u00e9cialis\u00e9es, les pigments TiO\u2082 Tilamon garantissent une qualit\u00e9 constante et des performances fiables.\n<\/p>","protected":false},"featured_media":11109,"template":"","meta":{"_acf_changed":false},"product_brand":[],"product_cat":[61],"product_tag":[54],"class_list":{"0":"post-11757","1":"product","2":"type-product","3":"status-publish","4":"has-post-thumbnail","6":"product_cat-titanium-dioxide","7":"product_tag-hot-sell","9":"first","10":"instock","11":"shipping-taxable","12":"product-type-simple"},"acf":[],"yoast_head":"<!-- This site is optimized with the Yoast SEO plugin v27.4 - https:\/\/yoast.com\/product\/yoast-seo-wordpress\/ -->\n<title>Tilamon Titanium Dioxide Series - rawchemicalmart.com<\/title>\n<meta name=\"robots\" content=\"index, follow, max-snippet:-1, max-image-preview:large, max-video-preview:-1\" \/>\n<link rel=\"canonical\" href=\"https:\/\/rawchemicalmart.com\/fr\/produit\/tilamon-titanium-dioxide-series\/\" \/>\n<meta property=\"og:locale\" content=\"fr_FR\" \/>\n<meta property=\"og:type\" content=\"article\" \/>\n<meta property=\"og:title\" content=\"Tilamon Titanium Dioxide Series - rawchemicalmart.com\" \/>\n<meta property=\"og:description\" content=\"The Tilamon Titanium Dioxide Series includes a range of high-performance anatase and rutile TiO\u2082 pigments produced by the sulfate process. Engineered with precise particle size control and surface treatment technologies, these pigments deliver excellent whiteness, high tinting strength, low oil absorption, and outstanding dispersibility. Suitable for a broad spectrum of applications, including coatings, plastics, rubber, paper, ink, leather, and fibers, each grade is tailored to meet specific industry demands. Whether for general-purpose use or specialized formulations, Tilamon TiO\u2082 pigments ensure consistent quality and reliable performance.\" \/>\n<meta property=\"og:url\" content=\"https:\/\/rawchemicalmart.com\/fr\/produit\/tilamon-titanium-dioxide-series\/\" \/>\n<meta property=\"og:site_name\" content=\"rawchemicalmart.com\" \/>\n<meta property=\"article:modified_time\" content=\"2026-01-23T07:59:24+00:00\" \/>\n<meta property=\"og:image\" content=\"https:\/\/rawchemicalmart.com\/wp-content\/uploads\/2025\/05\/tilamon-titanium-dioxide_1.png\" \/>\n\t<meta property=\"og:image:width\" content=\"800\" \/>\n\t<meta property=\"og:image:height\" content=\"800\" \/>\n\t<meta property=\"og:image:type\" content=\"image\/png\" \/>\n<meta name=\"twitter:card\" content=\"summary_large_image\" \/>\n<script type=\"application\/ld+json\" class=\"yoast-schema-graph\">{\"@context\":\"https:\\\/\\\/schema.org\",\"@graph\":[{\"@type\":\"WebPage\",\"@id\":\"https:\\\/\\\/rawchemicalmart.com\\\/product\\\/tilamon-titanium-dioxide-series\\\/\",\"url\":\"https:\\\/\\\/rawchemicalmart.com\\\/product\\\/tilamon-titanium-dioxide-series\\\/\",\"name\":\"Tilamon Titanium Dioxide Series - rawchemicalmart.com\",\"isPartOf\":{\"@id\":\"https:\\\/\\\/rawchemicalmart.com\\\/#website\"},\"primaryImageOfPage\":{\"@id\":\"https:\\\/\\\/rawchemicalmart.com\\\/product\\\/tilamon-titanium-dioxide-series\\\/#primaryimage\"},\"image\":{\"@id\":\"https:\\\/\\\/rawchemicalmart.com\\\/product\\\/tilamon-titanium-dioxide-series\\\/#primaryimage\"},\"thumbnailUrl\":\"https:\\\/\\\/rawchemicalmart.com\\\/wp-content\\\/uploads\\\/2025\\\/05\\\/tilamon-titanium-dioxide_1.png\",\"datePublished\":\"2025-06-01T03:00:04+00:00\",\"dateModified\":\"2026-01-23T07:59:24+00:00\",\"breadcrumb\":{\"@id\":\"https:\\\/\\\/rawchemicalmart.com\\\/product\\\/tilamon-titanium-dioxide-series\\\/#breadcrumb\"},\"inLanguage\":\"fr-FR\",\"potentialAction\":[{\"@type\":\"ReadAction\",\"target\":[\"https:\\\/\\\/rawchemicalmart.com\\\/product\\\/tilamon-titanium-dioxide-series\\\/\"]}]},{\"@type\":\"ImageObject\",\"inLanguage\":\"fr-FR\",\"@id\":\"https:\\\/\\\/rawchemicalmart.com\\\/product\\\/tilamon-titanium-dioxide-series\\\/#primaryimage\",\"url\":\"https:\\\/\\\/rawchemicalmart.com\\\/wp-content\\\/uploads\\\/2025\\\/05\\\/tilamon-titanium-dioxide_1.png\",\"contentUrl\":\"https:\\\/\\\/rawchemicalmart.com\\\/wp-content\\\/uploads\\\/2025\\\/05\\\/tilamon-titanium-dioxide_1.png\",\"width\":800,\"height\":800},{\"@type\":\"BreadcrumbList\",\"@id\":\"https:\\\/\\\/rawchemicalmart.com\\\/product\\\/tilamon-titanium-dioxide-series\\\/#breadcrumb\",\"itemListElement\":[{\"@type\":\"ListItem\",\"position\":1,\"name\":\"Home\",\"item\":\"https:\\\/\\\/rawchemicalmart.com\\\/\"},{\"@type\":\"ListItem\",\"position\":2,\"name\":\"Products\",\"item\":\"https:\\\/\\\/rawchemicalmart.com\\\/shop\\\/\"},{\"@type\":\"ListItem\",\"position\":3,\"name\":\"Tilamon Titanium Dioxide Series\"}]},{\"@type\":\"WebSite\",\"@id\":\"https:\\\/\\\/rawchemicalmart.com\\\/#website\",\"url\":\"https:\\\/\\\/rawchemicalmart.com\\\/\",\"name\":\"rawchemicalmart.com\",\"description\":\"Leading Raw Chemicals Supplier\",\"potentialAction\":[{\"@type\":\"SearchAction\",\"target\":{\"@type\":\"EntryPoint\",\"urlTemplate\":\"https:\\\/\\\/rawchemicalmart.com\\\/?s={search_term_string}\"},\"query-input\":{\"@type\":\"PropertyValueSpecification\",\"valueRequired\":true,\"valueName\":\"search_term_string\"}}],\"inLanguage\":\"fr-FR\"}]}<\/script>\n<!-- \/ Yoast SEO plugin. -->","yoast_head_json":{"title":"Tilamon Titanium Dioxide Series - rawchemicalmart.com","robots":{"index":"index","follow":"follow","max-snippet":"max-snippet:-1","max-image-preview":"max-image-preview:large","max-video-preview":"max-video-preview:-1"},"canonical":"https:\/\/rawchemicalmart.com\/fr\/produit\/tilamon-titanium-dioxide-series\/","og_locale":"fr_FR","og_type":"article","og_title":"Tilamon Titanium Dioxide Series - rawchemicalmart.com","og_description":"The Tilamon Titanium Dioxide Series includes a range of high-performance anatase and rutile TiO\u2082 pigments produced by the sulfate process. Engineered with precise particle size control and surface treatment technologies, these pigments deliver excellent whiteness, high tinting strength, low oil absorption, and outstanding dispersibility. Suitable for a broad spectrum of applications, including coatings, plastics, rubber, paper, ink, leather, and fibers, each grade is tailored to meet specific industry demands. Whether for general-purpose use or specialized formulations, Tilamon TiO\u2082 pigments ensure consistent quality and reliable performance.","og_url":"https:\/\/rawchemicalmart.com\/fr\/produit\/tilamon-titanium-dioxide-series\/","og_site_name":"rawchemicalmart.com","article_modified_time":"2026-01-23T07:59:24+00:00","og_image":[{"width":800,"height":800,"url":"https:\/\/rawchemicalmart.com\/wp-content\/uploads\/2025\/05\/tilamon-titanium-dioxide_1.png","type":"image\/png"}],"twitter_card":"summary_large_image","schema":{"@context":"https:\/\/schema.org","@graph":[{"@type":"WebPage","@id":"https:\/\/rawchemicalmart.com\/product\/tilamon-titanium-dioxide-series\/","url":"https:\/\/rawchemicalmart.com\/product\/tilamon-titanium-dioxide-series\/","name":"Tilamon Titanium Dioxide Series - rawchemicalmart.com","isPartOf":{"@id":"https:\/\/rawchemicalmart.com\/#website"},"primaryImageOfPage":{"@id":"https:\/\/rawchemicalmart.com\/product\/tilamon-titanium-dioxide-series\/#primaryimage"},"image":{"@id":"https:\/\/rawchemicalmart.com\/product\/tilamon-titanium-dioxide-series\/#primaryimage"},"thumbnailUrl":"https:\/\/rawchemicalmart.com\/wp-content\/uploads\/2025\/05\/tilamon-titanium-dioxide_1.png","datePublished":"2025-06-01T03:00:04+00:00","dateModified":"2026-01-23T07:59:24+00:00","breadcrumb":{"@id":"https:\/\/rawchemicalmart.com\/product\/tilamon-titanium-dioxide-series\/#breadcrumb"},"inLanguage":"fr-FR","potentialAction":[{"@type":"ReadAction","target":["https:\/\/rawchemicalmart.com\/product\/tilamon-titanium-dioxide-series\/"]}]},{"@type":"ImageObject","inLanguage":"fr-FR","@id":"https:\/\/rawchemicalmart.com\/product\/tilamon-titanium-dioxide-series\/#primaryimage","url":"https:\/\/rawchemicalmart.com\/wp-content\/uploads\/2025\/05\/tilamon-titanium-dioxide_1.png","contentUrl":"https:\/\/rawchemicalmart.com\/wp-content\/uploads\/2025\/05\/tilamon-titanium-dioxide_1.png","width":800,"height":800},{"@type":"BreadcrumbList","@id":"https:\/\/rawchemicalmart.com\/product\/tilamon-titanium-dioxide-series\/#breadcrumb","itemListElement":[{"@type":"ListItem","position":1,"name":"Home","item":"https:\/\/rawchemicalmart.com\/"},{"@type":"ListItem","position":2,"name":"Products","item":"https:\/\/rawchemicalmart.com\/shop\/"},{"@type":"ListItem","position":3,"name":"Tilamon Titanium Dioxide Series"}]},{"@type":"WebSite","@id":"https:\/\/rawchemicalmart.com\/#website","url":"https:\/\/rawchemicalmart.com\/","name":"rawchemicalmart.com","description":"Fournisseur leader de produits chimiques bruts","potentialAction":[{"@type":"SearchAction","target":{"@type":"EntryPoint","urlTemplate":"https:\/\/rawchemicalmart.com\/?s={search_term_string}"},"query-input":{"@type":"PropertyValueSpecification","valueRequired":true,"valueName":"search_term_string"}}],"inLanguage":"fr-FR"}]}},"_links":{"self":[{"href":"https:\/\/rawchemicalmart.com\/fr\/wp-json\/wp\/v2\/product\/11757","targetHints":{"allow":["GET"]}}],"collection":[{"href":"https:\/\/rawchemicalmart.com\/fr\/wp-json\/wp\/v2\/product"}],"about":[{"href":"https:\/\/rawchemicalmart.com\/fr\/wp-json\/wp\/v2\/types\/product"}],"wp:featuredmedia":[{"embeddable":true,"href":"https:\/\/rawchemicalmart.com\/fr\/wp-json\/wp\/v2\/media\/11109"}],"wp:attachment":[{"href":"https:\/\/rawchemicalmart.com\/fr\/wp-json\/wp\/v2\/media?parent=11757"}],"wp:term":[{"taxonomy":"product_brand","embeddable":true,"href":"https:\/\/rawchemicalmart.com\/fr\/wp-json\/wp\/v2\/product_brand?post=11757"},{"taxonomy":"product_cat","embeddable":true,"href":"https:\/\/rawchemicalmart.com\/fr\/wp-json\/wp\/v2\/product_cat?post=11757"},{"taxonomy":"product_tag","embeddable":true,"href":"https:\/\/rawchemicalmart.com\/fr\/wp-json\/wp\/v2\/product_tag?post=11757"}],"curies":[{"name":"wp","href":"https:\/\/api.w.org\/{rel}","templated":true}]}}