{"id":11626,"date":"2025-05-24T01:00:28","date_gmt":"2025-05-24T01:00:28","guid":{"rendered":"https:\/\/rawchemicalmart.com\/?post_type=product&#038;p=11626"},"modified":"2025-06-07T01:24:42","modified_gmt":"2025-06-07T01:24:42","slug":"gomme-xanthane","status":"publish","type":"product","link":"https:\/\/rawchemicalmart.com\/fr\/produit\/gomme-xanthane\/","title":{"rendered":"gomme xanthane"},"content":{"rendered":"<h2 class=\"md-end-block md-heading md-focus\"><span class=\"md-plain md-expand\">Sp\u00e9cification:<\/span><\/h2>\n<div class=\"table-scroll-wrapper\">\n<table id=\"tablepress-34\" class=\"tablepress tablepress-id-34\">\n<thead>\n<tr class=\"row-1\">\n\t<th class=\"column-1\">Param\u00e8tre<\/th><th class=\"column-2\">Sp\u00e9cification<\/th>\n<\/tr>\n<\/thead>\n<tbody class=\"row-striping row-hover\">\n<tr class=\"row-2\">\n\t<td class=\"column-1\">Apparence<\/td><td class=\"column-2\">Poudre blanche ou jaune clair<\/td>\n<\/tr>\n<tr class=\"row-3\">\n\t<td class=\"column-1\">Taille des particules (mailles)<\/td><td class=\"column-2\">100% \u00e0 60 mesh<br \/>\nPas moins de 95% \u00e0 travers 80 mesh<\/td>\n<\/tr>\n<tr class=\"row-4\">\n\t<td class=\"column-1\">Viscosit\u00e9 (cp, 1% KCL)<\/td><td class=\"column-2\">1200-1700<\/td>\n<\/tr>\n<tr class=\"row-5\">\n\t<td class=\"column-1\">rapport de cisaillement<\/td><td class=\"column-2\">\u22656,5<\/td>\n<\/tr>\n<tr class=\"row-6\">\n\t<td class=\"column-1\">V1\/V2<\/td><td class=\"column-2\">1,02 \u00e0 1,45<\/td>\n<\/tr>\n<tr class=\"row-7\">\n\t<td class=\"column-1\">pH (solution 1%)<\/td><td class=\"column-2\">6.0-8.0<\/td>\n<\/tr>\n<tr class=\"row-8\">\n\t<td class=\"column-1\">Perte au s\u00e9chage (%)<\/td><td class=\"column-2\">\u226415<\/td>\n<\/tr>\n<tr class=\"row-9\">\n\t<td class=\"column-1\">Cendres (%)<\/td><td class=\"column-2\">\u226416<\/td>\n<\/tr>\n<tr class=\"row-10\">\n\t<td class=\"column-1\">Pb (ppm)<\/td><td class=\"column-2\">\u22642<\/td>\n<\/tr>\n<tr class=\"row-11\">\n\t<td class=\"column-1\">Azote total (%)<\/td><td class=\"column-2\">\u22641,5<\/td>\n<\/tr>\n<tr class=\"row-12\">\n\t<td class=\"column-1\">Acide pyruvique (%)<\/td><td class=\"column-2\">\u22651,5<\/td>\n<\/tr>\n<tr class=\"row-13\">\n\t<td class=\"column-1\">Num\u00e9ration totale sur plaque (UFC\/g)<\/td><td class=\"column-2\">\u22642000<\/td>\n<\/tr>\n<tr class=\"row-14\">\n\t<td class=\"column-1\">Moisissures\/Levures (UFC\/g)<\/td><td class=\"column-2\">\u2264100<\/td>\n<\/tr>\n<tr class=\"row-15\">\n\t<td class=\"column-1\">Coliformes (NPP\/g)<\/td><td class=\"column-2\">\u22640,3<\/td>\n<\/tr>\n<tr class=\"row-16\">\n\t<td class=\"column-1\">Salmonella<\/td><td class=\"column-2\">Absent<\/td>\n<\/tr>\n<\/tbody>\n<\/table>\n<!-- #tablepress-34 from cache --><\/div>\n<h2 class=\"md-end-block md-heading\"><span class=\"md-plain\">Caract\u00e9ristiques:<\/span><\/h2>\n<ul class=\"ul-list\" data-mark=\"-\">\n<li class=\"md-list-item\">\n<p class=\"md-end-block md-p\"><span class=\"md-plain\">\u00c9paississant et stabilisant sup\u00e9rieur : offre d&#039;excellentes propri\u00e9t\u00e9s \u00e9paississantes, id\u00e9ales pour une vari\u00e9t\u00e9 de formulations.<\/span><\/p>\n<\/li>\n<li class=\"md-list-item\">\n<p class=\"md-end-block md-p\"><span class=\"md-plain\">R\u00e9sistance au cisaillement : maintient la viscosit\u00e9 sous cisaillement, garantissant des performances constantes dans les environnements \u00e0 cisaillement \u00e9lev\u00e9.<\/span><\/p>\n<\/li>\n<li class=\"md-list-item\">\n<p class=\"md-end-block md-p\"><span class=\"md-plain\">Pseudo-plasticit\u00e9 : Pr\u00e9sente un comportement rh\u00e9ologique unique, am\u00e9liorant la texture et la stabilit\u00e9 des produits.<\/span><\/p>\n<\/li>\n<li class=\"md-list-item\">\n<p class=\"md-end-block md-p\"><span class=\"md-plain\">Polyvalent : largement utilis\u00e9 dans diverses industries, telles que l&#039;alimentation, les produits pharmaceutiques, le forage p\u00e9trolier et la chimie fine.<\/span><\/p>\n<\/li>\n<\/ul>\n<h2 class=\"md-end-block md-heading\"><span class=\"md-plain\">Applications :<\/span><\/h2>\n<ul class=\"ul-list\" data-mark=\"-\">\n<li class=\"md-list-item\">\n<p class=\"md-end-block md-p\"><span class=\"md-plain\">Alimentation : Sauces pour salades, mayonnaise, boissons, soupes et vinaigrettes.<\/span><\/p>\n<\/li>\n<li class=\"md-list-item\">\n<p class=\"md-end-block md-p\"><span class=\"md-plain\">Produits pharmaceutiques : Utilis\u00e9 comme liant et agent \u00e9paississant dans les formulations.<\/span><\/p>\n<\/li>\n<li class=\"md-list-item\">\n<p class=\"md-end-block md-p\"><span class=\"md-plain\">Chimie fine : Dans diverses applications sp\u00e9cialis\u00e9es n\u00e9cessitant un contr\u00f4le de la viscosit\u00e9 et des effets stabilisateurs.<\/span><\/p>\n<\/li>\n<li class=\"md-list-item\">\n<p class=\"md-end-block md-p\"><span class=\"md-plain\">Forage p\u00e9trolier : utilis\u00e9 dans les fluides de forage pour am\u00e9liorer la viscosit\u00e9 et le contr\u00f4le des pertes de fluide.<\/span><\/p>\n<\/li>\n<\/ul>\n<h2 class=\"md-end-block md-heading\"><span class=\"md-plain\">Emballage:<\/span><\/h2>\n<ul class=\"ul-list\" data-mark=\"-\">\n<li class=\"md-list-item\">\n<p class=\"md-end-block md-p\"><span class=\"md-plain\">Options d&#039;emballage :<\/span><\/p>\n<ul class=\"ul-list\" data-mark=\"-\">\n<li class=\"md-list-item\">\n<p class=\"md-end-block md-p\"><span class=\"md-plain\">Sac en papier kraft de 25 kg<\/span><\/p>\n<\/li>\n<li class=\"md-list-item\">\n<p class=\"md-end-block md-p\"><span class=\"md-plain\">Tambour \u00e0 papier<\/span><\/p>\n<\/li>\n<li class=\"md-list-item\">\n<p class=\"md-end-block md-p\"><span class=\"md-plain\">Carton (tous avec sacs int\u00e9rieurs en poly\u00e9thyl\u00e8ne)<\/span><\/p>\n<\/li>\n<\/ul>\n<\/li>\n<\/ul>\n<h2 class=\"md-end-block md-heading\"><span class=\"md-plain\">Stockage:<\/span><\/h2>\n<ul class=\"ul-list\" data-mark=\"-\">\n<li class=\"md-list-item\">\n<p class=\"md-end-block md-p\"><span class=\"md-plain\">Conditions\u00a0: Conserver dans un endroit a\u00e9r\u00e9, propre, sec et frais. Ne pas conserver avec des substances toxiques, nocives ou corrosives.<\/span><\/p>\n<\/li>\n<li class=\"md-list-item md-focus-container\">\n<p class=\"md-end-block md-p md-focus\"><span class=\"md-plain\">Dur\u00e9e de conservation : 24 mois \u00e0 compter de la date de production, lorsqu&#039;il est stock\u00e9 dans les conditions recommand\u00e9es et avec l&#039;emballage d&#039;origine intact.<\/span><\/p>\n<\/li>\n<\/ul>","protected":false},"excerpt":{"rendered":"<p class=\"tmnf_excerpt\">La gomme xanthane est un polysaccharide biologique hydrophile issu de l&#039;amidon de ma\u00efs par fermentation avec Xanthomonas campestris, suivie d&#039;\u00e9tapes d&#039;extraction, de s\u00e9chage et de broyage. Reconnue pour ses propri\u00e9t\u00e9s \u00e9paississantes et stabilisantes sup\u00e9rieures, sa r\u00e9sistance au cisaillement et son comportement rh\u00e9ologique pseudoplastique unique, la gomme xanthane est largement utilis\u00e9e dans diverses industries telles que l&#039;agroalimentaire, la pharmacie, la chimie fine et le forage p\u00e9trolier.\n<\/p>","protected":false},"featured_media":11137,"template":"","meta":{"_acf_changed":false},"product_brand":[],"product_cat":[51],"product_tag":[54],"class_list":{"0":"post-11626","1":"product","2":"type-product","3":"status-publish","4":"has-post-thumbnail","6":"product_cat-oilfields","7":"product_tag-hot-sell","9":"first","10":"instock","11":"shipping-taxable","12":"product-type-simple"},"acf":[],"yoast_head":"<!-- This site is optimized with the Yoast SEO plugin v27.4 - https:\/\/yoast.com\/product\/yoast-seo-wordpress\/ -->\n<title>xanthan gum - rawchemicalmart.com<\/title>\n<meta name=\"robots\" content=\"index, follow, max-snippet:-1, max-image-preview:large, max-video-preview:-1\" \/>\n<link rel=\"canonical\" href=\"https:\/\/rawchemicalmart.com\/fr\/produit\/gomme-xanthane\/\" \/>\n<meta property=\"og:locale\" content=\"fr_FR\" \/>\n<meta property=\"og:type\" content=\"article\" \/>\n<meta property=\"og:title\" content=\"xanthan gum - rawchemicalmart.com\" \/>\n<meta property=\"og:description\" content=\"anthan gum is a hydrophilic biological polysaccharide derived from corn starch through fermentation with Xanthomonas campestris, followed by extraction, drying, and grinding processes. Known for its superior thickening and stabilizing properties, shear resistance, and unique pseudo-plastic rheological behavior, xanthan gum is widely used in various industries such as food, pharmaceuticals, fine chemicals, and oil drilling.\" \/>\n<meta property=\"og:url\" content=\"https:\/\/rawchemicalmart.com\/fr\/produit\/gomme-xanthane\/\" \/>\n<meta property=\"og:site_name\" content=\"rawchemicalmart.com\" \/>\n<meta property=\"article:modified_time\" content=\"2025-06-07T01:24:42+00:00\" \/>\n<meta property=\"og:image\" content=\"https:\/\/rawchemicalmart.com\/wp-content\/uploads\/2025\/05\/xanthan-gum-2025-01-14_1.png\" \/>\n\t<meta property=\"og:image:width\" content=\"800\" \/>\n\t<meta property=\"og:image:height\" content=\"800\" \/>\n\t<meta property=\"og:image:type\" content=\"image\/png\" \/>\n<meta name=\"twitter:card\" content=\"summary_large_image\" \/>\n<meta name=\"twitter:label1\" content=\"Dur\u00e9e de lecture estim\u00e9e\" \/>\n\t<meta name=\"twitter:data1\" content=\"1 minute\" \/>\n<script type=\"application\/ld+json\" class=\"yoast-schema-graph\">{\"@context\":\"https:\\\/\\\/schema.org\",\"@graph\":[{\"@type\":\"WebPage\",\"@id\":\"https:\\\/\\\/rawchemicalmart.com\\\/pt\\\/produto\\\/xanthan-gum\\\/\",\"url\":\"https:\\\/\\\/rawchemicalmart.com\\\/pt\\\/produto\\\/xanthan-gum\\\/\",\"name\":\"xanthan gum - rawchemicalmart.com\",\"isPartOf\":{\"@id\":\"https:\\\/\\\/rawchemicalmart.com\\\/#website\"},\"primaryImageOfPage\":{\"@id\":\"https:\\\/\\\/rawchemicalmart.com\\\/pt\\\/produto\\\/xanthan-gum\\\/#primaryimage\"},\"image\":{\"@id\":\"https:\\\/\\\/rawchemicalmart.com\\\/pt\\\/produto\\\/xanthan-gum\\\/#primaryimage\"},\"thumbnailUrl\":\"https:\\\/\\\/rawchemicalmart.com\\\/wp-content\\\/uploads\\\/2025\\\/05\\\/xanthan-gum-2025-01-14_1.png\",\"datePublished\":\"2025-05-24T01:00:28+00:00\",\"dateModified\":\"2025-06-07T01:24:42+00:00\",\"breadcrumb\":{\"@id\":\"https:\\\/\\\/rawchemicalmart.com\\\/pt\\\/produto\\\/xanthan-gum\\\/#breadcrumb\"},\"inLanguage\":\"fr-FR\",\"potentialAction\":[{\"@type\":\"ReadAction\",\"target\":[\"https:\\\/\\\/rawchemicalmart.com\\\/pt\\\/produto\\\/xanthan-gum\\\/\"]}]},{\"@type\":\"ImageObject\",\"inLanguage\":\"fr-FR\",\"@id\":\"https:\\\/\\\/rawchemicalmart.com\\\/pt\\\/produto\\\/xanthan-gum\\\/#primaryimage\",\"url\":\"https:\\\/\\\/rawchemicalmart.com\\\/wp-content\\\/uploads\\\/2025\\\/05\\\/xanthan-gum-2025-01-14_1.png\",\"contentUrl\":\"https:\\\/\\\/rawchemicalmart.com\\\/wp-content\\\/uploads\\\/2025\\\/05\\\/xanthan-gum-2025-01-14_1.png\",\"width\":800,\"height\":800},{\"@type\":\"BreadcrumbList\",\"@id\":\"https:\\\/\\\/rawchemicalmart.com\\\/pt\\\/produto\\\/xanthan-gum\\\/#breadcrumb\",\"itemListElement\":[{\"@type\":\"ListItem\",\"position\":1,\"name\":\"Home\",\"item\":\"https:\\\/\\\/rawchemicalmart.com\\\/\"},{\"@type\":\"ListItem\",\"position\":2,\"name\":\"Products\",\"item\":\"https:\\\/\\\/rawchemicalmart.com\\\/shop\\\/\"},{\"@type\":\"ListItem\",\"position\":3,\"name\":\"xanthan gum\"}]},{\"@type\":\"WebSite\",\"@id\":\"https:\\\/\\\/rawchemicalmart.com\\\/#website\",\"url\":\"https:\\\/\\\/rawchemicalmart.com\\\/\",\"name\":\"rawchemicalmart.com\",\"description\":\"Leading Raw Chemicals Supplier\",\"potentialAction\":[{\"@type\":\"SearchAction\",\"target\":{\"@type\":\"EntryPoint\",\"urlTemplate\":\"https:\\\/\\\/rawchemicalmart.com\\\/?s={search_term_string}\"},\"query-input\":{\"@type\":\"PropertyValueSpecification\",\"valueRequired\":true,\"valueName\":\"search_term_string\"}}],\"inLanguage\":\"fr-FR\"}]}<\/script>\n<!-- \/ Yoast SEO plugin. -->","yoast_head_json":{"title":"gomme xanthane - rawchemicalmart.com","robots":{"index":"index","follow":"follow","max-snippet":"max-snippet:-1","max-image-preview":"max-image-preview:large","max-video-preview":"max-video-preview:-1"},"canonical":"https:\/\/rawchemicalmart.com\/fr\/produit\/gomme-xanthane\/","og_locale":"fr_FR","og_type":"article","og_title":"xanthan gum - rawchemicalmart.com","og_description":"anthan gum is a hydrophilic biological polysaccharide derived from corn starch through fermentation with Xanthomonas campestris, followed by extraction, drying, and grinding processes. Known for its superior thickening and stabilizing properties, shear resistance, and unique pseudo-plastic rheological behavior, xanthan gum is widely used in various industries such as food, pharmaceuticals, fine chemicals, and oil drilling.","og_url":"https:\/\/rawchemicalmart.com\/fr\/produit\/gomme-xanthane\/","og_site_name":"rawchemicalmart.com","article_modified_time":"2025-06-07T01:24:42+00:00","og_image":[{"width":800,"height":800,"url":"https:\/\/rawchemicalmart.com\/wp-content\/uploads\/2025\/05\/xanthan-gum-2025-01-14_1.png","type":"image\/png"}],"twitter_card":"summary_large_image","twitter_misc":{"Dur\u00e9e de lecture estim\u00e9e":"1 minute"},"schema":{"@context":"https:\/\/schema.org","@graph":[{"@type":"WebPage","@id":"https:\/\/rawchemicalmart.com\/pt\/produto\/xanthan-gum\/","url":"https:\/\/rawchemicalmart.com\/pt\/produto\/xanthan-gum\/","name":"gomme xanthane - rawchemicalmart.com","isPartOf":{"@id":"https:\/\/rawchemicalmart.com\/#website"},"primaryImageOfPage":{"@id":"https:\/\/rawchemicalmart.com\/pt\/produto\/xanthan-gum\/#primaryimage"},"image":{"@id":"https:\/\/rawchemicalmart.com\/pt\/produto\/xanthan-gum\/#primaryimage"},"thumbnailUrl":"https:\/\/rawchemicalmart.com\/wp-content\/uploads\/2025\/05\/xanthan-gum-2025-01-14_1.png","datePublished":"2025-05-24T01:00:28+00:00","dateModified":"2025-06-07T01:24:42+00:00","breadcrumb":{"@id":"https:\/\/rawchemicalmart.com\/pt\/produto\/xanthan-gum\/#breadcrumb"},"inLanguage":"fr-FR","potentialAction":[{"@type":"ReadAction","target":["https:\/\/rawchemicalmart.com\/pt\/produto\/xanthan-gum\/"]}]},{"@type":"ImageObject","inLanguage":"fr-FR","@id":"https:\/\/rawchemicalmart.com\/pt\/produto\/xanthan-gum\/#primaryimage","url":"https:\/\/rawchemicalmart.com\/wp-content\/uploads\/2025\/05\/xanthan-gum-2025-01-14_1.png","contentUrl":"https:\/\/rawchemicalmart.com\/wp-content\/uploads\/2025\/05\/xanthan-gum-2025-01-14_1.png","width":800,"height":800},{"@type":"BreadcrumbList","@id":"https:\/\/rawchemicalmart.com\/pt\/produto\/xanthan-gum\/#breadcrumb","itemListElement":[{"@type":"ListItem","position":1,"name":"Home","item":"https:\/\/rawchemicalmart.com\/"},{"@type":"ListItem","position":2,"name":"Products","item":"https:\/\/rawchemicalmart.com\/shop\/"},{"@type":"ListItem","position":3,"name":"xanthan gum"}]},{"@type":"WebSite","@id":"https:\/\/rawchemicalmart.com\/#website","url":"https:\/\/rawchemicalmart.com\/","name":"rawchemicalmart.com","description":"Fournisseur leader de produits chimiques bruts","potentialAction":[{"@type":"SearchAction","target":{"@type":"EntryPoint","urlTemplate":"https:\/\/rawchemicalmart.com\/?s={search_term_string}"},"query-input":{"@type":"PropertyValueSpecification","valueRequired":true,"valueName":"search_term_string"}}],"inLanguage":"fr-FR"}]}},"_links":{"self":[{"href":"https:\/\/rawchemicalmart.com\/fr\/wp-json\/wp\/v2\/product\/11626","targetHints":{"allow":["GET"]}}],"collection":[{"href":"https:\/\/rawchemicalmart.com\/fr\/wp-json\/wp\/v2\/product"}],"about":[{"href":"https:\/\/rawchemicalmart.com\/fr\/wp-json\/wp\/v2\/types\/product"}],"wp:featuredmedia":[{"embeddable":true,"href":"https:\/\/rawchemicalmart.com\/fr\/wp-json\/wp\/v2\/media\/11137"}],"wp:attachment":[{"href":"https:\/\/rawchemicalmart.com\/fr\/wp-json\/wp\/v2\/media?parent=11626"}],"wp:term":[{"taxonomy":"product_brand","embeddable":true,"href":"https:\/\/rawchemicalmart.com\/fr\/wp-json\/wp\/v2\/product_brand?post=11626"},{"taxonomy":"product_cat","embeddable":true,"href":"https:\/\/rawchemicalmart.com\/fr\/wp-json\/wp\/v2\/product_cat?post=11626"},{"taxonomy":"product_tag","embeddable":true,"href":"https:\/\/rawchemicalmart.com\/fr\/wp-json\/wp\/v2\/product_tag?post=11626"}],"curies":[{"name":"wp","href":"https:\/\/api.w.org\/{rel}","templated":true}]}}