{"id":11624,"date":"2025-05-24T00:58:18","date_gmt":"2025-05-24T00:58:18","guid":{"rendered":"https:\/\/rawchemicalmart.com\/?post_type=product&#038;p=11624"},"modified":"2025-06-07T01:18:08","modified_gmt":"2025-06-07T01:18:08","slug":"acide-trichloroisocyanurique","status":"publish","type":"product","link":"https:\/\/rawchemicalmart.com\/fr\/produit\/acide-trichloroisocyanurique\/","title":{"rendered":"Acide trichloroisocyanurique"},"content":{"rendered":"<h2 class=\"md-end-block md-heading md-focus\"><span class=\"md-plain md-expand\">Caract\u00e9ristiques:<\/span><\/h2>\n<div class=\"table-scroll-wrapper\">\n<table id=\"tablepress-57\" class=\"tablepress tablepress-id-57\">\n<thead>\n<tr class=\"row-1\">\n\t<th class=\"column-1\">Propri\u00e9t\u00e9<\/th><th class=\"column-2\">Sp\u00e9cification<\/th>\n<\/tr>\n<\/thead>\n<tbody class=\"row-striping row-hover\">\n<tr class=\"row-2\">\n\t<td class=\"column-1\">Formule chimique<\/td><td class=\"column-2\">C\u2083Cl\u2083N\u2083O\u2083<\/td>\n<\/tr>\n<tr class=\"row-3\">\n\t<td class=\"column-1\">Poids mol\u00e9culaire<\/td><td class=\"column-2\">232,41 g\/mol<\/td>\n<\/tr>\n<tr class=\"row-4\">\n\t<td class=\"column-1\">Chlore disponible<\/td><td class=\"column-2\">\u2265 90%<\/td>\n<\/tr>\n<tr class=\"row-5\">\n\t<td class=\"column-1\">Apparence<\/td><td class=\"column-2\">Poudre\/granul\u00e9s cristallins blancs<\/td>\n<\/tr>\n<tr class=\"row-6\">\n\t<td class=\"column-1\">Solubilit\u00e9 (dans l&#039;eau)<\/td><td class=\"column-2\">12 g\/L (\u00e0 25\u00b0C)<\/td>\n<\/tr>\n<tr class=\"row-7\">\n\t<td class=\"column-1\">pH (solution 1%)<\/td><td class=\"column-2\">2,7\u20133,3<\/td>\n<\/tr>\n<tr class=\"row-8\">\n\t<td class=\"column-1\">Teneur en humidit\u00e9<\/td><td class=\"column-2\">\u2264 0,5%<\/td>\n<\/tr>\n<tr class=\"row-9\">\n\t<td class=\"column-1\">Point de fusion<\/td><td class=\"column-2\">225\u2013230 \u00b0C (se d\u00e9compose)<\/td>\n<\/tr>\n<tr class=\"row-10\">\n\t<td class=\"column-1\">Densit\u00e9 apparente<\/td><td class=\"column-2\">0,7\u20130,9 g\/cm\u00b3<\/td>\n<\/tr>\n<\/tbody>\n<\/table>\n<!-- #tablepress-57 from cache --><\/div>\n<h2 class=\"md-end-block md-heading\"><span class=\"md-plain\">Caract\u00e9ristiques:<\/span><\/h2>\n<ul class=\"ul-list\" data-mark=\"-\">\n<li class=\"md-list-item\">\n<p class=\"md-end-block md-p\"><span class=\"md-pair-s\"><strong><span class=\"md-plain\">Teneur \u00e9lev\u00e9e en chlore<\/span><\/strong><\/span><span class=\"md-plain\">: Le TCCA contient jusqu&#039;\u00e0 90% de chlore disponible, ce qui en fait un d\u00e9sinfectant puissant.<\/span><\/p>\n<\/li>\n<li class=\"md-list-item\">\n<p class=\"md-end-block md-p\"><span class=\"md-pair-s\"><strong><span class=\"md-plain\">Stabilit\u00e9<\/span><\/strong><\/span><span class=\"md-plain\">:Il reste stable dans des conditions s\u00e8ches et lib\u00e8re progressivement du chlore lorsqu&#039;il est dissous dans l&#039;eau.<\/span><\/p>\n<\/li>\n<li class=\"md-list-item\">\n<p class=\"md-end-block md-p\"><span class=\"md-pair-s\"><strong><span class=\"md-plain\">Efficacit\u00e9<\/span><\/strong><\/span><span class=\"md-plain\">:Efficace \u00e0 de faibles concentrations, ce qui le rend rentable.<\/span><\/p>\n<\/li>\n<li class=\"md-list-item\">\n<p class=\"md-end-block md-p\"><span class=\"md-pair-s\"><strong><span class=\"md-plain\">Versatilit\u00e9<\/span><\/strong><\/span><span class=\"md-plain\">:Convient \u00e0 une large gamme d&#039;applications, notamment le traitement de l&#039;eau, l&#039;assainissement et les processus industriels.<\/span><\/p>\n<\/li>\n<li class=\"md-list-item\">\n<p class=\"md-end-block md-p\"><span class=\"md-pair-s\"><strong><span class=\"md-plain\">S\u00e9curit\u00e9<\/span><\/strong><\/span><span class=\"md-plain\">:Facile \u00e0 manipuler et \u00e0 stocker lorsque les pr\u00e9cautions appropri\u00e9es sont respect\u00e9es.<\/span><\/p>\n<\/li>\n<\/ul>\n<h2 class=\"md-end-block md-heading\"><span class=\"md-plain\">Applications :<\/span><\/h2>\n<p class=\"md-end-block md-p\"><span class=\"md-plain\">Le TCCA est largement utilis\u00e9 dans les industries et applications suivantes\u00a0:<\/span><\/p>\n<ul class=\"ul-list\" data-mark=\"-\">\n<li class=\"md-list-item\">\n<p class=\"md-end-block md-p\"><span class=\"md-pair-s\"><strong><span class=\"md-plain\">Traitement de l&#039;eau<\/span><\/strong><\/span><span class=\"md-plain\">:D\u00e9sinfection de l&#039;eau potable, des piscines et des eaux us\u00e9es.<\/span><\/p>\n<\/li>\n<li class=\"md-list-item\">\n<p class=\"md-end-block md-p\"><span class=\"md-pair-s\"><strong><span class=\"md-plain\">Sanitaire<\/span><\/strong><\/span><span class=\"md-plain\">:St\u00e9rilisation des surfaces, des \u00e9quipements et des environnements dans les h\u00f4pitaux, la transformation des aliments et l&#039;agriculture.<\/span><\/p>\n<\/li>\n<li class=\"md-list-item\">\n<p class=\"md-end-block md-p\"><span class=\"md-pair-s\"><strong><span class=\"md-plain\">Utilisation industrielle<\/span><\/strong><\/span><span class=\"md-plain\">:Agent de blanchiment dans les industries du textile, du papier et de la p\u00e2te \u00e0 papier.<\/span><\/p>\n<\/li>\n<li class=\"md-list-item\">\n<p class=\"md-end-block md-p\"><span class=\"md-pair-s\"><strong><span class=\"md-plain\">Aquaculture<\/span><\/strong><\/span><span class=\"md-plain\">:Pr\u00e9vention et contr\u00f4le des infections bact\u00e9riennes et fongiques en pisciculture.<\/span><\/p>\n<\/li>\n<li class=\"md-list-item\">\n<p class=\"md-end-block md-p\"><span class=\"md-pair-s\"><strong><span class=\"md-plain\">Nettoyage m\u00e9nager<\/span><\/strong><\/span><span class=\"md-plain\">:Utilis\u00e9 dans les d\u00e9sinfectants m\u00e9nagers et les produits de nettoyage.<\/span><\/p>\n<\/li>\n<\/ul>\n<h2 class=\"md-end-block md-heading\"><span class=\"md-plain\">Conditionnement:<\/span><\/h2>\n<p class=\"md-end-block md-p\"><span class=\"md-plain\">Le TCCA est g\u00e9n\u00e9ralement conditionn\u00e9 sous les formes suivantes pour garantir la s\u00e9curit\u00e9 et la commodit\u00e9\u00a0:<\/span><\/p>\n<ul class=\"ul-list\" data-mark=\"-\">\n<li class=\"md-list-item\">\n<p class=\"md-end-block md-p\"><span class=\"md-pair-s\"><strong><span class=\"md-plain\">Sacs en plastique tiss\u00e9s de 25 kg<\/span><\/strong><\/span><span class=\"md-plain\"> avec doublures int\u00e9rieures en poly\u00e9thyl\u00e8ne.<\/span><\/p>\n<\/li>\n<li class=\"md-list-item\">\n<p class=\"md-end-block md-p\"><span class=\"md-pair-s\"><strong><span class=\"md-plain\">f\u00fbts de 50 kg<\/span><\/strong><\/span><span class=\"md-plain\"> pour usage industriel.<\/span><\/p>\n<\/li>\n<\/ul>\n<h2 class=\"md-end-block md-heading\"><span class=\"md-plain\">Stockage:<\/span><\/h2>\n<ul class=\"ul-list\" data-mark=\"-\">\n<li class=\"md-list-item\">\n<p class=\"md-end-block md-p\"><span class=\"md-plain\">Conserver dans un endroit frais, sec et bien ventil\u00e9, \u00e0 l\u2019abri de la lumi\u00e8re directe du soleil, de la chaleur et de l\u2019humidit\u00e9.<\/span><\/p>\n<\/li>\n<li class=\"md-list-item\">\n<p class=\"md-end-block md-p\"><span class=\"md-plain\">Tenir \u00e0 l\u2019\u00e9cart des mati\u00e8res inflammables, des acides et des agents r\u00e9ducteurs pour \u00e9viter les r\u00e9actions dangereuses.<\/span><\/p>\n<\/li>\n<li class=\"md-list-item\">\n<p class=\"md-end-block md-p\"><span class=\"md-plain\">Assurez-vous que les contenants sont bien ferm\u00e9s pour \u00e9viter l\u2019absorption d\u2019humidit\u00e9 et la perte de chlore.<\/span><\/p>\n<\/li>\n<li class=\"md-list-item\">\n<p class=\"md-end-block md-p\"><span class=\"md-plain\">Respectez les r\u00e9glementations locales en mati\u00e8re de stockage de produits chimiques dangereux.<\/span><\/p>\n<\/li>\n<\/ul>\n<h2 class=\"md-end-block md-heading\"><span class=\"md-plain\">S\u00e9curit\u00e9 et manipulation :<\/span><\/h2>\n<ul class=\"ul-list\" data-mark=\"-\">\n<li class=\"md-list-item\">\n<p class=\"md-end-block md-p\"><span class=\"md-pair-s\"><strong><span class=\"md-plain\">Protection personnelle<\/span><\/strong><\/span><span class=\"md-plain\">:Portez des gants, des lunettes de protection et un masque lorsque vous manipulez du TCCA pour \u00e9viter toute irritation de la peau, des yeux ou des voies respiratoires.<\/span><\/p>\n<\/li>\n<li class=\"md-list-item\">\n<p class=\"md-end-block md-p\"><span class=\"md-pair-s\"><strong><span class=\"md-plain\">Ventilation<\/span><\/strong><\/span><span class=\"md-plain\">:Utiliser dans des zones bien ventil\u00e9es pour \u00e9viter l&#039;inhalation de chlore gazeux.<\/span><\/p>\n<\/li>\n<li class=\"md-list-item\">\n<p class=\"md-end-block md-p\"><span class=\"md-pair-s\"><strong><span class=\"md-plain\">Gestion des d\u00e9versements<\/span><\/strong><\/span><span class=\"md-plain\">En cas de d\u00e9versement, r\u00e9cup\u00e9rer le produit et l&#039;\u00e9liminer conform\u00e9ment \u00e0 la r\u00e9glementation locale. \u00c9viter tout contact avec l&#039;eau afin d&#039;\u00e9viter la lib\u00e9ration de chlore.<\/span><\/p>\n<\/li>\n<li class=\"md-list-item\">\n<p class=\"md-end-block md-p\"><span class=\"md-pair-s\"><strong><span class=\"md-plain\">PREMIERS SECOURS<\/span><\/strong><\/span><span class=\"md-plain\">:En cas de contact, rincer abondamment \u00e0 l&#039;eau et consulter un m\u00e9decin si n\u00e9cessaire.<\/span><\/p>\n<\/li>\n<\/ul>\n<h2 class=\"md-end-block md-heading\"><span class=\"md-plain\">Impact environnemental :<\/span><\/h2>\n<ul class=\"ul-list\" data-mark=\"-\">\n<li class=\"md-list-item\">\n<p class=\"md-end-block md-p\"><span class=\"md-plain\">Le TCCA est un d\u00e9sinfectant efficace mais doit \u00eatre utilis\u00e9 de mani\u00e8re responsable pour minimiser l\u2019impact environnemental.<\/span><\/p>\n<\/li>\n<li class=\"md-list-item\">\n<p class=\"md-end-block md-p\"><span class=\"md-plain\">\u00c9viter le rejet direct dans les plans d\u2019eau naturels sans traitement appropri\u00e9.<\/span><\/p>\n<\/li>\n<li class=\"md-list-item md-focus-container\">\n<p class=\"md-end-block md-p md-focus\"><span class=\"md-plain\">Respectez les r\u00e9glementations environnementales locales en mati\u00e8re d\u2019\u00e9limination.<\/span><\/p>\n<\/li>\n<\/ul>","protected":false},"excerpt":{"rendered":"<p class=\"tmnf_excerpt\">L&#039;acide trichloroisocyanurique (TCCA) est une poudre cristalline blanche ou un solide granulaire d\u00e9gageant une forte odeur de chlore. C&#039;est un puissant agent de chloration et de d\u00e9sinfection largement utilis\u00e9 dans le traitement de l&#039;eau, l&#039;assainissement et les applications industrielles. Le TCCA est tr\u00e8s efficace gr\u00e2ce \u00e0 sa forte teneur en chlore et \u00e0 sa stabilit\u00e9 dans diverses conditions.\n<\/p>","protected":false},"featured_media":11146,"template":"","meta":{"_acf_changed":false},"product_brand":[],"product_cat":[50],"product_tag":[],"class_list":{"0":"post-11624","1":"product","2":"type-product","3":"status-publish","4":"has-post-thumbnail","6":"product_cat-water-treatment","8":"first","9":"instock","10":"shipping-taxable","11":"product-type-simple"},"acf":[],"yoast_head":"<!-- This site is optimized with the Yoast SEO plugin v27.4 - https:\/\/yoast.com\/product\/yoast-seo-wordpress\/ -->\n<title>Trichloroisocyanuric acid - rawchemicalmart.com<\/title>\n<meta name=\"robots\" content=\"index, follow, max-snippet:-1, max-image-preview:large, max-video-preview:-1\" \/>\n<link rel=\"canonical\" href=\"https:\/\/rawchemicalmart.com\/fr\/produit\/acide-trichloroisocyanurique\/\" \/>\n<meta property=\"og:locale\" content=\"fr_FR\" \/>\n<meta property=\"og:type\" content=\"article\" \/>\n<meta property=\"og:title\" content=\"Trichloroisocyanuric acid - rawchemicalmart.com\" \/>\n<meta property=\"og:description\" content=\"Trichloroisocyanuric Acid (TCCA) is a white crystalline powder or granular solid with a strong chlorine odor. It is a powerful chlorinating agent and disinfectant widely used in water treatment, sanitation, and industrial applications. TCCA is highly effective due to its high chlorine content and stability in various conditions.\" \/>\n<meta property=\"og:url\" content=\"https:\/\/rawchemicalmart.com\/fr\/produit\/acide-trichloroisocyanurique\/\" \/>\n<meta property=\"og:site_name\" content=\"rawchemicalmart.com\" \/>\n<meta property=\"article:modified_time\" content=\"2025-06-07T01:18:08+00:00\" \/>\n<meta property=\"og:image\" content=\"https:\/\/rawchemicalmart.com\/wp-content\/uploads\/2025\/05\/Trichloroisocyanuric-acid_1.png\" \/>\n\t<meta property=\"og:image:width\" content=\"800\" \/>\n\t<meta property=\"og:image:height\" content=\"800\" \/>\n\t<meta property=\"og:image:type\" content=\"image\/png\" \/>\n<meta name=\"twitter:card\" content=\"summary_large_image\" \/>\n<meta name=\"twitter:label1\" content=\"Dur\u00e9e de lecture estim\u00e9e\" \/>\n\t<meta name=\"twitter:data1\" content=\"2 minutes\" \/>\n<script type=\"application\/ld+json\" class=\"yoast-schema-graph\">{\"@context\":\"https:\\\/\\\/schema.org\",\"@graph\":[{\"@type\":\"WebPage\",\"@id\":\"https:\\\/\\\/rawchemicalmart.com\\\/product\\\/trichloroisocyanuric-acid\\\/\",\"url\":\"https:\\\/\\\/rawchemicalmart.com\\\/product\\\/trichloroisocyanuric-acid\\\/\",\"name\":\"Trichloroisocyanuric acid - rawchemicalmart.com\",\"isPartOf\":{\"@id\":\"https:\\\/\\\/rawchemicalmart.com\\\/#website\"},\"primaryImageOfPage\":{\"@id\":\"https:\\\/\\\/rawchemicalmart.com\\\/product\\\/trichloroisocyanuric-acid\\\/#primaryimage\"},\"image\":{\"@id\":\"https:\\\/\\\/rawchemicalmart.com\\\/product\\\/trichloroisocyanuric-acid\\\/#primaryimage\"},\"thumbnailUrl\":\"https:\\\/\\\/rawchemicalmart.com\\\/wp-content\\\/uploads\\\/2025\\\/05\\\/Trichloroisocyanuric-acid_1.png\",\"datePublished\":\"2025-05-24T00:58:18+00:00\",\"dateModified\":\"2025-06-07T01:18:08+00:00\",\"breadcrumb\":{\"@id\":\"https:\\\/\\\/rawchemicalmart.com\\\/product\\\/trichloroisocyanuric-acid\\\/#breadcrumb\"},\"inLanguage\":\"fr-FR\",\"potentialAction\":[{\"@type\":\"ReadAction\",\"target\":[\"https:\\\/\\\/rawchemicalmart.com\\\/product\\\/trichloroisocyanuric-acid\\\/\"]}]},{\"@type\":\"ImageObject\",\"inLanguage\":\"fr-FR\",\"@id\":\"https:\\\/\\\/rawchemicalmart.com\\\/product\\\/trichloroisocyanuric-acid\\\/#primaryimage\",\"url\":\"https:\\\/\\\/rawchemicalmart.com\\\/wp-content\\\/uploads\\\/2025\\\/05\\\/Trichloroisocyanuric-acid_1.png\",\"contentUrl\":\"https:\\\/\\\/rawchemicalmart.com\\\/wp-content\\\/uploads\\\/2025\\\/05\\\/Trichloroisocyanuric-acid_1.png\",\"width\":800,\"height\":800},{\"@type\":\"BreadcrumbList\",\"@id\":\"https:\\\/\\\/rawchemicalmart.com\\\/product\\\/trichloroisocyanuric-acid\\\/#breadcrumb\",\"itemListElement\":[{\"@type\":\"ListItem\",\"position\":1,\"name\":\"Home\",\"item\":\"https:\\\/\\\/rawchemicalmart.com\\\/\"},{\"@type\":\"ListItem\",\"position\":2,\"name\":\"Products\",\"item\":\"https:\\\/\\\/rawchemicalmart.com\\\/shop\\\/\"},{\"@type\":\"ListItem\",\"position\":3,\"name\":\"Trichloroisocyanuric acid\"}]},{\"@type\":\"WebSite\",\"@id\":\"https:\\\/\\\/rawchemicalmart.com\\\/#website\",\"url\":\"https:\\\/\\\/rawchemicalmart.com\\\/\",\"name\":\"rawchemicalmart.com\",\"description\":\"Leading Raw Chemicals Supplier\",\"potentialAction\":[{\"@type\":\"SearchAction\",\"target\":{\"@type\":\"EntryPoint\",\"urlTemplate\":\"https:\\\/\\\/rawchemicalmart.com\\\/?s={search_term_string}\"},\"query-input\":{\"@type\":\"PropertyValueSpecification\",\"valueRequired\":true,\"valueName\":\"search_term_string\"}}],\"inLanguage\":\"fr-FR\"}]}<\/script>\n<!-- \/ Yoast SEO plugin. -->","yoast_head_json":{"title":"Acide trichloroisocyanurique - rawchemicalmart.com","robots":{"index":"index","follow":"follow","max-snippet":"max-snippet:-1","max-image-preview":"max-image-preview:large","max-video-preview":"max-video-preview:-1"},"canonical":"https:\/\/rawchemicalmart.com\/fr\/produit\/acide-trichloroisocyanurique\/","og_locale":"fr_FR","og_type":"article","og_title":"Trichloroisocyanuric acid - rawchemicalmart.com","og_description":"Trichloroisocyanuric Acid (TCCA) is a white crystalline powder or granular solid with a strong chlorine odor. It is a powerful chlorinating agent and disinfectant widely used in water treatment, sanitation, and industrial applications. TCCA is highly effective due to its high chlorine content and stability in various conditions.","og_url":"https:\/\/rawchemicalmart.com\/fr\/produit\/acide-trichloroisocyanurique\/","og_site_name":"rawchemicalmart.com","article_modified_time":"2025-06-07T01:18:08+00:00","og_image":[{"width":800,"height":800,"url":"https:\/\/rawchemicalmart.com\/wp-content\/uploads\/2025\/05\/Trichloroisocyanuric-acid_1.png","type":"image\/png"}],"twitter_card":"summary_large_image","twitter_misc":{"Dur\u00e9e de lecture estim\u00e9e":"2 minutes"},"schema":{"@context":"https:\/\/schema.org","@graph":[{"@type":"WebPage","@id":"https:\/\/rawchemicalmart.com\/product\/trichloroisocyanuric-acid\/","url":"https:\/\/rawchemicalmart.com\/product\/trichloroisocyanuric-acid\/","name":"Acide trichloroisocyanurique - rawchemicalmart.com","isPartOf":{"@id":"https:\/\/rawchemicalmart.com\/#website"},"primaryImageOfPage":{"@id":"https:\/\/rawchemicalmart.com\/product\/trichloroisocyanuric-acid\/#primaryimage"},"image":{"@id":"https:\/\/rawchemicalmart.com\/product\/trichloroisocyanuric-acid\/#primaryimage"},"thumbnailUrl":"https:\/\/rawchemicalmart.com\/wp-content\/uploads\/2025\/05\/Trichloroisocyanuric-acid_1.png","datePublished":"2025-05-24T00:58:18+00:00","dateModified":"2025-06-07T01:18:08+00:00","breadcrumb":{"@id":"https:\/\/rawchemicalmart.com\/product\/trichloroisocyanuric-acid\/#breadcrumb"},"inLanguage":"fr-FR","potentialAction":[{"@type":"ReadAction","target":["https:\/\/rawchemicalmart.com\/product\/trichloroisocyanuric-acid\/"]}]},{"@type":"ImageObject","inLanguage":"fr-FR","@id":"https:\/\/rawchemicalmart.com\/product\/trichloroisocyanuric-acid\/#primaryimage","url":"https:\/\/rawchemicalmart.com\/wp-content\/uploads\/2025\/05\/Trichloroisocyanuric-acid_1.png","contentUrl":"https:\/\/rawchemicalmart.com\/wp-content\/uploads\/2025\/05\/Trichloroisocyanuric-acid_1.png","width":800,"height":800},{"@type":"BreadcrumbList","@id":"https:\/\/rawchemicalmart.com\/product\/trichloroisocyanuric-acid\/#breadcrumb","itemListElement":[{"@type":"ListItem","position":1,"name":"Home","item":"https:\/\/rawchemicalmart.com\/"},{"@type":"ListItem","position":2,"name":"Products","item":"https:\/\/rawchemicalmart.com\/shop\/"},{"@type":"ListItem","position":3,"name":"Trichloroisocyanuric acid"}]},{"@type":"WebSite","@id":"https:\/\/rawchemicalmart.com\/#website","url":"https:\/\/rawchemicalmart.com\/","name":"rawchemicalmart.com","description":"Fournisseur leader de produits chimiques bruts","potentialAction":[{"@type":"SearchAction","target":{"@type":"EntryPoint","urlTemplate":"https:\/\/rawchemicalmart.com\/?s={search_term_string}"},"query-input":{"@type":"PropertyValueSpecification","valueRequired":true,"valueName":"search_term_string"}}],"inLanguage":"fr-FR"}]}},"_links":{"self":[{"href":"https:\/\/rawchemicalmart.com\/fr\/wp-json\/wp\/v2\/product\/11624","targetHints":{"allow":["GET"]}}],"collection":[{"href":"https:\/\/rawchemicalmart.com\/fr\/wp-json\/wp\/v2\/product"}],"about":[{"href":"https:\/\/rawchemicalmart.com\/fr\/wp-json\/wp\/v2\/types\/product"}],"wp:featuredmedia":[{"embeddable":true,"href":"https:\/\/rawchemicalmart.com\/fr\/wp-json\/wp\/v2\/media\/11146"}],"wp:attachment":[{"href":"https:\/\/rawchemicalmart.com\/fr\/wp-json\/wp\/v2\/media?parent=11624"}],"wp:term":[{"taxonomy":"product_brand","embeddable":true,"href":"https:\/\/rawchemicalmart.com\/fr\/wp-json\/wp\/v2\/product_brand?post=11624"},{"taxonomy":"product_cat","embeddable":true,"href":"https:\/\/rawchemicalmart.com\/fr\/wp-json\/wp\/v2\/product_cat?post=11624"},{"taxonomy":"product_tag","embeddable":true,"href":"https:\/\/rawchemicalmart.com\/fr\/wp-json\/wp\/v2\/product_tag?post=11624"}],"curies":[{"name":"wp","href":"https:\/\/api.w.org\/{rel}","templated":true}]}}