{"id":11622,"date":"2025-05-24T00:55:40","date_gmt":"2025-05-24T00:55:40","guid":{"rendered":"https:\/\/rawchemicalmart.com\/?post_type=product&#038;p=11622"},"modified":"2025-06-07T01:17:37","modified_gmt":"2025-06-07T01:17:37","slug":"dichloroisocyanurate-de-sodium","status":"publish","type":"product","link":"https:\/\/rawchemicalmart.com\/fr\/produit\/dichloroisocyanurate-de-sodium\/","title":{"rendered":"dichloroisocyanurate de sodium"},"content":{"rendered":"<h2 class=\"md-end-block md-heading md-focus\"><span class=\"md-plain md-expand\">Caract\u00e9ristiques:<\/span><\/h2>\n<div class=\"table-scroll-wrapper\">\n<table id=\"tablepress-56\" class=\"tablepress tablepress-id-56\">\n<thead>\n<tr class=\"row-1\">\n\t<th class=\"column-1\">Propri\u00e9t\u00e9<\/th><th class=\"column-2\">Sp\u00e9cification<\/th>\n<\/tr>\n<\/thead>\n<tbody class=\"row-striping row-hover\">\n<tr class=\"row-2\">\n\t<td class=\"column-1\">Formule chimique<\/td><td class=\"column-2\">C\u2083Cl\u2082N\u2083NaO\u2083<\/td>\n<\/tr>\n<tr class=\"row-3\">\n\t<td class=\"column-1\">Poids mol\u00e9culaire<\/td><td class=\"column-2\">219,95 g\/mol<\/td>\n<\/tr>\n<tr class=\"row-4\">\n\t<td class=\"column-1\">Num\u00e9ro CAS<\/td><td class=\"column-2\">2893-78-9<\/td>\n<\/tr>\n<tr class=\"row-5\">\n\t<td class=\"column-1\">Apparence<\/td><td class=\"column-2\">Poudre cristalline blanche, granul\u00e9s ou comprim\u00e9s<\/td>\n<\/tr>\n<tr class=\"row-6\">\n\t<td class=\"column-1\">Teneur en chlore<\/td><td class=\"column-2\">\u226556% (chlore disponible)<\/td>\n<\/tr>\n<tr class=\"row-7\">\n\t<td class=\"column-1\">Teneur effective en oxyg\u00e8ne<\/td><td class=\"column-2\">55%, 56% ou 60%<\/td>\n<\/tr>\n<tr class=\"row-8\">\n\t<td class=\"column-1\">Point de fusion<\/td><td class=\"column-2\">240\u2013250 \u00b0C (se d\u00e9compose au-dessus du point de fusion)<\/td>\n<\/tr>\n<tr class=\"row-9\">\n\t<td class=\"column-1\">Solubilit\u00e9<\/td><td class=\"column-2\">Soluble dans l&#039;eau<\/td>\n<\/tr>\n<tr class=\"row-10\">\n\t<td class=\"column-1\">pH (solution 1%)<\/td><td class=\"column-2\">6,0\u20137,0<\/td>\n<\/tr>\n<\/tbody>\n<\/table>\n<!-- #tablepress-56 from cache --><\/div>\n<h2 class=\"md-end-block md-heading\"><span class=\"md-plain\">Avantages :<\/span><\/h2>\n<ul class=\"ul-list\" data-mark=\"-\">\n<li class=\"md-list-item\">\n<p class=\"md-end-block md-p\"><span class=\"md-plain\">La teneur \u00e9lev\u00e9e en chlore disponible assure un fort pouvoir d\u00e9sinfectant.<\/span><\/p>\n<\/li>\n<li class=\"md-list-item\">\n<p class=\"md-end-block md-p\"><span class=\"md-plain\">Stable sous forme solide, avec une longue dur\u00e9e de conservation lorsqu&#039;il est stock\u00e9 correctement.<\/span><\/p>\n<\/li>\n<li class=\"md-list-item\">\n<p class=\"md-end-block md-p\"><span class=\"md-plain\">Facile \u00e0 manipuler et \u00e0 appliquer sous diff\u00e9rentes formes (granul\u00e9s, poudre ou comprim\u00e9s).<\/span><\/p>\n<\/li>\n<li class=\"md-list-item\">\n<p class=\"md-end-block md-p\"><span class=\"md-plain\">Respectueux de l\u2019environnement, car il se d\u00e9compose en sous-produits non toxiques.<\/span><\/p>\n<\/li>\n<\/ul>\n<h2 class=\"md-end-block md-heading\"><span class=\"md-plain\">Applications :<\/span><\/h2>\n<ul class=\"ul-list\" data-mark=\"-\">\n<li class=\"md-list-item\">\n<p class=\"md-end-block md-p\"><span class=\"md-plain\">Traitement de l&#039;eau<\/span><span class=\"md-plain\">:<\/span><\/p>\n<ul class=\"ul-list\" data-mark=\"-\">\n<li class=\"md-list-item\">\n<p class=\"md-end-block md-p\"><span class=\"md-plain\">Efficace pour d\u00e9sinfecter l\u2019eau potable, les piscines et les syst\u00e8mes d\u2019eau industriels.<\/span><\/p>\n<\/li>\n<li class=\"md-list-item\">\n<p class=\"md-end-block md-p\"><span class=\"md-plain\">Contr\u00f4le les algues, les bact\u00e9ries et autres micro-organismes.<\/span><\/p>\n<\/li>\n<\/ul>\n<\/li>\n<li class=\"md-list-item\">\n<p class=\"md-end-block md-p\"><span class=\"md-plain\">D\u00e9sinfection et assainissement<\/span><span class=\"md-plain\">:<\/span><\/p>\n<ul class=\"ul-list\" data-mark=\"-\">\n<li class=\"md-list-item\">\n<p class=\"md-end-block md-p\"><span class=\"md-plain\">Utilis\u00e9 dans les h\u00f4pitaux, les laboratoires et les installations de transformation des aliments pour d\u00e9sinfecter les surfaces et les \u00e9quipements.<\/span><\/p>\n<\/li>\n<li class=\"md-list-item\">\n<p class=\"md-end-block md-p\"><span class=\"md-plain\">Efficace contre une large gamme d\u2019agents pathog\u00e8nes, notamment E. coli, Salmonella et Staphylococcus.<\/span><\/p>\n<\/li>\n<\/ul>\n<\/li>\n<li class=\"md-list-item\">\n<p class=\"md-end-block md-p\"><span class=\"md-plain\">Agent de blanchiment<\/span><span class=\"md-plain\">:<\/span><\/p>\n<ul class=\"ul-list\" data-mark=\"-\">\n<li class=\"md-list-item\">\n<p class=\"md-end-block md-p\"><span class=\"md-plain\">Utilis\u00e9 dans les industries du textile et du papier pour blanchir les tissus et la p\u00e2te \u00e0 papier.<\/span><\/p>\n<\/li>\n<\/ul>\n<\/li>\n<li class=\"md-list-item\">\n<p class=\"md-end-block md-p\"><span class=\"md-plain\">Nettoyage m\u00e9nager<\/span><span class=\"md-plain\">:<\/span><\/p>\n<ul class=\"ul-list\" data-mark=\"-\">\n<li class=\"md-list-item\">\n<p class=\"md-end-block md-p\"><span class=\"md-plain\">On le retrouve dans les produits d&#039;entretien m\u00e9nager pour ses propri\u00e9t\u00e9s d\u00e9sinfectantes et d\u00e9sodorisantes.<\/span><\/p>\n<\/li>\n<\/ul>\n<\/li>\n<\/ul>\n<h2 class=\"md-end-block md-heading\"><span class=\"md-plain\">Stockage et manutention :<\/span><\/h2>\n<ul class=\"ul-list\" data-mark=\"-\">\n<li class=\"md-list-item\">\n<p class=\"md-end-block md-p\"><span class=\"md-pair-s\"><strong><span class=\"md-plain\">Stockage<\/span><\/strong><\/span><span class=\"md-plain\">:Conserver dans un endroit frais, sec et bien ventil\u00e9, \u00e0 l&#039;abri de la lumi\u00e8re directe du soleil, de l&#039;humidit\u00e9 et des mati\u00e8res incompatibles (par exemple, acides, ammoniac).<\/span><\/p>\n<\/li>\n<li class=\"md-list-item\">\n<p class=\"md-end-block md-p\"><span class=\"md-pair-s\"><strong><span class=\"md-plain\">Manutention<\/span><\/strong><\/span><span class=\"md-plain\">:Utilisez un \u00e9quipement de protection individuelle (EPI) appropri\u00e9, notamment des gants, des lunettes et des masques, pour \u00e9viter tout contact direct avec la peau, les yeux ou l\u2019inhalation.<\/span><\/p>\n<\/li>\n<\/ul>\n<h2 class=\"md-end-block md-heading\"><span class=\"md-plain\">Informations de s\u00e9curit\u00e9 :<\/span><\/h2>\n<ul class=\"ul-list\" data-mark=\"-\">\n<li class=\"md-list-item\">\n<p class=\"md-end-block md-p\"><span class=\"md-pair-s\"><strong><span class=\"md-plain\">Classe de danger<\/span><\/strong><\/span><span class=\"md-plain\">: Agent oxydant (peut provoquer un incendie ou une explosion au contact de mati\u00e8res combustibles).<\/span><\/p>\n<\/li>\n<li class=\"md-list-item\">\n<p class=\"md-end-block md-p\"><span class=\"md-pair-s\"><strong><span class=\"md-plain\">Toxicit\u00e9<\/span><\/strong><\/span><span class=\"md-plain\">:Faible toxicit\u00e9 mais peut provoquer une irritation de la peau, des yeux et des voies respiratoires.<\/span><\/p>\n<\/li>\n<li class=\"md-list-item\">\n<p class=\"md-end-block md-p\"><span class=\"md-plain\">PREMIERS SECOURS:<\/span><\/p>\n<ul class=\"ul-list\" data-mark=\"-\">\n<li class=\"md-list-item\">\n<p class=\"md-end-block md-p\"><span class=\"md-plain\">En cas de contact, rincer abondamment \u00e0 l&#039;eau.<\/span><\/p>\n<\/li>\n<li class=\"md-list-item\">\n<p class=\"md-end-block md-p\"><span class=\"md-plain\">En cas d\u2019ingestion, consulter imm\u00e9diatement un m\u00e9decin.<\/span><\/p>\n<\/li>\n<li class=\"md-list-item\">\n<p class=\"md-end-block md-p\"><span class=\"md-plain\">En cas d\u2019inhalation, sortir \u00e0 l\u2019air frais et consulter un m\u00e9decin si les sympt\u00f4mes persistent.<\/span><\/p>\n<\/li>\n<\/ul>\n<\/li>\n<\/ul>\n<h2 class=\"md-end-block md-heading\"><span class=\"md-plain\">Conditionnement:<\/span><\/h2>\n<ul class=\"ul-list\" data-mark=\"-\">\n<li class=\"md-list-item\">\n<p class=\"md-end-block md-p\"><span class=\"md-plain\">Disponible en emballage de 25 kg, 50 kg ou personnalis\u00e9 selon les exigences du client.<\/span><\/p>\n<\/li>\n<\/ul>\n<h2 class=\"md-end-block md-heading\"><span class=\"md-plain\">Dur\u00e9e de conservation :<\/span><\/h2>\n<ul class=\"ul-list\" data-mark=\"-\">\n<li class=\"md-list-item md-focus-container\">\n<p class=\"md-end-block md-p md-focus\"><span class=\"md-plain\">24 mois lorsqu&#039;il est conserv\u00e9 dans les conditions recommand\u00e9es.<\/span><\/p>\n<\/li>\n<\/ul>","protected":false},"excerpt":{"rendered":"<p class=\"tmnf_excerpt\">Le dichloroisocyanurate de sodium (SDIC) est un d\u00e9sinfectant, assainissant et agent de blanchiment \u00e0 base de chlore tr\u00e8s efficace. Il est largement utilis\u00e9 dans le traitement de l&#039;eau, l&#039;assainissement des piscines, le nettoyage industriel et comme d\u00e9sinfectant dans diverses industries. Disponible sous forme de granul\u00e9s, de poudre et de comprim\u00e9s, le SDIC offre une grande polyvalence pour diff\u00e9rentes applications.\n<\/p>","protected":false},"featured_media":11140,"template":"","meta":{"_acf_changed":false},"product_brand":[],"product_cat":[50],"product_tag":[],"class_list":{"0":"post-11622","1":"product","2":"type-product","3":"status-publish","4":"has-post-thumbnail","6":"product_cat-water-treatment","8":"first","9":"instock","10":"shipping-taxable","11":"product-type-simple"},"acf":[],"yoast_head":"<!-- This site is optimized with the Yoast SEO plugin v27.4 - https:\/\/yoast.com\/product\/yoast-seo-wordpress\/ -->\n<title>Sodium dichloroisocyanurate - rawchemicalmart.com<\/title>\n<meta name=\"robots\" content=\"index, follow, max-snippet:-1, max-image-preview:large, max-video-preview:-1\" \/>\n<link rel=\"canonical\" href=\"https:\/\/rawchemicalmart.com\/fr\/produit\/dichloroisocyanurate-de-sodium\/\" \/>\n<meta property=\"og:locale\" content=\"fr_FR\" \/>\n<meta property=\"og:type\" content=\"article\" \/>\n<meta property=\"og:title\" content=\"Sodium dichloroisocyanurate - rawchemicalmart.com\" \/>\n<meta property=\"og:description\" content=\"Sodium Dichloroisocyanurate (SDIC) is a highly effective chlorine-based disinfectant, sanitizer, and bleaching agent. It is widely used in water treatment, swimming pool sanitation, industrial cleaning, and as a disinfectant in various industries. SDIC is available in granular, powder, and tablet forms, offering versatility for different applications.\" \/>\n<meta property=\"og:url\" content=\"https:\/\/rawchemicalmart.com\/fr\/produit\/dichloroisocyanurate-de-sodium\/\" \/>\n<meta property=\"og:site_name\" content=\"rawchemicalmart.com\" \/>\n<meta property=\"article:modified_time\" content=\"2025-06-07T01:17:37+00:00\" \/>\n<meta property=\"og:image\" content=\"https:\/\/rawchemicalmart.com\/wp-content\/uploads\/2025\/05\/Sodium-dichloroisocyanurate_1.png\" \/>\n\t<meta property=\"og:image:width\" content=\"800\" \/>\n\t<meta property=\"og:image:height\" content=\"800\" \/>\n\t<meta property=\"og:image:type\" content=\"image\/png\" \/>\n<meta name=\"twitter:card\" content=\"summary_large_image\" \/>\n<meta name=\"twitter:label1\" content=\"Dur\u00e9e de lecture estim\u00e9e\" \/>\n\t<meta name=\"twitter:data1\" content=\"1 minute\" \/>\n<script type=\"application\/ld+json\" class=\"yoast-schema-graph\">{\"@context\":\"https:\\\/\\\/schema.org\",\"@graph\":[{\"@type\":\"WebPage\",\"@id\":\"https:\\\/\\\/rawchemicalmart.com\\\/product\\\/sodium-dichloroisocyanurate\\\/\",\"url\":\"https:\\\/\\\/rawchemicalmart.com\\\/product\\\/sodium-dichloroisocyanurate\\\/\",\"name\":\"Sodium dichloroisocyanurate - rawchemicalmart.com\",\"isPartOf\":{\"@id\":\"https:\\\/\\\/rawchemicalmart.com\\\/#website\"},\"primaryImageOfPage\":{\"@id\":\"https:\\\/\\\/rawchemicalmart.com\\\/product\\\/sodium-dichloroisocyanurate\\\/#primaryimage\"},\"image\":{\"@id\":\"https:\\\/\\\/rawchemicalmart.com\\\/product\\\/sodium-dichloroisocyanurate\\\/#primaryimage\"},\"thumbnailUrl\":\"https:\\\/\\\/rawchemicalmart.com\\\/wp-content\\\/uploads\\\/2025\\\/05\\\/Sodium-dichloroisocyanurate_1.png\",\"datePublished\":\"2025-05-24T00:55:40+00:00\",\"dateModified\":\"2025-06-07T01:17:37+00:00\",\"breadcrumb\":{\"@id\":\"https:\\\/\\\/rawchemicalmart.com\\\/product\\\/sodium-dichloroisocyanurate\\\/#breadcrumb\"},\"inLanguage\":\"fr-FR\",\"potentialAction\":[{\"@type\":\"ReadAction\",\"target\":[\"https:\\\/\\\/rawchemicalmart.com\\\/product\\\/sodium-dichloroisocyanurate\\\/\"]}]},{\"@type\":\"ImageObject\",\"inLanguage\":\"fr-FR\",\"@id\":\"https:\\\/\\\/rawchemicalmart.com\\\/product\\\/sodium-dichloroisocyanurate\\\/#primaryimage\",\"url\":\"https:\\\/\\\/rawchemicalmart.com\\\/wp-content\\\/uploads\\\/2025\\\/05\\\/Sodium-dichloroisocyanurate_1.png\",\"contentUrl\":\"https:\\\/\\\/rawchemicalmart.com\\\/wp-content\\\/uploads\\\/2025\\\/05\\\/Sodium-dichloroisocyanurate_1.png\",\"width\":800,\"height\":800},{\"@type\":\"BreadcrumbList\",\"@id\":\"https:\\\/\\\/rawchemicalmart.com\\\/product\\\/sodium-dichloroisocyanurate\\\/#breadcrumb\",\"itemListElement\":[{\"@type\":\"ListItem\",\"position\":1,\"name\":\"Home\",\"item\":\"https:\\\/\\\/rawchemicalmart.com\\\/\"},{\"@type\":\"ListItem\",\"position\":2,\"name\":\"Products\",\"item\":\"https:\\\/\\\/rawchemicalmart.com\\\/shop\\\/\"},{\"@type\":\"ListItem\",\"position\":3,\"name\":\"Sodium dichloroisocyanurate\"}]},{\"@type\":\"WebSite\",\"@id\":\"https:\\\/\\\/rawchemicalmart.com\\\/#website\",\"url\":\"https:\\\/\\\/rawchemicalmart.com\\\/\",\"name\":\"rawchemicalmart.com\",\"description\":\"Leading Raw Chemicals Supplier\",\"potentialAction\":[{\"@type\":\"SearchAction\",\"target\":{\"@type\":\"EntryPoint\",\"urlTemplate\":\"https:\\\/\\\/rawchemicalmart.com\\\/?s={search_term_string}\"},\"query-input\":{\"@type\":\"PropertyValueSpecification\",\"valueRequired\":true,\"valueName\":\"search_term_string\"}}],\"inLanguage\":\"fr-FR\"}]}<\/script>\n<!-- \/ Yoast SEO plugin. -->","yoast_head_json":{"title":"Dichloroisocyanurate de sodium - rawchemicalmart.com","robots":{"index":"index","follow":"follow","max-snippet":"max-snippet:-1","max-image-preview":"max-image-preview:large","max-video-preview":"max-video-preview:-1"},"canonical":"https:\/\/rawchemicalmart.com\/fr\/produit\/dichloroisocyanurate-de-sodium\/","og_locale":"fr_FR","og_type":"article","og_title":"Sodium dichloroisocyanurate - rawchemicalmart.com","og_description":"Sodium Dichloroisocyanurate (SDIC) is a highly effective chlorine-based disinfectant, sanitizer, and bleaching agent. It is widely used in water treatment, swimming pool sanitation, industrial cleaning, and as a disinfectant in various industries. SDIC is available in granular, powder, and tablet forms, offering versatility for different applications.","og_url":"https:\/\/rawchemicalmart.com\/fr\/produit\/dichloroisocyanurate-de-sodium\/","og_site_name":"rawchemicalmart.com","article_modified_time":"2025-06-07T01:17:37+00:00","og_image":[{"width":800,"height":800,"url":"https:\/\/rawchemicalmart.com\/wp-content\/uploads\/2025\/05\/Sodium-dichloroisocyanurate_1.png","type":"image\/png"}],"twitter_card":"summary_large_image","twitter_misc":{"Dur\u00e9e de lecture estim\u00e9e":"1 minute"},"schema":{"@context":"https:\/\/schema.org","@graph":[{"@type":"WebPage","@id":"https:\/\/rawchemicalmart.com\/product\/sodium-dichloroisocyanurate\/","url":"https:\/\/rawchemicalmart.com\/product\/sodium-dichloroisocyanurate\/","name":"Dichloroisocyanurate de sodium - rawchemicalmart.com","isPartOf":{"@id":"https:\/\/rawchemicalmart.com\/#website"},"primaryImageOfPage":{"@id":"https:\/\/rawchemicalmart.com\/product\/sodium-dichloroisocyanurate\/#primaryimage"},"image":{"@id":"https:\/\/rawchemicalmart.com\/product\/sodium-dichloroisocyanurate\/#primaryimage"},"thumbnailUrl":"https:\/\/rawchemicalmart.com\/wp-content\/uploads\/2025\/05\/Sodium-dichloroisocyanurate_1.png","datePublished":"2025-05-24T00:55:40+00:00","dateModified":"2025-06-07T01:17:37+00:00","breadcrumb":{"@id":"https:\/\/rawchemicalmart.com\/product\/sodium-dichloroisocyanurate\/#breadcrumb"},"inLanguage":"fr-FR","potentialAction":[{"@type":"ReadAction","target":["https:\/\/rawchemicalmart.com\/product\/sodium-dichloroisocyanurate\/"]}]},{"@type":"ImageObject","inLanguage":"fr-FR","@id":"https:\/\/rawchemicalmart.com\/product\/sodium-dichloroisocyanurate\/#primaryimage","url":"https:\/\/rawchemicalmart.com\/wp-content\/uploads\/2025\/05\/Sodium-dichloroisocyanurate_1.png","contentUrl":"https:\/\/rawchemicalmart.com\/wp-content\/uploads\/2025\/05\/Sodium-dichloroisocyanurate_1.png","width":800,"height":800},{"@type":"BreadcrumbList","@id":"https:\/\/rawchemicalmart.com\/product\/sodium-dichloroisocyanurate\/#breadcrumb","itemListElement":[{"@type":"ListItem","position":1,"name":"Home","item":"https:\/\/rawchemicalmart.com\/"},{"@type":"ListItem","position":2,"name":"Products","item":"https:\/\/rawchemicalmart.com\/shop\/"},{"@type":"ListItem","position":3,"name":"Sodium dichloroisocyanurate"}]},{"@type":"WebSite","@id":"https:\/\/rawchemicalmart.com\/#website","url":"https:\/\/rawchemicalmart.com\/","name":"rawchemicalmart.com","description":"Fournisseur leader de produits chimiques bruts","potentialAction":[{"@type":"SearchAction","target":{"@type":"EntryPoint","urlTemplate":"https:\/\/rawchemicalmart.com\/?s={search_term_string}"},"query-input":{"@type":"PropertyValueSpecification","valueRequired":true,"valueName":"search_term_string"}}],"inLanguage":"fr-FR"}]}},"_links":{"self":[{"href":"https:\/\/rawchemicalmart.com\/fr\/wp-json\/wp\/v2\/product\/11622","targetHints":{"allow":["GET"]}}],"collection":[{"href":"https:\/\/rawchemicalmart.com\/fr\/wp-json\/wp\/v2\/product"}],"about":[{"href":"https:\/\/rawchemicalmart.com\/fr\/wp-json\/wp\/v2\/types\/product"}],"wp:featuredmedia":[{"embeddable":true,"href":"https:\/\/rawchemicalmart.com\/fr\/wp-json\/wp\/v2\/media\/11140"}],"wp:attachment":[{"href":"https:\/\/rawchemicalmart.com\/fr\/wp-json\/wp\/v2\/media?parent=11622"}],"wp:term":[{"taxonomy":"product_brand","embeddable":true,"href":"https:\/\/rawchemicalmart.com\/fr\/wp-json\/wp\/v2\/product_brand?post=11622"},{"taxonomy":"product_cat","embeddable":true,"href":"https:\/\/rawchemicalmart.com\/fr\/wp-json\/wp\/v2\/product_cat?post=11622"},{"taxonomy":"product_tag","embeddable":true,"href":"https:\/\/rawchemicalmart.com\/fr\/wp-json\/wp\/v2\/product_tag?post=11622"}],"curies":[{"name":"wp","href":"https:\/\/api.w.org\/{rel}","templated":true}]}}