{"id":11615,"date":"2025-05-24T00:37:40","date_gmt":"2025-05-24T00:37:40","guid":{"rendered":"https:\/\/rawchemicalmart.com\/?post_type=product&#038;p=11615"},"modified":"2026-01-23T08:54:22","modified_gmt":"2026-01-23T08:54:22","slug":"cyanurate-de-melamine","status":"publish","type":"product","link":"https:\/\/rawchemicalmart.com\/fr\/produit\/cyanurate-de-melamine\/","title":{"rendered":"cyanurate de m\u00e9lamine"},"content":{"rendered":"<h2 class=\"md-end-block md-heading md-focus\"><span class=\"md-plain md-expand\">Caract\u00e9ristiques:<\/span><\/h2>\n<div class=\"table-scroll-wrapper\">\n<table id=\"tablepress-58\" class=\"tablepress tablepress-id-58 tbody-has-connected-cells\">\n<thead>\n<tr class=\"row-1\">\n\t<th colspan=\"2\" class=\"column-1\">Articles<\/th><th class=\"column-3\">Poudre<\/th><th class=\"column-4\">Granulaire<\/th>\n<\/tr>\n<\/thead>\n<tbody class=\"row-striping row-hover\">\n<tr class=\"row-2\">\n\t<td colspan=\"2\" class=\"column-1\">Apparence<\/td><td class=\"column-3\">Poudre cristalline blanche, inodore, texture lisse<\/td><td class=\"column-4\">Granul\u00e9s blancs de 8 \u00e0 18 mesh, sans impuret\u00e9s<\/td>\n<\/tr>\n<tr class=\"row-3\">\n\t<td colspan=\"2\" class=\"column-1\">Cyanurate de m\u00e9lamine %<\/td><td class=\"column-3\">\u2265 99,5<\/td><td class=\"column-4\">\u2265 99,5<\/td>\n<\/tr>\n<tr class=\"row-4\">\n\t<td colspan=\"2\" class=\"column-1\">M\u00e9lamine r\u00e9siduelle %<\/td><td class=\"column-3\">\u22640,2<\/td><td class=\"column-4\">\u22640,2<\/td>\n<\/tr>\n<tr class=\"row-5\">\n\t<td colspan=\"2\" class=\"column-1\">Acide cyanurique r\u00e9siduel %<\/td><td class=\"column-3\">\u22640,2<\/td><td class=\"column-4\">\u22640,2<\/td>\n<\/tr>\n<tr class=\"row-6\">\n\t<td colspan=\"2\" class=\"column-1\">Taille des particules (\u03bcm)<\/td><td class=\"column-3\">\u22642,0<\/td><td class=\"column-4\">\u22642,0<\/td>\n<\/tr>\n<tr class=\"row-7\">\n\t<td colspan=\"2\" class=\"column-1\">Blancheur (F147)<\/td><td class=\"column-3\">\u226595<\/td><td class=\"column-4\">\u226595<\/td>\n<\/tr>\n<tr class=\"row-8\">\n\t<td colspan=\"2\" class=\"column-1\">Valeur du pH (10 g\/L H\u2082O)<\/td><td class=\"column-3\">5.0-7.0<\/td><td class=\"column-4\">5.0-7.0<\/td>\n<\/tr>\n<tr class=\"row-9\">\n\t<td colspan=\"2\" class=\"column-1\">Solubilit\u00e9 dans l&#039;eau 20\u2103<\/td><td class=\"column-3\">\u22640,002<\/td><td class=\"column-4\">\u22640,002<\/td>\n<\/tr>\n<tr class=\"row-10\">\n\t<td colspan=\"2\" class=\"column-1\">Temp\u00e9rature de sublimation \u2103<\/td><td class=\"column-3\">440<\/td><td class=\"column-4\">440<\/td>\n<\/tr>\n<tr class=\"row-11\">\n\t<td colspan=\"2\" class=\"column-1\">Taille des particules (D50)<\/td><td class=\"column-3\"><5.0<\/td><td class=\"column-4\"><5.0<\/td>\n<\/tr>\n<tr class=\"row-12\">\n\t<td colspan=\"2\" class=\"column-1\">Masse volumique apparente kg\/m\u00b3<\/td><td class=\"column-3\">250-350<\/td><td class=\"column-4\">\u2264700<\/td>\n<\/tr>\n<tr class=\"row-13\">\n\t<td colspan=\"2\" class=\"column-1\">Teneur en humidit\u00e9 (105\u2103, 24h), %<\/td><td class=\"column-3\">\u22640,2<\/td><td class=\"column-4\">\u22640,2<\/td>\n<\/tr>\n<tr class=\"row-14\">\n\t<td rowspan=\"2\" class=\"column-1\">Perte de poids par chauffage %<\/td><td class=\"column-2\">300\u2103 5 heures :<\/td><td class=\"column-3\">0<\/td><td class=\"column-4\">0<\/td>\n<\/tr>\n<tr class=\"row-15\">\n\t<td class=\"column-2\">350\u2103 5 heures :<\/td><td class=\"column-3\">\u22643,5<\/td><td class=\"column-4\">\u22643,5<\/td>\n<\/tr>\n<\/tbody>\n<\/table>\n<!-- #tablepress-58 from cache --><\/div>\n<h2 class=\"md-end-block md-heading\"><span class=\"md-plain\">Caract\u00e9ristiques<\/span><\/h2>\n<ul class=\"ul-list\" data-mark=\"-\">\n<li class=\"md-list-item\">\n<p class=\"md-end-block md-p\"><span class=\"md-pair-s\"><strong><span class=\"md-plain\">Ignifuge sans halog\u00e8ne<\/span><\/strong><\/span><span class=\"md-plain\">: Offre une excellente r\u00e9sistance au feu sans lib\u00e9rer d&#039;halog\u00e8nes toxiques.<\/span><\/p>\n<\/li>\n<li class=\"md-list-item\">\n<p class=\"md-end-block md-p\"><span class=\"md-pair-s\"><strong><span class=\"md-plain\">Haute stabilit\u00e9 thermique<\/span><\/strong><\/span><span class=\"md-plain\">: Se d\u00e9compose \u00e0 des temp\u00e9ratures sup\u00e9rieures \u00e0 300 \u00b0C, ce qui le rend adapt\u00e9 au traitement \u00e0 haute temp\u00e9rature.<\/span><\/p>\n<\/li>\n<li class=\"md-list-item\">\n<p class=\"md-end-block md-p\"><span class=\"md-pair-s\"><strong><span class=\"md-plain\">Faible \u00e9mission de fum\u00e9e<\/span><\/strong><\/span><span class=\"md-plain\">: Produit un minimum de fum\u00e9e lors de la combustion, am\u00e9liorant ainsi la s\u00e9curit\u00e9 en cas d&#039;incendie.<\/span><\/p>\n<\/li>\n<li class=\"md-list-item\">\n<p class=\"md-end-block md-p\"><span class=\"md-pair-s\"><strong><span class=\"md-plain\">Excellente isolation \u00e9lectrique<\/span><\/strong><\/span><span class=\"md-plain\">:Id\u00e9al pour les applications dans les composants \u00e9lectriques et \u00e9lectroniques.<\/span><\/p>\n<\/li>\n<li class=\"md-list-item\">\n<p class=\"md-end-block md-p\"><span class=\"md-pair-s\"><strong><span class=\"md-plain\">Respectueux de l&#039;environnement<\/span><\/strong><\/span><span class=\"md-plain\">:Non toxique et conforme aux normes RoHS, REACH et autres r\u00e9glementations environnementales.<\/span><\/p>\n<\/li>\n<li class=\"md-list-item\">\n<p class=\"md-end-block md-p\"><span class=\"md-pair-s\"><strong><span class=\"md-plain\">Bonne dispersibilit\u00e9<\/span><\/strong><\/span><span class=\"md-plain\">:Assure une distribution uniforme dans les matrices polym\u00e8res.<\/span><\/p>\n<\/li>\n<\/ul>\n<h2 class=\"md-end-block md-heading\"><span class=\"md-plain\">Applications<\/span><\/h2>\n<p class=\"md-end-block md-p\"><span class=\"md-plain\">Le cyanurate de m\u00e9lamine est largement utilis\u00e9 comme retardateur de flamme dans les industries suivantes :<\/span><\/p>\n<ul class=\"ul-list\" data-mark=\"-\">\n<li class=\"md-list-item\">\n<p class=\"md-end-block md-p\"><span class=\"md-pair-s\"><strong><span class=\"md-plain\">Plastiques techniques<\/span><\/strong><\/span><span class=\"md-plain\">: Nylon (PA6, PA66), polyesters (PBT, PET) et polyur\u00e9thanes (PU).<\/span><\/p>\n<\/li>\n<li class=\"md-list-item\">\n<p class=\"md-end-block md-p\"><span class=\"md-pair-s\"><strong><span class=\"md-plain\">Fils et c\u00e2bles<\/span><\/strong><\/span><span class=\"md-plain\">: Mat\u00e9riaux d&#039;isolation et de gainage pour c\u00e2bles \u00e9lectriques.<\/span><\/p>\n<\/li>\n<li class=\"md-list-item\">\n<p class=\"md-end-block md-p\"><span class=\"md-pair-s\"><strong><span class=\"md-plain\">\u00c9lectronique<\/span><\/strong><\/span><span class=\"md-plain\">:Connecteurs, interrupteurs et bo\u00eetiers pour appareils \u00e9lectroniques.<\/span><\/p>\n<\/li>\n<li class=\"md-list-item\">\n<p class=\"md-end-block md-p\"><span class=\"md-pair-s\"><strong><span class=\"md-plain\">Automobile<\/span><\/strong><\/span><span class=\"md-plain\">:Composants n\u00e9cessitant une r\u00e9sistance au feu et une stabilit\u00e9 thermique.<\/span><\/p>\n<\/li>\n<li class=\"md-list-item\">\n<p class=\"md-end-block md-p\"><span class=\"md-pair-s\"><strong><span class=\"md-plain\">Textiles<\/span><\/strong><\/span><span class=\"md-plain\">:Rev\u00eatements ignifuges pour tissus.<\/span><\/p>\n<\/li>\n<li class=\"md-list-item\">\n<p class=\"md-end-block md-p\"><span class=\"md-pair-s\"><strong><span class=\"md-plain\">Rev\u00eatements et adh\u00e9sifs<\/span><\/strong><\/span><span class=\"md-plain\">:Formulations r\u00e9sistantes au feu.<\/span><\/p>\n<\/li>\n<\/ul>\n<h2 class=\"md-end-block md-heading\"><span class=\"md-plain\">Emballer<\/span><\/h2>\n<ul class=\"ul-list\" data-mark=\"-\">\n<li class=\"md-list-item\">\n<p class=\"md-end-block md-p\"><span class=\"md-pair-s\"><strong><span class=\"md-plain\">Emballage standard<\/span><\/strong><\/span><span class=\"md-plain\">: 25 kg par sac (sac composite papier-plastique ou sac tiss\u00e9 avec doublure int\u00e9rieure en plastique).<\/span><\/p>\n<\/li>\n<li class=\"md-list-item\">\n<p class=\"md-end-block md-p\"><span class=\"md-pair-s\"><strong><span class=\"md-plain\">Emballage personnalis\u00e9<\/span><\/strong><\/span><span class=\"md-plain\">:Disponible sur demande.<\/span><\/p>\n<\/li>\n<\/ul>\n<h2 class=\"md-end-block md-heading\"><span class=\"md-plain\">Stockage<\/span><\/h2>\n<ul class=\"ul-list\" data-mark=\"-\">\n<li class=\"md-list-item\">\n<p class=\"md-end-block md-p\"><span class=\"md-plain\">Conserver dans un endroit frais, sec et bien ventil\u00e9.<\/span><\/p>\n<\/li>\n<li class=\"md-list-item\">\n<p class=\"md-end-block md-p\"><span class=\"md-plain\">Tenir \u00e0 l\u2019abri de l\u2019humidit\u00e9, de la chaleur et de la lumi\u00e8re directe du soleil.<\/span><\/p>\n<\/li>\n<li class=\"md-list-item\">\n<p class=\"md-end-block md-p\"><span class=\"md-plain\">Assurez-vous que l\u2019emballage est bien ferm\u00e9 pour \u00e9viter toute contamination.<\/span><\/p>\n<\/li>\n<li class=\"md-list-item\">\n<p class=\"md-end-block md-p\"><span class=\"md-plain\">Dur\u00e9e de conservation : 24 mois dans des conditions de stockage appropri\u00e9es.<\/span><\/p>\n<\/li>\n<\/ul>\n<h2 class=\"md-end-block md-heading\"><span class=\"md-plain\">S\u00e9curit\u00e9 et manipulation<\/span><\/h2>\n<ul class=\"ul-list\" data-mark=\"-\">\n<li class=\"md-list-item\">\n<p class=\"md-end-block md-p\"><span class=\"md-plain\">Portez un \u00e9quipement de protection individuelle (EPI) appropri\u00e9 tel que des gants, des lunettes et des masques pendant la manipulation.<\/span><\/p>\n<\/li>\n<li class=\"md-list-item\">\n<p class=\"md-end-block md-p\"><span class=\"md-plain\">\u00c9viter l\u2019inhalation de poussi\u00e8res et le contact avec les yeux ou la peau.<\/span><\/p>\n<\/li>\n<li class=\"md-list-item\">\n<p class=\"md-end-block md-p\"><span class=\"md-plain\">En cas de contact, rincer abondamment \u00e0 l&#039;eau et consulter un m\u00e9decin si n\u00e9cessaire.<\/span><\/p>\n<\/li>\n<li class=\"md-list-item\">\n<p class=\"md-end-block md-p\"><span class=\"md-plain\">Respectez les r\u00e9glementations locales en mati\u00e8re d\u2019\u00e9limination et de gestion des d\u00e9chets.<\/span><\/p>\n<\/li>\n<\/ul>\n<h2 class=\"md-end-block md-heading\"><span class=\"md-plain\">Conformit\u00e9 environnementale et r\u00e9glementaire<\/span><\/h2>\n<ul class=\"ul-list\" data-mark=\"-\">\n<li class=\"md-list-item\">\n<p class=\"md-end-block md-p\"><span class=\"md-plain\">Conforme aux normes RoHS, REACH et autres normes environnementales internationales.<\/span><\/p>\n<\/li>\n<li class=\"md-list-item md-focus-container\">\n<p class=\"md-end-block md-p md-focus\"><span class=\"md-plain\">Sans halog\u00e8ne et non toxique, garantissant un impact environnemental minimal.<\/span><\/p>\n<\/li>\n<\/ul>","protected":false},"excerpt":{"rendered":"<p class=\"tmnf_excerpt\">Le cyanurate de m\u00e9lamine (MCA) est un retardateur de flamme sans halog\u00e8ne largement utilis\u00e9 dans divers polym\u00e8res et plastiques techniques. Compos\u00e9 synergique de m\u00e9lamine et d&#039;acide cyanurique, il offre d&#039;excellentes propri\u00e9t\u00e9s ignifuges, de stabilit\u00e9 thermique et d&#039;isolation \u00e9lectrique. Respectueux de l&#039;environnement, non toxique, le MCA d\u00e9gage peu de fum\u00e9e lors de sa combustion, ce qui en fait un choix privil\u00e9gi\u00e9 pour les applications exigeant des normes de s\u00e9curit\u00e9 \u00e9lev\u00e9es.\n<\/p>","protected":false},"featured_media":11157,"template":"","meta":{"_acf_changed":false},"product_brand":[],"product_cat":[69],"product_tag":[],"class_list":{"0":"post-11615","1":"product","2":"type-product","3":"status-publish","4":"has-post-thumbnail","6":"product_cat-fine-chemicals","8":"first","9":"instock","10":"shipping-taxable","11":"product-type-simple"},"acf":[],"yoast_head":"<!-- This site is optimized with the Yoast SEO plugin v27.4 - https:\/\/yoast.com\/product\/yoast-seo-wordpress\/ -->\n<title>Melamine cyanurate - rawchemicalmart.com<\/title>\n<meta name=\"robots\" content=\"index, follow, max-snippet:-1, max-image-preview:large, max-video-preview:-1\" \/>\n<link rel=\"canonical\" href=\"https:\/\/rawchemicalmart.com\/fr\/produit\/cyanurate-de-melamine\/\" \/>\n<meta property=\"og:locale\" content=\"fr_FR\" \/>\n<meta property=\"og:type\" content=\"article\" \/>\n<meta property=\"og:title\" content=\"Melamine cyanurate - rawchemicalmart.com\" \/>\n<meta property=\"og:description\" content=\"Melamine Cyanurate (MCA) is a halogen-free flame retardant widely used in various polymers and engineering plastics. It is a synergistic compound of melamine and cyanuric acid, offering excellent flame retardancy, thermal stability, and electrical insulation properties. MCA is environmentally friendly, non-toxic, and exhibits low smoke emission during combustion, making it a preferred choice for applications requiring high safety standards.\" \/>\n<meta property=\"og:url\" content=\"https:\/\/rawchemicalmart.com\/fr\/produit\/cyanurate-de-melamine\/\" \/>\n<meta property=\"og:site_name\" content=\"rawchemicalmart.com\" \/>\n<meta property=\"article:modified_time\" content=\"2026-01-23T08:54:22+00:00\" \/>\n<meta property=\"og:image\" content=\"https:\/\/rawchemicalmart.com\/wp-content\/uploads\/2025\/05\/Melamine-cyanurate_1.png\" \/>\n\t<meta property=\"og:image:width\" content=\"800\" \/>\n\t<meta property=\"og:image:height\" content=\"800\" \/>\n\t<meta property=\"og:image:type\" content=\"image\/png\" \/>\n<meta name=\"twitter:card\" content=\"summary_large_image\" \/>\n<meta name=\"twitter:label1\" content=\"Dur\u00e9e de lecture estim\u00e9e\" \/>\n\t<meta name=\"twitter:data1\" content=\"2 minutes\" \/>\n<script type=\"application\/ld+json\" class=\"yoast-schema-graph\">{\"@context\":\"https:\\\/\\\/schema.org\",\"@graph\":[{\"@type\":\"WebPage\",\"@id\":\"https:\\\/\\\/rawchemicalmart.com\\\/it\\\/prodotto\\\/melamine-cyanurate\\\/\",\"url\":\"https:\\\/\\\/rawchemicalmart.com\\\/it\\\/prodotto\\\/melamine-cyanurate\\\/\",\"name\":\"Melamine cyanurate - rawchemicalmart.com\",\"isPartOf\":{\"@id\":\"https:\\\/\\\/rawchemicalmart.com\\\/#website\"},\"primaryImageOfPage\":{\"@id\":\"https:\\\/\\\/rawchemicalmart.com\\\/it\\\/prodotto\\\/melamine-cyanurate\\\/#primaryimage\"},\"image\":{\"@id\":\"https:\\\/\\\/rawchemicalmart.com\\\/it\\\/prodotto\\\/melamine-cyanurate\\\/#primaryimage\"},\"thumbnailUrl\":\"https:\\\/\\\/rawchemicalmart.com\\\/wp-content\\\/uploads\\\/2025\\\/05\\\/Melamine-cyanurate_1.png\",\"datePublished\":\"2025-05-24T00:37:40+00:00\",\"dateModified\":\"2026-01-23T08:54:22+00:00\",\"breadcrumb\":{\"@id\":\"https:\\\/\\\/rawchemicalmart.com\\\/it\\\/prodotto\\\/melamine-cyanurate\\\/#breadcrumb\"},\"inLanguage\":\"fr-FR\",\"potentialAction\":[{\"@type\":\"ReadAction\",\"target\":[\"https:\\\/\\\/rawchemicalmart.com\\\/it\\\/prodotto\\\/melamine-cyanurate\\\/\"]}]},{\"@type\":\"ImageObject\",\"inLanguage\":\"fr-FR\",\"@id\":\"https:\\\/\\\/rawchemicalmart.com\\\/it\\\/prodotto\\\/melamine-cyanurate\\\/#primaryimage\",\"url\":\"https:\\\/\\\/rawchemicalmart.com\\\/wp-content\\\/uploads\\\/2025\\\/05\\\/Melamine-cyanurate_1.png\",\"contentUrl\":\"https:\\\/\\\/rawchemicalmart.com\\\/wp-content\\\/uploads\\\/2025\\\/05\\\/Melamine-cyanurate_1.png\",\"width\":800,\"height\":800},{\"@type\":\"BreadcrumbList\",\"@id\":\"https:\\\/\\\/rawchemicalmart.com\\\/it\\\/prodotto\\\/melamine-cyanurate\\\/#breadcrumb\",\"itemListElement\":[{\"@type\":\"ListItem\",\"position\":1,\"name\":\"Home\",\"item\":\"https:\\\/\\\/rawchemicalmart.com\\\/\"},{\"@type\":\"ListItem\",\"position\":2,\"name\":\"Products\",\"item\":\"https:\\\/\\\/rawchemicalmart.com\\\/shop\\\/\"},{\"@type\":\"ListItem\",\"position\":3,\"name\":\"Melamine cyanurate\"}]},{\"@type\":\"WebSite\",\"@id\":\"https:\\\/\\\/rawchemicalmart.com\\\/#website\",\"url\":\"https:\\\/\\\/rawchemicalmart.com\\\/\",\"name\":\"rawchemicalmart.com\",\"description\":\"Leading Raw Chemicals Supplier\",\"potentialAction\":[{\"@type\":\"SearchAction\",\"target\":{\"@type\":\"EntryPoint\",\"urlTemplate\":\"https:\\\/\\\/rawchemicalmart.com\\\/?s={search_term_string}\"},\"query-input\":{\"@type\":\"PropertyValueSpecification\",\"valueRequired\":true,\"valueName\":\"search_term_string\"}}],\"inLanguage\":\"fr-FR\"}]}<\/script>\n<!-- \/ Yoast SEO plugin. -->","yoast_head_json":{"title":"cyanurate de m\u00e9lamine - rawchemicalmart.com","robots":{"index":"index","follow":"follow","max-snippet":"max-snippet:-1","max-image-preview":"max-image-preview:large","max-video-preview":"max-video-preview:-1"},"canonical":"https:\/\/rawchemicalmart.com\/fr\/produit\/cyanurate-de-melamine\/","og_locale":"fr_FR","og_type":"article","og_title":"Melamine cyanurate - rawchemicalmart.com","og_description":"Melamine Cyanurate (MCA) is a halogen-free flame retardant widely used in various polymers and engineering plastics. It is a synergistic compound of melamine and cyanuric acid, offering excellent flame retardancy, thermal stability, and electrical insulation properties. MCA is environmentally friendly, non-toxic, and exhibits low smoke emission during combustion, making it a preferred choice for applications requiring high safety standards.","og_url":"https:\/\/rawchemicalmart.com\/fr\/produit\/cyanurate-de-melamine\/","og_site_name":"rawchemicalmart.com","article_modified_time":"2026-01-23T08:54:22+00:00","og_image":[{"width":800,"height":800,"url":"https:\/\/rawchemicalmart.com\/wp-content\/uploads\/2025\/05\/Melamine-cyanurate_1.png","type":"image\/png"}],"twitter_card":"summary_large_image","twitter_misc":{"Dur\u00e9e de lecture estim\u00e9e":"2 minutes"},"schema":{"@context":"https:\/\/schema.org","@graph":[{"@type":"WebPage","@id":"https:\/\/rawchemicalmart.com\/it\/prodotto\/melamine-cyanurate\/","url":"https:\/\/rawchemicalmart.com\/it\/prodotto\/melamine-cyanurate\/","name":"cyanurate de m\u00e9lamine - rawchemicalmart.com","isPartOf":{"@id":"https:\/\/rawchemicalmart.com\/#website"},"primaryImageOfPage":{"@id":"https:\/\/rawchemicalmart.com\/it\/prodotto\/melamine-cyanurate\/#primaryimage"},"image":{"@id":"https:\/\/rawchemicalmart.com\/it\/prodotto\/melamine-cyanurate\/#primaryimage"},"thumbnailUrl":"https:\/\/rawchemicalmart.com\/wp-content\/uploads\/2025\/05\/Melamine-cyanurate_1.png","datePublished":"2025-05-24T00:37:40+00:00","dateModified":"2026-01-23T08:54:22+00:00","breadcrumb":{"@id":"https:\/\/rawchemicalmart.com\/it\/prodotto\/melamine-cyanurate\/#breadcrumb"},"inLanguage":"fr-FR","potentialAction":[{"@type":"ReadAction","target":["https:\/\/rawchemicalmart.com\/it\/prodotto\/melamine-cyanurate\/"]}]},{"@type":"ImageObject","inLanguage":"fr-FR","@id":"https:\/\/rawchemicalmart.com\/it\/prodotto\/melamine-cyanurate\/#primaryimage","url":"https:\/\/rawchemicalmart.com\/wp-content\/uploads\/2025\/05\/Melamine-cyanurate_1.png","contentUrl":"https:\/\/rawchemicalmart.com\/wp-content\/uploads\/2025\/05\/Melamine-cyanurate_1.png","width":800,"height":800},{"@type":"BreadcrumbList","@id":"https:\/\/rawchemicalmart.com\/it\/prodotto\/melamine-cyanurate\/#breadcrumb","itemListElement":[{"@type":"ListItem","position":1,"name":"Home","item":"https:\/\/rawchemicalmart.com\/"},{"@type":"ListItem","position":2,"name":"Products","item":"https:\/\/rawchemicalmart.com\/shop\/"},{"@type":"ListItem","position":3,"name":"Melamine cyanurate"}]},{"@type":"WebSite","@id":"https:\/\/rawchemicalmart.com\/#website","url":"https:\/\/rawchemicalmart.com\/","name":"rawchemicalmart.com","description":"Fournisseur leader de produits chimiques bruts","potentialAction":[{"@type":"SearchAction","target":{"@type":"EntryPoint","urlTemplate":"https:\/\/rawchemicalmart.com\/?s={search_term_string}"},"query-input":{"@type":"PropertyValueSpecification","valueRequired":true,"valueName":"search_term_string"}}],"inLanguage":"fr-FR"}]}},"_links":{"self":[{"href":"https:\/\/rawchemicalmart.com\/fr\/wp-json\/wp\/v2\/product\/11615","targetHints":{"allow":["GET"]}}],"collection":[{"href":"https:\/\/rawchemicalmart.com\/fr\/wp-json\/wp\/v2\/product"}],"about":[{"href":"https:\/\/rawchemicalmart.com\/fr\/wp-json\/wp\/v2\/types\/product"}],"wp:featuredmedia":[{"embeddable":true,"href":"https:\/\/rawchemicalmart.com\/fr\/wp-json\/wp\/v2\/media\/11157"}],"wp:attachment":[{"href":"https:\/\/rawchemicalmart.com\/fr\/wp-json\/wp\/v2\/media?parent=11615"}],"wp:term":[{"taxonomy":"product_brand","embeddable":true,"href":"https:\/\/rawchemicalmart.com\/fr\/wp-json\/wp\/v2\/product_brand?post=11615"},{"taxonomy":"product_cat","embeddable":true,"href":"https:\/\/rawchemicalmart.com\/fr\/wp-json\/wp\/v2\/product_cat?post=11615"},{"taxonomy":"product_tag","embeddable":true,"href":"https:\/\/rawchemicalmart.com\/fr\/wp-json\/wp\/v2\/product_tag?post=11615"}],"curies":[{"name":"wp","href":"https:\/\/api.w.org\/{rel}","templated":true}]}}