{"id":11611,"date":"2025-05-24T00:24:42","date_gmt":"2025-05-24T00:24:42","guid":{"rendered":"https:\/\/rawchemicalmart.com\/?post_type=product&#038;p=11611"},"modified":"2025-06-07T01:17:13","modified_gmt":"2025-06-07T01:17:13","slug":"edta-4na","status":"publish","type":"product","link":"https:\/\/rawchemicalmart.com\/fr\/produit\/edta-4na\/","title":{"rendered":"EDTA-4Na"},"content":{"rendered":"<h2 class=\"md-end-block md-heading md-focus\"><span class=\"md-plain md-expand\">Caract\u00e9ristiques:<\/span><\/h2>\n<div class=\"table-scroll-wrapper\">\n<table id=\"tablepress-27\" class=\"tablepress tablepress-id-27\">\n<thead>\n<tr class=\"row-1\">\n\t<th class=\"column-1\">Param\u00e8tre<\/th><th class=\"column-2\">Sp\u00e9cification<\/th>\n<\/tr>\n<\/thead>\n<tbody class=\"row-striping row-hover\">\n<tr class=\"row-2\">\n\t<td class=\"column-1\">Puret\u00e9<\/td><td class=\"column-2\">\u2265 98%<\/td>\n<\/tr>\n<tr class=\"row-3\">\n\t<td class=\"column-1\">Apparence<\/td><td class=\"column-2\">Poudre cristalline blanche<\/td>\n<\/tr>\n<tr class=\"row-4\">\n\t<td class=\"column-1\">pH (solution 1%)<\/td><td class=\"column-2\">10-11 (alcalin)<\/td>\n<\/tr>\n<tr class=\"row-5\">\n\t<td class=\"column-1\">Solubilit\u00e9<\/td><td class=\"column-2\">Extr\u00eamement soluble dans l&#039;eau<\/td>\n<\/tr>\n<tr class=\"row-6\">\n\t<td class=\"column-1\">Teneur en ions m\u00e9talliques<\/td><td class=\"column-2\">\u2264 0,01%<\/td>\n<\/tr>\n<tr class=\"row-7\">\n\t<td class=\"column-1\">Teneur en humidit\u00e9<\/td><td class=\"column-2\">\u2264 0,5%<\/td>\n<\/tr>\n<tr class=\"row-8\">\n\t<td class=\"column-1\">M\u00e9taux lourds (comme Pb)<\/td><td class=\"column-2\">\u2264 10 ppm<\/td>\n<\/tr>\n<\/tbody>\n<\/table>\n<!-- #tablepress-27 from cache --><\/div>\n<h2 class=\"md-end-block md-heading\"><span class=\"md-plain\">Caract\u00e9ristiques:<\/span><\/h2>\n<ul class=\"ul-list\" data-mark=\"-\">\n<li class=\"md-list-item\">\n<p class=\"md-end-block md-p\"><span class=\"md-plain\">Solubilit\u00e9 dans l&#039;eau extr\u00eamement \u00e9lev\u00e9e.<\/span><\/p>\n<\/li>\n<li class=\"md-list-item\">\n<p class=\"md-end-block md-p\"><span class=\"md-plain\">pH alcalin adapt\u00e9 \u00e0 des applications industrielles sp\u00e9cifiques.<\/span><\/p>\n<\/li>\n<li class=\"md-list-item\">\n<p class=\"md-end-block md-p\"><span class=\"md-plain\">Forte capacit\u00e9 de ch\u00e9lation pour les ions m\u00e9talliques divalents et trivalents.<\/span><\/p>\n<\/li>\n<li class=\"md-list-item\">\n<p class=\"md-end-block md-p\"><span class=\"md-plain\">Am\u00e9liore la stabilit\u00e9 et la performance des formulations.<\/span><\/p>\n<\/li>\n<\/ul>\n<h2 class=\"md-end-block md-heading\"><span class=\"md-pair-s\"><strong><span class=\"md-plain\">Applications :<\/span><\/strong><\/span><\/h2>\n<ul class=\"ul-list\" data-mark=\"-\">\n<li class=\"md-list-item\">\n<p class=\"md-end-block md-p\"><span class=\"md-pair-s\"><strong><span class=\"md-plain\">Nettoyage industriel<\/span><\/strong><\/span><span class=\"md-plain\">: \u00c9limine les oxydes m\u00e9talliques et les tartres.<\/span><\/p>\n<\/li>\n<li class=\"md-list-item\">\n<p class=\"md-end-block md-p\"><span class=\"md-pair-s\"><strong><span class=\"md-plain\">Industrie textile<\/span><\/strong><\/span><span class=\"md-plain\">: Am\u00e9liore les processus de teinture et d&#039;impression.<\/span><\/p>\n<\/li>\n<li class=\"md-list-item\">\n<p class=\"md-end-block md-p\"><span class=\"md-pair-s\"><strong><span class=\"md-plain\">Agriculture<\/span><\/strong><\/span><span class=\"md-plain\">:Am\u00e9liore la disponibilit\u00e9 des micronutriments dans les engrais.<\/span><\/p>\n<\/li>\n<li class=\"md-list-item\">\n<p class=\"md-end-block md-p\"><span class=\"md-pair-s\"><strong><span class=\"md-plain\">Produits de beaut\u00e9<\/span><\/strong><\/span><span class=\"md-plain\">:Stabilise les formulations dans des conditions alcalines.<\/span><\/p>\n<\/li>\n<li class=\"md-list-item\">\n<p class=\"md-end-block md-p\"><span class=\"md-pair-s\"><strong><span class=\"md-plain\">Traitement de l&#039;eau<\/span><\/strong><\/span><span class=\"md-plain\">: Emp\u00eache la formation de tartre dans les syst\u00e8mes alcalins.<\/span><\/p>\n<\/li>\n<\/ul>\n<h2 class=\"md-end-block md-heading\"><span class=\"md-pair-s\"><strong><span class=\"md-plain\">Emballer:<\/span><\/strong><\/span><\/h2>\n<ul class=\"ul-list\" data-mark=\"-\">\n<li class=\"md-list-item\">\n<p class=\"md-end-block md-p\"><span class=\"md-plain\">25 kg\/sac, ou selon les exigences du client.<\/span><\/p>\n<\/li>\n<\/ul>\n<h2 class=\"md-end-block md-heading\"><span class=\"md-pair-s\"><strong><span class=\"md-plain\">Stockage:<\/span><\/strong><\/span><\/h2>\n<ul class=\"ul-list\" data-mark=\"-\">\n<li class=\"md-list-item\">\n<p class=\"md-end-block md-p\"><span class=\"md-plain\">Conserver dans un endroit frais et sec, \u00e0 l&#039;abri de l&#039;humidit\u00e9 et de la lumi\u00e8re directe du soleil.<\/span><\/p>\n<\/li>\n<li class=\"md-list-item md-focus-container\">\n<p class=\"md-end-block md-p md-focus\"><span class=\"md-plain md-expand\">Gardez le r\u00e9cipient herm\u00e9tiquement ferm\u00e9.<\/span><\/p>\n<\/li>\n<\/ul>","protected":false},"excerpt":{"rendered":"<p class=\"tmnf_excerpt\">L&#039;EDTA-4Na (\u00e9thyl\u00e8nediaminet\u00e9traac\u00e9tate t\u00e9trasodique) est le sel t\u00e9trasodique de l&#039;EDTA, offrant une grande solubilit\u00e9 dans l&#039;eau et un pH alcalin. Il est id\u00e9al pour les applications n\u00e9cessitant une forte ch\u00e9lation en milieu alcalin.\n<\/p>","protected":false},"featured_media":11043,"template":"","meta":{"_acf_changed":false},"product_brand":[],"product_cat":[50],"product_tag":[],"class_list":{"0":"post-11611","1":"product","2":"type-product","3":"status-publish","4":"has-post-thumbnail","6":"product_cat-water-treatment","8":"first","9":"instock","10":"shipping-taxable","11":"product-type-simple"},"acf":[],"yoast_head":"<!-- This site is optimized with the Yoast SEO plugin v27.4 - https:\/\/yoast.com\/product\/yoast-seo-wordpress\/ -->\n<title>EDTA-4Na - rawchemicalmart.com<\/title>\n<meta name=\"robots\" content=\"index, follow, max-snippet:-1, max-image-preview:large, max-video-preview:-1\" \/>\n<link rel=\"canonical\" href=\"https:\/\/rawchemicalmart.com\/fr\/produit\/edta-4na\/\" \/>\n<meta property=\"og:locale\" content=\"fr_FR\" \/>\n<meta property=\"og:type\" content=\"article\" \/>\n<meta property=\"og:title\" content=\"EDTA-4Na - rawchemicalmart.com\" \/>\n<meta property=\"og:description\" content=\"EDTA-4Na (Tetrasodium ethylenediaminetetraacetate) is the tetrasodium salt of EDTA, offering high water solubility and alkaline pH. It is ideal for applications requiring strong chelation in alkaline conditions.\" \/>\n<meta property=\"og:url\" content=\"https:\/\/rawchemicalmart.com\/fr\/produit\/edta-4na\/\" \/>\n<meta property=\"og:site_name\" content=\"rawchemicalmart.com\" \/>\n<meta property=\"article:modified_time\" content=\"2025-06-07T01:17:13+00:00\" \/>\n<meta property=\"og:image\" content=\"https:\/\/rawchemicalmart.com\/wp-content\/uploads\/2025\/05\/EDTA-4NA-2.jpg\" \/>\n\t<meta property=\"og:image:width\" content=\"800\" \/>\n\t<meta property=\"og:image:height\" content=\"800\" \/>\n\t<meta property=\"og:image:type\" content=\"image\/jpeg\" \/>\n<meta name=\"twitter:card\" content=\"summary_large_image\" \/>\n<script type=\"application\/ld+json\" class=\"yoast-schema-graph\">{\"@context\":\"https:\\\/\\\/schema.org\",\"@graph\":[{\"@type\":\"WebPage\",\"@id\":\"https:\\\/\\\/rawchemicalmart.com\\\/product\\\/edta-4na\\\/\",\"url\":\"https:\\\/\\\/rawchemicalmart.com\\\/product\\\/edta-4na\\\/\",\"name\":\"EDTA-4Na - rawchemicalmart.com\",\"isPartOf\":{\"@id\":\"https:\\\/\\\/rawchemicalmart.com\\\/#website\"},\"primaryImageOfPage\":{\"@id\":\"https:\\\/\\\/rawchemicalmart.com\\\/product\\\/edta-4na\\\/#primaryimage\"},\"image\":{\"@id\":\"https:\\\/\\\/rawchemicalmart.com\\\/product\\\/edta-4na\\\/#primaryimage\"},\"thumbnailUrl\":\"https:\\\/\\\/rawchemicalmart.com\\\/wp-content\\\/uploads\\\/2025\\\/05\\\/EDTA-4NA-2.jpg\",\"datePublished\":\"2025-05-24T00:24:42+00:00\",\"dateModified\":\"2025-06-07T01:17:13+00:00\",\"breadcrumb\":{\"@id\":\"https:\\\/\\\/rawchemicalmart.com\\\/product\\\/edta-4na\\\/#breadcrumb\"},\"inLanguage\":\"fr-FR\",\"potentialAction\":[{\"@type\":\"ReadAction\",\"target\":[\"https:\\\/\\\/rawchemicalmart.com\\\/product\\\/edta-4na\\\/\"]}]},{\"@type\":\"ImageObject\",\"inLanguage\":\"fr-FR\",\"@id\":\"https:\\\/\\\/rawchemicalmart.com\\\/product\\\/edta-4na\\\/#primaryimage\",\"url\":\"https:\\\/\\\/rawchemicalmart.com\\\/wp-content\\\/uploads\\\/2025\\\/05\\\/EDTA-4NA-2.jpg\",\"contentUrl\":\"https:\\\/\\\/rawchemicalmart.com\\\/wp-content\\\/uploads\\\/2025\\\/05\\\/EDTA-4NA-2.jpg\",\"width\":800,\"height\":800},{\"@type\":\"BreadcrumbList\",\"@id\":\"https:\\\/\\\/rawchemicalmart.com\\\/product\\\/edta-4na\\\/#breadcrumb\",\"itemListElement\":[{\"@type\":\"ListItem\",\"position\":1,\"name\":\"Home\",\"item\":\"https:\\\/\\\/rawchemicalmart.com\\\/\"},{\"@type\":\"ListItem\",\"position\":2,\"name\":\"Products\",\"item\":\"https:\\\/\\\/rawchemicalmart.com\\\/shop\\\/\"},{\"@type\":\"ListItem\",\"position\":3,\"name\":\"EDTA-4Na\"}]},{\"@type\":\"WebSite\",\"@id\":\"https:\\\/\\\/rawchemicalmart.com\\\/#website\",\"url\":\"https:\\\/\\\/rawchemicalmart.com\\\/\",\"name\":\"rawchemicalmart.com\",\"description\":\"Leading Raw Chemicals Supplier\",\"potentialAction\":[{\"@type\":\"SearchAction\",\"target\":{\"@type\":\"EntryPoint\",\"urlTemplate\":\"https:\\\/\\\/rawchemicalmart.com\\\/?s={search_term_string}\"},\"query-input\":{\"@type\":\"PropertyValueSpecification\",\"valueRequired\":true,\"valueName\":\"search_term_string\"}}],\"inLanguage\":\"fr-FR\"}]}<\/script>\n<!-- \/ Yoast SEO plugin. -->","yoast_head_json":{"title":"EDTA-4Na - rawchemicalmart.com","robots":{"index":"index","follow":"follow","max-snippet":"max-snippet:-1","max-image-preview":"max-image-preview:large","max-video-preview":"max-video-preview:-1"},"canonical":"https:\/\/rawchemicalmart.com\/fr\/produit\/edta-4na\/","og_locale":"fr_FR","og_type":"article","og_title":"EDTA-4Na - rawchemicalmart.com","og_description":"EDTA-4Na (Tetrasodium ethylenediaminetetraacetate) is the tetrasodium salt of EDTA, offering high water solubility and alkaline pH. It is ideal for applications requiring strong chelation in alkaline conditions.","og_url":"https:\/\/rawchemicalmart.com\/fr\/produit\/edta-4na\/","og_site_name":"rawchemicalmart.com","article_modified_time":"2025-06-07T01:17:13+00:00","og_image":[{"width":800,"height":800,"url":"https:\/\/rawchemicalmart.com\/wp-content\/uploads\/2025\/05\/EDTA-4NA-2.jpg","type":"image\/jpeg"}],"twitter_card":"summary_large_image","schema":{"@context":"https:\/\/schema.org","@graph":[{"@type":"WebPage","@id":"https:\/\/rawchemicalmart.com\/product\/edta-4na\/","url":"https:\/\/rawchemicalmart.com\/product\/edta-4na\/","name":"EDTA-4Na - rawchemicalmart.com","isPartOf":{"@id":"https:\/\/rawchemicalmart.com\/#website"},"primaryImageOfPage":{"@id":"https:\/\/rawchemicalmart.com\/product\/edta-4na\/#primaryimage"},"image":{"@id":"https:\/\/rawchemicalmart.com\/product\/edta-4na\/#primaryimage"},"thumbnailUrl":"https:\/\/rawchemicalmart.com\/wp-content\/uploads\/2025\/05\/EDTA-4NA-2.jpg","datePublished":"2025-05-24T00:24:42+00:00","dateModified":"2025-06-07T01:17:13+00:00","breadcrumb":{"@id":"https:\/\/rawchemicalmart.com\/product\/edta-4na\/#breadcrumb"},"inLanguage":"fr-FR","potentialAction":[{"@type":"ReadAction","target":["https:\/\/rawchemicalmart.com\/product\/edta-4na\/"]}]},{"@type":"ImageObject","inLanguage":"fr-FR","@id":"https:\/\/rawchemicalmart.com\/product\/edta-4na\/#primaryimage","url":"https:\/\/rawchemicalmart.com\/wp-content\/uploads\/2025\/05\/EDTA-4NA-2.jpg","contentUrl":"https:\/\/rawchemicalmart.com\/wp-content\/uploads\/2025\/05\/EDTA-4NA-2.jpg","width":800,"height":800},{"@type":"BreadcrumbList","@id":"https:\/\/rawchemicalmart.com\/product\/edta-4na\/#breadcrumb","itemListElement":[{"@type":"ListItem","position":1,"name":"Home","item":"https:\/\/rawchemicalmart.com\/"},{"@type":"ListItem","position":2,"name":"Products","item":"https:\/\/rawchemicalmart.com\/shop\/"},{"@type":"ListItem","position":3,"name":"EDTA-4Na"}]},{"@type":"WebSite","@id":"https:\/\/rawchemicalmart.com\/#website","url":"https:\/\/rawchemicalmart.com\/","name":"rawchemicalmart.com","description":"Fournisseur leader de produits chimiques bruts","potentialAction":[{"@type":"SearchAction","target":{"@type":"EntryPoint","urlTemplate":"https:\/\/rawchemicalmart.com\/?s={search_term_string}"},"query-input":{"@type":"PropertyValueSpecification","valueRequired":true,"valueName":"search_term_string"}}],"inLanguage":"fr-FR"}]}},"_links":{"self":[{"href":"https:\/\/rawchemicalmart.com\/fr\/wp-json\/wp\/v2\/product\/11611","targetHints":{"allow":["GET"]}}],"collection":[{"href":"https:\/\/rawchemicalmart.com\/fr\/wp-json\/wp\/v2\/product"}],"about":[{"href":"https:\/\/rawchemicalmart.com\/fr\/wp-json\/wp\/v2\/types\/product"}],"wp:featuredmedia":[{"embeddable":true,"href":"https:\/\/rawchemicalmart.com\/fr\/wp-json\/wp\/v2\/media\/11043"}],"wp:attachment":[{"href":"https:\/\/rawchemicalmart.com\/fr\/wp-json\/wp\/v2\/media?parent=11611"}],"wp:term":[{"taxonomy":"product_brand","embeddable":true,"href":"https:\/\/rawchemicalmart.com\/fr\/wp-json\/wp\/v2\/product_brand?post=11611"},{"taxonomy":"product_cat","embeddable":true,"href":"https:\/\/rawchemicalmart.com\/fr\/wp-json\/wp\/v2\/product_cat?post=11611"},{"taxonomy":"product_tag","embeddable":true,"href":"https:\/\/rawchemicalmart.com\/fr\/wp-json\/wp\/v2\/product_tag?post=11611"}],"curies":[{"name":"wp","href":"https:\/\/api.w.org\/{rel}","templated":true}]}}