{"id":11609,"date":"2025-05-24T00:19:52","date_gmt":"2025-05-24T00:19:52","guid":{"rendered":"https:\/\/rawchemicalmart.com\/?post_type=product&#038;p=11609"},"modified":"2025-06-07T01:16:53","modified_gmt":"2025-06-07T01:16:53","slug":"edta-2na","status":"publish","type":"product","link":"https:\/\/rawchemicalmart.com\/fr\/produit\/edta-2na\/","title":{"rendered":"EDTA-2Na"},"content":{"rendered":"<h2 class=\"md-end-block md-heading md-focus\"><span class=\"md-plain md-expand\">Caract\u00e9ristiques:<\/span><\/h2>\n<div class=\"table-scroll-wrapper\">\n<table id=\"tablepress-26\" class=\"tablepress tablepress-id-26\">\n<thead>\n<tr class=\"row-1\">\n\t<th class=\"column-1\">Param\u00e8tre<\/th><th class=\"column-2\">Sp\u00e9cification<\/th>\n<\/tr>\n<\/thead>\n<tbody class=\"row-striping row-hover\">\n<tr class=\"row-2\">\n\t<td class=\"column-1\">Puret\u00e9<\/td><td class=\"column-2\">\u2265 98%<\/td>\n<\/tr>\n<tr class=\"row-3\">\n\t<td class=\"column-1\">Apparence<\/td><td class=\"column-2\">Poudre cristalline blanche<\/td>\n<\/tr>\n<tr class=\"row-4\">\n\t<td class=\"column-1\">pH (solution 1%)<\/td><td class=\"column-2\">4-6 (faiblement acide)<\/td>\n<\/tr>\n<tr class=\"row-5\">\n\t<td class=\"column-1\">Solubilit\u00e9<\/td><td class=\"column-2\">Tr\u00e8s soluble dans l&#039;eau<\/td>\n<\/tr>\n<tr class=\"row-6\">\n\t<td class=\"column-1\">Teneur en ions m\u00e9talliques<\/td><td class=\"column-2\">\u2264 0,01%<\/td>\n<\/tr>\n<tr class=\"row-7\">\n\t<td class=\"column-1\">Teneur en humidit\u00e9<\/td><td class=\"column-2\">\u2264 0,5%<\/td>\n<\/tr>\n<tr class=\"row-8\">\n\t<td class=\"column-1\">M\u00e9taux lourds (comme Pb)<\/td><td class=\"column-2\">\u2264 10 ppm<\/td>\n<\/tr>\n<\/tbody>\n<\/table>\n<!-- #tablepress-26 from cache --><\/div>\n<h2 class=\"md-end-block md-heading\"><span class=\"md-plain\">Caract\u00e9ristiques:<\/span><\/h2>\n<ul class=\"ul-list\" data-mark=\"-\">\n<li class=\"md-list-item\">\n<p class=\"md-end-block md-p\"><span class=\"md-plain\">Excellente solubilit\u00e9 dans l&#039;eau.<\/span><\/p>\n<\/li>\n<li class=\"md-list-item\">\n<p class=\"md-end-block md-p\"><span class=\"md-plain\">pH neutre adapt\u00e9 \u00e0 une large gamme d&#039;applications.<\/span><\/p>\n<\/li>\n<li class=\"md-list-item\">\n<p class=\"md-end-block md-p\"><span class=\"md-plain\">Forte capacit\u00e9 de ch\u00e9lation pour les ions m\u00e9talliques divalents.<\/span><\/p>\n<\/li>\n<li class=\"md-list-item\">\n<p class=\"md-end-block md-p\"><span class=\"md-plain\">Am\u00e9liore la stabilit\u00e9 et les performances du produit.<\/span><\/p>\n<\/li>\n<\/ul>\n<h2 class=\"md-end-block md-heading\"><span class=\"md-pair-s\"><strong><span class=\"md-plain\">Applications :<\/span><\/strong><\/span><\/h2>\n<ul class=\"ul-list\" data-mark=\"-\">\n<li class=\"md-list-item\">\n<p class=\"md-end-block md-p\"><span class=\"md-pair-s\"><strong><span class=\"md-plain\">Industrie alimentaire<\/span><\/strong><\/span><span class=\"md-plain\">: Emp\u00eache l\u2019oxydation et maintient la qualit\u00e9 des aliments.<\/span><\/p>\n<\/li>\n<li class=\"md-list-item\">\n<p class=\"md-end-block md-p\"><span class=\"md-pair-s\"><strong><span class=\"md-plain\">Produits de beaut\u00e9<\/span><\/strong><\/span><span class=\"md-plain\">:Stabilise les formulations et am\u00e9liore l\u2019efficacit\u00e9 des conservateurs.<\/span><\/p>\n<\/li>\n<li class=\"md-list-item\">\n<p class=\"md-end-block md-p\"><span class=\"md-pair-s\"><strong><span class=\"md-plain\">Traitement de l&#039;eau<\/span><\/strong><\/span><span class=\"md-plain\">:Adoucit l&#039;eau en ch\u00e9latant le Ca\u00b2\u207a et le Mg\u00b2\u207a.<\/span><\/p>\n<\/li>\n<li class=\"md-list-item\">\n<p class=\"md-end-block md-p\"><span class=\"md-pair-s\"><strong><span class=\"md-plain\">Industrie textile<\/span><\/strong><\/span><span class=\"md-plain\">: Am\u00e9liore l&#039;efficacit\u00e9 de la teinture.<\/span><\/p>\n<\/li>\n<li class=\"md-list-item\">\n<p class=\"md-end-block md-p\"><span class=\"md-pair-s\"><strong><span class=\"md-plain\">Agriculture<\/span><\/strong><\/span><span class=\"md-plain\">:Am\u00e9liore l\u2019absorption des micronutriments dans les plantes.<\/span><\/p>\n<\/li>\n<\/ul>\n<h2 class=\"md-end-block md-heading\"><span class=\"md-pair-s\"><strong><span class=\"md-plain\">Emballer:<\/span><\/strong><\/span><\/h2>\n<ul class=\"ul-list\" data-mark=\"-\">\n<li class=\"md-list-item\">\n<p class=\"md-end-block md-p\"><span class=\"md-plain\">25 kg\/sac, ou selon les exigences du client.<\/span><\/p>\n<\/li>\n<\/ul>\n<h2 class=\"md-end-block md-heading\"><span class=\"md-pair-s\"><strong><span class=\"md-plain\">Stockage:<\/span><\/strong><\/span><\/h2>\n<ul class=\"ul-list\" data-mark=\"-\">\n<li class=\"md-list-item\">\n<p class=\"md-end-block md-p\"><span class=\"md-plain\">Conserver dans un endroit frais et sec, \u00e0 l&#039;abri de l&#039;humidit\u00e9 et de la lumi\u00e8re directe du soleil.<\/span><\/p>\n<\/li>\n<li class=\"md-list-item md-focus-container\">\n<p class=\"md-end-block md-p md-focus\"><span class=\"md-plain\">Gardez le r\u00e9cipient herm\u00e9tiquement ferm\u00e9.<\/span><\/p>\n<\/li>\n<\/ul>","protected":false},"excerpt":{"rendered":"<p class=\"tmnf_excerpt\">L&#039;EDTA-2Na (\u00e9thyl\u00e8nediaminet\u00e9traac\u00e9tate disodique) est le sel disodique de l&#039;EDTA, offrant une meilleure solubilit\u00e9 dans l&#039;eau et un pH neutre. Il est largement utilis\u00e9 dans les industries n\u00e9cessitant une ch\u00e9lation efficace des ions m\u00e9talliques.\n<\/p>","protected":false},"featured_media":11041,"template":"","meta":{"_acf_changed":false},"product_brand":[],"product_cat":[50],"product_tag":[],"class_list":{"0":"post-11609","1":"product","2":"type-product","3":"status-publish","4":"has-post-thumbnail","6":"product_cat-water-treatment","8":"first","9":"instock","10":"shipping-taxable","11":"product-type-simple"},"acf":[],"yoast_head":"<!-- This site is optimized with the Yoast SEO plugin v27.4 - https:\/\/yoast.com\/product\/yoast-seo-wordpress\/ -->\n<title>EDTA-2Na - rawchemicalmart.com<\/title>\n<meta name=\"robots\" content=\"index, follow, max-snippet:-1, max-image-preview:large, max-video-preview:-1\" \/>\n<link rel=\"canonical\" href=\"https:\/\/rawchemicalmart.com\/fr\/produit\/edta-2na\/\" \/>\n<meta property=\"og:locale\" content=\"fr_FR\" \/>\n<meta property=\"og:type\" content=\"article\" \/>\n<meta property=\"og:title\" content=\"EDTA-2Na - rawchemicalmart.com\" \/>\n<meta property=\"og:description\" content=\"EDTA-2Na (Disodium ethylenediaminetetraacetate) is the disodium salt of EDTA, offering better water solubility and a neutral pH. It is widely used in industries requiring effective metal ion chelation.\" \/>\n<meta property=\"og:url\" content=\"https:\/\/rawchemicalmart.com\/fr\/produit\/edta-2na\/\" \/>\n<meta property=\"og:site_name\" content=\"rawchemicalmart.com\" \/>\n<meta property=\"article:modified_time\" content=\"2025-06-07T01:16:53+00:00\" \/>\n<meta property=\"og:image\" content=\"https:\/\/rawchemicalmart.com\/wp-content\/uploads\/2025\/05\/EDTA-2Na-4.jpg\" \/>\n\t<meta property=\"og:image:width\" content=\"800\" \/>\n\t<meta property=\"og:image:height\" content=\"800\" \/>\n\t<meta property=\"og:image:type\" content=\"image\/jpeg\" \/>\n<meta name=\"twitter:card\" content=\"summary_large_image\" \/>\n<script type=\"application\/ld+json\" class=\"yoast-schema-graph\">{\"@context\":\"https:\\\/\\\/schema.org\",\"@graph\":[{\"@type\":\"WebPage\",\"@id\":\"https:\\\/\\\/rawchemicalmart.com\\\/product\\\/edta-2na\\\/\",\"url\":\"https:\\\/\\\/rawchemicalmart.com\\\/product\\\/edta-2na\\\/\",\"name\":\"EDTA-2Na - rawchemicalmart.com\",\"isPartOf\":{\"@id\":\"https:\\\/\\\/rawchemicalmart.com\\\/#website\"},\"primaryImageOfPage\":{\"@id\":\"https:\\\/\\\/rawchemicalmart.com\\\/product\\\/edta-2na\\\/#primaryimage\"},\"image\":{\"@id\":\"https:\\\/\\\/rawchemicalmart.com\\\/product\\\/edta-2na\\\/#primaryimage\"},\"thumbnailUrl\":\"https:\\\/\\\/rawchemicalmart.com\\\/wp-content\\\/uploads\\\/2025\\\/05\\\/EDTA-2Na-4.jpg\",\"datePublished\":\"2025-05-24T00:19:52+00:00\",\"dateModified\":\"2025-06-07T01:16:53+00:00\",\"breadcrumb\":{\"@id\":\"https:\\\/\\\/rawchemicalmart.com\\\/product\\\/edta-2na\\\/#breadcrumb\"},\"inLanguage\":\"fr-FR\",\"potentialAction\":[{\"@type\":\"ReadAction\",\"target\":[\"https:\\\/\\\/rawchemicalmart.com\\\/product\\\/edta-2na\\\/\"]}]},{\"@type\":\"ImageObject\",\"inLanguage\":\"fr-FR\",\"@id\":\"https:\\\/\\\/rawchemicalmart.com\\\/product\\\/edta-2na\\\/#primaryimage\",\"url\":\"https:\\\/\\\/rawchemicalmart.com\\\/wp-content\\\/uploads\\\/2025\\\/05\\\/EDTA-2Na-4.jpg\",\"contentUrl\":\"https:\\\/\\\/rawchemicalmart.com\\\/wp-content\\\/uploads\\\/2025\\\/05\\\/EDTA-2Na-4.jpg\",\"width\":800,\"height\":800},{\"@type\":\"BreadcrumbList\",\"@id\":\"https:\\\/\\\/rawchemicalmart.com\\\/product\\\/edta-2na\\\/#breadcrumb\",\"itemListElement\":[{\"@type\":\"ListItem\",\"position\":1,\"name\":\"Home\",\"item\":\"https:\\\/\\\/rawchemicalmart.com\\\/\"},{\"@type\":\"ListItem\",\"position\":2,\"name\":\"Products\",\"item\":\"https:\\\/\\\/rawchemicalmart.com\\\/shop\\\/\"},{\"@type\":\"ListItem\",\"position\":3,\"name\":\"EDTA-2Na\"}]},{\"@type\":\"WebSite\",\"@id\":\"https:\\\/\\\/rawchemicalmart.com\\\/#website\",\"url\":\"https:\\\/\\\/rawchemicalmart.com\\\/\",\"name\":\"rawchemicalmart.com\",\"description\":\"Leading Raw Chemicals Supplier\",\"potentialAction\":[{\"@type\":\"SearchAction\",\"target\":{\"@type\":\"EntryPoint\",\"urlTemplate\":\"https:\\\/\\\/rawchemicalmart.com\\\/?s={search_term_string}\"},\"query-input\":{\"@type\":\"PropertyValueSpecification\",\"valueRequired\":true,\"valueName\":\"search_term_string\"}}],\"inLanguage\":\"fr-FR\"}]}<\/script>\n<!-- \/ Yoast SEO plugin. -->","yoast_head_json":{"title":"EDTA-2Na - rawchemicalmart.com","robots":{"index":"index","follow":"follow","max-snippet":"max-snippet:-1","max-image-preview":"max-image-preview:large","max-video-preview":"max-video-preview:-1"},"canonical":"https:\/\/rawchemicalmart.com\/fr\/produit\/edta-2na\/","og_locale":"fr_FR","og_type":"article","og_title":"EDTA-2Na - rawchemicalmart.com","og_description":"EDTA-2Na (Disodium ethylenediaminetetraacetate) is the disodium salt of EDTA, offering better water solubility and a neutral pH. It is widely used in industries requiring effective metal ion chelation.","og_url":"https:\/\/rawchemicalmart.com\/fr\/produit\/edta-2na\/","og_site_name":"rawchemicalmart.com","article_modified_time":"2025-06-07T01:16:53+00:00","og_image":[{"width":800,"height":800,"url":"https:\/\/rawchemicalmart.com\/wp-content\/uploads\/2025\/05\/EDTA-2Na-4.jpg","type":"image\/jpeg"}],"twitter_card":"summary_large_image","schema":{"@context":"https:\/\/schema.org","@graph":[{"@type":"WebPage","@id":"https:\/\/rawchemicalmart.com\/product\/edta-2na\/","url":"https:\/\/rawchemicalmart.com\/product\/edta-2na\/","name":"EDTA-2Na - rawchemicalmart.com","isPartOf":{"@id":"https:\/\/rawchemicalmart.com\/#website"},"primaryImageOfPage":{"@id":"https:\/\/rawchemicalmart.com\/product\/edta-2na\/#primaryimage"},"image":{"@id":"https:\/\/rawchemicalmart.com\/product\/edta-2na\/#primaryimage"},"thumbnailUrl":"https:\/\/rawchemicalmart.com\/wp-content\/uploads\/2025\/05\/EDTA-2Na-4.jpg","datePublished":"2025-05-24T00:19:52+00:00","dateModified":"2025-06-07T01:16:53+00:00","breadcrumb":{"@id":"https:\/\/rawchemicalmart.com\/product\/edta-2na\/#breadcrumb"},"inLanguage":"fr-FR","potentialAction":[{"@type":"ReadAction","target":["https:\/\/rawchemicalmart.com\/product\/edta-2na\/"]}]},{"@type":"ImageObject","inLanguage":"fr-FR","@id":"https:\/\/rawchemicalmart.com\/product\/edta-2na\/#primaryimage","url":"https:\/\/rawchemicalmart.com\/wp-content\/uploads\/2025\/05\/EDTA-2Na-4.jpg","contentUrl":"https:\/\/rawchemicalmart.com\/wp-content\/uploads\/2025\/05\/EDTA-2Na-4.jpg","width":800,"height":800},{"@type":"BreadcrumbList","@id":"https:\/\/rawchemicalmart.com\/product\/edta-2na\/#breadcrumb","itemListElement":[{"@type":"ListItem","position":1,"name":"Home","item":"https:\/\/rawchemicalmart.com\/"},{"@type":"ListItem","position":2,"name":"Products","item":"https:\/\/rawchemicalmart.com\/shop\/"},{"@type":"ListItem","position":3,"name":"EDTA-2Na"}]},{"@type":"WebSite","@id":"https:\/\/rawchemicalmart.com\/#website","url":"https:\/\/rawchemicalmart.com\/","name":"rawchemicalmart.com","description":"Fournisseur leader de produits chimiques bruts","potentialAction":[{"@type":"SearchAction","target":{"@type":"EntryPoint","urlTemplate":"https:\/\/rawchemicalmart.com\/?s={search_term_string}"},"query-input":{"@type":"PropertyValueSpecification","valueRequired":true,"valueName":"search_term_string"}}],"inLanguage":"fr-FR"}]}},"_links":{"self":[{"href":"https:\/\/rawchemicalmart.com\/fr\/wp-json\/wp\/v2\/product\/11609","targetHints":{"allow":["GET"]}}],"collection":[{"href":"https:\/\/rawchemicalmart.com\/fr\/wp-json\/wp\/v2\/product"}],"about":[{"href":"https:\/\/rawchemicalmart.com\/fr\/wp-json\/wp\/v2\/types\/product"}],"wp:featuredmedia":[{"embeddable":true,"href":"https:\/\/rawchemicalmart.com\/fr\/wp-json\/wp\/v2\/media\/11041"}],"wp:attachment":[{"href":"https:\/\/rawchemicalmart.com\/fr\/wp-json\/wp\/v2\/media?parent=11609"}],"wp:term":[{"taxonomy":"product_brand","embeddable":true,"href":"https:\/\/rawchemicalmart.com\/fr\/wp-json\/wp\/v2\/product_brand?post=11609"},{"taxonomy":"product_cat","embeddable":true,"href":"https:\/\/rawchemicalmart.com\/fr\/wp-json\/wp\/v2\/product_cat?post=11609"},{"taxonomy":"product_tag","embeddable":true,"href":"https:\/\/rawchemicalmart.com\/fr\/wp-json\/wp\/v2\/product_tag?post=11609"}],"curies":[{"name":"wp","href":"https:\/\/api.w.org\/{rel}","templated":true}]}}