{"id":11607,"date":"2025-05-24T00:17:05","date_gmt":"2025-05-24T00:17:05","guid":{"rendered":"https:\/\/rawchemicalmart.com\/?post_type=product&#038;p=11607"},"modified":"2025-06-07T01:13:33","modified_gmt":"2025-06-07T01:13:33","slug":"cyanuric-acid","status":"publish","type":"product","link":"https:\/\/rawchemicalmart.com\/fr\/produit\/cyanuric-acid\/","title":{"rendered":"acide cyanurique"},"content":{"rendered":"<h2 class=\"md-end-block md-heading md-focus\"><span class=\"md-plain md-expand\">Caract\u00e9ristiques:<\/span><\/h2>\n<div class=\"table-scroll-wrapper\">\n<table id=\"tablepress-55\" class=\"tablepress tablepress-id-55\">\n<thead>\n<tr class=\"row-1\">\n\t<th class=\"column-1\">Sp\u00e9cification<\/th><th class=\"column-2\">Sous forme de poudre<\/th><th class=\"column-3\">Forme granulaire<\/th>\n<\/tr>\n<\/thead>\n<tbody class=\"row-striping row-hover\">\n<tr class=\"row-2\">\n\t<td class=\"column-1\">Teneur (base s\u00e8che)<\/td><td class=\"column-2\">\u226598,5%<\/td><td class=\"column-3\">\u226598,0%<\/td>\n<\/tr>\n<tr class=\"row-3\">\n\t<td class=\"column-1\">Humidit\u00e9<\/td><td class=\"column-2\">\u22640,5%<\/td><td class=\"column-3\">\u22645,0%<\/td>\n<\/tr>\n<tr class=\"row-4\">\n\t<td class=\"column-1\">pH (solution aqueuse 1%)<\/td><td class=\"column-2\">\u22653,8<\/td><td class=\"column-3\">\u22653,8<\/td>\n<\/tr>\n<tr class=\"row-5\">\n\t<td class=\"column-1\">R\u00e9sidu \u00e0 l&#039;allumage<\/td><td class=\"column-2\">\u22640,1%<\/td><td class=\"column-3\">\u22640,1%<\/td>\n<\/tr>\n<tr class=\"row-6\">\n\t<td class=\"column-1\">amide d&#039;acide cyanurique<\/td><td class=\"column-2\">\u22640,5%<\/td><td class=\"column-3\">--<\/td>\n<\/tr>\n<tr class=\"row-7\">\n\t<td class=\"column-1\">Fer<\/td><td class=\"column-2\">\u2264 35 ppm<\/td><td class=\"column-3\">--<\/td>\n<\/tr>\n<tr class=\"row-8\">\n\t<td class=\"column-1\">Sulfates<\/td><td class=\"column-2\">\u22640,5%<\/td><td class=\"column-3\">--<\/td>\n<\/tr>\n<tr class=\"row-9\">\n\t<td class=\"column-1\">Taille des particules<\/td><td class=\"column-2\">95% passe \u00e0 travers 80 mesh<\/td><td class=\"column-3\">95% passe \u00e0 travers 10-30 mesh<\/td>\n<\/tr>\n<\/tbody>\n<\/table>\n<!-- #tablepress-55 from cache --><\/div>\n<h2 class=\"md-end-block md-heading\"><span class=\"md-plain\">Propri\u00e9t\u00e9s et caract\u00e9ristiques :<\/span><\/h2>\n<ul class=\"ul-list\" data-mark=\"-\">\n<li class=\"md-list-item\">\n<p class=\"md-end-block md-p\"><span class=\"md-pair-s\"><strong><span class=\"md-plain\">agent stabilisant<\/span><\/strong><\/span><span class=\"md-plain\">:L&#039;acide cyanurique est principalement utilis\u00e9 pour stabiliser le chlore dans l&#039;eau de piscine, r\u00e9duisant ainsi le taux de perte de chlore d\u00fb \u00e0 la d\u00e9gradation par les UV.<\/span><\/p>\n<\/li>\n<li class=\"md-list-item\">\n<p class=\"md-end-block md-p\"><span class=\"md-pair-s\"><strong><span class=\"md-plain\">Utilisation industrielle<\/span><\/strong><\/span><span class=\"md-plain\">:Il est utilis\u00e9 dans la production d\u2019herbicides et constitue un interm\u00e9diaire important dans la synth\u00e8se de divers produits chimiques.<\/span><\/p>\n<\/li>\n<li class=\"md-list-item\">\n<p class=\"md-end-block md-p\"><span class=\"md-pair-s\"><strong><span class=\"md-plain\">R\u00e9activit\u00e9 chimique<\/span><\/strong><\/span><span class=\"md-plain\">L&#039;acide cyanurique r\u00e9agit avec les alcalis et peut former des sels tels que le cyanurate de sodium. Il peut \u00e9galement participer \u00e0 des r\u00e9actions avec les amines pour former divers d\u00e9riv\u00e9s.<\/span><\/p>\n<\/li>\n<li class=\"md-list-item\">\n<p class=\"md-end-block md-p\"><span class=\"md-pair-s\"><strong><span class=\"md-plain\">Stabilit\u00e9 environnementale<\/span><\/strong><\/span><span class=\"md-plain\">:Il est tr\u00e8s stable dans des conditions normales et ne se d\u00e9compose pas facilement, ce qui en fait un produit chimique efficace pour les applications \u00e0 long terme.<\/span><\/p>\n<\/li>\n<\/ul>\n<h2 class=\"md-end-block md-heading\"><span class=\"md-plain\">Applications :<\/span><\/h2>\n<ul class=\"ul-list\" data-mark=\"-\">\n<li class=\"md-list-item\">\n<p class=\"md-end-block md-p\"><span class=\"md-pair-s\"><strong><span class=\"md-plain\">Traitement de l&#039;eau<\/span><\/strong><\/span><span class=\"md-plain\">: L&#039;acide cyanurique est couramment utilis\u00e9 dans l&#039;entretien des piscines pour aider \u00e0 stabiliser le chlore, augmentant son efficacit\u00e9 et r\u00e9duisant la fr\u00e9quence d&#039;ajout de chlore.<\/span><\/p>\n<\/li>\n<li class=\"md-list-item\">\n<p class=\"md-end-block md-p\"><span class=\"md-pair-s\"><strong><span class=\"md-plain\">Agriculture<\/span><\/strong><\/span><span class=\"md-plain\">:Utilis\u00e9 dans les formulations d\u2019herbicides pour contr\u00f4ler la croissance des mauvaises herbes.<\/span><\/p>\n<\/li>\n<li class=\"md-list-item\">\n<p class=\"md-end-block md-p\"><span class=\"md-pair-s\"><strong><span class=\"md-plain\">Utilisations industrielles<\/span><\/strong><\/span><span class=\"md-plain\">:Dans la production de r\u00e9sines, de plastiques et de rev\u00eatements. Il peut intervenir dans la synth\u00e8se de produits chimiques sp\u00e9cifiques o\u00f9 la stabilit\u00e9 et la r\u00e9sistance \u00e0 la d\u00e9gradation par les UV sont essentielles.<\/span><\/p>\n<\/li>\n<li class=\"md-list-item\">\n<p class=\"md-end-block md-p\"><span class=\"md-pair-s\"><strong><span class=\"md-plain\">Industrie textile<\/span><\/strong><\/span><span class=\"md-plain\">:Utilis\u00e9 dans les processus de teinture et de finition des tissus.<\/span><\/p>\n<\/li>\n<\/ul>\n<h2 class=\"md-end-block md-heading\"><span class=\"md-plain\">Informations de s\u00e9curit\u00e9 :<\/span><\/h2>\n<ul class=\"ul-list\" data-mark=\"-\">\n<li class=\"md-list-item\">\n<p class=\"md-end-block md-p\"><span class=\"md-plain\">Classification des dangers<\/span><span class=\"md-plain\">:<\/span><\/p>\n<ul class=\"ul-list\" data-mark=\"-\">\n<li class=\"md-list-item\">\n<p class=\"md-end-block md-p\"><span class=\"md-plain\">Non toxique en petites quantit\u00e9s.<\/span><\/p>\n<\/li>\n<li class=\"md-list-item\">\n<p class=\"md-end-block md-p\"><span class=\"md-plain\">La manipulation doit \u00e9viter l&#039;inhalation directe de poussi\u00e8res et le contact prolong\u00e9 avec la peau.<\/span><\/p>\n<\/li>\n<\/ul>\n<\/li>\n<li class=\"md-list-item\">\n<p class=\"md-end-block md-p\"><span class=\"md-plain\">Conseils de prudence<\/span><span class=\"md-plain\">:<\/span><\/p>\n<ul class=\"ul-list\" data-mark=\"-\">\n<li class=\"md-list-item\">\n<p class=\"md-end-block md-p\"><span class=\"md-plain\">Portez des v\u00eatements de protection appropri\u00e9s, des gants et des lunettes de protection lors de la manipulation.<\/span><\/p>\n<\/li>\n<li class=\"md-list-item\">\n<p class=\"md-end-block md-p\"><span class=\"md-plain\">\u00c9vitez d\u2019inhaler les poussi\u00e8res ou les vapeurs.<\/span><\/p>\n<\/li>\n<li class=\"md-list-item\">\n<p class=\"md-end-block md-p\"><span class=\"md-plain\">Conserver dans un endroit frais et sec, \u00e0 l&#039;abri des mati\u00e8res incompatibles telles que les bases fortes.<\/span><\/p>\n<\/li>\n<\/ul>\n<\/li>\n<li class=\"md-list-item\">\n<p class=\"md-end-block md-p\"><span class=\"md-plain\">Mesures de premiers secours<\/span><span class=\"md-plain\">:<\/span><\/p>\n<ul class=\"ul-list\" data-mark=\"-\">\n<li class=\"md-list-item\">\n<p class=\"md-end-block md-p\"><span class=\"md-pair-s\"><strong><span class=\"md-plain\">Contact avec la peau<\/span><\/strong><\/span><span class=\"md-plain\">:Laver abondamment \u00e0 l&#039;eau et au savon.<\/span><\/p>\n<\/li>\n<li class=\"md-list-item\">\n<p class=\"md-end-block md-p\"><span class=\"md-pair-s\"><strong><span class=\"md-plain\">Contact visuel<\/span><\/strong><\/span><span class=\"md-plain\">: Rincer abondamment \u00e0 l&#039;eau pendant plusieurs minutes. Consulter un m\u00e9decin si l&#039;irritation persiste.<\/span><\/p>\n<\/li>\n<li class=\"md-list-item\">\n<p class=\"md-end-block md-p\"><span class=\"md-pair-s\"><strong><span class=\"md-plain\">Ingestion<\/span><\/strong><\/span><span class=\"md-plain\">: Rincer la bouche \u00e0 l&#039;eau. Ne pas faire vomir, sauf avis contraire d&#039;un professionnel de la sant\u00e9.<\/span><\/p>\n<\/li>\n<li class=\"md-list-item\">\n<p class=\"md-end-block md-p\"><span class=\"md-pair-s\"><strong><span class=\"md-plain\">Inhalation<\/span><\/strong><\/span><span class=\"md-plain\">: D\u00e9placer la personne \u00e0 l&#039;air frais. Consulter un m\u00e9decin si les sympt\u00f4mes persistent.<\/span><\/p>\n<\/li>\n<\/ul>\n<\/li>\n<\/ul>\n<h2 class=\"md-end-block md-heading\"><span class=\"md-plain\">Emballage et stockage :<\/span><\/h2>\n<ul class=\"ul-list\" data-mark=\"-\">\n<li class=\"md-list-item\">\n<p class=\"md-end-block md-p\"><span class=\"md-pair-s\"><strong><span class=\"md-plain\">Conditionnement<\/span><\/strong><\/span><span class=\"md-plain\">: G\u00e9n\u00e9ralement conditionn\u00e9 en sacs ou f\u00fbts de 25 kg. Options de conditionnement personnalis\u00e9es disponibles sur demande.<\/span><\/p>\n<\/li>\n<li class=\"md-list-item\">\n<p class=\"md-end-block md-p\"><span class=\"md-pair-s\"><strong><span class=\"md-plain\">Conditions de stockage<\/span><\/strong><\/span><span class=\"md-plain\">Conserver dans un endroit sec et bien ventil\u00e9, \u00e0 l&#039;abri de la chaleur et de la lumi\u00e8re directe du soleil. Bien refermer les r\u00e9cipients apr\u00e8s utilisation.<\/span><\/p>\n<\/li>\n<li class=\"md-list-item md-focus-container\">\n<p class=\"md-end-block md-p md-focus\"><span class=\"md-pair-s\"><strong><span class=\"md-plain\">Dur\u00e9e de conservation<\/span><\/strong><\/span><span class=\"md-plain\">: 2 ans, si stock\u00e9 correctement.<\/span><\/p>\n<\/li>\n<\/ul>","protected":false},"excerpt":{"rendered":"<p class=\"tmnf_excerpt\">Cyanuric Acid is a triazine derivative widely used in the chemical, textile, and water treatment industries. It is known for its stability and ability to form complexes with various compounds. Cyanuric acid is also used as a stabilizer for chlorine in swimming pools and has applications in the manufacturing of herbicides and resins.\nChemical Formula: C\u2083H\u2083N\u2083O\u2083\nMolecular Weight: 129.09 g\/mol\nCAS Number: 108-80-5\n<\/p>","protected":false},"featured_media":11153,"template":"","meta":{"_acf_changed":false},"product_brand":[],"product_cat":[50],"product_tag":[54],"class_list":{"0":"post-11607","1":"product","2":"type-product","3":"status-publish","4":"has-post-thumbnail","6":"product_cat-water-treatment","7":"product_tag-hot-sell","9":"first","10":"instock","11":"shipping-taxable","12":"product-type-simple"},"acf":[],"yoast_head":"<!-- This site is optimized with the Yoast SEO plugin v27.4 - https:\/\/yoast.com\/product\/yoast-seo-wordpress\/ -->\n<title>Cyanuric Acid - rawchemicalmart.com<\/title>\n<meta name=\"robots\" content=\"index, follow, max-snippet:-1, max-image-preview:large, max-video-preview:-1\" \/>\n<link rel=\"canonical\" href=\"https:\/\/rawchemicalmart.com\/fr\/produit\/cyanuric-acid\/\" \/>\n<meta property=\"og:locale\" content=\"fr_FR\" \/>\n<meta property=\"og:type\" content=\"article\" \/>\n<meta property=\"og:title\" content=\"Cyanuric Acid - rawchemicalmart.com\" \/>\n<meta property=\"og:description\" content=\"Cyanuric Acid is a triazine derivative widely used in the chemical, textile, and water treatment industries. It is known for its stability and ability to form complexes with various compounds. Cyanuric acid is also used as a stabilizer for chlorine in swimming pools and has applications in the manufacturing of herbicides and resins. Chemical Formula: C\u2083H\u2083N\u2083O\u2083 Molecular Weight: 129.09 g\/mol CAS Number: 108-80-5\" \/>\n<meta property=\"og:url\" content=\"https:\/\/rawchemicalmart.com\/fr\/produit\/cyanuric-acid\/\" \/>\n<meta property=\"og:site_name\" content=\"rawchemicalmart.com\" \/>\n<meta property=\"article:modified_time\" content=\"2025-06-07T01:13:33+00:00\" \/>\n<meta property=\"og:image\" content=\"https:\/\/rawchemicalmart.com\/wp-content\/uploads\/2025\/05\/cyanuric-acide_1.png\" \/>\n\t<meta property=\"og:image:width\" content=\"800\" \/>\n\t<meta property=\"og:image:height\" content=\"800\" \/>\n\t<meta property=\"og:image:type\" content=\"image\/png\" \/>\n<meta name=\"twitter:card\" content=\"summary_large_image\" \/>\n<meta name=\"twitter:label1\" content=\"Dur\u00e9e de lecture estim\u00e9e\" \/>\n\t<meta name=\"twitter:data1\" content=\"2 minutes\" \/>\n<script type=\"application\/ld+json\" class=\"yoast-schema-graph\">{\"@context\":\"https:\\\/\\\/schema.org\",\"@graph\":[{\"@type\":\"WebPage\",\"@id\":\"https:\\\/\\\/rawchemicalmart.com\\\/product\\\/cyanuric-acid\\\/\",\"url\":\"https:\\\/\\\/rawchemicalmart.com\\\/product\\\/cyanuric-acid\\\/\",\"name\":\"Cyanuric Acid - rawchemicalmart.com\",\"isPartOf\":{\"@id\":\"https:\\\/\\\/rawchemicalmart.com\\\/#website\"},\"primaryImageOfPage\":{\"@id\":\"https:\\\/\\\/rawchemicalmart.com\\\/product\\\/cyanuric-acid\\\/#primaryimage\"},\"image\":{\"@id\":\"https:\\\/\\\/rawchemicalmart.com\\\/product\\\/cyanuric-acid\\\/#primaryimage\"},\"thumbnailUrl\":\"https:\\\/\\\/rawchemicalmart.com\\\/wp-content\\\/uploads\\\/2025\\\/05\\\/cyanuric-acide_1.png\",\"datePublished\":\"2025-05-24T00:17:05+00:00\",\"dateModified\":\"2025-06-07T01:13:33+00:00\",\"breadcrumb\":{\"@id\":\"https:\\\/\\\/rawchemicalmart.com\\\/product\\\/cyanuric-acid\\\/#breadcrumb\"},\"inLanguage\":\"fr-FR\",\"potentialAction\":[{\"@type\":\"ReadAction\",\"target\":[\"https:\\\/\\\/rawchemicalmart.com\\\/product\\\/cyanuric-acid\\\/\"]}]},{\"@type\":\"ImageObject\",\"inLanguage\":\"fr-FR\",\"@id\":\"https:\\\/\\\/rawchemicalmart.com\\\/product\\\/cyanuric-acid\\\/#primaryimage\",\"url\":\"https:\\\/\\\/rawchemicalmart.com\\\/wp-content\\\/uploads\\\/2025\\\/05\\\/cyanuric-acide_1.png\",\"contentUrl\":\"https:\\\/\\\/rawchemicalmart.com\\\/wp-content\\\/uploads\\\/2025\\\/05\\\/cyanuric-acide_1.png\",\"width\":800,\"height\":800},{\"@type\":\"BreadcrumbList\",\"@id\":\"https:\\\/\\\/rawchemicalmart.com\\\/product\\\/cyanuric-acid\\\/#breadcrumb\",\"itemListElement\":[{\"@type\":\"ListItem\",\"position\":1,\"name\":\"Home\",\"item\":\"https:\\\/\\\/rawchemicalmart.com\\\/\"},{\"@type\":\"ListItem\",\"position\":2,\"name\":\"Products\",\"item\":\"https:\\\/\\\/rawchemicalmart.com\\\/shop\\\/\"},{\"@type\":\"ListItem\",\"position\":3,\"name\":\"Cyanuric Acid\"}]},{\"@type\":\"WebSite\",\"@id\":\"https:\\\/\\\/rawchemicalmart.com\\\/#website\",\"url\":\"https:\\\/\\\/rawchemicalmart.com\\\/\",\"name\":\"rawchemicalmart.com\",\"description\":\"Leading Raw Chemicals Supplier\",\"potentialAction\":[{\"@type\":\"SearchAction\",\"target\":{\"@type\":\"EntryPoint\",\"urlTemplate\":\"https:\\\/\\\/rawchemicalmart.com\\\/?s={search_term_string}\"},\"query-input\":{\"@type\":\"PropertyValueSpecification\",\"valueRequired\":true,\"valueName\":\"search_term_string\"}}],\"inLanguage\":\"fr-FR\"}]}<\/script>\n<!-- \/ Yoast SEO plugin. -->","yoast_head_json":{"title":"Cyanuric Acid - rawchemicalmart.com","robots":{"index":"index","follow":"follow","max-snippet":"max-snippet:-1","max-image-preview":"max-image-preview:large","max-video-preview":"max-video-preview:-1"},"canonical":"https:\/\/rawchemicalmart.com\/fr\/produit\/cyanuric-acid\/","og_locale":"fr_FR","og_type":"article","og_title":"Cyanuric Acid - rawchemicalmart.com","og_description":"Cyanuric Acid is a triazine derivative widely used in the chemical, textile, and water treatment industries. It is known for its stability and ability to form complexes with various compounds. Cyanuric acid is also used as a stabilizer for chlorine in swimming pools and has applications in the manufacturing of herbicides and resins. Chemical Formula: C\u2083H\u2083N\u2083O\u2083 Molecular Weight: 129.09 g\/mol CAS Number: 108-80-5","og_url":"https:\/\/rawchemicalmart.com\/fr\/produit\/cyanuric-acid\/","og_site_name":"rawchemicalmart.com","article_modified_time":"2025-06-07T01:13:33+00:00","og_image":[{"width":800,"height":800,"url":"https:\/\/rawchemicalmart.com\/wp-content\/uploads\/2025\/05\/cyanuric-acide_1.png","type":"image\/png"}],"twitter_card":"summary_large_image","twitter_misc":{"Dur\u00e9e de lecture estim\u00e9e":"2 minutes"},"schema":{"@context":"https:\/\/schema.org","@graph":[{"@type":"WebPage","@id":"https:\/\/rawchemicalmart.com\/product\/cyanuric-acid\/","url":"https:\/\/rawchemicalmart.com\/product\/cyanuric-acid\/","name":"Cyanuric Acid - rawchemicalmart.com","isPartOf":{"@id":"https:\/\/rawchemicalmart.com\/#website"},"primaryImageOfPage":{"@id":"https:\/\/rawchemicalmart.com\/product\/cyanuric-acid\/#primaryimage"},"image":{"@id":"https:\/\/rawchemicalmart.com\/product\/cyanuric-acid\/#primaryimage"},"thumbnailUrl":"https:\/\/rawchemicalmart.com\/wp-content\/uploads\/2025\/05\/cyanuric-acide_1.png","datePublished":"2025-05-24T00:17:05+00:00","dateModified":"2025-06-07T01:13:33+00:00","breadcrumb":{"@id":"https:\/\/rawchemicalmart.com\/product\/cyanuric-acid\/#breadcrumb"},"inLanguage":"fr-FR","potentialAction":[{"@type":"ReadAction","target":["https:\/\/rawchemicalmart.com\/product\/cyanuric-acid\/"]}]},{"@type":"ImageObject","inLanguage":"fr-FR","@id":"https:\/\/rawchemicalmart.com\/product\/cyanuric-acid\/#primaryimage","url":"https:\/\/rawchemicalmart.com\/wp-content\/uploads\/2025\/05\/cyanuric-acide_1.png","contentUrl":"https:\/\/rawchemicalmart.com\/wp-content\/uploads\/2025\/05\/cyanuric-acide_1.png","width":800,"height":800},{"@type":"BreadcrumbList","@id":"https:\/\/rawchemicalmart.com\/product\/cyanuric-acid\/#breadcrumb","itemListElement":[{"@type":"ListItem","position":1,"name":"Home","item":"https:\/\/rawchemicalmart.com\/"},{"@type":"ListItem","position":2,"name":"Products","item":"https:\/\/rawchemicalmart.com\/shop\/"},{"@type":"ListItem","position":3,"name":"Cyanuric Acid"}]},{"@type":"WebSite","@id":"https:\/\/rawchemicalmart.com\/#website","url":"https:\/\/rawchemicalmart.com\/","name":"rawchemicalmart.com","description":"Fournisseur leader de produits chimiques bruts","potentialAction":[{"@type":"SearchAction","target":{"@type":"EntryPoint","urlTemplate":"https:\/\/rawchemicalmart.com\/?s={search_term_string}"},"query-input":{"@type":"PropertyValueSpecification","valueRequired":true,"valueName":"search_term_string"}}],"inLanguage":"fr-FR"}]}},"_links":{"self":[{"href":"https:\/\/rawchemicalmart.com\/fr\/wp-json\/wp\/v2\/product\/11607","targetHints":{"allow":["GET"]}}],"collection":[{"href":"https:\/\/rawchemicalmart.com\/fr\/wp-json\/wp\/v2\/product"}],"about":[{"href":"https:\/\/rawchemicalmart.com\/fr\/wp-json\/wp\/v2\/types\/product"}],"wp:featuredmedia":[{"embeddable":true,"href":"https:\/\/rawchemicalmart.com\/fr\/wp-json\/wp\/v2\/media\/11153"}],"wp:attachment":[{"href":"https:\/\/rawchemicalmart.com\/fr\/wp-json\/wp\/v2\/media?parent=11607"}],"wp:term":[{"taxonomy":"product_brand","embeddable":true,"href":"https:\/\/rawchemicalmart.com\/fr\/wp-json\/wp\/v2\/product_brand?post=11607"},{"taxonomy":"product_cat","embeddable":true,"href":"https:\/\/rawchemicalmart.com\/fr\/wp-json\/wp\/v2\/product_cat?post=11607"},{"taxonomy":"product_tag","embeddable":true,"href":"https:\/\/rawchemicalmart.com\/fr\/wp-json\/wp\/v2\/product_tag?post=11607"}],"curies":[{"name":"wp","href":"https:\/\/api.w.org\/{rel}","templated":true}]}}