{"id":11602,"date":"2025-05-24T00:09:13","date_gmt":"2025-05-24T00:09:13","guid":{"rendered":"https:\/\/rawchemicalmart.com\/?post_type=product&#038;p=11602"},"modified":"2025-06-07T01:23:57","modified_gmt":"2025-06-07T01:23:57","slug":"carboxymethylcellulose-cmc","status":"publish","type":"product","link":"https:\/\/rawchemicalmart.com\/fr\/produit\/carboxymethylcellulose-cmc\/","title":{"rendered":"Carboxym\u00e9thylcellulose CMC"},"content":{"rendered":"<h2 class=\"md-end-block md-heading md-focus\"><span class=\"md-plain md-expand\">Specification:<\/span><\/h2>\n<div class=\"table-scroll-wrapper\">\n<table id=\"tablepress-32\" class=\"tablepress tablepress-id-32\">\n<thead>\n<tr class=\"row-1\">\n\t<th class=\"column-1\">Property<\/th><th class=\"column-2\">Specification<\/th>\n<\/tr>\n<\/thead>\n<tbody class=\"row-striping row-hover\">\n<tr class=\"row-2\">\n\t<td class=\"column-1\">Chemical Formula<\/td><td class=\"column-2\">[C\u2086H\u2087O\u2082(OH)\u2082CH\u2082COONa]\u2099<\/td>\n<\/tr>\n<tr class=\"row-3\">\n\t<td class=\"column-1\">Appearance<\/td><td class=\"column-2\">White to off-white powder<\/td>\n<\/tr>\n<tr class=\"row-4\">\n\t<td class=\"column-1\">Solubility<\/td><td class=\"column-2\">Soluble in water, insoluble in organic solvents<\/td>\n<\/tr>\n<tr class=\"row-5\">\n\t<td class=\"column-1\">Viscosity (1% solution)<\/td><td class=\"column-2\">10\u201310,000 mPa\u00b7s (depending on grade)<\/td>\n<\/tr>\n<tr class=\"row-6\">\n\t<td class=\"column-1\">pH (1% solution)<\/td><td class=\"column-2\">6.5\u20138.5<\/td>\n<\/tr>\n<tr class=\"row-7\">\n\t<td class=\"column-1\">Degree of Substitution (DS)<\/td><td class=\"column-2\">0.6\u20131.2<\/td>\n<\/tr>\n<tr class=\"row-8\">\n\t<td class=\"column-1\">Moisture Content<\/td><td class=\"column-2\">\u226410%<\/td>\n<\/tr>\n<tr class=\"row-9\">\n\t<td class=\"column-1\">Bulk Density<\/td><td class=\"column-2\">0.5\u20130.7 g\/cm\u00b3<\/td>\n<\/tr>\n<tr class=\"row-10\">\n\t<td class=\"column-1\">CAS Number<\/td><td class=\"column-2\">9004-32-4<\/td>\n<\/tr>\n<\/tbody>\n<\/table>\n<!-- #tablepress-32 from cache --><\/div>\n<h2 class=\"md-end-block md-heading\"><span class=\"md-plain\">Applications:<\/span><\/h2>\n<p class=\"md-end-block md-p\"><span class=\"md-plain\">CMC is widely used in various industries, including:<\/span><\/p>\n<ul class=\"ul-list\" data-mark=\"-\">\n<li class=\"md-list-item\">\n<p class=\"md-end-block md-p\"><span class=\"md-plain\">Food Industry:<\/span><\/p>\n<ul class=\"ul-list\" data-mark=\"-\">\n<li class=\"md-list-item\">\n<p class=\"md-end-block md-p\"><span class=\"md-plain\">Used as a thickener, stabilizer, and emulsifier in ice cream, sauces, and baked goods.<\/span><\/p>\n<\/li>\n<li class=\"md-list-item\">\n<p class=\"md-end-block md-p\"><span class=\"md-plain\">Acts as a fat replacer and improves texture in low-fat products.<\/span><\/p>\n<\/li>\n<\/ul>\n<\/li>\n<li class=\"md-list-item\">\n<p class=\"md-end-block md-p\"><span class=\"md-plain\">Pharmaceuticals:<\/span><\/p>\n<ul class=\"ul-list\" data-mark=\"-\">\n<li class=\"md-list-item\">\n<p class=\"md-end-block md-p\"><span class=\"md-plain\">Used as a binder, disintegrant, and viscosity modifier in tablets and suspensions.<\/span><\/p>\n<\/li>\n<li class=\"md-list-item\">\n<p class=\"md-end-block md-p\"><span class=\"md-plain\">Acts as a stabilizer in liquid formulations.<\/span><\/p>\n<\/li>\n<\/ul>\n<\/li>\n<li class=\"md-list-item\">\n<p class=\"md-end-block md-p\"><span class=\"md-plain\">Cosmetics and Personal Care:<\/span><\/p>\n<ul class=\"ul-list\" data-mark=\"-\">\n<li class=\"md-list-item\">\n<p class=\"md-end-block md-p\"><span class=\"md-plain\">Functions as a thickener and stabilizer in lotions, creams, and toothpaste.<\/span><\/p>\n<\/li>\n<li class=\"md-list-item\">\n<p class=\"md-end-block md-p\"><span class=\"md-plain\">Provides moisture retention in skincare products.<\/span><\/p>\n<\/li>\n<\/ul>\n<\/li>\n<li class=\"md-list-item\">\n<p class=\"md-end-block md-p\"><span class=\"md-plain\">Industrial Applications:<\/span><\/p>\n<ul class=\"ul-list\" data-mark=\"-\">\n<li class=\"md-list-item\">\n<p class=\"md-end-block md-p\"><span class=\"md-plain\">Used as a thickener and water-retention agent in detergents, adhesives, and paper coatings.<\/span><\/p>\n<\/li>\n<li class=\"md-list-item\">\n<p class=\"md-end-block md-p\"><span class=\"md-plain\">Acts as a stabilizer in drilling fluids for oil and gas exploration.<\/span><\/p>\n<\/li>\n<\/ul>\n<\/li>\n<li class=\"md-list-item\">\n<p class=\"md-end-block md-p\"><span class=\"md-plain\">Textiles:<\/span><\/p>\n<ul class=\"ul-list\" data-mark=\"-\">\n<li class=\"md-list-item\">\n<p class=\"md-end-block md-p\"><span class=\"md-plain\">Used as a sizing agent and thickener in textile printing and dyeing.<\/span><\/p>\n<\/li>\n<\/ul>\n<\/li>\n<li class=\"md-list-item\">\n<p class=\"md-end-block md-p\"><span class=\"md-plain\">Ceramics:<\/span><\/p>\n<ul class=\"ul-list\" data-mark=\"-\">\n<li class=\"md-list-item\">\n<p class=\"md-end-block md-p\"><span class=\"md-plain\">Acts as a binder and water-retention agent in ceramic formulations.<\/span><\/p>\n<\/li>\n<\/ul>\n<\/li>\n<\/ul>\n<h2 class=\"md-end-block md-heading\"><span class=\"md-plain\">Features:<\/span><\/h2>\n<p class=\"md-end-block md-p\"><span class=\"md-plain\">CMC offers several key features, including:<\/span><\/p>\n<ul class=\"ul-list\" data-mark=\"-\">\n<li class=\"md-list-item\">\n<p class=\"md-end-block md-p\"><span class=\"md-plain\">Water Solubility: Easily dissolves in water to form clear, viscous solutions.<\/span><\/p>\n<\/li>\n<li class=\"md-list-item\">\n<p class=\"md-end-block md-p\"><span class=\"md-plain\">Viscosity Control: Provides precise control over solution viscosity.<\/span><\/p>\n<\/li>\n<li class=\"md-list-item\">\n<p class=\"md-end-block md-p\"><span class=\"md-plain\">Stability: Chemically stable under a wide range of pH and temperature conditions.<\/span><\/p>\n<\/li>\n<li class=\"md-list-item\">\n<p class=\"md-end-block md-p\"><span class=\"md-plain\">Compatibility: Compatible with a wide range of ingredients and additives.<\/span><\/p>\n<\/li>\n<li class=\"md-list-item\">\n<p class=\"md-end-block md-p\"><span class=\"md-plain\">Non-toxic: Safe for use in food, pharmaceuticals, and cosmetics.<\/span><\/p>\n<\/li>\n<li class=\"md-list-item\">\n<p class=\"md-end-block md-p\"><span class=\"md-plain\">Biodegradable: Environmentally friendly and biodegradable.<\/span><\/p>\n<\/li>\n<\/ul>\n<h2 class=\"md-end-block md-heading\"><span class=\"md-plain\">Packaging:<\/span><\/h2>\n<p class=\"md-end-block md-p\"><span class=\"md-plain\">CMC is available in the following packaging options:<\/span><\/p>\n<ul class=\"ul-list\" data-mark=\"-\">\n<li class=\"md-list-item\">\n<p class=\"md-end-block md-p\"><span class=\"md-plain\">25 kg bags (multi-layered paper or polyethylene).<\/span><\/p>\n<\/li>\n<li class=\"md-list-item\">\n<p class=\"md-end-block md-p\"><span class=\"md-plain\">500 kg and 1000 kg bulk bags.<\/span><\/p>\n<\/li>\n<li class=\"md-list-item\">\n<p class=\"md-end-block md-p\"><span class=\"md-plain\">Custom packaging options are available upon request.<\/span><\/p>\n<\/li>\n<\/ul>\n<h2 class=\"md-end-block md-heading\"><span class=\"md-plain\">Storage:<\/span><\/h2>\n<p class=\"md-end-block md-p\"><span class=\"md-plain\">To ensure the quality and stability of CMC, follow these storage guidelines:<\/span><\/p>\n<ul class=\"ul-list\" data-mark=\"-\">\n<li class=\"md-list-item\">\n<p class=\"md-end-block md-p\"><span class=\"md-plain\">Store in a cool, dry, and well-ventilated area.<\/span><\/p>\n<\/li>\n<li class=\"md-list-item\">\n<p class=\"md-end-block md-p\"><span class=\"md-plain\">Keep away from direct sunlight, heat, and moisture.<\/span><\/p>\n<\/li>\n<li class=\"md-list-item\">\n<p class=\"md-end-block md-p\"><span class=\"md-plain\">Ensure the packaging is tightly sealed to prevent contamination.<\/span><\/p>\n<\/li>\n<li class=\"md-list-item\">\n<p class=\"md-end-block md-p\"><span class=\"md-plain\">Avoid contact with strong acids, bases, and oxidizing agents.<\/span><\/p>\n<\/li>\n<li class=\"md-list-item md-focus-container\">\n<p class=\"md-end-block md-p md-focus\"><span class=\"md-plain\">Shelf life: Up to 2 years when stored under recommended conditions.<\/span><\/p>\n<\/li>\n<\/ul>\n","protected":false},"excerpt":{"rendered":"<p class=\"tmnf_excerpt\">La carboxym\u00e9thylcellulose (CMC) est un polym\u00e8re anionique hydrosoluble d\u00e9riv\u00e9 de la cellulose. Elle est largement utilis\u00e9e comme \u00e9paississant, stabilisant, liant et agent de r\u00e9tention d&#039;eau dans diverses industries, notamment l&#039;agroalimentaire, la pharmacie, la cosm\u00e9tique et les applications industrielles. La CMC est reconnue pour son excellente solubilit\u00e9, son contr\u00f4le de la viscosit\u00e9 et sa compatibilit\u00e9 avec d&#039;autres ingr\u00e9dients, ce qui en fait un additif polyvalent dans de nombreuses formulations.\n<\/p>","protected":false},"featured_media":11032,"template":"","meta":{"_acf_changed":false},"product_brand":[],"product_cat":[51],"product_tag":[],"class_list":{"0":"post-11602","1":"product","2":"type-product","3":"status-publish","4":"has-post-thumbnail","6":"product_cat-oilfields","8":"first","9":"instock","10":"shipping-taxable","11":"product-type-simple"},"acf":[],"yoast_head":"<!-- This site is optimized with the Yoast SEO plugin v27.4 - https:\/\/yoast.com\/product\/yoast-seo-wordpress\/ -->\n<title>Carboxymethyl Cellulose CMC - rawchemicalmart.com<\/title>\n<meta name=\"robots\" content=\"index, follow, max-snippet:-1, max-image-preview:large, max-video-preview:-1\" \/>\n<link rel=\"canonical\" href=\"https:\/\/rawchemicalmart.com\/fr\/produit\/carboxymethylcellulose-cmc\/\" \/>\n<meta property=\"og:locale\" content=\"fr_FR\" \/>\n<meta property=\"og:type\" content=\"article\" \/>\n<meta property=\"og:title\" content=\"Carboxymethyl Cellulose CMC - rawchemicalmart.com\" \/>\n<meta property=\"og:description\" content=\"Carboxymethyl Cellulose (CMC) is a water-soluble anionic polymer derived from cellulose. It is widely used as a thickener, stabilizer, binder, and water-retention agent in various industries, including food, pharmaceuticals, cosmetics, and industrial applications. CMC is known for its excellent solubility, viscosity control, and compatibility with other ingredients, making it a versatile additive in many formulations.\" \/>\n<meta property=\"og:url\" content=\"https:\/\/rawchemicalmart.com\/fr\/produit\/carboxymethylcellulose-cmc\/\" \/>\n<meta property=\"og:site_name\" content=\"rawchemicalmart.com\" \/>\n<meta property=\"article:modified_time\" content=\"2025-06-07T01:23:57+00:00\" \/>\n<meta property=\"og:image\" content=\"https:\/\/rawchemicalmart.com\/wp-content\/uploads\/2025\/05\/CMC-2025-01-14_1.png\" \/>\n\t<meta property=\"og:image:width\" content=\"800\" \/>\n\t<meta property=\"og:image:height\" content=\"800\" \/>\n\t<meta property=\"og:image:type\" content=\"image\/png\" \/>\n<meta name=\"twitter:card\" content=\"summary_large_image\" \/>\n<meta name=\"twitter:label1\" content=\"Dur\u00e9e de lecture estim\u00e9e\" \/>\n\t<meta name=\"twitter:data1\" content=\"1 minute\" \/>\n<script type=\"application\/ld+json\" class=\"yoast-schema-graph\">{\"@context\":\"https:\\\/\\\/schema.org\",\"@graph\":[{\"@type\":\"WebPage\",\"@id\":\"https:\\\/\\\/rawchemicalmart.com\\\/product\\\/carboxymethyl-cellulose-cmc\\\/\",\"url\":\"https:\\\/\\\/rawchemicalmart.com\\\/product\\\/carboxymethyl-cellulose-cmc\\\/\",\"name\":\"Carboxymethyl Cellulose CMC - rawchemicalmart.com\",\"isPartOf\":{\"@id\":\"https:\\\/\\\/rawchemicalmart.com\\\/#website\"},\"primaryImageOfPage\":{\"@id\":\"https:\\\/\\\/rawchemicalmart.com\\\/product\\\/carboxymethyl-cellulose-cmc\\\/#primaryimage\"},\"image\":{\"@id\":\"https:\\\/\\\/rawchemicalmart.com\\\/product\\\/carboxymethyl-cellulose-cmc\\\/#primaryimage\"},\"thumbnailUrl\":\"https:\\\/\\\/rawchemicalmart.com\\\/wp-content\\\/uploads\\\/2025\\\/05\\\/CMC-2025-01-14_1.png\",\"datePublished\":\"2025-05-24T00:09:13+00:00\",\"dateModified\":\"2025-06-07T01:23:57+00:00\",\"breadcrumb\":{\"@id\":\"https:\\\/\\\/rawchemicalmart.com\\\/product\\\/carboxymethyl-cellulose-cmc\\\/#breadcrumb\"},\"inLanguage\":\"fr-FR\",\"potentialAction\":[{\"@type\":\"ReadAction\",\"target\":[\"https:\\\/\\\/rawchemicalmart.com\\\/product\\\/carboxymethyl-cellulose-cmc\\\/\"]}]},{\"@type\":\"ImageObject\",\"inLanguage\":\"fr-FR\",\"@id\":\"https:\\\/\\\/rawchemicalmart.com\\\/product\\\/carboxymethyl-cellulose-cmc\\\/#primaryimage\",\"url\":\"https:\\\/\\\/rawchemicalmart.com\\\/wp-content\\\/uploads\\\/2025\\\/05\\\/CMC-2025-01-14_1.png\",\"contentUrl\":\"https:\\\/\\\/rawchemicalmart.com\\\/wp-content\\\/uploads\\\/2025\\\/05\\\/CMC-2025-01-14_1.png\",\"width\":800,\"height\":800},{\"@type\":\"BreadcrumbList\",\"@id\":\"https:\\\/\\\/rawchemicalmart.com\\\/product\\\/carboxymethyl-cellulose-cmc\\\/#breadcrumb\",\"itemListElement\":[{\"@type\":\"ListItem\",\"position\":1,\"name\":\"Home\",\"item\":\"https:\\\/\\\/rawchemicalmart.com\\\/\"},{\"@type\":\"ListItem\",\"position\":2,\"name\":\"Products\",\"item\":\"https:\\\/\\\/rawchemicalmart.com\\\/shop\\\/\"},{\"@type\":\"ListItem\",\"position\":3,\"name\":\"Carboxymethyl Cellulose CMC\"}]},{\"@type\":\"WebSite\",\"@id\":\"https:\\\/\\\/rawchemicalmart.com\\\/#website\",\"url\":\"https:\\\/\\\/rawchemicalmart.com\\\/\",\"name\":\"rawchemicalmart.com\",\"description\":\"Leading Raw Chemicals Supplier\",\"potentialAction\":[{\"@type\":\"SearchAction\",\"target\":{\"@type\":\"EntryPoint\",\"urlTemplate\":\"https:\\\/\\\/rawchemicalmart.com\\\/?s={search_term_string}\"},\"query-input\":{\"@type\":\"PropertyValueSpecification\",\"valueRequired\":true,\"valueName\":\"search_term_string\"}}],\"inLanguage\":\"fr-FR\"}]}<\/script>\n<!-- \/ Yoast SEO plugin. -->","yoast_head_json":{"title":"Carboxym\u00e9thylcellulose CMC - rawchemicalmart.com","robots":{"index":"index","follow":"follow","max-snippet":"max-snippet:-1","max-image-preview":"max-image-preview:large","max-video-preview":"max-video-preview:-1"},"canonical":"https:\/\/rawchemicalmart.com\/fr\/produit\/carboxymethylcellulose-cmc\/","og_locale":"fr_FR","og_type":"article","og_title":"Carboxymethyl Cellulose CMC - rawchemicalmart.com","og_description":"Carboxymethyl Cellulose (CMC) is a water-soluble anionic polymer derived from cellulose. It is widely used as a thickener, stabilizer, binder, and water-retention agent in various industries, including food, pharmaceuticals, cosmetics, and industrial applications. CMC is known for its excellent solubility, viscosity control, and compatibility with other ingredients, making it a versatile additive in many formulations.","og_url":"https:\/\/rawchemicalmart.com\/fr\/produit\/carboxymethylcellulose-cmc\/","og_site_name":"rawchemicalmart.com","article_modified_time":"2025-06-07T01:23:57+00:00","og_image":[{"width":800,"height":800,"url":"https:\/\/rawchemicalmart.com\/wp-content\/uploads\/2025\/05\/CMC-2025-01-14_1.png","type":"image\/png"}],"twitter_card":"summary_large_image","twitter_misc":{"Dur\u00e9e de lecture estim\u00e9e":"1 minute"},"schema":{"@context":"https:\/\/schema.org","@graph":[{"@type":"WebPage","@id":"https:\/\/rawchemicalmart.com\/product\/carboxymethyl-cellulose-cmc\/","url":"https:\/\/rawchemicalmart.com\/product\/carboxymethyl-cellulose-cmc\/","name":"Carboxym\u00e9thylcellulose CMC - rawchemicalmart.com","isPartOf":{"@id":"https:\/\/rawchemicalmart.com\/#website"},"primaryImageOfPage":{"@id":"https:\/\/rawchemicalmart.com\/product\/carboxymethyl-cellulose-cmc\/#primaryimage"},"image":{"@id":"https:\/\/rawchemicalmart.com\/product\/carboxymethyl-cellulose-cmc\/#primaryimage"},"thumbnailUrl":"https:\/\/rawchemicalmart.com\/wp-content\/uploads\/2025\/05\/CMC-2025-01-14_1.png","datePublished":"2025-05-24T00:09:13+00:00","dateModified":"2025-06-07T01:23:57+00:00","breadcrumb":{"@id":"https:\/\/rawchemicalmart.com\/product\/carboxymethyl-cellulose-cmc\/#breadcrumb"},"inLanguage":"fr-FR","potentialAction":[{"@type":"ReadAction","target":["https:\/\/rawchemicalmart.com\/product\/carboxymethyl-cellulose-cmc\/"]}]},{"@type":"ImageObject","inLanguage":"fr-FR","@id":"https:\/\/rawchemicalmart.com\/product\/carboxymethyl-cellulose-cmc\/#primaryimage","url":"https:\/\/rawchemicalmart.com\/wp-content\/uploads\/2025\/05\/CMC-2025-01-14_1.png","contentUrl":"https:\/\/rawchemicalmart.com\/wp-content\/uploads\/2025\/05\/CMC-2025-01-14_1.png","width":800,"height":800},{"@type":"BreadcrumbList","@id":"https:\/\/rawchemicalmart.com\/product\/carboxymethyl-cellulose-cmc\/#breadcrumb","itemListElement":[{"@type":"ListItem","position":1,"name":"Home","item":"https:\/\/rawchemicalmart.com\/"},{"@type":"ListItem","position":2,"name":"Products","item":"https:\/\/rawchemicalmart.com\/shop\/"},{"@type":"ListItem","position":3,"name":"Carboxymethyl Cellulose CMC"}]},{"@type":"WebSite","@id":"https:\/\/rawchemicalmart.com\/#website","url":"https:\/\/rawchemicalmart.com\/","name":"rawchemicalmart.com","description":"Fournisseur leader de produits chimiques bruts","potentialAction":[{"@type":"SearchAction","target":{"@type":"EntryPoint","urlTemplate":"https:\/\/rawchemicalmart.com\/?s={search_term_string}"},"query-input":{"@type":"PropertyValueSpecification","valueRequired":true,"valueName":"search_term_string"}}],"inLanguage":"fr-FR"}]}},"_links":{"self":[{"href":"https:\/\/rawchemicalmart.com\/fr\/wp-json\/wp\/v2\/product\/11602","targetHints":{"allow":["GET"]}}],"collection":[{"href":"https:\/\/rawchemicalmart.com\/fr\/wp-json\/wp\/v2\/product"}],"about":[{"href":"https:\/\/rawchemicalmart.com\/fr\/wp-json\/wp\/v2\/types\/product"}],"wp:featuredmedia":[{"embeddable":true,"href":"https:\/\/rawchemicalmart.com\/fr\/wp-json\/wp\/v2\/media\/11032"}],"wp:attachment":[{"href":"https:\/\/rawchemicalmart.com\/fr\/wp-json\/wp\/v2\/media?parent=11602"}],"wp:term":[{"taxonomy":"product_brand","embeddable":true,"href":"https:\/\/rawchemicalmart.com\/fr\/wp-json\/wp\/v2\/product_brand?post=11602"},{"taxonomy":"product_cat","embeddable":true,"href":"https:\/\/rawchemicalmart.com\/fr\/wp-json\/wp\/v2\/product_cat?post=11602"},{"taxonomy":"product_tag","embeddable":true,"href":"https:\/\/rawchemicalmart.com\/fr\/wp-json\/wp\/v2\/product_tag?post=11602"}],"curies":[{"name":"wp","href":"https:\/\/api.w.org\/{rel}","templated":true}]}}