{"id":11372,"date":"2025-05-18T02:30:40","date_gmt":"2025-05-18T02:30:40","guid":{"rendered":"https:\/\/rawchemicalmart.com\/?page_id=11372"},"modified":"2025-05-24T02:19:57","modified_gmt":"2025-05-24T02:19:57","slug":"produits","status":"publish","type":"page","link":"https:\/\/rawchemicalmart.com\/fr\/produits\/","title":{"rendered":"Produits"},"content":{"rendered":"<div data-elementor-type=\"wp-page\" data-elementor-id=\"11372\" class=\"elementor elementor-11372\" data-elementor-post-type=\"page\">\n\t\t\t\t<div data-particle_enable=\"false\" data-particle-mobile-disabled=\"false\" class=\"elementor-element elementor-element-60b32c3 e-flex e-con-boxed e-con e-parent\" data-id=\"60b32c3\" data-element_type=\"container\" data-e-type=\"container\">\n\t\t\t\t\t<div class=\"e-con-inner\">\n\t\t\t\t<div class=\"elementor-element elementor-element-6d48bfb elementor-widget elementor-widget-shortcode\" data-id=\"6d48bfb\" data-element_type=\"widget\" data-e-type=\"widget\" data-widget_type=\"shortcode.default\">\n\t\t\t\t<div class=\"elementor-widget-container\">\n\t\t\t\t\t\t\t<div class=\"elementor-shortcode\"><div class=\"products-by-category\"><h2 class=\"category-title\"><a href=\"https:\/\/rawchemicalmart.com\/fr\/produits\/alcool-polyvinylique-pva\/\">Alcool polyvinylique (PVA)<\/a><\/h2><div class=\"category-products\"><div class=\"product-item\"><a href=\"https:\/\/rawchemicalmart.com\/fr\/produit\/polyvinyl-alcohol-pva-26-99-high-viscosity-fully-hydrolyzed\/\"><div class=\"product-title\">Alcool polyvinylique (PVA) 26-99 \/ 2699<\/div><\/a><\/div><div class=\"product-item\"><a href=\"https:\/\/rawchemicalmart.com\/fr\/produit\/alcool-polyvinylique-pva-26-88-ultra-haute-viscosite\/\"><div class=\"product-title\">Alcool polyvinylique (PVA) 26-88 \/ 2688<\/div><\/a><\/div><div class=\"product-item\"><a href=\"https:\/\/rawchemicalmart.com\/fr\/produit\/alcool-polyvinylique-pva-20-88-viscosite-moyenne\/\"><div class=\"product-title\">Alcool polyvinylique (PVA) 20-88 \/ 2088<\/div><\/a><\/div><div class=\"product-item\"><a href=\"https:\/\/rawchemicalmart.com\/fr\/produit\/polyvinyl-alcohol-pva-17-99-fully-hydrolyzed\/\"><div class=\"product-title\">Alcool polyvinylique (PVA) 17-99 \/ 100-27<\/div><\/a><\/div><div class=\"product-item\"><a href=\"https:\/\/rawchemicalmart.com\/fr\/produit\/polyvinyl-alcohol-pva-05-88-low-viscosity\/\"><div class=\"product-title\">Alcool polyvinylique (PVA) 05-88 \/ 0588<\/div><\/a><\/div><div class=\"product-item\"><a href=\"https:\/\/rawchemicalmart.com\/fr\/produit\/polyvinyl-alcohol-pva-05-99-fully-hydrolyzed\/\"><div class=\"product-title\">Alcool polyvinylique (PVA) 05-99 \/ 098-05<\/div><\/a><\/div><div class=\"product-item\"><a href=\"https:\/\/rawchemicalmart.com\/fr\/produit\/polyvinyl-alcohol-pva-2488\/\"><div class=\"product-title\">Alcool polyvinylique (PVA) 24-88<\/div><\/a><\/div><div class=\"product-item\"><a href=\"https:\/\/rawchemicalmart.com\/fr\/produit\/alcool-polyvinylique-pva-1788\/\"><div class=\"product-title\">Alcool polyvinylique (PVA) 17-88 \/ PVA 088-20<\/div><\/a><\/div><div class=\"product-item\"><a href=\"https:\/\/rawchemicalmart.com\/fr\/produit\/alcool-polyvinylique-de-tilamon\/\"><div class=\"product-title\">Alcool polyvinylique de tilamon<\/div><\/a><\/div><div class=\"product-item\"><a href=\"https:\/\/rawchemicalmart.com\/fr\/produit\/alcool-polyvinylique-de-marques-de-premier-plan\/\"><div class=\"product-title\">Marques de premier rang Alcool polyvinylique<\/div><\/a><\/div><\/div><h2 class=\"category-title\"><a href=\"https:\/\/rawchemicalmart.com\/fr\/produits\/dioxyde-de-titane\/\">dioxyde de titane<\/a><\/h2><div class=\"category-products\"><div class=\"product-item\"><a href=\"https:\/\/rawchemicalmart.com\/fr\/produit\/first-tiers-titanium-dioxde-in-chinese-market\/\"><div class=\"product-title\">Dioxyde de titane de premier plan sur le march\u00e9 chinois<\/div><\/a><\/div><div class=\"product-item\"><a href=\"https:\/\/rawchemicalmart.com\/fr\/produit\/serie-de-dioxyde-de-titane-lomon-milliards\/\"><div class=\"product-title\">S\u00e9rie Lomon Billions sur le dioxyde de titane<\/div><\/a><\/div><div class=\"product-item\"><a href=\"https:\/\/rawchemicalmart.com\/fr\/produit\/serie-tilamon-au-dioxyde-de-titane\/\"><div class=\"product-title\">S\u00e9rie de dioxyde de titane Tilamon<\/div><\/a><\/div><\/div><h2 class=\"category-title\"><a href=\"https:\/\/rawchemicalmart.com\/fr\/produits\/pigment-doxyde-de-fer\/\">Pigment d&#039;oxyde de fer<\/a><\/h2><div class=\"category-products\"><div class=\"product-item\"><a href=\"https:\/\/rawchemicalmart.com\/fr\/produit\/oxyde-de-fer-rouge\/\"><div class=\"product-title\">Oxyde de fer rouge<\/div><\/a><\/div><\/div><h2 class=\"category-title\"><a href=\"https:\/\/rawchemicalmart.com\/fr\/produits\/resine-epoxy\/\">r\u00e9sine \u00e9poxy<\/a><\/h2><div class=\"category-products\"><div class=\"product-item\"><a href=\"https:\/\/rawchemicalmart.com\/fr\/produit\/resine-epoxy-npel-128\/\"><div class=\"product-title\">R\u00e9sine \u00e9poxy NPEL-128<\/div><\/a><\/div><\/div><h2 class=\"category-title\"><a href=\"https:\/\/rawchemicalmart.com\/fr\/produits\/noir-de-carbone\/\">Noir de carbone<\/a><\/h2><div class=\"category-products\"><div class=\"product-item\"><a href=\"https:\/\/rawchemicalmart.com\/fr\/produit\/noir-de-carbone\/\"><div class=\"product-title\">Noir de carbone industriel pour caoutchouc (N220, N330, N550, N660)<\/div><\/a><\/div><\/div><h2 class=\"category-title\"><a href=\"https:\/\/rawchemicalmart.com\/fr\/produits\/construction\/\">Construction<\/a><\/h2><div class=\"category-products\"><div class=\"product-item\"><a href=\"https:\/\/rawchemicalmart.com\/fr\/produit\/hydroxypropylmethylcellulose-hpmc\/\"><div class=\"product-title\">Hydroxypropylm\u00e9thylcellulose HPMC<\/div><\/a><\/div><div class=\"product-item\"><a href=\"https:\/\/rawchemicalmart.com\/fr\/produit\/poudre-de-polymere-redispersible\/\"><div class=\"product-title\">Fabricant de poudre de polym\u00e8re redispersible de qualit\u00e9 sup\u00e9rieure (RDP\/VAE)<\/div><\/a><\/div><\/div><h2 class=\"category-title\"><a href=\"https:\/\/rawchemicalmart.com\/fr\/produits\/champs-petroliferes\/\">Champs p\u00e9troliers<\/a><\/h2><div class=\"category-products\"><div class=\"product-item\"><a href=\"https:\/\/rawchemicalmart.com\/fr\/produit\/gomme-xanthane\/\"><div class=\"product-title\">gomme xanthane<\/div><\/a><\/div><div class=\"product-item\"><a href=\"https:\/\/rawchemicalmart.com\/fr\/produit\/acide-citrique\/\"><div class=\"product-title\">Acide citrique<\/div><\/a><\/div><div class=\"product-item\"><a href=\"https:\/\/rawchemicalmart.com\/fr\/produit\/carboxymethylcellulose-cmc\/\"><div class=\"product-title\">Carboxym\u00e9thylcellulose CMC<\/div><\/a><\/div><div class=\"product-item\"><a href=\"https:\/\/rawchemicalmart.com\/fr\/produit\/benzoic-acid\/\"><div class=\"product-title\">acide benzo\u00efque<\/div><\/a><\/div><\/div><h2 class=\"category-title\"><a href=\"https:\/\/rawchemicalmart.com\/fr\/produits\/traitement-de-leau\/\">Traitement de l&#039;eau<\/a><\/h2><div class=\"category-products\"><div class=\"product-item\"><a href=\"https:\/\/rawchemicalmart.com\/fr\/produit\/acide-trichloroisocyanurique\/\"><div class=\"product-title\">Acide trichloroisocyanurique<\/div><\/a><\/div><div class=\"product-item\"><a href=\"https:\/\/rawchemicalmart.com\/fr\/produit\/sodium-dichloroisocyanurate\/\"><div class=\"product-title\">dichloroisocyanurate de sodium<\/div><\/a><\/div><div class=\"product-item\"><a href=\"https:\/\/rawchemicalmart.com\/fr\/produit\/edta-4na\/\"><div class=\"product-title\">EDTA-4Na<\/div><\/a><\/div><div class=\"product-item\"><a href=\"https:\/\/rawchemicalmart.com\/fr\/produit\/edta-2na\/\"><div class=\"product-title\">EDTA-2Na<\/div><\/a><\/div><div class=\"product-item\"><a href=\"https:\/\/rawchemicalmart.com\/fr\/produit\/acide-cyanurique\/\"><div class=\"product-title\">acide cyanurique<\/div><\/a><\/div><\/div><h2 class=\"category-title\"><a href=\"https:\/\/rawchemicalmart.com\/fr\/produits\/chimie-fine\/\">Produits chimiques fins<\/a><\/h2><div class=\"category-products\"><div class=\"product-item\"><a href=\"https:\/\/rawchemicalmart.com\/fr\/produit\/dicarbonate-de-sodium\/\"><div class=\"product-title\">Dicarbonate de sodium<\/div><\/a><\/div><div class=\"product-item\"><a href=\"https:\/\/rawchemicalmart.com\/fr\/produit\/propylene-glycol\/\"><div class=\"product-title\">Propyl\u00e8ne glycol<\/div><\/a><\/div><div class=\"product-item\"><a href=\"https:\/\/rawchemicalmart.com\/fr\/produit\/cyanurate-de-melamine\/\"><div class=\"product-title\">cyanurate de m\u00e9lamine<\/div><\/a><\/div><div class=\"product-item\"><a href=\"https:\/\/rawchemicalmart.com\/fr\/produit\/adipic-acid\/\"><div class=\"product-title\">acide adipique<\/div><\/a><\/div><\/div><\/div><\/div>\n\t\t\t\t\t\t<\/div>\n\t\t\t\t<\/div>\n\t\t\t\t\t<\/div>\n\t\t\t\t<\/div>\n\t\t\t\t<\/div>","protected":false},"excerpt":{"rendered":"<p class=\"tmnf_excerpt\"><\/p>","protected":false},"author":1,"featured_media":0,"parent":0,"menu_order":0,"comment_status":"closed","ping_status":"closed","template":"","meta":{"_acf_changed":false,"footnotes":""},"class_list":["post-11372","page","type-page","status-publish","hentry"],"acf":[],"yoast_head":"<!-- This site is optimized with the Yoast SEO plugin v27.4 - https:\/\/yoast.com\/product\/yoast-seo-wordpress\/ -->\n<title>Products - rawchemicalmart.com<\/title>\n<meta name=\"robots\" content=\"index, follow, max-snippet:-1, max-image-preview:large, max-video-preview:-1\" \/>\n<link rel=\"canonical\" href=\"https:\/\/rawchemicalmart.com\/fr\/produits\/\" \/>\n<meta property=\"og:locale\" content=\"fr_FR\" \/>\n<meta property=\"og:type\" content=\"article\" \/>\n<meta property=\"og:title\" content=\"Products - rawchemicalmart.com\" \/>\n<meta property=\"og:url\" content=\"https:\/\/rawchemicalmart.com\/fr\/produits\/\" \/>\n<meta property=\"og:site_name\" content=\"rawchemicalmart.com\" \/>\n<meta property=\"article:modified_time\" content=\"2025-05-24T02:19:57+00:00\" \/>\n<meta name=\"twitter:card\" content=\"summary_large_image\" \/>\n<script type=\"application\/ld+json\" class=\"yoast-schema-graph\">{\"@context\":\"https:\\\/\\\/schema.org\",\"@graph\":[{\"@type\":\"WebPage\",\"@id\":\"https:\\\/\\\/rawchemicalmart.com\\\/products\\\/\",\"url\":\"https:\\\/\\\/rawchemicalmart.com\\\/products\\\/\",\"name\":\"Products - rawchemicalmart.com\",\"isPartOf\":{\"@id\":\"https:\\\/\\\/rawchemicalmart.com\\\/#website\"},\"datePublished\":\"2025-05-18T02:30:40+00:00\",\"dateModified\":\"2025-05-24T02:19:57+00:00\",\"breadcrumb\":{\"@id\":\"https:\\\/\\\/rawchemicalmart.com\\\/products\\\/#breadcrumb\"},\"inLanguage\":\"fr-FR\",\"potentialAction\":[{\"@type\":\"ReadAction\",\"target\":[\"https:\\\/\\\/rawchemicalmart.com\\\/products\\\/\"]}]},{\"@type\":\"BreadcrumbList\",\"@id\":\"https:\\\/\\\/rawchemicalmart.com\\\/products\\\/#breadcrumb\",\"itemListElement\":[{\"@type\":\"ListItem\",\"position\":1,\"name\":\"Home\",\"item\":\"https:\\\/\\\/rawchemicalmart.com\\\/\"},{\"@type\":\"ListItem\",\"position\":2,\"name\":\"Products\"}]},{\"@type\":\"WebSite\",\"@id\":\"https:\\\/\\\/rawchemicalmart.com\\\/#website\",\"url\":\"https:\\\/\\\/rawchemicalmart.com\\\/\",\"name\":\"rawchemicalmart.com\",\"description\":\"Leading Raw Chemicals Supplier\",\"potentialAction\":[{\"@type\":\"SearchAction\",\"target\":{\"@type\":\"EntryPoint\",\"urlTemplate\":\"https:\\\/\\\/rawchemicalmart.com\\\/?s={search_term_string}\"},\"query-input\":{\"@type\":\"PropertyValueSpecification\",\"valueRequired\":true,\"valueName\":\"search_term_string\"}}],\"inLanguage\":\"fr-FR\"}]}<\/script>\n<!-- \/ Yoast SEO plugin. -->","yoast_head_json":{"title":"Produits - rawchemicalmart.com","robots":{"index":"index","follow":"follow","max-snippet":"max-snippet:-1","max-image-preview":"max-image-preview:large","max-video-preview":"max-video-preview:-1"},"canonical":"https:\/\/rawchemicalmart.com\/fr\/produits\/","og_locale":"fr_FR","og_type":"article","og_title":"Products - rawchemicalmart.com","og_url":"https:\/\/rawchemicalmart.com\/fr\/produits\/","og_site_name":"rawchemicalmart.com","article_modified_time":"2025-05-24T02:19:57+00:00","twitter_card":"summary_large_image","schema":{"@context":"https:\/\/schema.org","@graph":[{"@type":"WebPage","@id":"https:\/\/rawchemicalmart.com\/products\/","url":"https:\/\/rawchemicalmart.com\/products\/","name":"Produits - rawchemicalmart.com","isPartOf":{"@id":"https:\/\/rawchemicalmart.com\/#website"},"datePublished":"2025-05-18T02:30:40+00:00","dateModified":"2025-05-24T02:19:57+00:00","breadcrumb":{"@id":"https:\/\/rawchemicalmart.com\/products\/#breadcrumb"},"inLanguage":"fr-FR","potentialAction":[{"@type":"ReadAction","target":["https:\/\/rawchemicalmart.com\/products\/"]}]},{"@type":"BreadcrumbList","@id":"https:\/\/rawchemicalmart.com\/products\/#breadcrumb","itemListElement":[{"@type":"ListItem","position":1,"name":"Home","item":"https:\/\/rawchemicalmart.com\/"},{"@type":"ListItem","position":2,"name":"Products"}]},{"@type":"WebSite","@id":"https:\/\/rawchemicalmart.com\/#website","url":"https:\/\/rawchemicalmart.com\/","name":"rawchemicalmart.com","description":"Fournisseur leader de produits chimiques bruts","potentialAction":[{"@type":"SearchAction","target":{"@type":"EntryPoint","urlTemplate":"https:\/\/rawchemicalmart.com\/?s={search_term_string}"},"query-input":{"@type":"PropertyValueSpecification","valueRequired":true,"valueName":"search_term_string"}}],"inLanguage":"fr-FR"}]}},"_links":{"self":[{"href":"https:\/\/rawchemicalmart.com\/fr\/wp-json\/wp\/v2\/pages\/11372","targetHints":{"allow":["GET"]}}],"collection":[{"href":"https:\/\/rawchemicalmart.com\/fr\/wp-json\/wp\/v2\/pages"}],"about":[{"href":"https:\/\/rawchemicalmart.com\/fr\/wp-json\/wp\/v2\/types\/page"}],"author":[{"embeddable":true,"href":"https:\/\/rawchemicalmart.com\/fr\/wp-json\/wp\/v2\/users\/1"}],"replies":[{"embeddable":true,"href":"https:\/\/rawchemicalmart.com\/fr\/wp-json\/wp\/v2\/comments?post=11372"}],"version-history":[{"count":6,"href":"https:\/\/rawchemicalmart.com\/fr\/wp-json\/wp\/v2\/pages\/11372\/revisions"}],"predecessor-version":[{"id":11639,"href":"https:\/\/rawchemicalmart.com\/fr\/wp-json\/wp\/v2\/pages\/11372\/revisions\/11639"}],"wp:attachment":[{"href":"https:\/\/rawchemicalmart.com\/fr\/wp-json\/wp\/v2\/media?parent=11372"}],"curies":[{"name":"wp","href":"https:\/\/api.w.org\/{rel}","templated":true}]}}