{"id":12148,"date":"2026-01-23T03:32:21","date_gmt":"2026-01-23T03:32:21","guid":{"rendered":"https:\/\/rawchemicalmart.com\/?post_type=product&#038;p=12148"},"modified":"2026-01-23T06:46:22","modified_gmt":"2026-01-23T06:46:22","slug":"alcohol-polivinilico-pva-26-99-de-alta-viscosidad-totalmente-hidrolizado","status":"publish","type":"product","link":"https:\/\/rawchemicalmart.com\/es\/producto\/alcohol-polivinilico-pva-26-99-de-alta-viscosidad-totalmente-hidrolizado\/","title":{"rendered":"Alcohol polivin\u00edlico (PVA) 26-99 \/ 2699"},"content":{"rendered":"<h2>Presupuesto:<\/h2>\n<div class=\"table-scroll-wrapper\">\n<table id=\"tablepress-103\" class=\"tablepress tablepress-id-103\">\n<thead>\n<tr class=\"row-1\">\n\t<th class=\"column-1\">Art\u00edculo<\/th><th class=\"column-2\">Especificaci\u00f3n<\/th>\n<\/tr>\n<\/thead>\n<tbody class=\"row-striping row-hover\">\n<tr class=\"row-2\">\n\t<td class=\"column-1\">Grado de alcoholismo (mol%)<\/td><td class=\"column-2\">98.00 - 100<\/td>\n<\/tr>\n<tr class=\"row-3\">\n\t<td class=\"column-1\">Viscosidad (mPa\u00b7s)<\/td><td class=\"column-2\">76.0 - 85.0<\/td>\n<\/tr>\n<tr class=\"row-4\">\n\t<td class=\"column-1\">  Contenido vol\u00e1til (wt%, m\u00e1x.)<\/td><td class=\"column-2\">5<\/td>\n<\/tr>\n<tr class=\"row-5\">\n\t<td class=\"column-1\">  Pureza (wt%, m\u00edn.)<\/td><td class=\"column-2\">93.5<\/td>\n<\/tr>\n<tr class=\"row-6\">\n\t<td class=\"column-1\">Valor de pH<\/td><td class=\"column-2\">5 ~ 7<\/td>\n<\/tr>\n<tr class=\"row-7\">\n\t<td class=\"column-1\">  Contenido de cenizas (wt%, m\u00e1x.)<\/td><td class=\"column-2\">0.5<\/td>\n<\/tr>\n<\/tbody>\n<\/table>\n<!-- #tablepress-103 from cache --><\/div>\n<div><b data-path-to-node=\"16,0\" data-index-in-node=\"0\">Nota<\/b>: La viscosidad se mide en una soluci\u00f3n acuosa de 4% a 20 \u00b0C.<\/div>\n<div><\/div>\n<div>\n<h2>Caracter\u00edsticas principales:<\/h2>\n<div>\n<ul>\n<li>\n<p data-path-to-node=\"19,0,0\"><b data-path-to-node=\"19,0,0\" data-index-in-node=\"0\">Solubilidad<\/b>: Altamente hidr\u00f3filo pero requiere <b data-path-to-node=\"19,0,0\" data-index-in-node=\"44\">agua caliente (por encima de 90 \u00b0C)<\/b> Debido a su alto peso molecular y su completa hidr\u00f3lisis, se disuelve por completo. Es insoluble en la mayor\u00eda de los disolventes org\u00e1nicos.<\/p>\n<\/li>\n<li>\n<p data-path-to-node=\"19,1,0\"><b data-path-to-node=\"19,1,0\" data-index-in-node=\"0\">Propiedades cinematogr\u00e1ficas<\/b>: Forma pel\u00edculas extremadamente resistentes con excelentes propiedades mec\u00e1nicas y alta resistencia a la tracci\u00f3n. Proporciona una barrera superior contra los gases (<span class=\"math-inline\" data-math=\"H_2\" data-index-in-node=\"152\">$H_2$<\/span>, <span class=\"math-inline\" data-math=\"N_2\" data-index-in-node=\"157\">$N_2$<\/span>, <span class=\"math-inline\" data-math=\"O_2\" data-index-in-node=\"162\">$O_2$<\/span>).<\/p>\n<\/li>\n<li>\n<p data-path-to-node=\"19,2,0\"><b data-path-to-node=\"19,2,0\" data-index-in-node=\"0\">Estabilidad t\u00e9rmica<\/b>: Estable hasta 130 \u00b0C. Al estar completamente hidrolizado, comienza a fundirse alrededor de <b data-path-to-node=\"19,2,0\" data-index-in-node=\"88\">230\u00b0C<\/b> y se descomponen por encima de los 200 \u00b0C.<\/p>\n<\/li>\n<li>\n<p data-path-to-node=\"19,3,0\"><b data-path-to-node=\"19,3,0\" data-index-in-node=\"0\">Resistencia<\/b>Ofrece una s\u00f3lida resistencia a \u00e1cidos d\u00e9biles, \u00e1lcalis d\u00e9biles y aceites.<\/p>\n<\/li>\n<li>\n<p data-path-to-node=\"19,4,0\"><b data-path-to-node=\"19,4,0\" data-index-in-node=\"0\">Reactividad<\/b>Excelente capacidad de reticulaci\u00f3n con \u00e1cido b\u00f3rico o formaldeh\u00eddo (acetalizaci\u00f3n) para crear adhesivos resistentes al agua.<\/p>\n<\/li>\n<\/ul>\n<\/div>\n<\/div>\n<h2>Aplicaciones:<\/h2>\n<div>\n<p data-path-to-node=\"22\">El PVA 26-99 es el aglutinante preferido para aplicaciones de alta resistencia:<\/p>\n<ul data-path-to-node=\"23\">\n<li>\n<p data-path-to-node=\"23,0,0\"><b data-path-to-node=\"23,0,0\" data-index-in-node=\"0\">Industria de la construcci\u00f3n<\/b>: ampliamente utilizado en la producci\u00f3n de <b data-path-to-node=\"23,0,0\" data-index-in-node=\"56\">pegamentos de construcci\u00f3n<\/b> (por ejemplo, pegamento 107), revestimientos de paredes interiores\/exteriores y adhesivos acetalizados.<\/p>\n<\/li>\n<li>\n<p data-path-to-node=\"23,1,0\"><b data-path-to-node=\"23,1,0\" data-index-in-node=\"0\">Industria cer\u00e1mica<\/b>: Act\u00faa como un aglutinante temporal de alta resistencia para <b data-path-to-node=\"23,1,0\" data-index-in-node=\"63\">uni\u00f3n cer\u00e1mica<\/b> y bolas de aluminio, que proporcionan una excelente resistencia en estado verde antes de la cocci\u00f3n.<\/p>\n<\/li>\n<li>\n<p data-path-to-node=\"23,2,0\"><b data-path-to-node=\"23,2,0\" data-index-in-node=\"0\">Fabricaci\u00f3n de tubos de papel<\/b>: Utilizado en la industria de adhesivos para <b data-path-to-node=\"23,2,0\" data-index-in-node=\"60\">tubos de papel<\/b> y n\u00facleos donde se requiere una alta adherencia inicial y una alta resistencia de uni\u00f3n final.<\/p>\n<\/li>\n<li>\n<p data-path-to-node=\"23,3,0\"><b data-path-to-node=\"23,3,0\" data-index-in-node=\"0\">Estabilizador de emulsi\u00f3n<\/b>: Se utiliza como espesante y estabilizador para emulsiones de acetato de vinilo (PVAc) y urea-formaldeh\u00eddo (UF).<\/p>\n<\/li>\n<\/ul>\n<h2>Embalaje:<\/h2>\n<ul>\n<li data-path-to-node=\"26,0,0\"><b data-path-to-node=\"26,0,0\" data-index-in-node=\"0\">Embalaje<\/b>: 25 kg por bolsa (bolsa de papel kraft con revestimiento de pl\u00e1stico).<\/li>\n<\/ul>\n<h2><strong><b>Producto<\/b><\/strong>\u00a0<strong><b>Almacenamiento:<\/b><\/strong><\/h2>\n<ul>\n<li><b data-path-to-node=\"26,1,0\" data-index-in-node=\"0\">Almacenamiento<\/b>Almacenar en un lugar fresco, seco y bien ventilado para evitar que se apelmace y absorba la humedad.<\/li>\n<\/ul>\n<\/div>\n<h2>Preguntas frecuentes:<\/h2>\n<p data-path-to-node=\"29\"><b data-path-to-node=\"29\" data-index-in-node=\"0\">P: \u00bfCu\u00e1l es la diferencia entre PVA 26-99 y PVA 26-88?<\/b><\/p>\n<p data-path-to-node=\"29\">A: Ambos son grados de viscosidad ultra alta (~60-80 mPa.s), pero difieren en <b data-path-to-node=\"29\" data-index-in-node=\"134\">hidr\u00f3lisis<\/b>:<\/p>\n<ul data-path-to-node=\"30\">\n<li>\n<p data-path-to-node=\"30,0,0\"><b data-path-to-node=\"30,0,0\" data-index-in-node=\"0\">PVA 26-99 (totalmente hidrolizado)<\/b>Mayor resistencia al agua, mayor resistencia a la tracci\u00f3n y mayor punto de fusi\u00f3n (~230 \u00b0C). Ideal para adhesivos de construcci\u00f3n y cer\u00e1mica.<\/p>\n<\/li>\n<li>\n<p data-path-to-node=\"30,1,0\"><b data-path-to-node=\"30,1,0\" data-index-in-node=\"0\">PVA 26-88 (Parcialmente hidrolizado)<\/b>: Mayor solubilidad, flexibilidad y actividad superficial. Ideal para la polimerizaci\u00f3n en suspensi\u00f3n de PVC.<\/p>\n<\/li>\n<\/ul>\n<p data-path-to-node=\"31\"><b data-path-to-node=\"31\" data-index-in-node=\"0\">P: \u00bfPor qu\u00e9 se utiliza el PVA 26-99 en cer\u00e1mica?<\/b><\/p>\n<p data-path-to-node=\"31\">A: En la fabricaci\u00f3n de cer\u00e1mica, el PVA 26-99 act\u00faa como aglutinante. Su alta viscosidad proporciona una excepcional resistencia en verde (resistencia del cuerpo cer\u00e1mico sin cocer), evitando roturas durante su manipulaci\u00f3n antes del proceso de cocci\u00f3n. Se quema completamente durante la cocci\u00f3n.<\/p>\n<p data-path-to-node=\"32\"><b data-path-to-node=\"32\" data-index-in-node=\"0\">P: \u00bfQu\u00e9 tan dif\u00edcil es disolver el PVA 26-99?<\/b><\/p>\n<p data-path-to-node=\"32\">A: Debido a su muy alta viscosidad e hidr\u00f3lisis completa, es el grado m\u00e1s dif\u00edcil de disolver. Debe utilizar <b data-path-to-node=\"32\" data-index-in-node=\"158\">agua caliente (90\u00b0C-95\u00b0C)<\/b> y agitar vigorosamente durante un per\u00edodo m\u00e1s prolongado en comparaci\u00f3n con grados de menor viscosidad como el 17-99 para garantizar una soluci\u00f3n homog\u00e9nea.<\/p>\n<p><b data-path-to-node=\"35\" data-index-in-node=\"0\">\u00bfNecesita PVA de alta resistencia 26-99? <a href=\"https:\/\/rawchemicalmart.com\/es\/contactanos\/\">Ponte en contacto con nosotros.<\/a><\/b>\u00a0Suministramos alcohol polivin\u00edlico 2699 de ultra alta viscosidad para uniones industriales de alta resistencia.<\/p>","protected":false},"excerpt":{"rendered":"<p class=\"tmnf_excerpt\">Polyvinyl Alcohol 26-99 (also known as PVA 2699 or 100-78) is a fully hydrolyzed, ultra-high viscosity grade polymer.\nWith a viscosity range of 76.0 &#8211; 85.0 mPa.s and a hydrolysis degree of 98.00 &#8211; 100.00 mol%, this grade offers the highest tensile strength and bonding power in the standard PVA series. It is engineered for heavy-duty industrial applications where maximum adhesion, water resistance, and film strength are critical.\n<\/p>","protected":false},"featured_media":12154,"template":"","meta":{"_acf_changed":false},"product_brand":[],"product_cat":[58],"product_tag":[],"class_list":{"0":"post-12148","1":"product","2":"type-product","3":"status-publish","4":"has-post-thumbnail","6":"product_cat-polyvinyl-alcohol-pva","8":"first","9":"instock","10":"shipping-taxable","11":"product-type-simple"},"acf":[],"yoast_head":"<!-- This site is optimized with the Yoast SEO plugin v27.4 - https:\/\/yoast.com\/product\/yoast-seo-wordpress\/ -->\n<title>PolymerPolyvinyl Alcohol (PVA) 26-99 \/ 2699 | Ultra-High Viscosity &amp; Fully Hydrolyzed - RawChemicalMart<\/title>\n<meta name=\"description\" content=\"Buy Polyvinyl Alcohol 26-99 (PVA 2699\/100-78). An ultra-high viscosity (76-85 mPa.s), fully hydrolyzed polymer. Ideal for high-strength construction glues, ceramic binders, and paper tubes.\" \/>\n<meta name=\"robots\" content=\"index, follow, max-snippet:-1, max-image-preview:large, max-video-preview:-1\" \/>\n<link rel=\"canonical\" href=\"https:\/\/rawchemicalmart.com\/es\/producto\/alcohol-polivinilico-pva-26-99-de-alta-viscosidad-totalmente-hidrolizado\/\" \/>\n<meta property=\"og:locale\" content=\"es_ES\" \/>\n<meta property=\"og:type\" content=\"article\" \/>\n<meta property=\"og:title\" content=\"PolymerPolyvinyl Alcohol (PVA) 26-99 \/ 2699 | Ultra-High Viscosity &amp; Fully Hydrolyzed - RawChemicalMart\" \/>\n<meta property=\"og:description\" content=\"Buy Polyvinyl Alcohol 26-99 (PVA 2699\/100-78). An ultra-high viscosity (76-85 mPa.s), fully hydrolyzed polymer. Ideal for high-strength construction glues, ceramic binders, and paper tubes.\" \/>\n<meta property=\"og:url\" content=\"https:\/\/rawchemicalmart.com\/es\/producto\/alcohol-polivinilico-pva-26-99-de-alta-viscosidad-totalmente-hidrolizado\/\" \/>\n<meta property=\"og:site_name\" content=\"rawchemicalmart.com\" \/>\n<meta property=\"article:modified_time\" content=\"2026-01-23T06:46:22+00:00\" \/>\n<meta property=\"og:image\" content=\"https:\/\/rawchemicalmart.com\/wp-content\/uploads\/2026\/01\/Polyvinyl_alcohol_PVA_2699.jpg\" \/>\n\t<meta property=\"og:image:width\" content=\"1000\" \/>\n\t<meta property=\"og:image:height\" content=\"1000\" \/>\n\t<meta property=\"og:image:type\" content=\"image\/jpeg\" \/>\n<meta name=\"twitter:card\" content=\"summary_large_image\" \/>\n<meta name=\"twitter:label1\" content=\"Tiempo de lectura\" \/>\n\t<meta name=\"twitter:data1\" content=\"2 minutos\" \/>\n<script type=\"application\/ld+json\" class=\"yoast-schema-graph\">{\"@context\":\"https:\\\/\\\/schema.org\",\"@graph\":[{\"@type\":\"WebPage\",\"@id\":\"https:\\\/\\\/rawchemicalmart.com\\\/product\\\/polyvinyl-alcohol-pva-26-99-high-viscosity-fully-hydrolyzed\\\/\",\"url\":\"https:\\\/\\\/rawchemicalmart.com\\\/product\\\/polyvinyl-alcohol-pva-26-99-high-viscosity-fully-hydrolyzed\\\/\",\"name\":\"PolymerPolyvinyl Alcohol (PVA) 26-99 \\\/ 2699 | Ultra-High Viscosity & Fully Hydrolyzed - RawChemicalMart\",\"isPartOf\":{\"@id\":\"https:\\\/\\\/rawchemicalmart.com\\\/#website\"},\"primaryImageOfPage\":{\"@id\":\"https:\\\/\\\/rawchemicalmart.com\\\/product\\\/polyvinyl-alcohol-pva-26-99-high-viscosity-fully-hydrolyzed\\\/#primaryimage\"},\"image\":{\"@id\":\"https:\\\/\\\/rawchemicalmart.com\\\/product\\\/polyvinyl-alcohol-pva-26-99-high-viscosity-fully-hydrolyzed\\\/#primaryimage\"},\"thumbnailUrl\":\"https:\\\/\\\/rawchemicalmart.com\\\/wp-content\\\/uploads\\\/2026\\\/01\\\/Polyvinyl_alcohol_PVA_2699.jpg\",\"datePublished\":\"2026-01-23T03:32:21+00:00\",\"dateModified\":\"2026-01-23T06:46:22+00:00\",\"description\":\"Buy Polyvinyl Alcohol 26-99 (PVA 2699\\\/100-78). An ultra-high viscosity (76-85 mPa.s), fully hydrolyzed polymer. Ideal for high-strength construction glues, ceramic binders, and paper tubes.\",\"breadcrumb\":{\"@id\":\"https:\\\/\\\/rawchemicalmart.com\\\/product\\\/polyvinyl-alcohol-pva-26-99-high-viscosity-fully-hydrolyzed\\\/#breadcrumb\"},\"inLanguage\":\"es\",\"potentialAction\":[{\"@type\":\"ReadAction\",\"target\":[\"https:\\\/\\\/rawchemicalmart.com\\\/product\\\/polyvinyl-alcohol-pva-26-99-high-viscosity-fully-hydrolyzed\\\/\"]}]},{\"@type\":\"ImageObject\",\"inLanguage\":\"es\",\"@id\":\"https:\\\/\\\/rawchemicalmart.com\\\/product\\\/polyvinyl-alcohol-pva-26-99-high-viscosity-fully-hydrolyzed\\\/#primaryimage\",\"url\":\"https:\\\/\\\/rawchemicalmart.com\\\/wp-content\\\/uploads\\\/2026\\\/01\\\/Polyvinyl_alcohol_PVA_2699.jpg\",\"contentUrl\":\"https:\\\/\\\/rawchemicalmart.com\\\/wp-content\\\/uploads\\\/2026\\\/01\\\/Polyvinyl_alcohol_PVA_2699.jpg\",\"width\":1000,\"height\":1000,\"caption\":\"polyvinyl alcohol PVA 2699\"},{\"@type\":\"BreadcrumbList\",\"@id\":\"https:\\\/\\\/rawchemicalmart.com\\\/product\\\/polyvinyl-alcohol-pva-26-99-high-viscosity-fully-hydrolyzed\\\/#breadcrumb\",\"itemListElement\":[{\"@type\":\"ListItem\",\"position\":1,\"name\":\"Home\",\"item\":\"https:\\\/\\\/rawchemicalmart.com\\\/\"},{\"@type\":\"ListItem\",\"position\":2,\"name\":\"Products\",\"item\":\"https:\\\/\\\/rawchemicalmart.com\\\/shop\\\/\"},{\"@type\":\"ListItem\",\"position\":3,\"name\":\"Polyvinyl Alcohol (PVA) 26-99 \\\/ 2699\"}]},{\"@type\":\"WebSite\",\"@id\":\"https:\\\/\\\/rawchemicalmart.com\\\/#website\",\"url\":\"https:\\\/\\\/rawchemicalmart.com\\\/\",\"name\":\"rawchemicalmart.com\",\"description\":\"Leading Raw Chemicals Supplier\",\"potentialAction\":[{\"@type\":\"SearchAction\",\"target\":{\"@type\":\"EntryPoint\",\"urlTemplate\":\"https:\\\/\\\/rawchemicalmart.com\\\/?s={search_term_string}\"},\"query-input\":{\"@type\":\"PropertyValueSpecification\",\"valueRequired\":true,\"valueName\":\"search_term_string\"}}],\"inLanguage\":\"es\"}]}<\/script>\n<!-- \/ Yoast SEO plugin. -->","yoast_head_json":{"title":"Pol\u00edmero: Alcohol polivin\u00edlico (PVA) 26-99 \/ 2699 | Ultra alta viscosidad y totalmente hidrolizado - RawChemicalMart","description":"Compre alcohol polivin\u00edlico 26-99 (PVA 2699\/100-78). Un pol\u00edmero totalmente hidrolizado de viscosidad ultra alta (76-85 mPa\u00b7s). Ideal para adhesivos de construcci\u00f3n de alta resistencia, aglutinantes cer\u00e1micos y tubos de papel.","robots":{"index":"index","follow":"follow","max-snippet":"max-snippet:-1","max-image-preview":"max-image-preview:large","max-video-preview":"max-video-preview:-1"},"canonical":"https:\/\/rawchemicalmart.com\/es\/producto\/alcohol-polivinilico-pva-26-99-de-alta-viscosidad-totalmente-hidrolizado\/","og_locale":"es_ES","og_type":"article","og_title":"PolymerPolyvinyl Alcohol (PVA) 26-99 \/ 2699 | Ultra-High Viscosity & Fully Hydrolyzed - RawChemicalMart","og_description":"Buy Polyvinyl Alcohol 26-99 (PVA 2699\/100-78). An ultra-high viscosity (76-85 mPa.s), fully hydrolyzed polymer. Ideal for high-strength construction glues, ceramic binders, and paper tubes.","og_url":"https:\/\/rawchemicalmart.com\/es\/producto\/alcohol-polivinilico-pva-26-99-de-alta-viscosidad-totalmente-hidrolizado\/","og_site_name":"rawchemicalmart.com","article_modified_time":"2026-01-23T06:46:22+00:00","og_image":[{"width":1000,"height":1000,"url":"https:\/\/rawchemicalmart.com\/wp-content\/uploads\/2026\/01\/Polyvinyl_alcohol_PVA_2699.jpg","type":"image\/jpeg"}],"twitter_card":"summary_large_image","twitter_misc":{"Tiempo de lectura":"2 minutos"},"schema":{"@context":"https:\/\/schema.org","@graph":[{"@type":"WebPage","@id":"https:\/\/rawchemicalmart.com\/product\/polyvinyl-alcohol-pva-26-99-high-viscosity-fully-hydrolyzed\/","url":"https:\/\/rawchemicalmart.com\/product\/polyvinyl-alcohol-pva-26-99-high-viscosity-fully-hydrolyzed\/","name":"Pol\u00edmero: Alcohol polivin\u00edlico (PVA) 26-99 \/ 2699 | Ultra alta viscosidad y totalmente hidrolizado - RawChemicalMart","isPartOf":{"@id":"https:\/\/rawchemicalmart.com\/#website"},"primaryImageOfPage":{"@id":"https:\/\/rawchemicalmart.com\/product\/polyvinyl-alcohol-pva-26-99-high-viscosity-fully-hydrolyzed\/#primaryimage"},"image":{"@id":"https:\/\/rawchemicalmart.com\/product\/polyvinyl-alcohol-pva-26-99-high-viscosity-fully-hydrolyzed\/#primaryimage"},"thumbnailUrl":"https:\/\/rawchemicalmart.com\/wp-content\/uploads\/2026\/01\/Polyvinyl_alcohol_PVA_2699.jpg","datePublished":"2026-01-23T03:32:21+00:00","dateModified":"2026-01-23T06:46:22+00:00","description":"Compre alcohol polivin\u00edlico 26-99 (PVA 2699\/100-78). Un pol\u00edmero totalmente hidrolizado de viscosidad ultra alta (76-85 mPa\u00b7s). Ideal para adhesivos de construcci\u00f3n de alta resistencia, aglutinantes cer\u00e1micos y tubos de papel.","breadcrumb":{"@id":"https:\/\/rawchemicalmart.com\/product\/polyvinyl-alcohol-pva-26-99-high-viscosity-fully-hydrolyzed\/#breadcrumb"},"inLanguage":"es","potentialAction":[{"@type":"ReadAction","target":["https:\/\/rawchemicalmart.com\/product\/polyvinyl-alcohol-pva-26-99-high-viscosity-fully-hydrolyzed\/"]}]},{"@type":"ImageObject","inLanguage":"es","@id":"https:\/\/rawchemicalmart.com\/product\/polyvinyl-alcohol-pva-26-99-high-viscosity-fully-hydrolyzed\/#primaryimage","url":"https:\/\/rawchemicalmart.com\/wp-content\/uploads\/2026\/01\/Polyvinyl_alcohol_PVA_2699.jpg","contentUrl":"https:\/\/rawchemicalmart.com\/wp-content\/uploads\/2026\/01\/Polyvinyl_alcohol_PVA_2699.jpg","width":1000,"height":1000,"caption":"polyvinyl alcohol PVA 2699"},{"@type":"BreadcrumbList","@id":"https:\/\/rawchemicalmart.com\/product\/polyvinyl-alcohol-pva-26-99-high-viscosity-fully-hydrolyzed\/#breadcrumb","itemListElement":[{"@type":"ListItem","position":1,"name":"Home","item":"https:\/\/rawchemicalmart.com\/"},{"@type":"ListItem","position":2,"name":"Products","item":"https:\/\/rawchemicalmart.com\/shop\/"},{"@type":"ListItem","position":3,"name":"Polyvinyl Alcohol (PVA) 26-99 \/ 2699"}]},{"@type":"WebSite","@id":"https:\/\/rawchemicalmart.com\/#website","url":"https:\/\/rawchemicalmart.com\/","name":"rawchemicalmart.com","description":"Proveedor l\u00edder de productos qu\u00edmicos b\u00e1sicos","potentialAction":[{"@type":"SearchAction","target":{"@type":"EntryPoint","urlTemplate":"https:\/\/rawchemicalmart.com\/?s={search_term_string}"},"query-input":{"@type":"PropertyValueSpecification","valueRequired":true,"valueName":"search_term_string"}}],"inLanguage":"es"}]}},"_links":{"self":[{"href":"https:\/\/rawchemicalmart.com\/es\/wp-json\/wp\/v2\/product\/12148","targetHints":{"allow":["GET"]}}],"collection":[{"href":"https:\/\/rawchemicalmart.com\/es\/wp-json\/wp\/v2\/product"}],"about":[{"href":"https:\/\/rawchemicalmart.com\/es\/wp-json\/wp\/v2\/types\/product"}],"wp:featuredmedia":[{"embeddable":true,"href":"https:\/\/rawchemicalmart.com\/es\/wp-json\/wp\/v2\/media\/12154"}],"wp:attachment":[{"href":"https:\/\/rawchemicalmart.com\/es\/wp-json\/wp\/v2\/media?parent=12148"}],"wp:term":[{"taxonomy":"product_brand","embeddable":true,"href":"https:\/\/rawchemicalmart.com\/es\/wp-json\/wp\/v2\/product_brand?post=12148"},{"taxonomy":"product_cat","embeddable":true,"href":"https:\/\/rawchemicalmart.com\/es\/wp-json\/wp\/v2\/product_cat?post=12148"},{"taxonomy":"product_tag","embeddable":true,"href":"https:\/\/rawchemicalmart.com\/es\/wp-json\/wp\/v2\/product_tag?post=12148"}],"curies":[{"name":"wp","href":"https:\/\/api.w.org\/{rel}","templated":true}]}}