{"id":12136,"date":"2026-01-23T02:02:31","date_gmt":"2026-01-23T02:02:31","guid":{"rendered":"https:\/\/rawchemicalmart.com\/?post_type=product&#038;p=12136"},"modified":"2026-01-23T06:47:40","modified_gmt":"2026-01-23T06:47:40","slug":"alcohol-polivinilico-pva-17-99-totalmente-hidrolizado","status":"publish","type":"product","link":"https:\/\/rawchemicalmart.com\/es\/producto\/alcohol-polivinilico-pva-17-99-totalmente-hidrolizado\/","title":{"rendered":"Alcohol polivin\u00edlico (PVA) 17-99 \/ 100-27"},"content":{"rendered":"<h2>Presupuesto:<\/h2>\n<div class=\"table-scroll-wrapper\">\n<table id=\"tablepress-100\" class=\"tablepress tablepress-id-100\">\n<thead>\n<tr class=\"row-1\">\n\t<th class=\"column-1\">Art\u00edculo<\/th><th class=\"column-2\">Especificaci\u00f3n<\/th>\n<\/tr>\n<\/thead>\n<tbody class=\"row-striping row-hover\">\n<tr class=\"row-2\">\n\t<td class=\"column-1\">Grado de alcoholismo (mol%)<\/td><td class=\"column-2\">98.00 - 100.00<\/td>\n<\/tr>\n<tr class=\"row-3\">\n\t<td class=\"column-1\">  Viscosidad (mPa\u00b7s) <br \/>\n<\/td><td class=\"column-2\">21.0 - 33.0<\/td>\n<\/tr>\n<tr class=\"row-4\">\n\t<td class=\"column-1\">  Contenido vol\u00e1til (wt%, m\u00e1x.)<\/td><td class=\"column-2\">5<\/td>\n<\/tr>\n<tr class=\"row-5\">\n\t<td class=\"column-1\">  Pureza (wt%, m\u00edn.)<\/td><td class=\"column-2\">93.5<\/td>\n<\/tr>\n<tr class=\"row-6\">\n\t<td class=\"column-1\">Valor de pH<\/td><td class=\"column-2\">5 ~ 7<\/td>\n<\/tr>\n<tr class=\"row-7\">\n\t<td class=\"column-1\">  Contenido de cenizas (wt%, m\u00e1x.)<\/td><td class=\"column-2\">0.5<\/td>\n<\/tr>\n<\/tbody>\n<\/table>\n<!-- #tablepress-100 from cache --><\/div>\n<div><b data-path-to-node=\"16,0\" data-index-in-node=\"0\">Nota<\/b>: La viscosidad se mide en una soluci\u00f3n acuosa de 4% a 20 \u00b0C.<\/div>\n<div><\/div>\n<div>\n<h2>Caracter\u00edsticas principales:<\/h2>\n<div>\n<ul>\n<li data-path-to-node=\"20,0,0\"><span data-path-to-node=\"20,0,0,0\"><b data-path-to-node=\"20,0,0,0\" data-index-in-node=\"0\">Solubilidad<\/b>: El PVA 17-99 tiene una fuerte hidrofilicidad pero requiere calor para su disoluci\u00f3n. Generalmente se disuelve en <b data-path-to-node=\"20,0,0,0\" data-index-in-node=\"112\">agua caliente por encima de 90 \u00b0C<\/b>. <\/span><span data-path-to-node=\"20,0,0,2\"><span class=\"citation-142\">Es insoluble en casi todos los disolventes org\u00e1nicos.<\/span><\/span><span data-path-to-node=\"20,0,0,4\">.<\/span><\/li>\n<li data-path-to-node=\"20,0,0\"><span data-path-to-node=\"20,1,0,0\"><b data-path-to-node=\"20,1,0,0\" data-index-in-node=\"0\">Propiedad formadora de pel\u00edcula<\/b>Forma pel\u00edculas f\u00e1cilmente con excelentes propiedades mec\u00e1nicas. <\/span><span data-path-to-node=\"20,1,0,2\"><span class=\"citation-141\">Estas pel\u00edculas proporcionan una barrera excepcional contra gases como el hidr\u00f3geno, , <\/span><span class=\"citation-141\">Nitr\u00f3geno <\/span><span class=\"citation-141\">, y ox\u00edgeno <\/span><\/span><span data-path-to-node=\"20,1,0,4\">.<\/span><\/li>\n<li data-path-to-node=\"20,2,0\"><span data-path-to-node=\"20,2,0,0\"><b data-path-to-node=\"20,2,0,0\" data-index-in-node=\"0\">Estabilidad t\u00e9rmica<\/b>El producto es estable hasta 130 \u00b0C. <\/span><span data-path-to-node=\"20,2,0,2\"><span class=\"citation-140\">El PVA totalmente hidrolizado comienza a fundirse alrededor de los 230 \u00b0C y se descompone por encima de los 200 \u00b0C.<\/span><\/span><span data-path-to-node=\"20,2,0,4\">.<\/span><\/li>\n<li data-path-to-node=\"20,3,0\"><span data-path-to-node=\"20,3,0,0\"><b data-path-to-node=\"20,3,0,0\" data-index-in-node=\"0\">Reactividad<\/b>Presenta una excelente reactividad de reticulaci\u00f3n. <\/span><span data-path-to-node=\"20,3,0,2\"><span class=\"citation-139\">Se puede reticular con <\/span><b data-path-to-node=\"20,3,0,2\" data-index-in-node=\"28\"><span class=\"citation-139\">b\u00f3rax<\/span><\/b><span class=\"citation-139\"> o someterse a acetalizaci\u00f3n con formaldeh\u00eddo (para formar PVB) para mejorar la resistencia al agua.<\/span><\/span><span data-path-to-node=\"20,3,0,4\">.<\/span><\/li>\n<li data-path-to-node=\"20,4,1\"><span data-path-to-node=\"20,4,1,0\"><b data-path-to-node=\"20,4,1,0\" data-index-in-node=\"0\"><span class=\"citation-138\">Resistencia qu\u00edmica<\/span><\/b><span class=\"citation-138\">Muestra una fuerte resistencia a \u00e1cidos d\u00e9biles, \u00e1lcalis d\u00e9biles y aceites.<\/span><\/span><\/li>\n<\/ul>\n<\/div>\n<\/div>\n<h2>Aplicaciones:<\/h2>\n<div>\n<ul>\n<li data-path-to-node=\"23,0,0\"><span data-path-to-node=\"23,0,0,0\"><b data-path-to-node=\"23,0,0,0\" data-index-in-node=\"0\">Tallado de textiles<\/b>Se utiliza como suspensi\u00f3n para fibras. A diferencia del almid\u00f3n como agente de encolado, el PVA 17-99 no es propenso al deterioro ni al moho. <\/span><span data-path-to-node=\"23,0,0,2\"><span class=\"citation-137\">Ofrece una formaci\u00f3n de pel\u00edcula uniforme, elasticidad y resistencia a la abrasi\u00f3n.<\/span><\/span><span data-path-to-node=\"23,0,0,4\">.<\/span><\/li>\n<li data-path-to-node=\"23,1,0\"><span data-path-to-node=\"23,1,0,0\"><b data-path-to-node=\"23,1,0,0\" data-index-in-node=\"0\">Industria del papel<\/b>: Se aplica para el encolado de la superficie del papel con el fin de mejorar su resistencia y la absorci\u00f3n de la tinta. <\/span><span data-path-to-node=\"23,1,0,2\"><span class=\"citation-136\">Tambi\u00e9n se utiliza en la producci\u00f3n de adhesivos para papel.<\/span><\/span><span data-path-to-node=\"23,1,0,4\">.<\/span><\/li>\n<li data-path-to-node=\"23,2,1\"><span data-path-to-node=\"23,2,1,0\"><b data-path-to-node=\"23,2,1,0\" data-index-in-node=\"0\"><span class=\"citation-135\">Adhesivos y pegamentos<\/span><\/b><span class=\"citation-135\">Debido a su capacidad de reticulaci\u00f3n, se utiliza para formular adhesivos resistentes al agua y colas para la construcci\u00f3n.<\/span><\/span><span data-path-to-node=\"23,2,1,2\">.<\/span><\/li>\n<li data-path-to-node=\"23,3,1\"><span data-path-to-node=\"23,3,1,0\"><b data-path-to-node=\"23,3,1,0\" data-index-in-node=\"0\"><span class=\"citation-134\">Producci\u00f3n de fibra<\/span><\/b><span class=\"citation-134\">: Materia prima para la producci\u00f3n de fibras de alcohol polivin\u00edlico y fibras solubles en agua.<\/span><\/span><span data-path-to-node=\"23,3,1,2\">.<\/span><\/li>\n<li data-path-to-node=\"23,4,1\"><span data-path-to-node=\"23,4,1,0\"><b data-path-to-node=\"23,4,1,0\" data-index-in-node=\"0\"><span class=\"citation-133\">Emulsiones<\/span><\/b><span class=\"citation-133\">: Act\u00faa como espesante y agente antidesgaste para diversas emulsiones.<\/span><\/span><span data-path-to-node=\"23,4,1,2\">.<\/span><\/li>\n<\/ul>\n<h2>Embalaje:<\/h2>\n<ul>\n<li data-path-to-node=\"26,0,0\"><b data-path-to-node=\"26,0,0\" data-index-in-node=\"0\">Embalaje<\/b>: 25 kg por saco.<\/li>\n<li data-path-to-node=\"26,1,0\"><b data-path-to-node=\"26,1,0\" data-index-in-node=\"0\">Almacenamiento<\/b>Almacenar en un lugar fresco, seco y bien ventilado para evitar que se apelmace y absorba la humedad.<\/li>\n<\/ul>\n<h2><strong><b>Producto<\/b><\/strong>\u00a0<strong><b>Almacenamiento:<\/b><\/strong><\/h2>\n<p>Conservar en un lugar seco y bien ventilado para evitar la absorci\u00f3n de humedad.<\/p>\n<\/div>\n<h2>Preguntas frecuentes:<\/h2>\n<p data-path-to-node=\"29\"><span data-path-to-node=\"29,0\"><b data-path-to-node=\"29,0\" data-index-in-node=\"0\">P: \u00bfC\u00f3mo disuelvo el PVA 17-99 en comparaci\u00f3n con el PVA 17-88?<\/b><\/span><\/p>\n<p data-path-to-node=\"29\"><span data-path-to-node=\"29,0\"> A: Dado que PVA 17-99 es <b data-path-to-node=\"29,0\" data-index-in-node=\"76\">totalmente hidrolizado<\/b> (98-100%), tiene enlaces de hidr\u00f3geno intermoleculares m\u00e1s fuertes que el PVA 17-88. Por lo tanto, requiere temperaturas m\u00e1s altas para disolverse. <\/span><span data-path-to-node=\"29,2\"><span class=\"citation-131\">Debes calentar el agua para <\/span><b data-path-to-node=\"29,2\" data-index-in-node=\"27\"><span class=\"citation-131\">90\u00b0C \u2013 95\u00b0C<\/span><\/b><span class=\"citation-131\"> y agitar continuamente hasta su completa disoluci\u00f3n.<\/span><\/span><span data-path-to-node=\"29,4\">. El PVA 17-88 generalmente se disuelve a temperaturas m\u00e1s bajas.<\/span><\/p>\n<div class=\"source-inline-chip-container ng-star-inserted\"><\/div>\n<p data-path-to-node=\"30\"><b data-path-to-node=\"30\" data-index-in-node=\"0\">P: \u00bfCu\u00e1l es la diferencia entre PVA 17-99 y PVA 100-27?<\/b><\/p>\n<p data-path-to-node=\"30\">A: Son el mismo producto. \u201c17-99\u201d es la nomenclatura est\u00e1ndar que indica la viscosidad (rango de ~17-27 en algunas normas, aqu\u00ed 21-33) y la hidr\u00f3lisis (99%). \u201c100-27\u201d es otra designaci\u00f3n comercial com\u00fan para esta especificaci\u00f3n.<\/p>\n<p data-path-to-node=\"31\"><span data-path-to-node=\"31,0\"><b data-path-to-node=\"31,0\" data-index-in-node=\"0\">P: \u00bfSe puede utilizar PVA 17-99 para recubrimientos resistentes al agua?<\/b> <\/span><\/p>\n<p data-path-to-node=\"31\"><span data-path-to-node=\"31,0\">R: S\u00ed. Debido a que est\u00e1 completamente hidrolizado, una vez que la pel\u00edcula se seca y se forma, presenta una resistencia al agua mucho mejor que los grados parcialmente hidrolizados. <\/span><span data-path-to-node=\"31,2\"><span class=\"citation-130\">Su resistencia al agua puede mejorarse a\u00fan m\u00e1s mediante la reticulaci\u00f3n con b\u00f3rax o formaldeh\u00eddo.<\/span><\/span><span data-path-to-node=\"31,4\">.<\/span><\/p>\n<p data-path-to-node=\"29\"><b data-path-to-node=\"34\" data-index-in-node=\"0\"><a href=\"https:\/\/rawchemicalmart.com\/es\/contactanos\/\">Solicita un presupuesto<\/a> para PVA 17-99 \/ 100-27<\/b>. Proporcionamos calidad constante y precios directos de f\u00e1brica para la exportaci\u00f3n global.<\/p>","protected":false},"excerpt":{"rendered":"<p class=\"tmnf_excerpt\">Polyvinyl Alcohol 17-99 (also known as PVA 100-27) is a fully hydrolyzed polyvinyl alcohol polymer appearing as a white solid. Unlike partially hydrolyzed grades, PVA 17-99 is characterized by a high degree of alcoholysis (98.00 &#8211; 100.00 mol%), which imparts superior water resistance, thermal stability, and solvent resistance to the final product.\nWith a medium viscosity of 21.0 &#8211; 33.0 mPa.s, this grade is engineered for applications requiring strong film formation and high tensile strength, such as textile sizing and heavy-duty adhesives.\n<\/p>","protected":false},"featured_media":12151,"template":"","meta":{"_acf_changed":false},"product_brand":[],"product_cat":[58],"product_tag":[],"class_list":{"0":"post-12136","1":"product","2":"type-product","3":"status-publish","4":"has-post-thumbnail","6":"product_cat-polyvinyl-alcohol-pva","8":"first","9":"instock","10":"shipping-taxable","11":"product-type-simple"},"acf":[],"yoast_head":"<!-- This site is optimized with the Yoast SEO plugin v27.4 - https:\/\/yoast.com\/product\/yoast-seo-wordpress\/ -->\n<title>Polyvinyl Alcohol (PVA) 17-99 \/ 100-27 | Fully Hydrolyzed Supplier - RawChemicalMart<\/title>\n<meta name=\"description\" content=\"Buy Polyvinyl Alcohol 17-99 (PVA 100-27) directly from the manufacturer. A fully hydrolyzed (98-100%), medium viscosity polymer ideal for textile sizing, paper adhesives, and construction glues. View TDS.\" \/>\n<meta name=\"robots\" content=\"index, follow, max-snippet:-1, max-image-preview:large, max-video-preview:-1\" \/>\n<link rel=\"canonical\" href=\"https:\/\/rawchemicalmart.com\/es\/producto\/alcohol-polivinilico-pva-17-99-totalmente-hidrolizado\/\" \/>\n<meta property=\"og:locale\" content=\"es_ES\" \/>\n<meta property=\"og:type\" content=\"article\" \/>\n<meta property=\"og:title\" content=\"Polyvinyl Alcohol (PVA) 17-99 \/ 100-27 | Fully Hydrolyzed Supplier - RawChemicalMart\" \/>\n<meta property=\"og:description\" content=\"Buy Polyvinyl Alcohol 17-99 (PVA 100-27) directly from the manufacturer. A fully hydrolyzed (98-100%), medium viscosity polymer ideal for textile sizing, paper adhesives, and construction glues. View TDS.\" \/>\n<meta property=\"og:url\" content=\"https:\/\/rawchemicalmart.com\/es\/producto\/alcohol-polivinilico-pva-17-99-totalmente-hidrolizado\/\" \/>\n<meta property=\"og:site_name\" content=\"rawchemicalmart.com\" \/>\n<meta property=\"article:modified_time\" content=\"2026-01-23T06:47:40+00:00\" \/>\n<meta property=\"og:image\" content=\"https:\/\/rawchemicalmart.com\/wp-content\/uploads\/2026\/01\/Polyvinyl_alcohol_PVA_1799.jpg\" \/>\n\t<meta property=\"og:image:width\" content=\"1000\" \/>\n\t<meta property=\"og:image:height\" content=\"1000\" \/>\n\t<meta property=\"og:image:type\" content=\"image\/jpeg\" \/>\n<meta name=\"twitter:card\" content=\"summary_large_image\" \/>\n<meta name=\"twitter:label1\" content=\"Tiempo de lectura\" \/>\n\t<meta name=\"twitter:data1\" content=\"3 minutos\" \/>\n<script type=\"application\/ld+json\" class=\"yoast-schema-graph\">{\"@context\":\"https:\\\/\\\/schema.org\",\"@graph\":[{\"@type\":\"WebPage\",\"@id\":\"https:\\\/\\\/rawchemicalmart.com\\\/fr\\\/produit\\\/polyvinyl-alcohol-pva-17-99-fully-hydrolyzed\\\/\",\"url\":\"https:\\\/\\\/rawchemicalmart.com\\\/fr\\\/produit\\\/polyvinyl-alcohol-pva-17-99-fully-hydrolyzed\\\/\",\"name\":\"Polyvinyl Alcohol (PVA) 17-99 \\\/ 100-27 | Fully Hydrolyzed Supplier - RawChemicalMart\",\"isPartOf\":{\"@id\":\"https:\\\/\\\/rawchemicalmart.com\\\/#website\"},\"primaryImageOfPage\":{\"@id\":\"https:\\\/\\\/rawchemicalmart.com\\\/fr\\\/produit\\\/polyvinyl-alcohol-pva-17-99-fully-hydrolyzed\\\/#primaryimage\"},\"image\":{\"@id\":\"https:\\\/\\\/rawchemicalmart.com\\\/fr\\\/produit\\\/polyvinyl-alcohol-pva-17-99-fully-hydrolyzed\\\/#primaryimage\"},\"thumbnailUrl\":\"https:\\\/\\\/rawchemicalmart.com\\\/wp-content\\\/uploads\\\/2026\\\/01\\\/Polyvinyl_alcohol_PVA_1799.jpg\",\"datePublished\":\"2026-01-23T02:02:31+00:00\",\"dateModified\":\"2026-01-23T06:47:40+00:00\",\"description\":\"Buy Polyvinyl Alcohol 17-99 (PVA 100-27) directly from the manufacturer. A fully hydrolyzed (98-100%), medium viscosity polymer ideal for textile sizing, paper adhesives, and construction glues. View TDS.\",\"breadcrumb\":{\"@id\":\"https:\\\/\\\/rawchemicalmart.com\\\/fr\\\/produit\\\/polyvinyl-alcohol-pva-17-99-fully-hydrolyzed\\\/#breadcrumb\"},\"inLanguage\":\"es\",\"potentialAction\":[{\"@type\":\"ReadAction\",\"target\":[\"https:\\\/\\\/rawchemicalmart.com\\\/fr\\\/produit\\\/polyvinyl-alcohol-pva-17-99-fully-hydrolyzed\\\/\"]}]},{\"@type\":\"ImageObject\",\"inLanguage\":\"es\",\"@id\":\"https:\\\/\\\/rawchemicalmart.com\\\/fr\\\/produit\\\/polyvinyl-alcohol-pva-17-99-fully-hydrolyzed\\\/#primaryimage\",\"url\":\"https:\\\/\\\/rawchemicalmart.com\\\/wp-content\\\/uploads\\\/2026\\\/01\\\/Polyvinyl_alcohol_PVA_1799.jpg\",\"contentUrl\":\"https:\\\/\\\/rawchemicalmart.com\\\/wp-content\\\/uploads\\\/2026\\\/01\\\/Polyvinyl_alcohol_PVA_1799.jpg\",\"width\":1000,\"height\":1000,\"caption\":\"polyvinyl alcohol PVA 1799\"},{\"@type\":\"BreadcrumbList\",\"@id\":\"https:\\\/\\\/rawchemicalmart.com\\\/fr\\\/produit\\\/polyvinyl-alcohol-pva-17-99-fully-hydrolyzed\\\/#breadcrumb\",\"itemListElement\":[{\"@type\":\"ListItem\",\"position\":1,\"name\":\"Home\",\"item\":\"https:\\\/\\\/rawchemicalmart.com\\\/\"},{\"@type\":\"ListItem\",\"position\":2,\"name\":\"Products\",\"item\":\"https:\\\/\\\/rawchemicalmart.com\\\/shop\\\/\"},{\"@type\":\"ListItem\",\"position\":3,\"name\":\"Polyvinyl Alcohol (PVA) 17-99 \\\/ 100-27\"}]},{\"@type\":\"WebSite\",\"@id\":\"https:\\\/\\\/rawchemicalmart.com\\\/#website\",\"url\":\"https:\\\/\\\/rawchemicalmart.com\\\/\",\"name\":\"rawchemicalmart.com\",\"description\":\"Leading Raw Chemicals Supplier\",\"potentialAction\":[{\"@type\":\"SearchAction\",\"target\":{\"@type\":\"EntryPoint\",\"urlTemplate\":\"https:\\\/\\\/rawchemicalmart.com\\\/?s={search_term_string}\"},\"query-input\":{\"@type\":\"PropertyValueSpecification\",\"valueRequired\":true,\"valueName\":\"search_term_string\"}}],\"inLanguage\":\"es\"}]}<\/script>\n<!-- \/ Yoast SEO plugin. -->","yoast_head_json":{"title":"Alcohol polivin\u00edlico (PVA) 17-99 \/ 100-27 | Proveedor totalmente hidrolizado - RawChemicalMart","description":"Compre alcohol polivin\u00edlico 17-99 (PVA 100-27) directamente del fabricante. Pol\u00edmero totalmente hidrolizado (98-100%) de viscosidad media, ideal para el apresto de textiles, adhesivos para papel y colas para la construcci\u00f3n. Consulte la ficha t\u00e9cnica.","robots":{"index":"index","follow":"follow","max-snippet":"max-snippet:-1","max-image-preview":"max-image-preview:large","max-video-preview":"max-video-preview:-1"},"canonical":"https:\/\/rawchemicalmart.com\/es\/producto\/alcohol-polivinilico-pva-17-99-totalmente-hidrolizado\/","og_locale":"es_ES","og_type":"article","og_title":"Polyvinyl Alcohol (PVA) 17-99 \/ 100-27 | Fully Hydrolyzed Supplier - RawChemicalMart","og_description":"Buy Polyvinyl Alcohol 17-99 (PVA 100-27) directly from the manufacturer. A fully hydrolyzed (98-100%), medium viscosity polymer ideal for textile sizing, paper adhesives, and construction glues. View TDS.","og_url":"https:\/\/rawchemicalmart.com\/es\/producto\/alcohol-polivinilico-pva-17-99-totalmente-hidrolizado\/","og_site_name":"rawchemicalmart.com","article_modified_time":"2026-01-23T06:47:40+00:00","og_image":[{"width":1000,"height":1000,"url":"https:\/\/rawchemicalmart.com\/wp-content\/uploads\/2026\/01\/Polyvinyl_alcohol_PVA_1799.jpg","type":"image\/jpeg"}],"twitter_card":"summary_large_image","twitter_misc":{"Tiempo de lectura":"3 minutos"},"schema":{"@context":"https:\/\/schema.org","@graph":[{"@type":"WebPage","@id":"https:\/\/rawchemicalmart.com\/fr\/produit\/polyvinyl-alcohol-pva-17-99-fully-hydrolyzed\/","url":"https:\/\/rawchemicalmart.com\/fr\/produit\/polyvinyl-alcohol-pva-17-99-fully-hydrolyzed\/","name":"Alcohol polivin\u00edlico (PVA) 17-99 \/ 100-27 | Proveedor totalmente hidrolizado - RawChemicalMart","isPartOf":{"@id":"https:\/\/rawchemicalmart.com\/#website"},"primaryImageOfPage":{"@id":"https:\/\/rawchemicalmart.com\/fr\/produit\/polyvinyl-alcohol-pva-17-99-fully-hydrolyzed\/#primaryimage"},"image":{"@id":"https:\/\/rawchemicalmart.com\/fr\/produit\/polyvinyl-alcohol-pva-17-99-fully-hydrolyzed\/#primaryimage"},"thumbnailUrl":"https:\/\/rawchemicalmart.com\/wp-content\/uploads\/2026\/01\/Polyvinyl_alcohol_PVA_1799.jpg","datePublished":"2026-01-23T02:02:31+00:00","dateModified":"2026-01-23T06:47:40+00:00","description":"Compre alcohol polivin\u00edlico 17-99 (PVA 100-27) directamente del fabricante. Pol\u00edmero totalmente hidrolizado (98-100%) de viscosidad media, ideal para el apresto de textiles, adhesivos para papel y colas para la construcci\u00f3n. Consulte la ficha t\u00e9cnica.","breadcrumb":{"@id":"https:\/\/rawchemicalmart.com\/fr\/produit\/polyvinyl-alcohol-pva-17-99-fully-hydrolyzed\/#breadcrumb"},"inLanguage":"es","potentialAction":[{"@type":"ReadAction","target":["https:\/\/rawchemicalmart.com\/fr\/produit\/polyvinyl-alcohol-pva-17-99-fully-hydrolyzed\/"]}]},{"@type":"ImageObject","inLanguage":"es","@id":"https:\/\/rawchemicalmart.com\/fr\/produit\/polyvinyl-alcohol-pva-17-99-fully-hydrolyzed\/#primaryimage","url":"https:\/\/rawchemicalmart.com\/wp-content\/uploads\/2026\/01\/Polyvinyl_alcohol_PVA_1799.jpg","contentUrl":"https:\/\/rawchemicalmart.com\/wp-content\/uploads\/2026\/01\/Polyvinyl_alcohol_PVA_1799.jpg","width":1000,"height":1000,"caption":"polyvinyl alcohol PVA 1799"},{"@type":"BreadcrumbList","@id":"https:\/\/rawchemicalmart.com\/fr\/produit\/polyvinyl-alcohol-pva-17-99-fully-hydrolyzed\/#breadcrumb","itemListElement":[{"@type":"ListItem","position":1,"name":"Home","item":"https:\/\/rawchemicalmart.com\/"},{"@type":"ListItem","position":2,"name":"Products","item":"https:\/\/rawchemicalmart.com\/shop\/"},{"@type":"ListItem","position":3,"name":"Polyvinyl Alcohol (PVA) 17-99 \/ 100-27"}]},{"@type":"WebSite","@id":"https:\/\/rawchemicalmart.com\/#website","url":"https:\/\/rawchemicalmart.com\/","name":"rawchemicalmart.com","description":"Proveedor l\u00edder de productos qu\u00edmicos b\u00e1sicos","potentialAction":[{"@type":"SearchAction","target":{"@type":"EntryPoint","urlTemplate":"https:\/\/rawchemicalmart.com\/?s={search_term_string}"},"query-input":{"@type":"PropertyValueSpecification","valueRequired":true,"valueName":"search_term_string"}}],"inLanguage":"es"}]}},"_links":{"self":[{"href":"https:\/\/rawchemicalmart.com\/es\/wp-json\/wp\/v2\/product\/12136","targetHints":{"allow":["GET"]}}],"collection":[{"href":"https:\/\/rawchemicalmart.com\/es\/wp-json\/wp\/v2\/product"}],"about":[{"href":"https:\/\/rawchemicalmart.com\/es\/wp-json\/wp\/v2\/types\/product"}],"wp:featuredmedia":[{"embeddable":true,"href":"https:\/\/rawchemicalmart.com\/es\/wp-json\/wp\/v2\/media\/12151"}],"wp:attachment":[{"href":"https:\/\/rawchemicalmart.com\/es\/wp-json\/wp\/v2\/media?parent=12136"}],"wp:term":[{"taxonomy":"product_brand","embeddable":true,"href":"https:\/\/rawchemicalmart.com\/es\/wp-json\/wp\/v2\/product_brand?post=12136"},{"taxonomy":"product_cat","embeddable":true,"href":"https:\/\/rawchemicalmart.com\/es\/wp-json\/wp\/v2\/product_cat?post=12136"},{"taxonomy":"product_tag","embeddable":true,"href":"https:\/\/rawchemicalmart.com\/es\/wp-json\/wp\/v2\/product_tag?post=12136"}],"curies":[{"name":"wp","href":"https:\/\/api.w.org\/{rel}","templated":true}]}}