{"id":12128,"date":"2026-01-23T01:19:42","date_gmt":"2026-01-23T01:19:42","guid":{"rendered":"https:\/\/rawchemicalmart.com\/?post_type=product&#038;p=12128"},"modified":"2026-01-23T06:50:58","modified_gmt":"2026-01-23T06:50:58","slug":"alcohol-polivinilico-pva-05-99-totalmente-hidrolizado","status":"publish","type":"product","link":"https:\/\/rawchemicalmart.com\/es\/producto\/alcohol-polivinilico-pva-05-99-totalmente-hidrolizado\/","title":{"rendered":"Alcohol polivin\u00edlico (PVA) 05-99 \/ 098-05"},"content":{"rendered":"<h2>Presupuesto:<\/h2>\n<div class=\"table-scroll-wrapper\">\n<table id=\"tablepress-98\" class=\"tablepress tablepress-id-98\">\n<thead>\n<tr class=\"row-1\">\n\t<th class=\"column-1\">Art\u00edculo<\/th><th class=\"column-2\">Especificaci\u00f3n<\/th>\n<\/tr>\n<\/thead>\n<tbody class=\"row-striping row-hover\">\n<tr class=\"row-2\">\n\t<td class=\"column-1\">Grado de alcoholismo (mol%)<\/td><td class=\"column-2\">98.2 - 100<\/td>\n<\/tr>\n<tr class=\"row-3\">\n\t<td class=\"column-1\">Viscosidad (mPa\u00b7s)<\/td><td class=\"column-2\">5.0 - 6.5<\/td>\n<\/tr>\n<tr class=\"row-4\">\n\t<td class=\"column-1\">  Contenido vol\u00e1til (wt%, m\u00e1x.)<\/td><td class=\"column-2\">5<\/td>\n<\/tr>\n<tr class=\"row-5\">\n\t<td class=\"column-1\">  Pureza (wt%, m\u00edn.)<\/td><td class=\"column-2\">93.5<\/td>\n<\/tr>\n<tr class=\"row-6\">\n\t<td class=\"column-1\">Valor de pH<\/td><td class=\"column-2\">5 ~ 7<\/td>\n<\/tr>\n<tr class=\"row-7\">\n\t<td class=\"column-1\">  Contenido de cenizas (wt%, m\u00e1x.)<\/td><td class=\"column-2\">0.7<\/td>\n<\/tr>\n<\/tbody>\n<\/table>\n<!-- #tablepress-98 from cache --><\/div>\n<div><b data-path-to-node=\"21,0\" data-index-in-node=\"0\">Nota<\/b>La viscosidad se mide en una soluci\u00f3n acuosa de 4%. La pureza es un valor calculado.<\/div>\n<div><\/div>\n<div>\n<h2>Caracter\u00edsticas principales:<\/h2>\n<div>\n<p data-path-to-node=\"5\">El PVA 05-99 se distingue por su estructura totalmente hidrolizada, que ofrece ventajas de rendimiento espec\u00edficas:<\/p>\n<ul data-path-to-node=\"6\">\n<li>\n<p data-path-to-node=\"6,0,0\"><b data-path-to-node=\"6,0,0\" data-index-in-node=\"0\">Solubilidad y resistencia al agua<\/b>: Presenta una fuerte hidrofilia pero requiere agua caliente (t\u00edpicamente <b data-path-to-node=\"6,0,0\" data-index-in-node=\"99\">por encima de 90\u00b0C<\/b>) para una disoluci\u00f3n completa. Una vez seca, la pel\u00edcula muestra una resistencia al agua significativamente mayor en comparaci\u00f3n con los grados parcialmente hidrolizados. Es insoluble en casi todos los disolventes org\u00e1nicos.<\/p>\n<\/li>\n<li>\n<p data-path-to-node=\"6,1,0\"><b data-path-to-node=\"6,1,0\" data-index-in-node=\"0\">Propiedades de barrera de gas<\/b>La pel\u00edcula formada por PVA 05-99 proporciona una barrera excepcional contra gases como el hidr\u00f3geno (H2), el nitr\u00f3geno (N2) y el ox\u00edgeno (O2), aunque sigue siendo permeable al vapor de agua.<\/p>\n<\/li>\n<li>\n<p data-path-to-node=\"6,2,0\"><b data-path-to-node=\"6,2,0\" data-index-in-node=\"0\">Viscosidad<\/b>Demuestra una excelente capacidad de adhesi\u00f3n con materiales hidrof\u00edlicos, en particular con superficies porosas como la celulosa, el papel y los textiles.<\/p>\n<\/li>\n<li>\n<p data-path-to-node=\"6,3,0\"><b data-path-to-node=\"6,3,0\" data-index-in-node=\"0\">Estabilidad t\u00e9rmica<\/b>: El producto permanece estable cuando se calienta hasta <b data-path-to-node=\"6,3,0\" data-index-in-node=\"64\">130\u00b0C<\/b>. Comienza a fundirse alrededor de los 230 \u00b0C, y su descomposici\u00f3n se produce a temperaturas superiores a los 200 \u00b0C.<\/p>\n<\/li>\n<li>\n<p data-path-to-node=\"6,4,0\"><b data-path-to-node=\"6,4,0\" data-index-in-node=\"0\">Resistencia qu\u00edmica<\/b>Ofrece una s\u00f3lida resistencia a \u00e1cidos d\u00e9biles, \u00e1lcalis d\u00e9biles y aceites\/grasas, lo que lo hace adecuado para entornos industriales exigentes.<\/p>\n<\/li>\n<li>\n<p data-path-to-node=\"6,5,0\"><b data-path-to-node=\"6,5,0\" data-index-in-node=\"0\">Reactividad<\/b>Posee una excelente reactividad de reticulaci\u00f3n. Puede reaccionar con \u00e1cido b\u00f3rico para reticularse o someterse a acetalizaci\u00f3n con formaldeh\u00eddo\/acetaldeh\u00eddo para mejorar a\u00fan m\u00e1s su resistencia al agua.<\/p>\n<\/li>\n<\/ul>\n<\/div>\n<\/div>\n<h2>Aplicaciones:<\/h2>\n<div>\n<p data-path-to-node=\"19\">Debido a su naturaleza totalmente hidrolizada, el PVA 05-99 ofrece ventajas distintivas en industrias espec\u00edficas:<\/p>\n<ul data-path-to-node=\"20\">\n<li>\n<p data-path-to-node=\"20,0,0\"><b data-path-to-node=\"20,0,0\" data-index-in-node=\"0\">Industria del papel<\/b>Se utiliza para el encolado de la superficie del papel y el recubrimiento con pigmentos. Mejora la resistencia superficial, la imprimibilidad y la resistencia al aceite del papel.<\/p>\n<\/li>\n<li>\n<p data-path-to-node=\"20,1,0\"><b data-path-to-node=\"20,1,0\" data-index-in-node=\"0\">Industria de adhesivos<\/b>: Act\u00faa como un estabilizador cr\u00edtico y un auxiliar de polimerizaci\u00f3n en la producci\u00f3n de <b data-path-to-node=\"20,1,0\" data-index-in-node=\"93\">Acetato de polivinilo (PVAc)<\/b> emulsiones.<\/p>\n<\/li>\n<li>\n<p data-path-to-node=\"20,2,0\"><b data-path-to-node=\"20,2,0\" data-index-in-node=\"0\">Fabricaci\u00f3n de abrasivos<\/b>: Sirve como aglutinante de alta resistencia para papel de lija y materiales de lijado, proporcionando durabilidad y resistencia al calor.<\/p>\n<\/li>\n<li>\n<p data-path-to-node=\"20,3,0\"><b data-path-to-node=\"20,3,0\" data-index-in-node=\"0\">Industria textil<\/b>: Se utiliza en el apresto de urdimbre para hilo hilado, proporcionando una capa protectora resistente pero f\u00e1cil de desencolar.<\/p>\n<\/li>\n<li>\n<p data-path-to-node=\"20,4,0\"><b data-path-to-node=\"20,4,0\" data-index-in-node=\"0\">Esponjas de PVA<\/b>: Materia prima esencial para la fabricaci\u00f3n de esponjas de PVA altamente absorbentes.<\/p>\n<\/li>\n<\/ul>\n<h2>Embalaje:<\/h2>\n<ul>\n<li>\n<p data-path-to-node=\"23,0,0\"><b data-path-to-node=\"23,0,0\" data-index-in-node=\"0\">Embalaje<\/b>: 25 kg por bolsa (bolsa de papel kraft con revestimiento de pl\u00e1stico).<\/p>\n<\/li>\n<li>\n<p data-path-to-node=\"23,1,0\"><b data-path-to-node=\"23,1,0\" data-index-in-node=\"0\">Almacenamiento<\/b>Almacenar en un lugar fresco y seco. Debido a su naturaleza hidr\u00f3fila, mantenga el envase bien cerrado para evitar la absorci\u00f3n de humedad.<\/p>\n<\/li>\n<\/ul>\n<h2><strong><b>Producto<\/b><\/strong>\u00a0<strong><b>Almacenamiento:<\/b><\/strong><\/h2>\n<p>Conservar en un lugar seco y bien ventilado para evitar la absorci\u00f3n de humedad.<\/p>\n<\/div>\n<h2>Preguntas frecuentes:<\/h2>\n<p data-path-to-node=\"26\"><b data-path-to-node=\"26\" data-index-in-node=\"0\">P: \u00bfC\u00f3mo disuelvo el PVA 05-99 (totalmente hidrolizado)?<\/b> A: A diferencia de los grados parcialmente hidrolizados que pueden disolverse en agua tibia, <b data-path-to-node=\"26\" data-index-in-node=\"122\">PVA 05-99 requiere agua caliente<\/b> para una disoluci\u00f3n completa. Se recomienda calentar el agua a <b data-path-to-node=\"26\" data-index-in-node=\"216\">90\u00b0C \u2013 95\u00b0C<\/b> Mientras se remueve continuamente. Mantenga esta temperatura hasta que la soluci\u00f3n est\u00e9 completamente transparente y libre de part\u00edculas.<\/p>\n<p>&nbsp;<\/p>\n<p data-path-to-node=\"27\"><b data-path-to-node=\"27\" data-index-in-node=\"0\">P: \u00bfCu\u00e1l es la diferencia entre PVA 05-99 y PVA 17-88?<\/b> A: La principal diferencia es la <b data-path-to-node=\"27\" data-index-in-node=\"89\">grado de hidr\u00f3lisis<\/b>.<\/p>\n<ul data-path-to-node=\"28\">\n<li>\n<p data-path-to-node=\"28,0,0\"><b data-path-to-node=\"28,0,0\" data-index-in-node=\"0\">PVA 05-99<\/b> Est\u00e1 totalmente hidrolizado (98-100%), lo que ofrece una mejor resistencia al agua y una mayor resistencia a la tracci\u00f3n, pero requiere temperaturas m\u00e1s altas para disolverse.<\/p>\n<\/li>\n<li>\n<p data-path-to-node=\"28,1,0\"><b data-path-to-node=\"28,1,0\" data-index-in-node=\"0\">PVA 17-88<\/b> est\u00e1 parcialmente hidrolizado (86-90%), lo que lo hace m\u00e1s soluble en agua (m\u00e1s f\u00e1cil de disolver) y tiene mejor actividad superficial, pero menor resistencia al agua despu\u00e9s del secado.<\/p>\n<\/li>\n<\/ul>\n<p>&nbsp;<\/p>\n<p data-path-to-node=\"29\"><b data-path-to-node=\"29\" data-index-in-node=\"0\">P: \u00bfSe puede utilizar PVA 05-99 para pel\u00edculas resistentes al agua?<\/b> R: S\u00ed. Debido a que est\u00e1 completamente hidrolizado, las pel\u00edculas hechas de PVA 05-99 presentan una resistencia al agua mucho mayor en comparaci\u00f3n con los grados parcialmente hidrolizados una vez secas.<\/p>\n<p data-path-to-node=\"29\"><b data-path-to-node=\"32\" data-index-in-node=\"0\">\u00bfBusca PVA totalmente hidrolizado? <a href=\"https:\/\/rawchemicalmart.com\/es\/contactanos\/\">Solicita un presupuesto<\/a>.<\/b> Suministramos alcohol polivin\u00edlico 05-99 de primera calidad, con calidad estable y precios competitivos.<\/p>","protected":false},"excerpt":{"rendered":"<p class=\"tmnf_excerpt\">Polyvinyl Alcohol 05-99 (also known as PVA 098-05 or 0599) is a fully hydrolyzed, low-viscosity grade water-soluble polymer. Unlike partially hydrolyzed grades (such as 17-88), PVA 05-99 is characterized by a high degree of hydrolysis (98.2 &#8211; 100.0 mol%).\nThis unique chemical structure grants it superior water resistance after drying, high tensile strength, and excellent resistance to organic solvents and oils. It is widely used in applications requiring strong film formation and durability against moisture.\n<\/p>","protected":false},"featured_media":12150,"template":"","meta":{"_acf_changed":false},"product_brand":[],"product_cat":[58],"product_tag":[],"class_list":{"0":"post-12128","1":"product","2":"type-product","3":"status-publish","4":"has-post-thumbnail","6":"product_cat-polyvinyl-alcohol-pva","8":"first","9":"instock","10":"shipping-taxable","11":"product-type-simple"},"acf":[],"yoast_head":"<!-- This site is optimized with the Yoast SEO plugin v27.4 - https:\/\/yoast.com\/product\/yoast-seo-wordpress\/ -->\n<title>Polyvinyl Alcohol (PVA) 05-99 \/ 098-05 | Fully Hydrolyzed Polymer - RawChemicalMart<\/title>\n<meta name=\"description\" content=\"Buy high-quality Polyvinyl Alcohol 05-99 (PVA 0599\/098-05). A fully hydrolyzed grade (98-100%) featuring low viscosity and superior water resistance. Ideal for paper sizing, textile finishing, and abrasives. View TDS.\" \/>\n<meta name=\"robots\" content=\"index, follow, max-snippet:-1, max-image-preview:large, max-video-preview:-1\" \/>\n<link rel=\"canonical\" href=\"https:\/\/rawchemicalmart.com\/es\/producto\/alcohol-polivinilico-pva-05-99-totalmente-hidrolizado\/\" \/>\n<meta property=\"og:locale\" content=\"es_ES\" \/>\n<meta property=\"og:type\" content=\"article\" \/>\n<meta property=\"og:title\" content=\"Polyvinyl Alcohol (PVA) 05-99 \/ 098-05 | Fully Hydrolyzed Polymer - RawChemicalMart\" \/>\n<meta property=\"og:description\" content=\"Buy high-quality Polyvinyl Alcohol 05-99 (PVA 0599\/098-05). A fully hydrolyzed grade (98-100%) featuring low viscosity and superior water resistance. Ideal for paper sizing, textile finishing, and abrasives. View TDS.\" \/>\n<meta property=\"og:url\" content=\"https:\/\/rawchemicalmart.com\/es\/producto\/alcohol-polivinilico-pva-05-99-totalmente-hidrolizado\/\" \/>\n<meta property=\"og:site_name\" content=\"rawchemicalmart.com\" \/>\n<meta property=\"article:modified_time\" content=\"2026-01-23T06:50:58+00:00\" \/>\n<meta property=\"og:image\" content=\"https:\/\/rawchemicalmart.com\/wp-content\/uploads\/2026\/01\/Polyvinyl_alcohol_PVA_0599.jpg\" \/>\n\t<meta property=\"og:image:width\" content=\"1000\" \/>\n\t<meta property=\"og:image:height\" content=\"1000\" \/>\n\t<meta property=\"og:image:type\" content=\"image\/jpeg\" \/>\n<meta name=\"twitter:card\" content=\"summary_large_image\" \/>\n<meta name=\"twitter:label1\" content=\"Tiempo de lectura\" \/>\n\t<meta name=\"twitter:data1\" content=\"3 minutos\" \/>\n<script type=\"application\/ld+json\" class=\"yoast-schema-graph\">{\"@context\":\"https:\\\/\\\/schema.org\",\"@graph\":[{\"@type\":\"WebPage\",\"@id\":\"https:\\\/\\\/rawchemicalmart.com\\\/ar\\\/product\\\/polyvinyl-alcohol-pva-05-99-fully-hydrolyzed\\\/\",\"url\":\"https:\\\/\\\/rawchemicalmart.com\\\/ar\\\/product\\\/polyvinyl-alcohol-pva-05-99-fully-hydrolyzed\\\/\",\"name\":\"Polyvinyl Alcohol (PVA) 05-99 \\\/ 098-05 | Fully Hydrolyzed Polymer - RawChemicalMart\",\"isPartOf\":{\"@id\":\"https:\\\/\\\/rawchemicalmart.com\\\/#website\"},\"primaryImageOfPage\":{\"@id\":\"https:\\\/\\\/rawchemicalmart.com\\\/ar\\\/product\\\/polyvinyl-alcohol-pva-05-99-fully-hydrolyzed\\\/#primaryimage\"},\"image\":{\"@id\":\"https:\\\/\\\/rawchemicalmart.com\\\/ar\\\/product\\\/polyvinyl-alcohol-pva-05-99-fully-hydrolyzed\\\/#primaryimage\"},\"thumbnailUrl\":\"https:\\\/\\\/rawchemicalmart.com\\\/wp-content\\\/uploads\\\/2026\\\/01\\\/Polyvinyl_alcohol_PVA_0599.jpg\",\"datePublished\":\"2026-01-23T01:19:42+00:00\",\"dateModified\":\"2026-01-23T06:50:58+00:00\",\"description\":\"Buy high-quality Polyvinyl Alcohol 05-99 (PVA 0599\\\/098-05). A fully hydrolyzed grade (98-100%) featuring low viscosity and superior water resistance. Ideal for paper sizing, textile finishing, and abrasives. View TDS.\",\"breadcrumb\":{\"@id\":\"https:\\\/\\\/rawchemicalmart.com\\\/ar\\\/product\\\/polyvinyl-alcohol-pva-05-99-fully-hydrolyzed\\\/#breadcrumb\"},\"inLanguage\":\"es\",\"potentialAction\":[{\"@type\":\"ReadAction\",\"target\":[\"https:\\\/\\\/rawchemicalmart.com\\\/ar\\\/product\\\/polyvinyl-alcohol-pva-05-99-fully-hydrolyzed\\\/\"]}]},{\"@type\":\"ImageObject\",\"inLanguage\":\"es\",\"@id\":\"https:\\\/\\\/rawchemicalmart.com\\\/ar\\\/product\\\/polyvinyl-alcohol-pva-05-99-fully-hydrolyzed\\\/#primaryimage\",\"url\":\"https:\\\/\\\/rawchemicalmart.com\\\/wp-content\\\/uploads\\\/2026\\\/01\\\/Polyvinyl_alcohol_PVA_0599.jpg\",\"contentUrl\":\"https:\\\/\\\/rawchemicalmart.com\\\/wp-content\\\/uploads\\\/2026\\\/01\\\/Polyvinyl_alcohol_PVA_0599.jpg\",\"width\":1000,\"height\":1000,\"caption\":\"polyvinyl alcohol PVA 0599\"},{\"@type\":\"BreadcrumbList\",\"@id\":\"https:\\\/\\\/rawchemicalmart.com\\\/ar\\\/product\\\/polyvinyl-alcohol-pva-05-99-fully-hydrolyzed\\\/#breadcrumb\",\"itemListElement\":[{\"@type\":\"ListItem\",\"position\":1,\"name\":\"Home\",\"item\":\"https:\\\/\\\/rawchemicalmart.com\\\/\"},{\"@type\":\"ListItem\",\"position\":2,\"name\":\"Products\",\"item\":\"https:\\\/\\\/rawchemicalmart.com\\\/shop\\\/\"},{\"@type\":\"ListItem\",\"position\":3,\"name\":\"Polyvinyl Alcohol (PVA) 05-99 \\\/ 098-05\"}]},{\"@type\":\"WebSite\",\"@id\":\"https:\\\/\\\/rawchemicalmart.com\\\/#website\",\"url\":\"https:\\\/\\\/rawchemicalmart.com\\\/\",\"name\":\"rawchemicalmart.com\",\"description\":\"Leading Raw Chemicals Supplier\",\"potentialAction\":[{\"@type\":\"SearchAction\",\"target\":{\"@type\":\"EntryPoint\",\"urlTemplate\":\"https:\\\/\\\/rawchemicalmart.com\\\/?s={search_term_string}\"},\"query-input\":{\"@type\":\"PropertyValueSpecification\",\"valueRequired\":true,\"valueName\":\"search_term_string\"}}],\"inLanguage\":\"es\"}]}<\/script>\n<!-- \/ Yoast SEO plugin. -->","yoast_head_json":{"title":"Alcohol polivin\u00edlico (PVA) 05-99 \/ 098-05 | Pol\u00edmero totalmente hidrolizado - RawChemicalMart","description":"Adquiera alcohol polivin\u00edlico 05-99 (PVA 0599\/098-05) de alta calidad. Un grado totalmente hidrolizado (98-100%) con baja viscosidad y excelente resistencia al agua. Ideal para el encolado de papel, el acabado textil y como abrasivo. Consulte la ficha t\u00e9cnica.","robots":{"index":"index","follow":"follow","max-snippet":"max-snippet:-1","max-image-preview":"max-image-preview:large","max-video-preview":"max-video-preview:-1"},"canonical":"https:\/\/rawchemicalmart.com\/es\/producto\/alcohol-polivinilico-pva-05-99-totalmente-hidrolizado\/","og_locale":"es_ES","og_type":"article","og_title":"Polyvinyl Alcohol (PVA) 05-99 \/ 098-05 | Fully Hydrolyzed Polymer - RawChemicalMart","og_description":"Buy high-quality Polyvinyl Alcohol 05-99 (PVA 0599\/098-05). A fully hydrolyzed grade (98-100%) featuring low viscosity and superior water resistance. Ideal for paper sizing, textile finishing, and abrasives. View TDS.","og_url":"https:\/\/rawchemicalmart.com\/es\/producto\/alcohol-polivinilico-pva-05-99-totalmente-hidrolizado\/","og_site_name":"rawchemicalmart.com","article_modified_time":"2026-01-23T06:50:58+00:00","og_image":[{"width":1000,"height":1000,"url":"https:\/\/rawchemicalmart.com\/wp-content\/uploads\/2026\/01\/Polyvinyl_alcohol_PVA_0599.jpg","type":"image\/jpeg"}],"twitter_card":"summary_large_image","twitter_misc":{"Tiempo de lectura":"3 minutos"},"schema":{"@context":"https:\/\/schema.org","@graph":[{"@type":"WebPage","@id":"https:\/\/rawchemicalmart.com\/ar\/product\/polyvinyl-alcohol-pva-05-99-fully-hydrolyzed\/","url":"https:\/\/rawchemicalmart.com\/ar\/product\/polyvinyl-alcohol-pva-05-99-fully-hydrolyzed\/","name":"Alcohol polivin\u00edlico (PVA) 05-99 \/ 098-05 | Pol\u00edmero totalmente hidrolizado - RawChemicalMart","isPartOf":{"@id":"https:\/\/rawchemicalmart.com\/#website"},"primaryImageOfPage":{"@id":"https:\/\/rawchemicalmart.com\/ar\/product\/polyvinyl-alcohol-pva-05-99-fully-hydrolyzed\/#primaryimage"},"image":{"@id":"https:\/\/rawchemicalmart.com\/ar\/product\/polyvinyl-alcohol-pva-05-99-fully-hydrolyzed\/#primaryimage"},"thumbnailUrl":"https:\/\/rawchemicalmart.com\/wp-content\/uploads\/2026\/01\/Polyvinyl_alcohol_PVA_0599.jpg","datePublished":"2026-01-23T01:19:42+00:00","dateModified":"2026-01-23T06:50:58+00:00","description":"Adquiera alcohol polivin\u00edlico 05-99 (PVA 0599\/098-05) de alta calidad. Un grado totalmente hidrolizado (98-100%) con baja viscosidad y excelente resistencia al agua. Ideal para el encolado de papel, el acabado textil y como abrasivo. Consulte la ficha t\u00e9cnica.","breadcrumb":{"@id":"https:\/\/rawchemicalmart.com\/ar\/product\/polyvinyl-alcohol-pva-05-99-fully-hydrolyzed\/#breadcrumb"},"inLanguage":"es","potentialAction":[{"@type":"ReadAction","target":["https:\/\/rawchemicalmart.com\/ar\/product\/polyvinyl-alcohol-pva-05-99-fully-hydrolyzed\/"]}]},{"@type":"ImageObject","inLanguage":"es","@id":"https:\/\/rawchemicalmart.com\/ar\/product\/polyvinyl-alcohol-pva-05-99-fully-hydrolyzed\/#primaryimage","url":"https:\/\/rawchemicalmart.com\/wp-content\/uploads\/2026\/01\/Polyvinyl_alcohol_PVA_0599.jpg","contentUrl":"https:\/\/rawchemicalmart.com\/wp-content\/uploads\/2026\/01\/Polyvinyl_alcohol_PVA_0599.jpg","width":1000,"height":1000,"caption":"polyvinyl alcohol PVA 0599"},{"@type":"BreadcrumbList","@id":"https:\/\/rawchemicalmart.com\/ar\/product\/polyvinyl-alcohol-pva-05-99-fully-hydrolyzed\/#breadcrumb","itemListElement":[{"@type":"ListItem","position":1,"name":"Home","item":"https:\/\/rawchemicalmart.com\/"},{"@type":"ListItem","position":2,"name":"Products","item":"https:\/\/rawchemicalmart.com\/shop\/"},{"@type":"ListItem","position":3,"name":"Polyvinyl Alcohol (PVA) 05-99 \/ 098-05"}]},{"@type":"WebSite","@id":"https:\/\/rawchemicalmart.com\/#website","url":"https:\/\/rawchemicalmart.com\/","name":"rawchemicalmart.com","description":"Proveedor l\u00edder de productos qu\u00edmicos b\u00e1sicos","potentialAction":[{"@type":"SearchAction","target":{"@type":"EntryPoint","urlTemplate":"https:\/\/rawchemicalmart.com\/?s={search_term_string}"},"query-input":{"@type":"PropertyValueSpecification","valueRequired":true,"valueName":"search_term_string"}}],"inLanguage":"es"}]}},"_links":{"self":[{"href":"https:\/\/rawchemicalmart.com\/es\/wp-json\/wp\/v2\/product\/12128","targetHints":{"allow":["GET"]}}],"collection":[{"href":"https:\/\/rawchemicalmart.com\/es\/wp-json\/wp\/v2\/product"}],"about":[{"href":"https:\/\/rawchemicalmart.com\/es\/wp-json\/wp\/v2\/types\/product"}],"wp:featuredmedia":[{"embeddable":true,"href":"https:\/\/rawchemicalmart.com\/es\/wp-json\/wp\/v2\/media\/12150"}],"wp:attachment":[{"href":"https:\/\/rawchemicalmart.com\/es\/wp-json\/wp\/v2\/media?parent=12128"}],"wp:term":[{"taxonomy":"product_brand","embeddable":true,"href":"https:\/\/rawchemicalmart.com\/es\/wp-json\/wp\/v2\/product_brand?post=12128"},{"taxonomy":"product_cat","embeddable":true,"href":"https:\/\/rawchemicalmart.com\/es\/wp-json\/wp\/v2\/product_cat?post=12128"},{"taxonomy":"product_tag","embeddable":true,"href":"https:\/\/rawchemicalmart.com\/es\/wp-json\/wp\/v2\/product_tag?post=12128"}],"curies":[{"name":"wp","href":"https:\/\/api.w.org\/{rel}","templated":true}]}}