{"id":11757,"date":"2025-06-01T03:00:04","date_gmt":"2025-06-01T03:00:04","guid":{"rendered":"https:\/\/rawchemicalmart.com\/?post_type=product&#038;p=11757"},"modified":"2026-01-23T07:59:24","modified_gmt":"2026-01-23T07:59:24","slug":"serie-de-dioxido-de-titanio-tilamon","status":"publish","type":"product","link":"https:\/\/rawchemicalmart.com\/es\/producto\/serie-de-dioxido-de-titanio-tilamon\/","title":{"rendered":"Serie de di\u00f3xido de titanio Tilamon"},"content":{"rendered":"<h2>Presupuesto:<\/h2>\n<div class=\"table-scroll-wrapper\">\n<table id=\"tablepress-87\" class=\"tablepress tablepress-id-87 tbody-has-connected-cells\">\n<thead>\n<tr class=\"row-1\">\n\t<th colspan=\"2\" class=\"column-1\">Art\u00edculo<\/th><th class=\"column-3\">Unidad<\/th><th class=\"column-4\">R-516<\/th><th class=\"column-5\">R-517<\/th><th class=\"column-6\">R-518<\/th><th class=\"column-7\">R-519<\/th><th class=\"column-8\">ZA-100<\/th>\n<\/tr>\n<\/thead>\n<tbody class=\"row-striping row-hover\">\n<tr class=\"row-2\">\n\t<td colspan=\"2\" class=\"column-1\">Contenido de TiO2<\/td><td class=\"column-3\">%<\/td><td class=\"column-4\">\u226594<\/td><td class=\"column-5\">\u226598<\/td><td class=\"column-6\">\u226594<\/td><td class=\"column-7\">\u226596<\/td><td class=\"column-8\">\u226598<\/td>\n<\/tr>\n<tr class=\"row-3\">\n\t<td colspan=\"2\" class=\"column-1\">Contenido de rutilo<\/td><td class=\"column-3\">%<\/td><td class=\"column-4\">\u2014\u2014<\/td><td class=\"column-5\">\u226597<\/td><td class=\"column-6\">\u2014\u2014<\/td><td class=\"column-7\">\u2014\u2014<\/td><td class=\"column-8\">\u226598<\/td>\n<\/tr>\n<tr class=\"row-4\">\n\t<td colspan=\"2\" class=\"column-1\">Tratamiento inorg\u00e1nico<\/td><td class=\"column-3\"><\/td><td class=\"column-4\">ZrO2 + Al2O3<\/td><td class=\"column-5\">\u2014\u2014<\/td><td class=\"column-6\">ZrO2 + Al2O3<\/td><td class=\"column-7\">ZrO2 + Al2O3<\/td><td class=\"column-8\">0.2-0.9<\/td>\n<\/tr>\n<tr class=\"row-5\">\n\t<td rowspan=\"2\" class=\"column-1\">Color<\/td><td class=\"column-2\">CIE L*<\/td><td rowspan=\"2\" class=\"column-3\">%<\/td><td class=\"column-4\">\u226595<\/td><td class=\"column-5\">\u226594,5<\/td><td class=\"column-6\">\u226595<\/td><td class=\"column-7\">\u226595<\/td><td class=\"column-8\">\u2265100<\/td>\n<\/tr>\n<tr class=\"row-6\">\n\t<td class=\"column-2\">\u25b3b<\/td><td class=\"column-4\">\u22642,9<\/td><td class=\"column-5\">\u22642,9<\/td><td class=\"column-6\">\u22642,9<\/td><td class=\"column-7\">\u22640,3<\/td><td class=\"column-8\">\u2014\u2014<\/td>\n<\/tr>\n<tr class=\"row-7\">\n\t<td colspan=\"2\" class=\"column-1\">Fuerza del tinte<\/td><td class=\"column-3\">Reyolds<\/td><td class=\"column-4\">\u22651900<\/td><td class=\"column-5\">\u22651750<\/td><td class=\"column-6\">\u22651900<\/td><td class=\"column-7\">\u22651950<\/td><td class=\"column-8\">\u2014\u2014<\/td>\n<\/tr>\n<tr class=\"row-8\">\n\t<td colspan=\"2\" class=\"column-1\">Blancura<\/td><td class=\"column-3\"><\/td><td class=\"column-4\">\u2014\u2014<\/td><td class=\"column-5\">Similar<\/td><td class=\"column-6\">\u2014\u2014<\/td><td class=\"column-7\">\u2014\u2014<\/td><td class=\"column-8\">\u2014\u2014<\/td>\n<\/tr>\n<tr class=\"row-9\">\n\t<td colspan=\"2\" class=\"column-1\">Absorci\u00f3n de aceite<\/td><td class=\"column-3\">g\/100 g<\/td><td class=\"column-4\">\u226416<\/td><td class=\"column-5\">\u226420<\/td><td class=\"column-6\">\u226419<\/td><td class=\"column-7\">\u226416<\/td><td class=\"column-8\">\u226423<\/td>\n<\/tr>\n<tr class=\"row-10\">\n\t<td colspan=\"2\" class=\"column-1\">Tama\u00f1o promedio de part\u00edculas<\/td><td class=\"column-3\">micras<\/td><td class=\"column-4\">0.42<\/td><td class=\"column-5\">\u2014\u2014<\/td><td class=\"column-6\">0.42<\/td><td class=\"column-7\">0.42<\/td><td class=\"column-8\">\u2014\u2014<\/td>\n<\/tr>\n<tr class=\"row-11\">\n\t<td colspan=\"2\" class=\"column-1\">Humedad (105\u2103)<\/td><td class=\"column-3\">%<\/td><td class=\"column-4\">\u22640,5<\/td><td class=\"column-5\">\u22640,5<\/td><td class=\"column-6\">\u22640,5<\/td><td class=\"column-7\">\u22640,3<\/td><td class=\"column-8\">\u22640,5<\/td>\n<\/tr>\n<tr class=\"row-12\">\n\t<td colspan=\"2\" class=\"column-1\">Soluble en agua<\/td><td class=\"column-3\">%<\/td><td class=\"column-4\">\u2014\u2014<\/td><td class=\"column-5\">\u22640,6<\/td><td class=\"column-6\">\u2014\u2014<\/td><td class=\"column-7\">\u2014\u2014<\/td><td class=\"column-8\">\u2014\u2014<\/td>\n<\/tr>\n<tr class=\"row-13\">\n\t<td colspan=\"2\" class=\"column-1\">Filipinas<\/td><td class=\"column-3\"><\/td><td class=\"column-4\">\u2014\u2014<\/td><td class=\"column-5\">6.0-8.0<\/td><td class=\"column-6\">\u2014\u2014<\/td><td class=\"column-7\">\u2014\u2014<\/td><td class=\"column-8\">6.5-8.0<\/td>\n<\/tr>\n<tr class=\"row-14\">\n\t<td colspan=\"2\" class=\"column-1\">Durabilidad<\/td><td class=\"column-3\"><\/td><td class=\"column-4\">Bien<\/td><td class=\"column-5\"><\/td><td class=\"column-6\">Bien<\/td><td class=\"column-7\">Bien<\/td><td class=\"column-8\">\u2014\u2014<\/td>\n<\/tr>\n<tr class=\"row-15\">\n\t<td colspan=\"2\" class=\"column-1\">Residuo (45 \u03bcm)<\/td><td class=\"column-3\">%<\/td><td class=\"column-4\">\u2014\u2014<\/td><td class=\"column-5\">\u22640,10<\/td><td class=\"column-6\">\u2014\u2014<\/td><td class=\"column-7\">\u2014\u2014<\/td><td class=\"column-8\">\u22640,03<\/td>\n<\/tr>\n<tr class=\"row-16\">\n\t<td colspan=\"2\" class=\"column-1\">Proceso de producci\u00f3n<\/td><td class=\"column-3\"><\/td><td class=\"column-4\">Proceso de sulfato<\/td><td class=\"column-5\">Proceso de sulfato<\/td><td class=\"column-6\">Proceso de sulfato<\/td><td class=\"column-7\">Proceso de sulfato<\/td><td class=\"column-8\"><\/td>\n<\/tr>\n<tr class=\"row-17\">\n\t<td colspan=\"3\" class=\"column-1\">Caracter\u00edsticas principales<\/td><td class=\"column-4\">Con alto poder cubriente, buena dispersabilidad y baja absorci\u00f3n de aceite, se utiliza principalmente en diversas aplicaciones de tinta.<\/td><td class=\"column-5\">Matiz azul, excelente resistencia a la intemperie, extraordinaria dispersabilidad y baja absorci\u00f3n de aceite.<br \/>\n<\/td><td class=\"column-6\">Presenta propiedades hidrof\u00edlicas y lipof\u00edlicas, multifuncionalidad, alta resistencia a la intemperie y caracter\u00edsticas y rendimiento de grado universal.<br \/>\n<\/td><td class=\"column-7\">Alta opacidad, alta blancura, excelente dispersabilidad, bajo contenido de humedad y propiedades que brindan rendimiento anti-agrietamiento y fluidez en fusi\u00f3n.<br \/>\n<\/td><td class=\"column-8\">Alto brillo, excelente dispersabilidad, baja absorci\u00f3n de aceite y alta resistencia a la intemperie: estas son sus propiedades clave y ventajas de rendimiento.<br \/>\n<\/td>\n<\/tr>\n<tr class=\"row-18\">\n\t<td colspan=\"3\" class=\"column-1\">Aplicaciones<\/td><td class=\"column-4\">Tinta, pl\u00e1sticos, recubrimientos, fabricaci\u00f3n de papel y otros campos.<br \/>\n<\/td><td class=\"column-5\">Recubrimientos interiores y exteriores, recubrimientos en polvo, masterbatches, pl\u00e1sticos y otras industrias.<br \/>\n<\/td><td class=\"column-6\">Adecuado para aplicaciones en recubrimientos, tintas, pl\u00e1sticos, fabricaci\u00f3n de papel y otros campos.<br \/>\n<\/td><td class=\"column-7\">Adecuado para aplicaciones en poliolefinas, PVC, ABS, PS, masterbatches, perfiles, l\u00e1minas, tuber\u00edas, masterbatches de poliolefina, pl\u00e1sticos industriales y otros campos.<br \/>\n<\/td><td class=\"column-8\">Adecuado para aplicaciones en revestimientos de paredes interiores, pinturas decorativas de interiores, imprimaciones, caucho, fabricaci\u00f3n de papel, cuero y otros campos.<br \/>\n<\/td>\n<\/tr>\n<\/tbody>\n<\/table>\n<!-- #tablepress-87 from cache --><\/div>\n<h2>Almacenamiento:<\/h2>\n<p class=\"ds-markdown-paragraph\">Para mantener la calidad y el rendimiento del producto, observe los siguientes requisitos de almacenamiento:<\/p>\n<ul>\n<li>\n<p class=\"ds-markdown-paragraph\"><strong>Solo almacenamiento en interiores<\/strong>\u00a0Conservar en un lugar seco y bien ventilado. No exponer a la intemperie.<\/p>\n<\/li>\n<li>\n<p class=\"ds-markdown-paragraph\"><strong>Evite la humedad y los extremos<\/strong>\u00a0\u2013 Proteger de la humedad, fluctuaciones de temperatura y luz solar directa.<\/p>\n<\/li>\n<li>\n<p class=\"ds-markdown-paragraph\"><strong>FIFO (primero en entrar, primero en salir)<\/strong>\u00a0\u2013 Rotar el stock para garantizar que el inventario m\u00e1s antiguo se utilice primero.<\/p>\n<\/li>\n<\/ul>\n<p class=\"ds-markdown-paragraph\">Un almacenamiento adecuado ayuda a preservar la integridad del producto y garantiza un rendimiento \u00f3ptimo.<\/p>\n<h2>Seguridad:<\/h2>\n<p>Se deben adoptar buenos h\u00e1bitos de higiene industrial para evitar la producci\u00f3n de polvo. Consulte la ficha de datos de seguridad.<\/p>\n<h2>Embalaje:<\/h2>\n<p>Los pigmentos de di\u00f3xido de titanio est\u00e1n disponibles en bolsas de 25 Kg.<\/p>\n<p>&nbsp;<\/p>\n<p>&nbsp;<\/p>","protected":false},"excerpt":{"rendered":"<p class=\"tmnf_excerpt\">La serie de di\u00f3xido de titanio Tilamon incluye una gama de pigmentos de TiO\u2082 de anatasa y rutilo de alto rendimiento, producidos mediante el proceso de sulfato. Dise\u00f1ados con tecnolog\u00edas precisas de control del tama\u00f1o de part\u00edcula y tratamiento de superficies, estos pigmentos ofrecen una excelente blancura, alta intensidad de color, baja absorci\u00f3n de aceite y una dispersibilidad excepcional. Adecuados para una amplia gama de aplicaciones, como recubrimientos, pl\u00e1sticos, caucho, papel, tinta, cuero y fibras, cada grado se adapta a las necesidades espec\u00edficas de la industria. Ya sea para uso general o para formulaciones especializadas, los pigmentos de TiO\u2082 Tilamon garantizan una calidad constante y un rendimiento fiable.\n<\/p>","protected":false},"featured_media":11109,"template":"","meta":{"_acf_changed":false},"product_brand":[],"product_cat":[61],"product_tag":[54],"class_list":{"0":"post-11757","1":"product","2":"type-product","3":"status-publish","4":"has-post-thumbnail","6":"product_cat-titanium-dioxide","7":"product_tag-hot-sell","9":"first","10":"instock","11":"shipping-taxable","12":"product-type-simple"},"acf":[],"yoast_head":"<!-- This site is optimized with the Yoast SEO plugin v27.4 - https:\/\/yoast.com\/product\/yoast-seo-wordpress\/ -->\n<title>Tilamon Titanium Dioxide Series - rawchemicalmart.com<\/title>\n<meta name=\"robots\" content=\"index, follow, max-snippet:-1, max-image-preview:large, max-video-preview:-1\" \/>\n<link rel=\"canonical\" href=\"https:\/\/rawchemicalmart.com\/es\/producto\/serie-de-dioxido-de-titanio-tilamon\/\" \/>\n<meta property=\"og:locale\" content=\"es_ES\" \/>\n<meta property=\"og:type\" content=\"article\" \/>\n<meta property=\"og:title\" content=\"Tilamon Titanium Dioxide Series - rawchemicalmart.com\" \/>\n<meta property=\"og:description\" content=\"The Tilamon Titanium Dioxide Series includes a range of high-performance anatase and rutile TiO\u2082 pigments produced by the sulfate process. Engineered with precise particle size control and surface treatment technologies, these pigments deliver excellent whiteness, high tinting strength, low oil absorption, and outstanding dispersibility. Suitable for a broad spectrum of applications, including coatings, plastics, rubber, paper, ink, leather, and fibers, each grade is tailored to meet specific industry demands. Whether for general-purpose use or specialized formulations, Tilamon TiO\u2082 pigments ensure consistent quality and reliable performance.\" \/>\n<meta property=\"og:url\" content=\"https:\/\/rawchemicalmart.com\/es\/producto\/serie-de-dioxido-de-titanio-tilamon\/\" \/>\n<meta property=\"og:site_name\" content=\"rawchemicalmart.com\" \/>\n<meta property=\"article:modified_time\" content=\"2026-01-23T07:59:24+00:00\" \/>\n<meta property=\"og:image\" content=\"https:\/\/rawchemicalmart.com\/wp-content\/uploads\/2025\/05\/tilamon-titanium-dioxide_1.png\" \/>\n\t<meta property=\"og:image:width\" content=\"800\" \/>\n\t<meta property=\"og:image:height\" content=\"800\" \/>\n\t<meta property=\"og:image:type\" content=\"image\/png\" \/>\n<meta name=\"twitter:card\" content=\"summary_large_image\" \/>\n<script type=\"application\/ld+json\" class=\"yoast-schema-graph\">{\"@context\":\"https:\\\/\\\/schema.org\",\"@graph\":[{\"@type\":\"WebPage\",\"@id\":\"https:\\\/\\\/rawchemicalmart.com\\\/product\\\/tilamon-titanium-dioxide-series\\\/\",\"url\":\"https:\\\/\\\/rawchemicalmart.com\\\/product\\\/tilamon-titanium-dioxide-series\\\/\",\"name\":\"Tilamon Titanium Dioxide Series - rawchemicalmart.com\",\"isPartOf\":{\"@id\":\"https:\\\/\\\/rawchemicalmart.com\\\/#website\"},\"primaryImageOfPage\":{\"@id\":\"https:\\\/\\\/rawchemicalmart.com\\\/product\\\/tilamon-titanium-dioxide-series\\\/#primaryimage\"},\"image\":{\"@id\":\"https:\\\/\\\/rawchemicalmart.com\\\/product\\\/tilamon-titanium-dioxide-series\\\/#primaryimage\"},\"thumbnailUrl\":\"https:\\\/\\\/rawchemicalmart.com\\\/wp-content\\\/uploads\\\/2025\\\/05\\\/tilamon-titanium-dioxide_1.png\",\"datePublished\":\"2025-06-01T03:00:04+00:00\",\"dateModified\":\"2026-01-23T07:59:24+00:00\",\"breadcrumb\":{\"@id\":\"https:\\\/\\\/rawchemicalmart.com\\\/product\\\/tilamon-titanium-dioxide-series\\\/#breadcrumb\"},\"inLanguage\":\"es\",\"potentialAction\":[{\"@type\":\"ReadAction\",\"target\":[\"https:\\\/\\\/rawchemicalmart.com\\\/product\\\/tilamon-titanium-dioxide-series\\\/\"]}]},{\"@type\":\"ImageObject\",\"inLanguage\":\"es\",\"@id\":\"https:\\\/\\\/rawchemicalmart.com\\\/product\\\/tilamon-titanium-dioxide-series\\\/#primaryimage\",\"url\":\"https:\\\/\\\/rawchemicalmart.com\\\/wp-content\\\/uploads\\\/2025\\\/05\\\/tilamon-titanium-dioxide_1.png\",\"contentUrl\":\"https:\\\/\\\/rawchemicalmart.com\\\/wp-content\\\/uploads\\\/2025\\\/05\\\/tilamon-titanium-dioxide_1.png\",\"width\":800,\"height\":800},{\"@type\":\"BreadcrumbList\",\"@id\":\"https:\\\/\\\/rawchemicalmart.com\\\/product\\\/tilamon-titanium-dioxide-series\\\/#breadcrumb\",\"itemListElement\":[{\"@type\":\"ListItem\",\"position\":1,\"name\":\"Home\",\"item\":\"https:\\\/\\\/rawchemicalmart.com\\\/\"},{\"@type\":\"ListItem\",\"position\":2,\"name\":\"Products\",\"item\":\"https:\\\/\\\/rawchemicalmart.com\\\/shop\\\/\"},{\"@type\":\"ListItem\",\"position\":3,\"name\":\"Tilamon Titanium Dioxide Series\"}]},{\"@type\":\"WebSite\",\"@id\":\"https:\\\/\\\/rawchemicalmart.com\\\/#website\",\"url\":\"https:\\\/\\\/rawchemicalmart.com\\\/\",\"name\":\"rawchemicalmart.com\",\"description\":\"Leading Raw Chemicals Supplier\",\"potentialAction\":[{\"@type\":\"SearchAction\",\"target\":{\"@type\":\"EntryPoint\",\"urlTemplate\":\"https:\\\/\\\/rawchemicalmart.com\\\/?s={search_term_string}\"},\"query-input\":{\"@type\":\"PropertyValueSpecification\",\"valueRequired\":true,\"valueName\":\"search_term_string\"}}],\"inLanguage\":\"es\"}]}<\/script>\n<!-- \/ Yoast SEO plugin. -->","yoast_head_json":{"title":"Serie de di\u00f3xido de titanio Tilamon - rawchemicalmart.com","robots":{"index":"index","follow":"follow","max-snippet":"max-snippet:-1","max-image-preview":"max-image-preview:large","max-video-preview":"max-video-preview:-1"},"canonical":"https:\/\/rawchemicalmart.com\/es\/producto\/serie-de-dioxido-de-titanio-tilamon\/","og_locale":"es_ES","og_type":"article","og_title":"Tilamon Titanium Dioxide Series - rawchemicalmart.com","og_description":"The Tilamon Titanium Dioxide Series includes a range of high-performance anatase and rutile TiO\u2082 pigments produced by the sulfate process. Engineered with precise particle size control and surface treatment technologies, these pigments deliver excellent whiteness, high tinting strength, low oil absorption, and outstanding dispersibility. Suitable for a broad spectrum of applications, including coatings, plastics, rubber, paper, ink, leather, and fibers, each grade is tailored to meet specific industry demands. Whether for general-purpose use or specialized formulations, Tilamon TiO\u2082 pigments ensure consistent quality and reliable performance.","og_url":"https:\/\/rawchemicalmart.com\/es\/producto\/serie-de-dioxido-de-titanio-tilamon\/","og_site_name":"rawchemicalmart.com","article_modified_time":"2026-01-23T07:59:24+00:00","og_image":[{"width":800,"height":800,"url":"https:\/\/rawchemicalmart.com\/wp-content\/uploads\/2025\/05\/tilamon-titanium-dioxide_1.png","type":"image\/png"}],"twitter_card":"summary_large_image","schema":{"@context":"https:\/\/schema.org","@graph":[{"@type":"WebPage","@id":"https:\/\/rawchemicalmart.com\/product\/tilamon-titanium-dioxide-series\/","url":"https:\/\/rawchemicalmart.com\/product\/tilamon-titanium-dioxide-series\/","name":"Serie de di\u00f3xido de titanio Tilamon - rawchemicalmart.com","isPartOf":{"@id":"https:\/\/rawchemicalmart.com\/#website"},"primaryImageOfPage":{"@id":"https:\/\/rawchemicalmart.com\/product\/tilamon-titanium-dioxide-series\/#primaryimage"},"image":{"@id":"https:\/\/rawchemicalmart.com\/product\/tilamon-titanium-dioxide-series\/#primaryimage"},"thumbnailUrl":"https:\/\/rawchemicalmart.com\/wp-content\/uploads\/2025\/05\/tilamon-titanium-dioxide_1.png","datePublished":"2025-06-01T03:00:04+00:00","dateModified":"2026-01-23T07:59:24+00:00","breadcrumb":{"@id":"https:\/\/rawchemicalmart.com\/product\/tilamon-titanium-dioxide-series\/#breadcrumb"},"inLanguage":"es","potentialAction":[{"@type":"ReadAction","target":["https:\/\/rawchemicalmart.com\/product\/tilamon-titanium-dioxide-series\/"]}]},{"@type":"ImageObject","inLanguage":"es","@id":"https:\/\/rawchemicalmart.com\/product\/tilamon-titanium-dioxide-series\/#primaryimage","url":"https:\/\/rawchemicalmart.com\/wp-content\/uploads\/2025\/05\/tilamon-titanium-dioxide_1.png","contentUrl":"https:\/\/rawchemicalmart.com\/wp-content\/uploads\/2025\/05\/tilamon-titanium-dioxide_1.png","width":800,"height":800},{"@type":"BreadcrumbList","@id":"https:\/\/rawchemicalmart.com\/product\/tilamon-titanium-dioxide-series\/#breadcrumb","itemListElement":[{"@type":"ListItem","position":1,"name":"Home","item":"https:\/\/rawchemicalmart.com\/"},{"@type":"ListItem","position":2,"name":"Products","item":"https:\/\/rawchemicalmart.com\/shop\/"},{"@type":"ListItem","position":3,"name":"Tilamon Titanium Dioxide Series"}]},{"@type":"WebSite","@id":"https:\/\/rawchemicalmart.com\/#website","url":"https:\/\/rawchemicalmart.com\/","name":"rawchemicalmart.com","description":"Proveedor l\u00edder de productos qu\u00edmicos b\u00e1sicos","potentialAction":[{"@type":"SearchAction","target":{"@type":"EntryPoint","urlTemplate":"https:\/\/rawchemicalmart.com\/?s={search_term_string}"},"query-input":{"@type":"PropertyValueSpecification","valueRequired":true,"valueName":"search_term_string"}}],"inLanguage":"es"}]}},"_links":{"self":[{"href":"https:\/\/rawchemicalmart.com\/es\/wp-json\/wp\/v2\/product\/11757","targetHints":{"allow":["GET"]}}],"collection":[{"href":"https:\/\/rawchemicalmart.com\/es\/wp-json\/wp\/v2\/product"}],"about":[{"href":"https:\/\/rawchemicalmart.com\/es\/wp-json\/wp\/v2\/types\/product"}],"wp:featuredmedia":[{"embeddable":true,"href":"https:\/\/rawchemicalmart.com\/es\/wp-json\/wp\/v2\/media\/11109"}],"wp:attachment":[{"href":"https:\/\/rawchemicalmart.com\/es\/wp-json\/wp\/v2\/media?parent=11757"}],"wp:term":[{"taxonomy":"product_brand","embeddable":true,"href":"https:\/\/rawchemicalmart.com\/es\/wp-json\/wp\/v2\/product_brand?post=11757"},{"taxonomy":"product_cat","embeddable":true,"href":"https:\/\/rawchemicalmart.com\/es\/wp-json\/wp\/v2\/product_cat?post=11757"},{"taxonomy":"product_tag","embeddable":true,"href":"https:\/\/rawchemicalmart.com\/es\/wp-json\/wp\/v2\/product_tag?post=11757"}],"curies":[{"name":"wp","href":"https:\/\/api.w.org\/{rel}","templated":true}]}}