{"id":11708,"date":"2025-05-25T12:50:05","date_gmt":"2025-05-25T12:50:05","guid":{"rendered":"https:\/\/rawchemicalmart.com\/?post_type=product&#038;p=11708"},"modified":"2026-01-23T07:05:46","modified_gmt":"2026-01-23T07:05:46","slug":"alcohol-polivinilico-de-marcas-de-primera-categoria","status":"publish","type":"product","link":"https:\/\/rawchemicalmart.com\/es\/producto\/alcohol-polivinilico-de-marcas-de-primera-categoria\/","title":{"rendered":"Marcas de primer nivel Alcohol polivin\u00edlico"},"content":{"rendered":"<h2>Presupuesto:<\/h2>\n<div class=\"table-scroll-wrapper\">\n<table id=\"tablepress-60\" class=\"tablepress tablepress-id-60\">\n<thead>\n<tr class=\"row-1\">\n\t<th class=\"column-1\">Art\u00edculo<\/th><th class=\"column-2\">Viscosidad <br \/>\n(mPa.s)<\/th><th class=\"column-3\">Grado medio de polimerizaci\u00f3n<\/th><th class=\"column-4\">Grado de alcoholisis (Mol\/mol)<\/th><th class=\"column-5\">Peso molecular<\/th><th class=\"column-6\">Vol\u00e1til<br \/>\n (%)<\/th><th class=\"column-7\">Humedad <br \/>\n(%)<\/th><th class=\"column-8\">Ceniza<br \/>\n (%)<\/th><th class=\"column-9\">pH<\/th>\n<\/tr>\n<\/thead>\n<tbody class=\"row-striping row-hover\">\n<tr class=\"row-2\">\n\t<td class=\"column-1\">04-88 (L)<\/td><td class=\"column-2\">3.0-4.5<\/td><td class=\"column-3\">\/<\/td><td class=\"column-4\">86.0-90.0<\/td><td class=\"column-5\">\/<\/td><td class=\"column-6\">7.0<\/td><td class=\"column-7\">2.8<\/td><td class=\"column-8\">1.0<\/td><td class=\"column-9\">5-7<\/td>\n<\/tr>\n<tr class=\"row-3\">\n\t<td class=\"column-1\">04-99 (L)<\/td><td class=\"column-2\">3.0-4.5<\/td><td class=\"column-3\">300-450<\/td><td class=\"column-4\">98.0-100.0<\/td><td class=\"column-5\">13200-19800<\/td><td class=\"column-6\">7.0<\/td><td class=\"column-7\">2.8<\/td><td class=\"column-8\">1.0<\/td><td class=\"column-9\">5-7<\/td>\n<\/tr>\n<tr class=\"row-4\">\n\t<td class=\"column-1\">05-88(L)<\/td><td class=\"column-2\">4.0-6.0<\/td><td class=\"column-3\">\/<\/td><td class=\"column-4\">86.0-90.0<\/td><td class=\"column-5\">17600-26400<\/td><td class=\"column-6\">7.0<\/td><td class=\"column-7\">2.8<\/td><td class=\"column-8\">1.0<\/td><td class=\"column-9\">5-7<\/td>\n<\/tr>\n<tr class=\"row-5\">\n\t<td class=\"column-1\">05-99 (L)<\/td><td class=\"column-2\">4.0-6.0<\/td><td class=\"column-3\">450-600<\/td><td class=\"column-4\">98.0-100.0<\/td><td class=\"column-5\">19800-26400<\/td><td class=\"column-6\">7.0<\/td><td class=\"column-7\">2.8<\/td><td class=\"column-8\">1.0<\/td><td class=\"column-9\">5-7<\/td>\n<\/tr>\n<tr class=\"row-6\">\n\t<td class=\"column-1\">10-92 (L)<\/td><td class=\"column-2\">8.0-10.0<\/td><td class=\"column-3\">\/<\/td><td class=\"column-4\">90.0-94.0<\/td><td class=\"column-5\">\/<\/td><td class=\"column-6\">7.0<\/td><td class=\"column-7\">2.8<\/td><td class=\"column-8\">1.0<\/td><td class=\"column-9\">5-7<\/td>\n<\/tr>\n<tr class=\"row-7\">\n\t<td class=\"column-1\">10-99 (L)<\/td><td class=\"column-2\">9.0-14.0<\/td><td class=\"column-3\">900-1100<\/td><td class=\"column-4\">98.0-100.0<\/td><td class=\"column-5\">39600-48400<\/td><td class=\"column-6\">7.0<\/td><td class=\"column-7\">2.8<\/td><td class=\"column-8\">1.0<\/td><td class=\"column-9\">5-7<\/td>\n<\/tr>\n<tr class=\"row-8\">\n\t<td class=\"column-1\">14-92 (L)<\/td><td class=\"column-2\">13.0-18.0<\/td><td class=\"column-3\">\/<\/td><td class=\"column-4\">90.0-94.0<\/td><td class=\"column-5\">\/<\/td><td class=\"column-6\">7.0<\/td><td class=\"column-7\">2.8<\/td><td class=\"column-8\">1.0<\/td><td class=\"column-9\">5-7<\/td>\n<\/tr>\n<tr class=\"row-9\">\n\t<td class=\"column-1\">15-99 (L)<\/td><td class=\"column-2\">20.0-26.0<\/td><td class=\"column-3\">1450-1650<\/td><td class=\"column-4\">98.0-100.0<\/td><td class=\"column-5\">63800-72600<\/td><td class=\"column-6\">7.0<\/td><td class=\"column-7\">2.8<\/td><td class=\"column-8\">1.0<\/td><td class=\"column-9\">5-7<\/td>\n<\/tr>\n<tr class=\"row-10\">\n\t<td class=\"column-1\">17-80 (L)<\/td><td class=\"column-2\">18.0-24.0<\/td><td class=\"column-3\">\/<\/td><td class=\"column-4\">78.0-82.0<\/td><td class=\"column-5\">\/<\/td><td class=\"column-6\">7.0<\/td><td class=\"column-7\">2.8<\/td><td class=\"column-8\">1.0<\/td><td class=\"column-9\">5-7<\/td>\n<\/tr>\n<tr class=\"row-11\">\n\t<td class=\"column-1\">17-88 (L)<\/td><td class=\"column-2\">20.0-28.0<\/td><td class=\"column-3\">\/<\/td><td class=\"column-4\">86.0-90.0<\/td><td class=\"column-5\">72600-81400<\/td><td class=\"column-6\">7.0<\/td><td class=\"column-7\">2.8<\/td><td class=\"column-8\">1.0<\/td><td class=\"column-9\">5-7<\/td>\n<\/tr>\n<tr class=\"row-12\">\n\t<td class=\"column-1\">17-92 (L)<\/td><td class=\"column-2\">20.0-30.0<\/td><td class=\"column-3\">\/<\/td><td class=\"column-4\">90.0-94.0<\/td><td class=\"column-5\">72600-81400<\/td><td class=\"column-6\">7.0<\/td><td class=\"column-7\">2.8<\/td><td class=\"column-8\">1.0<\/td><td class=\"column-9\">5-7<\/td>\n<\/tr>\n<tr class=\"row-13\">\n\t<td class=\"column-1\">17-95 (L)<\/td><td class=\"column-2\">20.0-30.0<\/td><td class=\"column-3\">\/<\/td><td class=\"column-4\">94.0-96.0<\/td><td class=\"column-5\">72600-81400<\/td><td class=\"column-6\">7.0<\/td><td class=\"column-7\">2.8<\/td><td class=\"column-8\">1.0<\/td><td class=\"column-9\">5-7<\/td>\n<\/tr>\n<tr class=\"row-14\">\n\t<td class=\"column-1\">17-96 (L)<\/td><td class=\"column-2\">20.0-30.0<\/td><td class=\"column-3\">\/<\/td><td class=\"column-4\">94.0-98.0<\/td><td class=\"column-5\">\/<\/td><td class=\"column-6\">7.0<\/td><td class=\"column-7\">2.8<\/td><td class=\"column-8\">1.0<\/td><td class=\"column-9\">5-7<\/td>\n<\/tr>\n<tr class=\"row-15\">\n\t<td class=\"column-1\">17-97(L)<\/td><td class=\"column-2\">21.0-31.0<\/td><td class=\"column-3\">1650-1850<\/td><td class=\"column-4\">96.0-98.0<\/td><td class=\"column-5\">72600-81400<\/td><td class=\"column-6\">8.0<\/td><td class=\"column-7\">3.8<\/td><td class=\"column-8\">2.0<\/td><td class=\"column-9\">5-8<\/td>\n<\/tr>\n<tr class=\"row-16\">\n\t<td class=\"column-1\">17-98 (L)<\/td><td class=\"column-2\">20.0-30.0<\/td><td class=\"column-3\">1600-1800<\/td><td class=\"column-4\">97.0-99.0<\/td><td class=\"column-5\">70400-79200<\/td><td class=\"column-6\">7.0<\/td><td class=\"column-7\">2.8<\/td><td class=\"column-8\">1.0<\/td><td class=\"column-9\">5-7<\/td>\n<\/tr>\n<tr class=\"row-17\">\n\t<td class=\"column-1\">17-99 (L)<\/td><td class=\"column-2\">20.0-26.0<\/td><td class=\"column-3\">1680-1850<\/td><td class=\"column-4\">98.0-100.0<\/td><td class=\"column-5\">73900-82700<\/td><td class=\"column-6\">7.0<\/td><td class=\"column-7\">2.8<\/td><td class=\"column-8\">1.5<\/td><td class=\"column-9\">5-7<\/td>\n<\/tr>\n<tr class=\"row-18\">\n\t<td class=\"column-1\">17-99 (H)<\/td><td class=\"column-2\">20.0-26.0<\/td><td class=\"column-3\">1650-1850<\/td><td class=\"column-4\">98.5-100.0<\/td><td class=\"column-5\">72600-81400<\/td><td class=\"column-6\">9.0<\/td><td class=\"column-7\">7.0<\/td><td class=\"column-8\">3.0<\/td><td class=\"column-9\">5-7<\/td>\n<\/tr>\n<tr class=\"row-19\">\n\t<td class=\"column-1\">19-99 (L)<\/td><td class=\"column-2\">26.0-32.0<\/td><td class=\"column-3\">1800-2000<\/td><td class=\"column-4\">98.0-100.0<\/td><td class=\"column-5\">79200-88000<\/td><td class=\"column-6\">7.0<\/td><td class=\"column-7\">2.8<\/td><td class=\"column-8\">1.0<\/td><td class=\"column-9\">5-7<\/td>\n<\/tr>\n<tr class=\"row-20\">\n\t<td class=\"column-1\">20-88 (L)<\/td><td class=\"column-2\">28.0-40.0<\/td><td class=\"column-3\">\/<\/td><td class=\"column-4\">86.0-90.0<\/td><td class=\"column-5\">81400-94600<\/td><td class=\"column-6\">7.0<\/td><td class=\"column-7\">2.8<\/td><td class=\"column-8\">3.0<\/td><td class=\"column-9\">5-7<\/td>\n<\/tr>\n<tr class=\"row-21\">\n\t<td class=\"column-1\">20-99 (L)<\/td><td class=\"column-2\">32.0-40.0<\/td><td class=\"column-3\">2000-2200<\/td><td class=\"column-4\">98.0-100.0<\/td><td class=\"column-5\">88000-96800<\/td><td class=\"column-6\">7.0<\/td><td class=\"column-7\">2.8<\/td><td class=\"column-8\">1.5<\/td><td class=\"column-9\">5-7<\/td>\n<\/tr>\n<tr class=\"row-22\">\n\t<td class=\"column-1\">20-99 (H)<\/td><td class=\"column-2\">34.0-42.0<\/td><td class=\"column-3\">2000-2300<\/td><td class=\"column-4\">98.5-100.0<\/td><td class=\"column-5\">88000-101200<\/td><td class=\"column-6\">9.0<\/td><td class=\"column-7\">7.0<\/td><td class=\"column-8\">1.0<\/td><td class=\"column-9\">5-7<\/td>\n<\/tr>\n<tr class=\"row-23\">\n\t<td class=\"column-1\">22-99 (L)<\/td><td class=\"column-2\">40.0-48.0<\/td><td class=\"column-3\">2200-2400<\/td><td class=\"column-4\">98.0-100.0<\/td><td class=\"column-5\">96800-105600<\/td><td class=\"column-6\">7.0<\/td><td class=\"column-7\">2.8<\/td><td class=\"column-8\">1.5<\/td><td class=\"column-9\">5-7<\/td>\n<\/tr>\n<tr class=\"row-24\">\n\t<td class=\"column-1\">23-99 (H)<\/td><td class=\"column-2\">42.0-55.0<\/td><td class=\"column-3\">2300-2600<\/td><td class=\"column-4\">98.5-100.0<\/td><td class=\"column-5\">101200-114400<\/td><td class=\"column-6\">9.0<\/td><td class=\"column-7\">7.0<\/td><td class=\"column-8\">3.0<\/td><td class=\"column-9\">5-7<\/td>\n<\/tr>\n<tr class=\"row-25\">\n\t<td class=\"column-1\">24-88 (L)<\/td><td class=\"column-2\">40.0-55.0<\/td><td class=\"column-3\">\/<\/td><td class=\"column-4\">86.0-90.0<\/td><td class=\"column-5\">101200-110000<\/td><td class=\"column-6\">7.0<\/td><td class=\"column-7\">2.8<\/td><td class=\"column-8\">1.5<\/td><td class=\"column-9\">5-7<\/td>\n<\/tr>\n<tr class=\"row-26\">\n\t<td class=\"column-1\">24-99 (L)<\/td><td class=\"column-2\">48.0-60.0<\/td><td class=\"column-3\">2400-2600<\/td><td class=\"column-4\">98.0-100.0<\/td><td class=\"column-5\">105600-114400<\/td><td class=\"column-6\">7.0<\/td><td class=\"column-7\">2.8<\/td><td class=\"column-8\">1.5<\/td><td class=\"column-9\">5-7<\/td>\n<\/tr>\n<tr class=\"row-27\">\n\t<td class=\"column-1\">26-99 (L)<\/td><td class=\"column-2\">60.0-75.0<\/td><td class=\"column-3\">2600-2800<\/td><td class=\"column-4\">98.0-100.0<\/td><td class=\"column-5\">114400-123200<\/td><td class=\"column-6\">7.0<\/td><td class=\"column-7\">2.8<\/td><td class=\"column-8\">3.0<\/td><td class=\"column-9\">5-7<\/td>\n<\/tr>\n<tr class=\"row-28\">\n\t<td class=\"column-1\">28-99 (L)<\/td><td class=\"column-2\">75.0-90.0<\/td><td class=\"column-3\">2800-3000<\/td><td class=\"column-4\">98.0-100.0<\/td><td class=\"column-5\">123200-132000<\/td><td class=\"column-6\">7.0<\/td><td class=\"column-7\">2.8<\/td><td class=\"column-8\">1.5<\/td><td class=\"column-9\">5-7<\/td>\n<\/tr>\n<\/tbody>\n<\/table>\n<!-- #tablepress-60 from cache --><\/div>","protected":false},"excerpt":{"rendered":"<p class=\"tmnf_excerpt\">Tilamon Industry es un proveedor confiable de alcohol polivin\u00edlico (PVA) de alta calidad de los principales fabricantes chinos: Wanwei, Shuangxin, Changchun y Sinopec. Estas marcas l\u00edderes son reconocidas por su completa gama de productos de PVA, su calidad confiable y sus precios competitivos. Ya sea para adhesivos, textiles, pel\u00edculas u otras aplicaciones industriales, ofrecemos las mejores soluciones de PVA a los precios m\u00e1s favorables.\n<\/p>","protected":false},"featured_media":11974,"template":"","meta":{"_acf_changed":false},"product_brand":[],"product_cat":[58],"product_tag":[54],"class_list":{"0":"post-11708","1":"product","2":"type-product","3":"status-publish","4":"has-post-thumbnail","6":"product_cat-polyvinyl-alcohol-pva","7":"product_tag-hot-sell","9":"first","10":"instock","11":"shipping-taxable","12":"product-type-simple"},"acf":[],"yoast_head":"<!-- This site is optimized with the Yoast SEO plugin v27.4 - https:\/\/yoast.com\/product\/yoast-seo-wordpress\/ -->\n<title>First-Tier Brands Polyvinyl alcohol - rawchemicalmart.com<\/title>\n<meta name=\"robots\" content=\"index, follow, max-snippet:-1, max-image-preview:large, max-video-preview:-1\" \/>\n<link rel=\"canonical\" href=\"https:\/\/rawchemicalmart.com\/es\/producto\/alcohol-polivinilico-de-marcas-de-primera-categoria\/\" \/>\n<meta property=\"og:locale\" content=\"es_ES\" \/>\n<meta property=\"og:type\" content=\"article\" \/>\n<meta property=\"og:title\" content=\"First-Tier Brands Polyvinyl alcohol - rawchemicalmart.com\" \/>\n<meta property=\"og:description\" content=\"Tilamon Industry is a trusted supplier of high-quality\u00a0Polyvinyl Alcohol (PVA)\u00a0from China\u2019s leading manufacturers:\u00a0\u7696\u7ef4 (Wanwei), \u53cc\u6b23 (Shuangxin), \u957f\u6625 (Changchun), and Sinopec. These top-tier brands are renowned for their complete PVA product lines, reliable quality, and competitive pricing. Whether for adhesives, textiles, films, or other industrial applications, we provide the best PVA solutions at the most favorable prices.\" \/>\n<meta property=\"og:url\" content=\"https:\/\/rawchemicalmart.com\/es\/producto\/alcohol-polivinilico-de-marcas-de-primera-categoria\/\" \/>\n<meta property=\"og:site_name\" content=\"rawchemicalmart.com\" \/>\n<meta property=\"article:modified_time\" content=\"2026-01-23T07:05:46+00:00\" \/>\n<meta property=\"og:image\" content=\"https:\/\/rawchemicalmart.com\/wp-content\/uploads\/2025\/06\/pva-1788.jpg\" \/>\n\t<meta property=\"og:image:width\" content=\"800\" \/>\n\t<meta property=\"og:image:height\" content=\"800\" \/>\n\t<meta property=\"og:image:type\" content=\"image\/jpeg\" \/>\n<meta name=\"twitter:card\" content=\"summary_large_image\" \/>\n<script type=\"application\/ld+json\" class=\"yoast-schema-graph\">{\"@context\":\"https:\\\/\\\/schema.org\",\"@graph\":[{\"@type\":\"WebPage\",\"@id\":\"https:\\\/\\\/rawchemicalmart.com\\\/product\\\/first-tier-brands-polyvinyl-alcohol\\\/\",\"url\":\"https:\\\/\\\/rawchemicalmart.com\\\/product\\\/first-tier-brands-polyvinyl-alcohol\\\/\",\"name\":\"First-Tier Brands Polyvinyl alcohol - rawchemicalmart.com\",\"isPartOf\":{\"@id\":\"https:\\\/\\\/rawchemicalmart.com\\\/#website\"},\"primaryImageOfPage\":{\"@id\":\"https:\\\/\\\/rawchemicalmart.com\\\/product\\\/first-tier-brands-polyvinyl-alcohol\\\/#primaryimage\"},\"image\":{\"@id\":\"https:\\\/\\\/rawchemicalmart.com\\\/product\\\/first-tier-brands-polyvinyl-alcohol\\\/#primaryimage\"},\"thumbnailUrl\":\"https:\\\/\\\/rawchemicalmart.com\\\/wp-content\\\/uploads\\\/2025\\\/06\\\/pva-1788.jpg\",\"datePublished\":\"2025-05-25T12:50:05+00:00\",\"dateModified\":\"2026-01-23T07:05:46+00:00\",\"breadcrumb\":{\"@id\":\"https:\\\/\\\/rawchemicalmart.com\\\/product\\\/first-tier-brands-polyvinyl-alcohol\\\/#breadcrumb\"},\"inLanguage\":\"es\",\"potentialAction\":[{\"@type\":\"ReadAction\",\"target\":[\"https:\\\/\\\/rawchemicalmart.com\\\/product\\\/first-tier-brands-polyvinyl-alcohol\\\/\"]}]},{\"@type\":\"ImageObject\",\"inLanguage\":\"es\",\"@id\":\"https:\\\/\\\/rawchemicalmart.com\\\/product\\\/first-tier-brands-polyvinyl-alcohol\\\/#primaryimage\",\"url\":\"https:\\\/\\\/rawchemicalmart.com\\\/wp-content\\\/uploads\\\/2025\\\/06\\\/pva-1788.jpg\",\"contentUrl\":\"https:\\\/\\\/rawchemicalmart.com\\\/wp-content\\\/uploads\\\/2025\\\/06\\\/pva-1788.jpg\",\"width\":800,\"height\":800},{\"@type\":\"BreadcrumbList\",\"@id\":\"https:\\\/\\\/rawchemicalmart.com\\\/product\\\/first-tier-brands-polyvinyl-alcohol\\\/#breadcrumb\",\"itemListElement\":[{\"@type\":\"ListItem\",\"position\":1,\"name\":\"Home\",\"item\":\"https:\\\/\\\/rawchemicalmart.com\\\/\"},{\"@type\":\"ListItem\",\"position\":2,\"name\":\"Products\",\"item\":\"https:\\\/\\\/rawchemicalmart.com\\\/shop\\\/\"},{\"@type\":\"ListItem\",\"position\":3,\"name\":\"First-Tier Brands Polyvinyl alcohol\"}]},{\"@type\":\"WebSite\",\"@id\":\"https:\\\/\\\/rawchemicalmart.com\\\/#website\",\"url\":\"https:\\\/\\\/rawchemicalmart.com\\\/\",\"name\":\"rawchemicalmart.com\",\"description\":\"Leading Raw Chemicals Supplier\",\"potentialAction\":[{\"@type\":\"SearchAction\",\"target\":{\"@type\":\"EntryPoint\",\"urlTemplate\":\"https:\\\/\\\/rawchemicalmart.com\\\/?s={search_term_string}\"},\"query-input\":{\"@type\":\"PropertyValueSpecification\",\"valueRequired\":true,\"valueName\":\"search_term_string\"}}],\"inLanguage\":\"es\"}]}<\/script>\n<!-- \/ Yoast SEO plugin. -->","yoast_head_json":{"title":"Alcohol polivin\u00edlico de marcas de primera l\u00ednea - rawchemicalmart.com","robots":{"index":"index","follow":"follow","max-snippet":"max-snippet:-1","max-image-preview":"max-image-preview:large","max-video-preview":"max-video-preview:-1"},"canonical":"https:\/\/rawchemicalmart.com\/es\/producto\/alcohol-polivinilico-de-marcas-de-primera-categoria\/","og_locale":"es_ES","og_type":"article","og_title":"First-Tier Brands Polyvinyl alcohol - rawchemicalmart.com","og_description":"Tilamon Industry is a trusted supplier of high-quality\u00a0Polyvinyl Alcohol (PVA)\u00a0from China\u2019s leading manufacturers:\u00a0\u7696\u7ef4 (Wanwei), \u53cc\u6b23 (Shuangxin), \u957f\u6625 (Changchun), and Sinopec. These top-tier brands are renowned for their complete PVA product lines, reliable quality, and competitive pricing. Whether for adhesives, textiles, films, or other industrial applications, we provide the best PVA solutions at the most favorable prices.","og_url":"https:\/\/rawchemicalmart.com\/es\/producto\/alcohol-polivinilico-de-marcas-de-primera-categoria\/","og_site_name":"rawchemicalmart.com","article_modified_time":"2026-01-23T07:05:46+00:00","og_image":[{"width":800,"height":800,"url":"https:\/\/rawchemicalmart.com\/wp-content\/uploads\/2025\/06\/pva-1788.jpg","type":"image\/jpeg"}],"twitter_card":"summary_large_image","schema":{"@context":"https:\/\/schema.org","@graph":[{"@type":"WebPage","@id":"https:\/\/rawchemicalmart.com\/product\/first-tier-brands-polyvinyl-alcohol\/","url":"https:\/\/rawchemicalmart.com\/product\/first-tier-brands-polyvinyl-alcohol\/","name":"Alcohol polivin\u00edlico de marcas de primera l\u00ednea - rawchemicalmart.com","isPartOf":{"@id":"https:\/\/rawchemicalmart.com\/#website"},"primaryImageOfPage":{"@id":"https:\/\/rawchemicalmart.com\/product\/first-tier-brands-polyvinyl-alcohol\/#primaryimage"},"image":{"@id":"https:\/\/rawchemicalmart.com\/product\/first-tier-brands-polyvinyl-alcohol\/#primaryimage"},"thumbnailUrl":"https:\/\/rawchemicalmart.com\/wp-content\/uploads\/2025\/06\/pva-1788.jpg","datePublished":"2025-05-25T12:50:05+00:00","dateModified":"2026-01-23T07:05:46+00:00","breadcrumb":{"@id":"https:\/\/rawchemicalmart.com\/product\/first-tier-brands-polyvinyl-alcohol\/#breadcrumb"},"inLanguage":"es","potentialAction":[{"@type":"ReadAction","target":["https:\/\/rawchemicalmart.com\/product\/first-tier-brands-polyvinyl-alcohol\/"]}]},{"@type":"ImageObject","inLanguage":"es","@id":"https:\/\/rawchemicalmart.com\/product\/first-tier-brands-polyvinyl-alcohol\/#primaryimage","url":"https:\/\/rawchemicalmart.com\/wp-content\/uploads\/2025\/06\/pva-1788.jpg","contentUrl":"https:\/\/rawchemicalmart.com\/wp-content\/uploads\/2025\/06\/pva-1788.jpg","width":800,"height":800},{"@type":"BreadcrumbList","@id":"https:\/\/rawchemicalmart.com\/product\/first-tier-brands-polyvinyl-alcohol\/#breadcrumb","itemListElement":[{"@type":"ListItem","position":1,"name":"Home","item":"https:\/\/rawchemicalmart.com\/"},{"@type":"ListItem","position":2,"name":"Products","item":"https:\/\/rawchemicalmart.com\/shop\/"},{"@type":"ListItem","position":3,"name":"First-Tier Brands Polyvinyl alcohol"}]},{"@type":"WebSite","@id":"https:\/\/rawchemicalmart.com\/#website","url":"https:\/\/rawchemicalmart.com\/","name":"rawchemicalmart.com","description":"Proveedor l\u00edder de productos qu\u00edmicos b\u00e1sicos","potentialAction":[{"@type":"SearchAction","target":{"@type":"EntryPoint","urlTemplate":"https:\/\/rawchemicalmart.com\/?s={search_term_string}"},"query-input":{"@type":"PropertyValueSpecification","valueRequired":true,"valueName":"search_term_string"}}],"inLanguage":"es"}]}},"_links":{"self":[{"href":"https:\/\/rawchemicalmart.com\/es\/wp-json\/wp\/v2\/product\/11708","targetHints":{"allow":["GET"]}}],"collection":[{"href":"https:\/\/rawchemicalmart.com\/es\/wp-json\/wp\/v2\/product"}],"about":[{"href":"https:\/\/rawchemicalmart.com\/es\/wp-json\/wp\/v2\/types\/product"}],"wp:featuredmedia":[{"embeddable":true,"href":"https:\/\/rawchemicalmart.com\/es\/wp-json\/wp\/v2\/media\/11974"}],"wp:attachment":[{"href":"https:\/\/rawchemicalmart.com\/es\/wp-json\/wp\/v2\/media?parent=11708"}],"wp:term":[{"taxonomy":"product_brand","embeddable":true,"href":"https:\/\/rawchemicalmart.com\/es\/wp-json\/wp\/v2\/product_brand?post=11708"},{"taxonomy":"product_cat","embeddable":true,"href":"https:\/\/rawchemicalmart.com\/es\/wp-json\/wp\/v2\/product_cat?post=11708"},{"taxonomy":"product_tag","embeddable":true,"href":"https:\/\/rawchemicalmart.com\/es\/wp-json\/wp\/v2\/product_tag?post=11708"}],"curies":[{"name":"wp","href":"https:\/\/api.w.org\/{rel}","templated":true}]}}