{"id":11624,"date":"2025-05-24T00:58:18","date_gmt":"2025-05-24T00:58:18","guid":{"rendered":"https:\/\/rawchemicalmart.com\/?post_type=product&#038;p=11624"},"modified":"2025-06-07T01:18:08","modified_gmt":"2025-06-07T01:18:08","slug":"acido-tricloroisocianurico","status":"publish","type":"product","link":"https:\/\/rawchemicalmart.com\/es\/producto\/acido-tricloroisocianurico\/","title":{"rendered":"\u00c1cido tricloroisocian\u00farico"},"content":{"rendered":"<h2 class=\"md-end-block md-heading md-focus\"><span class=\"md-plain md-expand\">Presupuesto:<\/span><\/h2>\n<div class=\"table-scroll-wrapper\">\n<table id=\"tablepress-57\" class=\"tablepress tablepress-id-57\">\n<thead>\n<tr class=\"row-1\">\n\t<th class=\"column-1\">Propiedad<\/th><th class=\"column-2\">Especificaci\u00f3n<\/th>\n<\/tr>\n<\/thead>\n<tbody class=\"row-striping row-hover\">\n<tr class=\"row-2\">\n\t<td class=\"column-1\">F\u00f3rmula qu\u00edmica<\/td><td class=\"column-2\">C\u2083Cl\u2083N\u2083O\u2083<\/td>\n<\/tr>\n<tr class=\"row-3\">\n\t<td class=\"column-1\">Peso molecular<\/td><td class=\"column-2\">232,41 g\/mol<\/td>\n<\/tr>\n<tr class=\"row-4\">\n\t<td class=\"column-1\">Cloro disponible<\/td><td class=\"column-2\">\u2265 90%<\/td>\n<\/tr>\n<tr class=\"row-5\">\n\t<td class=\"column-1\">Apariencia<\/td><td class=\"column-2\">Polvo\/gr\u00e1nulos cristalinos blancos<\/td>\n<\/tr>\n<tr class=\"row-6\">\n\t<td class=\"column-1\">Solubilidad (en agua)<\/td><td class=\"column-2\">12 g\/L (a 25 \u00b0C)<\/td>\n<\/tr>\n<tr class=\"row-7\">\n\t<td class=\"column-1\">pH (soluci\u00f3n 1%)<\/td><td class=\"column-2\">2.7\u20133.3<\/td>\n<\/tr>\n<tr class=\"row-8\">\n\t<td class=\"column-1\">Contenido de humedad<\/td><td class=\"column-2\">\u2264 0,5%<\/td>\n<\/tr>\n<tr class=\"row-9\">\n\t<td class=\"column-1\">Punto de fusi\u00f3n<\/td><td class=\"column-2\">225\u2013230 \u00b0C (se descompone)<\/td>\n<\/tr>\n<tr class=\"row-10\">\n\t<td class=\"column-1\">Densidad aparente<\/td><td class=\"column-2\">0,7\u20130,9 g\/cm\u00b3<\/td>\n<\/tr>\n<\/tbody>\n<\/table>\n<!-- #tablepress-57 from cache --><\/div>\n<h2 class=\"md-end-block md-heading\"><span class=\"md-plain\">Caracter\u00edsticas:<\/span><\/h2>\n<ul class=\"ul-list\" data-mark=\"-\">\n<li class=\"md-list-item\">\n<p class=\"md-end-block md-p\"><span class=\"md-pair-s\"><strong><span class=\"md-plain\">Alto contenido de cloro<\/span><\/strong><\/span><span class=\"md-plain\">:El TCCA contiene hasta 90% de cloro disponible, lo que lo convierte en un potente desinfectante.<\/span><\/p>\n<\/li>\n<li class=\"md-list-item\">\n<p class=\"md-end-block md-p\"><span class=\"md-pair-s\"><strong><span class=\"md-plain\">Estabilidad<\/span><\/strong><\/span><span class=\"md-plain\">:Permanece estable en condiciones secas y libera cloro gradualmente cuando se disuelve en agua.<\/span><\/p>\n<\/li>\n<li class=\"md-list-item\">\n<p class=\"md-end-block md-p\"><span class=\"md-pair-s\"><strong><span class=\"md-plain\">Eficiencia<\/span><\/strong><\/span><span class=\"md-plain\">:Eficaz en bajas concentraciones, lo que lo hace rentable.<\/span><\/p>\n<\/li>\n<li class=\"md-list-item\">\n<p class=\"md-end-block md-p\"><span class=\"md-pair-s\"><strong><span class=\"md-plain\">Versatilidad<\/span><\/strong><\/span><span class=\"md-plain\">:Adecuado para una amplia gama de aplicaciones, incluido el tratamiento de agua, saneamiento y procesos industriales.<\/span><\/p>\n<\/li>\n<li class=\"md-list-item\">\n<p class=\"md-end-block md-p\"><span class=\"md-pair-s\"><strong><span class=\"md-plain\">Seguridad<\/span><\/strong><\/span><span class=\"md-plain\">:F\u00e1cil de manipular y almacenar si se siguen las precauciones adecuadas.<\/span><\/p>\n<\/li>\n<\/ul>\n<h2 class=\"md-end-block md-heading\"><span class=\"md-plain\">Aplicaciones:<\/span><\/h2>\n<p class=\"md-end-block md-p\"><span class=\"md-plain\">El TCCA se utiliza ampliamente en las siguientes industrias y aplicaciones:<\/span><\/p>\n<ul class=\"ul-list\" data-mark=\"-\">\n<li class=\"md-list-item\">\n<p class=\"md-end-block md-p\"><span class=\"md-pair-s\"><strong><span class=\"md-plain\">Tratamiento de agua<\/span><\/strong><\/span><span class=\"md-plain\">:Desinfecci\u00f3n de agua potable, piscinas y aguas residuales.<\/span><\/p>\n<\/li>\n<li class=\"md-list-item\">\n<p class=\"md-end-block md-p\"><span class=\"md-pair-s\"><strong><span class=\"md-plain\">Saneamiento<\/span><\/strong><\/span><span class=\"md-plain\">:Esterilizaci\u00f3n de superficies, equipos y ambientes en hospitales, procesamiento de alimentos y agricultura.<\/span><\/p>\n<\/li>\n<li class=\"md-list-item\">\n<p class=\"md-end-block md-p\"><span class=\"md-pair-s\"><strong><span class=\"md-plain\">Uso industrial<\/span><\/strong><\/span><span class=\"md-plain\">:Agente blanqueador en las industrias textiles, papel y pulpa.<\/span><\/p>\n<\/li>\n<li class=\"md-list-item\">\n<p class=\"md-end-block md-p\"><span class=\"md-pair-s\"><strong><span class=\"md-plain\">Acuicultura<\/span><\/strong><\/span><span class=\"md-plain\">:Prevenci\u00f3n y control de infecciones bacterianas y f\u00fangicas en la piscicultura.<\/span><\/p>\n<\/li>\n<li class=\"md-list-item\">\n<p class=\"md-end-block md-p\"><span class=\"md-pair-s\"><strong><span class=\"md-plain\">Limpieza del hogar<\/span><\/strong><\/span><span class=\"md-plain\">:Se utiliza en desinfectantes y productos de limpieza dom\u00e9sticos.<\/span><\/p>\n<\/li>\n<\/ul>\n<h2 class=\"md-end-block md-heading\"><span class=\"md-plain\">Embalaje:<\/span><\/h2>\n<p class=\"md-end-block md-p\"><span class=\"md-plain\">El TCCA normalmente se envasa en las siguientes formas para garantizar la seguridad y la conveniencia:<\/span><\/p>\n<ul class=\"ul-list\" data-mark=\"-\">\n<li class=\"md-list-item\">\n<p class=\"md-end-block md-p\"><span class=\"md-pair-s\"><strong><span class=\"md-plain\">Bolsas tejidas de pl\u00e1stico de 25 kg<\/span><\/strong><\/span><span class=\"md-plain\"> con revestimiento interior de polietileno.<\/span><\/p>\n<\/li>\n<li class=\"md-list-item\">\n<p class=\"md-end-block md-p\"><span class=\"md-pair-s\"><strong><span class=\"md-plain\">bidones de 50 kg<\/span><\/strong><\/span><span class=\"md-plain\"> Para uso industrial.<\/span><\/p>\n<\/li>\n<\/ul>\n<h2 class=\"md-end-block md-heading\"><span class=\"md-plain\">Almacenamiento:<\/span><\/h2>\n<ul class=\"ul-list\" data-mark=\"-\">\n<li class=\"md-list-item\">\n<p class=\"md-end-block md-p\"><span class=\"md-plain\">Gu\u00e1rdelo en un \u00e1rea fresca, seca y bien ventilada, lejos de la luz solar directa, el calor y la humedad.<\/span><\/p>\n<\/li>\n<li class=\"md-list-item\">\n<p class=\"md-end-block md-p\"><span class=\"md-plain\">Mantener alejado de materiales inflamables, \u00e1cidos y agentes reductores para evitar reacciones peligrosas.<\/span><\/p>\n<\/li>\n<li class=\"md-list-item\">\n<p class=\"md-end-block md-p\"><span class=\"md-plain\">Aseg\u00farese de que los contenedores est\u00e9n bien sellados para evitar la absorci\u00f3n de humedad y la p\u00e9rdida de cloro.<\/span><\/p>\n<\/li>\n<li class=\"md-list-item\">\n<p class=\"md-end-block md-p\"><span class=\"md-plain\">Siga las regulaciones locales para el almacenamiento de productos qu\u00edmicos peligrosos.<\/span><\/p>\n<\/li>\n<\/ul>\n<h2 class=\"md-end-block md-heading\"><span class=\"md-plain\">Seguridad y manipulaci\u00f3n:<\/span><\/h2>\n<ul class=\"ul-list\" data-mark=\"-\">\n<li class=\"md-list-item\">\n<p class=\"md-end-block md-p\"><span class=\"md-pair-s\"><strong><span class=\"md-plain\">Protecci\u00f3n personal<\/span><\/strong><\/span><span class=\"md-plain\">:Use guantes, gafas protectoras y una m\u00e1scara al manipular TCCA para evitar la irritaci\u00f3n de la piel, los ojos o las v\u00edas respiratorias.<\/span><\/p>\n<\/li>\n<li class=\"md-list-item\">\n<p class=\"md-end-block md-p\"><span class=\"md-pair-s\"><strong><span class=\"md-plain\">Ventilaci\u00f3n<\/span><\/strong><\/span><span class=\"md-plain\">:\u00daselo en \u00e1reas bien ventiladas para evitar la inhalaci\u00f3n de gas cloro.<\/span><\/p>\n<\/li>\n<li class=\"md-list-item\">\n<p class=\"md-end-block md-p\"><span class=\"md-pair-s\"><strong><span class=\"md-plain\">Gesti\u00f3n de derrames<\/span><\/strong><\/span><span class=\"md-plain\">En caso de derrame, recoja el material y des\u00e9chelo seg\u00fan la normativa local. Evite el contacto con el agua para evitar la liberaci\u00f3n de cloro.<\/span><\/p>\n<\/li>\n<li class=\"md-list-item\">\n<p class=\"md-end-block md-p\"><span class=\"md-pair-s\"><strong><span class=\"md-plain\">Primeros auxilios<\/span><\/strong><\/span><span class=\"md-plain\">:En caso de contacto, enjuague bien con agua y busque atenci\u00f3n m\u00e9dica si es necesario.<\/span><\/p>\n<\/li>\n<\/ul>\n<h2 class=\"md-end-block md-heading\"><span class=\"md-plain\">Impacto ambiental:<\/span><\/h2>\n<ul class=\"ul-list\" data-mark=\"-\">\n<li class=\"md-list-item\">\n<p class=\"md-end-block md-p\"><span class=\"md-plain\">El TCCA es un desinfectante eficaz pero debe utilizarse de forma responsable para minimizar el impacto ambiental.<\/span><\/p>\n<\/li>\n<li class=\"md-list-item\">\n<p class=\"md-end-block md-p\"><span class=\"md-plain\">Evitar la descarga directa en cuerpos de agua naturales sin el tratamiento adecuado.<\/span><\/p>\n<\/li>\n<li class=\"md-list-item md-focus-container\">\n<p class=\"md-end-block md-p md-focus\"><span class=\"md-plain\">Siga las normas ambientales locales para su eliminaci\u00f3n.<\/span><\/p>\n<\/li>\n<\/ul>","protected":false},"excerpt":{"rendered":"<p class=\"tmnf_excerpt\">El \u00e1cido tricloroisocian\u00farico (ATCC) es un polvo cristalino blanco o un s\u00f3lido granular con un fuerte olor a cloro. Es un potente agente clorante y desinfectante ampliamente utilizado en el tratamiento de agua, el saneamiento y aplicaciones industriales. El ATCC es altamente efectivo gracias a su alto contenido en cloro y su estabilidad en diversas condiciones.\n<\/p>","protected":false},"featured_media":11146,"template":"","meta":{"_acf_changed":false},"product_brand":[],"product_cat":[50],"product_tag":[],"class_list":{"0":"post-11624","1":"product","2":"type-product","3":"status-publish","4":"has-post-thumbnail","6":"product_cat-water-treatment","8":"first","9":"instock","10":"shipping-taxable","11":"product-type-simple"},"acf":[],"yoast_head":"<!-- This site is optimized with the Yoast SEO plugin v27.4 - https:\/\/yoast.com\/product\/yoast-seo-wordpress\/ -->\n<title>Trichloroisocyanuric acid - rawchemicalmart.com<\/title>\n<meta name=\"robots\" content=\"index, follow, max-snippet:-1, max-image-preview:large, max-video-preview:-1\" \/>\n<link rel=\"canonical\" href=\"https:\/\/rawchemicalmart.com\/es\/producto\/acido-tricloroisocianurico\/\" \/>\n<meta property=\"og:locale\" content=\"es_ES\" \/>\n<meta property=\"og:type\" content=\"article\" \/>\n<meta property=\"og:title\" content=\"Trichloroisocyanuric acid - rawchemicalmart.com\" \/>\n<meta property=\"og:description\" content=\"Trichloroisocyanuric Acid (TCCA) is a white crystalline powder or granular solid with a strong chlorine odor. It is a powerful chlorinating agent and disinfectant widely used in water treatment, sanitation, and industrial applications. TCCA is highly effective due to its high chlorine content and stability in various conditions.\" \/>\n<meta property=\"og:url\" content=\"https:\/\/rawchemicalmart.com\/es\/producto\/acido-tricloroisocianurico\/\" \/>\n<meta property=\"og:site_name\" content=\"rawchemicalmart.com\" \/>\n<meta property=\"article:modified_time\" content=\"2025-06-07T01:18:08+00:00\" \/>\n<meta property=\"og:image\" content=\"https:\/\/rawchemicalmart.com\/wp-content\/uploads\/2025\/05\/Trichloroisocyanuric-acid_1.png\" \/>\n\t<meta property=\"og:image:width\" content=\"800\" \/>\n\t<meta property=\"og:image:height\" content=\"800\" \/>\n\t<meta property=\"og:image:type\" content=\"image\/png\" \/>\n<meta name=\"twitter:card\" content=\"summary_large_image\" \/>\n<meta name=\"twitter:label1\" content=\"Tiempo de lectura\" \/>\n\t<meta name=\"twitter:data1\" content=\"2 minutos\" \/>\n<script type=\"application\/ld+json\" class=\"yoast-schema-graph\">{\"@context\":\"https:\\\/\\\/schema.org\",\"@graph\":[{\"@type\":\"WebPage\",\"@id\":\"https:\\\/\\\/rawchemicalmart.com\\\/product\\\/trichloroisocyanuric-acid\\\/\",\"url\":\"https:\\\/\\\/rawchemicalmart.com\\\/product\\\/trichloroisocyanuric-acid\\\/\",\"name\":\"Trichloroisocyanuric acid - rawchemicalmart.com\",\"isPartOf\":{\"@id\":\"https:\\\/\\\/rawchemicalmart.com\\\/#website\"},\"primaryImageOfPage\":{\"@id\":\"https:\\\/\\\/rawchemicalmart.com\\\/product\\\/trichloroisocyanuric-acid\\\/#primaryimage\"},\"image\":{\"@id\":\"https:\\\/\\\/rawchemicalmart.com\\\/product\\\/trichloroisocyanuric-acid\\\/#primaryimage\"},\"thumbnailUrl\":\"https:\\\/\\\/rawchemicalmart.com\\\/wp-content\\\/uploads\\\/2025\\\/05\\\/Trichloroisocyanuric-acid_1.png\",\"datePublished\":\"2025-05-24T00:58:18+00:00\",\"dateModified\":\"2025-06-07T01:18:08+00:00\",\"breadcrumb\":{\"@id\":\"https:\\\/\\\/rawchemicalmart.com\\\/product\\\/trichloroisocyanuric-acid\\\/#breadcrumb\"},\"inLanguage\":\"es\",\"potentialAction\":[{\"@type\":\"ReadAction\",\"target\":[\"https:\\\/\\\/rawchemicalmart.com\\\/product\\\/trichloroisocyanuric-acid\\\/\"]}]},{\"@type\":\"ImageObject\",\"inLanguage\":\"es\",\"@id\":\"https:\\\/\\\/rawchemicalmart.com\\\/product\\\/trichloroisocyanuric-acid\\\/#primaryimage\",\"url\":\"https:\\\/\\\/rawchemicalmart.com\\\/wp-content\\\/uploads\\\/2025\\\/05\\\/Trichloroisocyanuric-acid_1.png\",\"contentUrl\":\"https:\\\/\\\/rawchemicalmart.com\\\/wp-content\\\/uploads\\\/2025\\\/05\\\/Trichloroisocyanuric-acid_1.png\",\"width\":800,\"height\":800},{\"@type\":\"BreadcrumbList\",\"@id\":\"https:\\\/\\\/rawchemicalmart.com\\\/product\\\/trichloroisocyanuric-acid\\\/#breadcrumb\",\"itemListElement\":[{\"@type\":\"ListItem\",\"position\":1,\"name\":\"Home\",\"item\":\"https:\\\/\\\/rawchemicalmart.com\\\/\"},{\"@type\":\"ListItem\",\"position\":2,\"name\":\"Products\",\"item\":\"https:\\\/\\\/rawchemicalmart.com\\\/shop\\\/\"},{\"@type\":\"ListItem\",\"position\":3,\"name\":\"Trichloroisocyanuric acid\"}]},{\"@type\":\"WebSite\",\"@id\":\"https:\\\/\\\/rawchemicalmart.com\\\/#website\",\"url\":\"https:\\\/\\\/rawchemicalmart.com\\\/\",\"name\":\"rawchemicalmart.com\",\"description\":\"Leading Raw Chemicals Supplier\",\"potentialAction\":[{\"@type\":\"SearchAction\",\"target\":{\"@type\":\"EntryPoint\",\"urlTemplate\":\"https:\\\/\\\/rawchemicalmart.com\\\/?s={search_term_string}\"},\"query-input\":{\"@type\":\"PropertyValueSpecification\",\"valueRequired\":true,\"valueName\":\"search_term_string\"}}],\"inLanguage\":\"es\"}]}<\/script>\n<!-- \/ Yoast SEO plugin. -->","yoast_head_json":{"title":"\u00c1cido tricloroisocian\u00farico - rawchemicalmart.com","robots":{"index":"index","follow":"follow","max-snippet":"max-snippet:-1","max-image-preview":"max-image-preview:large","max-video-preview":"max-video-preview:-1"},"canonical":"https:\/\/rawchemicalmart.com\/es\/producto\/acido-tricloroisocianurico\/","og_locale":"es_ES","og_type":"article","og_title":"Trichloroisocyanuric acid - rawchemicalmart.com","og_description":"Trichloroisocyanuric Acid (TCCA) is a white crystalline powder or granular solid with a strong chlorine odor. It is a powerful chlorinating agent and disinfectant widely used in water treatment, sanitation, and industrial applications. TCCA is highly effective due to its high chlorine content and stability in various conditions.","og_url":"https:\/\/rawchemicalmart.com\/es\/producto\/acido-tricloroisocianurico\/","og_site_name":"rawchemicalmart.com","article_modified_time":"2025-06-07T01:18:08+00:00","og_image":[{"width":800,"height":800,"url":"https:\/\/rawchemicalmart.com\/wp-content\/uploads\/2025\/05\/Trichloroisocyanuric-acid_1.png","type":"image\/png"}],"twitter_card":"summary_large_image","twitter_misc":{"Tiempo de lectura":"2 minutos"},"schema":{"@context":"https:\/\/schema.org","@graph":[{"@type":"WebPage","@id":"https:\/\/rawchemicalmart.com\/product\/trichloroisocyanuric-acid\/","url":"https:\/\/rawchemicalmart.com\/product\/trichloroisocyanuric-acid\/","name":"\u00c1cido tricloroisocian\u00farico - rawchemicalmart.com","isPartOf":{"@id":"https:\/\/rawchemicalmart.com\/#website"},"primaryImageOfPage":{"@id":"https:\/\/rawchemicalmart.com\/product\/trichloroisocyanuric-acid\/#primaryimage"},"image":{"@id":"https:\/\/rawchemicalmart.com\/product\/trichloroisocyanuric-acid\/#primaryimage"},"thumbnailUrl":"https:\/\/rawchemicalmart.com\/wp-content\/uploads\/2025\/05\/Trichloroisocyanuric-acid_1.png","datePublished":"2025-05-24T00:58:18+00:00","dateModified":"2025-06-07T01:18:08+00:00","breadcrumb":{"@id":"https:\/\/rawchemicalmart.com\/product\/trichloroisocyanuric-acid\/#breadcrumb"},"inLanguage":"es","potentialAction":[{"@type":"ReadAction","target":["https:\/\/rawchemicalmart.com\/product\/trichloroisocyanuric-acid\/"]}]},{"@type":"ImageObject","inLanguage":"es","@id":"https:\/\/rawchemicalmart.com\/product\/trichloroisocyanuric-acid\/#primaryimage","url":"https:\/\/rawchemicalmart.com\/wp-content\/uploads\/2025\/05\/Trichloroisocyanuric-acid_1.png","contentUrl":"https:\/\/rawchemicalmart.com\/wp-content\/uploads\/2025\/05\/Trichloroisocyanuric-acid_1.png","width":800,"height":800},{"@type":"BreadcrumbList","@id":"https:\/\/rawchemicalmart.com\/product\/trichloroisocyanuric-acid\/#breadcrumb","itemListElement":[{"@type":"ListItem","position":1,"name":"Home","item":"https:\/\/rawchemicalmart.com\/"},{"@type":"ListItem","position":2,"name":"Products","item":"https:\/\/rawchemicalmart.com\/shop\/"},{"@type":"ListItem","position":3,"name":"Trichloroisocyanuric acid"}]},{"@type":"WebSite","@id":"https:\/\/rawchemicalmart.com\/#website","url":"https:\/\/rawchemicalmart.com\/","name":"rawchemicalmart.com","description":"Proveedor l\u00edder de productos qu\u00edmicos b\u00e1sicos","potentialAction":[{"@type":"SearchAction","target":{"@type":"EntryPoint","urlTemplate":"https:\/\/rawchemicalmart.com\/?s={search_term_string}"},"query-input":{"@type":"PropertyValueSpecification","valueRequired":true,"valueName":"search_term_string"}}],"inLanguage":"es"}]}},"_links":{"self":[{"href":"https:\/\/rawchemicalmart.com\/es\/wp-json\/wp\/v2\/product\/11624","targetHints":{"allow":["GET"]}}],"collection":[{"href":"https:\/\/rawchemicalmart.com\/es\/wp-json\/wp\/v2\/product"}],"about":[{"href":"https:\/\/rawchemicalmart.com\/es\/wp-json\/wp\/v2\/types\/product"}],"wp:featuredmedia":[{"embeddable":true,"href":"https:\/\/rawchemicalmart.com\/es\/wp-json\/wp\/v2\/media\/11146"}],"wp:attachment":[{"href":"https:\/\/rawchemicalmart.com\/es\/wp-json\/wp\/v2\/media?parent=11624"}],"wp:term":[{"taxonomy":"product_brand","embeddable":true,"href":"https:\/\/rawchemicalmart.com\/es\/wp-json\/wp\/v2\/product_brand?post=11624"},{"taxonomy":"product_cat","embeddable":true,"href":"https:\/\/rawchemicalmart.com\/es\/wp-json\/wp\/v2\/product_cat?post=11624"},{"taxonomy":"product_tag","embeddable":true,"href":"https:\/\/rawchemicalmart.com\/es\/wp-json\/wp\/v2\/product_tag?post=11624"}],"curies":[{"name":"wp","href":"https:\/\/api.w.org\/{rel}","templated":true}]}}