{"id":11618,"date":"2025-05-24T00:48:29","date_gmt":"2025-05-24T00:48:29","guid":{"rendered":"https:\/\/rawchemicalmart.com\/?post_type=product&#038;p=11618"},"modified":"2026-01-23T08:55:10","modified_gmt":"2026-01-23T08:55:10","slug":"propylene-glycol","status":"publish","type":"product","link":"https:\/\/rawchemicalmart.com\/es\/producto\/propylene-glycol\/","title":{"rendered":"Propilenglicol"},"content":{"rendered":"<h2 class=\"md-end-block md-heading md-focus\"><span class=\"md-plain md-expand\">Especificaci\u00f3n:<\/span><\/h2>\n<div class=\"table-scroll-wrapper\">\n<table id=\"tablepress-30\" class=\"tablepress tablepress-id-30\">\n<thead>\n<tr class=\"row-1\">\n\t<th class=\"column-1\">Propiedad<\/th><th class=\"column-2\">Especificaci\u00f3n<\/th>\n<\/tr>\n<\/thead>\n<tbody class=\"row-striping row-hover\">\n<tr class=\"row-2\">\n\t<td class=\"column-1\">F\u00f3rmula qu\u00edmica<\/td><td class=\"column-2\">C\u2083H\u2088O\u2082<\/td>\n<\/tr>\n<tr class=\"row-3\">\n\t<td class=\"column-1\">Peso molecular<\/td><td class=\"column-2\">76,10 g\/mol<\/td>\n<\/tr>\n<tr class=\"row-4\">\n\t<td class=\"column-1\">Apariencia<\/td><td class=\"column-2\">L\u00edquido incoloro y viscoso<\/td>\n<\/tr>\n<tr class=\"row-5\">\n\t<td class=\"column-1\">Punto de ebullici\u00f3n<\/td><td class=\"column-2\">188\u00b0C<\/td>\n<\/tr>\n<tr class=\"row-6\">\n\t<td class=\"column-1\">Punto de fusi\u00f3n<\/td><td class=\"column-2\">-59\u00b0C<\/td>\n<\/tr>\n<tr class=\"row-7\">\n\t<td class=\"column-1\">Densidad<\/td><td class=\"column-2\">1,036 g\/cm\u00b3 (a 20 \u00b0C)<\/td>\n<\/tr>\n<tr class=\"row-8\">\n\t<td class=\"column-1\">Solubilidad<\/td><td class=\"column-2\">Miscible con agua, acetona y cloroformo.<\/td>\n<\/tr>\n<tr class=\"row-9\">\n\t<td class=\"column-1\">Pureza<\/td><td class=\"column-2\">\u226599,5%<\/td>\n<\/tr>\n<tr class=\"row-10\">\n\t<td class=\"column-1\">Viscosidad<\/td><td class=\"column-2\">56 cP (a 20 \u00b0C)<\/td>\n<\/tr>\n<tr class=\"row-11\">\n\t<td class=\"column-1\">\u00cdndice de refracci\u00f3n<\/td><td class=\"column-2\">1.432\u20131.434<\/td>\n<\/tr>\n<tr class=\"row-12\">\n\t<td class=\"column-1\">N\u00famero CAS<\/td><td class=\"column-2\">57-55-6<\/td>\n<\/tr>\n<\/tbody>\n<\/table>\n<!-- #tablepress-30 from cache --><\/div>\n<h2 class=\"md-end-block md-heading\"><span class=\"md-plain\">Aplicaciones:<\/span><\/h2>\n<p class=\"md-end-block md-p\"><span class=\"md-plain\">El propilenglicol se utiliza ampliamente en diversas industrias, entre ellas:<\/span><\/p>\n<ul class=\"ul-list\" data-mark=\"-\">\n<li class=\"md-list-item\">\n<p class=\"md-end-block md-p\"><span class=\"md-plain\">Industria alimentaria:<\/span><\/p>\n<ul class=\"ul-list\" data-mark=\"-\">\n<li class=\"md-list-item\">\n<p class=\"md-end-block md-p\"><span class=\"md-plain\">Se utiliza como aditivo alimentario (E1520) para retener la humedad, mejorar la textura y como disolvente para sabores y colorantes.<\/span><\/p>\n<\/li>\n<li class=\"md-list-item\">\n<p class=\"md-end-block md-p\"><span class=\"md-plain\">Se encuentra en productos horneados, productos l\u00e1cteos y bebidas.<\/span><\/p>\n<\/li>\n<\/ul>\n<\/li>\n<li class=\"md-list-item\">\n<p class=\"md-end-block md-p\"><span class=\"md-plain\">Productos farmac\u00e9uticos:<\/span><\/p>\n<ul class=\"ul-list\" data-mark=\"-\">\n<li class=\"md-list-item\">\n<p class=\"md-end-block md-p\"><span class=\"md-plain\">Act\u00faa como disolvente, excipiente y estabilizador en medicamentos orales, t\u00f3picos e inyectables.<\/span><\/p>\n<\/li>\n<li class=\"md-list-item\">\n<p class=\"md-end-block md-p\"><span class=\"md-plain\">Se utiliza en jarabes para la tos, ung\u00fcentos y lociones.<\/span><\/p>\n<\/li>\n<\/ul>\n<\/li>\n<li class=\"md-list-item\">\n<p class=\"md-end-block md-p\"><span class=\"md-plain\">Cosm\u00e9ticos y Cuidado Personal:<\/span><\/p>\n<ul class=\"ul-list\" data-mark=\"-\">\n<li class=\"md-list-item\">\n<p class=\"md-end-block md-p\"><span class=\"md-plain\">Act\u00faa como humectante, emoliente y solvente en productos para el cuidado de la piel, el cabello y la higiene.<\/span><\/p>\n<\/li>\n<li class=\"md-list-item\">\n<p class=\"md-end-block md-p\"><span class=\"md-plain\">Se encuentra en humectantes, desodorantes y pasta de dientes.<\/span><\/p>\n<\/li>\n<\/ul>\n<\/li>\n<li class=\"md-list-item\">\n<p class=\"md-end-block md-p\"><span class=\"md-plain\">Aplicaciones industriales:<\/span><\/p>\n<ul class=\"ul-list\" data-mark=\"-\">\n<li class=\"md-list-item\">\n<p class=\"md-end-block md-p\"><span class=\"md-plain\">Se utiliza como anticongelante y refrigerante en sistemas HVAC y aplicaciones automotrices.<\/span><\/p>\n<\/li>\n<li class=\"md-list-item\">\n<p class=\"md-end-block md-p\"><span class=\"md-plain\">Act\u00faa como disolvente en pinturas, recubrimientos y tintas.<\/span><\/p>\n<\/li>\n<\/ul>\n<\/li>\n<li class=\"md-list-item\">\n<p class=\"md-end-block md-p\"><span class=\"md-plain\">E-l\u00edquidos:<\/span><\/p>\n<ul class=\"ul-list\" data-mark=\"-\">\n<li class=\"md-list-item\">\n<p class=\"md-end-block md-p\"><span class=\"md-plain\">Un componente clave en los l\u00edquidos de los cigarrillos electr\u00f3nicos como portador de nicotina y sabores.<\/span><\/p>\n<\/li>\n<\/ul>\n<\/li>\n<li class=\"md-list-item\">\n<p class=\"md-end-block md-p\"><span class=\"md-plain\">Alimento para animales:<\/span><\/p>\n<ul class=\"ul-list\" data-mark=\"-\">\n<li class=\"md-list-item\">\n<p class=\"md-end-block md-p\"><span class=\"md-plain\">Se utiliza como conservante y estabilizador de humedad en la alimentaci\u00f3n animal.<\/span><\/p>\n<\/li>\n<\/ul>\n<\/li>\n<\/ul>\n<h2 class=\"md-end-block md-heading\"><span class=\"md-plain\">Caracter\u00edsticas:<\/span><\/h2>\n<p class=\"md-end-block md-p\"><span class=\"md-plain\">El propilenglicol ofrece varias caracter\u00edsticas clave, entre ellas:<\/span><\/p>\n<ul class=\"ul-list\" data-mark=\"-\">\n<li class=\"md-list-item\">\n<p class=\"md-end-block md-p\"><span class=\"md-plain\">Baja toxicidad: seguro para uso en alimentos, productos farmac\u00e9uticos y cosm\u00e9ticos.<\/span><\/p>\n<\/li>\n<li class=\"md-list-item\">\n<p class=\"md-end-block md-p\"><span class=\"md-plain\">Alta solubilidad: Miscible con agua y muchos disolventes org\u00e1nicos.<\/span><\/p>\n<\/li>\n<li class=\"md-list-item\">\n<p class=\"md-end-block md-p\"><span class=\"md-plain\">Propiedades humectantes: Retiene la humedad y evita el secado.<\/span><\/p>\n<\/li>\n<li class=\"md-list-item\">\n<p class=\"md-end-block md-p\"><span class=\"md-plain\">Estabilidad: Qu\u00edmicamente estable en condiciones normales.<\/span><\/p>\n<\/li>\n<li class=\"md-list-item\">\n<p class=\"md-end-block md-p\"><span class=\"md-plain\">Versatilidad: adecuado para una amplia gama de aplicaciones en todas las industrias.<\/span><\/p>\n<\/li>\n<li class=\"md-list-item\">\n<p class=\"md-end-block md-p\"><span class=\"md-plain\">Ecol\u00f3gico: Biodegradable y respetuoso con el medio ambiente.<\/span><\/p>\n<\/li>\n<\/ul>\n<h2 class=\"md-end-block md-heading\"><span class=\"md-plain\">Embalaje:<\/span><\/h2>\n<p class=\"md-end-block md-p\"><span class=\"md-plain\">El propilenglicol est\u00e1 disponible en las siguientes opciones de envasado:<\/span><\/p>\n<ul class=\"ul-list\" data-mark=\"-\">\n<li class=\"md-list-item\">\n<p class=\"md-end-block md-p\"><span class=\"md-plain\">Bidones de 25 kg y 50 kg (pl\u00e1stico o metal).<\/span><\/p>\n<\/li>\n<li class=\"md-list-item\">\n<p class=\"md-end-block md-p\"><span class=\"md-plain\">Contenedores IBC de 200 kg y 1000 kg.<\/span><\/p>\n<\/li>\n<li class=\"md-list-item\">\n<p class=\"md-end-block md-p\"><span class=\"md-plain\">Camiones cisterna para graneles para uso industrial a gran escala.<\/span><\/p>\n<\/li>\n<li class=\"md-list-item\">\n<p class=\"md-end-block md-p\"><span class=\"md-plain\">Opciones de embalaje personalizadas est\u00e1n disponibles a pedido.<\/span><\/p>\n<\/li>\n<\/ul>\n<h2 class=\"md-end-block md-heading\"><span class=\"md-plain\">Almacenamiento:<\/span><\/h2>\n<p class=\"md-end-block md-p\"><span class=\"md-plain\">Para garantizar la calidad y estabilidad del propilenglicol, siga estas pautas de almacenamiento:<\/span><\/p>\n<ul class=\"ul-list\" data-mark=\"-\">\n<li class=\"md-list-item\">\n<p class=\"md-end-block md-p\"><span class=\"md-plain\">Conservar en un lugar fresco, seco y bien ventilado.<\/span><\/p>\n<\/li>\n<li class=\"md-list-item\">\n<p class=\"md-end-block md-p\"><span class=\"md-plain\">Mantener alejado de la luz solar directa, calor y fuentes de ignici\u00f3n.<\/span><\/p>\n<\/li>\n<li class=\"md-list-item\">\n<p class=\"md-end-block md-p\"><span class=\"md-plain\">Aseg\u00farese de que los contenedores est\u00e9n bien sellados para evitar la absorci\u00f3n de humedad.<\/span><\/p>\n<\/li>\n<li class=\"md-list-item\">\n<p class=\"md-end-block md-p\"><span class=\"md-plain\">Evitar el contacto con agentes oxidantes fuertes.<\/span><\/p>\n<\/li>\n<li class=\"md-list-item md-focus-container\">\n<p class=\"md-end-block md-p md-focus\"><span class=\"md-plain\">Vida \u00fatil: hasta 2 a\u00f1os cuando se almacena en las condiciones recomendadas.<\/span><\/p>\n<\/li>\n<\/ul>","protected":false},"excerpt":{"rendered":"<p class=\"tmnf_excerpt\">El propilenglicol (PG), con la f\u00f3rmula qu\u00edmica C\u2083H\u2088O\u2082, es un l\u00edquido incoloro, inodoro y viscoso perteneciente a la familia de los glicoles. Es un qu\u00edmico vers\u00e1til ampliamente utilizado como humectante, disolvente y conservante en diversas industrias, como la alimentaria, la farmac\u00e9utica, la cosm\u00e9tica y otras aplicaciones industriales. Es conocido por su baja toxicidad, excelente solubilidad y estabilidad, lo que lo convierte en una opci\u00f3n preferida en muchas formulaciones.\n<\/p>","protected":false},"featured_media":11089,"template":"","meta":{"_acf_changed":false},"product_brand":[],"product_cat":[69],"product_tag":[],"class_list":{"0":"post-11618","1":"product","2":"type-product","3":"status-publish","4":"has-post-thumbnail","6":"product_cat-fine-chemicals","8":"first","9":"instock","10":"shipping-taxable","11":"product-type-simple"},"acf":[],"yoast_head":"<!-- This site is optimized with the Yoast SEO plugin v27.4 - https:\/\/yoast.com\/product\/yoast-seo-wordpress\/ -->\n<title>Propylene Glycol - rawchemicalmart.com<\/title>\n<meta name=\"robots\" content=\"index, follow, max-snippet:-1, max-image-preview:large, max-video-preview:-1\" \/>\n<link rel=\"canonical\" href=\"https:\/\/rawchemicalmart.com\/es\/producto\/propylene-glycol\/\" \/>\n<meta property=\"og:locale\" content=\"es_ES\" \/>\n<meta property=\"og:type\" content=\"article\" \/>\n<meta property=\"og:title\" content=\"Propylene Glycol - rawchemicalmart.com\" \/>\n<meta property=\"og:description\" content=\"Propylene Glycol (PG), with the chemical formula C\u2083H\u2088O\u2082, is a colorless, odorless, and viscous liquid belonging to the glycol family. It is a versatile chemical widely used as a humectant, solvent, and preservative in various industries, including food, pharmaceuticals, cosmetics, and industrial applications. Propylene Glycol is known for its low toxicity, excellent solubility, and stability, making it a preferred choice in many formulations.\" \/>\n<meta property=\"og:url\" content=\"https:\/\/rawchemicalmart.com\/es\/producto\/propylene-glycol\/\" \/>\n<meta property=\"og:site_name\" content=\"rawchemicalmart.com\" \/>\n<meta property=\"article:modified_time\" content=\"2026-01-23T08:55:10+00:00\" \/>\n<meta property=\"og:image\" content=\"https:\/\/rawchemicalmart.com\/wp-content\/uploads\/2025\/05\/propylene-glycol-2025-01-13_1.png\" \/>\n\t<meta property=\"og:image:width\" content=\"800\" \/>\n\t<meta property=\"og:image:height\" content=\"800\" \/>\n\t<meta property=\"og:image:type\" content=\"image\/png\" \/>\n<meta name=\"twitter:card\" content=\"summary_large_image\" \/>\n<meta name=\"twitter:label1\" content=\"Tiempo de lectura\" \/>\n\t<meta name=\"twitter:data1\" content=\"2 minutos\" \/>\n<script type=\"application\/ld+json\" class=\"yoast-schema-graph\">{\"@context\":\"https:\\\/\\\/schema.org\",\"@graph\":[{\"@type\":\"WebPage\",\"@id\":\"https:\\\/\\\/rawchemicalmart.com\\\/product\\\/propylene-glycol\\\/\",\"url\":\"https:\\\/\\\/rawchemicalmart.com\\\/product\\\/propylene-glycol\\\/\",\"name\":\"Propylene Glycol - rawchemicalmart.com\",\"isPartOf\":{\"@id\":\"https:\\\/\\\/rawchemicalmart.com\\\/#website\"},\"primaryImageOfPage\":{\"@id\":\"https:\\\/\\\/rawchemicalmart.com\\\/product\\\/propylene-glycol\\\/#primaryimage\"},\"image\":{\"@id\":\"https:\\\/\\\/rawchemicalmart.com\\\/product\\\/propylene-glycol\\\/#primaryimage\"},\"thumbnailUrl\":\"https:\\\/\\\/rawchemicalmart.com\\\/wp-content\\\/uploads\\\/2025\\\/05\\\/propylene-glycol-2025-01-13_1.png\",\"datePublished\":\"2025-05-24T00:48:29+00:00\",\"dateModified\":\"2026-01-23T08:55:10+00:00\",\"breadcrumb\":{\"@id\":\"https:\\\/\\\/rawchemicalmart.com\\\/product\\\/propylene-glycol\\\/#breadcrumb\"},\"inLanguage\":\"es\",\"potentialAction\":[{\"@type\":\"ReadAction\",\"target\":[\"https:\\\/\\\/rawchemicalmart.com\\\/product\\\/propylene-glycol\\\/\"]}]},{\"@type\":\"ImageObject\",\"inLanguage\":\"es\",\"@id\":\"https:\\\/\\\/rawchemicalmart.com\\\/product\\\/propylene-glycol\\\/#primaryimage\",\"url\":\"https:\\\/\\\/rawchemicalmart.com\\\/wp-content\\\/uploads\\\/2025\\\/05\\\/propylene-glycol-2025-01-13_1.png\",\"contentUrl\":\"https:\\\/\\\/rawchemicalmart.com\\\/wp-content\\\/uploads\\\/2025\\\/05\\\/propylene-glycol-2025-01-13_1.png\",\"width\":800,\"height\":800},{\"@type\":\"BreadcrumbList\",\"@id\":\"https:\\\/\\\/rawchemicalmart.com\\\/product\\\/propylene-glycol\\\/#breadcrumb\",\"itemListElement\":[{\"@type\":\"ListItem\",\"position\":1,\"name\":\"Home\",\"item\":\"https:\\\/\\\/rawchemicalmart.com\\\/\"},{\"@type\":\"ListItem\",\"position\":2,\"name\":\"Products\",\"item\":\"https:\\\/\\\/rawchemicalmart.com\\\/shop\\\/\"},{\"@type\":\"ListItem\",\"position\":3,\"name\":\"Propylene Glycol\"}]},{\"@type\":\"WebSite\",\"@id\":\"https:\\\/\\\/rawchemicalmart.com\\\/#website\",\"url\":\"https:\\\/\\\/rawchemicalmart.com\\\/\",\"name\":\"rawchemicalmart.com\",\"description\":\"Leading Raw Chemicals Supplier\",\"potentialAction\":[{\"@type\":\"SearchAction\",\"target\":{\"@type\":\"EntryPoint\",\"urlTemplate\":\"https:\\\/\\\/rawchemicalmart.com\\\/?s={search_term_string}\"},\"query-input\":{\"@type\":\"PropertyValueSpecification\",\"valueRequired\":true,\"valueName\":\"search_term_string\"}}],\"inLanguage\":\"es\"}]}<\/script>\n<!-- \/ Yoast SEO plugin. -->","yoast_head_json":{"title":"Propylene Glycol - rawchemicalmart.com","robots":{"index":"index","follow":"follow","max-snippet":"max-snippet:-1","max-image-preview":"max-image-preview:large","max-video-preview":"max-video-preview:-1"},"canonical":"https:\/\/rawchemicalmart.com\/es\/producto\/propylene-glycol\/","og_locale":"es_ES","og_type":"article","og_title":"Propylene Glycol - rawchemicalmart.com","og_description":"Propylene Glycol (PG), with the chemical formula C\u2083H\u2088O\u2082, is a colorless, odorless, and viscous liquid belonging to the glycol family. It is a versatile chemical widely used as a humectant, solvent, and preservative in various industries, including food, pharmaceuticals, cosmetics, and industrial applications. Propylene Glycol is known for its low toxicity, excellent solubility, and stability, making it a preferred choice in many formulations.","og_url":"https:\/\/rawchemicalmart.com\/es\/producto\/propylene-glycol\/","og_site_name":"rawchemicalmart.com","article_modified_time":"2026-01-23T08:55:10+00:00","og_image":[{"width":800,"height":800,"url":"https:\/\/rawchemicalmart.com\/wp-content\/uploads\/2025\/05\/propylene-glycol-2025-01-13_1.png","type":"image\/png"}],"twitter_card":"summary_large_image","twitter_misc":{"Tiempo de lectura":"2 minutos"},"schema":{"@context":"https:\/\/schema.org","@graph":[{"@type":"WebPage","@id":"https:\/\/rawchemicalmart.com\/product\/propylene-glycol\/","url":"https:\/\/rawchemicalmart.com\/product\/propylene-glycol\/","name":"Propylene Glycol - rawchemicalmart.com","isPartOf":{"@id":"https:\/\/rawchemicalmart.com\/#website"},"primaryImageOfPage":{"@id":"https:\/\/rawchemicalmart.com\/product\/propylene-glycol\/#primaryimage"},"image":{"@id":"https:\/\/rawchemicalmart.com\/product\/propylene-glycol\/#primaryimage"},"thumbnailUrl":"https:\/\/rawchemicalmart.com\/wp-content\/uploads\/2025\/05\/propylene-glycol-2025-01-13_1.png","datePublished":"2025-05-24T00:48:29+00:00","dateModified":"2026-01-23T08:55:10+00:00","breadcrumb":{"@id":"https:\/\/rawchemicalmart.com\/product\/propylene-glycol\/#breadcrumb"},"inLanguage":"es","potentialAction":[{"@type":"ReadAction","target":["https:\/\/rawchemicalmart.com\/product\/propylene-glycol\/"]}]},{"@type":"ImageObject","inLanguage":"es","@id":"https:\/\/rawchemicalmart.com\/product\/propylene-glycol\/#primaryimage","url":"https:\/\/rawchemicalmart.com\/wp-content\/uploads\/2025\/05\/propylene-glycol-2025-01-13_1.png","contentUrl":"https:\/\/rawchemicalmart.com\/wp-content\/uploads\/2025\/05\/propylene-glycol-2025-01-13_1.png","width":800,"height":800},{"@type":"BreadcrumbList","@id":"https:\/\/rawchemicalmart.com\/product\/propylene-glycol\/#breadcrumb","itemListElement":[{"@type":"ListItem","position":1,"name":"Home","item":"https:\/\/rawchemicalmart.com\/"},{"@type":"ListItem","position":2,"name":"Products","item":"https:\/\/rawchemicalmart.com\/shop\/"},{"@type":"ListItem","position":3,"name":"Propylene Glycol"}]},{"@type":"WebSite","@id":"https:\/\/rawchemicalmart.com\/#website","url":"https:\/\/rawchemicalmart.com\/","name":"rawchemicalmart.com","description":"Proveedor l\u00edder de productos qu\u00edmicos b\u00e1sicos","potentialAction":[{"@type":"SearchAction","target":{"@type":"EntryPoint","urlTemplate":"https:\/\/rawchemicalmart.com\/?s={search_term_string}"},"query-input":{"@type":"PropertyValueSpecification","valueRequired":true,"valueName":"search_term_string"}}],"inLanguage":"es"}]}},"_links":{"self":[{"href":"https:\/\/rawchemicalmart.com\/es\/wp-json\/wp\/v2\/product\/11618","targetHints":{"allow":["GET"]}}],"collection":[{"href":"https:\/\/rawchemicalmart.com\/es\/wp-json\/wp\/v2\/product"}],"about":[{"href":"https:\/\/rawchemicalmart.com\/es\/wp-json\/wp\/v2\/types\/product"}],"wp:featuredmedia":[{"embeddable":true,"href":"https:\/\/rawchemicalmart.com\/es\/wp-json\/wp\/v2\/media\/11089"}],"wp:attachment":[{"href":"https:\/\/rawchemicalmart.com\/es\/wp-json\/wp\/v2\/media?parent=11618"}],"wp:term":[{"taxonomy":"product_brand","embeddable":true,"href":"https:\/\/rawchemicalmart.com\/es\/wp-json\/wp\/v2\/product_brand?post=11618"},{"taxonomy":"product_cat","embeddable":true,"href":"https:\/\/rawchemicalmart.com\/es\/wp-json\/wp\/v2\/product_cat?post=11618"},{"taxonomy":"product_tag","embeddable":true,"href":"https:\/\/rawchemicalmart.com\/es\/wp-json\/wp\/v2\/product_tag?post=11618"}],"curies":[{"name":"wp","href":"https:\/\/api.w.org\/{rel}","templated":true}]}}