{"id":11616,"date":"2025-05-24T00:42:59","date_gmt":"2025-05-24T00:42:59","guid":{"rendered":"https:\/\/rawchemicalmart.com\/?post_type=product&#038;p=11616"},"modified":"2026-01-23T08:19:33","modified_gmt":"2026-01-23T08:19:33","slug":"resina-epoxi-npel-128","status":"publish","type":"product","link":"https:\/\/rawchemicalmart.com\/es\/producto\/resina-epoxi-npel-128\/","title":{"rendered":"Resina epoxi NPEL-128"},"content":{"rendered":"<h2 class=\"md-end-block md-heading md-focus\"><span class=\"md-plain md-expand\">Especificaciones y propiedades t\u00edpicas:<\/span><\/h2>\n<div class=\"table-scroll-wrapper\">\n<table id=\"tablepress-54\" class=\"tablepress tablepress-id-54\">\n<thead>\n<tr class=\"row-1\">\n\t<th class=\"column-1\">Art\u00edculo<\/th><th class=\"column-2\">Calidad<\/th><th class=\"column-3\">Unidad<\/th><th class=\"column-4\">Rango<\/th>\n<\/tr>\n<\/thead>\n<tbody class=\"row-striping row-hover\">\n<tr class=\"row-2\">\n\t<td class=\"column-1\">1<\/td><td class=\"column-2\">Estado f\u00edsico<\/td><td class=\"column-3\">\u2014<\/td><td class=\"column-4\">L\u00edquido<\/td>\n<\/tr>\n<tr class=\"row-3\">\n\t<td class=\"column-1\">2<\/td><td class=\"column-2\">Peso equivalente de epoxi<\/td><td class=\"column-3\">g\/eq<\/td><td class=\"column-4\">184~190<\/td>\n<\/tr>\n<tr class=\"row-4\">\n\t<td class=\"column-1\">3<\/td><td class=\"column-2\">Cloro hidrolizable<\/td><td class=\"column-3\">ppm<\/td><td class=\"column-4\">1000\u2193<\/td>\n<\/tr>\n<tr class=\"row-5\">\n\t<td class=\"column-1\">4<\/td><td class=\"column-2\">Color<\/td><td class=\"column-3\">Gardner<\/td><td class=\"column-4\">0.0~1.0<\/td>\n<\/tr>\n<tr class=\"row-6\">\n\t<td class=\"column-1\">5<\/td><td class=\"column-2\">Viscosidad<\/td><td class=\"column-3\">cps\/25\u00b0C<\/td><td class=\"column-4\">12000 ~ 15000<\/td>\n<\/tr>\n<\/tbody>\n<\/table>\n<!-- #tablepress-54 from cache --><\/div>\n<h2 class=\"md-end-block md-heading md-focus\"><span class=\"md-plain md-expand\">Caracter\u00edsticas de viscosidad vs. temperatura:<\/span><\/h2>\n<p><img decoding=\"async\" class=\"alignnone size-medium wp-image-11128\" src=\"https:\/\/rawchemicalmart.com\/wp-content\/uploads\/2025\/05\/\u5fae\u4fe1\u622a\u56fe_20250122113053-300x142.jpg\" alt=\"\" width=\"300\" height=\"142\" srcset=\"https:\/\/rawchemicalmart.com\/wp-content\/uploads\/2025\/05\/\u5fae\u4fe1\u622a\u56fe_20250122113053-300x142.jpg 300w, https:\/\/rawchemicalmart.com\/wp-content\/uploads\/2025\/05\/\u5fae\u4fe1\u622a\u56fe_20250122113053-600x285.jpg 600w, https:\/\/rawchemicalmart.com\/wp-content\/uploads\/2025\/05\/\u5fae\u4fe1\u622a\u56fe_20250122113053-768x365.jpg 768w, https:\/\/rawchemicalmart.com\/wp-content\/uploads\/2025\/05\/\u5fae\u4fe1\u622a\u56fe_20250122113053.jpg 859w\" sizes=\"(max-width: 300px) 100vw, 300px\" \/><\/p>\n<h2 class=\"md-end-block md-heading\"><span class=\"md-plain\">Solicitud:<\/span><\/h2>\n<p class=\"md-end-block md-p\"><span class=\"md-plain\">1. Laminados<\/span><\/p>\n<p class=\"md-end-block md-p\"><span class=\"md-plain\">2. Bobinado de filamentos<\/span><\/p>\n<p class=\"md-end-block md-p\"><span class=\"md-plain\">3. Encapsulaci\u00f3n<\/span><\/p>\n<p class=\"md-end-block md-p\"><span class=\"md-plain\">4. Ingenier\u00eda civil<\/span><\/p>\n<p class=\"md-end-block md-p\"><span class=\"md-plain\">5. Herramientas<\/span><\/p>\n<p class=\"md-end-block md-p\"><span class=\"md-plain\">6. Recubrimientos<\/span><\/p>\n<p class=\"md-end-block md-p\"><span class=\"md-plain\">7. Adhesivos<\/span><\/p>\n<h2 class=\"md-end-block md-heading\"><span class=\"md-plain\">Propiedades de almacenamiento:<\/span><\/h2>\n<p class=\"md-end-block md-p\"><span class=\"md-plain\">Al menos 12 meses en envases sellados a temperatura ambiente. Si el NPEL-128 presenta turbidez o cristalizaci\u00f3n durante el almacenamiento, se puede dispersar y la resina recuperar\u00e1 su estado original calent\u00e1ndola a 50-60 \u00b0C con agitaci\u00f3n.<\/span><\/p>\n<h2 class=\"md-end-block md-heading\"><span class=\"md-plain\">Precauciones de manipulaci\u00f3n:<\/span><\/h2>\n<p class=\"md-end-block md-p md-focus\"><span class=\"md-plain\">El producto puede causar irritaci\u00f3n cut\u00e1nea y ocular. En caso de contacto con la piel, l\u00e1vese inmediatamente con agua y jab\u00f3n. En caso de contacto con los ojos, enjuague con abundante agua durante 15 minutos y busque atenci\u00f3n m\u00e9dica de inmediato.<\/span><\/p>\n<p>&nbsp;<\/p>\n<p>&nbsp;<\/p>","protected":false},"excerpt":{"rendered":"<p class=\"tmnf_excerpt\">NPEL-128 is a high-purity BPA-type liquid epoxy resin, which is manufactured from bisphenol-A and epichlorohydrin. It is recognized as a standard form in which variations have been developed. Cured NPEL-128 always offers quality and high-purity properties in applications, such as maximum mechanical strength, good chemical resistance and excellent heat resistance, etc.\nChemical Composition:\nDiglycidyl ether of Bisphenol-A\n<\/p>","protected":false},"featured_media":11050,"template":"","meta":{"_acf_changed":false},"product_brand":[],"product_cat":[67],"product_tag":[],"class_list":{"0":"post-11616","1":"product","2":"type-product","3":"status-publish","4":"has-post-thumbnail","6":"product_cat-epoxy-resin","8":"first","9":"instock","10":"shipping-taxable","11":"product-type-simple"},"acf":[],"yoast_head":"<!-- This site is optimized with the Yoast SEO plugin v27.4 - https:\/\/yoast.com\/product\/yoast-seo-wordpress\/ -->\n<title>Epoxy Resin NPEL-128 - rawchemicalmart.com<\/title>\n<meta name=\"robots\" content=\"index, follow, max-snippet:-1, max-image-preview:large, max-video-preview:-1\" \/>\n<link rel=\"canonical\" href=\"https:\/\/rawchemicalmart.com\/es\/producto\/resina-epoxi-npel-128\/\" \/>\n<meta property=\"og:locale\" content=\"es_ES\" \/>\n<meta property=\"og:type\" content=\"article\" \/>\n<meta property=\"og:title\" content=\"Epoxy Resin NPEL-128 - rawchemicalmart.com\" \/>\n<meta property=\"og:description\" content=\"NPEL-128 is a high-purity BPA-type liquid epoxy resin, which is manufactured from bisphenol-A and epichlorohydrin. It is recognized as a standard form in which variations have been developed. Cured NPEL-128 always offers quality and high-purity properties in applications, such as maximum mechanical strength, good chemical resistance and excellent heat resistance, etc. Chemical Composition: Diglycidyl ether of Bisphenol-A\" \/>\n<meta property=\"og:url\" content=\"https:\/\/rawchemicalmart.com\/es\/producto\/resina-epoxi-npel-128\/\" \/>\n<meta property=\"og:site_name\" content=\"rawchemicalmart.com\" \/>\n<meta property=\"article:modified_time\" content=\"2026-01-23T08:19:33+00:00\" \/>\n<meta property=\"og:image\" content=\"https:\/\/rawchemicalmart.com\/wp-content\/uploads\/2025\/05\/epoxy-resin-2025-01-13_2.png\" \/>\n\t<meta property=\"og:image:width\" content=\"800\" \/>\n\t<meta property=\"og:image:height\" content=\"800\" \/>\n\t<meta property=\"og:image:type\" content=\"image\/png\" \/>\n<meta name=\"twitter:card\" content=\"summary_large_image\" \/>\n<meta name=\"twitter:label1\" content=\"Tiempo de lectura\" \/>\n\t<meta name=\"twitter:data1\" content=\"1 minuto\" \/>\n<script type=\"application\/ld+json\" class=\"yoast-schema-graph\">{\"@context\":\"https:\\\/\\\/schema.org\",\"@graph\":[{\"@type\":\"WebPage\",\"@id\":\"https:\\\/\\\/rawchemicalmart.com\\\/product\\\/epoxy-resin-npel-128\\\/\",\"url\":\"https:\\\/\\\/rawchemicalmart.com\\\/product\\\/epoxy-resin-npel-128\\\/\",\"name\":\"Epoxy Resin NPEL-128 - rawchemicalmart.com\",\"isPartOf\":{\"@id\":\"https:\\\/\\\/rawchemicalmart.com\\\/#website\"},\"primaryImageOfPage\":{\"@id\":\"https:\\\/\\\/rawchemicalmart.com\\\/product\\\/epoxy-resin-npel-128\\\/#primaryimage\"},\"image\":{\"@id\":\"https:\\\/\\\/rawchemicalmart.com\\\/product\\\/epoxy-resin-npel-128\\\/#primaryimage\"},\"thumbnailUrl\":\"https:\\\/\\\/rawchemicalmart.com\\\/wp-content\\\/uploads\\\/2025\\\/05\\\/epoxy-resin-2025-01-13_2.png\",\"datePublished\":\"2025-05-24T00:42:59+00:00\",\"dateModified\":\"2026-01-23T08:19:33+00:00\",\"breadcrumb\":{\"@id\":\"https:\\\/\\\/rawchemicalmart.com\\\/product\\\/epoxy-resin-npel-128\\\/#breadcrumb\"},\"inLanguage\":\"es\",\"potentialAction\":[{\"@type\":\"ReadAction\",\"target\":[\"https:\\\/\\\/rawchemicalmart.com\\\/product\\\/epoxy-resin-npel-128\\\/\"]}]},{\"@type\":\"ImageObject\",\"inLanguage\":\"es\",\"@id\":\"https:\\\/\\\/rawchemicalmart.com\\\/product\\\/epoxy-resin-npel-128\\\/#primaryimage\",\"url\":\"https:\\\/\\\/rawchemicalmart.com\\\/wp-content\\\/uploads\\\/2025\\\/05\\\/epoxy-resin-2025-01-13_2.png\",\"contentUrl\":\"https:\\\/\\\/rawchemicalmart.com\\\/wp-content\\\/uploads\\\/2025\\\/05\\\/epoxy-resin-2025-01-13_2.png\",\"width\":800,\"height\":800},{\"@type\":\"BreadcrumbList\",\"@id\":\"https:\\\/\\\/rawchemicalmart.com\\\/product\\\/epoxy-resin-npel-128\\\/#breadcrumb\",\"itemListElement\":[{\"@type\":\"ListItem\",\"position\":1,\"name\":\"Home\",\"item\":\"https:\\\/\\\/rawchemicalmart.com\\\/\"},{\"@type\":\"ListItem\",\"position\":2,\"name\":\"Products\",\"item\":\"https:\\\/\\\/rawchemicalmart.com\\\/shop\\\/\"},{\"@type\":\"ListItem\",\"position\":3,\"name\":\"Epoxy Resin NPEL-128\"}]},{\"@type\":\"WebSite\",\"@id\":\"https:\\\/\\\/rawchemicalmart.com\\\/#website\",\"url\":\"https:\\\/\\\/rawchemicalmart.com\\\/\",\"name\":\"rawchemicalmart.com\",\"description\":\"Leading Raw Chemicals Supplier\",\"potentialAction\":[{\"@type\":\"SearchAction\",\"target\":{\"@type\":\"EntryPoint\",\"urlTemplate\":\"https:\\\/\\\/rawchemicalmart.com\\\/?s={search_term_string}\"},\"query-input\":{\"@type\":\"PropertyValueSpecification\",\"valueRequired\":true,\"valueName\":\"search_term_string\"}}],\"inLanguage\":\"es\"}]}<\/script>\n<!-- \/ Yoast SEO plugin. -->","yoast_head_json":{"title":"Resina epoxi NPEL-128 - rawchemicalmart.com","robots":{"index":"index","follow":"follow","max-snippet":"max-snippet:-1","max-image-preview":"max-image-preview:large","max-video-preview":"max-video-preview:-1"},"canonical":"https:\/\/rawchemicalmart.com\/es\/producto\/resina-epoxi-npel-128\/","og_locale":"es_ES","og_type":"article","og_title":"Epoxy Resin NPEL-128 - rawchemicalmart.com","og_description":"NPEL-128 is a high-purity BPA-type liquid epoxy resin, which is manufactured from bisphenol-A and epichlorohydrin. It is recognized as a standard form in which variations have been developed. Cured NPEL-128 always offers quality and high-purity properties in applications, such as maximum mechanical strength, good chemical resistance and excellent heat resistance, etc. Chemical Composition: Diglycidyl ether of Bisphenol-A","og_url":"https:\/\/rawchemicalmart.com\/es\/producto\/resina-epoxi-npel-128\/","og_site_name":"rawchemicalmart.com","article_modified_time":"2026-01-23T08:19:33+00:00","og_image":[{"width":800,"height":800,"url":"https:\/\/rawchemicalmart.com\/wp-content\/uploads\/2025\/05\/epoxy-resin-2025-01-13_2.png","type":"image\/png"}],"twitter_card":"summary_large_image","twitter_misc":{"Tiempo de lectura":"1 minuto"},"schema":{"@context":"https:\/\/schema.org","@graph":[{"@type":"WebPage","@id":"https:\/\/rawchemicalmart.com\/product\/epoxy-resin-npel-128\/","url":"https:\/\/rawchemicalmart.com\/product\/epoxy-resin-npel-128\/","name":"Resina epoxi NPEL-128 - rawchemicalmart.com","isPartOf":{"@id":"https:\/\/rawchemicalmart.com\/#website"},"primaryImageOfPage":{"@id":"https:\/\/rawchemicalmart.com\/product\/epoxy-resin-npel-128\/#primaryimage"},"image":{"@id":"https:\/\/rawchemicalmart.com\/product\/epoxy-resin-npel-128\/#primaryimage"},"thumbnailUrl":"https:\/\/rawchemicalmart.com\/wp-content\/uploads\/2025\/05\/epoxy-resin-2025-01-13_2.png","datePublished":"2025-05-24T00:42:59+00:00","dateModified":"2026-01-23T08:19:33+00:00","breadcrumb":{"@id":"https:\/\/rawchemicalmart.com\/product\/epoxy-resin-npel-128\/#breadcrumb"},"inLanguage":"es","potentialAction":[{"@type":"ReadAction","target":["https:\/\/rawchemicalmart.com\/product\/epoxy-resin-npel-128\/"]}]},{"@type":"ImageObject","inLanguage":"es","@id":"https:\/\/rawchemicalmart.com\/product\/epoxy-resin-npel-128\/#primaryimage","url":"https:\/\/rawchemicalmart.com\/wp-content\/uploads\/2025\/05\/epoxy-resin-2025-01-13_2.png","contentUrl":"https:\/\/rawchemicalmart.com\/wp-content\/uploads\/2025\/05\/epoxy-resin-2025-01-13_2.png","width":800,"height":800},{"@type":"BreadcrumbList","@id":"https:\/\/rawchemicalmart.com\/product\/epoxy-resin-npel-128\/#breadcrumb","itemListElement":[{"@type":"ListItem","position":1,"name":"Home","item":"https:\/\/rawchemicalmart.com\/"},{"@type":"ListItem","position":2,"name":"Products","item":"https:\/\/rawchemicalmart.com\/shop\/"},{"@type":"ListItem","position":3,"name":"Epoxy Resin NPEL-128"}]},{"@type":"WebSite","@id":"https:\/\/rawchemicalmart.com\/#website","url":"https:\/\/rawchemicalmart.com\/","name":"rawchemicalmart.com","description":"Proveedor l\u00edder de productos qu\u00edmicos b\u00e1sicos","potentialAction":[{"@type":"SearchAction","target":{"@type":"EntryPoint","urlTemplate":"https:\/\/rawchemicalmart.com\/?s={search_term_string}"},"query-input":{"@type":"PropertyValueSpecification","valueRequired":true,"valueName":"search_term_string"}}],"inLanguage":"es"}]}},"_links":{"self":[{"href":"https:\/\/rawchemicalmart.com\/es\/wp-json\/wp\/v2\/product\/11616","targetHints":{"allow":["GET"]}}],"collection":[{"href":"https:\/\/rawchemicalmart.com\/es\/wp-json\/wp\/v2\/product"}],"about":[{"href":"https:\/\/rawchemicalmart.com\/es\/wp-json\/wp\/v2\/types\/product"}],"wp:featuredmedia":[{"embeddable":true,"href":"https:\/\/rawchemicalmart.com\/es\/wp-json\/wp\/v2\/media\/11050"}],"wp:attachment":[{"href":"https:\/\/rawchemicalmart.com\/es\/wp-json\/wp\/v2\/media?parent=11616"}],"wp:term":[{"taxonomy":"product_brand","embeddable":true,"href":"https:\/\/rawchemicalmart.com\/es\/wp-json\/wp\/v2\/product_brand?post=11616"},{"taxonomy":"product_cat","embeddable":true,"href":"https:\/\/rawchemicalmart.com\/es\/wp-json\/wp\/v2\/product_cat?post=11616"},{"taxonomy":"product_tag","embeddable":true,"href":"https:\/\/rawchemicalmart.com\/es\/wp-json\/wp\/v2\/product_tag?post=11616"}],"curies":[{"name":"wp","href":"https:\/\/api.w.org\/{rel}","templated":true}]}}