{"id":11607,"date":"2025-05-24T00:17:05","date_gmt":"2025-05-24T00:17:05","guid":{"rendered":"https:\/\/rawchemicalmart.com\/?post_type=product&#038;p=11607"},"modified":"2025-06-07T01:13:33","modified_gmt":"2025-06-07T01:13:33","slug":"acido-cianurico","status":"publish","type":"product","link":"https:\/\/rawchemicalmart.com\/es\/producto\/acido-cianurico\/","title":{"rendered":"\u00c1cido cian\u00farico"},"content":{"rendered":"<h2 class=\"md-end-block md-heading md-focus\"><span class=\"md-plain md-expand\">Presupuesto:<\/span><\/h2>\n<div class=\"table-scroll-wrapper\">\n<table id=\"tablepress-55\" class=\"tablepress tablepress-id-55\">\n<thead>\n<tr class=\"row-1\">\n\t<th class=\"column-1\">Especificaci\u00f3n<\/th><th class=\"column-2\">Forma de polvo<\/th><th class=\"column-3\">Forma granular<\/th>\n<\/tr>\n<\/thead>\n<tbody class=\"row-striping row-hover\">\n<tr class=\"row-2\">\n\t<td class=\"column-1\">Contenido (base seca)<\/td><td class=\"column-2\">\u226598,5%<\/td><td class=\"column-3\">\u226598,0%<\/td>\n<\/tr>\n<tr class=\"row-3\">\n\t<td class=\"column-1\">Humedad<\/td><td class=\"column-2\">\u22640,5%<\/td><td class=\"column-3\">\u22645.0%<\/td>\n<\/tr>\n<tr class=\"row-4\">\n\t<td class=\"column-1\">pH (soluci\u00f3n acuosa 1%)<\/td><td class=\"column-2\">\u22653,8<\/td><td class=\"column-3\">\u22653,8<\/td>\n<\/tr>\n<tr class=\"row-5\">\n\t<td class=\"column-1\">Residuos al encenderse<\/td><td class=\"column-2\">\u22640,1%<\/td><td class=\"column-3\">\u22640,1%<\/td>\n<\/tr>\n<tr class=\"row-6\">\n\t<td class=\"column-1\">Amida de \u00e1cido cian\u00farico<\/td><td class=\"column-2\">\u22640,5%<\/td><td class=\"column-3\">--<\/td>\n<\/tr>\n<tr class=\"row-7\">\n\t<td class=\"column-1\">Hierro<\/td><td class=\"column-2\">\u226435 ppm<\/td><td class=\"column-3\">--<\/td>\n<\/tr>\n<tr class=\"row-8\">\n\t<td class=\"column-1\">sulfatos<\/td><td class=\"column-2\">\u22640,5%<\/td><td class=\"column-3\">--<\/td>\n<\/tr>\n<tr class=\"row-9\">\n\t<td class=\"column-1\">Tama\u00f1o de part\u00edcula<\/td><td class=\"column-2\">95% pasa a trav\u00e9s de malla 80<\/td><td class=\"column-3\">95% pasa a trav\u00e9s de malla 10-30<\/td>\n<\/tr>\n<\/tbody>\n<\/table>\n<!-- #tablepress-55 from cache --><\/div>\n<h2 class=\"md-end-block md-heading\"><span class=\"md-plain\">Propiedades y caracter\u00edsticas:<\/span><\/h2>\n<ul class=\"ul-list\" data-mark=\"-\">\n<li class=\"md-list-item\">\n<p class=\"md-end-block md-p\"><span class=\"md-pair-s\"><strong><span class=\"md-plain\">Agente estabilizador<\/span><\/strong><\/span><span class=\"md-plain\">El \u00e1cido cian\u00farico se utiliza principalmente para estabilizar el cloro en el agua de la piscina, reduciendo la tasa de p\u00e9rdida de cloro debido a la degradaci\u00f3n UV.<\/span><\/p>\n<\/li>\n<li class=\"md-list-item\">\n<p class=\"md-end-block md-p\"><span class=\"md-pair-s\"><strong><span class=\"md-plain\">Uso industrial<\/span><\/strong><\/span><span class=\"md-plain\">:Se utiliza en la producci\u00f3n de herbicidas y es un intermedio importante en la s\u00edntesis de diversos productos qu\u00edmicos.<\/span><\/p>\n<\/li>\n<li class=\"md-list-item\">\n<p class=\"md-end-block md-p\"><span class=\"md-pair-s\"><strong><span class=\"md-plain\">Reactividad qu\u00edmica<\/span><\/strong><\/span><span class=\"md-plain\">El \u00e1cido cian\u00farico reacciona con los \u00e1lcalis y puede formar sales como el cianurato de sodio. Tambi\u00e9n puede reaccionar con aminas para formar diversos derivados.<\/span><\/p>\n<\/li>\n<li class=\"md-list-item\">\n<p class=\"md-end-block md-p\"><span class=\"md-pair-s\"><strong><span class=\"md-plain\">Estabilidad ambiental<\/span><\/strong><\/span><span class=\"md-plain\">Es muy estable en condiciones normales y no se descompone f\u00e1cilmente, lo que lo convierte en un producto qu\u00edmico eficaz para aplicaciones a largo plazo.<\/span><\/p>\n<\/li>\n<\/ul>\n<h2 class=\"md-end-block md-heading\"><span class=\"md-plain\">Aplicaciones:<\/span><\/h2>\n<ul class=\"ul-list\" data-mark=\"-\">\n<li class=\"md-list-item\">\n<p class=\"md-end-block md-p\"><span class=\"md-pair-s\"><strong><span class=\"md-plain\">Tratamiento de agua<\/span><\/strong><\/span><span class=\"md-plain\">:El \u00e1cido cian\u00farico se utiliza com\u00fanmente en el mantenimiento de piscinas para ayudar a estabilizar el cloro, aumentando su eficiencia y reduciendo la frecuencia de adici\u00f3n de cloro.<\/span><\/p>\n<\/li>\n<li class=\"md-list-item\">\n<p class=\"md-end-block md-p\"><span class=\"md-pair-s\"><strong><span class=\"md-plain\">Agricultura<\/span><\/strong><\/span><span class=\"md-plain\">:Se utiliza en formulaciones de herbicidas para controlar el crecimiento de malezas.<\/span><\/p>\n<\/li>\n<li class=\"md-list-item\">\n<p class=\"md-end-block md-p\"><span class=\"md-pair-s\"><strong><span class=\"md-plain\">Usos industriales<\/span><\/strong><\/span><span class=\"md-plain\">En la producci\u00f3n de resinas, pl\u00e1sticos y recubrimientos. Puede participar en la s\u00edntesis de productos qu\u00edmicos espec\u00edficos donde la estabilidad y la resistencia a la degradaci\u00f3n por rayos UV son cruciales.<\/span><\/p>\n<\/li>\n<li class=\"md-list-item\">\n<p class=\"md-end-block md-p\"><span class=\"md-pair-s\"><strong><span class=\"md-plain\">Industria textil<\/span><\/strong><\/span><span class=\"md-plain\">:Se utiliza en procesos de te\u00f1ido y acabado de tejidos.<\/span><\/p>\n<\/li>\n<\/ul>\n<h2 class=\"md-end-block md-heading\"><span class=\"md-plain\">Informaci\u00f3n de seguridad:<\/span><\/h2>\n<ul class=\"ul-list\" data-mark=\"-\">\n<li class=\"md-list-item\">\n<p class=\"md-end-block md-p\"><span class=\"md-plain\">Clasificaci\u00f3n de peligros<\/span><span class=\"md-plain\">:<\/span><\/p>\n<ul class=\"ul-list\" data-mark=\"-\">\n<li class=\"md-list-item\">\n<p class=\"md-end-block md-p\"><span class=\"md-plain\">No t\u00f3xico en peque\u00f1as cantidades.<\/span><\/p>\n<\/li>\n<li class=\"md-list-item\">\n<p class=\"md-end-block md-p\"><span class=\"md-plain\">Durante la manipulaci\u00f3n se debe evitar la inhalaci\u00f3n directa de polvo y el contacto prolongado con la piel.<\/span><\/p>\n<\/li>\n<\/ul>\n<\/li>\n<li class=\"md-list-item\">\n<p class=\"md-end-block md-p\"><span class=\"md-plain\">Declaraciones de precauci\u00f3n<\/span><span class=\"md-plain\">:<\/span><\/p>\n<ul class=\"ul-list\" data-mark=\"-\">\n<li class=\"md-list-item\">\n<p class=\"md-end-block md-p\"><span class=\"md-plain\">Use ropa protectora, guantes y protecci\u00f3n para los ojos adecuados durante su manipulaci\u00f3n.<\/span><\/p>\n<\/li>\n<li class=\"md-list-item\">\n<p class=\"md-end-block md-p\"><span class=\"md-plain\">Evite inhalar polvo o vapores.<\/span><\/p>\n<\/li>\n<li class=\"md-list-item\">\n<p class=\"md-end-block md-p\"><span class=\"md-plain\">Conservar en un lugar fresco y seco, alejado de materiales incompatibles como bases fuertes.<\/span><\/p>\n<\/li>\n<\/ul>\n<\/li>\n<li class=\"md-list-item\">\n<p class=\"md-end-block md-p\"><span class=\"md-plain\">Medidas de primeros auxilios<\/span><span class=\"md-plain\">:<\/span><\/p>\n<ul class=\"ul-list\" data-mark=\"-\">\n<li class=\"md-list-item\">\n<p class=\"md-end-block md-p\"><span class=\"md-pair-s\"><strong><span class=\"md-plain\">Contacto con la piel<\/span><\/strong><\/span><span class=\"md-plain\">:Lavar con abundante agua y jab\u00f3n.<\/span><\/p>\n<\/li>\n<li class=\"md-list-item\">\n<p class=\"md-end-block md-p\"><span class=\"md-pair-s\"><strong><span class=\"md-plain\">Contacto visual<\/span><\/strong><\/span><span class=\"md-plain\">Enjuague con abundante agua durante varios minutos. Busque atenci\u00f3n m\u00e9dica si la irritaci\u00f3n persiste.<\/span><\/p>\n<\/li>\n<li class=\"md-list-item\">\n<p class=\"md-end-block md-p\"><span class=\"md-pair-s\"><strong><span class=\"md-plain\">Ingesti\u00f3n<\/span><\/strong><\/span><span class=\"md-plain\">Enjuagar la boca con agua. No provocar el v\u00f3mito a menos que lo indique un profesional m\u00e9dico.<\/span><\/p>\n<\/li>\n<li class=\"md-list-item\">\n<p class=\"md-end-block md-p\"><span class=\"md-pair-s\"><strong><span class=\"md-plain\">Inhalaci\u00f3n<\/span><\/strong><\/span><span class=\"md-plain\">Traslade a la persona al aire libre. Busque atenci\u00f3n m\u00e9dica si los s\u00edntomas persisten.<\/span><\/p>\n<\/li>\n<\/ul>\n<\/li>\n<\/ul>\n<h2 class=\"md-end-block md-heading\"><span class=\"md-plain\">Embalaje y almacenamiento:<\/span><\/h2>\n<ul class=\"ul-list\" data-mark=\"-\">\n<li class=\"md-list-item\">\n<p class=\"md-end-block md-p\"><span class=\"md-pair-s\"><strong><span class=\"md-plain\">Embalaje<\/span><\/strong><\/span><span class=\"md-plain\">Generalmente se envasa en sacos o bidones de 25 kg. Disponemos de opciones de embalaje personalizadas a solicitud.<\/span><\/p>\n<\/li>\n<li class=\"md-list-item\">\n<p class=\"md-end-block md-p\"><span class=\"md-pair-s\"><strong><span class=\"md-plain\">Condiciones de almacenamiento<\/span><\/strong><\/span><span class=\"md-plain\">Conservar en un lugar seco y bien ventilado, alejado del calor y la luz solar directa. Cerrar bien los envases despu\u00e9s de su uso.<\/span><\/p>\n<\/li>\n<li class=\"md-list-item md-focus-container\">\n<p class=\"md-end-block md-p md-focus\"><span class=\"md-pair-s\"><strong><span class=\"md-plain\">Duraci\u00f3n<\/span><\/strong><\/span><span class=\"md-plain\">:2 a\u00f1os, si se almacena correctamente.<\/span><\/p>\n<\/li>\n<\/ul>","protected":false},"excerpt":{"rendered":"<p class=\"tmnf_excerpt\">Cyanuric Acid is a triazine derivative widely used in the chemical, textile, and water treatment industries. It is known for its stability and ability to form complexes with various compounds. Cyanuric acid is also used as a stabilizer for chlorine in swimming pools and has applications in the manufacturing of herbicides and resins.\nChemical Formula: C\u2083H\u2083N\u2083O\u2083\nMolecular Weight: 129.09 g\/mol\nCAS Number: 108-80-5\n<\/p>","protected":false},"featured_media":11153,"template":"","meta":{"_acf_changed":false},"product_brand":[],"product_cat":[50],"product_tag":[54],"class_list":{"0":"post-11607","1":"product","2":"type-product","3":"status-publish","4":"has-post-thumbnail","6":"product_cat-water-treatment","7":"product_tag-hot-sell","9":"first","10":"instock","11":"shipping-taxable","12":"product-type-simple"},"acf":[],"yoast_head":"<!-- This site is optimized with the Yoast SEO plugin v27.4 - https:\/\/yoast.com\/product\/yoast-seo-wordpress\/ -->\n<title>Cyanuric Acid - rawchemicalmart.com<\/title>\n<meta name=\"robots\" content=\"index, follow, max-snippet:-1, max-image-preview:large, max-video-preview:-1\" \/>\n<link rel=\"canonical\" href=\"https:\/\/rawchemicalmart.com\/es\/producto\/acido-cianurico\/\" \/>\n<meta property=\"og:locale\" content=\"es_ES\" \/>\n<meta property=\"og:type\" content=\"article\" \/>\n<meta property=\"og:title\" content=\"Cyanuric Acid - rawchemicalmart.com\" \/>\n<meta property=\"og:description\" content=\"Cyanuric Acid is a triazine derivative widely used in the chemical, textile, and water treatment industries. It is known for its stability and ability to form complexes with various compounds. Cyanuric acid is also used as a stabilizer for chlorine in swimming pools and has applications in the manufacturing of herbicides and resins. Chemical Formula: C\u2083H\u2083N\u2083O\u2083 Molecular Weight: 129.09 g\/mol CAS Number: 108-80-5\" \/>\n<meta property=\"og:url\" content=\"https:\/\/rawchemicalmart.com\/es\/producto\/acido-cianurico\/\" \/>\n<meta property=\"og:site_name\" content=\"rawchemicalmart.com\" \/>\n<meta property=\"article:modified_time\" content=\"2025-06-07T01:13:33+00:00\" \/>\n<meta property=\"og:image\" content=\"https:\/\/rawchemicalmart.com\/wp-content\/uploads\/2025\/05\/cyanuric-acide_1.png\" \/>\n\t<meta property=\"og:image:width\" content=\"800\" \/>\n\t<meta property=\"og:image:height\" content=\"800\" \/>\n\t<meta property=\"og:image:type\" content=\"image\/png\" \/>\n<meta name=\"twitter:card\" content=\"summary_large_image\" \/>\n<meta name=\"twitter:label1\" content=\"Tiempo de lectura\" \/>\n\t<meta name=\"twitter:data1\" content=\"2 minutos\" \/>\n<script type=\"application\/ld+json\" class=\"yoast-schema-graph\">{\"@context\":\"https:\\\/\\\/schema.org\",\"@graph\":[{\"@type\":\"WebPage\",\"@id\":\"https:\\\/\\\/rawchemicalmart.com\\\/product\\\/cyanuric-acid\\\/\",\"url\":\"https:\\\/\\\/rawchemicalmart.com\\\/product\\\/cyanuric-acid\\\/\",\"name\":\"Cyanuric Acid - rawchemicalmart.com\",\"isPartOf\":{\"@id\":\"https:\\\/\\\/rawchemicalmart.com\\\/#website\"},\"primaryImageOfPage\":{\"@id\":\"https:\\\/\\\/rawchemicalmart.com\\\/product\\\/cyanuric-acid\\\/#primaryimage\"},\"image\":{\"@id\":\"https:\\\/\\\/rawchemicalmart.com\\\/product\\\/cyanuric-acid\\\/#primaryimage\"},\"thumbnailUrl\":\"https:\\\/\\\/rawchemicalmart.com\\\/wp-content\\\/uploads\\\/2025\\\/05\\\/cyanuric-acide_1.png\",\"datePublished\":\"2025-05-24T00:17:05+00:00\",\"dateModified\":\"2025-06-07T01:13:33+00:00\",\"breadcrumb\":{\"@id\":\"https:\\\/\\\/rawchemicalmart.com\\\/product\\\/cyanuric-acid\\\/#breadcrumb\"},\"inLanguage\":\"es\",\"potentialAction\":[{\"@type\":\"ReadAction\",\"target\":[\"https:\\\/\\\/rawchemicalmart.com\\\/product\\\/cyanuric-acid\\\/\"]}]},{\"@type\":\"ImageObject\",\"inLanguage\":\"es\",\"@id\":\"https:\\\/\\\/rawchemicalmart.com\\\/product\\\/cyanuric-acid\\\/#primaryimage\",\"url\":\"https:\\\/\\\/rawchemicalmart.com\\\/wp-content\\\/uploads\\\/2025\\\/05\\\/cyanuric-acide_1.png\",\"contentUrl\":\"https:\\\/\\\/rawchemicalmart.com\\\/wp-content\\\/uploads\\\/2025\\\/05\\\/cyanuric-acide_1.png\",\"width\":800,\"height\":800},{\"@type\":\"BreadcrumbList\",\"@id\":\"https:\\\/\\\/rawchemicalmart.com\\\/product\\\/cyanuric-acid\\\/#breadcrumb\",\"itemListElement\":[{\"@type\":\"ListItem\",\"position\":1,\"name\":\"Home\",\"item\":\"https:\\\/\\\/rawchemicalmart.com\\\/\"},{\"@type\":\"ListItem\",\"position\":2,\"name\":\"Products\",\"item\":\"https:\\\/\\\/rawchemicalmart.com\\\/shop\\\/\"},{\"@type\":\"ListItem\",\"position\":3,\"name\":\"Cyanuric Acid\"}]},{\"@type\":\"WebSite\",\"@id\":\"https:\\\/\\\/rawchemicalmart.com\\\/#website\",\"url\":\"https:\\\/\\\/rawchemicalmart.com\\\/\",\"name\":\"rawchemicalmart.com\",\"description\":\"Leading Raw Chemicals Supplier\",\"potentialAction\":[{\"@type\":\"SearchAction\",\"target\":{\"@type\":\"EntryPoint\",\"urlTemplate\":\"https:\\\/\\\/rawchemicalmart.com\\\/?s={search_term_string}\"},\"query-input\":{\"@type\":\"PropertyValueSpecification\",\"valueRequired\":true,\"valueName\":\"search_term_string\"}}],\"inLanguage\":\"es\"}]}<\/script>\n<!-- \/ Yoast SEO plugin. -->","yoast_head_json":{"title":"\u00c1cido cian\u00farico - rawchemicalmart.com","robots":{"index":"index","follow":"follow","max-snippet":"max-snippet:-1","max-image-preview":"max-image-preview:large","max-video-preview":"max-video-preview:-1"},"canonical":"https:\/\/rawchemicalmart.com\/es\/producto\/acido-cianurico\/","og_locale":"es_ES","og_type":"article","og_title":"Cyanuric Acid - rawchemicalmart.com","og_description":"Cyanuric Acid is a triazine derivative widely used in the chemical, textile, and water treatment industries. It is known for its stability and ability to form complexes with various compounds. Cyanuric acid is also used as a stabilizer for chlorine in swimming pools and has applications in the manufacturing of herbicides and resins. Chemical Formula: C\u2083H\u2083N\u2083O\u2083 Molecular Weight: 129.09 g\/mol CAS Number: 108-80-5","og_url":"https:\/\/rawchemicalmart.com\/es\/producto\/acido-cianurico\/","og_site_name":"rawchemicalmart.com","article_modified_time":"2025-06-07T01:13:33+00:00","og_image":[{"width":800,"height":800,"url":"https:\/\/rawchemicalmart.com\/wp-content\/uploads\/2025\/05\/cyanuric-acide_1.png","type":"image\/png"}],"twitter_card":"summary_large_image","twitter_misc":{"Tiempo de lectura":"2 minutos"},"schema":{"@context":"https:\/\/schema.org","@graph":[{"@type":"WebPage","@id":"https:\/\/rawchemicalmart.com\/product\/cyanuric-acid\/","url":"https:\/\/rawchemicalmart.com\/product\/cyanuric-acid\/","name":"\u00c1cido cian\u00farico - rawchemicalmart.com","isPartOf":{"@id":"https:\/\/rawchemicalmart.com\/#website"},"primaryImageOfPage":{"@id":"https:\/\/rawchemicalmart.com\/product\/cyanuric-acid\/#primaryimage"},"image":{"@id":"https:\/\/rawchemicalmart.com\/product\/cyanuric-acid\/#primaryimage"},"thumbnailUrl":"https:\/\/rawchemicalmart.com\/wp-content\/uploads\/2025\/05\/cyanuric-acide_1.png","datePublished":"2025-05-24T00:17:05+00:00","dateModified":"2025-06-07T01:13:33+00:00","breadcrumb":{"@id":"https:\/\/rawchemicalmart.com\/product\/cyanuric-acid\/#breadcrumb"},"inLanguage":"es","potentialAction":[{"@type":"ReadAction","target":["https:\/\/rawchemicalmart.com\/product\/cyanuric-acid\/"]}]},{"@type":"ImageObject","inLanguage":"es","@id":"https:\/\/rawchemicalmart.com\/product\/cyanuric-acid\/#primaryimage","url":"https:\/\/rawchemicalmart.com\/wp-content\/uploads\/2025\/05\/cyanuric-acide_1.png","contentUrl":"https:\/\/rawchemicalmart.com\/wp-content\/uploads\/2025\/05\/cyanuric-acide_1.png","width":800,"height":800},{"@type":"BreadcrumbList","@id":"https:\/\/rawchemicalmart.com\/product\/cyanuric-acid\/#breadcrumb","itemListElement":[{"@type":"ListItem","position":1,"name":"Home","item":"https:\/\/rawchemicalmart.com\/"},{"@type":"ListItem","position":2,"name":"Products","item":"https:\/\/rawchemicalmart.com\/shop\/"},{"@type":"ListItem","position":3,"name":"Cyanuric Acid"}]},{"@type":"WebSite","@id":"https:\/\/rawchemicalmart.com\/#website","url":"https:\/\/rawchemicalmart.com\/","name":"rawchemicalmart.com","description":"Proveedor l\u00edder de productos qu\u00edmicos b\u00e1sicos","potentialAction":[{"@type":"SearchAction","target":{"@type":"EntryPoint","urlTemplate":"https:\/\/rawchemicalmart.com\/?s={search_term_string}"},"query-input":{"@type":"PropertyValueSpecification","valueRequired":true,"valueName":"search_term_string"}}],"inLanguage":"es"}]}},"_links":{"self":[{"href":"https:\/\/rawchemicalmart.com\/es\/wp-json\/wp\/v2\/product\/11607","targetHints":{"allow":["GET"]}}],"collection":[{"href":"https:\/\/rawchemicalmart.com\/es\/wp-json\/wp\/v2\/product"}],"about":[{"href":"https:\/\/rawchemicalmart.com\/es\/wp-json\/wp\/v2\/types\/product"}],"wp:featuredmedia":[{"embeddable":true,"href":"https:\/\/rawchemicalmart.com\/es\/wp-json\/wp\/v2\/media\/11153"}],"wp:attachment":[{"href":"https:\/\/rawchemicalmart.com\/es\/wp-json\/wp\/v2\/media?parent=11607"}],"wp:term":[{"taxonomy":"product_brand","embeddable":true,"href":"https:\/\/rawchemicalmart.com\/es\/wp-json\/wp\/v2\/product_brand?post=11607"},{"taxonomy":"product_cat","embeddable":true,"href":"https:\/\/rawchemicalmart.com\/es\/wp-json\/wp\/v2\/product_cat?post=11607"},{"taxonomy":"product_tag","embeddable":true,"href":"https:\/\/rawchemicalmart.com\/es\/wp-json\/wp\/v2\/product_tag?post=11607"}],"curies":[{"name":"wp","href":"https:\/\/api.w.org\/{rel}","templated":true}]}}