{"id":11372,"date":"2025-05-18T02:30:40","date_gmt":"2025-05-18T02:30:40","guid":{"rendered":"https:\/\/rawchemicalmart.com\/?page_id=11372"},"modified":"2025-05-24T02:19:57","modified_gmt":"2025-05-24T02:19:57","slug":"productos","status":"publish","type":"page","link":"https:\/\/rawchemicalmart.com\/es\/productos\/","title":{"rendered":"Productos"},"content":{"rendered":"<div data-elementor-type=\"wp-page\" data-elementor-id=\"11372\" class=\"elementor elementor-11372\" data-elementor-post-type=\"page\">\n\t\t\t\t<div data-particle_enable=\"false\" data-particle-mobile-disabled=\"false\" class=\"elementor-element elementor-element-60b32c3 e-flex e-con-boxed e-con e-parent\" data-id=\"60b32c3\" data-element_type=\"container\" data-e-type=\"container\">\n\t\t\t\t\t<div class=\"e-con-inner\">\n\t\t\t\t<div class=\"elementor-element elementor-element-6d48bfb elementor-widget elementor-widget-shortcode\" data-id=\"6d48bfb\" data-element_type=\"widget\" data-e-type=\"widget\" data-widget_type=\"shortcode.default\">\n\t\t\t\t<div class=\"elementor-widget-container\">\n\t\t\t\t\t\t\t<div class=\"elementor-shortcode\"><div class=\"products-by-category\"><h2 class=\"category-title\"><a href=\"https:\/\/rawchemicalmart.com\/es\/productos\/alcohol-polivinilico-pva\/\">Alcohol polivin\u00edlico (PVA)<\/a><\/h2><div class=\"category-products\"><div class=\"product-item\"><a href=\"https:\/\/rawchemicalmart.com\/es\/producto\/alcohol-polivinilico-pva-26-99-de-alta-viscosidad-totalmente-hidrolizado\/\"><div class=\"product-title\">Alcohol polivin\u00edlico (PVA) 26-99 \/ 2699<\/div><\/a><\/div><div class=\"product-item\"><a href=\"https:\/\/rawchemicalmart.com\/es\/producto\/polyvinyl-alcohol-pva-26-88-ultra-high-viscosity\/\"><div class=\"product-title\">Alcohol polivin\u00edlico (PVA) 26-88 \/ 2688<\/div><\/a><\/div><div class=\"product-item\"><a href=\"https:\/\/rawchemicalmart.com\/es\/producto\/polyvinyl-alcohol-pva-20-88-medium-viscosity\/\"><div class=\"product-title\">Alcohol polivin\u00edlico (PVA) 20-88 \/ 2088<\/div><\/a><\/div><div class=\"product-item\"><a href=\"https:\/\/rawchemicalmart.com\/es\/producto\/alcohol-polivinilico-pva-17-99-totalmente-hidrolizado\/\"><div class=\"product-title\">Alcohol polivin\u00edlico (PVA) 17-99 \/ 100-27<\/div><\/a><\/div><div class=\"product-item\"><a href=\"https:\/\/rawchemicalmart.com\/es\/producto\/alcohol-polivinilico-pva-05-88-de-baja-viscosidad\/\"><div class=\"product-title\">Alcohol polivin\u00edlico (PVA) 05-88 \/ 0588<\/div><\/a><\/div><div class=\"product-item\"><a href=\"https:\/\/rawchemicalmart.com\/es\/producto\/alcohol-polivinilico-pva-05-99-totalmente-hidrolizado\/\"><div class=\"product-title\">Alcohol polivin\u00edlico (PVA) 05-99 \/ 098-05<\/div><\/a><\/div><div class=\"product-item\"><a href=\"https:\/\/rawchemicalmart.com\/es\/producto\/alcohol-polivinilico-pva-2488\/\"><div class=\"product-title\">Alcohol polivin\u00edlico (PVA) 24-88<\/div><\/a><\/div><div class=\"product-item\"><a href=\"https:\/\/rawchemicalmart.com\/es\/producto\/alcohol-polivinilico-pva-1788\/\"><div class=\"product-title\">Alcohol polivin\u00edlico (PVA) 17-88 \/ PVA 088-20<\/div><\/a><\/div><div class=\"product-item\"><a href=\"https:\/\/rawchemicalmart.com\/es\/producto\/alcohol-polivinilico-de-tilamon\/\"><div class=\"product-title\">Alcohol polivin\u00edlico Tilamon<\/div><\/a><\/div><div class=\"product-item\"><a href=\"https:\/\/rawchemicalmart.com\/es\/producto\/alcohol-polivinilico-de-marcas-de-primera-categoria\/\"><div class=\"product-title\">Marcas de primer nivel Alcohol polivin\u00edlico<\/div><\/a><\/div><\/div><h2 class=\"category-title\"><a href=\"https:\/\/rawchemicalmart.com\/es\/productos\/dioxido-de-titanio\/\">di\u00f3xido de titanio<\/a><\/h2><div class=\"category-products\"><div class=\"product-item\"><a href=\"https:\/\/rawchemicalmart.com\/es\/producto\/first-tiers-titanium-dioxde-in-chinese-market\/\"><div class=\"product-title\">Di\u00f3xido de titanio de primera calidad en el mercado chino<\/div><\/a><\/div><div class=\"product-item\"><a href=\"https:\/\/rawchemicalmart.com\/es\/producto\/serie-de-dioxido-de-titanio-lomon-miles-de-millones\/\"><div class=\"product-title\">Serie de di\u00f3xido de titanio Lomon Billions<\/div><\/a><\/div><div class=\"product-item\"><a href=\"https:\/\/rawchemicalmart.com\/es\/producto\/serie-de-dioxido-de-titanio-tilamon\/\"><div class=\"product-title\">Serie de di\u00f3xido de titanio Tilamon<\/div><\/a><\/div><\/div><h2 class=\"category-title\"><a href=\"https:\/\/rawchemicalmart.com\/es\/productos\/pigmento-de-oxido-de-hierro\/\">Pigmento de \u00f3xido de hierro<\/a><\/h2><div class=\"category-products\"><div class=\"product-item\"><a href=\"https:\/\/rawchemicalmart.com\/es\/producto\/oxido-de-hierro-rojo\/\"><div class=\"product-title\">\u00d3xido de hierro rojo<\/div><\/a><\/div><\/div><h2 class=\"category-title\"><a href=\"https:\/\/rawchemicalmart.com\/es\/productos\/resina-epoxidica\/\">Resina epox\u00eddica<\/a><\/h2><div class=\"category-products\"><div class=\"product-item\"><a href=\"https:\/\/rawchemicalmart.com\/es\/producto\/resina-epoxi-npel-128\/\"><div class=\"product-title\">Resina epoxi NPEL-128<\/div><\/a><\/div><\/div><h2 class=\"category-title\"><a href=\"https:\/\/rawchemicalmart.com\/es\/productos\/negro-carbon\/\">Negro carb\u00f3n<\/a><\/h2><div class=\"category-products\"><div class=\"product-item\"><a href=\"https:\/\/rawchemicalmart.com\/es\/producto\/negro-carbon\/\"><div class=\"product-title\">Negro de humo industrial para caucho (N220, N330, N550, N660)<\/div><\/a><\/div><\/div><h2 class=\"category-title\"><a href=\"https:\/\/rawchemicalmart.com\/es\/productos\/construccion\/\">Construcci\u00f3n<\/a><\/h2><div class=\"category-products\"><div class=\"product-item\"><a href=\"https:\/\/rawchemicalmart.com\/es\/producto\/hidroxipropilmetilcelulosa-hpmc\/\"><div class=\"product-title\">Hidroxipropilmetilcelulosa (HPMC)<\/div><\/a><\/div><div class=\"product-item\"><a href=\"https:\/\/rawchemicalmart.com\/es\/producto\/polvo-de-polimero-redispersable\/\"><div class=\"product-title\">Fabricante de polvo de pol\u00edmero redispersable de primera calidad (RDP\/VAE)<\/div><\/a><\/div><\/div><h2 class=\"category-title\"><a href=\"https:\/\/rawchemicalmart.com\/es\/productos\/campos-petroliferos\/\">Yacimientos petrol\u00edferos<\/a><\/h2><div class=\"category-products\"><div class=\"product-item\"><a href=\"https:\/\/rawchemicalmart.com\/es\/producto\/goma-xantana\/\"><div class=\"product-title\">goma xantana<\/div><\/a><\/div><div class=\"product-item\"><a href=\"https:\/\/rawchemicalmart.com\/es\/producto\/citric-acid\/\"><div class=\"product-title\">\u00c1cido c\u00edtrico<\/div><\/a><\/div><div class=\"product-item\"><a href=\"https:\/\/rawchemicalmart.com\/es\/producto\/carboximetilcelulosa-cmc\/\"><div class=\"product-title\">Carboximetilcelulosa CMC<\/div><\/a><\/div><div class=\"product-item\"><a href=\"https:\/\/rawchemicalmart.com\/es\/producto\/acido-benzoico\/\"><div class=\"product-title\">\u00c1cido benzoico<\/div><\/a><\/div><\/div><h2 class=\"category-title\"><a href=\"https:\/\/rawchemicalmart.com\/es\/productos\/tratamiento-del-agua\/\">Tratamiento de agua<\/a><\/h2><div class=\"category-products\"><div class=\"product-item\"><a href=\"https:\/\/rawchemicalmart.com\/es\/producto\/trichloroisocyanuric-acid\/\"><div class=\"product-title\">\u00c1cido tricloroisocian\u00farico<\/div><\/a><\/div><div class=\"product-item\"><a href=\"https:\/\/rawchemicalmart.com\/es\/producto\/dicloroisocianurato-de-sodio\/\"><div class=\"product-title\">dicloroisocianurato de sodio<\/div><\/a><\/div><div class=\"product-item\"><a href=\"https:\/\/rawchemicalmart.com\/es\/producto\/edta-4na\/\"><div class=\"product-title\">EDTA-4Na<\/div><\/a><\/div><div class=\"product-item\"><a href=\"https:\/\/rawchemicalmart.com\/es\/producto\/edta-2na\/\"><div class=\"product-title\">EDTA-2Na<\/div><\/a><\/div><div class=\"product-item\"><a href=\"https:\/\/rawchemicalmart.com\/es\/producto\/acido-cianurico\/\"><div class=\"product-title\">\u00c1cido cian\u00farico<\/div><\/a><\/div><\/div><h2 class=\"category-title\"><a href=\"https:\/\/rawchemicalmart.com\/es\/productos\/productos-quimicos-finos\/\">Productos qu\u00edmicos finos<\/a><\/h2><div class=\"category-products\"><div class=\"product-item\"><a href=\"https:\/\/rawchemicalmart.com\/es\/producto\/sodium-dicarbonate\/\"><div class=\"product-title\">Dicarbonato de sodio<\/div><\/a><\/div><div class=\"product-item\"><a href=\"https:\/\/rawchemicalmart.com\/es\/producto\/propylene-glycol\/\"><div class=\"product-title\">Propilenglicol<\/div><\/a><\/div><div class=\"product-item\"><a href=\"https:\/\/rawchemicalmart.com\/es\/producto\/cianurato-de-melamina\/\"><div class=\"product-title\">cianurato de melamina<\/div><\/a><\/div><div class=\"product-item\"><a href=\"https:\/\/rawchemicalmart.com\/es\/producto\/acido-adipico\/\"><div class=\"product-title\">\u00c1cido ad\u00edpico<\/div><\/a><\/div><\/div><\/div><\/div>\n\t\t\t\t\t\t<\/div>\n\t\t\t\t<\/div>\n\t\t\t\t\t<\/div>\n\t\t\t\t<\/div>\n\t\t\t\t<\/div>","protected":false},"excerpt":{"rendered":"<p class=\"tmnf_excerpt\"><\/p>","protected":false},"author":1,"featured_media":0,"parent":0,"menu_order":0,"comment_status":"closed","ping_status":"closed","template":"","meta":{"_acf_changed":false,"footnotes":""},"class_list":["post-11372","page","type-page","status-publish","hentry"],"acf":[],"yoast_head":"<!-- This site is optimized with the Yoast SEO plugin v27.4 - https:\/\/yoast.com\/product\/yoast-seo-wordpress\/ -->\n<title>Products - rawchemicalmart.com<\/title>\n<meta name=\"robots\" content=\"index, follow, max-snippet:-1, max-image-preview:large, max-video-preview:-1\" \/>\n<link rel=\"canonical\" href=\"https:\/\/rawchemicalmart.com\/es\/productos\/\" \/>\n<meta property=\"og:locale\" content=\"es_ES\" \/>\n<meta property=\"og:type\" content=\"article\" \/>\n<meta property=\"og:title\" content=\"Products - rawchemicalmart.com\" \/>\n<meta property=\"og:url\" content=\"https:\/\/rawchemicalmart.com\/es\/productos\/\" \/>\n<meta property=\"og:site_name\" content=\"rawchemicalmart.com\" \/>\n<meta property=\"article:modified_time\" content=\"2025-05-24T02:19:57+00:00\" \/>\n<meta name=\"twitter:card\" content=\"summary_large_image\" \/>\n<script type=\"application\/ld+json\" class=\"yoast-schema-graph\">{\"@context\":\"https:\\\/\\\/schema.org\",\"@graph\":[{\"@type\":\"WebPage\",\"@id\":\"https:\\\/\\\/rawchemicalmart.com\\\/products\\\/\",\"url\":\"https:\\\/\\\/rawchemicalmart.com\\\/products\\\/\",\"name\":\"Products - rawchemicalmart.com\",\"isPartOf\":{\"@id\":\"https:\\\/\\\/rawchemicalmart.com\\\/#website\"},\"datePublished\":\"2025-05-18T02:30:40+00:00\",\"dateModified\":\"2025-05-24T02:19:57+00:00\",\"breadcrumb\":{\"@id\":\"https:\\\/\\\/rawchemicalmart.com\\\/products\\\/#breadcrumb\"},\"inLanguage\":\"es\",\"potentialAction\":[{\"@type\":\"ReadAction\",\"target\":[\"https:\\\/\\\/rawchemicalmart.com\\\/products\\\/\"]}]},{\"@type\":\"BreadcrumbList\",\"@id\":\"https:\\\/\\\/rawchemicalmart.com\\\/products\\\/#breadcrumb\",\"itemListElement\":[{\"@type\":\"ListItem\",\"position\":1,\"name\":\"Home\",\"item\":\"https:\\\/\\\/rawchemicalmart.com\\\/\"},{\"@type\":\"ListItem\",\"position\":2,\"name\":\"Products\"}]},{\"@type\":\"WebSite\",\"@id\":\"https:\\\/\\\/rawchemicalmart.com\\\/#website\",\"url\":\"https:\\\/\\\/rawchemicalmart.com\\\/\",\"name\":\"rawchemicalmart.com\",\"description\":\"Leading Raw Chemicals Supplier\",\"potentialAction\":[{\"@type\":\"SearchAction\",\"target\":{\"@type\":\"EntryPoint\",\"urlTemplate\":\"https:\\\/\\\/rawchemicalmart.com\\\/?s={search_term_string}\"},\"query-input\":{\"@type\":\"PropertyValueSpecification\",\"valueRequired\":true,\"valueName\":\"search_term_string\"}}],\"inLanguage\":\"es\"}]}<\/script>\n<!-- \/ Yoast SEO plugin. -->","yoast_head_json":{"title":"Productos - rawchemicalmart.com","robots":{"index":"index","follow":"follow","max-snippet":"max-snippet:-1","max-image-preview":"max-image-preview:large","max-video-preview":"max-video-preview:-1"},"canonical":"https:\/\/rawchemicalmart.com\/es\/productos\/","og_locale":"es_ES","og_type":"article","og_title":"Products - rawchemicalmart.com","og_url":"https:\/\/rawchemicalmart.com\/es\/productos\/","og_site_name":"rawchemicalmart.com","article_modified_time":"2025-05-24T02:19:57+00:00","twitter_card":"summary_large_image","schema":{"@context":"https:\/\/schema.org","@graph":[{"@type":"WebPage","@id":"https:\/\/rawchemicalmart.com\/products\/","url":"https:\/\/rawchemicalmart.com\/products\/","name":"Productos - rawchemicalmart.com","isPartOf":{"@id":"https:\/\/rawchemicalmart.com\/#website"},"datePublished":"2025-05-18T02:30:40+00:00","dateModified":"2025-05-24T02:19:57+00:00","breadcrumb":{"@id":"https:\/\/rawchemicalmart.com\/products\/#breadcrumb"},"inLanguage":"es","potentialAction":[{"@type":"ReadAction","target":["https:\/\/rawchemicalmart.com\/products\/"]}]},{"@type":"BreadcrumbList","@id":"https:\/\/rawchemicalmart.com\/products\/#breadcrumb","itemListElement":[{"@type":"ListItem","position":1,"name":"Home","item":"https:\/\/rawchemicalmart.com\/"},{"@type":"ListItem","position":2,"name":"Products"}]},{"@type":"WebSite","@id":"https:\/\/rawchemicalmart.com\/#website","url":"https:\/\/rawchemicalmart.com\/","name":"rawchemicalmart.com","description":"Proveedor l\u00edder de productos qu\u00edmicos b\u00e1sicos","potentialAction":[{"@type":"SearchAction","target":{"@type":"EntryPoint","urlTemplate":"https:\/\/rawchemicalmart.com\/?s={search_term_string}"},"query-input":{"@type":"PropertyValueSpecification","valueRequired":true,"valueName":"search_term_string"}}],"inLanguage":"es"}]}},"_links":{"self":[{"href":"https:\/\/rawchemicalmart.com\/es\/wp-json\/wp\/v2\/pages\/11372","targetHints":{"allow":["GET"]}}],"collection":[{"href":"https:\/\/rawchemicalmart.com\/es\/wp-json\/wp\/v2\/pages"}],"about":[{"href":"https:\/\/rawchemicalmart.com\/es\/wp-json\/wp\/v2\/types\/page"}],"author":[{"embeddable":true,"href":"https:\/\/rawchemicalmart.com\/es\/wp-json\/wp\/v2\/users\/1"}],"replies":[{"embeddable":true,"href":"https:\/\/rawchemicalmart.com\/es\/wp-json\/wp\/v2\/comments?post=11372"}],"version-history":[{"count":6,"href":"https:\/\/rawchemicalmart.com\/es\/wp-json\/wp\/v2\/pages\/11372\/revisions"}],"predecessor-version":[{"id":11639,"href":"https:\/\/rawchemicalmart.com\/es\/wp-json\/wp\/v2\/pages\/11372\/revisions\/11639"}],"wp:attachment":[{"href":"https:\/\/rawchemicalmart.com\/es\/wp-json\/wp\/v2\/media?parent=11372"}],"curies":[{"name":"wp","href":"https:\/\/api.w.org\/{rel}","templated":true}]}}